{"id":409559,"date":"2024-10-16T15:40:17","date_gmt":"2024-10-16T13:40:17","guid":{"rendered":"https:\/\/www.vdhurk.nl\/?page_id=409559"},"modified":"2024-10-16T15:40:17","modified_gmt":"2024-10-16T13:40:17","slug":"mercedes-10","status":"publish","type":"page","link":"https:\/\/www.vdhurk.nl\/es\/renault-bedrijfswagens\/kangoo\/","title":{"rendered":"Renault Kangoo"},"content":{"rendered":"<section  class='av_textblock_section av-lu8gnh7d-4ac895489941e586c1d7c8cb72318135'  itemscope=\"itemscope\" itemtype=\"https:\/\/schema.org\/CreativeWork\" ><div class='avia_textblock'  itemprop=\"text\" ><h1>Renault Kangoo ocasi\u00f3n: su veh\u00edculo comercial perfecto<\/h1>\n<p>\u00bfBuscas un veh\u00edculo comercial fiable y polivalente? Entonces echa un vistazo al Renault Kangoo de ocasi\u00f3n. Es el veh\u00edculo perfecto para cualquier empresa, gracias a las numerosas versiones y especificaciones que puedes adaptar a tus necesidades. \u00bfTe gusta? Sigue leyendo r\u00e1pidamente y descubre si la Kangoo es exactamente lo que necesitas.<\/p>\n<\/div><\/section>\n\n<style type=\"text\/css\" data-created_by=\"avia_inline_auto\" id=\"style-css-av-lujjddpd-afa3d7a9eabd61123e643ed1228e781e\">\n#top .hr.hr-invisible.av-lujjddpd-afa3d7a9eabd61123e643ed1228e781e{\nheight:50px;\n}\n<\/style>\n<div  class='hr av-lujjddpd-afa3d7a9eabd61123e643ed1228e781e hr-invisible  avia-builder-el-1  el_after_av_textblock  el_before_av_codeblock'><span class='hr-inner'><span class=\"hr-inner-style\"><\/span><\/span><\/div>\n\n\n<style type=\"text\/css\" data-created_by=\"avia_inline_auto\" id=\"style-css-av-ah0xd-63338d9dc6b40410e22a712829c369d6\">\n#top .hr.hr-invisible.av-ah0xd-63338d9dc6b40410e22a712829c369d6{\nheight:50px;\n}\n<\/style>\n<div  class='hr av-ah0xd-63338d9dc6b40410e22a712829c369d6 hr-invisible  avia-builder-el-3  el_after_av_codeblock  el_before_av_textblock'><span class='hr-inner'><span class=\"hr-inner-style\"><\/span><\/span><\/div>\n<section  class='av_textblock_section av-lu8gow1e-300853e458ed741bd87d6cb78e55cc7a'  itemscope=\"itemscope\" itemtype=\"https:\/\/schema.org\/CreativeWork\" ><div class='avia_textblock'  itemprop=\"text\" ><h2>Totalmente equipado<\/h2>\n<p>Los modelos Renault Kangoo se han dise\u00f1ado pensando totalmente en las necesidades de tu negocio. Con su parte trasera ancha y sus pasos de rueda ensanchados de forma inteligente, aprovechas al m\u00e1ximo el espacio de carga sin perder nada de espacio. Ideal para transportar grandes cargas. Todo est\u00e1 dispuesto para que siempre puedas acceder f\u00e1cilmente a tus cosas. Este veh\u00edculo no s\u00f3lo es espacioso, sino tambi\u00e9n vers\u00e1til. Sus motores de bajo consumo lo convierten en una opci\u00f3n econ\u00f3mica para el confort diario en los negocios. \u00bfY comodidad? Tambi\u00e9n en eso acierta. La Kangoo cuenta con un interior ergon\u00f3mico que hace que los viajes largos sean mucho m\u00e1s agradables. Y eso no es todo. Con sus pr\u00e1cticos sistemas de asistencia a la conducci\u00f3n, cualquier viaje, corto o largo, es f\u00e1cil y seguro.<\/p>\n<\/div><\/section>\n<div class='flex_column av-f64w1-da126f42b61613402309283c14245a25 av_one_half  avia-builder-el-5  el_after_av_textblock  el_before_av_one_third  first flex_column_div column-top-margin'   ><section  class='av_textblock_section av-lu8gpqre-73cc2c17e6a6497ba6e1b58af22bd9e8'  itemscope=\"itemscope\" itemtype=\"https:\/\/schema.org\/CreativeWork\" ><div class='avia_textblock'  itemprop=\"text\" ><h2>Diferentes versiones<\/h2>\n<p>\u00bfEst\u00e1 pensando en adquirir una Renault Kangoo? Descubra las diferentes versiones que se adaptan perfectamente a su empresa. Dependiendo del a\u00f1o de fabricaci\u00f3n, este veh\u00edculo comercial cuenta con una serie de pr\u00e1cticas especificaciones. \u00bfPrefiere un cambio manual o autom\u00e1tico? Una Kangoo manual ofrece a menudo m\u00e1s placer de conducci\u00f3n y es un poco m\u00e1s econ\u00f3mica, mientras que una autom\u00e1tica es ideal para obtener la m\u00e1xima facilidad de uso y confort.\u00bfTodav\u00eda no has encontrado exactamente lo que buscas? No se preocupe. Nuestra gama cambia regularmente, as\u00ed que tu Renault Kangoo ideal podr\u00eda estar entre ellos ma\u00f1ana. Echa un vistazo a nuestro stock o reg\u00edstrate para el <a href=\"https:\/\/www.vdhurk.nl\/es\/alerta-de-valores\/\">alerta de valores<\/a> y le mantendremos informado. As\u00ed, nunca se perder\u00e1 la combinaci\u00f3n perfecta para su negocio.<\/p>\n<\/div><\/section><\/div><div class='flex_column av-aldk9-ee694297f5c4032981677a02caab84d6 av_one_third  avia-builder-el-7  el_after_av_one_half  el_before_av_hr  flex_column_div column-top-margin'   ><style type=\"text\/css\" data-created_by=\"avia_inline_auto\" id=\"style-css-av-l1w9kpsf-4ec3fab772ec7a9adaa33cfc64ff0475\">\n.avia-image-container.av-l1w9kpsf-4ec3fab772ec7a9adaa33cfc64ff0475 .av-image-caption-overlay-center{\ncolor:#ffffff;\n}\n<\/style>\n<div  class='avia-image-container av-l1w9kpsf-4ec3fab772ec7a9adaa33cfc64ff0475 av-styling- avia-align-center  avia-builder-el-8  avia-builder-el-no-sibling'  itemprop=\"image\" itemscope=\"itemscope\" itemtype=\"https:\/\/schema.org\/ImageObject\" ><div class=\"avia-image-container-inner\"><div class=\"avia-image-overlay-wrap\"><img decoding=\"async\" class='wp-image-187 avia-img-lazy-loading-not-187 avia_image' src=\"https:\/\/www.vdhurk.nl\/wp-content\/uploads\/2022\/03\/Voorrad.png\" alt='' title='Stock'  height=\"758\" width=\"1135\"  itemprop=\"thumbnailUrl\" srcset=\"https:\/\/www.vdhurk.nl\/wp-content\/uploads\/2022\/03\/Voorrad.png 1135w, https:\/\/www.vdhurk.nl\/wp-content\/uploads\/2022\/03\/Voorrad-300x200.png 300w, https:\/\/www.vdhurk.nl\/wp-content\/uploads\/2022\/03\/Voorrad-1030x688.png 1030w, https:\/\/www.vdhurk.nl\/wp-content\/uploads\/2022\/03\/Voorrad-768x513.png 768w, https:\/\/www.vdhurk.nl\/wp-content\/uploads\/2022\/03\/Voorrad-18x12.png 18w, https:\/\/www.vdhurk.nl\/wp-content\/uploads\/2022\/03\/Voorrad-705x471.png 705w\" sizes=\"(max-width: 1135px) 100vw, 1135px\" \/><\/div><\/div><\/div><\/div><\/p>\n\n<style type=\"text\/css\" data-created_by=\"avia_inline_auto\" id=\"style-css-av-luqrjpjc-5a23a1fb5f94718ca85316a9df963e2f\">\n#top .hr.hr-invisible.av-luqrjpjc-5a23a1fb5f94718ca85316a9df963e2f{\nheight:50px;\n}\n<\/style>\n<div  class='hr av-luqrjpjc-5a23a1fb5f94718ca85316a9df963e2f hr-invisible  avia-builder-el-9  el_after_av_one_third  el_before_av_textblock'><span class='hr-inner'><span class=\"hr-inner-style\"><\/span><\/span><\/div>\n<section  class='av_textblock_section av-lu8gtjw7-4f3cee9304909518d86d2860d9d582dd'  itemscope=\"itemscope\" itemtype=\"https:\/\/schema.org\/CreativeWork\" ><div class='avia_textblock'  itemprop=\"text\" ><h2>\u00bfEn qu\u00e9 precios hay que pensar?<\/h2>\n<p>El coste de una Renault Kangoo de segunda mano depende de factores como el a\u00f1o de fabricaci\u00f3n, el acabado y las opciones extra. Pero con nuestra oferta cambiante, siempre hay algo que se ajusta a tu presupuesto. Para un Renault Kangoo de ocasi\u00f3n, los precios empiezan a partir de unos 5.000 euros. \u00bfTienes curiosidad por un precio concreto o tienes otras preguntas? Entonces no dudes en ponerte en contacto con nosotros, \u00a1estaremos encantados de ayudarte!<\/p>\n<h2>\u00bfHa pensado en el arrendamiento financiero?<\/h2>\n<p>En Van den Hurk, tienes varias opciones de pago. \u00bfQuieres comprar una Renault Kangoo y pagar el importe de una sola vez? Pues s\u00ed. Pero, \u00bfsab\u00edas que tambi\u00e9n puedes optar por alquilar una Renault Kangoo? En <a href=\"https:\/\/www.vdhurk.nl\/es\/arrendamiento-financiero\/\">arrendamiento financiero<\/a> pagas una cantidad fija al mes y el veh\u00edculo pasa gradualmente a ser de tu propiedad. \u00bfQu\u00e9 le conviene m\u00e1s a su empresa? Tanto si opta por la compra como por el leasing, estaremos encantados de ayudarle. P\u00f3ngase en contacto con nosotros y descubra las posibilidades.<\/p>\n<h2>Explore la gama y encuentre su veh\u00edculo comercial perfecto<\/h2>\n<p>\u00bfQuieres comprar una Renault Kangoo de ocasi\u00f3n o nueva? \u00bfO necesita m\u00e1s informaci\u00f3n? Como concesionario Renault Kangoo, estamos aqu\u00ed para ayudarte a hacer la mejor elecci\u00f3n. Eche un vistazo a nuestra oferta o p\u00f3ngase en contacto con nosotros, \u00a1estaremos encantados de ayudarle!<\/p>\n<\/div><\/section>","protected":false},"excerpt":{"rendered":"","protected":false},"author":3,"featured_media":0,"parent":372057,"menu_order":0,"comment_status":"closed","ping_status":"closed","template":"","meta":{"_acf_changed":false,"_improvement_type_select":"improve_an_existing","_thumb_yes_seoaic":false,"_frame_yes_seoaic":false,"seoaic_generate_description":"","seoaic_improve_instructions_prompt":"","seoaic_rollback_content_improvement":"","seoaic_idea_thumbnail_generator":"","thumbnail_generated":false,"thumbnail_generate_prompt":"","seoaic_article_description":"","footnotes":""},"class_list":["post-409559","page","type-page","status-publish","hentry"],"acf":[],"yoast_head":"<!-- This site is optimized with the Yoast SEO plugin v27.5 - https:\/\/yoast.com\/product\/yoast-seo-wordpress\/ -->\n<title>Renault Kangoo occasion kopen? Bekijk het actuele aanbod.<\/title>\n<meta name=\"description\" content=\"Op zoek naar een Renault Kangoo occasion? Bij Van den Hurk hebben we verschillende uitvoeringen. Bekijk het aanbod en vind jouw perfecte bedrijfswagen,\" \/>\n<meta name=\"robots\" content=\"index, follow, max-snippet:-1, max-image-preview:large, max-video-preview:-1\" \/>\n<link rel=\"canonical\" href=\"https:\/\/www.vdhurk.nl\/es\/vehiculos-comerciales-renault\/mercedes-10\/\" \/>\n<meta property=\"og:locale\" content=\"es_ES\" \/>\n<meta property=\"og:type\" content=\"article\" \/>\n<meta property=\"og:title\" content=\"Renault Kangoo occasion kopen? Bekijk het actuele aanbod.\" \/>\n<meta property=\"og:description\" content=\"Op zoek naar een Renault Kangoo occasion? Bij Van den Hurk hebben we verschillende uitvoeringen. Bekijk het aanbod en vind jouw perfecte bedrijfswagen,\" \/>\n<meta property=\"og:url\" content=\"https:\/\/www.vdhurk.nl\/es\/vehiculos-comerciales-renault\/mercedes-10\/\" \/>\n<meta property=\"og:site_name\" content=\"Van den Hurk Bedrijfswagens\" \/>\n<meta name=\"twitter:card\" content=\"summary_large_image\" \/>\n<meta name=\"twitter:label1\" content=\"Tiempo de lectura\" \/>\n\t<meta name=\"twitter:data1\" content=\"5 minutos\" \/>\n<script type=\"application\/ld+json\" class=\"yoast-schema-graph\">{\"@context\":\"https:\\\/\\\/schema.org\",\"@graph\":[{\"@type\":\"WebPage\",\"@id\":\"https:\\\/\\\/www.vdhurk.nl\\\/renault-bedrijfswagens\\\/kangoo\\\/\",\"url\":\"https:\\\/\\\/www.vdhurk.nl\\\/renault-bedrijfswagens\\\/kangoo\\\/\",\"name\":\"Renault Kangoo occasion kopen? Bekijk het actuele aanbod.\",\"isPartOf\":{\"@id\":\"https:\\\/\\\/www.vdhurk.nl\\\/#website\"},\"datePublished\":\"2024-10-16T13:40:17+00:00\",\"description\":\"Op zoek naar een Renault Kangoo occasion? Bij Van den Hurk hebben we verschillende uitvoeringen. Bekijk het aanbod en vind jouw perfecte bedrijfswagen,\",\"breadcrumb\":{\"@id\":\"https:\\\/\\\/www.vdhurk.nl\\\/renault-bedrijfswagens\\\/kangoo\\\/#breadcrumb\"},\"inLanguage\":\"es\",\"potentialAction\":[{\"@type\":\"ReadAction\",\"target\":[\"https:\\\/\\\/www.vdhurk.nl\\\/renault-bedrijfswagens\\\/kangoo\\\/\"]}]},{\"@type\":\"BreadcrumbList\",\"@id\":\"https:\\\/\\\/www.vdhurk.nl\\\/renault-bedrijfswagens\\\/kangoo\\\/#breadcrumb\",\"itemListElement\":[{\"@type\":\"ListItem\",\"position\":1,\"name\":\"Home\",\"item\":\"https:\\\/\\\/www.vdhurk.nl\\\/home\\\/\"},{\"@type\":\"ListItem\",\"position\":2,\"name\":\"Renault Bedrijfswagens\",\"item\":\"https:\\\/\\\/www.vdhurk.nl\\\/renault-bedrijfswagens\\\/\"},{\"@type\":\"ListItem\",\"position\":3,\"name\":\"Renault Kangoo\"}]},{\"@type\":\"WebSite\",\"@id\":\"https:\\\/\\\/www.vdhurk.nl\\\/#website\",\"url\":\"https:\\\/\\\/www.vdhurk.nl\\\/\",\"name\":\"Van den Hurk Bedrijfswagens\",\"description\":\"Van den Hurk bedrijfswagens Helmond\",\"potentialAction\":[{\"@type\":\"SearchAction\",\"target\":{\"@type\":\"EntryPoint\",\"urlTemplate\":\"https:\\\/\\\/www.vdhurk.nl\\\/?s={search_term_string}\"},\"query-input\":{\"@type\":\"PropertyValueSpecification\",\"valueRequired\":true,\"valueName\":\"search_term_string\"}}],\"inLanguage\":\"es\"}]}<\/script>\n<!-- \/ Yoast SEO plugin. -->","yoast_head_json":{"title":"\u00bfComprando una Renault Kangoo de ocasi\u00f3n? Echa un vistazo a la oferta actual.","description":"\u00bfBuscas un Renault Kangoo de ocasi\u00f3n? En Van den Hurk disponemos de diferentes versiones. Echa un vistazo a la gama y encuentra tu veh\u00edculo comercial perfecto,","robots":{"index":"index","follow":"follow","max-snippet":"max-snippet:-1","max-image-preview":"max-image-preview:large","max-video-preview":"max-video-preview:-1"},"canonical":"https:\/\/www.vdhurk.nl\/es\/vehiculos-comerciales-renault\/mercedes-10\/","og_locale":"es_ES","og_type":"article","og_title":"Renault Kangoo occasion kopen? Bekijk het actuele aanbod.","og_description":"Op zoek naar een Renault Kangoo occasion? Bij Van den Hurk hebben we verschillende uitvoeringen. Bekijk het aanbod en vind jouw perfecte bedrijfswagen,","og_url":"https:\/\/www.vdhurk.nl\/es\/vehiculos-comerciales-renault\/mercedes-10\/","og_site_name":"Van den Hurk Bedrijfswagens","twitter_card":"summary_large_image","twitter_misc":{"Tiempo de lectura":"5 minutos"},"schema":{"@context":"https:\/\/schema.org","@graph":[{"@type":"WebPage","@id":"https:\/\/www.vdhurk.nl\/renault-bedrijfswagens\/kangoo\/","url":"https:\/\/www.vdhurk.nl\/renault-bedrijfswagens\/kangoo\/","name":"\u00bfComprando una Renault Kangoo de ocasi\u00f3n? Echa un vistazo a la oferta actual.","isPartOf":{"@id":"https:\/\/www.vdhurk.nl\/#website"},"datePublished":"2024-10-16T13:40:17+00:00","description":"\u00bfBuscas un Renault Kangoo de ocasi\u00f3n? En Van den Hurk disponemos de diferentes versiones. Echa un vistazo a la gama y encuentra tu veh\u00edculo comercial perfecto,","breadcrumb":{"@id":"https:\/\/www.vdhurk.nl\/renault-bedrijfswagens\/kangoo\/#breadcrumb"},"inLanguage":"es","potentialAction":[{"@type":"ReadAction","target":["https:\/\/www.vdhurk.nl\/renault-bedrijfswagens\/kangoo\/"]}]},{"@type":"BreadcrumbList","@id":"https:\/\/www.vdhurk.nl\/renault-bedrijfswagens\/kangoo\/#breadcrumb","itemListElement":[{"@type":"ListItem","position":1,"name":"Home","item":"https:\/\/www.vdhurk.nl\/home\/"},{"@type":"ListItem","position":2,"name":"Renault Bedrijfswagens","item":"https:\/\/www.vdhurk.nl\/renault-bedrijfswagens\/"},{"@type":"ListItem","position":3,"name":"Renault Kangoo"}]},{"@type":"WebSite","@id":"https:\/\/www.vdhurk.nl\/#website","url":"https:\/\/www.vdhurk.nl\/","name":"Veh\u00edculos comerciales Van den Hurk","description":"Van den Hurk veh\u00edculos comerciales Helmond","potentialAction":[{"@type":"SearchAction","target":{"@type":"EntryPoint","urlTemplate":"https:\/\/www.vdhurk.nl\/?s={search_term_string}"},"query-input":{"@type":"PropertyValueSpecification","valueRequired":true,"valueName":"search_term_string"}}],"inLanguage":"es"}]}},"_links":{"self":[{"href":"https:\/\/www.vdhurk.nl\/es\/wp-json\/wp\/v2\/pages\/409559","targetHints":{"allow":["GET"]}}],"collection":[{"href":"https:\/\/www.vdhurk.nl\/es\/wp-json\/wp\/v2\/pages"}],"about":[{"href":"https:\/\/www.vdhurk.nl\/es\/wp-json\/wp\/v2\/types\/page"}],"author":[{"embeddable":true,"href":"https:\/\/www.vdhurk.nl\/es\/wp-json\/wp\/v2\/users\/3"}],"replies":[{"embeddable":true,"href":"https:\/\/www.vdhurk.nl\/es\/wp-json\/wp\/v2\/comments?post=409559"}],"version-history":[{"count":1,"href":"https:\/\/www.vdhurk.nl\/es\/wp-json\/wp\/v2\/pages\/409559\/revisions"}],"predecessor-version":[{"id":409560,"href":"https:\/\/www.vdhurk.nl\/es\/wp-json\/wp\/v2\/pages\/409559\/revisions\/409560"}],"up":[{"embeddable":true,"href":"https:\/\/www.vdhurk.nl\/es\/wp-json\/wp\/v2\/pages\/372057"}],"wp:attachment":[{"href":"https:\/\/www.vdhurk.nl\/es\/wp-json\/wp\/v2\/media?parent=409559"}],"curies":[{"name":"wp","href":"https:\/\/api.w.org\/{rel}","templated":true}]}}