{"id":409484,"date":"2024-10-16T15:21:36","date_gmt":"2024-10-16T13:21:36","guid":{"rendered":"https:\/\/www.vdhurk.nl\/?page_id=409484"},"modified":"2024-10-16T15:21:36","modified_gmt":"2024-10-16T13:21:36","slug":"mercedes-7","status":"publish","type":"page","link":"https:\/\/www.vdhurk.nl\/es\/renault-bedrijfswagens\/trafic\/","title":{"rendered":"Renault Trafic"},"content":{"rendered":"<section  class='av_textblock_section av-lu8gnh7d-4ac895489941e586c1d7c8cb72318135'  itemscope=\"itemscope\" itemtype=\"https:\/\/schema.org\/CreativeWork\" ><div class='avia_textblock'  itemprop=\"text\" ><h1>\u00bfBuscas un Renault Trafic de ocasi\u00f3n?<\/h1>\n<p>Como empresa, usted aprovecha las oportunidades, especialmente cuando se trata de coches de empresa. L\u00f3gico, porque necesita un coche de empresa que no le falle. Especialmente si lo utiliza a diario, la fiabilidad es esencial. Descubra el Renault Trafic de ocasi\u00f3n y por qu\u00e9 este veh\u00edculo es perfecto para su empresa.<\/p>\n<\/div><\/section>\n\n<style type=\"text\/css\" data-created_by=\"avia_inline_auto\" id=\"style-css-av-lujjddpd-afa3d7a9eabd61123e643ed1228e781e\">\n#top .hr.hr-invisible.av-lujjddpd-afa3d7a9eabd61123e643ed1228e781e{\nheight:50px;\n}\n<\/style>\n<div  class='hr av-lujjddpd-afa3d7a9eabd61123e643ed1228e781e hr-invisible  avia-builder-el-1  el_after_av_textblock  el_before_av_codeblock'><span class='hr-inner'><span class=\"hr-inner-style\"><\/span><\/span><\/div>\n\n\n<style type=\"text\/css\" data-created_by=\"avia_inline_auto\" id=\"style-css-av-ah0xd-63338d9dc6b40410e22a712829c369d6\">\n#top .hr.hr-invisible.av-ah0xd-63338d9dc6b40410e22a712829c369d6{\nheight:50px;\n}\n<\/style>\n<div  class='hr av-ah0xd-63338d9dc6b40410e22a712829c369d6 hr-invisible  avia-builder-el-3  el_after_av_codeblock  el_before_av_textblock'><span class='hr-inner'><span class=\"hr-inner-style\"><\/span><\/span><\/div>\n<section  class='av_textblock_section av-lu8gow1e-300853e458ed741bd87d6cb78e55cc7a'  itemscope=\"itemscope\" itemtype=\"https:\/\/schema.org\/CreativeWork\" ><div class='avia_textblock'  itemprop=\"text\" ><h2>Renault Trafic de ocasi\u00f3n: especificaciones y versiones<\/h2>\n<p>Con el Renault Trafic occasion, tienes muchas opciones de niveles de acabado y te beneficias de especificaciones convenientes. Elige el a\u00f1o de fabricaci\u00f3n que mejor se adapte a tus necesidades y decide si quieres una caja de cambios manual o autom\u00e1tica. Adem\u00e1s, puedes elegir entre varias cilindradas, para que siempre tengas un Trafic que se adapte perfectamente a tus actividades. Tanto si necesitas m\u00e1s espacio de carga como si buscas m\u00e1s confort de conducci\u00f3n, siempre hay una versi\u00f3n que se adapta a tu negocio.<\/p>\n<\/div><\/section>\n<div class='flex_column av-f64w1-da126f42b61613402309283c14245a25 av_one_half  avia-builder-el-5  el_after_av_textblock  el_before_av_one_third  first flex_column_div column-top-margin'   ><section  class='av_textblock_section av-lu8gpqre-73cc2c17e6a6497ba6e1b58af22bd9e8'  itemscope=\"itemscope\" itemtype=\"https:\/\/schema.org\/CreativeWork\" ><div class='avia_textblock'  itemprop=\"text\" ><h2>\u00bfQu\u00e9 ventajas aportan los modelos Renault Trafic?<\/h2>\n<p>Como todos los dem\u00e1s <a href=\"https:\/\/www.vdhurk.nl\/es\/vehiculos-comerciales-renault\/\">veh\u00edculos comerciales de Renault<\/a> un veh\u00edculo fiable. Y eso no es todo. Adem\u00e1s de la fiabilidad, te beneficias de muchas m\u00e1s ventajas. Estaremos encantados de enumerarte las principales:<\/p>\n<ul>\n<li><strong>Comodidad y facilidad de uso:<\/strong> este veh\u00edculo cuenta con un interior inteligentemente dise\u00f1ado que hace que cada viaje sea agradable tanto para el conductor como para el pasajero.<\/li>\n<li><strong>Espacio de carga \u00f3ptimo:<\/strong> No le falta espacio. De hecho, el Trafic tiene mucho espacio con varias opciones de almacenamiento.<\/li>\n<li><strong>Caracter\u00edsticas de seguridad:<\/strong> Por supuesto, la seguridad es lo primero. As\u00ed, este modelo incorpora varios sistemas nuevos de asistencia a la conducci\u00f3n, como ABS, ESP y asistente de frenada de emergencia.<\/li>\n<li><strong>Dise\u00f1o elegante y pr\u00e1ctico:<\/strong> esta furgoneta de empresa es a la vez elegante y funcional. El dise\u00f1o elegante y moderno da a su negocio un aspecto profesional, mientras que la construcci\u00f3n robusta asegura que la furgoneta es adecuada para el uso diario.<\/li>\n<\/ul>\n<p>Con estas ventajas, tendr\u00e1 la seguridad de disponer de un veh\u00edculo de empresa no s\u00f3lo fiable, sino tambi\u00e9n totalmente adaptado a sus necesidades diarias.<\/p>\n<\/div><\/section><\/div><div class='flex_column av-aldk9-ee694297f5c4032981677a02caab84d6 av_one_third  avia-builder-el-7  el_after_av_one_half  el_before_av_hr  flex_column_div column-top-margin'   ><style type=\"text\/css\" data-created_by=\"avia_inline_auto\" id=\"style-css-av-l1w9kpsf-4ec3fab772ec7a9adaa33cfc64ff0475\">\n.avia-image-container.av-l1w9kpsf-4ec3fab772ec7a9adaa33cfc64ff0475 .av-image-caption-overlay-center{\ncolor:#ffffff;\n}\n<\/style>\n<div  class='avia-image-container av-l1w9kpsf-4ec3fab772ec7a9adaa33cfc64ff0475 av-styling- avia-align-center  avia-builder-el-8  avia-builder-el-no-sibling'  itemprop=\"image\" itemscope=\"itemscope\" itemtype=\"https:\/\/schema.org\/ImageObject\" ><div class=\"avia-image-container-inner\"><div class=\"avia-image-overlay-wrap\"><img decoding=\"async\" class='wp-image-187 avia-img-lazy-loading-not-187 avia_image' src=\"https:\/\/www.vdhurk.nl\/wp-content\/uploads\/2022\/03\/Voorrad.png\" alt='' title='Stock'  height=\"758\" width=\"1135\"  itemprop=\"thumbnailUrl\" srcset=\"https:\/\/www.vdhurk.nl\/wp-content\/uploads\/2022\/03\/Voorrad.png 1135w, https:\/\/www.vdhurk.nl\/wp-content\/uploads\/2022\/03\/Voorrad-300x200.png 300w, https:\/\/www.vdhurk.nl\/wp-content\/uploads\/2022\/03\/Voorrad-1030x688.png 1030w, https:\/\/www.vdhurk.nl\/wp-content\/uploads\/2022\/03\/Voorrad-768x513.png 768w, https:\/\/www.vdhurk.nl\/wp-content\/uploads\/2022\/03\/Voorrad-18x12.png 18w, https:\/\/www.vdhurk.nl\/wp-content\/uploads\/2022\/03\/Voorrad-705x471.png 705w\" sizes=\"(max-width: 1135px) 100vw, 1135px\" \/><\/div><\/div><\/div><\/div><\/p>\n\n<style type=\"text\/css\" data-created_by=\"avia_inline_auto\" id=\"style-css-av-luqrjpjc-5a23a1fb5f94718ca85316a9df963e2f\">\n#top .hr.hr-invisible.av-luqrjpjc-5a23a1fb5f94718ca85316a9df963e2f{\nheight:50px;\n}\n<\/style>\n<div  class='hr av-luqrjpjc-5a23a1fb5f94718ca85316a9df963e2f hr-invisible  avia-builder-el-9  el_after_av_one_third  el_before_av_textblock'><span class='hr-inner'><span class=\"hr-inner-style\"><\/span><\/span><\/div>\n<section  class='av_textblock_section av-lu8gtjw7-4f3cee9304909518d86d2860d9d582dd'  itemscope=\"itemscope\" itemtype=\"https:\/\/schema.org\/CreativeWork\" ><div class='avia_textblock'  itemprop=\"text\" ><h2>Comprar un Renault Trafic: \u00bfqu\u00e9 opciones de compra existen?<\/h2>\n<p>\u00bfSab\u00edas que en Van den Hurk tienes varias opciones de pago? \u00bfQuiere pagar su veh\u00edculo industrial de una sola vez? No hay problema. Pero, \u00bfhas pensado tambi\u00e9n en alquilar un Renault Trafic? Es una opci\u00f3n ideal si prefieres no gastar una gran cantidad de dinero de inmediato. En <a href=\"https:\/\/www.vdhurk.nl\/es\/arrendamiento-financiero\/\">arrendamiento financiero<\/a> pagas una cantidad fija al mes, manteniendo tu presupuesto flexible. Y lo mejor: al final del contrato de leasing, te conviertes en propietario del Renault Trafic. As\u00ed, podr\u00e1s conducir tu coche de empresa ideal desde el primer momento, sin tener que hacer una gran inversi\u00f3n de golpe.<\/p>\n<h2>\u00bfEn qu\u00e9 precios hay que pensar?<\/h2>\n<p>Los precios de un Renault Trafic var\u00edan, y con raz\u00f3n. En nuestra oferta actual, encontrar\u00e1 diferentes versiones y a\u00f1os de modelo, lo que da lugar a una amplia gama de precios. Por lo tanto, es dif\u00edcil dar una indicaci\u00f3n de precio est\u00e1ndar. Pero gracias a nuestra oferta cambiante, siempre hay un coche de empresa que se ajusta a su presupuesto. \u00bfTiene curiosidad por los precios o necesita asesoramiento? No dude en ponerse en contacto con nosotros, estaremos encantados de ayudarle.<\/p>\n<h2>Encuentre su coche de empresa perfecto<\/h2>\n<p>\u00bfHa encontrado un Renault Trafic de ocasi\u00f3n o un modelo nuevo que se adapte exactamente a sus necesidades? \u00a1Estupendo! \u00bfTodav\u00eda no has encontrado lo que buscabas? No te preocupes. Reg\u00edstrate en nuestro <a href=\"https:\/\/www.vdhurk.nl\/es\/alerta-de-valores\/\">alerta de valores<\/a> y mant\u00e9ngase f\u00e1cilmente al d\u00eda de la llegada de nuevos veh\u00edculos. As\u00ed, juntos le ayudaremos a encontrar su veh\u00edculo comercial perfecto.<\/p>\n<h2><b>Ver las distintas opciones<\/b><\/h2>\n<p>\u00bfEst\u00e1s convencido de comprar un Citro\u00ebn Jumpy de segunda mano? \u00bfO necesitas m\u00e1s informaci\u00f3n? Estamos listos para responder a todas tus preguntas y ayudarte a tomar la decisi\u00f3n correcta. Contacta con nosotros para m\u00e1s detalles o consulta nuestra gama actual para encontrar tu veh\u00edculo comercial ideal. Comprar un Citro\u00ebn Jumpy nunca ha sido tan f\u00e1cil.<\/p>\n<\/div><\/section>","protected":false},"excerpt":{"rendered":"","protected":false},"author":3,"featured_media":0,"parent":372057,"menu_order":0,"comment_status":"closed","ping_status":"closed","template":"","meta":{"_acf_changed":false,"_improvement_type_select":"improve_an_existing","_thumb_yes_seoaic":false,"_frame_yes_seoaic":false,"seoaic_generate_description":"","seoaic_improve_instructions_prompt":"","seoaic_rollback_content_improvement":"","seoaic_idea_thumbnail_generator":"","thumbnail_generated":false,"thumbnail_generate_prompt":"","seoaic_article_description":"","footnotes":""},"class_list":["post-409484","page","type-page","status-publish","hentry"],"acf":[],"yoast_head":"<!-- This site is optimized with the Yoast SEO plugin v27.3 - https:\/\/yoast.com\/product\/yoast-seo-wordpress\/ -->\n<title>Vind de Renault Trafic occasion die aan jouw wensen voldoet<\/title>\n<meta name=\"description\" content=\"Ben je op zoek naar een betrouwbare Renault Trafic occasion voor jouw zakelijke behoeften? Bekijk ons aanbod en vind de uitvoering die perfect bij jou past.\" \/>\n<meta name=\"robots\" content=\"index, follow, max-snippet:-1, max-image-preview:large, max-video-preview:-1\" \/>\n<link rel=\"canonical\" href=\"https:\/\/www.vdhurk.nl\/es\/vehiculos-comerciales-renault\/mercedes-7\/\" \/>\n<meta property=\"og:locale\" content=\"es_ES\" \/>\n<meta property=\"og:type\" content=\"article\" \/>\n<meta property=\"og:title\" content=\"Vind de Renault Trafic occasion die aan jouw wensen voldoet\" \/>\n<meta property=\"og:description\" content=\"Ben je op zoek naar een betrouwbare Renault Trafic occasion voor jouw zakelijke behoeften? Bekijk ons aanbod en vind de uitvoering die perfect bij jou past.\" \/>\n<meta property=\"og:url\" content=\"https:\/\/www.vdhurk.nl\/es\/vehiculos-comerciales-renault\/mercedes-7\/\" \/>\n<meta property=\"og:site_name\" content=\"Van den Hurk Bedrijfswagens\" \/>\n<meta name=\"twitter:card\" content=\"summary_large_image\" \/>\n<meta name=\"twitter:label1\" content=\"Tiempo de lectura\" \/>\n\t<meta name=\"twitter:data1\" content=\"5 minutos\" \/>\n<script type=\"application\/ld+json\" class=\"yoast-schema-graph\">{\"@context\":\"https:\\\/\\\/schema.org\",\"@graph\":[{\"@type\":\"WebPage\",\"@id\":\"https:\\\/\\\/www.vdhurk.nl\\\/renault-bedrijfswagens\\\/trafic\\\/\",\"url\":\"https:\\\/\\\/www.vdhurk.nl\\\/renault-bedrijfswagens\\\/trafic\\\/\",\"name\":\"Vind de Renault Trafic occasion die aan jouw wensen voldoet\",\"isPartOf\":{\"@id\":\"https:\\\/\\\/www.vdhurk.nl\\\/#website\"},\"datePublished\":\"2024-10-16T13:21:36+00:00\",\"description\":\"Ben je op zoek naar een betrouwbare Renault Trafic occasion voor jouw zakelijke behoeften? Bekijk ons aanbod en vind de uitvoering die perfect bij jou past.\",\"breadcrumb\":{\"@id\":\"https:\\\/\\\/www.vdhurk.nl\\\/renault-bedrijfswagens\\\/trafic\\\/#breadcrumb\"},\"inLanguage\":\"es\",\"potentialAction\":[{\"@type\":\"ReadAction\",\"target\":[\"https:\\\/\\\/www.vdhurk.nl\\\/renault-bedrijfswagens\\\/trafic\\\/\"]}]},{\"@type\":\"BreadcrumbList\",\"@id\":\"https:\\\/\\\/www.vdhurk.nl\\\/renault-bedrijfswagens\\\/trafic\\\/#breadcrumb\",\"itemListElement\":[{\"@type\":\"ListItem\",\"position\":1,\"name\":\"Home\",\"item\":\"https:\\\/\\\/www.vdhurk.nl\\\/home\\\/\"},{\"@type\":\"ListItem\",\"position\":2,\"name\":\"Renault Bedrijfswagens\",\"item\":\"https:\\\/\\\/www.vdhurk.nl\\\/renault-bedrijfswagens\\\/\"},{\"@type\":\"ListItem\",\"position\":3,\"name\":\"Renault Trafic\"}]},{\"@type\":\"WebSite\",\"@id\":\"https:\\\/\\\/www.vdhurk.nl\\\/#website\",\"url\":\"https:\\\/\\\/www.vdhurk.nl\\\/\",\"name\":\"Van den Hurk Bedrijfswagens\",\"description\":\"Van den Hurk bedrijfswagens Helmond\",\"potentialAction\":[{\"@type\":\"SearchAction\",\"target\":{\"@type\":\"EntryPoint\",\"urlTemplate\":\"https:\\\/\\\/www.vdhurk.nl\\\/?s={search_term_string}\"},\"query-input\":{\"@type\":\"PropertyValueSpecification\",\"valueRequired\":true,\"valueName\":\"search_term_string\"}}],\"inLanguage\":\"es\"}]}<\/script>\n<!-- \/ Yoast SEO plugin. -->","yoast_head_json":{"title":"Encuentra el Renault Trafic de ocasi\u00f3n que se adapta a tus necesidades","description":"\u00bfBuscas un Renault Trafic de ocasi\u00f3n fiable para tus necesidades profesionales? Consulta nuestra oferta y encuentra la versi\u00f3n que se adapta perfectamente a ti.","robots":{"index":"index","follow":"follow","max-snippet":"max-snippet:-1","max-image-preview":"max-image-preview:large","max-video-preview":"max-video-preview:-1"},"canonical":"https:\/\/www.vdhurk.nl\/es\/vehiculos-comerciales-renault\/mercedes-7\/","og_locale":"es_ES","og_type":"article","og_title":"Vind de Renault Trafic occasion die aan jouw wensen voldoet","og_description":"Ben je op zoek naar een betrouwbare Renault Trafic occasion voor jouw zakelijke behoeften? Bekijk ons aanbod en vind de uitvoering die perfect bij jou past.","og_url":"https:\/\/www.vdhurk.nl\/es\/vehiculos-comerciales-renault\/mercedes-7\/","og_site_name":"Van den Hurk Bedrijfswagens","twitter_card":"summary_large_image","twitter_misc":{"Tiempo de lectura":"5 minutos"},"schema":{"@context":"https:\/\/schema.org","@graph":[{"@type":"WebPage","@id":"https:\/\/www.vdhurk.nl\/renault-bedrijfswagens\/trafic\/","url":"https:\/\/www.vdhurk.nl\/renault-bedrijfswagens\/trafic\/","name":"Encuentra el Renault Trafic de ocasi\u00f3n que se adapta a tus necesidades","isPartOf":{"@id":"https:\/\/www.vdhurk.nl\/#website"},"datePublished":"2024-10-16T13:21:36+00:00","description":"\u00bfBuscas un Renault Trafic de ocasi\u00f3n fiable para tus necesidades profesionales? Consulta nuestra oferta y encuentra la versi\u00f3n que se adapta perfectamente a ti.","breadcrumb":{"@id":"https:\/\/www.vdhurk.nl\/renault-bedrijfswagens\/trafic\/#breadcrumb"},"inLanguage":"es","potentialAction":[{"@type":"ReadAction","target":["https:\/\/www.vdhurk.nl\/renault-bedrijfswagens\/trafic\/"]}]},{"@type":"BreadcrumbList","@id":"https:\/\/www.vdhurk.nl\/renault-bedrijfswagens\/trafic\/#breadcrumb","itemListElement":[{"@type":"ListItem","position":1,"name":"Home","item":"https:\/\/www.vdhurk.nl\/home\/"},{"@type":"ListItem","position":2,"name":"Renault Bedrijfswagens","item":"https:\/\/www.vdhurk.nl\/renault-bedrijfswagens\/"},{"@type":"ListItem","position":3,"name":"Renault Trafic"}]},{"@type":"WebSite","@id":"https:\/\/www.vdhurk.nl\/#website","url":"https:\/\/www.vdhurk.nl\/","name":"Veh\u00edculos comerciales Van den Hurk","description":"Van den Hurk veh\u00edculos comerciales Helmond","potentialAction":[{"@type":"SearchAction","target":{"@type":"EntryPoint","urlTemplate":"https:\/\/www.vdhurk.nl\/?s={search_term_string}"},"query-input":{"@type":"PropertyValueSpecification","valueRequired":true,"valueName":"search_term_string"}}],"inLanguage":"es"}]}},"_links":{"self":[{"href":"https:\/\/www.vdhurk.nl\/es\/wp-json\/wp\/v2\/pages\/409484","targetHints":{"allow":["GET"]}}],"collection":[{"href":"https:\/\/www.vdhurk.nl\/es\/wp-json\/wp\/v2\/pages"}],"about":[{"href":"https:\/\/www.vdhurk.nl\/es\/wp-json\/wp\/v2\/types\/page"}],"author":[{"embeddable":true,"href":"https:\/\/www.vdhurk.nl\/es\/wp-json\/wp\/v2\/users\/3"}],"replies":[{"embeddable":true,"href":"https:\/\/www.vdhurk.nl\/es\/wp-json\/wp\/v2\/comments?post=409484"}],"version-history":[{"count":2,"href":"https:\/\/www.vdhurk.nl\/es\/wp-json\/wp\/v2\/pages\/409484\/revisions"}],"predecessor-version":[{"id":409558,"href":"https:\/\/www.vdhurk.nl\/es\/wp-json\/wp\/v2\/pages\/409484\/revisions\/409558"}],"up":[{"embeddable":true,"href":"https:\/\/www.vdhurk.nl\/es\/wp-json\/wp\/v2\/pages\/372057"}],"wp:attachment":[{"href":"https:\/\/www.vdhurk.nl\/es\/wp-json\/wp\/v2\/media?parent=409484"}],"curies":[{"name":"wp","href":"https:\/\/api.w.org\/{rel}","templated":true}]}}