{"id":405925,"date":"2024-09-20T11:48:58","date_gmt":"2024-09-20T09:48:58","guid":{"rendered":"https:\/\/www.vdhurk.nl\/?page_id=405925"},"modified":"2024-09-20T11:48:58","modified_gmt":"2024-09-20T09:48:58","slug":"mercedes-6","status":"publish","type":"page","link":"https:\/\/www.vdhurk.nl\/es\/peugeot-bedrijfswagens\/partner\/","title":{"rendered":"Peugeot Partner"},"content":{"rendered":"<section  class='av_textblock_section av-lu8gnh7d-4ac895489941e586c1d7c8cb72318135'  itemscope=\"itemscope\" itemtype=\"https:\/\/schema.org\/CreativeWork\" ><div class='avia_textblock'  itemprop=\"text\" ><h1>\u00bfBuscas un Peugeot Partner de ocasi\u00f3n?<\/h1>\n<p>\u00bfBuscas un nuevo veh\u00edculo comercial? El Peugeot Partner occasion es sin duda una buena elecci\u00f3n. Este veh\u00edculo comercial compacto est\u00e1 repleto de especificaciones \u00fatiles que lo hacen perfecto para cualquier negocio. \u00bfTienes curiosidad por saber qu\u00e9 te ofrece este veh\u00edculo? Sigue leyendo r\u00e1pidamente y descubre todo lo que necesitas saber sobre el Peugeot Partner.<\/p>\n<\/div><\/section>\n\n<style type=\"text\/css\" data-created_by=\"avia_inline_auto\" id=\"style-css-av-lujjddpd-afa3d7a9eabd61123e643ed1228e781e\">\n#top .hr.hr-invisible.av-lujjddpd-afa3d7a9eabd61123e643ed1228e781e{\nheight:50px;\n}\n<\/style>\n<div  class='hr av-lujjddpd-afa3d7a9eabd61123e643ed1228e781e hr-invisible  avia-builder-el-1  el_after_av_textblock  el_before_av_codeblock'><span class='hr-inner'><span class=\"hr-inner-style\"><\/span><\/span><\/div>\n\n\n<style type=\"text\/css\" data-created_by=\"avia_inline_auto\" id=\"style-css-av-ah0xd-63338d9dc6b40410e22a712829c369d6\">\n#top .hr.hr-invisible.av-ah0xd-63338d9dc6b40410e22a712829c369d6{\nheight:50px;\n}\n<\/style>\n<div  class='hr av-ah0xd-63338d9dc6b40410e22a712829c369d6 hr-invisible  avia-builder-el-3  el_after_av_codeblock  el_before_av_textblock'><span class='hr-inner'><span class=\"hr-inner-style\"><\/span><\/span><\/div>\n<section  class='av_textblock_section av-lu8gow1e-300853e458ed741bd87d6cb78e55cc7a'  itemscope=\"itemscope\" itemtype=\"https:\/\/schema.org\/CreativeWork\" ><div class='avia_textblock'  itemprop=\"text\" ><h2>\u00bfQu\u00e9 especificaciones tiene el Peugeot Partner?<\/h2>\n<p>Los veh\u00edculos comerciales Peugeot son fiables y vers\u00e1tiles, y este modelo no es una excepci\u00f3n. Pero, \u00bfqu\u00e9 otras especificaciones tiene el Peugeot Partner? Estaremos encantados de enumer\u00e1rtelas:<\/p>\n<ul>\n<li><strong>Tama\u00f1o compacto<\/strong>: con su tama\u00f1o compacto, este veh\u00edculo comercial se desplaza sin esfuerzo por la ciudad y el ajetreado tr\u00e1fico urbano.<\/li>\n<li><strong>Amplio espacio de carga:<\/strong> Con una gran capacidad de carga, este veh\u00edculo es perfecto para almacenar cosas.<\/li>\n<li><strong>Interior flexible:<\/strong> este modelo ofrece un interior espacioso y ergon\u00f3mico con c\u00f3modos asientos. Ideal si viajas regularmente largas distancias.<\/li>\n<li><strong>Manual y autom\u00e1tico:<\/strong> Puedes elegir entre motores di\u00e9sel con m\u00faltiples opciones de motorizaci\u00f3n y elegir entre una transmisi\u00f3n manual o autom\u00e1tica.<\/li>\n<li><strong>Dispositivos de seguridad<\/strong>no se preocupe por la seguridad. De hecho, este modelo cuenta con m\u00faltiples sistemas de seguridad para que siempre llegues de a a b con seguridad.<\/li>\n<\/ul>\n<p>Con todas estas prestaciones, el Peugeot Partner es el coche de empresa que te permitir\u00e1 circular cada d\u00eda de forma fiable y eficaz.<\/p>\n<\/div><\/section>\n<div class='flex_column av-f64w1-da126f42b61613402309283c14245a25 av_one_half  avia-builder-el-5  el_after_av_textblock  el_before_av_one_third  first flex_column_div column-top-margin'   ><section  class='av_textblock_section av-lu8gpqre-73cc2c17e6a6497ba6e1b58af22bd9e8'  itemscope=\"itemscope\" itemtype=\"https:\/\/schema.org\/CreativeWork\" ><div class='avia_textblock'  itemprop=\"text\" ><h2>Disponible en diferentes versiones<\/h2>\n<p>\u00bfLe has echado el ojo a un Peugeot Partner? Entonces puedes elegir entre diferentes versiones. \u00bfTe decantas por la transmisi\u00f3n manual o prefieres la comodidad de una autom\u00e1tica? No te preocupes, el Partner tiene ambas opciones. En t\u00e9rminos de capacidad de carga, tambi\u00e9n estar\u00e1s bien, ya que hay un mont\u00f3n de opciones para llevar f\u00e1cilmente todas tus cosas. Este modelo te ofrece exactamente la versatilidad que buscas. \u00bfY tu coche de empresa perfecto no est\u00e1 entre ellos ahora mismo? Que no cunda el p\u00e1nico. Nuestra oferta cambia regularmente, por lo que tu Peugeot Partner ideal podr\u00eda estar disponible en cualquier momento. As\u00ed que no pierdas de vista nuestra oferta actual.<\/p>\n<\/div><\/section><\/div><div class='flex_column av-aldk9-ee694297f5c4032981677a02caab84d6 av_one_third  avia-builder-el-7  el_after_av_one_half  el_before_av_hr  flex_column_div column-top-margin'   ><style type=\"text\/css\" data-created_by=\"avia_inline_auto\" id=\"style-css-av-l1w9kpsf-4ec3fab772ec7a9adaa33cfc64ff0475\">\n.avia-image-container.av-l1w9kpsf-4ec3fab772ec7a9adaa33cfc64ff0475 .av-image-caption-overlay-center{\ncolor:#ffffff;\n}\n<\/style>\n<div  class='avia-image-container av-l1w9kpsf-4ec3fab772ec7a9adaa33cfc64ff0475 av-styling- avia-align-center  avia-builder-el-8  avia-builder-el-no-sibling'  itemprop=\"image\" itemscope=\"itemscope\" itemtype=\"https:\/\/schema.org\/ImageObject\" ><div class=\"avia-image-container-inner\"><div class=\"avia-image-overlay-wrap\"><img decoding=\"async\" class='wp-image-187 avia-img-lazy-loading-not-187 avia_image' src=\"https:\/\/www.vdhurk.nl\/wp-content\/uploads\/2022\/03\/Voorrad.png\" alt='' title='Stock'  height=\"758\" width=\"1135\"  itemprop=\"thumbnailUrl\" srcset=\"https:\/\/www.vdhurk.nl\/wp-content\/uploads\/2022\/03\/Voorrad.png 1135w, https:\/\/www.vdhurk.nl\/wp-content\/uploads\/2022\/03\/Voorrad-300x200.png 300w, https:\/\/www.vdhurk.nl\/wp-content\/uploads\/2022\/03\/Voorrad-1030x688.png 1030w, https:\/\/www.vdhurk.nl\/wp-content\/uploads\/2022\/03\/Voorrad-768x513.png 768w, https:\/\/www.vdhurk.nl\/wp-content\/uploads\/2022\/03\/Voorrad-18x12.png 18w, https:\/\/www.vdhurk.nl\/wp-content\/uploads\/2022\/03\/Voorrad-705x471.png 705w\" sizes=\"(max-width: 1135px) 100vw, 1135px\" \/><\/div><\/div><\/div><\/div><\/p>\n\n<style type=\"text\/css\" data-created_by=\"avia_inline_auto\" id=\"style-css-av-luqrjpjc-5a23a1fb5f94718ca85316a9df963e2f\">\n#top .hr.hr-invisible.av-luqrjpjc-5a23a1fb5f94718ca85316a9df963e2f{\nheight:50px;\n}\n<\/style>\n<div  class='hr av-luqrjpjc-5a23a1fb5f94718ca85316a9df963e2f hr-invisible  avia-builder-el-9  el_after_av_one_third  el_before_av_textblock'><span class='hr-inner'><span class=\"hr-inner-style\"><\/span><\/span><\/div>\n<section  class='av_textblock_section av-lu8gtjw7-4f3cee9304909518d86d2860d9d582dd'  itemscope=\"itemscope\" itemtype=\"https:\/\/schema.org\/CreativeWork\" ><div class='avia_textblock'  itemprop=\"text\" ><h2>Comprar un Peugeot Partner usado o nuevo: \u00bfcu\u00e1les son los precios?<\/h2>\n<p>Los precios de un Peugeot Partner var\u00edan, lo cual no es sorprendente. En nuestra gama encontrar\u00e1 tanto modelos sencillos de Peugeot Partner como versiones totalmente equipadas. Debido a que nuestra oferta actual cambia constantemente, no podemos dar una indicaci\u00f3n exacta del precio. Debido a que la oferta cambia constantemente, siempre hay algo en su rango de precios.<\/p>\n<h2>\u00bfLe interesa el arrendamiento financiero?<\/h2>\n<p>\u00bfSab\u00edas que en Van den Hurk tienes varias opciones de pago? \u00bfQuieres comprar un Peugeot Partner ahora mismo? Pues s\u00ed. Pero \u00bfsab\u00edas que <a href=\"https:\/\/www.vdhurk.nl\/es\/arrendamiento-financiero\/\">arrendamiento financiero<\/a> \u00bftambi\u00e9n es posible? Alquilar un Peugeot Partner significa pagar una cantidad fija al mes en lugar de desembolsar una gran suma de una sola vez. El veh\u00edculo se convierte progresivamente en tu propiedad a lo largo del contrato de leasing. \u00bfHa llegado el final del contrato de leasing? \u00a1Enhorabuena! Ya eres el propietario oficial, sin necesidad de realizar una fuerte inversi\u00f3n de una sola vez. En resumen, con el leasing financiero obtienes lo mejor de los dos mundos: un coche de empresa nuevo y una forma de pago asequible.<\/p>\n<h2>Consulta la gama para encontrar tu Peugeot Partner perfecto<\/h2>\n<p>\u00bfEst\u00e1s entusiasmado con la ocasi\u00f3n Peugeot Partner? \u00bfO necesitas m\u00e1s informaci\u00f3n? Como concesionario Peugeot Partner, siempre estamos dispuestos a responder a tus preguntas. Ayudarte a tomar la decisi\u00f3n correcta es importante para nosotros. As\u00ed que echa un vistazo a nuestra oferta actual o ponte en contacto con nosotros para obtener m\u00e1s informaci\u00f3n.<\/p>\n<\/div><\/section>","protected":false},"excerpt":{"rendered":"","protected":false},"author":3,"featured_media":0,"parent":370581,"menu_order":0,"comment_status":"closed","ping_status":"closed","template":"","meta":{"_acf_changed":false,"_improvement_type_select":"improve_an_existing","_thumb_yes_seoaic":false,"_frame_yes_seoaic":false,"seoaic_generate_description":"","seoaic_improve_instructions_prompt":"","seoaic_rollback_content_improvement":"","seoaic_idea_thumbnail_generator":"","thumbnail_generated":false,"thumbnail_generate_prompt":"","seoaic_article_description":"","footnotes":""},"class_list":["post-405925","page","type-page","status-publish","hentry"],"acf":[],"yoast_head":"<!-- This site is optimized with the Yoast SEO plugin v27.5 - https:\/\/yoast.com\/product\/yoast-seo-wordpress\/ -->\n<title>Kies jouw Peugeot Partner occasion | Ontdek de mogelijkheden<\/title>\n<meta name=\"description\" content=\"Overweeg je een Peugeot Partner te kopen? Bekijk het gehele aanbod en vind het voertuig dat helemaal aansluit bij jouw wensen en behoeften.\" \/>\n<meta name=\"robots\" content=\"index, follow, max-snippet:-1, max-image-preview:large, max-video-preview:-1\" \/>\n<link rel=\"canonical\" href=\"https:\/\/www.vdhurk.nl\/es\/vehiculos-comerciales-peugeot\/mercedes-6\/\" \/>\n<meta property=\"og:locale\" content=\"es_ES\" \/>\n<meta property=\"og:type\" content=\"article\" \/>\n<meta property=\"og:title\" content=\"Kies jouw Peugeot Partner occasion | Ontdek de mogelijkheden\" \/>\n<meta property=\"og:description\" content=\"Overweeg je een Peugeot Partner te kopen? Bekijk het gehele aanbod en vind het voertuig dat helemaal aansluit bij jouw wensen en behoeften.\" \/>\n<meta property=\"og:url\" content=\"https:\/\/www.vdhurk.nl\/es\/vehiculos-comerciales-peugeot\/mercedes-6\/\" \/>\n<meta property=\"og:site_name\" content=\"Van den Hurk Bedrijfswagens\" \/>\n<meta name=\"twitter:card\" content=\"summary_large_image\" \/>\n<meta name=\"twitter:label1\" content=\"Tiempo de lectura\" \/>\n\t<meta name=\"twitter:data1\" content=\"5 minutos\" \/>\n<script type=\"application\/ld+json\" class=\"yoast-schema-graph\">{\"@context\":\"https:\\\/\\\/schema.org\",\"@graph\":[{\"@type\":\"WebPage\",\"@id\":\"https:\\\/\\\/www.vdhurk.nl\\\/peugeot-bedrijfswagens\\\/partner\\\/\",\"url\":\"https:\\\/\\\/www.vdhurk.nl\\\/peugeot-bedrijfswagens\\\/partner\\\/\",\"name\":\"Kies jouw Peugeot Partner occasion | Ontdek de mogelijkheden\",\"isPartOf\":{\"@id\":\"https:\\\/\\\/www.vdhurk.nl\\\/#website\"},\"datePublished\":\"2024-09-20T09:48:58+00:00\",\"description\":\"Overweeg je een Peugeot Partner te kopen? Bekijk het gehele aanbod en vind het voertuig dat helemaal aansluit bij jouw wensen en behoeften.\",\"breadcrumb\":{\"@id\":\"https:\\\/\\\/www.vdhurk.nl\\\/peugeot-bedrijfswagens\\\/partner\\\/#breadcrumb\"},\"inLanguage\":\"es\",\"potentialAction\":[{\"@type\":\"ReadAction\",\"target\":[\"https:\\\/\\\/www.vdhurk.nl\\\/peugeot-bedrijfswagens\\\/partner\\\/\"]}]},{\"@type\":\"BreadcrumbList\",\"@id\":\"https:\\\/\\\/www.vdhurk.nl\\\/peugeot-bedrijfswagens\\\/partner\\\/#breadcrumb\",\"itemListElement\":[{\"@type\":\"ListItem\",\"position\":1,\"name\":\"Home\",\"item\":\"https:\\\/\\\/www.vdhurk.nl\\\/home\\\/\"},{\"@type\":\"ListItem\",\"position\":2,\"name\":\"Peugeot Bedrijfswagens\",\"item\":\"https:\\\/\\\/www.vdhurk.nl\\\/peugeot-bedrijfswagens\\\/\"},{\"@type\":\"ListItem\",\"position\":3,\"name\":\"Peugeot Partner\"}]},{\"@type\":\"WebSite\",\"@id\":\"https:\\\/\\\/www.vdhurk.nl\\\/#website\",\"url\":\"https:\\\/\\\/www.vdhurk.nl\\\/\",\"name\":\"Van den Hurk Bedrijfswagens\",\"description\":\"Van den Hurk bedrijfswagens Helmond\",\"potentialAction\":[{\"@type\":\"SearchAction\",\"target\":{\"@type\":\"EntryPoint\",\"urlTemplate\":\"https:\\\/\\\/www.vdhurk.nl\\\/?s={search_term_string}\"},\"query-input\":{\"@type\":\"PropertyValueSpecification\",\"valueRequired\":true,\"valueName\":\"search_term_string\"}}],\"inLanguage\":\"es\"}]}<\/script>\n<!-- \/ Yoast SEO plugin. -->","yoast_head_json":{"title":"Elige tu ocasi\u00f3n Peugeot Partner | Descubre las posibilidades","description":"\u00bfEst\u00e1s pensando en comprar un Peugeot Partner? Navega por toda la gama y encuentra el veh\u00edculo que se adapte completamente a tus necesidades.","robots":{"index":"index","follow":"follow","max-snippet":"max-snippet:-1","max-image-preview":"max-image-preview:large","max-video-preview":"max-video-preview:-1"},"canonical":"https:\/\/www.vdhurk.nl\/es\/vehiculos-comerciales-peugeot\/mercedes-6\/","og_locale":"es_ES","og_type":"article","og_title":"Kies jouw Peugeot Partner occasion | Ontdek de mogelijkheden","og_description":"Overweeg je een Peugeot Partner te kopen? Bekijk het gehele aanbod en vind het voertuig dat helemaal aansluit bij jouw wensen en behoeften.","og_url":"https:\/\/www.vdhurk.nl\/es\/vehiculos-comerciales-peugeot\/mercedes-6\/","og_site_name":"Van den Hurk Bedrijfswagens","twitter_card":"summary_large_image","twitter_misc":{"Tiempo de lectura":"5 minutos"},"schema":{"@context":"https:\/\/schema.org","@graph":[{"@type":"WebPage","@id":"https:\/\/www.vdhurk.nl\/peugeot-bedrijfswagens\/partner\/","url":"https:\/\/www.vdhurk.nl\/peugeot-bedrijfswagens\/partner\/","name":"Elige tu ocasi\u00f3n Peugeot Partner | Descubre las posibilidades","isPartOf":{"@id":"https:\/\/www.vdhurk.nl\/#website"},"datePublished":"2024-09-20T09:48:58+00:00","description":"\u00bfEst\u00e1s pensando en comprar un Peugeot Partner? Navega por toda la gama y encuentra el veh\u00edculo que se adapte completamente a tus necesidades.","breadcrumb":{"@id":"https:\/\/www.vdhurk.nl\/peugeot-bedrijfswagens\/partner\/#breadcrumb"},"inLanguage":"es","potentialAction":[{"@type":"ReadAction","target":["https:\/\/www.vdhurk.nl\/peugeot-bedrijfswagens\/partner\/"]}]},{"@type":"BreadcrumbList","@id":"https:\/\/www.vdhurk.nl\/peugeot-bedrijfswagens\/partner\/#breadcrumb","itemListElement":[{"@type":"ListItem","position":1,"name":"Home","item":"https:\/\/www.vdhurk.nl\/home\/"},{"@type":"ListItem","position":2,"name":"Peugeot Bedrijfswagens","item":"https:\/\/www.vdhurk.nl\/peugeot-bedrijfswagens\/"},{"@type":"ListItem","position":3,"name":"Peugeot Partner"}]},{"@type":"WebSite","@id":"https:\/\/www.vdhurk.nl\/#website","url":"https:\/\/www.vdhurk.nl\/","name":"Veh\u00edculos comerciales Van den Hurk","description":"Van den Hurk veh\u00edculos comerciales Helmond","potentialAction":[{"@type":"SearchAction","target":{"@type":"EntryPoint","urlTemplate":"https:\/\/www.vdhurk.nl\/?s={search_term_string}"},"query-input":{"@type":"PropertyValueSpecification","valueRequired":true,"valueName":"search_term_string"}}],"inLanguage":"es"}]}},"_links":{"self":[{"href":"https:\/\/www.vdhurk.nl\/es\/wp-json\/wp\/v2\/pages\/405925","targetHints":{"allow":["GET"]}}],"collection":[{"href":"https:\/\/www.vdhurk.nl\/es\/wp-json\/wp\/v2\/pages"}],"about":[{"href":"https:\/\/www.vdhurk.nl\/es\/wp-json\/wp\/v2\/types\/page"}],"author":[{"embeddable":true,"href":"https:\/\/www.vdhurk.nl\/es\/wp-json\/wp\/v2\/users\/3"}],"replies":[{"embeddable":true,"href":"https:\/\/www.vdhurk.nl\/es\/wp-json\/wp\/v2\/comments?post=405925"}],"version-history":[{"count":1,"href":"https:\/\/www.vdhurk.nl\/es\/wp-json\/wp\/v2\/pages\/405925\/revisions"}],"predecessor-version":[{"id":405926,"href":"https:\/\/www.vdhurk.nl\/es\/wp-json\/wp\/v2\/pages\/405925\/revisions\/405926"}],"up":[{"embeddable":true,"href":"https:\/\/www.vdhurk.nl\/es\/wp-json\/wp\/v2\/pages\/370581"}],"wp:attachment":[{"href":"https:\/\/www.vdhurk.nl\/es\/wp-json\/wp\/v2\/media?parent=405925"}],"curies":[{"name":"wp","href":"https:\/\/api.w.org\/{rel}","templated":true}]}}