{"id":405923,"date":"2024-09-20T11:35:01","date_gmt":"2024-09-20T09:35:01","guid":{"rendered":"https:\/\/www.vdhurk.nl\/?page_id=405923"},"modified":"2024-09-20T11:35:01","modified_gmt":"2024-09-20T09:35:01","slug":"mercedes-11","status":"publish","type":"page","link":"https:\/\/www.vdhurk.nl\/es\/peugeot-bedrijfswagens\/boxer\/","title":{"rendered":"Peugeot Boxer"},"content":{"rendered":"<section  class='av_textblock_section av-lu8gnh7d-4ac895489941e586c1d7c8cb72318135'  itemscope=\"itemscope\" itemtype=\"https:\/\/schema.org\/CreativeWork\" ><div class='avia_textblock'  itemprop=\"text\" ><h1>\u00bfQuieres comprar un Peugeot Boxer de segunda mano?<\/h1>\n<p>\u00bfBuscas el coche de empresa perfecto para tu negocio? Entonces merece la pena considerar el Peugeot Boxer de ocasi\u00f3n. Este veh\u00edculo comercial es una opci\u00f3n popular entre los usuarios de negocios, y por una buena raz\u00f3n. Descubre aqu\u00ed todo lo que quieres saber sobre el Peugeot Boxer y decide si este veh\u00edculo comercial se adapta a tus necesidades y deseos.<\/p>\n<\/div><\/section>\n\n<style type=\"text\/css\" data-created_by=\"avia_inline_auto\" id=\"style-css-av-lujjddpd-afa3d7a9eabd61123e643ed1228e781e\">\n#top .hr.hr-invisible.av-lujjddpd-afa3d7a9eabd61123e643ed1228e781e{\nheight:50px;\n}\n<\/style>\n<div  class='hr av-lujjddpd-afa3d7a9eabd61123e643ed1228e781e hr-invisible  avia-builder-el-1  el_after_av_textblock  el_before_av_codeblock'><span class='hr-inner'><span class=\"hr-inner-style\"><\/span><\/span><\/div>\n\n\n<style type=\"text\/css\" data-created_by=\"avia_inline_auto\" id=\"style-css-av-ah0xd-63338d9dc6b40410e22a712829c369d6\">\n#top .hr.hr-invisible.av-ah0xd-63338d9dc6b40410e22a712829c369d6{\nheight:50px;\n}\n<\/style>\n<div  class='hr av-ah0xd-63338d9dc6b40410e22a712829c369d6 hr-invisible  avia-builder-el-3  el_after_av_codeblock  el_before_av_textblock'><span class='hr-inner'><span class=\"hr-inner-style\"><\/span><\/span><\/div>\n<section  class='av_textblock_section av-lu8gow1e-300853e458ed741bd87d6cb78e55cc7a'  itemscope=\"itemscope\" itemtype=\"https:\/\/schema.org\/CreativeWork\" ><div class='avia_textblock'  itemprop=\"text\" ><h2>Caracter\u00edsticas y especificaciones del Peugeot Boxer<\/h2>\n<p><a href=\"https:\/\/www.vdhurk.nl\/es\/vehiculos-comerciales-peugeot\/\">Veh\u00edculos comerciales Peugeot<\/a> son conocidas por su versatilidad y fiabilidad, y la Boxer no es una excepci\u00f3n. Esta furgoneta es especialmente popular entre los usuarios empresariales por su idoneidad para el transporte. La Boxer ofrece un interior espacioso que es ideal para diversas aplicaciones empresariales. Adem\u00e1s, esta furgoneta comercial es conocida por su excelente fiabilidad y versatilidad. Con una serie de caracter\u00edsticas de seguridad, usted tiene la garant\u00eda de una conducci\u00f3n segura de A a B.<\/p>\n<\/div><\/section>\n<div class='flex_column av-f64w1-da126f42b61613402309283c14245a25 av_one_half  avia-builder-el-5  el_after_av_textblock  el_before_av_one_third  first flex_column_div column-top-margin'   ><section  class='av_textblock_section av-lu8gpqre-73cc2c17e6a6497ba6e1b58af22bd9e8'  itemscope=\"itemscope\" itemtype=\"https:\/\/schema.org\/CreativeWork\" ><div class='avia_textblock'  itemprop=\"text\" ><h2>Comprar un Peugeot Boxer: \u00bfqu\u00e9 ventajas tiene?<\/h2>\n<p>\u00bfEst\u00e1s pensando en comprar un Peugeot Boxer? Entonces se beneficiar\u00e1 de varias ventajas. Nos gustar\u00eda enumer\u00e1rtelas para que puedas elegir con conocimiento de causa:<\/p>\n<ul>\n<li><strong>Confort<\/strong>El habit\u00e1culo del Peugeot Boxer se ha dise\u00f1ado pensando en el confort, para que las largas jornadas de trabajo al volante no te supongan ning\u00fan esfuerzo. Gracias a sus amplios espacios portaobjetos y a sus pr\u00e1cticas funciones, disfrutar\u00e1s de una conducci\u00f3n placentera todos los d\u00edas.<\/li>\n<li><strong>Versatilidad<\/strong>El Peugeot Boxer est\u00e1 disponible en varias versiones, por lo que siempre encontrar\u00e1 un veh\u00edculo que se adapte perfectamente a las necesidades de su empresa.<\/li>\n<li><strong>Diferentes tipos de combustible<\/strong>El Boxer ofrece varios tipos de combustible, tanto si prefieres el di\u00e9sel como el el\u00e9ctrico. As\u00ed podr\u00e1s encontrar f\u00e1cilmente el tipo que mejor se adapte a tus h\u00e1bitos de conducci\u00f3n y kilometraje.<\/li>\n<\/ul>\n<p>Estas son s\u00f3lo algunas de las muchas ventajas que ofrece el Peugeot Boxer.<\/p>\n<\/div><\/section><\/div><div class='flex_column av-aldk9-ee694297f5c4032981677a02caab84d6 av_one_third  avia-builder-el-7  el_after_av_one_half  el_before_av_hr  flex_column_div column-top-margin'   ><style type=\"text\/css\" data-created_by=\"avia_inline_auto\" id=\"style-css-av-l1w9kpsf-4ec3fab772ec7a9adaa33cfc64ff0475\">\n.avia-image-container.av-l1w9kpsf-4ec3fab772ec7a9adaa33cfc64ff0475 .av-image-caption-overlay-center{\ncolor:#ffffff;\n}\n<\/style>\n<div  class='avia-image-container av-l1w9kpsf-4ec3fab772ec7a9adaa33cfc64ff0475 av-styling- avia-align-center  avia-builder-el-8  avia-builder-el-no-sibling'  itemprop=\"image\" itemscope=\"itemscope\" itemtype=\"https:\/\/schema.org\/ImageObject\" ><div class=\"avia-image-container-inner\"><div class=\"avia-image-overlay-wrap\"><img decoding=\"async\" class='wp-image-187 avia-img-lazy-loading-not-187 avia_image' src=\"https:\/\/www.vdhurk.nl\/wp-content\/uploads\/2022\/03\/Voorrad.png\" alt='' title='Stock'  height=\"758\" width=\"1135\"  itemprop=\"thumbnailUrl\" srcset=\"https:\/\/www.vdhurk.nl\/wp-content\/uploads\/2022\/03\/Voorrad.png 1135w, https:\/\/www.vdhurk.nl\/wp-content\/uploads\/2022\/03\/Voorrad-300x200.png 300w, https:\/\/www.vdhurk.nl\/wp-content\/uploads\/2022\/03\/Voorrad-1030x688.png 1030w, https:\/\/www.vdhurk.nl\/wp-content\/uploads\/2022\/03\/Voorrad-768x513.png 768w, https:\/\/www.vdhurk.nl\/wp-content\/uploads\/2022\/03\/Voorrad-18x12.png 18w, https:\/\/www.vdhurk.nl\/wp-content\/uploads\/2022\/03\/Voorrad-705x471.png 705w\" sizes=\"(max-width: 1135px) 100vw, 1135px\" \/><\/div><\/div><\/div><\/div><\/p>\n\n<style type=\"text\/css\" data-created_by=\"avia_inline_auto\" id=\"style-css-av-luqrjpjc-5a23a1fb5f94718ca85316a9df963e2f\">\n#top .hr.hr-invisible.av-luqrjpjc-5a23a1fb5f94718ca85316a9df963e2f{\nheight:50px;\n}\n<\/style>\n<div  class='hr av-luqrjpjc-5a23a1fb5f94718ca85316a9df963e2f hr-invisible  avia-builder-el-9  el_after_av_one_third  el_before_av_textblock'><span class='hr-inner'><span class=\"hr-inner-style\"><\/span><\/span><\/div>\n<section  class='av_textblock_section av-lu8gtjw7-4f3cee9304909518d86d2860d9d582dd'  itemscope=\"itemscope\" itemtype=\"https:\/\/schema.org\/CreativeWork\" ><div class='avia_textblock'  itemprop=\"text\" ><h2>Diferentes versiones<\/h2>\n<p>El Peugeot Boxer est\u00e1 disponible en diferentes versiones. Por ejemplo, existe una opci\u00f3n con respaldo abierto, ideal para el transporte de pasajeros. La versi\u00f3n con respaldo cerrado es perfecta para transportar mercanc\u00edas de forma segura y sencilla. \u00bfNecesitas transportar regularmente cargas pesadas? Entonces una caja de carga abierta es muy adecuada. El Peugeot Boxer tiene una capacidad de carga de hasta 1600 kilos. Tambi\u00e9n puedes elegir entre diferentes motores con potencias desde 140 CV hasta incluso 180 CV.<\/p>\n<p>Gracias a esta variedad, siempre encontrar\u00e1s un Peugeot Boxer que se adapte a tus necesidades. \u00bfA\u00fan no has encontrado lo que buscas? No hay problema. Nuestra oferta cambia constantemente, por lo que es posible que tu veh\u00edculo comercial ideal est\u00e9 disponible en breve. Por lo tanto, sigue consultando nuestra <a href=\"https:\/\/www.vdhurk.nl\/es\/vehiculos-comerciales\/\">oferta actual<\/a> con cuidado. \u00bfBusca un modelo concreto? H\u00e1ganoslo saber a trav\u00e9s de nuestro <a href=\"https:\/\/www.vdhurk.nl\/es\/alerta-de-valores\/\">stockalert<\/a>y le ayudaremos a encontrar el coche de empresa perfecto.<\/p>\n<h2>\u00bfEn qu\u00e9 precios hay que pensar?<\/h2>\n<p>Los precios de nuestros veh\u00edculos comerciales var\u00edan, y con raz\u00f3n. En nuestra oferta encontrar\u00e1 tanto modelos Peugeot Boxer sencillos como veh\u00edculos Peugeot Boxer totalmente equipados. Dado que nuestra oferta actual cambia constantemente, no podemos dar una indicaci\u00f3n exacta del precio. Tanto si buscas un Peugeot Boxer de segunda mano como un modelo nuevo, siempre hay algo que se ajusta a tu presupuesto.<\/p>\n<h2>Leasing o compra de un Peugeot Boxer: \u00bfcu\u00e1l es la mejor opci\u00f3n para ti?<\/h2>\n<p>En Van den Hurk, no s\u00f3lo puede comprar directamente un veh\u00edculo industrial, sino tambi\u00e9n optar por el arrendamiento financiero. Con <a href=\"https:\/\/www.vdhurk.nl\/es\/arrendamiento-financiero\/\">arrendamiento financiero<\/a> pagas el veh\u00edculo mensualmente, por lo que no tienes que invertir una gran cantidad de una sola vez. Durante el periodo de arrendamiento, el veh\u00edculo pasa gradualmente a ser de tu propiedad. Al final del leasing, eres el propietario de pleno derecho, sin tener que hacer una gran inversi\u00f3n inicial.<\/p>\n<h2><b>Encuentre su Peugeot Boxer<\/b><\/h2>\n<p>\u00bfEst\u00e1s convencido y dispuesto a comprar un Peugeot Boxer? \u00bfO necesitas m\u00e1s informaci\u00f3n? Como concesionario Peugeot Boxer, estamos preparados para responder a todas tus preguntas y ayudarte a tomar la decisi\u00f3n correcta. Contacta con nosotros para m\u00e1s detalles o consulta nuestra gama actual para encontrar tu veh\u00edculo comercial ideal.<\/p>\n<\/div><\/section>","protected":false},"excerpt":{"rendered":"","protected":false},"author":3,"featured_media":0,"parent":370581,"menu_order":0,"comment_status":"closed","ping_status":"closed","template":"","meta":{"_acf_changed":false,"_improvement_type_select":"improve_an_existing","_thumb_yes_seoaic":false,"_frame_yes_seoaic":false,"seoaic_generate_description":"","seoaic_improve_instructions_prompt":"","seoaic_rollback_content_improvement":"","seoaic_idea_thumbnail_generator":"","thumbnail_generated":false,"thumbnail_generate_prompt":"","seoaic_article_description":"","footnotes":""},"class_list":["post-405923","page","type-page","status-publish","hentry"],"acf":[],"yoast_head":"<!-- This site is optimized with the Yoast SEO plugin v27.5 - https:\/\/yoast.com\/product\/yoast-seo-wordpress\/ -->\n<title>Vind jouw Peugeot Boxer occasion | Bekijk de mogelijkheden<\/title>\n<meta name=\"description\" content=\"Overweeg je een Peugeot Boxer occasion aan te schaffen? Bekijk dan ons aanbod en vind de bedrijfswagen die perfect aansluit bij jouw behoeften en gebruik.\" \/>\n<meta name=\"robots\" content=\"index, follow, max-snippet:-1, max-image-preview:large, max-video-preview:-1\" \/>\n<link rel=\"canonical\" href=\"https:\/\/www.vdhurk.nl\/es\/vehiculos-comerciales-peugeot\/mercedes-11\/\" \/>\n<meta property=\"og:locale\" content=\"es_ES\" \/>\n<meta property=\"og:type\" content=\"article\" \/>\n<meta property=\"og:title\" content=\"Vind jouw Peugeot Boxer occasion | Bekijk de mogelijkheden\" \/>\n<meta property=\"og:description\" content=\"Overweeg je een Peugeot Boxer occasion aan te schaffen? Bekijk dan ons aanbod en vind de bedrijfswagen die perfect aansluit bij jouw behoeften en gebruik.\" \/>\n<meta property=\"og:url\" content=\"https:\/\/www.vdhurk.nl\/es\/vehiculos-comerciales-peugeot\/mercedes-11\/\" \/>\n<meta property=\"og:site_name\" content=\"Van den Hurk Bedrijfswagens\" \/>\n<meta name=\"twitter:card\" content=\"summary_large_image\" \/>\n<meta name=\"twitter:label1\" content=\"Tiempo de lectura\" \/>\n\t<meta name=\"twitter:data1\" content=\"5 minutos\" \/>\n<script type=\"application\/ld+json\" class=\"yoast-schema-graph\">{\"@context\":\"https:\\\/\\\/schema.org\",\"@graph\":[{\"@type\":\"WebPage\",\"@id\":\"https:\\\/\\\/www.vdhurk.nl\\\/peugeot-bedrijfswagens\\\/boxer\\\/\",\"url\":\"https:\\\/\\\/www.vdhurk.nl\\\/peugeot-bedrijfswagens\\\/boxer\\\/\",\"name\":\"Vind jouw Peugeot Boxer occasion | Bekijk de mogelijkheden\",\"isPartOf\":{\"@id\":\"https:\\\/\\\/www.vdhurk.nl\\\/#website\"},\"datePublished\":\"2024-09-20T09:35:01+00:00\",\"description\":\"Overweeg je een Peugeot Boxer occasion aan te schaffen? Bekijk dan ons aanbod en vind de bedrijfswagen die perfect aansluit bij jouw behoeften en gebruik.\",\"breadcrumb\":{\"@id\":\"https:\\\/\\\/www.vdhurk.nl\\\/peugeot-bedrijfswagens\\\/boxer\\\/#breadcrumb\"},\"inLanguage\":\"es\",\"potentialAction\":[{\"@type\":\"ReadAction\",\"target\":[\"https:\\\/\\\/www.vdhurk.nl\\\/peugeot-bedrijfswagens\\\/boxer\\\/\"]}]},{\"@type\":\"BreadcrumbList\",\"@id\":\"https:\\\/\\\/www.vdhurk.nl\\\/peugeot-bedrijfswagens\\\/boxer\\\/#breadcrumb\",\"itemListElement\":[{\"@type\":\"ListItem\",\"position\":1,\"name\":\"Home\",\"item\":\"https:\\\/\\\/www.vdhurk.nl\\\/home\\\/\"},{\"@type\":\"ListItem\",\"position\":2,\"name\":\"Peugeot Bedrijfswagens\",\"item\":\"https:\\\/\\\/www.vdhurk.nl\\\/peugeot-bedrijfswagens\\\/\"},{\"@type\":\"ListItem\",\"position\":3,\"name\":\"Peugeot Boxer\"}]},{\"@type\":\"WebSite\",\"@id\":\"https:\\\/\\\/www.vdhurk.nl\\\/#website\",\"url\":\"https:\\\/\\\/www.vdhurk.nl\\\/\",\"name\":\"Van den Hurk Bedrijfswagens\",\"description\":\"Van den Hurk bedrijfswagens Helmond\",\"potentialAction\":[{\"@type\":\"SearchAction\",\"target\":{\"@type\":\"EntryPoint\",\"urlTemplate\":\"https:\\\/\\\/www.vdhurk.nl\\\/?s={search_term_string}\"},\"query-input\":{\"@type\":\"PropertyValueSpecification\",\"valueRequired\":true,\"valueName\":\"search_term_string\"}}],\"inLanguage\":\"es\"}]}<\/script>\n<!-- \/ Yoast SEO plugin. -->","yoast_head_json":{"title":"Encuentre su Peugeot Boxer ocasi\u00f3n | Ver las opciones","description":"\u00bfEst\u00e1s pensando en comprar un Peugeot Boxer de ocasi\u00f3n? Entonces echa un vistazo a nuestra gama y encuentra el veh\u00edculo comercial que se adapte perfectamente a tus necesidades y uso.","robots":{"index":"index","follow":"follow","max-snippet":"max-snippet:-1","max-image-preview":"max-image-preview:large","max-video-preview":"max-video-preview:-1"},"canonical":"https:\/\/www.vdhurk.nl\/es\/vehiculos-comerciales-peugeot\/mercedes-11\/","og_locale":"es_ES","og_type":"article","og_title":"Vind jouw Peugeot Boxer occasion | Bekijk de mogelijkheden","og_description":"Overweeg je een Peugeot Boxer occasion aan te schaffen? Bekijk dan ons aanbod en vind de bedrijfswagen die perfect aansluit bij jouw behoeften en gebruik.","og_url":"https:\/\/www.vdhurk.nl\/es\/vehiculos-comerciales-peugeot\/mercedes-11\/","og_site_name":"Van den Hurk Bedrijfswagens","twitter_card":"summary_large_image","twitter_misc":{"Tiempo de lectura":"5 minutos"},"schema":{"@context":"https:\/\/schema.org","@graph":[{"@type":"WebPage","@id":"https:\/\/www.vdhurk.nl\/peugeot-bedrijfswagens\/boxer\/","url":"https:\/\/www.vdhurk.nl\/peugeot-bedrijfswagens\/boxer\/","name":"Encuentre su Peugeot Boxer ocasi\u00f3n | Ver las opciones","isPartOf":{"@id":"https:\/\/www.vdhurk.nl\/#website"},"datePublished":"2024-09-20T09:35:01+00:00","description":"\u00bfEst\u00e1s pensando en comprar un Peugeot Boxer de ocasi\u00f3n? Entonces echa un vistazo a nuestra gama y encuentra el veh\u00edculo comercial que se adapte perfectamente a tus necesidades y uso.","breadcrumb":{"@id":"https:\/\/www.vdhurk.nl\/peugeot-bedrijfswagens\/boxer\/#breadcrumb"},"inLanguage":"es","potentialAction":[{"@type":"ReadAction","target":["https:\/\/www.vdhurk.nl\/peugeot-bedrijfswagens\/boxer\/"]}]},{"@type":"BreadcrumbList","@id":"https:\/\/www.vdhurk.nl\/peugeot-bedrijfswagens\/boxer\/#breadcrumb","itemListElement":[{"@type":"ListItem","position":1,"name":"Home","item":"https:\/\/www.vdhurk.nl\/home\/"},{"@type":"ListItem","position":2,"name":"Peugeot Bedrijfswagens","item":"https:\/\/www.vdhurk.nl\/peugeot-bedrijfswagens\/"},{"@type":"ListItem","position":3,"name":"Peugeot Boxer"}]},{"@type":"WebSite","@id":"https:\/\/www.vdhurk.nl\/#website","url":"https:\/\/www.vdhurk.nl\/","name":"Veh\u00edculos comerciales Van den Hurk","description":"Van den Hurk veh\u00edculos comerciales Helmond","potentialAction":[{"@type":"SearchAction","target":{"@type":"EntryPoint","urlTemplate":"https:\/\/www.vdhurk.nl\/?s={search_term_string}"},"query-input":{"@type":"PropertyValueSpecification","valueRequired":true,"valueName":"search_term_string"}}],"inLanguage":"es"}]}},"_links":{"self":[{"href":"https:\/\/www.vdhurk.nl\/es\/wp-json\/wp\/v2\/pages\/405923","targetHints":{"allow":["GET"]}}],"collection":[{"href":"https:\/\/www.vdhurk.nl\/es\/wp-json\/wp\/v2\/pages"}],"about":[{"href":"https:\/\/www.vdhurk.nl\/es\/wp-json\/wp\/v2\/types\/page"}],"author":[{"embeddable":true,"href":"https:\/\/www.vdhurk.nl\/es\/wp-json\/wp\/v2\/users\/3"}],"replies":[{"embeddable":true,"href":"https:\/\/www.vdhurk.nl\/es\/wp-json\/wp\/v2\/comments?post=405923"}],"version-history":[{"count":1,"href":"https:\/\/www.vdhurk.nl\/es\/wp-json\/wp\/v2\/pages\/405923\/revisions"}],"predecessor-version":[{"id":405924,"href":"https:\/\/www.vdhurk.nl\/es\/wp-json\/wp\/v2\/pages\/405923\/revisions\/405924"}],"up":[{"embeddable":true,"href":"https:\/\/www.vdhurk.nl\/es\/wp-json\/wp\/v2\/pages\/370581"}],"wp:attachment":[{"href":"https:\/\/www.vdhurk.nl\/es\/wp-json\/wp\/v2\/media?parent=405923"}],"curies":[{"name":"wp","href":"https:\/\/api.w.org\/{rel}","templated":true}]}}