{"id":405921,"date":"2024-09-20T11:25:27","date_gmt":"2024-09-20T09:25:27","guid":{"rendered":"https:\/\/www.vdhurk.nl\/?page_id=405921"},"modified":"2024-09-20T11:25:27","modified_gmt":"2024-09-20T09:25:27","slug":"mercedes-19","status":"publish","type":"page","link":"https:\/\/www.vdhurk.nl\/es\/peugeot-bedrijfswagens\/expert\/","title":{"rendered":"Peugeot Experto"},"content":{"rendered":"<section  class='av_textblock_section av-lu8gnh7d-4ac895489941e586c1d7c8cb72318135'  itemscope=\"itemscope\" itemtype=\"https:\/\/schema.org\/CreativeWork\" ><div class='avia_textblock'  itemprop=\"text\" ><h1>Comprar un Peugeot Expert de ocasi\u00f3n: \u00bfen qu\u00e9 fijarse?<\/h1>\n<p>\u00bfBuscas un veh\u00edculo comercial? Entonces no dudes en considerar el Peugeot Expert de ocasi\u00f3n. Esta furgoneta pr\u00e1ctica y vers\u00e1til est\u00e1 disponible en una gran variedad de acabados y variantes, por lo que siempre encontrar\u00e1s un modelo que se adapte perfectamente a las necesidades de tu negocio. Descubre las numerosas ventajas del Peugeot Expert y por qu\u00e9 este veh\u00edculo es una elecci\u00f3n inteligente para tu empresa.<\/p>\n<\/div><\/section>\n\n<style type=\"text\/css\" data-created_by=\"avia_inline_auto\" id=\"style-css-av-lujjddpd-afa3d7a9eabd61123e643ed1228e781e\">\n#top .hr.hr-invisible.av-lujjddpd-afa3d7a9eabd61123e643ed1228e781e{\nheight:50px;\n}\n<\/style>\n<div  class='hr av-lujjddpd-afa3d7a9eabd61123e643ed1228e781e hr-invisible  avia-builder-el-1  el_after_av_textblock  el_before_av_codeblock'><span class='hr-inner'><span class=\"hr-inner-style\"><\/span><\/span><\/div>\n\n\n<style type=\"text\/css\" data-created_by=\"avia_inline_auto\" id=\"style-css-av-ah0xd-63338d9dc6b40410e22a712829c369d6\">\n#top .hr.hr-invisible.av-ah0xd-63338d9dc6b40410e22a712829c369d6{\nheight:50px;\n}\n<\/style>\n<div  class='hr av-ah0xd-63338d9dc6b40410e22a712829c369d6 hr-invisible  avia-builder-el-3  el_after_av_codeblock  el_before_av_textblock'><span class='hr-inner'><span class=\"hr-inner-style\"><\/span><\/span><\/div>\n<section  class='av_textblock_section av-lu8gow1e-300853e458ed741bd87d6cb78e55cc7a'  itemscope=\"itemscope\" itemtype=\"https:\/\/schema.org\/CreativeWork\" ><div class='avia_textblock'  itemprop=\"text\" ><h2>Caracter\u00edsticas y especificaciones<\/h2>\n<p>Cuando eliges un Peugeot Expert, eliges fiabilidad y funcionalidad. Este modelo, como muchos otros de <a href=\"https:\/\/www.vdhurk.nl\/es\/vehiculos-comerciales-peugeot\/\">Peugeot<\/a>es innovador y compacto. Este veh\u00edculo comercial est\u00e1 dise\u00f1ado para facilitarte el trabajo. El Expert tambi\u00e9n destaca por su motor silencioso, que proporciona un confort de conducci\u00f3n adicional.El Peugeot Expert est\u00e1 disponible en diferentes variantes, con diferentes a\u00f1os de fabricaci\u00f3n. En 2021, este modelo fue incluso nombrado \"Veh\u00edculo Comercial del A\u00f1o\", lo que pone de manifiesto su calidad y popularidad. Equipado con potentes motores di\u00e9sel y una gran carga \u00fatil, el Expert es ideal para trabajos pesados. Adem\u00e1s, sus completas caracter\u00edsticas de seguridad garantizan que siempre est\u00e9s seguro en la carretera.<\/p>\n<\/div><\/section>\n<div class='flex_column av-f64w1-da126f42b61613402309283c14245a25 av_one_half  avia-builder-el-5  el_after_av_textblock  el_before_av_one_third  first flex_column_div column-top-margin'   ><section  class='av_textblock_section av-lu8gpqre-73cc2c17e6a6497ba6e1b58af22bd9e8'  itemscope=\"itemscope\" itemtype=\"https:\/\/schema.org\/CreativeWork\" ><div class='avia_textblock'  itemprop=\"text\" ><h2>Comprar un Peugeot Expert: \u00bfqu\u00e9 ventajas tiene?<\/h2>\n<p>El Peugeot Expert ofrece numerosas ventajas que lo convierten en una elecci\u00f3n polivalente y fiable.<\/p>\n<ul>\n<li><strong>Dise\u00f1o pr\u00e1ctico e inteligente<\/strong>: con una amplia capacidad de carga, transporta f\u00e1cilmente todo lo que necesites, desde herramientas hasta grandes cargas.<\/li>\n<li><strong>Gran confort de conducci\u00f3n<\/strong>Este modelo est\u00e1 dise\u00f1ado pensando en la comodidad, para que sus largos viajes no supongan ning\u00fan esfuerzo. Este modelo es perfecto para quienes pasan mucho tiempo en la carretera.<\/li>\n<li><strong>Eficacia del combustible<\/strong> :los motores di\u00e9sel de bajo consumo garantizan un menor consumo de combustible, lo que resulta especialmente beneficioso si su empresa se desplaza con frecuencia largas distancias.<\/li>\n<li><strong>Flexibilidad<\/strong>Gracias a su dise\u00f1o compacto y a su excelente maniobrabilidad, el Expert es f\u00e1cil de manejar en ciudades con mucho tr\u00e1fico, y tambi\u00e9n es ideal para viajes largos por autopista.<\/li>\n<\/ul>\n<p>Estos son algunos ejemplos de las ventajas que ofrece el Peugeot Expert.<\/p>\n<\/div><\/section><\/div><div class='flex_column av-aldk9-ee694297f5c4032981677a02caab84d6 av_one_third  avia-builder-el-7  el_after_av_one_half  el_before_av_hr  flex_column_div column-top-margin'   ><style type=\"text\/css\" data-created_by=\"avia_inline_auto\" id=\"style-css-av-l1w9kpsf-4ec3fab772ec7a9adaa33cfc64ff0475\">\n.avia-image-container.av-l1w9kpsf-4ec3fab772ec7a9adaa33cfc64ff0475 .av-image-caption-overlay-center{\ncolor:#ffffff;\n}\n<\/style>\n<div  class='avia-image-container av-l1w9kpsf-4ec3fab772ec7a9adaa33cfc64ff0475 av-styling- avia-align-center  avia-builder-el-8  avia-builder-el-no-sibling'  itemprop=\"image\" itemscope=\"itemscope\" itemtype=\"https:\/\/schema.org\/ImageObject\" ><div class=\"avia-image-container-inner\"><div class=\"avia-image-overlay-wrap\"><img decoding=\"async\" class='wp-image-187 avia-img-lazy-loading-not-187 avia_image' src=\"https:\/\/www.vdhurk.nl\/wp-content\/uploads\/2022\/03\/Voorrad.png\" alt='' title='Stock'  height=\"758\" width=\"1135\"  itemprop=\"thumbnailUrl\" srcset=\"https:\/\/www.vdhurk.nl\/wp-content\/uploads\/2022\/03\/Voorrad.png 1135w, https:\/\/www.vdhurk.nl\/wp-content\/uploads\/2022\/03\/Voorrad-300x200.png 300w, https:\/\/www.vdhurk.nl\/wp-content\/uploads\/2022\/03\/Voorrad-1030x688.png 1030w, https:\/\/www.vdhurk.nl\/wp-content\/uploads\/2022\/03\/Voorrad-768x513.png 768w, https:\/\/www.vdhurk.nl\/wp-content\/uploads\/2022\/03\/Voorrad-18x12.png 18w, https:\/\/www.vdhurk.nl\/wp-content\/uploads\/2022\/03\/Voorrad-705x471.png 705w\" sizes=\"(max-width: 1135px) 100vw, 1135px\" \/><\/div><\/div><\/div><\/div><\/p>\n\n<style type=\"text\/css\" data-created_by=\"avia_inline_auto\" id=\"style-css-av-luqrjpjc-5a23a1fb5f94718ca85316a9df963e2f\">\n#top .hr.hr-invisible.av-luqrjpjc-5a23a1fb5f94718ca85316a9df963e2f{\nheight:50px;\n}\n<\/style>\n<div  class='hr av-luqrjpjc-5a23a1fb5f94718ca85316a9df963e2f hr-invisible  avia-builder-el-9  el_after_av_one_third  el_before_av_textblock'><span class='hr-inner'><span class=\"hr-inner-style\"><\/span><\/span><\/div>\n<section  class='av_textblock_section av-lu8gtjw7-4f3cee9304909518d86d2860d9d582dd'  itemscope=\"itemscope\" itemtype=\"https:\/\/schema.org\/CreativeWork\" ><div class='avia_textblock'  itemprop=\"text\" ><h2>\u00bfEn qu\u00e9 precios hay que pensar?<\/h2>\n<p>El precio de nuestros modelos Peugeot Expert var\u00eda. Esto se debe a tus necesidades y elecciones. Tanto si optas por una versi\u00f3n b\u00e1sica como por un modelo con especificaciones adicionales, el precio final del Peugeot Expert viene determinado por tus deseos y necesidades. Por lo tanto, no podemos dar una indicaci\u00f3n de precio fijo. Sea cual sea tu preferencia, dentro de nuestra oferta siempre encontrar\u00e1s un modelo que se ajuste a tu presupuesto.<\/p>\n<h2>Leasing o compra de un Peugeot Expert: \u00bfcu\u00e1l es la mejor opci\u00f3n para ti?<\/h2>\n<p>En Van den Hurk, tienes muchas opciones a la hora de financiar tu veh\u00edculo comercial. Pague el veh\u00edculo de una sola vez u opte por <a href=\"https:\/\/www.vdhurk.nl\/es\/arrendamiento-financiero\/\">arrendamiento financiero<\/a> y repartir el coste en cuotas mensuales. De este modo, no tienes que hacer una gran inversi\u00f3n de inmediato. En ambos casos, te conviertes en el propietario total del veh\u00edculo. Con el leasing financiero, eres propietario en cuanto vence el contrato, mientras que con el pago directo tienes las llaves en tus manos inmediatamente.<\/p>\n<h2>Descubre la gama y encuentra tu Peugeot<\/h2>\n<p>\u00bfQuiere comprar un Peugeot Expert de segunda mano? \u00bfO una variante nueva se adapta mejor a tus objetivos comerciales? Compru\u00e9balo <a href=\"https:\/\/www.vdhurk.nl\/es\/vehiculos-comerciales\/\">oferta actual<\/a> para ver las posibilidades. \u00bfTodav\u00eda no lo tiene claro y quiere el consejo de un experto? No se preocupe. Nuestro personal est\u00e1 a su disposici\u00f3n para ayudarle a tomar la mejor decisi\u00f3n.<\/p>\n<\/div><\/section>","protected":false},"excerpt":{"rendered":"","protected":false},"author":3,"featured_media":0,"parent":370581,"menu_order":0,"comment_status":"closed","ping_status":"closed","template":"","meta":{"_acf_changed":false,"_improvement_type_select":"improve_an_existing","_thumb_yes_seoaic":false,"_frame_yes_seoaic":false,"seoaic_generate_description":"","seoaic_improve_instructions_prompt":"","seoaic_rollback_content_improvement":"","seoaic_idea_thumbnail_generator":"","thumbnail_generated":false,"thumbnail_generate_prompt":"","seoaic_article_description":"","footnotes":""},"class_list":["post-405921","page","type-page","status-publish","hentry"],"acf":[],"yoast_head":"<!-- This site is optimized with the Yoast SEO plugin v27.5 - https:\/\/yoast.com\/product\/yoast-seo-wordpress\/ -->\n<title>Peugeot Expert occasion kopen? Bekijk ons actuele aanbod!<\/title>\n<meta name=\"description\" content=\"Op zoek naar een Peugeot Expert occasion? Vind de bedrijfswagen die helemaal aansluit bij jouw zakelijke behoeften bij Van den Hurk\" \/>\n<meta name=\"robots\" content=\"index, follow, max-snippet:-1, max-image-preview:large, max-video-preview:-1\" \/>\n<link rel=\"canonical\" href=\"https:\/\/www.vdhurk.nl\/es\/vehiculos-comerciales-peugeot\/mercedes-19\/\" \/>\n<meta property=\"og:locale\" content=\"es_ES\" \/>\n<meta property=\"og:type\" content=\"article\" \/>\n<meta property=\"og:title\" content=\"Peugeot Expert occasion kopen? Bekijk ons actuele aanbod!\" \/>\n<meta property=\"og:description\" content=\"Op zoek naar een Peugeot Expert occasion? Vind de bedrijfswagen die helemaal aansluit bij jouw zakelijke behoeften bij Van den Hurk\" \/>\n<meta property=\"og:url\" content=\"https:\/\/www.vdhurk.nl\/es\/vehiculos-comerciales-peugeot\/mercedes-19\/\" \/>\n<meta property=\"og:site_name\" content=\"Van den Hurk Bedrijfswagens\" \/>\n<meta name=\"twitter:card\" content=\"summary_large_image\" \/>\n<meta name=\"twitter:label1\" content=\"Tiempo de lectura\" \/>\n\t<meta name=\"twitter:data1\" content=\"5 minutos\" \/>\n<script type=\"application\/ld+json\" class=\"yoast-schema-graph\">{\"@context\":\"https:\\\/\\\/schema.org\",\"@graph\":[{\"@type\":\"WebPage\",\"@id\":\"https:\\\/\\\/www.vdhurk.nl\\\/peugeot-bedrijfswagens\\\/expert\\\/\",\"url\":\"https:\\\/\\\/www.vdhurk.nl\\\/peugeot-bedrijfswagens\\\/expert\\\/\",\"name\":\"Peugeot Expert occasion kopen? Bekijk ons actuele aanbod!\",\"isPartOf\":{\"@id\":\"https:\\\/\\\/www.vdhurk.nl\\\/#website\"},\"datePublished\":\"2024-09-20T09:25:27+00:00\",\"description\":\"Op zoek naar een Peugeot Expert occasion? Vind de bedrijfswagen die helemaal aansluit bij jouw zakelijke behoeften bij Van den Hurk\",\"breadcrumb\":{\"@id\":\"https:\\\/\\\/www.vdhurk.nl\\\/peugeot-bedrijfswagens\\\/expert\\\/#breadcrumb\"},\"inLanguage\":\"es\",\"potentialAction\":[{\"@type\":\"ReadAction\",\"target\":[\"https:\\\/\\\/www.vdhurk.nl\\\/peugeot-bedrijfswagens\\\/expert\\\/\"]}]},{\"@type\":\"BreadcrumbList\",\"@id\":\"https:\\\/\\\/www.vdhurk.nl\\\/peugeot-bedrijfswagens\\\/expert\\\/#breadcrumb\",\"itemListElement\":[{\"@type\":\"ListItem\",\"position\":1,\"name\":\"Home\",\"item\":\"https:\\\/\\\/www.vdhurk.nl\\\/home\\\/\"},{\"@type\":\"ListItem\",\"position\":2,\"name\":\"Peugeot Bedrijfswagens\",\"item\":\"https:\\\/\\\/www.vdhurk.nl\\\/peugeot-bedrijfswagens\\\/\"},{\"@type\":\"ListItem\",\"position\":3,\"name\":\"Peugeot Expert\"}]},{\"@type\":\"WebSite\",\"@id\":\"https:\\\/\\\/www.vdhurk.nl\\\/#website\",\"url\":\"https:\\\/\\\/www.vdhurk.nl\\\/\",\"name\":\"Van den Hurk Bedrijfswagens\",\"description\":\"Van den Hurk bedrijfswagens Helmond\",\"potentialAction\":[{\"@type\":\"SearchAction\",\"target\":{\"@type\":\"EntryPoint\",\"urlTemplate\":\"https:\\\/\\\/www.vdhurk.nl\\\/?s={search_term_string}\"},\"query-input\":{\"@type\":\"PropertyValueSpecification\",\"valueRequired\":true,\"valueName\":\"search_term_string\"}}],\"inLanguage\":\"es\"}]}<\/script>\n<!-- \/ Yoast SEO plugin. -->","yoast_head_json":{"title":"\u00bfComprando un Peugeot Expert de ocasi\u00f3n? \u00a1Echa un vistazo a nuestra oferta actual!","description":"\u00bfBuscas un Peugeot Expert de ocasi\u00f3n? Encuentra el veh\u00edculo comercial que se adapta a las necesidades de tu empresa en Van den Hurk","robots":{"index":"index","follow":"follow","max-snippet":"max-snippet:-1","max-image-preview":"max-image-preview:large","max-video-preview":"max-video-preview:-1"},"canonical":"https:\/\/www.vdhurk.nl\/es\/vehiculos-comerciales-peugeot\/mercedes-19\/","og_locale":"es_ES","og_type":"article","og_title":"Peugeot Expert occasion kopen? Bekijk ons actuele aanbod!","og_description":"Op zoek naar een Peugeot Expert occasion? Vind de bedrijfswagen die helemaal aansluit bij jouw zakelijke behoeften bij Van den Hurk","og_url":"https:\/\/www.vdhurk.nl\/es\/vehiculos-comerciales-peugeot\/mercedes-19\/","og_site_name":"Van den Hurk Bedrijfswagens","twitter_card":"summary_large_image","twitter_misc":{"Tiempo de lectura":"5 minutos"},"schema":{"@context":"https:\/\/schema.org","@graph":[{"@type":"WebPage","@id":"https:\/\/www.vdhurk.nl\/peugeot-bedrijfswagens\/expert\/","url":"https:\/\/www.vdhurk.nl\/peugeot-bedrijfswagens\/expert\/","name":"\u00bfComprando un Peugeot Expert de ocasi\u00f3n? \u00a1Echa un vistazo a nuestra oferta actual!","isPartOf":{"@id":"https:\/\/www.vdhurk.nl\/#website"},"datePublished":"2024-09-20T09:25:27+00:00","description":"\u00bfBuscas un Peugeot Expert de ocasi\u00f3n? Encuentra el veh\u00edculo comercial que se adapta a las necesidades de tu empresa en Van den Hurk","breadcrumb":{"@id":"https:\/\/www.vdhurk.nl\/peugeot-bedrijfswagens\/expert\/#breadcrumb"},"inLanguage":"es","potentialAction":[{"@type":"ReadAction","target":["https:\/\/www.vdhurk.nl\/peugeot-bedrijfswagens\/expert\/"]}]},{"@type":"BreadcrumbList","@id":"https:\/\/www.vdhurk.nl\/peugeot-bedrijfswagens\/expert\/#breadcrumb","itemListElement":[{"@type":"ListItem","position":1,"name":"Home","item":"https:\/\/www.vdhurk.nl\/home\/"},{"@type":"ListItem","position":2,"name":"Peugeot Bedrijfswagens","item":"https:\/\/www.vdhurk.nl\/peugeot-bedrijfswagens\/"},{"@type":"ListItem","position":3,"name":"Peugeot Expert"}]},{"@type":"WebSite","@id":"https:\/\/www.vdhurk.nl\/#website","url":"https:\/\/www.vdhurk.nl\/","name":"Veh\u00edculos comerciales Van den Hurk","description":"Van den Hurk veh\u00edculos comerciales Helmond","potentialAction":[{"@type":"SearchAction","target":{"@type":"EntryPoint","urlTemplate":"https:\/\/www.vdhurk.nl\/?s={search_term_string}"},"query-input":{"@type":"PropertyValueSpecification","valueRequired":true,"valueName":"search_term_string"}}],"inLanguage":"es"}]}},"_links":{"self":[{"href":"https:\/\/www.vdhurk.nl\/es\/wp-json\/wp\/v2\/pages\/405921","targetHints":{"allow":["GET"]}}],"collection":[{"href":"https:\/\/www.vdhurk.nl\/es\/wp-json\/wp\/v2\/pages"}],"about":[{"href":"https:\/\/www.vdhurk.nl\/es\/wp-json\/wp\/v2\/types\/page"}],"author":[{"embeddable":true,"href":"https:\/\/www.vdhurk.nl\/es\/wp-json\/wp\/v2\/users\/3"}],"replies":[{"embeddable":true,"href":"https:\/\/www.vdhurk.nl\/es\/wp-json\/wp\/v2\/comments?post=405921"}],"version-history":[{"count":1,"href":"https:\/\/www.vdhurk.nl\/es\/wp-json\/wp\/v2\/pages\/405921\/revisions"}],"predecessor-version":[{"id":405922,"href":"https:\/\/www.vdhurk.nl\/es\/wp-json\/wp\/v2\/pages\/405921\/revisions\/405922"}],"up":[{"embeddable":true,"href":"https:\/\/www.vdhurk.nl\/es\/wp-json\/wp\/v2\/pages\/370581"}],"wp:attachment":[{"href":"https:\/\/www.vdhurk.nl\/es\/wp-json\/wp\/v2\/media?parent=405921"}],"curies":[{"name":"wp","href":"https:\/\/api.w.org\/{rel}","templated":true}]}}