{"id":402273,"date":"2024-09-05T10:59:46","date_gmt":"2024-09-05T08:59:46","guid":{"rendered":"https:\/\/www.vdhurk.nl\/?page_id=402273"},"modified":"2024-09-05T10:59:46","modified_gmt":"2024-09-05T08:59:46","slug":"mercedes-23","status":"publish","type":"page","link":"https:\/\/www.vdhurk.nl\/es\/fiat-bedrijfswagens\/fiorino\/","title":{"rendered":"Fiat Fiorino"},"content":{"rendered":"<section  class='av_textblock_section av-lu8gnh7d-4ac895489941e586c1d7c8cb72318135'  itemscope=\"itemscope\" itemtype=\"https:\/\/schema.org\/CreativeWork\" ><div class='avia_textblock'  itemprop=\"text\" ><h1>Encuentre su Fiat Fiorino<\/h1>\n<p>El Fiat Fiorino occasion es un veh\u00edculo comercial asequible y vers\u00e1til en su clase. Combinando funcionalidad con estilo, este modelo ofrece una soluci\u00f3n fiable para una gran variedad de necesidades empresariales. Gracias a su tama\u00f1o compacto, este veh\u00edculo comercial se mueve sin esfuerzo entre el tr\u00e1fico y se aparca f\u00e1cilmente en espacios reducidos. Esto hace que el Fiat Fiorino sea popular entre las empresas.<\/p>\n<\/div><\/section>\n\n<style type=\"text\/css\" data-created_by=\"avia_inline_auto\" id=\"style-css-av-lujjddpd-afa3d7a9eabd61123e643ed1228e781e\">\n#top .hr.hr-invisible.av-lujjddpd-afa3d7a9eabd61123e643ed1228e781e{\nheight:50px;\n}\n<\/style>\n<div  class='hr av-lujjddpd-afa3d7a9eabd61123e643ed1228e781e hr-invisible  avia-builder-el-1  el_after_av_textblock  el_before_av_codeblock'><span class='hr-inner'><span class=\"hr-inner-style\"><\/span><\/span><\/div>\n\n\n<style type=\"text\/css\" data-created_by=\"avia_inline_auto\" id=\"style-css-av-ah0xd-63338d9dc6b40410e22a712829c369d6\">\n#top .hr.hr-invisible.av-ah0xd-63338d9dc6b40410e22a712829c369d6{\nheight:50px;\n}\n<\/style>\n<div  class='hr av-ah0xd-63338d9dc6b40410e22a712829c369d6 hr-invisible  avia-builder-el-3  el_after_av_codeblock  el_before_av_textblock'><span class='hr-inner'><span class=\"hr-inner-style\"><\/span><\/span><\/div>\n<section  class='av_textblock_section av-lu8gow1e-300853e458ed741bd87d6cb78e55cc7a'  itemscope=\"itemscope\" itemtype=\"https:\/\/schema.org\/CreativeWork\" ><div class='avia_textblock'  itemprop=\"text\" ><h2>Ventajas del Fiat Fiorino<\/h2>\n<p>Este veh\u00edculo comercial tiene muchas ventajas, entre ellas su excelente maniobrabilidad. Gracias a sus dimensiones compactas, este veh\u00edculo comercial es ideal para el tr\u00e1fico urbano: circula f\u00e1cilmente por calles estrechas y situaciones de tr\u00e1fico intenso. A pesar de su modesto tama\u00f1o, el Fiorino ofrece una impresionante carga \u00fatil, por lo que el transporte de mercanc\u00edas no supone ning\u00fan problema. Adem\u00e1s, sus motores de bajo consumo garantizan unos bajos costes operativos, lo que convierte a este modelo en una opci\u00f3n rentable para las empresas que buscan minimizar sus gastos. Con una s\u00f3lida reputaci\u00f3n de fiabilidad, <a href=\"https:\/\/www.vdhurk.nl\/es\/vehiculos-comerciales-fiat\/\">Fiat<\/a> ha garantizado que el Fiorino est\u00e9 dise\u00f1ado para un uso intensivo y a largo plazo. Adem\u00e1s, este veh\u00edculo est\u00e1 disponible en distintas versiones y puede adaptarse f\u00e1cilmente a las necesidades espec\u00edficas de la empresa.<\/p>\n<\/div><\/section>\n<div class='flex_column av-f64w1-da126f42b61613402309283c14245a25 av_one_half  avia-builder-el-5  el_after_av_textblock  el_before_av_one_third  first flex_column_div column-top-margin'   ><section  class='av_textblock_section av-lu8gpqre-73cc2c17e6a6497ba6e1b58af22bd9e8'  itemscope=\"itemscope\" itemtype=\"https:\/\/schema.org\/CreativeWork\" ><div class='avia_textblock'  itemprop=\"text\" ><h2>Especificaciones<\/h2>\n<p>El Fiat Fiorino presenta varias caracter\u00edsticas que lo convierten en una opci\u00f3n popular entre empresas y organizaciones. Este modelo ofrece una impresionante capacidad de carga de hasta 610 kilogramos, ideal para el transporte de mercanc\u00edas. El interior funcional combina facilidad de uso con opciones de almacenamiento inteligentes. La seguridad siempre es lo primero; por ello, la Fiorino cuenta con una amplia gama de caracter\u00edsticas de seguridad de serie y opcionales para una protecci\u00f3n \u00f3ptima. Adem\u00e1s, dispone de tecnolog\u00edas modernas como un sistema de infoentretenimiento y opciones de conectividad, lo que hace que el veh\u00edculo no s\u00f3lo sea pr\u00e1ctico, sino que tambi\u00e9n est\u00e9 preparado para el futuro.<\/p>\n<\/div><\/section><\/div><div class='flex_column av-aldk9-ee694297f5c4032981677a02caab84d6 av_one_third  avia-builder-el-7  el_after_av_one_half  el_before_av_hr  flex_column_div column-top-margin'   ><style type=\"text\/css\" data-created_by=\"avia_inline_auto\" id=\"style-css-av-l1w9kpsf-4ec3fab772ec7a9adaa33cfc64ff0475\">\n.avia-image-container.av-l1w9kpsf-4ec3fab772ec7a9adaa33cfc64ff0475 .av-image-caption-overlay-center{\ncolor:#ffffff;\n}\n<\/style>\n<div  class='avia-image-container av-l1w9kpsf-4ec3fab772ec7a9adaa33cfc64ff0475 av-styling- avia-align-center  avia-builder-el-8  avia-builder-el-no-sibling'  itemprop=\"image\" itemscope=\"itemscope\" itemtype=\"https:\/\/schema.org\/ImageObject\" ><div class=\"avia-image-container-inner\"><div class=\"avia-image-overlay-wrap\"><img decoding=\"async\" class='wp-image-187 avia-img-lazy-loading-not-187 avia_image' src=\"https:\/\/www.vdhurk.nl\/wp-content\/uploads\/2022\/03\/Voorrad.png\" alt='' title='Stock'  height=\"758\" width=\"1135\"  itemprop=\"thumbnailUrl\" srcset=\"https:\/\/www.vdhurk.nl\/wp-content\/uploads\/2022\/03\/Voorrad.png 1135w, https:\/\/www.vdhurk.nl\/wp-content\/uploads\/2022\/03\/Voorrad-300x200.png 300w, https:\/\/www.vdhurk.nl\/wp-content\/uploads\/2022\/03\/Voorrad-1030x688.png 1030w, https:\/\/www.vdhurk.nl\/wp-content\/uploads\/2022\/03\/Voorrad-768x513.png 768w, https:\/\/www.vdhurk.nl\/wp-content\/uploads\/2022\/03\/Voorrad-18x12.png 18w, https:\/\/www.vdhurk.nl\/wp-content\/uploads\/2022\/03\/Voorrad-705x471.png 705w\" sizes=\"(max-width: 1135px) 100vw, 1135px\" \/><\/div><\/div><\/div><\/div><\/p>\n\n<style type=\"text\/css\" data-created_by=\"avia_inline_auto\" id=\"style-css-av-luqrjpjc-5a23a1fb5f94718ca85316a9df963e2f\">\n#top .hr.hr-invisible.av-luqrjpjc-5a23a1fb5f94718ca85316a9df963e2f{\nheight:50px;\n}\n<\/style>\n<div  class='hr av-luqrjpjc-5a23a1fb5f94718ca85316a9df963e2f hr-invisible  avia-builder-el-9  el_after_av_one_third  el_before_av_textblock'><span class='hr-inner'><span class=\"hr-inner-style\"><\/span><\/span><\/div>\n<section  class='av_textblock_section av-lu8gtjw7-4f3cee9304909518d86d2860d9d582dd'  itemscope=\"itemscope\" itemtype=\"https:\/\/schema.org\/CreativeWork\" ><div class='avia_textblock'  itemprop=\"text\" ><h2>Comprar un Fiat Fiorino: \u00bfcu\u00e1les son los precios?<\/h2>\n<p>Los precios var\u00edan porque tenemos modelos Fiat Fiorino nuevos y de segunda mano en nuestra gama. Naturalmente, el precio de un modelo nuevo es m\u00e1s elevado que el de uno de segunda mano. Adem\u00e1s, hay otros factores que tambi\u00e9n influyen en el precio, como la versi\u00f3n y el estado del veh\u00edculo. Nuestra gama es variable, por lo que los precios dependen de lo que haya disponible en ese momento. Aunque es dif\u00edcil dar un precio exacto, normalmente puedes contar con entre 10.000 y 15.000 euros por un Fiat Fiorino de segunda mano, mientras que un modelo nuevo comienza en torno a los 20.000 euros. As\u00ed que consulta nuestra oferta con regularidad para encontrar la mejor oferta.<\/p>\n<h2>Leasing de un Fiat Fiorino<\/h2>\n<p>Adem\u00e1s de la opci\u00f3n de comprar directamente un veh\u00edculo industrial, tambi\u00e9n puede optar por <a href=\"https:\/\/www.vdhurk.nl\/es\/arrendamiento-financiero\/\">arrendamiento financiero<\/a>. Con esta opci\u00f3n, no tiene que desembolsar una gran suma de dinero de una sola vez. En lugar de eso, pagas el veh\u00edculo en cuotas mensuales y gradualmente pasa a ser de tu propiedad. Esto significa que pagas una cantidad fija cada mes, lo que facilita y flexibiliza tu planificaci\u00f3n financiera. Al final del periodo de leasing, eres el propietario total del veh\u00edculo, sin tener que hacer una gran inversi\u00f3n por adelantado.<\/p>\n<h2>Ver la oferta<\/h2>\n<p>\u00bfQuiere comprar un Fiat Fiorino de ocasi\u00f3n? Entonces echa un vistazo a la oferta actual de Van den Hurk. \u00bfSu coche de empresa perfecto no est\u00e1 en la lista? No se preocupe. Ap\u00fantate a nuestra <a href=\"https:\/\/www.vdhurk.nl\/es\/alerta-de-valores\/\">alerta de valores<\/a>. Adem\u00e1s, siempre tiene la opci\u00f3n de ponerse en contacto con nosotros. Estaremos encantados de informarle para que pueda elegir con conocimiento de causa.<\/p>\n<\/div><\/section>","protected":false},"excerpt":{"rendered":"","protected":false},"author":3,"featured_media":0,"parent":372075,"menu_order":0,"comment_status":"closed","ping_status":"closed","template":"","meta":{"_acf_changed":false,"_improvement_type_select":"improve_an_existing","_thumb_yes_seoaic":false,"_frame_yes_seoaic":false,"seoaic_generate_description":"","seoaic_improve_instructions_prompt":"","seoaic_rollback_content_improvement":"","seoaic_idea_thumbnail_generator":"","thumbnail_generated":false,"thumbnail_generate_prompt":"","seoaic_article_description":"","footnotes":""},"class_list":["post-402273","page","type-page","status-publish","hentry"],"acf":[],"yoast_head":"<!-- This site is optimized with the Yoast SEO plugin v27.5 - https:\/\/yoast.com\/product\/yoast-seo-wordpress\/ -->\n<title>Koop een Fiat Fiorino occasion tegenover scherpe prijzen<\/title>\n<meta name=\"description\" content=\"Vind jouw Fiat Fiorino occasion binnen ons uitgebreide assortiment. Ontdek de voordelen en specificaties van dit model en kies voor service en kwaliteit.\" \/>\n<meta name=\"robots\" content=\"index, follow, max-snippet:-1, max-image-preview:large, max-video-preview:-1\" \/>\n<link rel=\"canonical\" href=\"https:\/\/www.vdhurk.nl\/es\/vehiculos-comerciales-fiat\/mercedes-23\/\" \/>\n<meta property=\"og:locale\" content=\"es_ES\" \/>\n<meta property=\"og:type\" content=\"article\" \/>\n<meta property=\"og:title\" content=\"Koop een Fiat Fiorino occasion tegenover scherpe prijzen\" \/>\n<meta property=\"og:description\" content=\"Vind jouw Fiat Fiorino occasion binnen ons uitgebreide assortiment. Ontdek de voordelen en specificaties van dit model en kies voor service en kwaliteit.\" \/>\n<meta property=\"og:url\" content=\"https:\/\/www.vdhurk.nl\/es\/vehiculos-comerciales-fiat\/mercedes-23\/\" \/>\n<meta property=\"og:site_name\" content=\"Van den Hurk Bedrijfswagens\" \/>\n<meta name=\"twitter:card\" content=\"summary_large_image\" \/>\n<meta name=\"twitter:label1\" content=\"Tiempo de lectura\" \/>\n\t<meta name=\"twitter:data1\" content=\"5 minutos\" \/>\n<script type=\"application\/ld+json\" class=\"yoast-schema-graph\">{\"@context\":\"https:\\\/\\\/schema.org\",\"@graph\":[{\"@type\":\"WebPage\",\"@id\":\"https:\\\/\\\/www.vdhurk.nl\\\/fiat-bedrijfswagens\\\/fiorino\\\/\",\"url\":\"https:\\\/\\\/www.vdhurk.nl\\\/fiat-bedrijfswagens\\\/fiorino\\\/\",\"name\":\"Koop een Fiat Fiorino occasion tegenover scherpe prijzen\",\"isPartOf\":{\"@id\":\"https:\\\/\\\/www.vdhurk.nl\\\/#website\"},\"datePublished\":\"2024-09-05T08:59:46+00:00\",\"description\":\"Vind jouw Fiat Fiorino occasion binnen ons uitgebreide assortiment. Ontdek de voordelen en specificaties van dit model en kies voor service en kwaliteit.\",\"breadcrumb\":{\"@id\":\"https:\\\/\\\/www.vdhurk.nl\\\/fiat-bedrijfswagens\\\/fiorino\\\/#breadcrumb\"},\"inLanguage\":\"es\",\"potentialAction\":[{\"@type\":\"ReadAction\",\"target\":[\"https:\\\/\\\/www.vdhurk.nl\\\/fiat-bedrijfswagens\\\/fiorino\\\/\"]}]},{\"@type\":\"BreadcrumbList\",\"@id\":\"https:\\\/\\\/www.vdhurk.nl\\\/fiat-bedrijfswagens\\\/fiorino\\\/#breadcrumb\",\"itemListElement\":[{\"@type\":\"ListItem\",\"position\":1,\"name\":\"Home\",\"item\":\"https:\\\/\\\/www.vdhurk.nl\\\/home\\\/\"},{\"@type\":\"ListItem\",\"position\":2,\"name\":\"Fiat Bedrijfswagens\",\"item\":\"https:\\\/\\\/www.vdhurk.nl\\\/fiat-bedrijfswagens\\\/\"},{\"@type\":\"ListItem\",\"position\":3,\"name\":\"Fiat Fiorino\"}]},{\"@type\":\"WebSite\",\"@id\":\"https:\\\/\\\/www.vdhurk.nl\\\/#website\",\"url\":\"https:\\\/\\\/www.vdhurk.nl\\\/\",\"name\":\"Van den Hurk Bedrijfswagens\",\"description\":\"Van den Hurk bedrijfswagens Helmond\",\"potentialAction\":[{\"@type\":\"SearchAction\",\"target\":{\"@type\":\"EntryPoint\",\"urlTemplate\":\"https:\\\/\\\/www.vdhurk.nl\\\/?s={search_term_string}\"},\"query-input\":{\"@type\":\"PropertyValueSpecification\",\"valueRequired\":true,\"valueName\":\"search_term_string\"}}],\"inLanguage\":\"es\"}]}<\/script>\n<!-- \/ Yoast SEO plugin. -->","yoast_head_json":{"title":"Comprar un Fiat Fiorino de ocasi\u00f3n a precios competitivos","description":"Encuentre su Fiat Fiorino de ocasi\u00f3n entre nuestra amplia gama. Descubre las ventajas y especificaciones de este modelo y elige servicio y calidad.","robots":{"index":"index","follow":"follow","max-snippet":"max-snippet:-1","max-image-preview":"max-image-preview:large","max-video-preview":"max-video-preview:-1"},"canonical":"https:\/\/www.vdhurk.nl\/es\/vehiculos-comerciales-fiat\/mercedes-23\/","og_locale":"es_ES","og_type":"article","og_title":"Koop een Fiat Fiorino occasion tegenover scherpe prijzen","og_description":"Vind jouw Fiat Fiorino occasion binnen ons uitgebreide assortiment. Ontdek de voordelen en specificaties van dit model en kies voor service en kwaliteit.","og_url":"https:\/\/www.vdhurk.nl\/es\/vehiculos-comerciales-fiat\/mercedes-23\/","og_site_name":"Van den Hurk Bedrijfswagens","twitter_card":"summary_large_image","twitter_misc":{"Tiempo de lectura":"5 minutos"},"schema":{"@context":"https:\/\/schema.org","@graph":[{"@type":"WebPage","@id":"https:\/\/www.vdhurk.nl\/fiat-bedrijfswagens\/fiorino\/","url":"https:\/\/www.vdhurk.nl\/fiat-bedrijfswagens\/fiorino\/","name":"Comprar un Fiat Fiorino de ocasi\u00f3n a precios competitivos","isPartOf":{"@id":"https:\/\/www.vdhurk.nl\/#website"},"datePublished":"2024-09-05T08:59:46+00:00","description":"Encuentre su Fiat Fiorino de ocasi\u00f3n entre nuestra amplia gama. Descubre las ventajas y especificaciones de este modelo y elige servicio y calidad.","breadcrumb":{"@id":"https:\/\/www.vdhurk.nl\/fiat-bedrijfswagens\/fiorino\/#breadcrumb"},"inLanguage":"es","potentialAction":[{"@type":"ReadAction","target":["https:\/\/www.vdhurk.nl\/fiat-bedrijfswagens\/fiorino\/"]}]},{"@type":"BreadcrumbList","@id":"https:\/\/www.vdhurk.nl\/fiat-bedrijfswagens\/fiorino\/#breadcrumb","itemListElement":[{"@type":"ListItem","position":1,"name":"Home","item":"https:\/\/www.vdhurk.nl\/home\/"},{"@type":"ListItem","position":2,"name":"Fiat Bedrijfswagens","item":"https:\/\/www.vdhurk.nl\/fiat-bedrijfswagens\/"},{"@type":"ListItem","position":3,"name":"Fiat Fiorino"}]},{"@type":"WebSite","@id":"https:\/\/www.vdhurk.nl\/#website","url":"https:\/\/www.vdhurk.nl\/","name":"Veh\u00edculos comerciales Van den Hurk","description":"Van den Hurk veh\u00edculos comerciales Helmond","potentialAction":[{"@type":"SearchAction","target":{"@type":"EntryPoint","urlTemplate":"https:\/\/www.vdhurk.nl\/?s={search_term_string}"},"query-input":{"@type":"PropertyValueSpecification","valueRequired":true,"valueName":"search_term_string"}}],"inLanguage":"es"}]}},"_links":{"self":[{"href":"https:\/\/www.vdhurk.nl\/es\/wp-json\/wp\/v2\/pages\/402273","targetHints":{"allow":["GET"]}}],"collection":[{"href":"https:\/\/www.vdhurk.nl\/es\/wp-json\/wp\/v2\/pages"}],"about":[{"href":"https:\/\/www.vdhurk.nl\/es\/wp-json\/wp\/v2\/types\/page"}],"author":[{"embeddable":true,"href":"https:\/\/www.vdhurk.nl\/es\/wp-json\/wp\/v2\/users\/3"}],"replies":[{"embeddable":true,"href":"https:\/\/www.vdhurk.nl\/es\/wp-json\/wp\/v2\/comments?post=402273"}],"version-history":[{"count":1,"href":"https:\/\/www.vdhurk.nl\/es\/wp-json\/wp\/v2\/pages\/402273\/revisions"}],"predecessor-version":[{"id":402274,"href":"https:\/\/www.vdhurk.nl\/es\/wp-json\/wp\/v2\/pages\/402273\/revisions\/402274"}],"up":[{"embeddable":true,"href":"https:\/\/www.vdhurk.nl\/es\/wp-json\/wp\/v2\/pages\/372075"}],"wp:attachment":[{"href":"https:\/\/www.vdhurk.nl\/es\/wp-json\/wp\/v2\/media?parent=402273"}],"curies":[{"name":"wp","href":"https:\/\/api.w.org\/{rel}","templated":true}]}}