{"id":402271,"date":"2024-09-05T10:51:30","date_gmt":"2024-09-05T08:51:30","guid":{"rendered":"https:\/\/www.vdhurk.nl\/?page_id=402271"},"modified":"2024-09-05T10:51:30","modified_gmt":"2024-09-05T08:51:30","slug":"mercedes-17","status":"publish","type":"page","link":"https:\/\/www.vdhurk.nl\/es\/fiat-bedrijfswagens\/ducato\/","title":{"rendered":"Fiat Ducato"},"content":{"rendered":"<section  class='av_textblock_section av-lu8gnh7d-4ac895489941e586c1d7c8cb72318135'  itemscope=\"itemscope\" itemtype=\"https:\/\/schema.org\/CreativeWork\" ><div class='avia_textblock'  itemprop=\"text\" ><h1>\u00bfComprando un Fiat Ducato de ocasi\u00f3n?<\/h1>\n<p>\u00bfBusca el veh\u00edculo comercial ideal para su negocio? Entonces un Fiat Ducato occasion es la elecci\u00f3n perfecta. El Fiat Ducato occasion es una opci\u00f3n popular entre los usuarios de negocios por varias razones. Descubra aqu\u00ed todo lo que necesita saber y decida si el Ducato se adapta a las necesidades de su empresa.<\/p>\n<\/div><\/section>\n\n<style type=\"text\/css\" data-created_by=\"avia_inline_auto\" id=\"style-css-av-lujjddpd-afa3d7a9eabd61123e643ed1228e781e\">\n#top .hr.hr-invisible.av-lujjddpd-afa3d7a9eabd61123e643ed1228e781e{\nheight:50px;\n}\n<\/style>\n<div  class='hr av-lujjddpd-afa3d7a9eabd61123e643ed1228e781e hr-invisible  avia-builder-el-1  el_after_av_textblock  el_before_av_codeblock'><span class='hr-inner'><span class=\"hr-inner-style\"><\/span><\/span><\/div>\n\n\n<style type=\"text\/css\" data-created_by=\"avia_inline_auto\" id=\"style-css-av-5op6opf-b2213bc341fb70d5a9a643132d6a8789\">\n#top .hr.hr-invisible.av-5op6opf-b2213bc341fb70d5a9a643132d6a8789{\nheight:50px;\n}\n<\/style>\n<div  class='hr av-5op6opf-b2213bc341fb70d5a9a643132d6a8789 hr-invisible  avia-builder-el-3  el_after_av_codeblock  el_before_av_textblock'><span class='hr-inner'><span class=\"hr-inner-style\"><\/span><\/span><\/div>\n<section  class='av_textblock_section av-lu8gow1e-300853e458ed741bd87d6cb78e55cc7a'  itemscope=\"itemscope\" itemtype=\"https:\/\/schema.org\/CreativeWork\" ><div class='avia_textblock'  itemprop=\"text\" ><h2>Especificaciones del Fiat Ducato<\/h2>\n<p>La marca <a href=\"https:\/\/www.vdhurk.nl\/es\/vehiculos-comerciales-fiat\/\">Fiat<\/a> ofrece una amplia gama de veh\u00edculos comerciales, y la Fiat Ducato es uno de los modelos m\u00e1s apreciados de su gama. La furgoneta es conocida por su fiabilidad, versatilidad y asequibilidad. Esto la hace especialmente popular entre los comerciantes individuales y las empresas. Con un motor potente y un interior espacioso y flexible, este modelo es ideal para aplicaciones empresariales. Tanto si transporta personas como suministros, el Ducato se adapta sin esfuerzo a sus necesidades. Adem\u00e1s, el modelo est\u00e1 disponible en varias opciones de equipamiento, por lo que siempre encontrar\u00e1 algo que se adapte a sus necesidades.<\/p>\n<\/div><\/section>\n<div class='flex_column av-f64w1-da126f42b61613402309283c14245a25 av_one_half  avia-builder-el-5  el_after_av_textblock  el_before_av_one_third  first flex_column_div column-top-margin'   ><section  class='av_textblock_section av-lu8gpqre-73cc2c17e6a6497ba6e1b58af22bd9e8'  itemscope=\"itemscope\" itemtype=\"https:\/\/schema.org\/CreativeWork\" ><div class='avia_textblock'  itemprop=\"text\" ><h2>\u00bfQu\u00e9 ventajas aporta este modelo?<\/h2>\n<p>El Fiat Ducato ofrece numerosas ventajas que lo diferencian de otros veh\u00edculos comerciales. Una de las ventajas m\u00e1s impresionantes es su carga \u00fatil efectiva. Esto hace que la Ducato sea muy adecuada para cargas pesadas. Adem\u00e1s, el dise\u00f1o de esta furgoneta se centra en la facilidad de uso. De hecho, estos veh\u00edculos se caracterizan por su facilidad de carga y descarga gracias a las amplias puertas traseras y al bajo umbral de carga. Adem\u00e1s, estos veh\u00edculos comerciales est\u00e1n equipados con una amplia gama de caracter\u00edsticas, como diversos sistemas de asistencia a la conducci\u00f3n y, por supuesto, elementos de seguridad. Esto ofrece a los conductores la posibilidad de adaptar el veh\u00edculo a sus necesidades espec\u00edficas. El Ducato garantiza tanto el confort como la seguridad durante cada trayecto.<\/p>\n<\/div><\/section><\/div><div class='flex_column av-aldk9-ee694297f5c4032981677a02caab84d6 av_one_third  avia-builder-el-7  el_after_av_one_half  el_before_av_hr  flex_column_div column-top-margin'   ><style type=\"text\/css\" data-created_by=\"avia_inline_auto\" id=\"style-css-av-l1w9kpsf-4ec3fab772ec7a9adaa33cfc64ff0475\">\n.avia-image-container.av-l1w9kpsf-4ec3fab772ec7a9adaa33cfc64ff0475 .av-image-caption-overlay-center{\ncolor:#ffffff;\n}\n<\/style>\n<div  class='avia-image-container av-l1w9kpsf-4ec3fab772ec7a9adaa33cfc64ff0475 av-styling- avia-align-center  avia-builder-el-8  avia-builder-el-no-sibling'  itemprop=\"image\" itemscope=\"itemscope\" itemtype=\"https:\/\/schema.org\/ImageObject\" ><div class=\"avia-image-container-inner\"><div class=\"avia-image-overlay-wrap\"><img decoding=\"async\" class='wp-image-187 avia-img-lazy-loading-not-187 avia_image' src=\"https:\/\/www.vdhurk.nl\/wp-content\/uploads\/2022\/03\/Voorrad.png\" alt='' title='Stock'  height=\"758\" width=\"1135\"  itemprop=\"thumbnailUrl\" srcset=\"https:\/\/www.vdhurk.nl\/wp-content\/uploads\/2022\/03\/Voorrad.png 1135w, https:\/\/www.vdhurk.nl\/wp-content\/uploads\/2022\/03\/Voorrad-300x200.png 300w, https:\/\/www.vdhurk.nl\/wp-content\/uploads\/2022\/03\/Voorrad-1030x688.png 1030w, https:\/\/www.vdhurk.nl\/wp-content\/uploads\/2022\/03\/Voorrad-768x513.png 768w, https:\/\/www.vdhurk.nl\/wp-content\/uploads\/2022\/03\/Voorrad-18x12.png 18w, https:\/\/www.vdhurk.nl\/wp-content\/uploads\/2022\/03\/Voorrad-705x471.png 705w\" sizes=\"(max-width: 1135px) 100vw, 1135px\" \/><\/div><\/div><\/div><\/div><\/p>\n\n<style type=\"text\/css\" data-created_by=\"avia_inline_auto\" id=\"style-css-av-luqrjpjc-5a23a1fb5f94718ca85316a9df963e2f\">\n#top .hr.hr-invisible.av-luqrjpjc-5a23a1fb5f94718ca85316a9df963e2f{\nheight:50px;\n}\n<\/style>\n<div  class='hr av-luqrjpjc-5a23a1fb5f94718ca85316a9df963e2f hr-invisible  avia-builder-el-9  el_after_av_one_third  el_before_av_textblock'><span class='hr-inner'><span class=\"hr-inner-style\"><\/span><\/span><\/div>\n<section  class='av_textblock_section av-lu8gtjw7-4f3cee9304909518d86d2860d9d582dd'  itemscope=\"itemscope\" itemtype=\"https:\/\/schema.org\/CreativeWork\" ><div class='avia_textblock'  itemprop=\"text\" ><h2>\u00bfCu\u00e1nto pagas por un Fiat Ducato?<\/h2>\n<p>Los precios de los veh\u00edculos comerciales var\u00edan, lo cual no es sorprendente. De hecho, la gama var\u00eda enormemente, desde modelos sencillos de Fiat Ducato hasta versiones totalmente equipadas. Tanto si busca un veh\u00edculo nuevo como uno usado, hay para todos los bolsillos.<\/p>\n<h2>\u00bfComprar Fiat Ducato de segunda mano o nuevo?<\/h2>\n<p>\u00bfPrefieres comprar un Fiat Ducato usado o nuevo? Ambas opciones son posibles en Van den Hurk. Cu\u00e1l es la mejor opci\u00f3n para usted depende de su situaci\u00f3n. Considere ambas opciones y vea cu\u00e1l se adapta mejor a sus objetivos empresariales y a su presupuesto. En Van den Hurk estamos preparados para ayudarte con un asesoramiento a medida. Comprar un Fiat Ducato nunca ha sido tan f\u00e1cil.<\/p>\n<h2>Leasing Fiat Ducato<\/h2>\n<p>Adem\u00e1s de la opci\u00f3n de adquirir un veh\u00edculo comercial en firme, tambi\u00e9n puede optar por <a href=\"https:\/\/www.vdhurk.nl\/es\/arrendamiento-financiero\/\">arrendamiento financiero<\/a>. Con esta opci\u00f3n, no tienes que pagar una gran cantidad de una sola vez. En lugar de eso, pagas el veh\u00edculo a plazos y \u00e9ste pasa gradualmente a ser de tu propiedad. Esto significa que pagas una cantidad fija cada mes, lo que te proporciona previsibilidad y flexibilidad financiera. Al final del contrato de leasing, ser\u00e1s el propietario total del veh\u00edculo, sin tener que hacer grandes inversiones por adelantado.<\/p>\n<h2>Encuentre el coche de empresa que mejor se adapte a su negocio<\/h2>\n<p>\u00bfQuieres comprar un Fiat Ducato o saber m\u00e1s sobre lo que se adapta a las necesidades de tu negocio? Estaremos encantados de ayudarle a tomar la decisi\u00f3n correcta. Consulte nuestra oferta actual o p\u00f3ngase en contacto con nosotros.<\/p>\n<\/div><\/section>","protected":false},"excerpt":{"rendered":"","protected":false},"author":3,"featured_media":0,"parent":372075,"menu_order":0,"comment_status":"closed","ping_status":"closed","template":"","meta":{"_acf_changed":false,"_improvement_type_select":"improve_an_existing","_thumb_yes_seoaic":false,"_frame_yes_seoaic":false,"seoaic_generate_description":"","seoaic_improve_instructions_prompt":"","seoaic_rollback_content_improvement":"","seoaic_idea_thumbnail_generator":"","thumbnail_generated":false,"thumbnail_generate_prompt":"","seoaic_article_description":"","footnotes":""},"class_list":["post-402271","page","type-page","status-publish","hentry"],"acf":[],"yoast_head":"<!-- This site is optimized with the Yoast SEO plugin v27.5 - https:\/\/yoast.com\/product\/yoast-seo-wordpress\/ -->\n<title>Vind hier jouw Fiat Ducato occasion | Bekijk ons aanbod<\/title>\n<meta name=\"description\" content=\"Op zoek naar een Fiat Ducato ocassion? Bekijk dan onze collectie en vind het model dat helemaal aansluit bij jouw zakelijke behoeften.\" \/>\n<meta name=\"robots\" content=\"index, follow, max-snippet:-1, max-image-preview:large, max-video-preview:-1\" \/>\n<link rel=\"canonical\" href=\"https:\/\/www.vdhurk.nl\/es\/vehiculos-comerciales-fiat\/mercedes-17\/\" \/>\n<meta property=\"og:locale\" content=\"es_ES\" \/>\n<meta property=\"og:type\" content=\"article\" \/>\n<meta property=\"og:title\" content=\"Vind hier jouw Fiat Ducato occasion | Bekijk ons aanbod\" \/>\n<meta property=\"og:description\" content=\"Op zoek naar een Fiat Ducato ocassion? Bekijk dan onze collectie en vind het model dat helemaal aansluit bij jouw zakelijke behoeften.\" \/>\n<meta property=\"og:url\" content=\"https:\/\/www.vdhurk.nl\/es\/vehiculos-comerciales-fiat\/mercedes-17\/\" \/>\n<meta property=\"og:site_name\" content=\"Van den Hurk Bedrijfswagens\" \/>\n<meta name=\"twitter:card\" content=\"summary_large_image\" \/>\n<meta name=\"twitter:label1\" content=\"Tiempo de lectura\" \/>\n\t<meta name=\"twitter:data1\" content=\"5 minutos\" \/>\n<script type=\"application\/ld+json\" class=\"yoast-schema-graph\">{\"@context\":\"https:\\\/\\\/schema.org\",\"@graph\":[{\"@type\":\"WebPage\",\"@id\":\"https:\\\/\\\/www.vdhurk.nl\\\/fiat-bedrijfswagens\\\/ducato\\\/\",\"url\":\"https:\\\/\\\/www.vdhurk.nl\\\/fiat-bedrijfswagens\\\/ducato\\\/\",\"name\":\"Vind hier jouw Fiat Ducato occasion | Bekijk ons aanbod\",\"isPartOf\":{\"@id\":\"https:\\\/\\\/www.vdhurk.nl\\\/#website\"},\"datePublished\":\"2024-09-05T08:51:30+00:00\",\"description\":\"Op zoek naar een Fiat Ducato ocassion? Bekijk dan onze collectie en vind het model dat helemaal aansluit bij jouw zakelijke behoeften.\",\"breadcrumb\":{\"@id\":\"https:\\\/\\\/www.vdhurk.nl\\\/fiat-bedrijfswagens\\\/ducato\\\/#breadcrumb\"},\"inLanguage\":\"es\",\"potentialAction\":[{\"@type\":\"ReadAction\",\"target\":[\"https:\\\/\\\/www.vdhurk.nl\\\/fiat-bedrijfswagens\\\/ducato\\\/\"]}]},{\"@type\":\"BreadcrumbList\",\"@id\":\"https:\\\/\\\/www.vdhurk.nl\\\/fiat-bedrijfswagens\\\/ducato\\\/#breadcrumb\",\"itemListElement\":[{\"@type\":\"ListItem\",\"position\":1,\"name\":\"Home\",\"item\":\"https:\\\/\\\/www.vdhurk.nl\\\/home\\\/\"},{\"@type\":\"ListItem\",\"position\":2,\"name\":\"Fiat Bedrijfswagens\",\"item\":\"https:\\\/\\\/www.vdhurk.nl\\\/fiat-bedrijfswagens\\\/\"},{\"@type\":\"ListItem\",\"position\":3,\"name\":\"Fiat Ducato\"}]},{\"@type\":\"WebSite\",\"@id\":\"https:\\\/\\\/www.vdhurk.nl\\\/#website\",\"url\":\"https:\\\/\\\/www.vdhurk.nl\\\/\",\"name\":\"Van den Hurk Bedrijfswagens\",\"description\":\"Van den Hurk bedrijfswagens Helmond\",\"potentialAction\":[{\"@type\":\"SearchAction\",\"target\":{\"@type\":\"EntryPoint\",\"urlTemplate\":\"https:\\\/\\\/www.vdhurk.nl\\\/?s={search_term_string}\"},\"query-input\":{\"@type\":\"PropertyValueSpecification\",\"valueRequired\":true,\"valueName\":\"search_term_string\"}}],\"inLanguage\":\"es\"}]}<\/script>\n<!-- \/ Yoast SEO plugin. -->","yoast_head_json":{"title":"Encuentre aqu\u00ed su ocasi\u00f3n Fiat Ducato | Vea nuestra oferta","description":"\u00bfBusca un Fiat Ducato de ocasi\u00f3n? Entonces eche un vistazo a nuestra colecci\u00f3n y encuentre el modelo que mejor se adapte a las necesidades de su negocio.","robots":{"index":"index","follow":"follow","max-snippet":"max-snippet:-1","max-image-preview":"max-image-preview:large","max-video-preview":"max-video-preview:-1"},"canonical":"https:\/\/www.vdhurk.nl\/es\/vehiculos-comerciales-fiat\/mercedes-17\/","og_locale":"es_ES","og_type":"article","og_title":"Vind hier jouw Fiat Ducato occasion | Bekijk ons aanbod","og_description":"Op zoek naar een Fiat Ducato ocassion? Bekijk dan onze collectie en vind het model dat helemaal aansluit bij jouw zakelijke behoeften.","og_url":"https:\/\/www.vdhurk.nl\/es\/vehiculos-comerciales-fiat\/mercedes-17\/","og_site_name":"Van den Hurk Bedrijfswagens","twitter_card":"summary_large_image","twitter_misc":{"Tiempo de lectura":"5 minutos"},"schema":{"@context":"https:\/\/schema.org","@graph":[{"@type":"WebPage","@id":"https:\/\/www.vdhurk.nl\/fiat-bedrijfswagens\/ducato\/","url":"https:\/\/www.vdhurk.nl\/fiat-bedrijfswagens\/ducato\/","name":"Encuentre aqu\u00ed su ocasi\u00f3n Fiat Ducato | Vea nuestra oferta","isPartOf":{"@id":"https:\/\/www.vdhurk.nl\/#website"},"datePublished":"2024-09-05T08:51:30+00:00","description":"\u00bfBusca un Fiat Ducato de ocasi\u00f3n? Entonces eche un vistazo a nuestra colecci\u00f3n y encuentre el modelo que mejor se adapte a las necesidades de su negocio.","breadcrumb":{"@id":"https:\/\/www.vdhurk.nl\/fiat-bedrijfswagens\/ducato\/#breadcrumb"},"inLanguage":"es","potentialAction":[{"@type":"ReadAction","target":["https:\/\/www.vdhurk.nl\/fiat-bedrijfswagens\/ducato\/"]}]},{"@type":"BreadcrumbList","@id":"https:\/\/www.vdhurk.nl\/fiat-bedrijfswagens\/ducato\/#breadcrumb","itemListElement":[{"@type":"ListItem","position":1,"name":"Home","item":"https:\/\/www.vdhurk.nl\/home\/"},{"@type":"ListItem","position":2,"name":"Fiat Bedrijfswagens","item":"https:\/\/www.vdhurk.nl\/fiat-bedrijfswagens\/"},{"@type":"ListItem","position":3,"name":"Fiat Ducato"}]},{"@type":"WebSite","@id":"https:\/\/www.vdhurk.nl\/#website","url":"https:\/\/www.vdhurk.nl\/","name":"Veh\u00edculos comerciales Van den Hurk","description":"Van den Hurk veh\u00edculos comerciales Helmond","potentialAction":[{"@type":"SearchAction","target":{"@type":"EntryPoint","urlTemplate":"https:\/\/www.vdhurk.nl\/?s={search_term_string}"},"query-input":{"@type":"PropertyValueSpecification","valueRequired":true,"valueName":"search_term_string"}}],"inLanguage":"es"}]}},"_links":{"self":[{"href":"https:\/\/www.vdhurk.nl\/es\/wp-json\/wp\/v2\/pages\/402271","targetHints":{"allow":["GET"]}}],"collection":[{"href":"https:\/\/www.vdhurk.nl\/es\/wp-json\/wp\/v2\/pages"}],"about":[{"href":"https:\/\/www.vdhurk.nl\/es\/wp-json\/wp\/v2\/types\/page"}],"author":[{"embeddable":true,"href":"https:\/\/www.vdhurk.nl\/es\/wp-json\/wp\/v2\/users\/3"}],"replies":[{"embeddable":true,"href":"https:\/\/www.vdhurk.nl\/es\/wp-json\/wp\/v2\/comments?post=402271"}],"version-history":[{"count":1,"href":"https:\/\/www.vdhurk.nl\/es\/wp-json\/wp\/v2\/pages\/402271\/revisions"}],"predecessor-version":[{"id":402272,"href":"https:\/\/www.vdhurk.nl\/es\/wp-json\/wp\/v2\/pages\/402271\/revisions\/402272"}],"up":[{"embeddable":true,"href":"https:\/\/www.vdhurk.nl\/es\/wp-json\/wp\/v2\/pages\/372075"}],"wp:attachment":[{"href":"https:\/\/www.vdhurk.nl\/es\/wp-json\/wp\/v2\/media?parent=402271"}],"curies":[{"name":"wp","href":"https:\/\/api.w.org\/{rel}","templated":true}]}}