{"id":402263,"date":"2024-09-05T10:46:12","date_gmt":"2024-09-05T08:46:12","guid":{"rendered":"https:\/\/www.vdhurk.nl\/?page_id=402263"},"modified":"2024-09-05T10:46:12","modified_gmt":"2024-09-05T08:46:12","slug":"mercedes-5","status":"publish","type":"page","link":"https:\/\/www.vdhurk.nl\/es\/fiat-bedrijfswagens\/scudo\/","title":{"rendered":"Fiat Scudo"},"content":{"rendered":"<section  class='av_textblock_section av-lu8gnh7d-4ac895489941e586c1d7c8cb72318135'  itemscope=\"itemscope\" itemtype=\"https:\/\/schema.org\/CreativeWork\" ><div class='avia_textblock'  itemprop=\"text\" ><h1>Encuentra tu Fiat Scudo de ocasi\u00f3n ideal<\/h1>\n<p>El Fiat Scudo de ocasi\u00f3n est\u00e1 dise\u00f1ado pensando en las necesidades de los usuarios de negocios. Este modelo es enormemente vers\u00e1til y esto se refleja en varios aspectos. Esto tambi\u00e9n hace que el Scudo sea muy popular entre empresas de diferentes sectores. Este modelo no s\u00f3lo ofrece versatilidad, sino tambi\u00e9n fiabilidad. Esto es esencial para las empresas que utilizan sus veh\u00edculos comerciales a diario. M\u00e1s informaci\u00f3n sobre las versiones y especificaciones del Scudo.<\/p>\n<\/div><\/section>\n\n<style type=\"text\/css\" data-created_by=\"avia_inline_auto\" id=\"style-css-av-lujjddpd-afa3d7a9eabd61123e643ed1228e781e\">\n#top .hr.hr-invisible.av-lujjddpd-afa3d7a9eabd61123e643ed1228e781e{\nheight:50px;\n}\n<\/style>\n<div  class='hr av-lujjddpd-afa3d7a9eabd61123e643ed1228e781e hr-invisible  avia-builder-el-1  el_after_av_textblock  el_before_av_codeblock'><span class='hr-inner'><span class=\"hr-inner-style\"><\/span><\/span><\/div>\n\n\n<style type=\"text\/css\" data-created_by=\"avia_inline_auto\" id=\"style-css-av-ah0xd-63338d9dc6b40410e22a712829c369d6\">\n#top .hr.hr-invisible.av-ah0xd-63338d9dc6b40410e22a712829c369d6{\nheight:50px;\n}\n<\/style>\n<div  class='hr av-ah0xd-63338d9dc6b40410e22a712829c369d6 hr-invisible  avia-builder-el-3  el_after_av_codeblock  el_before_av_textblock'><span class='hr-inner'><span class=\"hr-inner-style\"><\/span><\/span><\/div>\n<section  class='av_textblock_section av-lu8gow1e-300853e458ed741bd87d6cb78e55cc7a'  itemscope=\"itemscope\" itemtype=\"https:\/\/schema.org\/CreativeWork\" ><div class='avia_textblock'  itemprop=\"text\" ><h2>\u00bfPor qu\u00e9 es conocido el Fiat Scudo?<\/h2>\n<p>Fiat es conocida por sus veh\u00edculos comerciales fiables, y esto tambi\u00e9n se aplica al Scudo. Este modelo es conocido por su pr\u00e1ctico espacio de carga y su distribuci\u00f3n flexible. Esto hace que este veh\u00edculo comercial sea ideal tanto para el transporte de mercanc\u00edas como de personas. Adem\u00e1s, este modelo tiene motores de bajo consumo y, por tanto, bajos costes de mantenimiento. Por lo tanto, este modelo tambi\u00e9n es una opci\u00f3n rentable para las empresas que buscan mantener bajos sus costes operativos. Esto hace que el Scudo sea popular entre muchas empresas de diversos sectores, desde la log\u00edstica y la construcci\u00f3n hasta las empresas de servicios y asistencia.<\/p>\n<\/div><\/section>\n<div class='flex_column av-f64w1-da126f42b61613402309283c14245a25 av_one_half  avia-builder-el-5  el_after_av_textblock  el_before_av_one_third  first flex_column_div column-top-margin'   ><section  class='av_textblock_section av-lu8gpqre-73cc2c17e6a6497ba6e1b58af22bd9e8'  itemscope=\"itemscope\" itemtype=\"https:\/\/schema.org\/CreativeWork\" ><div class='avia_textblock'  itemprop=\"text\" ><h2>\u00bfCu\u00e1les son las ventajas?<\/h2>\n<p>El Fiat Scudo aporta varias ventajas. Por ejemplo, este veh\u00edculo comercial no s\u00f3lo tiene una gran capacidad de carga, sino tambi\u00e9n un ingenioso dise\u00f1o comercial. Esto lo convierte en uno de los veh\u00edculos comerciales de mayor implantaci\u00f3n. El modelo es m\u00e1s grande que el <a href=\"https:\/\/www.vdhurk.nl\/es\/vehiculos-comerciales-fiat\/mercedes-21\/\">Fiat Doblo<\/a> y m\u00e1s peque\u00f1o que el <a href=\"https:\/\/www.vdhurk.nl\/es\/vehiculos-comerciales-fiat\/mercedes-17\/\">Fiat Ducato<\/a>. y se conduce de forma similar a un turismo. El Scudo tiene asientos c\u00f3modos y otras comodidades. Ideal cuando se est\u00e1 mucho tiempo en la carretera. Adem\u00e1s, este veh\u00edculo comercial cuenta con varios sistemas de asistencia a la conducci\u00f3n que facilitan a\u00fan m\u00e1s la conducci\u00f3n.<\/p>\n<\/div><\/section><\/div><div class='flex_column av-aldk9-ee694297f5c4032981677a02caab84d6 av_one_third  avia-builder-el-7  el_after_av_one_half  el_before_av_hr  flex_column_div column-top-margin'   ><style type=\"text\/css\" data-created_by=\"avia_inline_auto\" id=\"style-css-av-l1w9kpsf-4ec3fab772ec7a9adaa33cfc64ff0475\">\n.avia-image-container.av-l1w9kpsf-4ec3fab772ec7a9adaa33cfc64ff0475 .av-image-caption-overlay-center{\ncolor:#ffffff;\n}\n<\/style>\n<div  class='avia-image-container av-l1w9kpsf-4ec3fab772ec7a9adaa33cfc64ff0475 av-styling- avia-align-center  avia-builder-el-8  avia-builder-el-no-sibling'  itemprop=\"image\" itemscope=\"itemscope\" itemtype=\"https:\/\/schema.org\/ImageObject\" ><div class=\"avia-image-container-inner\"><div class=\"avia-image-overlay-wrap\"><img decoding=\"async\" class='wp-image-187 avia-img-lazy-loading-not-187 avia_image' src=\"https:\/\/www.vdhurk.nl\/wp-content\/uploads\/2022\/03\/Voorrad.png\" alt='' title='Stock'  height=\"758\" width=\"1135\"  itemprop=\"thumbnailUrl\" srcset=\"https:\/\/www.vdhurk.nl\/wp-content\/uploads\/2022\/03\/Voorrad.png 1135w, https:\/\/www.vdhurk.nl\/wp-content\/uploads\/2022\/03\/Voorrad-300x200.png 300w, https:\/\/www.vdhurk.nl\/wp-content\/uploads\/2022\/03\/Voorrad-1030x688.png 1030w, https:\/\/www.vdhurk.nl\/wp-content\/uploads\/2022\/03\/Voorrad-768x513.png 768w, https:\/\/www.vdhurk.nl\/wp-content\/uploads\/2022\/03\/Voorrad-18x12.png 18w, https:\/\/www.vdhurk.nl\/wp-content\/uploads\/2022\/03\/Voorrad-705x471.png 705w\" sizes=\"(max-width: 1135px) 100vw, 1135px\" \/><\/div><\/div><\/div><\/div><\/p>\n\n<style type=\"text\/css\" data-created_by=\"avia_inline_auto\" id=\"style-css-av-luqrjpjc-5a23a1fb5f94718ca85316a9df963e2f\">\n#top .hr.hr-invisible.av-luqrjpjc-5a23a1fb5f94718ca85316a9df963e2f{\nheight:50px;\n}\n<\/style>\n<div  class='hr av-luqrjpjc-5a23a1fb5f94718ca85316a9df963e2f hr-invisible  avia-builder-el-9  el_after_av_one_third  el_before_av_textblock'><span class='hr-inner'><span class=\"hr-inner-style\"><\/span><\/span><\/div>\n<section  class='av_textblock_section av-lu8gtjw7-4f3cee9304909518d86d2860d9d582dd'  itemscope=\"itemscope\" itemtype=\"https:\/\/schema.org\/CreativeWork\" ><div class='avia_textblock'  itemprop=\"text\" ><h2>Precios<\/h2>\n<p>Regularmente tenemos diferentes modelos Fiat Scudo disponibles dentro de nuestra gama. Debido a la variedad en versi\u00f3n, a\u00f1o de fabricaci\u00f3n y kilometraje, los precios tambi\u00e9n pueden variar. Nuestra gama cambia constantemente, por lo que le recomendamos que visite nuestro <a href=\"https:\/\/www.vdhurk.nl\/es\/vehiculos-comerciales\/\">oferta actual de veh\u00edculos comerciales<\/a> o p\u00f3ngase en contacto con nosotros para obtener informaci\u00f3n espec\u00edfica sobre los modelos y precios disponibles. Estaremos encantados de ayudarle a encontrar un veh\u00edculo comercial adecuado a su presupuesto.<\/p>\n<h2>Leasing de un Fiat Scudo<\/h2>\n<p>\u00bfSab\u00eda que en Van den Hurk tambi\u00e9n puede utilizar <a href=\"https:\/\/www.vdhurk.nl\/es\/arrendamiento-financiero\/\">arrendamiento financiero<\/a>? Se trata de un producto especial para empresarios que desean seguridad. Usted determina el plazo que se adapta a la amortizaci\u00f3n y el periodo de arrendamiento del objeto. El tipo de inter\u00e9s se determina de antemano, por lo que usted paga una cantidad fija de arrendamiento al mes. As\u00ed sabr\u00e1 exactamente a qu\u00e9 atenerse.<\/p>\n<h2>Encuentre el coche de empresa que mejor se adapte a sus necesidades<\/h2>\n<p>Comprar un Fiat Scudo usado o nuevo: en Van den Hurk encontrar\u00e1 la soluci\u00f3n que se adapta perfectamente a las necesidades de su empresa. Estamos a su disposici\u00f3n para ayudarle a tomar la decisi\u00f3n correcta. P\u00f3ngase en contacto con nosotros para recibir asesoramiento personal y conocer nuestra oferta actual. Comprar un Fiat Scudo nunca ha sido tan f\u00e1cil.<\/p>\n<\/div><\/section>","protected":false},"excerpt":{"rendered":"","protected":false},"author":3,"featured_media":0,"parent":372075,"menu_order":0,"comment_status":"closed","ping_status":"closed","template":"","meta":{"_acf_changed":false,"_improvement_type_select":"improve_an_existing","_thumb_yes_seoaic":false,"_frame_yes_seoaic":false,"seoaic_generate_description":"","seoaic_improve_instructions_prompt":"","seoaic_rollback_content_improvement":"","seoaic_idea_thumbnail_generator":"","thumbnail_generated":false,"thumbnail_generate_prompt":"","seoaic_article_description":"","footnotes":""},"class_list":["post-402263","page","type-page","status-publish","hentry"],"acf":[],"yoast_head":"<!-- This site is optimized with the Yoast SEO plugin v27.3 - https:\/\/yoast.com\/product\/yoast-seo-wordpress\/ -->\n<title>Fiat Scudo occasion kopen? Kies voor service en kwaliteit<\/title>\n<meta name=\"description\" content=\"Op zoek naar een Fiat Scudo occasion voor jouw onderneming? Ontdek de diverse uitvoeringen en specificaties van dit model en vind de perfecte match.\" \/>\n<meta name=\"robots\" content=\"index, follow, max-snippet:-1, max-image-preview:large, max-video-preview:-1\" \/>\n<link rel=\"canonical\" href=\"https:\/\/www.vdhurk.nl\/es\/vehiculos-comerciales-fiat\/mercedes-5\/\" \/>\n<meta property=\"og:locale\" content=\"es_ES\" \/>\n<meta property=\"og:type\" content=\"article\" \/>\n<meta property=\"og:title\" content=\"Fiat Scudo occasion kopen? Kies voor service en kwaliteit\" \/>\n<meta property=\"og:description\" content=\"Op zoek naar een Fiat Scudo occasion voor jouw onderneming? Ontdek de diverse uitvoeringen en specificaties van dit model en vind de perfecte match.\" \/>\n<meta property=\"og:url\" content=\"https:\/\/www.vdhurk.nl\/es\/vehiculos-comerciales-fiat\/mercedes-5\/\" \/>\n<meta property=\"og:site_name\" content=\"Van den Hurk Bedrijfswagens\" \/>\n<meta name=\"twitter:card\" content=\"summary_large_image\" \/>\n<meta name=\"twitter:label1\" content=\"Tiempo de lectura\" \/>\n\t<meta name=\"twitter:data1\" content=\"4 minutos\" \/>\n<script type=\"application\/ld+json\" class=\"yoast-schema-graph\">{\"@context\":\"https:\\\/\\\/schema.org\",\"@graph\":[{\"@type\":\"WebPage\",\"@id\":\"https:\\\/\\\/www.vdhurk.nl\\\/fiat-bedrijfswagens\\\/scudo\\\/\",\"url\":\"https:\\\/\\\/www.vdhurk.nl\\\/fiat-bedrijfswagens\\\/scudo\\\/\",\"name\":\"Fiat Scudo occasion kopen? Kies voor service en kwaliteit\",\"isPartOf\":{\"@id\":\"https:\\\/\\\/www.vdhurk.nl\\\/#website\"},\"datePublished\":\"2024-09-05T08:46:12+00:00\",\"description\":\"Op zoek naar een Fiat Scudo occasion voor jouw onderneming? Ontdek de diverse uitvoeringen en specificaties van dit model en vind de perfecte match.\",\"breadcrumb\":{\"@id\":\"https:\\\/\\\/www.vdhurk.nl\\\/fiat-bedrijfswagens\\\/scudo\\\/#breadcrumb\"},\"inLanguage\":\"es\",\"potentialAction\":[{\"@type\":\"ReadAction\",\"target\":[\"https:\\\/\\\/www.vdhurk.nl\\\/fiat-bedrijfswagens\\\/scudo\\\/\"]}]},{\"@type\":\"BreadcrumbList\",\"@id\":\"https:\\\/\\\/www.vdhurk.nl\\\/fiat-bedrijfswagens\\\/scudo\\\/#breadcrumb\",\"itemListElement\":[{\"@type\":\"ListItem\",\"position\":1,\"name\":\"Home\",\"item\":\"https:\\\/\\\/www.vdhurk.nl\\\/home\\\/\"},{\"@type\":\"ListItem\",\"position\":2,\"name\":\"Fiat Bedrijfswagens\",\"item\":\"https:\\\/\\\/www.vdhurk.nl\\\/fiat-bedrijfswagens\\\/\"},{\"@type\":\"ListItem\",\"position\":3,\"name\":\"Fiat Scudo\"}]},{\"@type\":\"WebSite\",\"@id\":\"https:\\\/\\\/www.vdhurk.nl\\\/#website\",\"url\":\"https:\\\/\\\/www.vdhurk.nl\\\/\",\"name\":\"Van den Hurk Bedrijfswagens\",\"description\":\"Van den Hurk bedrijfswagens Helmond\",\"potentialAction\":[{\"@type\":\"SearchAction\",\"target\":{\"@type\":\"EntryPoint\",\"urlTemplate\":\"https:\\\/\\\/www.vdhurk.nl\\\/?s={search_term_string}\"},\"query-input\":{\"@type\":\"PropertyValueSpecification\",\"valueRequired\":true,\"valueName\":\"search_term_string\"}}],\"inLanguage\":\"es\"}]}<\/script>\n<!-- \/ Yoast SEO plugin. -->","yoast_head_json":{"title":"\u00bfComprando un Fiat Scudo de ocasi\u00f3n? Elija servicio y calidad","description":"\u00bfBusca un Fiat Scudo de ocasi\u00f3n para su negocio? Explora las distintas versiones y especificaciones de este modelo y encuentra la combinaci\u00f3n perfecta.","robots":{"index":"index","follow":"follow","max-snippet":"max-snippet:-1","max-image-preview":"max-image-preview:large","max-video-preview":"max-video-preview:-1"},"canonical":"https:\/\/www.vdhurk.nl\/es\/vehiculos-comerciales-fiat\/mercedes-5\/","og_locale":"es_ES","og_type":"article","og_title":"Fiat Scudo occasion kopen? Kies voor service en kwaliteit","og_description":"Op zoek naar een Fiat Scudo occasion voor jouw onderneming? Ontdek de diverse uitvoeringen en specificaties van dit model en vind de perfecte match.","og_url":"https:\/\/www.vdhurk.nl\/es\/vehiculos-comerciales-fiat\/mercedes-5\/","og_site_name":"Van den Hurk Bedrijfswagens","twitter_card":"summary_large_image","twitter_misc":{"Tiempo de lectura":"4 minutos"},"schema":{"@context":"https:\/\/schema.org","@graph":[{"@type":"WebPage","@id":"https:\/\/www.vdhurk.nl\/fiat-bedrijfswagens\/scudo\/","url":"https:\/\/www.vdhurk.nl\/fiat-bedrijfswagens\/scudo\/","name":"\u00bfComprando un Fiat Scudo de ocasi\u00f3n? Elija servicio y calidad","isPartOf":{"@id":"https:\/\/www.vdhurk.nl\/#website"},"datePublished":"2024-09-05T08:46:12+00:00","description":"\u00bfBusca un Fiat Scudo de ocasi\u00f3n para su negocio? Explora las distintas versiones y especificaciones de este modelo y encuentra la combinaci\u00f3n perfecta.","breadcrumb":{"@id":"https:\/\/www.vdhurk.nl\/fiat-bedrijfswagens\/scudo\/#breadcrumb"},"inLanguage":"es","potentialAction":[{"@type":"ReadAction","target":["https:\/\/www.vdhurk.nl\/fiat-bedrijfswagens\/scudo\/"]}]},{"@type":"BreadcrumbList","@id":"https:\/\/www.vdhurk.nl\/fiat-bedrijfswagens\/scudo\/#breadcrumb","itemListElement":[{"@type":"ListItem","position":1,"name":"Home","item":"https:\/\/www.vdhurk.nl\/home\/"},{"@type":"ListItem","position":2,"name":"Fiat Bedrijfswagens","item":"https:\/\/www.vdhurk.nl\/fiat-bedrijfswagens\/"},{"@type":"ListItem","position":3,"name":"Fiat Scudo"}]},{"@type":"WebSite","@id":"https:\/\/www.vdhurk.nl\/#website","url":"https:\/\/www.vdhurk.nl\/","name":"Veh\u00edculos comerciales Van den Hurk","description":"Van den Hurk veh\u00edculos comerciales Helmond","potentialAction":[{"@type":"SearchAction","target":{"@type":"EntryPoint","urlTemplate":"https:\/\/www.vdhurk.nl\/?s={search_term_string}"},"query-input":{"@type":"PropertyValueSpecification","valueRequired":true,"valueName":"search_term_string"}}],"inLanguage":"es"}]}},"_links":{"self":[{"href":"https:\/\/www.vdhurk.nl\/es\/wp-json\/wp\/v2\/pages\/402263","targetHints":{"allow":["GET"]}}],"collection":[{"href":"https:\/\/www.vdhurk.nl\/es\/wp-json\/wp\/v2\/pages"}],"about":[{"href":"https:\/\/www.vdhurk.nl\/es\/wp-json\/wp\/v2\/types\/page"}],"author":[{"embeddable":true,"href":"https:\/\/www.vdhurk.nl\/es\/wp-json\/wp\/v2\/users\/3"}],"replies":[{"embeddable":true,"href":"https:\/\/www.vdhurk.nl\/es\/wp-json\/wp\/v2\/comments?post=402263"}],"version-history":[{"count":1,"href":"https:\/\/www.vdhurk.nl\/es\/wp-json\/wp\/v2\/pages\/402263\/revisions"}],"predecessor-version":[{"id":402264,"href":"https:\/\/www.vdhurk.nl\/es\/wp-json\/wp\/v2\/pages\/402263\/revisions\/402264"}],"up":[{"embeddable":true,"href":"https:\/\/www.vdhurk.nl\/es\/wp-json\/wp\/v2\/pages\/372075"}],"wp:attachment":[{"href":"https:\/\/www.vdhurk.nl\/es\/wp-json\/wp\/v2\/media?parent=402263"}],"curies":[{"name":"wp","href":"https:\/\/api.w.org\/{rel}","templated":true}]}}