{"id":398333,"date":"2024-08-08T08:44:00","date_gmt":"2024-08-08T06:44:00","guid":{"rendered":"https:\/\/www.vdhurk.nl\/?page_id=398333"},"modified":"2024-08-08T08:44:00","modified_gmt":"2024-08-08T06:44:00","slug":"vehiculos-comerciales-toyota","status":"publish","type":"page","link":"https:\/\/www.vdhurk.nl\/es\/toyota-bedrijfswagens\/","title":{"rendered":"Veh\u00edculos comerciales Toyota"},"content":{"rendered":"<section  class='av_textblock_section av-lu8gnh7d-4ac895489941e586c1d7c8cb72318135'  itemscope=\"itemscope\" itemtype=\"https:\/\/schema.org\/CreativeWork\" ><div class='avia_textblock'  itemprop=\"text\" ><h1>Veh\u00edculos comerciales Toyota: \u00e9xito garantizado en la carretera<\/h1>\n<p>En el din\u00e1mico mundo de los veh\u00edculos de empresa, los veh\u00edculos comerciales Toyota son conocidos por sus dise\u00f1os fiables e innovadores. La marca ofrece diversas soluciones a medida para los usuarios empresariales. Ya sea para entregar mercanc\u00edas, trasladar personas o realizar tareas especializadas: Toyota lo tiene. Sus veh\u00edculos comerciales combinan eficiencia, confort y rendimiento para llevar su negocio a nuevas cotas.<\/p>\n<\/div><\/section>\n\n<style type=\"text\/css\" data-created_by=\"avia_inline_auto\" id=\"style-css-av-lujjddpd-afa3d7a9eabd61123e643ed1228e781e\">\n#top .hr.hr-invisible.av-lujjddpd-afa3d7a9eabd61123e643ed1228e781e{\nheight:50px;\n}\n<\/style>\n<div  class='hr av-lujjddpd-afa3d7a9eabd61123e643ed1228e781e hr-invisible  avia-builder-el-1  el_after_av_textblock  el_before_av_codeblock'><span class='hr-inner'><span class=\"hr-inner-style\"><\/span><\/span><\/div>\n\n\n<style type=\"text\/css\" data-created_by=\"avia_inline_auto\" id=\"style-css-av-o1d5-cf77288da24053faf1b6ffbefcfc6222\">\n#top .hr.hr-invisible.av-o1d5-cf77288da24053faf1b6ffbefcfc6222{\nheight:50px;\n}\n<\/style>\n<div  class='hr av-o1d5-cf77288da24053faf1b6ffbefcfc6222 hr-invisible  avia-builder-el-3  el_after_av_codeblock  el_before_av_textblock'><span class='hr-inner'><span class=\"hr-inner-style\"><\/span><\/span><\/div>\n<section  class='av_textblock_section av-lu8gtjw7-4f3cee9304909518d86d2860d9d582dd'  itemscope=\"itemscope\" itemtype=\"https:\/\/schema.org\/CreativeWork\" ><div class='avia_textblock'  itemprop=\"text\" ><h2>La historia de Toyota<\/h2>\n<h3>El establecimiento<\/h3>\n<p>Toyota se fund\u00f3 en 1937 como una empresa que fabricaba telares. Poco a poco, la marca pas\u00f3 de ser una empresa textil a uno de los fabricantes de autom\u00f3viles m\u00e1s populares del mundo. El primer paso hacia la producci\u00f3n de veh\u00edculos comerciales tuvo lugar con la introducci\u00f3n del Toyota Stout en 1954. Se trataba de una camioneta ligera destinada a satisfacer las crecientes necesidades de empresarios y peque\u00f1as empresas. En los a\u00f1os siguientes, la marca ampli\u00f3 su gama para incluir diversos veh\u00edculos comerciales. Hoy en d\u00eda, Toyota es una de las opciones m\u00e1s populares en todo el mundo cuando se trata de veh\u00edculos comerciales.<\/p>\n<h3>Avances e hitos<\/h3>\n<p>El desarrollo de los autobuses y veh\u00edculos comerciales Toyota cuenta con importantes hitos que han marcado la evoluci\u00f3n de la marca:<\/p>\n<ul>\n<li><strong>Introducci\u00f3n de la Toyota Stout en 1954:<\/strong> Fue el primer veh\u00edculo comercial lanzado por la marca. Se dise\u00f1\u00f3 para satisfacer las necesidades de las peque\u00f1as empresas.<\/li>\n<li><strong>Lanzamiento del Toyota HiAce en 1967:<\/strong> Este modelo se introdujo como furgoneta y minib\u00fas vers\u00e1til. R\u00e1pidamente se convirti\u00f3 en un veh\u00edculo popular por su espacio, fiabilidad y durabilidad.<\/li>\n<li><strong>Introducci\u00f3n del Toyota Hilux en 1968:<\/strong> Este modelo de pick-up compacto se convirti\u00f3 en uno de los veh\u00edculos comerciales m\u00e1s emblem\u00e1ticos del mundo.<\/li>\n<li><strong>El Toyota Land Cruiser en uso comercial desde 1951:<\/strong> Desarrollado originalmente como veh\u00edculo todoterreno, este modelo pronto fue reconocido como un veh\u00edculo vers\u00e1til en el uso empresarial, especialmente en entornos accidentados y zonas con terrenos dif\u00edciles.<\/li>\n<li><strong>Centrado en veh\u00edculos comerciales h\u00edbridos y el\u00e9ctricos:<\/strong> En los \u00faltimos a\u00f1os, la marca se ha centrado en el desarrollo de veh\u00edculos comerciales h\u00edbridos y el\u00e9ctricos para satisfacer la creciente demanda de movilidad sostenible.<\/li>\n<\/ul>\n<h2>Innovaciones tecnol\u00f3gicas<\/h2>\n<p>Toyota se esfuerza constantemente por innovar tecnol\u00f3gicamente en la producci\u00f3n de veh\u00edculos comerciales. Por ejemplo, utilizan sistemas de seguridad avanzados con funciones como la frenada autom\u00e1tica de emergencia, el control de crucero adaptativo y el asistente de carril. Estos sistemas est\u00e1n dise\u00f1ados para mejorar la seguridad del conductor y los pasajeros y evitar en la medida de lo posible accidentes desagradables. Toyota tambi\u00e9n ha desempe\u00f1ado un papel importante en el desarrollo de sistemas de propulsi\u00f3n h\u00edbridos y emplea soluciones avanzadas de carga y almacenamiento.<\/p>\n<h2>Las ventajas de los veh\u00edculos comerciales Toyota<\/h2>\n<p>Son varias las ventajas que hacen que las empresas se decanten por Toyota:<\/p>\n<ul>\n<li aria-level=\"1\"><strong>Fiabilidad<\/strong>Toyota produce veh\u00edculos comerciales fiables fabricados con materiales de alta calidad y t\u00e9cnicas innovadoras.<\/li>\n<li aria-level=\"1\"><strong>Eficiencia:<\/strong> Los veh\u00edculos comerciales Toyota incorporan tecnolog\u00edas de motor avanzadas, como los sistemas de propulsi\u00f3n h\u00edbridos, lo que se traduce en una buena eficiencia de combustible.<\/li>\n<li aria-level=\"1\"><strong>Seguridad<\/strong>La marca est\u00e1 comprometida con la seguridad de todos los veh\u00edculos comerciales. Con avanzadas funciones de seguridad, los veh\u00edculos comerciales ofrecen una buena protecci\u00f3n a todos los usuarios de la carretera.<\/li>\n<li aria-level=\"1\"><strong>Innovaci\u00f3n<\/strong>Toyota invierte constantemente en innovaci\u00f3n tecnol\u00f3gica, lo que le permite garantizar prestaciones y sistemas avanzados. Entre ellos, soluciones de carga inteligentes que contribuyen a la productividad y el confort.<\/li>\n<\/ul>\n<h2>Opciones financieras<\/h2>\n<p>En Van den Hurk, usted se beneficia de varias opciones de financiaci\u00f3n. \u00bfQuieres comprar un autob\u00fas Toyota? Puedes hacerlo. La ventaja es que es de tu propiedad. As\u00ed que t\u00fa decides si quieres modificar tu furgoneta de empresa y qu\u00e9 hacer con ella. Si optas por comprar un veh\u00edculo comercial, tampoco tendr\u00e1s que ocuparte de la amortizaci\u00f3n mensual ni de las restricciones de kilometraje. \u00bfPrefieres alquilar una furgoneta Toyota? Tambi\u00e9n es posible. La ventaja del leasing es que los costes son previsibles. Adem\u00e1s, tambi\u00e9n le ofrece comodidad administrativa. La mejor opci\u00f3n para su empresa depende de varios factores. Estaremos encantados de ayudarle a tomar la mejor decisi\u00f3n.<\/p>\n<h2><b>Modelos de segunda mano<\/b><\/h2>\n<p>\u00bfQuieres un veh\u00edculo comercial que funcione bien sin pagar mucho dinero por \u00e9l? Entonces un Toyota autob\u00fas ocasi\u00f3n es muy adecuado. Un ocasi\u00f3n es un modelo usado que a\u00fan funciona correctamente. La ventaja de un modelo de ocasi\u00f3n es que paga bastante menos que si opta por un modelo nuevo. \u00bfLe interesa un modelo de segunda mano? Entonces no deje de consultar nuestra oferta.<\/p>\n<\/div><\/section>","protected":false},"excerpt":{"rendered":"","protected":false},"author":3,"featured_media":0,"parent":0,"menu_order":0,"comment_status":"closed","ping_status":"closed","template":"","meta":{"_acf_changed":false,"_improvement_type_select":"improve_an_existing","_thumb_yes_seoaic":false,"_frame_yes_seoaic":false,"seoaic_generate_description":"","seoaic_improve_instructions_prompt":"","seoaic_rollback_content_improvement":"","seoaic_idea_thumbnail_generator":"","thumbnail_generated":false,"thumbnail_generate_prompt":"","seoaic_article_description":"","footnotes":""},"class_list":["post-398333","page","type-page","status-publish","hentry"],"acf":[],"yoast_head":"<!-- This site is optimized with the Yoast SEO plugin v27.3 - https:\/\/yoast.com\/product\/yoast-seo-wordpress\/ -->\n<title>Toyota bedrijfswagens voor zakelijke gebruikers aanschaffen<\/title>\n<meta name=\"description\" content=\"Ben jij op zoek naar een voertuig dat geschikt is voor zakelijk gebruik? Ontdek dan Toyota bedrijfswagens: veilig, betrouwbaar en effici\u00ebnt.\" \/>\n<meta name=\"robots\" content=\"index, follow, max-snippet:-1, max-image-preview:large, max-video-preview:-1\" \/>\n<link rel=\"canonical\" href=\"https:\/\/www.vdhurk.nl\/es\/vehiculos-comerciales-toyota\/\" \/>\n<meta property=\"og:locale\" content=\"es_ES\" \/>\n<meta property=\"og:type\" content=\"article\" \/>\n<meta property=\"og:title\" content=\"Toyota bedrijfswagens voor zakelijke gebruikers aanschaffen\" \/>\n<meta property=\"og:description\" content=\"Ben jij op zoek naar een voertuig dat geschikt is voor zakelijk gebruik? Ontdek dan Toyota bedrijfswagens: veilig, betrouwbaar en effici\u00ebnt.\" \/>\n<meta property=\"og:url\" content=\"https:\/\/www.vdhurk.nl\/es\/vehiculos-comerciales-toyota\/\" \/>\n<meta property=\"og:site_name\" content=\"Van den Hurk Bedrijfswagens\" \/>\n<meta name=\"twitter:card\" content=\"summary_large_image\" \/>\n<meta name=\"twitter:label1\" content=\"Tiempo de lectura\" \/>\n\t<meta name=\"twitter:data1\" content=\"4 minutos\" \/>\n<script type=\"application\/ld+json\" class=\"yoast-schema-graph\">{\"@context\":\"https:\\\/\\\/schema.org\",\"@graph\":[{\"@type\":\"WebPage\",\"@id\":\"https:\\\/\\\/www.vdhurk.nl\\\/toyota-bedrijfswagens\\\/\",\"url\":\"https:\\\/\\\/www.vdhurk.nl\\\/toyota-bedrijfswagens\\\/\",\"name\":\"Toyota bedrijfswagens voor zakelijke gebruikers aanschaffen\",\"isPartOf\":{\"@id\":\"https:\\\/\\\/www.vdhurk.nl\\\/#website\"},\"datePublished\":\"2024-08-08T06:44:00+00:00\",\"description\":\"Ben jij op zoek naar een voertuig dat geschikt is voor zakelijk gebruik? Ontdek dan Toyota bedrijfswagens: veilig, betrouwbaar en effici\u00ebnt.\",\"breadcrumb\":{\"@id\":\"https:\\\/\\\/www.vdhurk.nl\\\/toyota-bedrijfswagens\\\/#breadcrumb\"},\"inLanguage\":\"es\",\"potentialAction\":[{\"@type\":\"ReadAction\",\"target\":[\"https:\\\/\\\/www.vdhurk.nl\\\/toyota-bedrijfswagens\\\/\"]}]},{\"@type\":\"BreadcrumbList\",\"@id\":\"https:\\\/\\\/www.vdhurk.nl\\\/toyota-bedrijfswagens\\\/#breadcrumb\",\"itemListElement\":[{\"@type\":\"ListItem\",\"position\":1,\"name\":\"Home\",\"item\":\"https:\\\/\\\/www.vdhurk.nl\\\/home\\\/\"},{\"@type\":\"ListItem\",\"position\":2,\"name\":\"Toyota Bedrijfswagens\"}]},{\"@type\":\"WebSite\",\"@id\":\"https:\\\/\\\/www.vdhurk.nl\\\/#website\",\"url\":\"https:\\\/\\\/www.vdhurk.nl\\\/\",\"name\":\"Van den Hurk Bedrijfswagens\",\"description\":\"Van den Hurk bedrijfswagens Helmond\",\"potentialAction\":[{\"@type\":\"SearchAction\",\"target\":{\"@type\":\"EntryPoint\",\"urlTemplate\":\"https:\\\/\\\/www.vdhurk.nl\\\/?s={search_term_string}\"},\"query-input\":{\"@type\":\"PropertyValueSpecification\",\"valueRequired\":true,\"valueName\":\"search_term_string\"}}],\"inLanguage\":\"es\"}]}<\/script>\n<!-- \/ Yoast SEO plugin. -->","yoast_head_json":{"title":"Comprar veh\u00edculos comerciales Toyota para empresas","description":"\u00bfBuscas un veh\u00edculo adecuado para uso empresarial? Entonces descubra los veh\u00edculos comerciales Toyota: seguros, fiables y eficientes.","robots":{"index":"index","follow":"follow","max-snippet":"max-snippet:-1","max-image-preview":"max-image-preview:large","max-video-preview":"max-video-preview:-1"},"canonical":"https:\/\/www.vdhurk.nl\/es\/vehiculos-comerciales-toyota\/","og_locale":"es_ES","og_type":"article","og_title":"Toyota bedrijfswagens voor zakelijke gebruikers aanschaffen","og_description":"Ben jij op zoek naar een voertuig dat geschikt is voor zakelijk gebruik? Ontdek dan Toyota bedrijfswagens: veilig, betrouwbaar en effici\u00ebnt.","og_url":"https:\/\/www.vdhurk.nl\/es\/vehiculos-comerciales-toyota\/","og_site_name":"Van den Hurk Bedrijfswagens","twitter_card":"summary_large_image","twitter_misc":{"Tiempo de lectura":"4 minutos"},"schema":{"@context":"https:\/\/schema.org","@graph":[{"@type":"WebPage","@id":"https:\/\/www.vdhurk.nl\/toyota-bedrijfswagens\/","url":"https:\/\/www.vdhurk.nl\/toyota-bedrijfswagens\/","name":"Comprar veh\u00edculos comerciales Toyota para empresas","isPartOf":{"@id":"https:\/\/www.vdhurk.nl\/#website"},"datePublished":"2024-08-08T06:44:00+00:00","description":"\u00bfBuscas un veh\u00edculo adecuado para uso empresarial? Entonces descubra los veh\u00edculos comerciales Toyota: seguros, fiables y eficientes.","breadcrumb":{"@id":"https:\/\/www.vdhurk.nl\/toyota-bedrijfswagens\/#breadcrumb"},"inLanguage":"es","potentialAction":[{"@type":"ReadAction","target":["https:\/\/www.vdhurk.nl\/toyota-bedrijfswagens\/"]}]},{"@type":"BreadcrumbList","@id":"https:\/\/www.vdhurk.nl\/toyota-bedrijfswagens\/#breadcrumb","itemListElement":[{"@type":"ListItem","position":1,"name":"Home","item":"https:\/\/www.vdhurk.nl\/home\/"},{"@type":"ListItem","position":2,"name":"Toyota Bedrijfswagens"}]},{"@type":"WebSite","@id":"https:\/\/www.vdhurk.nl\/#website","url":"https:\/\/www.vdhurk.nl\/","name":"Veh\u00edculos comerciales Van den Hurk","description":"Van den Hurk veh\u00edculos comerciales Helmond","potentialAction":[{"@type":"SearchAction","target":{"@type":"EntryPoint","urlTemplate":"https:\/\/www.vdhurk.nl\/?s={search_term_string}"},"query-input":{"@type":"PropertyValueSpecification","valueRequired":true,"valueName":"search_term_string"}}],"inLanguage":"es"}]}},"_links":{"self":[{"href":"https:\/\/www.vdhurk.nl\/es\/wp-json\/wp\/v2\/pages\/398333","targetHints":{"allow":["GET"]}}],"collection":[{"href":"https:\/\/www.vdhurk.nl\/es\/wp-json\/wp\/v2\/pages"}],"about":[{"href":"https:\/\/www.vdhurk.nl\/es\/wp-json\/wp\/v2\/types\/page"}],"author":[{"embeddable":true,"href":"https:\/\/www.vdhurk.nl\/es\/wp-json\/wp\/v2\/users\/3"}],"replies":[{"embeddable":true,"href":"https:\/\/www.vdhurk.nl\/es\/wp-json\/wp\/v2\/comments?post=398333"}],"version-history":[{"count":1,"href":"https:\/\/www.vdhurk.nl\/es\/wp-json\/wp\/v2\/pages\/398333\/revisions"}],"predecessor-version":[{"id":398334,"href":"https:\/\/www.vdhurk.nl\/es\/wp-json\/wp\/v2\/pages\/398333\/revisions\/398334"}],"wp:attachment":[{"href":"https:\/\/www.vdhurk.nl\/es\/wp-json\/wp\/v2\/media?parent=398333"}],"curies":[{"name":"wp","href":"https:\/\/api.w.org\/{rel}","templated":true}]}}