{"id":397536,"date":"2024-08-02T10:30:26","date_gmt":"2024-08-02T08:30:26","guid":{"rendered":"https:\/\/www.vdhurk.nl\/?page_id=397536"},"modified":"2024-08-02T10:30:26","modified_gmt":"2024-08-02T08:30:26","slug":"mercedes-21","status":"publish","type":"page","link":"https:\/\/www.vdhurk.nl\/es\/fiat-bedrijfswagens\/doblo\/","title":{"rendered":"Fiat Doblo"},"content":{"rendered":"<section  class='av_textblock_section av-lu8gnh7d-4ac895489941e586c1d7c8cb72318135'  itemscope=\"itemscope\" itemtype=\"https:\/\/schema.org\/CreativeWork\" ><div class='avia_textblock'  itemprop=\"text\" ><h1>\u00bfComprando un Fiat Doblo de ocasi\u00f3n?<\/h1>\n<p>\u00bfBusca un veh\u00edculo comercial? Entonces merece la pena considerar el Fiat Doblo occasion. Este veh\u00edculo combina funcionalidad, eficiencia y confort de una forma que se adapta perfectamente a las necesidades de las empresas. Para eso est\u00e1 dise\u00f1ado este modelo. El Fiat Doblo es conocido por su versatilidad y practicidad, lo que lo convierte en un favorito entre muchos usuarios de negocios. El modelo ofrece una excelente combinaci\u00f3n de caracter\u00edsticas que simplifican tus tareas diarias. M\u00e1s informaci\u00f3n sobre este veh\u00edculo.<\/p>\n<\/div><\/section>\n\n<style type=\"text\/css\" data-created_by=\"avia_inline_auto\" id=\"style-css-av-lujjddpd-afa3d7a9eabd61123e643ed1228e781e\">\n#top .hr.hr-invisible.av-lujjddpd-afa3d7a9eabd61123e643ed1228e781e{\nheight:50px;\n}\n<\/style>\n<div  class='hr av-lujjddpd-afa3d7a9eabd61123e643ed1228e781e hr-invisible  avia-builder-el-1  el_after_av_textblock  el_before_av_codeblock'><span class='hr-inner'><span class=\"hr-inner-style\"><\/span><\/span><\/div>\n\n\n<style type=\"text\/css\" data-created_by=\"avia_inline_auto\" id=\"style-css-av-ah0xd-63338d9dc6b40410e22a712829c369d6\">\n#top .hr.hr-invisible.av-ah0xd-63338d9dc6b40410e22a712829c369d6{\nheight:50px;\n}\n<\/style>\n<div  class='hr av-ah0xd-63338d9dc6b40410e22a712829c369d6 hr-invisible  avia-builder-el-3  el_after_av_codeblock  el_before_av_textblock'><span class='hr-inner'><span class=\"hr-inner-style\"><\/span><\/span><\/div>\n<section  class='av_textblock_section av-lu8gow1e-300853e458ed741bd87d6cb78e55cc7a'  itemscope=\"itemscope\" itemtype=\"https:\/\/schema.org\/CreativeWork\" ><div class='avia_textblock'  itemprop=\"text\" ><h2>6 razones para elegir el Fiat Doblo<\/h2>\n<p>El Fiat Doblo destaca en el mercado de veh\u00edculos comerciales por varias ventajas. Esto hace que este veh\u00edculo comercial sea una opci\u00f3n atractiva para los usuarios empresariales:<\/p>\n<ul>\n<li><strong>Amplio espacio de carga:<\/strong> El Doblo ofrece uno de los compartimentos de carga m\u00e1s espaciosos de su clase, con varias opciones de configuraci\u00f3n tanto en longitud como en altura. Esto facilita la satisfacci\u00f3n de necesidades log\u00edsticas espec\u00edficas, como el transporte de distintos tipos de mercanc\u00edas o herramientas.<\/li>\n<li><strong>Eficiencia de combustible:<\/strong> Gracias a la moderna tecnolog\u00eda de sus motores, este veh\u00edculo es conocido por su eficiencia en el consumo de combustible. Esto se traduce en menores costes de explotaci\u00f3n y un impacto medioambiental reducido, lo que es especialmente importante para las empresas que recorren largas distancias.<\/li>\n<li><strong>Gran comodidad:<\/strong> El interior se ha dise\u00f1ado prestando especial atenci\u00f3n a la comodidad y la ergonom\u00eda. Asientos robustos, materiales de alta calidad y soluciones de almacenamiento bien pensadas garantizan que las largas jornadas de trabajo resulten c\u00f3modas. Esto contribuye a la satisfacci\u00f3n del conductor y los pasajeros durante los viajes largos.<\/li>\n<li><strong>Instalaciones tecnol\u00f3gicas:<\/strong> Este modelo est\u00e1 equipado con modernas prestaciones tecnol\u00f3gicas, como un sistema de infoentretenimiento, conectividad Bluetooth y navegaci\u00f3n opcional. Esto contribuye tanto a la comodidad como a la productividad durante el trabajo.<\/li>\n<li><strong>Fiabilidad:<\/strong> Fiat es conocida por sus veh\u00edculos fiables. En este caso, el Doblo no es una excepci\u00f3n. La robusta calidad de construcci\u00f3n y la fiabilidad de sus componentes garantizan que este veh\u00edculo comercial pueda soportar cargas pesadas y un uso prolongado. Esto se traduce en menos tiempo de inactividad y menores costes de mantenimiento.<\/li>\n<li><strong>Apariencia profesional:<\/strong> Poseer un Fiat Doblo irradia profesionalidad. Fiat como marca tiene una s\u00f3lida reputaci\u00f3n en la industria del autom\u00f3vil, lo que puede contribuir a una imagen positiva para su negocio.<\/li>\n<\/ul>\n<p>Combinando estas ventajas, el Fiat Doblo ofrece una mezcla de funcionalidad, eficiencia y confort que lo convierten en una excelente opci\u00f3n para los usuarios de negocios que buscan un veh\u00edculo comercial fiable y vers\u00e1til.<\/p>\n<\/div><\/section>\n<div class='flex_column av-f64w1-da126f42b61613402309283c14245a25 av_one_half  avia-builder-el-5  el_after_av_textblock  el_before_av_one_third  first flex_column_div column-top-margin'   ><section  class='av_textblock_section av-lu8gpqre-73cc2c17e6a6497ba6e1b58af22bd9e8'  itemscope=\"itemscope\" itemtype=\"https:\/\/schema.org\/CreativeWork\" ><div class='avia_textblock'  itemprop=\"text\" ><h2>Comprar Fiat Doblo de segunda mano o nuevo<\/h2>\n<p>En Van den Hurk es posible adquirir tanto veh\u00edculos nuevos como de segunda mano. Comprar un Fiat Doblo es una inversi\u00f3n costosa para cualquier empresa. Por lo tanto, es aconsejable considerar cuidadosamente qu\u00e9 opci\u00f3n se adapta mejor a sus necesidades. Considerar ambas opciones le permitir\u00e1 tomar una decisi\u00f3n informada que se adapte a su presupuesto y a sus objetivos empresariales. En Van den Hurk, estamos preparados para ayudarle a tomar esta decisi\u00f3n y ofrecerle asesoramiento personalizado para ayudarle a tomar la decisi\u00f3n correcta para su negocio.<\/p>\n<\/div><\/section><\/div><div class='flex_column av-aldk9-ee694297f5c4032981677a02caab84d6 av_one_third  avia-builder-el-7  el_after_av_one_half  el_before_av_hr  flex_column_div column-top-margin'   ><style type=\"text\/css\" data-created_by=\"avia_inline_auto\" id=\"style-css-av-l1w9kpsf-4ec3fab772ec7a9adaa33cfc64ff0475\">\n.avia-image-container.av-l1w9kpsf-4ec3fab772ec7a9adaa33cfc64ff0475 .av-image-caption-overlay-center{\ncolor:#ffffff;\n}\n<\/style>\n<div  class='avia-image-container av-l1w9kpsf-4ec3fab772ec7a9adaa33cfc64ff0475 av-styling- avia-align-center  avia-builder-el-8  avia-builder-el-no-sibling'  itemprop=\"image\" itemscope=\"itemscope\" itemtype=\"https:\/\/schema.org\/ImageObject\" ><div class=\"avia-image-container-inner\"><div class=\"avia-image-overlay-wrap\"><img decoding=\"async\" class='wp-image-187 avia-img-lazy-loading-not-187 avia_image' src=\"https:\/\/www.vdhurk.nl\/wp-content\/uploads\/2022\/03\/Voorrad.png\" alt='' title='Stock'  height=\"758\" width=\"1135\"  itemprop=\"thumbnailUrl\" srcset=\"https:\/\/www.vdhurk.nl\/wp-content\/uploads\/2022\/03\/Voorrad.png 1135w, https:\/\/www.vdhurk.nl\/wp-content\/uploads\/2022\/03\/Voorrad-300x200.png 300w, https:\/\/www.vdhurk.nl\/wp-content\/uploads\/2022\/03\/Voorrad-1030x688.png 1030w, https:\/\/www.vdhurk.nl\/wp-content\/uploads\/2022\/03\/Voorrad-768x513.png 768w, https:\/\/www.vdhurk.nl\/wp-content\/uploads\/2022\/03\/Voorrad-18x12.png 18w, https:\/\/www.vdhurk.nl\/wp-content\/uploads\/2022\/03\/Voorrad-705x471.png 705w\" sizes=\"(max-width: 1135px) 100vw, 1135px\" \/><\/div><\/div><\/div><\/div><\/p>\n\n<style type=\"text\/css\" data-created_by=\"avia_inline_auto\" id=\"style-css-av-luqrjpjc-5a23a1fb5f94718ca85316a9df963e2f\">\n#top .hr.hr-invisible.av-luqrjpjc-5a23a1fb5f94718ca85316a9df963e2f{\nheight:50px;\n}\n<\/style>\n<div  class='hr av-luqrjpjc-5a23a1fb5f94718ca85316a9df963e2f hr-invisible  avia-builder-el-9  el_after_av_one_third  el_before_av_textblock'><span class='hr-inner'><span class=\"hr-inner-style\"><\/span><\/span><\/div>\n<section  class='av_textblock_section av-lu8gtjw7-4f3cee9304909518d86d2860d9d582dd'  itemscope=\"itemscope\" itemtype=\"https:\/\/schema.org\/CreativeWork\" ><div class='avia_textblock'  itemprop=\"text\" ><h2>Fiat Doblo leasing<\/h2>\n<p>El arrendamiento financiero es una opci\u00f3n de financiaci\u00f3n muy popular entre las empresas que desean comprar un veh\u00edculo comercial como el Fiat Doblo, sin tener que hacer grandes inversiones de capital de inmediato. As\u00ed no tiene que pagar una gran cantidad de una sola vez. En <a href=\"https:\/\/www.vdhurk.nl\/es\/arrendamiento-financiero\/\">arrendamiento financiero<\/a> el veh\u00edculo comercial pasa a ser de tu propiedad mientras lo vas pagando a plazos. Pagas una cantidad fija al mes durante toda la duraci\u00f3n del contrato de leasing. De esta forma, haces invisible tu planificaci\u00f3n financiera. Los costes se mantienen constantes. Tambi\u00e9n puedes elegir entre diferentes plazos que se adapten a tu presupuesto y necesidades. A diferencia de otras formas de leasing, no suele haber restricciones en cuanto al n\u00famero de kil\u00f3metros que puedes conducir. As\u00ed que puede ir donde quiera.<\/p>\n<h2>Dispositivos de seguridad<\/h2>\n<p>El Fiat Doblo tiene una serie de caracter\u00edsticas de seguridad que ofrecen protecci\u00f3n durante la conducci\u00f3n. Entre ellas se incluyen ABS, ESP, airbags y control de crucero. Tanto si transportas mercanc\u00edas en zonas urbanas como si recorres largas distancias, estas caracter\u00edsticas de seguridad te permiten trabajar de forma segura y eficiente, lo que es esencial para el \u00e9xito de las operaciones. Gracias a estas caracter\u00edsticas de seguridad, el <a href=\"https:\/\/www.vdhurk.nl\/es\/vehiculos-comerciales\/fiat\/\">Veh\u00edculos comerciales Fiat<\/a> una opci\u00f3n fiable para los usuarios empresariales.<\/p>\n<h2>Elija veh\u00edculos comerciales fiables de Van den Hurk<\/h2>\n<p>Si eres un usuario de negocios que busca un coche de empresa, el Fiat Doblo es definitivamente digno de consideraci\u00f3n. Con una gran capacidad de carga y un alto nivel de confort, este modelo satisface diversas necesidades empresariales. Tanto si opta por un modelo usado como nuevo, en Van den Hurk estamos preparados para guiarle en cada paso del proceso. De este modo, puede estar seguro de que est\u00e1 tomando la decisi\u00f3n correcta.<\/p>\n<\/div><\/section>","protected":false},"excerpt":{"rendered":"","protected":false},"author":3,"featured_media":0,"parent":372075,"menu_order":0,"comment_status":"closed","ping_status":"closed","template":"","meta":{"_acf_changed":false,"_improvement_type_select":"improve_an_existing","_thumb_yes_seoaic":false,"_frame_yes_seoaic":false,"seoaic_generate_description":"","seoaic_improve_instructions_prompt":"","seoaic_rollback_content_improvement":"","seoaic_idea_thumbnail_generator":"","thumbnail_generated":false,"thumbnail_generate_prompt":"","seoaic_article_description":"","footnotes":""},"class_list":["post-397536","page","type-page","status-publish","hentry"],"acf":[],"yoast_head":"<!-- This site is optimized with the Yoast SEO plugin v27.3 - https:\/\/yoast.com\/product\/yoast-seo-wordpress\/ -->\n<title>Alles wat je wilt weten over de Fiat Doblo occasion<\/title>\n<meta name=\"description\" content=\"Overweeg jij een Fiat Doblo occasion te kopen of leasen? Ontdek dan alle specificaties van dit voertuig en ontdek of het aansluit bij jouw zakelijke behoeften.\" \/>\n<meta name=\"robots\" content=\"index, follow, max-snippet:-1, max-image-preview:large, max-video-preview:-1\" \/>\n<link rel=\"canonical\" href=\"https:\/\/www.vdhurk.nl\/es\/vehiculos-comerciales-fiat\/mercedes-21\/\" \/>\n<meta property=\"og:locale\" content=\"es_ES\" \/>\n<meta property=\"og:type\" content=\"article\" \/>\n<meta property=\"og:title\" content=\"Alles wat je wilt weten over de Fiat Doblo occasion\" \/>\n<meta property=\"og:description\" content=\"Overweeg jij een Fiat Doblo occasion te kopen of leasen? Ontdek dan alle specificaties van dit voertuig en ontdek of het aansluit bij jouw zakelijke behoeften.\" \/>\n<meta property=\"og:url\" content=\"https:\/\/www.vdhurk.nl\/es\/vehiculos-comerciales-fiat\/mercedes-21\/\" \/>\n<meta property=\"og:site_name\" content=\"Van den Hurk Bedrijfswagens\" \/>\n<meta name=\"twitter:card\" content=\"summary_large_image\" \/>\n<meta name=\"twitter:label1\" content=\"Tiempo de lectura\" \/>\n\t<meta name=\"twitter:data1\" content=\"6 minutos\" \/>\n<script type=\"application\/ld+json\" class=\"yoast-schema-graph\">{\"@context\":\"https:\\\/\\\/schema.org\",\"@graph\":[{\"@type\":\"WebPage\",\"@id\":\"https:\\\/\\\/www.vdhurk.nl\\\/fiat-bedrijfswagens\\\/doblo\\\/\",\"url\":\"https:\\\/\\\/www.vdhurk.nl\\\/fiat-bedrijfswagens\\\/doblo\\\/\",\"name\":\"Alles wat je wilt weten over de Fiat Doblo occasion\",\"isPartOf\":{\"@id\":\"https:\\\/\\\/www.vdhurk.nl\\\/#website\"},\"datePublished\":\"2024-08-02T08:30:26+00:00\",\"description\":\"Overweeg jij een Fiat Doblo occasion te kopen of leasen? Ontdek dan alle specificaties van dit voertuig en ontdek of het aansluit bij jouw zakelijke behoeften.\",\"breadcrumb\":{\"@id\":\"https:\\\/\\\/www.vdhurk.nl\\\/fiat-bedrijfswagens\\\/doblo\\\/#breadcrumb\"},\"inLanguage\":\"es\",\"potentialAction\":[{\"@type\":\"ReadAction\",\"target\":[\"https:\\\/\\\/www.vdhurk.nl\\\/fiat-bedrijfswagens\\\/doblo\\\/\"]}]},{\"@type\":\"BreadcrumbList\",\"@id\":\"https:\\\/\\\/www.vdhurk.nl\\\/fiat-bedrijfswagens\\\/doblo\\\/#breadcrumb\",\"itemListElement\":[{\"@type\":\"ListItem\",\"position\":1,\"name\":\"Home\",\"item\":\"https:\\\/\\\/www.vdhurk.nl\\\/home\\\/\"},{\"@type\":\"ListItem\",\"position\":2,\"name\":\"Fiat Bedrijfswagens\",\"item\":\"https:\\\/\\\/www.vdhurk.nl\\\/fiat-bedrijfswagens\\\/\"},{\"@type\":\"ListItem\",\"position\":3,\"name\":\"Fiat Doblo\"}]},{\"@type\":\"WebSite\",\"@id\":\"https:\\\/\\\/www.vdhurk.nl\\\/#website\",\"url\":\"https:\\\/\\\/www.vdhurk.nl\\\/\",\"name\":\"Van den Hurk Bedrijfswagens\",\"description\":\"Van den Hurk bedrijfswagens Helmond\",\"potentialAction\":[{\"@type\":\"SearchAction\",\"target\":{\"@type\":\"EntryPoint\",\"urlTemplate\":\"https:\\\/\\\/www.vdhurk.nl\\\/?s={search_term_string}\"},\"query-input\":{\"@type\":\"PropertyValueSpecification\",\"valueRequired\":true,\"valueName\":\"search_term_string\"}}],\"inLanguage\":\"es\"}]}<\/script>\n<!-- \/ Yoast SEO plugin. -->","yoast_head_json":{"title":"Todo lo que quieres saber sobre el Fiat Doblo de ocasi\u00f3n","description":"\u00bfEst\u00e1s pensando en comprar o alquilar un Fiat Doblo de ocasi\u00f3n? Entonces descubre todas las especificaciones de este veh\u00edculo y averigua si se adapta a las necesidades de tu negocio.","robots":{"index":"index","follow":"follow","max-snippet":"max-snippet:-1","max-image-preview":"max-image-preview:large","max-video-preview":"max-video-preview:-1"},"canonical":"https:\/\/www.vdhurk.nl\/es\/vehiculos-comerciales-fiat\/mercedes-21\/","og_locale":"es_ES","og_type":"article","og_title":"Alles wat je wilt weten over de Fiat Doblo occasion","og_description":"Overweeg jij een Fiat Doblo occasion te kopen of leasen? Ontdek dan alle specificaties van dit voertuig en ontdek of het aansluit bij jouw zakelijke behoeften.","og_url":"https:\/\/www.vdhurk.nl\/es\/vehiculos-comerciales-fiat\/mercedes-21\/","og_site_name":"Van den Hurk Bedrijfswagens","twitter_card":"summary_large_image","twitter_misc":{"Tiempo de lectura":"6 minutos"},"schema":{"@context":"https:\/\/schema.org","@graph":[{"@type":"WebPage","@id":"https:\/\/www.vdhurk.nl\/fiat-bedrijfswagens\/doblo\/","url":"https:\/\/www.vdhurk.nl\/fiat-bedrijfswagens\/doblo\/","name":"Todo lo que quieres saber sobre el Fiat Doblo de ocasi\u00f3n","isPartOf":{"@id":"https:\/\/www.vdhurk.nl\/#website"},"datePublished":"2024-08-02T08:30:26+00:00","description":"\u00bfEst\u00e1s pensando en comprar o alquilar un Fiat Doblo de ocasi\u00f3n? Entonces descubre todas las especificaciones de este veh\u00edculo y averigua si se adapta a las necesidades de tu negocio.","breadcrumb":{"@id":"https:\/\/www.vdhurk.nl\/fiat-bedrijfswagens\/doblo\/#breadcrumb"},"inLanguage":"es","potentialAction":[{"@type":"ReadAction","target":["https:\/\/www.vdhurk.nl\/fiat-bedrijfswagens\/doblo\/"]}]},{"@type":"BreadcrumbList","@id":"https:\/\/www.vdhurk.nl\/fiat-bedrijfswagens\/doblo\/#breadcrumb","itemListElement":[{"@type":"ListItem","position":1,"name":"Home","item":"https:\/\/www.vdhurk.nl\/home\/"},{"@type":"ListItem","position":2,"name":"Fiat Bedrijfswagens","item":"https:\/\/www.vdhurk.nl\/fiat-bedrijfswagens\/"},{"@type":"ListItem","position":3,"name":"Fiat Doblo"}]},{"@type":"WebSite","@id":"https:\/\/www.vdhurk.nl\/#website","url":"https:\/\/www.vdhurk.nl\/","name":"Veh\u00edculos comerciales Van den Hurk","description":"Van den Hurk veh\u00edculos comerciales Helmond","potentialAction":[{"@type":"SearchAction","target":{"@type":"EntryPoint","urlTemplate":"https:\/\/www.vdhurk.nl\/?s={search_term_string}"},"query-input":{"@type":"PropertyValueSpecification","valueRequired":true,"valueName":"search_term_string"}}],"inLanguage":"es"}]}},"_links":{"self":[{"href":"https:\/\/www.vdhurk.nl\/es\/wp-json\/wp\/v2\/pages\/397536","targetHints":{"allow":["GET"]}}],"collection":[{"href":"https:\/\/www.vdhurk.nl\/es\/wp-json\/wp\/v2\/pages"}],"about":[{"href":"https:\/\/www.vdhurk.nl\/es\/wp-json\/wp\/v2\/types\/page"}],"author":[{"embeddable":true,"href":"https:\/\/www.vdhurk.nl\/es\/wp-json\/wp\/v2\/users\/3"}],"replies":[{"embeddable":true,"href":"https:\/\/www.vdhurk.nl\/es\/wp-json\/wp\/v2\/comments?post=397536"}],"version-history":[{"count":1,"href":"https:\/\/www.vdhurk.nl\/es\/wp-json\/wp\/v2\/pages\/397536\/revisions"}],"predecessor-version":[{"id":397537,"href":"https:\/\/www.vdhurk.nl\/es\/wp-json\/wp\/v2\/pages\/397536\/revisions\/397537"}],"up":[{"embeddable":true,"href":"https:\/\/www.vdhurk.nl\/es\/wp-json\/wp\/v2\/pages\/372075"}],"wp:attachment":[{"href":"https:\/\/www.vdhurk.nl\/es\/wp-json\/wp\/v2\/media?parent=397536"}],"curies":[{"name":"wp","href":"https:\/\/api.w.org\/{rel}","templated":true}]}}