{"id":397532,"date":"2024-08-01T16:13:36","date_gmt":"2024-08-01T14:13:36","guid":{"rendered":"https:\/\/www.vdhurk.nl\/?page_id=397532"},"modified":"2024-08-01T16:13:36","modified_gmt":"2024-08-01T14:13:36","slug":"mercedes-22","status":"publish","type":"page","link":"https:\/\/www.vdhurk.nl\/es\/mercedes-bedrijfswagens\/citan\/","title":{"rendered":"Mercedes Citan"},"content":{"rendered":"<section  class='av_textblock_section av-lu8gnh7d-4ac895489941e586c1d7c8cb72318135'  itemscope=\"itemscope\" itemtype=\"https:\/\/schema.org\/CreativeWork\" ><div class='avia_textblock'  itemprop=\"text\" ><h1>La Mercedes Citan utilizada como veh\u00edculo comercial<\/h1>\n<p>La Mercedes Citan de ocasi\u00f3n es una furgoneta que se distingue por su versatilidad y el confort Mercedes-Benz. Desde su introducci\u00f3n, este modelo ha sido dise\u00f1ado tanto para la distribuci\u00f3n en ciudad como para largas distancias. Como resultado, este modelo ofrece una excelente mezcla entre funcionalidad y confort de conducci\u00f3n. Esto hace que la excelente mezcla de funcionalidad y facilidad de conducci\u00f3n. Esto hace que sea una opci\u00f3n muy popular entre los empresarios.<\/p>\n<\/div><\/section>\n\n<style type=\"text\/css\" data-created_by=\"avia_inline_auto\" id=\"style-css-av-lujjddpd-afa3d7a9eabd61123e643ed1228e781e\">\n#top .hr.hr-invisible.av-lujjddpd-afa3d7a9eabd61123e643ed1228e781e{\nheight:50px;\n}\n<\/style>\n<div  class='hr av-lujjddpd-afa3d7a9eabd61123e643ed1228e781e hr-invisible  avia-builder-el-1  el_after_av_textblock  el_before_av_codeblock'><span class='hr-inner'><span class=\"hr-inner-style\"><\/span><\/span><\/div>\n\n\n<style type=\"text\/css\" data-created_by=\"avia_inline_auto\" id=\"style-css-av-ah0xd-63338d9dc6b40410e22a712829c369d6\">\n#top .hr.hr-invisible.av-ah0xd-63338d9dc6b40410e22a712829c369d6{\nheight:50px;\n}\n<\/style>\n<div  class='hr av-ah0xd-63338d9dc6b40410e22a712829c369d6 hr-invisible  avia-builder-el-3  el_after_av_codeblock  el_before_av_textblock'><span class='hr-inner'><span class=\"hr-inner-style\"><\/span><\/span><\/div>\n<section  class='av_textblock_section av-lu8gow1e-300853e458ed741bd87d6cb78e55cc7a'  itemscope=\"itemscope\" itemtype=\"https:\/\/schema.org\/CreativeWork\" ><div class='avia_textblock'  itemprop=\"text\" ><h2>5 razones por las que la Mercedes Citan es una elecci\u00f3n popular<\/h2>\n<p>La Mercedes Citan es una elecci\u00f3n popular porque este modelo viene con varias ventajas:<\/p>\n<ul>\n<li><strong>Fiabilidad:<\/strong> Mercedes-Benz es conocida por su alta calidad y, por tanto, por su fiabilidad. Esto tambi\u00e9n se aplica a la Citan. Con este modelo, puede esperar una larga vida \u00fatil.<\/li>\n<li><strong>Eficacia del combustible<\/strong>La Citan se ha dise\u00f1ado pensando en la eficiencia de combustible. Esto garantiza unos costes operativos m\u00e1s bajos. Esto es ventajoso, especialmente para empresas que cubren muchas y largas distancias.<\/li>\n<li><strong>Mucho espacio de carga:<\/strong> Su amplia capacidad de carga y la posibilidad de personalizar el interior son especialmente valiosas para las empresas con necesidades log\u00edsticas diversas.<\/li>\n<li><strong>Confort de conducci\u00f3n y seguridad:<\/strong> La Citan combina la robustez de un veh\u00edculo comercial con el confort de un turismo. Esto garantiza una experiencia de conducci\u00f3n agradable, incluso en viajes largos. Adem\u00e1s, la Citan est\u00e1 equipada con elementos de seguridad que garantizan la seguridad del conductor y de los pasajeros.<\/li>\n<li><strong>Apariencia profesional:<\/strong> Un veh\u00edculo comercial Mercedes irradia profesionalidad. Para las empresas, poseer un veh\u00edculo de una marca reputada como Mercedes-Benz puede contribuir a una imagen positiva ante clientes y socios.<\/li>\n<\/ul>\n<p>Estas ventajas hacen de la Mercedes Citan una elecci\u00f3n popular para las empresas que buscan un veh\u00edculo comercial de altas prestaciones.<\/p>\n<\/div><\/section>\n<div class='flex_column av-f64w1-da126f42b61613402309283c14245a25 av_one_half  avia-builder-el-5  el_after_av_textblock  el_before_av_one_third  first flex_column_div column-top-margin'   ><section  class='av_textblock_section av-lu8gpqre-73cc2c17e6a6497ba6e1b58af22bd9e8'  itemscope=\"itemscope\" itemtype=\"https:\/\/schema.org\/CreativeWork\" ><div class='avia_textblock'  itemprop=\"text\" ><h2>El interior de la Mercedes Citan<\/h2>\n<p>La Mercedes Citan est\u00e1 dise\u00f1ada pensando en el confort, la funcionalidad y la facilidad de conducci\u00f3n. Esto la convierte en una opci\u00f3n atractiva para las empresas corporativas. El interior est\u00e1 dise\u00f1ado ergon\u00f3micamente para ofrecer el m\u00e1ximo confort. Los asientos est\u00e1n bien formados y ofrecen sujeci\u00f3n, lo que hace m\u00e1s atractivo conducir largas distancias. <a href=\"https:\/\/www.vdhurk.nl\/es\/vehiculos-comerciales\/mercedes\/\">Veh\u00edculos comerciales Mercedes<\/a> hacen uso de materiales de alta calidad en el interior, lo que se traduce en una sensaci\u00f3n de lujo. El interior ofrece mucho espacio y est\u00e1 dise\u00f1ado de forma funcional. Hay mucho espacio para facilitar la conducci\u00f3n. Adem\u00e1s, hay varias opciones de almacenamiento para guardar cosas f\u00e1cilmente.<\/p>\n<\/div><\/section><\/div><div class='flex_column av-aldk9-ee694297f5c4032981677a02caab84d6 av_one_third  avia-builder-el-7  el_after_av_one_half  el_before_av_hr  flex_column_div column-top-margin'   ><style type=\"text\/css\" data-created_by=\"avia_inline_auto\" id=\"style-css-av-l1w9kpsf-4ec3fab772ec7a9adaa33cfc64ff0475\">\n.avia-image-container.av-l1w9kpsf-4ec3fab772ec7a9adaa33cfc64ff0475 .av-image-caption-overlay-center{\ncolor:#ffffff;\n}\n<\/style>\n<div  class='avia-image-container av-l1w9kpsf-4ec3fab772ec7a9adaa33cfc64ff0475 av-styling- avia-align-center  avia-builder-el-8  avia-builder-el-no-sibling'  itemprop=\"image\" itemscope=\"itemscope\" itemtype=\"https:\/\/schema.org\/ImageObject\" ><div class=\"avia-image-container-inner\"><div class=\"avia-image-overlay-wrap\"><img decoding=\"async\" class='wp-image-187 avia-img-lazy-loading-not-187 avia_image' src=\"https:\/\/www.vdhurk.nl\/wp-content\/uploads\/2022\/03\/Voorrad.png\" alt='' title='Stock'  height=\"758\" width=\"1135\"  itemprop=\"thumbnailUrl\" srcset=\"https:\/\/www.vdhurk.nl\/wp-content\/uploads\/2022\/03\/Voorrad.png 1135w, https:\/\/www.vdhurk.nl\/wp-content\/uploads\/2022\/03\/Voorrad-300x200.png 300w, https:\/\/www.vdhurk.nl\/wp-content\/uploads\/2022\/03\/Voorrad-1030x688.png 1030w, https:\/\/www.vdhurk.nl\/wp-content\/uploads\/2022\/03\/Voorrad-768x513.png 768w, https:\/\/www.vdhurk.nl\/wp-content\/uploads\/2022\/03\/Voorrad-18x12.png 18w, https:\/\/www.vdhurk.nl\/wp-content\/uploads\/2022\/03\/Voorrad-705x471.png 705w\" sizes=\"(max-width: 1135px) 100vw, 1135px\" \/><\/div><\/div><\/div><\/div><\/p>\n\n<style type=\"text\/css\" data-created_by=\"avia_inline_auto\" id=\"style-css-av-luqrjpjc-5a23a1fb5f94718ca85316a9df963e2f\">\n#top .hr.hr-invisible.av-luqrjpjc-5a23a1fb5f94718ca85316a9df963e2f{\nheight:50px;\n}\n<\/style>\n<div  class='hr av-luqrjpjc-5a23a1fb5f94718ca85316a9df963e2f hr-invisible  avia-builder-el-9  el_after_av_one_third  el_before_av_textblock'><span class='hr-inner'><span class=\"hr-inner-style\"><\/span><\/span><\/div>\n<section  class='av_textblock_section av-lu8gtjw7-4f3cee9304909518d86d2860d9d582dd'  itemscope=\"itemscope\" itemtype=\"https:\/\/schema.org\/CreativeWork\" ><div class='avia_textblock'  itemprop=\"text\" ><h2>Comprar una Mercedes Citan: \u00bfqu\u00e9 consideraciones debes tener en cuenta?<\/h2>\n<p>Comprar una Mercedes Citan es una inversi\u00f3n inteligente para las empresas, \u00bfEst\u00e1 pensando en comprar este modelo? Entonces es bueno tener en cuenta ciertos aspectos. \u00bfPara qu\u00e9 va a utilizar el veh\u00edculo de empresa, con qu\u00e9 frecuencia y para qu\u00e9 distancias? Adem\u00e1s, tambi\u00e9n es bueno elegir si quieres un veh\u00edculo comercial nuevo o de segunda mano. Nosotros ofrecemos ambas opciones. \u00bfNo est\u00e1 seguro de cu\u00e1l se adapta mejor a las necesidades de su empresa? No hay problema. Estaremos encantados de asesorarle.<\/p>\n<h2>Leasing de una Mercedes Citan<\/h2>\n<p>El leasing es una opci\u00f3n de financiaci\u00f3n muy utilizada en Van den Hurk para empresas que quieren comprar un veh\u00edculo comercial, pero no quieren pagar el importe total de una sola vez. Con nuestro <a href=\"https:\/\/www.vdhurk.nl\/es\/arrendamiento-financiero\/\">arrendamiento financiero<\/a> En virtud de este acuerdo, usted pone en uso el veh\u00edculo industrial y paga una cantidad mensual en concepto de leasing. Al final del periodo de alquiler, te conviertes en propietario del veh\u00edculo comercial.<\/p>\n<h2>Instalaciones<\/h2>\n<p>La Mercedes Citan es una furgoneta vers\u00e1til y fiable que cuenta con varias caracter\u00edsticas de seguridad y confort. Entre ellas, una c\u00e1mara de aparcamiento, detecci\u00f3n de \u00e1ngulo muerto, detecci\u00f3n de se\u00f1ales de tr\u00e1fico, prevenci\u00f3n de colisiones y asistente de carril. Adem\u00e1s, no tienes que preocuparte por los calurosos d\u00edas de verano. Esto se debe a que el coche de empresa dispone de aire acondicionado. Adem\u00e1s, te beneficiar\u00e1s de otras prestaciones como los sistemas de infoentretenimiento y la conectividad USB.<\/p>\n<h2><b>Elija un veh\u00edculo comercial que funcione bien<\/b><\/h2>\n<p>Si buscas un veh\u00edculo comercial, la Mercedes Citan es una excelente elecci\u00f3n. Con su robusta construcci\u00f3n, su amplia capacidad de carga y su confortable interior, la Citan ofrece una buena mezcla de funcionalidad y confort de conducci\u00f3n.<\/p>\n<\/div><\/section>","protected":false},"excerpt":{"rendered":"","protected":false},"author":3,"featured_media":0,"parent":370573,"menu_order":0,"comment_status":"closed","ping_status":"closed","template":"","meta":{"_acf_changed":false,"_improvement_type_select":"improve_an_existing","_thumb_yes_seoaic":false,"_frame_yes_seoaic":false,"seoaic_generate_description":"","seoaic_improve_instructions_prompt":"","seoaic_rollback_content_improvement":"","seoaic_idea_thumbnail_generator":"","thumbnail_generated":false,"thumbnail_generate_prompt":"","seoaic_article_description":"","footnotes":""},"class_list":["post-397532","page","type-page","status-publish","hentry"],"acf":[],"yoast_head":"<!-- This site is optimized with the Yoast SEO plugin v27.5 - https:\/\/yoast.com\/product\/yoast-seo-wordpress\/ -->\n<title>Ontdek alles wat je wilt weten over de Mercedes Citan occasion<\/title>\n<meta name=\"description\" content=\"Meer weten over de Mercedes Citan occasion? Ontdek alle specificaties van dit model en kijk of het bij jouw zakelijke behoeften aansluit.\" \/>\n<meta name=\"robots\" content=\"index, follow, max-snippet:-1, max-image-preview:large, max-video-preview:-1\" \/>\n<link rel=\"canonical\" href=\"https:\/\/www.vdhurk.nl\/es\/mercedes-9\/mercedes-22\/\" \/>\n<meta property=\"og:locale\" content=\"es_ES\" \/>\n<meta property=\"og:type\" content=\"article\" \/>\n<meta property=\"og:title\" content=\"Ontdek alles wat je wilt weten over de Mercedes Citan occasion\" \/>\n<meta property=\"og:description\" content=\"Meer weten over de Mercedes Citan occasion? Ontdek alle specificaties van dit model en kijk of het bij jouw zakelijke behoeften aansluit.\" \/>\n<meta property=\"og:url\" content=\"https:\/\/www.vdhurk.nl\/es\/mercedes-9\/mercedes-22\/\" \/>\n<meta property=\"og:site_name\" content=\"Van den Hurk Bedrijfswagens\" \/>\n<meta name=\"twitter:card\" content=\"summary_large_image\" \/>\n<meta name=\"twitter:label1\" content=\"Tiempo de lectura\" \/>\n\t<meta name=\"twitter:data1\" content=\"5 minutos\" \/>\n<script type=\"application\/ld+json\" class=\"yoast-schema-graph\">{\"@context\":\"https:\\\/\\\/schema.org\",\"@graph\":[{\"@type\":\"WebPage\",\"@id\":\"https:\\\/\\\/www.vdhurk.nl\\\/mercedes-bedrijfswagens\\\/citan\\\/\",\"url\":\"https:\\\/\\\/www.vdhurk.nl\\\/mercedes-bedrijfswagens\\\/citan\\\/\",\"name\":\"Ontdek alles wat je wilt weten over de Mercedes Citan occasion\",\"isPartOf\":{\"@id\":\"https:\\\/\\\/www.vdhurk.nl\\\/#website\"},\"datePublished\":\"2024-08-01T14:13:36+00:00\",\"description\":\"Meer weten over de Mercedes Citan occasion? Ontdek alle specificaties van dit model en kijk of het bij jouw zakelijke behoeften aansluit.\",\"breadcrumb\":{\"@id\":\"https:\\\/\\\/www.vdhurk.nl\\\/mercedes-bedrijfswagens\\\/citan\\\/#breadcrumb\"},\"inLanguage\":\"es\",\"potentialAction\":[{\"@type\":\"ReadAction\",\"target\":[\"https:\\\/\\\/www.vdhurk.nl\\\/mercedes-bedrijfswagens\\\/citan\\\/\"]}]},{\"@type\":\"BreadcrumbList\",\"@id\":\"https:\\\/\\\/www.vdhurk.nl\\\/mercedes-bedrijfswagens\\\/citan\\\/#breadcrumb\",\"itemListElement\":[{\"@type\":\"ListItem\",\"position\":1,\"name\":\"Home\",\"item\":\"https:\\\/\\\/www.vdhurk.nl\\\/home\\\/\"},{\"@type\":\"ListItem\",\"position\":2,\"name\":\"Mercedes Bedrijfswagens\",\"item\":\"https:\\\/\\\/www.vdhurk.nl\\\/mercedes-bedrijfswagens\\\/\"},{\"@type\":\"ListItem\",\"position\":3,\"name\":\"Mercedes Citan\"}]},{\"@type\":\"WebSite\",\"@id\":\"https:\\\/\\\/www.vdhurk.nl\\\/#website\",\"url\":\"https:\\\/\\\/www.vdhurk.nl\\\/\",\"name\":\"Van den Hurk Bedrijfswagens\",\"description\":\"Van den Hurk bedrijfswagens Helmond\",\"potentialAction\":[{\"@type\":\"SearchAction\",\"target\":{\"@type\":\"EntryPoint\",\"urlTemplate\":\"https:\\\/\\\/www.vdhurk.nl\\\/?s={search_term_string}\"},\"query-input\":{\"@type\":\"PropertyValueSpecification\",\"valueRequired\":true,\"valueName\":\"search_term_string\"}}],\"inLanguage\":\"es\"}]}<\/script>\n<!-- \/ Yoast SEO plugin. -->","yoast_head_json":{"title":"Descubre todo lo que necesitas saber sobre el Mercedes Citan de ocasi\u00f3n","description":"\u00bfQuieres saber m\u00e1s sobre la Mercedes Citan de ocasi\u00f3n? Descubre todas las especificaciones de este modelo y comprueba si se adapta a las necesidades de tu negocio.","robots":{"index":"index","follow":"follow","max-snippet":"max-snippet:-1","max-image-preview":"max-image-preview:large","max-video-preview":"max-video-preview:-1"},"canonical":"https:\/\/www.vdhurk.nl\/es\/mercedes-9\/mercedes-22\/","og_locale":"es_ES","og_type":"article","og_title":"Ontdek alles wat je wilt weten over de Mercedes Citan occasion","og_description":"Meer weten over de Mercedes Citan occasion? Ontdek alle specificaties van dit model en kijk of het bij jouw zakelijke behoeften aansluit.","og_url":"https:\/\/www.vdhurk.nl\/es\/mercedes-9\/mercedes-22\/","og_site_name":"Van den Hurk Bedrijfswagens","twitter_card":"summary_large_image","twitter_misc":{"Tiempo de lectura":"5 minutos"},"schema":{"@context":"https:\/\/schema.org","@graph":[{"@type":"WebPage","@id":"https:\/\/www.vdhurk.nl\/mercedes-bedrijfswagens\/citan\/","url":"https:\/\/www.vdhurk.nl\/mercedes-bedrijfswagens\/citan\/","name":"Descubre todo lo que necesitas saber sobre el Mercedes Citan de ocasi\u00f3n","isPartOf":{"@id":"https:\/\/www.vdhurk.nl\/#website"},"datePublished":"2024-08-01T14:13:36+00:00","description":"\u00bfQuieres saber m\u00e1s sobre la Mercedes Citan de ocasi\u00f3n? Descubre todas las especificaciones de este modelo y comprueba si se adapta a las necesidades de tu negocio.","breadcrumb":{"@id":"https:\/\/www.vdhurk.nl\/mercedes-bedrijfswagens\/citan\/#breadcrumb"},"inLanguage":"es","potentialAction":[{"@type":"ReadAction","target":["https:\/\/www.vdhurk.nl\/mercedes-bedrijfswagens\/citan\/"]}]},{"@type":"BreadcrumbList","@id":"https:\/\/www.vdhurk.nl\/mercedes-bedrijfswagens\/citan\/#breadcrumb","itemListElement":[{"@type":"ListItem","position":1,"name":"Home","item":"https:\/\/www.vdhurk.nl\/home\/"},{"@type":"ListItem","position":2,"name":"Mercedes Bedrijfswagens","item":"https:\/\/www.vdhurk.nl\/mercedes-bedrijfswagens\/"},{"@type":"ListItem","position":3,"name":"Mercedes Citan"}]},{"@type":"WebSite","@id":"https:\/\/www.vdhurk.nl\/#website","url":"https:\/\/www.vdhurk.nl\/","name":"Veh\u00edculos comerciales Van den Hurk","description":"Van den Hurk veh\u00edculos comerciales Helmond","potentialAction":[{"@type":"SearchAction","target":{"@type":"EntryPoint","urlTemplate":"https:\/\/www.vdhurk.nl\/?s={search_term_string}"},"query-input":{"@type":"PropertyValueSpecification","valueRequired":true,"valueName":"search_term_string"}}],"inLanguage":"es"}]}},"_links":{"self":[{"href":"https:\/\/www.vdhurk.nl\/es\/wp-json\/wp\/v2\/pages\/397532","targetHints":{"allow":["GET"]}}],"collection":[{"href":"https:\/\/www.vdhurk.nl\/es\/wp-json\/wp\/v2\/pages"}],"about":[{"href":"https:\/\/www.vdhurk.nl\/es\/wp-json\/wp\/v2\/types\/page"}],"author":[{"embeddable":true,"href":"https:\/\/www.vdhurk.nl\/es\/wp-json\/wp\/v2\/users\/3"}],"replies":[{"embeddable":true,"href":"https:\/\/www.vdhurk.nl\/es\/wp-json\/wp\/v2\/comments?post=397532"}],"version-history":[{"count":2,"href":"https:\/\/www.vdhurk.nl\/es\/wp-json\/wp\/v2\/pages\/397532\/revisions"}],"predecessor-version":[{"id":397535,"href":"https:\/\/www.vdhurk.nl\/es\/wp-json\/wp\/v2\/pages\/397532\/revisions\/397535"}],"up":[{"embeddable":true,"href":"https:\/\/www.vdhurk.nl\/es\/wp-json\/wp\/v2\/pages\/370573"}],"wp:attachment":[{"href":"https:\/\/www.vdhurk.nl\/es\/wp-json\/wp\/v2\/media?parent=397532"}],"curies":[{"name":"wp","href":"https:\/\/api.w.org\/{rel}","templated":true}]}}