{"id":397527,"date":"2024-08-01T15:27:32","date_gmt":"2024-08-01T13:27:32","guid":{"rendered":"https:\/\/www.vdhurk.nl\/?page_id=397527"},"modified":"2024-08-01T15:27:32","modified_gmt":"2024-08-01T13:27:32","slug":"mercedes-16","status":"publish","type":"page","link":"https:\/\/www.vdhurk.nl\/es\/volkswagen-bedrijfswagens\/crafter\/","title":{"rendered":"Volkswagen Crafter"},"content":{"rendered":"<section  class='av_textblock_section av-lu8gnh7d-4ac895489941e586c1d7c8cb72318135'  itemscope=\"itemscope\" itemtype=\"https:\/\/schema.org\/CreativeWork\" ><div class='avia_textblock'  itemprop=\"text\" ><h1>M\u00e1s informaci\u00f3n sobre el Volkswagen Crafter de ocasi\u00f3n<\/h1>\n<p>El Volkswagen Crafter de ocasi\u00f3n es un veh\u00edculo comercial vers\u00e1til y fiable en el mercado. Este modelo ofrece un buen equilibrio entre calidad y prestaciones. Esto lo convierte en una excelente opci\u00f3n tanto para peque\u00f1as empresas como para grandes corporaciones. La furgoneta tambi\u00e9n es adecuada para satisfacer una gran variedad de necesidades. Obtenga m\u00e1s informaci\u00f3n sobre las especificaciones de este modelo y compruebe si se adapta a las necesidades de su empresa.<\/p>\n<\/div><\/section>\n\n<style type=\"text\/css\" data-created_by=\"avia_inline_auto\" id=\"style-css-av-lujjddpd-afa3d7a9eabd61123e643ed1228e781e\">\n#top .hr.hr-invisible.av-lujjddpd-afa3d7a9eabd61123e643ed1228e781e{\nheight:50px;\n}\n<\/style>\n<div  class='hr av-lujjddpd-afa3d7a9eabd61123e643ed1228e781e hr-invisible  avia-builder-el-1  el_after_av_textblock  el_before_av_codeblock'><span class='hr-inner'><span class=\"hr-inner-style\"><\/span><\/span><\/div>\n\n\n<style type=\"text\/css\" data-created_by=\"avia_inline_auto\" id=\"style-css-av-ah0xd-63338d9dc6b40410e22a712829c369d6\">\n#top .hr.hr-invisible.av-ah0xd-63338d9dc6b40410e22a712829c369d6{\nheight:50px;\n}\n<\/style>\n<div  class='hr av-ah0xd-63338d9dc6b40410e22a712829c369d6 hr-invisible  avia-builder-el-3  el_after_av_codeblock  el_before_av_buttonrow'><span class='hr-inner'><span class=\"hr-inner-style\"><\/span><\/span><\/div>\n<div  class='avia-buttonrow-wrap av-lycy2l1u-efac69e9f010a0319d432a3a571c80d4 avia-buttonrow-center  avia-builder-el-4  el_after_av_hr  el_before_av_hr'>\n\n<style type=\"text\/css\" data-created_by=\"avia_inline_auto\" id=\"style-css-av-lycy2co6-22057a7660c2e2b6ad429eb4ac0b5619\">\n#top #wrap_all .avia-button.av-lycy2co6-22057a7660c2e2b6ad429eb4ac0b5619{\nmargin-bottom:5px;\nmargin-right:3px;\nmargin-left:3px;\n}\n<\/style>\n<a href='https:\/\/www.vdhurk.nl\/es\/vehiculos-comerciales\/#HctRCoAgEEXRvcx3tAA3E6ZTmNrI04yI9t7g5z1wX8qMSIa6pFhvu_NJE2XxnBQd7NYYKgLPWB-1gnDUueslUkYsxaIFd6XAMJ6ro-8H'  class='avia-button av-lycy2co6-22057a7660c2e2b6ad429eb4ac0b5619 avia-icon_select-yes-right-icon avia-size-x-large avia-color-theme-color'  ><span class='avia_iconbox_title' >\u00bfTienes curiosidad por conocer la gama completa de veh\u00edculos comerciales Volkswagen Crafter? No dudes en echar un vistazo.<\/span><span class='avia_button_icon avia_button_icon_right' aria-hidden='true' data-av_icon='\ue871' data-av_iconfont='entypo-fontello'><\/span><\/a>\n<\/div>\n\n<style type=\"text\/css\" data-created_by=\"avia_inline_auto\" id=\"style-css-av-5os5nsu-fdb3cafc4aea70f22b364d176f4b3a1b\">\n#top .hr.hr-invisible.av-5os5nsu-fdb3cafc4aea70f22b364d176f4b3a1b{\nheight:50px;\n}\n<\/style>\n<div  class='hr av-5os5nsu-fdb3cafc4aea70f22b364d176f4b3a1b hr-invisible  avia-builder-el-5  el_after_av_buttonrow  el_before_av_textblock'><span class='hr-inner'><span class=\"hr-inner-style\"><\/span><\/span><\/div>\n<section  class='av_textblock_section av-lu8gow1e-300853e458ed741bd87d6cb78e55cc7a'  itemscope=\"itemscope\" itemtype=\"https:\/\/schema.org\/CreativeWork\" ><div class='avia_textblock'  itemprop=\"text\" ><h2>\u00bfPor qu\u00e9 es popular este modelo entre las empresas?<\/h2>\n<p>El modelo es una opci\u00f3n popular entre muchas empresas debido a su versatilidad y fiabilidad. El Volkswagen Crafter ofrece una amplia capacidad de carga y varias opciones de configuraci\u00f3n. Esto tambi\u00e9n lo hace adecuado para una variedad de necesidades empresariales. Adem\u00e1s, el Crafter es conocido por su duradera ingenier\u00eda alemana y sus bajos costes de mantenimiento. Esto garantiza una soluci\u00f3n rentable y a largo plazo para las empresas.<\/p>\n<h2>7 beneficios<\/h2>\n<p>El Volkswagen Crafter ofrece varias ventajas \u00fanicas que contribuyen a su popularidad:<\/p>\n<ul>\n<li><strong>Amplio espacio de carga:<\/strong> Este modelo est\u00e1 disponible con espacios de carga de diferentes tama\u00f1os. Esto permite transportar grandes cantidades de mercanc\u00edas o equipos voluminosos.<\/li>\n<li><strong>Versatilidad:<\/strong> El Crafter est\u00e1 disponible en varias versiones. Esto hace que el modelo sea adecuado para diversos sectores, desde el transporte y la log\u00edstica hasta la construcci\u00f3n y los servicios.<\/li>\n<li><strong>Sistemas de seguridad<\/strong>El Crafter est\u00e1 equipado con modernos elementos de seguridad que mejoran la seguridad tanto del conductor como de los pasajeros.<\/li>\n<li><strong>Confort<\/strong>El habit\u00e1culo de este modelo, dise\u00f1ado para viajes largos, ofrece asientos confortables. Esto contribuye a una agradable experiencia de conducci\u00f3n para el conductor.<\/li>\n<li><strong>Fiabilidad y durabilidad:<\/strong> Volkswagen es conocida por su s\u00f3lida ingenier\u00eda alemana. El Crafter no es una excepci\u00f3n. El modelo est\u00e1 construido para el uso diario y durar\u00e1 mucho tiempo.<\/li>\n<\/ul>\n<p>Todas estas ventajas hacen del Volkswagen Crafter una excelente opci\u00f3n para las empresas que buscan un veh\u00edculo comercial fiable, vers\u00e1til y eficiente.<\/p>\n<\/div><\/section>\n<div class='flex_column av-f64w1-da126f42b61613402309283c14245a25 av_one_half  avia-builder-el-7  el_after_av_textblock  el_before_av_one_third  first flex_column_div column-top-margin'   ><section  class='av_textblock_section av-lu8gpqre-73cc2c17e6a6497ba6e1b58af22bd9e8'  itemscope=\"itemscope\" itemtype=\"https:\/\/schema.org\/CreativeWork\" ><div class='avia_textblock'  itemprop=\"text\" ><h2>Comprar Volkswagen Crafter<\/h2>\n<p>La compra de un Volkswagen Crafter requiere una cuidadosa reflexi\u00f3n. Antes de comprar un veh\u00edculo comercial, es una buena idea planificar para qu\u00e9 quiere utilizarlo. \u00bfNecesita para ello un gran espacio de carga o le bastar\u00e1 con una versi\u00f3n peque\u00f1a? Elija tambi\u00e9n la configuraci\u00f3n adecuada en funci\u00f3n de sus actividades empresariales. Adem\u00e1s, es bueno determinar si quieres comprar un modelo nuevo o decantarte por un Volkswagen Crafter de segunda mano. \u00bfNo est\u00e1 decidido? Entonces estaremos encantados de asesorarle.<\/p>\n<\/div><\/section><\/div><div class='flex_column av-aldk9-ee694297f5c4032981677a02caab84d6 av_one_third  avia-builder-el-9  el_after_av_one_half  el_before_av_hr  flex_column_div column-top-margin'   ><style type=\"text\/css\" data-created_by=\"avia_inline_auto\" id=\"style-css-av-l1w9kpsf-4ec3fab772ec7a9adaa33cfc64ff0475\">\n.avia-image-container.av-l1w9kpsf-4ec3fab772ec7a9adaa33cfc64ff0475 .av-image-caption-overlay-center{\ncolor:#ffffff;\n}\n<\/style>\n<div  class='avia-image-container av-l1w9kpsf-4ec3fab772ec7a9adaa33cfc64ff0475 av-styling- avia-align-center  avia-builder-el-10  avia-builder-el-no-sibling'  itemprop=\"image\" itemscope=\"itemscope\" itemtype=\"https:\/\/schema.org\/ImageObject\" ><div class=\"avia-image-container-inner\"><div class=\"avia-image-overlay-wrap\"><img decoding=\"async\" class='wp-image-187 avia-img-lazy-loading-not-187 avia_image' src=\"https:\/\/www.vdhurk.nl\/wp-content\/uploads\/2022\/03\/Voorrad.png\" alt='' title='Stock'  height=\"758\" width=\"1135\"  itemprop=\"thumbnailUrl\" srcset=\"https:\/\/www.vdhurk.nl\/wp-content\/uploads\/2022\/03\/Voorrad.png 1135w, https:\/\/www.vdhurk.nl\/wp-content\/uploads\/2022\/03\/Voorrad-300x200.png 300w, https:\/\/www.vdhurk.nl\/wp-content\/uploads\/2022\/03\/Voorrad-1030x688.png 1030w, https:\/\/www.vdhurk.nl\/wp-content\/uploads\/2022\/03\/Voorrad-768x513.png 768w, https:\/\/www.vdhurk.nl\/wp-content\/uploads\/2022\/03\/Voorrad-18x12.png 18w, https:\/\/www.vdhurk.nl\/wp-content\/uploads\/2022\/03\/Voorrad-705x471.png 705w\" sizes=\"(max-width: 1135px) 100vw, 1135px\" \/><\/div><\/div><\/div><\/div><\/p>\n\n<style type=\"text\/css\" data-created_by=\"avia_inline_auto\" id=\"style-css-av-luqrjpjc-5a23a1fb5f94718ca85316a9df963e2f\">\n#top .hr.hr-invisible.av-luqrjpjc-5a23a1fb5f94718ca85316a9df963e2f{\nheight:50px;\n}\n<\/style>\n<div  class='hr av-luqrjpjc-5a23a1fb5f94718ca85316a9df963e2f hr-invisible  avia-builder-el-11  el_after_av_one_third  el_before_av_textblock'><span class='hr-inner'><span class=\"hr-inner-style\"><\/span><\/span><\/div>\n<section  class='av_textblock_section av-lu8gtjw7-4f3cee9304909518d86d2860d9d582dd'  itemscope=\"itemscope\" itemtype=\"https:\/\/schema.org\/CreativeWork\" ><div class='avia_textblock'  itemprop=\"text\" ><h2>Leasing de un Volkswagen Crafter<\/h2>\n<p><a href=\"https:\/\/www.vdhurk.nl\/es\/arrendamiento-financiero\/\">Arrendamiento financiero<\/a> en Van den Hurk es una opci\u00f3n de financiaci\u00f3n muy popular entre las empresas que desean adquirir un veh\u00edculo comercial como el Volkswagen Crafter sin tener que pagar esta cantidad de una sola vez. Nuestro arrendamiento financiero es una forma de financiaci\u00f3n en la que recibes un veh\u00edculo comercial y pagas una cuota mensual por \u00e9l. Al final del periodo de arrendamiento, usted mismo se convierte en propietario del veh\u00edculo.<\/p>\n<h2>Interior y confort<\/h2>\n<p>El interior del Volkswagen Crafter est\u00e1 dise\u00f1ado para viajes largos y c\u00f3modos. Los asientos ergon\u00f3micos son ajustables y ofrecen una buena sujeci\u00f3n. El amplio habit\u00e1culo ofrece mucho espacio para la cabeza y las piernas, lo que contribuye al confort general tanto del conductor como de los pasajeros. El habit\u00e1culo est\u00e1 equipado con varias opciones de almacenamiento. Piensa en grandes bolsillos en las puertas, compartimentos portaobjetos y espacio de almacenamiento adicional. Esto mantiene el habit\u00e1culo ordenado y organizado.<\/p>\n<h2>Dispositivos de seguridad<\/h2>\n<p>El Volkswagen Crafter dispone de varios dispositivos de seguridad que protegen tanto al conductor como a los pasajeros. Estos modernos sistemas est\u00e1n dise\u00f1ados para evitar accidentes y minimizar las consecuencias de un accidente. As\u00ed, podr\u00e1s estar seguro en la carretera.<\/p>\n<h2>Opte por la calidad<\/h2>\n<p>Con su versatilidad, fiabilidad y amplias caracter\u00edsticas de seguridad, el Volkswagen Crafter es una opci\u00f3n ideal para las empresas que buscan un veh\u00edculo comercial eficiente. Ya sea transportando grandes cargas, realizando diversas tareas empresariales o proporcionando confort en viajes largos, el Crafter garantiza calidad y rendimiento.<\/p>\n<\/div><\/section>","protected":false},"excerpt":{"rendered":"","protected":false},"author":3,"featured_media":0,"parent":372079,"menu_order":0,"comment_status":"closed","ping_status":"closed","template":"","meta":{"_acf_changed":false,"_improvement_type_select":"improve_an_existing","_thumb_yes_seoaic":false,"_frame_yes_seoaic":false,"seoaic_generate_description":"","seoaic_improve_instructions_prompt":"","seoaic_rollback_content_improvement":"","seoaic_idea_thumbnail_generator":"","thumbnail_generated":false,"thumbnail_generate_prompt":"","seoaic_article_description":"","footnotes":""},"class_list":["post-397527","page","type-page","status-publish","hentry"],"acf":[],"yoast_head":"<!-- This site is optimized with the Yoast SEO plugin v27.5 - https:\/\/yoast.com\/product\/yoast-seo-wordpress\/ -->\n<title>Een Volkswagen Crafter occasion kopen of leasen<\/title>\n<meta name=\"description\" content=\"Ben je op zoek naar een bedrijfsvoertuig? Dan is de Volkswagen Crafter occasion een mogelijkheid Ontdek of deze auto past bij jouw zakelijke behoefte.\" \/>\n<meta name=\"robots\" content=\"index, follow, max-snippet:-1, max-image-preview:large, max-video-preview:-1\" \/>\n<link rel=\"canonical\" href=\"https:\/\/www.vdhurk.nl\/es\/mercedes-13\/mercedes-16\/\" \/>\n<meta property=\"og:locale\" content=\"es_ES\" \/>\n<meta property=\"og:type\" content=\"article\" \/>\n<meta property=\"og:title\" content=\"Een Volkswagen Crafter occasion kopen of leasen\" \/>\n<meta property=\"og:description\" content=\"Ben je op zoek naar een bedrijfsvoertuig? Dan is de Volkswagen Crafter occasion een mogelijkheid Ontdek of deze auto past bij jouw zakelijke behoefte.\" \/>\n<meta property=\"og:url\" content=\"https:\/\/www.vdhurk.nl\/es\/mercedes-13\/mercedes-16\/\" \/>\n<meta property=\"og:site_name\" content=\"Van den Hurk Bedrijfswagens\" \/>\n<meta name=\"twitter:card\" content=\"summary_large_image\" \/>\n<meta name=\"twitter:label1\" content=\"Tiempo de lectura\" \/>\n\t<meta name=\"twitter:data1\" content=\"5 minutos\" \/>\n<script type=\"application\/ld+json\" class=\"yoast-schema-graph\">{\"@context\":\"https:\\\/\\\/schema.org\",\"@graph\":[{\"@type\":\"WebPage\",\"@id\":\"https:\\\/\\\/www.vdhurk.nl\\\/volkswagen-bedrijfswagens\\\/crafter\\\/\",\"url\":\"https:\\\/\\\/www.vdhurk.nl\\\/volkswagen-bedrijfswagens\\\/crafter\\\/\",\"name\":\"Een Volkswagen Crafter occasion kopen of leasen\",\"isPartOf\":{\"@id\":\"https:\\\/\\\/www.vdhurk.nl\\\/#website\"},\"datePublished\":\"2024-08-01T13:27:32+00:00\",\"description\":\"Ben je op zoek naar een bedrijfsvoertuig? Dan is de Volkswagen Crafter occasion een mogelijkheid Ontdek of deze auto past bij jouw zakelijke behoefte.\",\"breadcrumb\":{\"@id\":\"https:\\\/\\\/www.vdhurk.nl\\\/volkswagen-bedrijfswagens\\\/crafter\\\/#breadcrumb\"},\"inLanguage\":\"es\",\"potentialAction\":[{\"@type\":\"ReadAction\",\"target\":[\"https:\\\/\\\/www.vdhurk.nl\\\/volkswagen-bedrijfswagens\\\/crafter\\\/\"]}]},{\"@type\":\"BreadcrumbList\",\"@id\":\"https:\\\/\\\/www.vdhurk.nl\\\/volkswagen-bedrijfswagens\\\/crafter\\\/#breadcrumb\",\"itemListElement\":[{\"@type\":\"ListItem\",\"position\":1,\"name\":\"Home\",\"item\":\"https:\\\/\\\/www.vdhurk.nl\\\/home\\\/\"},{\"@type\":\"ListItem\",\"position\":2,\"name\":\"Volkswagen Bedrijfswagens\",\"item\":\"https:\\\/\\\/www.vdhurk.nl\\\/volkswagen-bedrijfswagens\\\/\"},{\"@type\":\"ListItem\",\"position\":3,\"name\":\"Volkswagen Crafter\"}]},{\"@type\":\"WebSite\",\"@id\":\"https:\\\/\\\/www.vdhurk.nl\\\/#website\",\"url\":\"https:\\\/\\\/www.vdhurk.nl\\\/\",\"name\":\"Van den Hurk Bedrijfswagens\",\"description\":\"Van den Hurk bedrijfswagens Helmond\",\"potentialAction\":[{\"@type\":\"SearchAction\",\"target\":{\"@type\":\"EntryPoint\",\"urlTemplate\":\"https:\\\/\\\/www.vdhurk.nl\\\/?s={search_term_string}\"},\"query-input\":{\"@type\":\"PropertyValueSpecification\",\"valueRequired\":true,\"valueName\":\"search_term_string\"}}],\"inLanguage\":\"es\"}]}<\/script>\n<!-- \/ Yoast SEO plugin. -->","yoast_head_json":{"title":"Comprar o alquilar un Volkswagen Crafter de ocasi\u00f3n","description":"\u00bfBuscas un veh\u00edculo comercial? Entonces el Volkswagen Crafter ocasi\u00f3n es una opci\u00f3n Descubre si este coche se adapta a las necesidades de tu negocio.","robots":{"index":"index","follow":"follow","max-snippet":"max-snippet:-1","max-image-preview":"max-image-preview:large","max-video-preview":"max-video-preview:-1"},"canonical":"https:\/\/www.vdhurk.nl\/es\/mercedes-13\/mercedes-16\/","og_locale":"es_ES","og_type":"article","og_title":"Een Volkswagen Crafter occasion kopen of leasen","og_description":"Ben je op zoek naar een bedrijfsvoertuig? Dan is de Volkswagen Crafter occasion een mogelijkheid Ontdek of deze auto past bij jouw zakelijke behoefte.","og_url":"https:\/\/www.vdhurk.nl\/es\/mercedes-13\/mercedes-16\/","og_site_name":"Van den Hurk Bedrijfswagens","twitter_card":"summary_large_image","twitter_misc":{"Tiempo de lectura":"5 minutos"},"schema":{"@context":"https:\/\/schema.org","@graph":[{"@type":"WebPage","@id":"https:\/\/www.vdhurk.nl\/volkswagen-bedrijfswagens\/crafter\/","url":"https:\/\/www.vdhurk.nl\/volkswagen-bedrijfswagens\/crafter\/","name":"Comprar o alquilar un Volkswagen Crafter de ocasi\u00f3n","isPartOf":{"@id":"https:\/\/www.vdhurk.nl\/#website"},"datePublished":"2024-08-01T13:27:32+00:00","description":"\u00bfBuscas un veh\u00edculo comercial? Entonces el Volkswagen Crafter ocasi\u00f3n es una opci\u00f3n Descubre si este coche se adapta a las necesidades de tu negocio.","breadcrumb":{"@id":"https:\/\/www.vdhurk.nl\/volkswagen-bedrijfswagens\/crafter\/#breadcrumb"},"inLanguage":"es","potentialAction":[{"@type":"ReadAction","target":["https:\/\/www.vdhurk.nl\/volkswagen-bedrijfswagens\/crafter\/"]}]},{"@type":"BreadcrumbList","@id":"https:\/\/www.vdhurk.nl\/volkswagen-bedrijfswagens\/crafter\/#breadcrumb","itemListElement":[{"@type":"ListItem","position":1,"name":"Home","item":"https:\/\/www.vdhurk.nl\/home\/"},{"@type":"ListItem","position":2,"name":"Volkswagen Bedrijfswagens","item":"https:\/\/www.vdhurk.nl\/volkswagen-bedrijfswagens\/"},{"@type":"ListItem","position":3,"name":"Volkswagen Crafter"}]},{"@type":"WebSite","@id":"https:\/\/www.vdhurk.nl\/#website","url":"https:\/\/www.vdhurk.nl\/","name":"Veh\u00edculos comerciales Van den Hurk","description":"Van den Hurk veh\u00edculos comerciales Helmond","potentialAction":[{"@type":"SearchAction","target":{"@type":"EntryPoint","urlTemplate":"https:\/\/www.vdhurk.nl\/?s={search_term_string}"},"query-input":{"@type":"PropertyValueSpecification","valueRequired":true,"valueName":"search_term_string"}}],"inLanguage":"es"}]}},"_links":{"self":[{"href":"https:\/\/www.vdhurk.nl\/es\/wp-json\/wp\/v2\/pages\/397527","targetHints":{"allow":["GET"]}}],"collection":[{"href":"https:\/\/www.vdhurk.nl\/es\/wp-json\/wp\/v2\/pages"}],"about":[{"href":"https:\/\/www.vdhurk.nl\/es\/wp-json\/wp\/v2\/types\/page"}],"author":[{"embeddable":true,"href":"https:\/\/www.vdhurk.nl\/es\/wp-json\/wp\/v2\/users\/3"}],"replies":[{"embeddable":true,"href":"https:\/\/www.vdhurk.nl\/es\/wp-json\/wp\/v2\/comments?post=397527"}],"version-history":[{"count":2,"href":"https:\/\/www.vdhurk.nl\/es\/wp-json\/wp\/v2\/pages\/397527\/revisions"}],"predecessor-version":[{"id":397529,"href":"https:\/\/www.vdhurk.nl\/es\/wp-json\/wp\/v2\/pages\/397527\/revisions\/397529"}],"up":[{"embeddable":true,"href":"https:\/\/www.vdhurk.nl\/es\/wp-json\/wp\/v2\/pages\/372079"}],"wp:attachment":[{"href":"https:\/\/www.vdhurk.nl\/es\/wp-json\/wp\/v2\/media?parent=397527"}],"curies":[{"name":"wp","href":"https:\/\/api.w.org\/{rel}","templated":true}]}}