{"id":397524,"date":"2024-08-01T15:19:48","date_gmt":"2024-08-01T13:19:48","guid":{"rendered":"https:\/\/www.vdhurk.nl\/?page_id=397524"},"modified":"2024-08-01T15:19:48","modified_gmt":"2024-08-01T13:19:48","slug":"transito","status":"publish","type":"page","link":"https:\/\/www.vdhurk.nl\/es\/ford-bedrijfswagens\/transit\/","title":{"rendered":"Ford Transit"},"content":{"rendered":"<section  class='av_textblock_section av-lu8gnh7d-4ac895489941e586c1d7c8cb72318135'  itemscope=\"itemscope\" itemtype=\"https:\/\/schema.org\/CreativeWork\" ><div class='avia_textblock'  itemprop=\"text\" ><h1>La Ford Transit de ocasi\u00f3n: todo lo que necesitas saber<\/h1>\n<p>\u00bfBuscas un veh\u00edculo comercial? Entonces la Ford Transit occasion es una de las muchas opciones. Se trata de un veh\u00edculo vers\u00e1til que se ha ganado una excelente reputaci\u00f3n por sus funcionalidades a lo largo de los a\u00f1os. Sigue leyendo y descubre m\u00e1s sobre sus especificaciones y ventajas para que puedas tomar una decisi\u00f3n informada.<\/p>\n<\/div><\/section>\n\n<style type=\"text\/css\" data-created_by=\"avia_inline_auto\" id=\"style-css-av-lujjddpd-afa3d7a9eabd61123e643ed1228e781e\">\n#top .hr.hr-invisible.av-lujjddpd-afa3d7a9eabd61123e643ed1228e781e{\nheight:50px;\n}\n<\/style>\n<div  class='hr av-lujjddpd-afa3d7a9eabd61123e643ed1228e781e hr-invisible  avia-builder-el-1  el_after_av_textblock  el_before_av_codeblock'><span class='hr-inner'><span class=\"hr-inner-style\"><\/span><\/span><\/div>\n\n\n<style type=\"text\/css\" data-created_by=\"avia_inline_auto\" id=\"style-css-av-ah0xd-63338d9dc6b40410e22a712829c369d6\">\n#top .hr.hr-invisible.av-ah0xd-63338d9dc6b40410e22a712829c369d6{\nheight:50px;\n}\n<\/style>\n<div  class='hr av-ah0xd-63338d9dc6b40410e22a712829c369d6 hr-invisible  avia-builder-el-3  el_after_av_codeblock  el_before_av_buttonrow'><span class='hr-inner'><span class=\"hr-inner-style\"><\/span><\/span><\/div>\n<div  class='avia-buttonrow-wrap av-lycy2l1u-efac69e9f010a0319d432a3a571c80d4 avia-buttonrow-center  avia-builder-el-4  el_after_av_hr  el_before_av_hr'>\n\n<style type=\"text\/css\" data-created_by=\"avia_inline_auto\" id=\"style-css-av-lycy2co6-8f2299fe1206a496ca2b75fca013669b\">\n#top #wrap_all .avia-button.av-lycy2co6-8f2299fe1206a496ca2b75fca013669b{\nmargin-bottom:5px;\nmargin-right:3px;\nmargin-left:3px;\n}\n<\/style>\n<a href='https:\/\/www.vdhurk.nl\/es\/vehiculos-comerciales\/#HctBCoAwDETRu2QtHqCXKbWdRbSaMqmCiHe3uPwP_iM7uMXdCmrMiTR3UCFBOtPh2mUSYwGXe1ijrj5fYzFrf8SW2DWfVcFQ4FneDw'  class='avia-button av-lycy2co6-8f2299fe1206a496ca2b75fca013669b avia-icon_select-yes-right-icon avia-size-x-large avia-color-theme-color'  ><span class='avia_iconbox_title' >\u00bfTienes curiosidad por conocer la gama completa de veh\u00edculos comerciales Ford Transit? No dudes en echar un vistazo.<\/span><span class='avia_button_icon avia_button_icon_right' aria-hidden='true' data-av_icon='\ue871' data-av_iconfont='entypo-fontello'><\/span><\/a>\n<\/div>\n\n<style type=\"text\/css\" data-created_by=\"avia_inline_auto\" id=\"style-css-av-5os5nsu-fdb3cafc4aea70f22b364d176f4b3a1b\">\n#top .hr.hr-invisible.av-5os5nsu-fdb3cafc4aea70f22b364d176f4b3a1b{\nheight:50px;\n}\n<\/style>\n<div  class='hr av-5os5nsu-fdb3cafc4aea70f22b364d176f4b3a1b hr-invisible  avia-builder-el-5  el_after_av_buttonrow  el_before_av_textblock'><span class='hr-inner'><span class=\"hr-inner-style\"><\/span><\/span><\/div>\n<section  class='av_textblock_section av-lu8gow1e-300853e458ed741bd87d6cb78e55cc7a'  itemscope=\"itemscope\" itemtype=\"https:\/\/schema.org\/CreativeWork\" ><div class='avia_textblock'  itemprop=\"text\" ><h2><b>\u00bfPor qu\u00e9 son populares los modelos Ford Transit?<\/b><\/h2>\n<p>La Ford Transit es una opci\u00f3n popular por varias razones, tanto nueva como de segunda mano. Las principales razones por las que la gente elige este modelo tienen que ver con:<\/p>\n<ul>\n<li><strong>Fiabilidad y durabilidad:<\/strong> Este modelo es conocido por su robustez y fiabilidad. Esto hace que este veh\u00edculo sea adecuado para el uso diario, lo cual es importante para muchas organizaciones y empresas.<\/li>\n<li><strong>Versatilidad<\/strong>El veh\u00edculo est\u00e1 disponible en diferentes versiones. Esto significa que este modelo es adecuado para casi cualquier necesidad empresarial: desde el transporte de pasajeros hasta el transporte de cargas pesadas o de gran tama\u00f1o.<\/li>\n<li><strong>Mucho espacio:<\/strong> Una de sus muchas ventajas es su gran espacio de carga y su elevada carga \u00fatil. Es ideal para empresas que se dedican mucho al transporte de materiales y mercanc\u00edas.<\/li>\n<li><strong>Gran confort de marcha:<\/strong> A pesar de ser relativamente grande, este modelo ofrece un gran confort de conducci\u00f3n. El modelo cuenta con diversas caracter\u00edsticas de seguridad y asientos c\u00f3modos.<\/li>\n<li><strong>Rentabilidad<\/strong>Una Ford Transit usada ofrece una excelente relaci\u00f3n calidad-precio. Ocasiones son a menudo significativamente m\u00e1s barato que los nuevos modelos, sin dejar de funcionar bien.<\/li>\n<li><strong>Eficacia del combustible<\/strong>Recomendaci\u00f3n: Los modelos modernos se han dise\u00f1ado pensando en la eficiencia. Los motores disponibles ofrecen un buen equilibrio entre potencia y consumo de combustible. Esto ayuda a mantener bajos los costes operativos.<\/li>\n<\/ul>\n<p>Todos estos factores contribuyen a la popularidad de este veh\u00edculo.<\/p>\n<\/div><\/section>\n<div class='flex_column av-f64w1-da126f42b61613402309283c14245a25 av_one_half  avia-builder-el-7  el_after_av_textblock  el_before_av_one_third  first flex_column_div column-top-margin'   ><section  class='av_textblock_section av-lu8gpqre-73cc2c17e6a6497ba6e1b58af22bd9e8'  itemscope=\"itemscope\" itemtype=\"https:\/\/schema.org\/CreativeWork\" ><div class='avia_textblock'  itemprop=\"text\" ><h2>Dispositivos de seguridad<\/h2>\n<p>La Ford Transit tiene varias caracter\u00edsticas de seguridad que protegen tanto al conductor como a los pasajeros. Por ejemplo, este modelo cuenta con control de crucero adaptativo. Este sistema ajusta autom\u00e1ticamente la velocidad para mantener una distancia de seguridad con el veh\u00edculo que circula por delante. Adem\u00e1s, este veh\u00edculo tiene asistente de carril. Esto te ayuda a mantenerte dentro de los carriles. Adem\u00e1s, tambi\u00e9n te beneficias del frenado autom\u00e1tico de emergencia. Se trata de un sistema que detecta posibles colisiones con otros veh\u00edculos o peatones. De este modo, se pueden evitar accidentes. El veh\u00edculo tambi\u00e9n cuenta con otras caracter\u00edsticas de seguridad como aviso de \u00e1ngulo muerto, airbags y mucho m\u00e1s.<\/p>\n<\/div><\/section><\/div><div class='flex_column av-aldk9-ee694297f5c4032981677a02caab84d6 av_one_third  avia-builder-el-9  el_after_av_one_half  el_before_av_hr  flex_column_div column-top-margin'   ><style type=\"text\/css\" data-created_by=\"avia_inline_auto\" id=\"style-css-av-l1w9kpsf-4ec3fab772ec7a9adaa33cfc64ff0475\">\n.avia-image-container.av-l1w9kpsf-4ec3fab772ec7a9adaa33cfc64ff0475 .av-image-caption-overlay-center{\ncolor:#ffffff;\n}\n<\/style>\n<div  class='avia-image-container av-l1w9kpsf-4ec3fab772ec7a9adaa33cfc64ff0475 av-styling- avia-align-center  avia-builder-el-10  avia-builder-el-no-sibling'  itemprop=\"image\" itemscope=\"itemscope\" itemtype=\"https:\/\/schema.org\/ImageObject\" ><div class=\"avia-image-container-inner\"><div class=\"avia-image-overlay-wrap\"><img decoding=\"async\" class='wp-image-187 avia-img-lazy-loading-not-187 avia_image' src=\"https:\/\/www.vdhurk.nl\/wp-content\/uploads\/2022\/03\/Voorrad.png\" alt='' title='Stock'  height=\"758\" width=\"1135\"  itemprop=\"thumbnailUrl\" srcset=\"https:\/\/www.vdhurk.nl\/wp-content\/uploads\/2022\/03\/Voorrad.png 1135w, https:\/\/www.vdhurk.nl\/wp-content\/uploads\/2022\/03\/Voorrad-300x200.png 300w, https:\/\/www.vdhurk.nl\/wp-content\/uploads\/2022\/03\/Voorrad-1030x688.png 1030w, https:\/\/www.vdhurk.nl\/wp-content\/uploads\/2022\/03\/Voorrad-768x513.png 768w, https:\/\/www.vdhurk.nl\/wp-content\/uploads\/2022\/03\/Voorrad-18x12.png 18w, https:\/\/www.vdhurk.nl\/wp-content\/uploads\/2022\/03\/Voorrad-705x471.png 705w\" sizes=\"(max-width: 1135px) 100vw, 1135px\" \/><\/div><\/div><\/div><\/div><\/p>\n\n<style type=\"text\/css\" data-created_by=\"avia_inline_auto\" id=\"style-css-av-luqrjpjc-5a23a1fb5f94718ca85316a9df963e2f\">\n#top .hr.hr-invisible.av-luqrjpjc-5a23a1fb5f94718ca85316a9df963e2f{\nheight:50px;\n}\n<\/style>\n<div  class='hr av-luqrjpjc-5a23a1fb5f94718ca85316a9df963e2f hr-invisible  avia-builder-el-11  el_after_av_one_third  el_before_av_textblock'><span class='hr-inner'><span class=\"hr-inner-style\"><\/span><\/span><\/div>\n<section  class='av_textblock_section av-lu8gtjw7-4f3cee9304909518d86d2860d9d582dd'  itemscope=\"itemscope\" itemtype=\"https:\/\/schema.org\/CreativeWork\" ><div class='avia_textblock'  itemprop=\"text\" ><h2><b>Especificaciones y caracter\u00edsticas<\/b><\/h2>\n<p>Existen diferentes tipos dentro del modelo Transit. Piensa, por ejemplo, en una capacidad de remolque de 2.800 kg, 4 tipos para grandes gvw, manual o autom\u00e1tica, tracci\u00f3n delantera o trasera, de L2H2 a L4H3. De este modo, hay para todos los gustos y siempre encontrar\u00e1s un tipo que satisfaga tus expectativas.<\/p>\n<h2><b>Ford Transit: usados y nuevos disponibles<\/b><\/h2>\n<p>En funci\u00f3n de las necesidades de su empresa, puede elegir entre un modelo nuevo o un veh\u00edculo comercial usado. Un modelo nuevo suele incorporar caracter\u00edsticas m\u00e1s novedosas, pero tambi\u00e9n suele conllevar un precio m\u00e1s elevado. Por otro lado, ofrecemos veh\u00edculos industriales de ocasi\u00f3n, lo que suele ser una opci\u00f3n atractiva por su precio m\u00e1s bajo. Elegir entre modelos nuevos o de segunda mano depende de varios factores, como el presupuesto, las necesidades operativas y la vida \u00fatil deseada. \u00bfNo est\u00e1 seguro de cu\u00e1l es la mejor opci\u00f3n para usted? Estaremos encantados de ayudarle.<\/p>\n<h2><b>La oportunidad de alquilar una Ford Transit<\/b><\/h2>\n<p>Por supuesto, puede optar por comprar una Ford Transit, pero en Van den Hurk tambi\u00e9n le ofrecemos <a href=\"https:\/\/www.vdhurk.nl\/es\/arrendamiento-financiero\/\">arrendamiento financiero<\/a> a. Esto permite a las empresas distribuir el coste de un veh\u00edculo comercial a lo largo de un periodo de tiempo m\u00e1s prolongado para no tener que hacer una gran inversi\u00f3n de una sola vez. \u00bfEst\u00e1 pensando en recurrir al arrendamiento financiero? Estaremos encantados de asesorarle a su medida. As\u00ed estar\u00e1 seguro de tomar la mejor decisi\u00f3n.<\/p>\n<h2><b>Elija un veh\u00edculo fiable<\/b><\/h2>\n<p>La Ford Transit sigue siendo una buena elecci\u00f3n entre las empresas por su versatilidad y caracter\u00edsticas que ofrecen tanto confort como seguridad. Tanto si eliges un modelo nuevo como uno usado, en Van den Hurk estamos preparados para ayudarte a encontrar el veh\u00edculo ideal para las necesidades de tu empresa.<\/p>\n<\/div><\/section>","protected":false},"excerpt":{"rendered":"","protected":false},"author":3,"featured_media":0,"parent":513,"menu_order":0,"comment_status":"closed","ping_status":"closed","template":"","meta":{"_acf_changed":false,"_improvement_type_select":"improve_an_existing","_thumb_yes_seoaic":false,"_frame_yes_seoaic":false,"seoaic_generate_description":"","seoaic_improve_instructions_prompt":"","seoaic_rollback_content_improvement":"","seoaic_idea_thumbnail_generator":"","thumbnail_generated":false,"thumbnail_generate_prompt":"","seoaic_article_description":"","footnotes":""},"class_list":["post-397524","page","type-page","status-publish","hentry"],"acf":[],"yoast_head":"<!-- This site is optimized with the Yoast SEO plugin v27.3 - https:\/\/yoast.com\/product\/yoast-seo-wordpress\/ -->\n<title>Ontdek alles over de Ford Transit occasion<\/title>\n<meta name=\"description\" content=\"Op zoek naar een bedrijfswagen? Dan is de Ford Transit ocassion een uitstekende optie. Ontdek de specificaties van dit model en kijk of het geschikt is.\" \/>\n<meta name=\"robots\" content=\"index, follow, max-snippet:-1, max-image-preview:large, max-video-preview:-1\" \/>\n<link rel=\"canonical\" href=\"https:\/\/www.vdhurk.nl\/es\/vehiculos-comerciales-ford\/transito\/\" \/>\n<meta property=\"og:locale\" content=\"es_ES\" \/>\n<meta property=\"og:type\" content=\"article\" \/>\n<meta property=\"og:title\" content=\"Ontdek alles over de Ford Transit occasion\" \/>\n<meta property=\"og:description\" content=\"Op zoek naar een bedrijfswagen? Dan is de Ford Transit ocassion een uitstekende optie. Ontdek de specificaties van dit model en kijk of het geschikt is.\" \/>\n<meta property=\"og:url\" content=\"https:\/\/www.vdhurk.nl\/es\/vehiculos-comerciales-ford\/transito\/\" \/>\n<meta property=\"og:site_name\" content=\"Van den Hurk Bedrijfswagens\" \/>\n<meta name=\"twitter:card\" content=\"summary_large_image\" \/>\n<meta name=\"twitter:label1\" content=\"Tiempo de lectura\" \/>\n\t<meta name=\"twitter:data1\" content=\"6 minutos\" \/>\n<script type=\"application\/ld+json\" class=\"yoast-schema-graph\">{\"@context\":\"https:\\\/\\\/schema.org\",\"@graph\":[{\"@type\":\"WebPage\",\"@id\":\"https:\\\/\\\/www.vdhurk.nl\\\/ford-bedrijfswagens\\\/transit\\\/\",\"url\":\"https:\\\/\\\/www.vdhurk.nl\\\/ford-bedrijfswagens\\\/transit\\\/\",\"name\":\"Ontdek alles over de Ford Transit occasion\",\"isPartOf\":{\"@id\":\"https:\\\/\\\/www.vdhurk.nl\\\/#website\"},\"datePublished\":\"2024-08-01T13:19:48+00:00\",\"description\":\"Op zoek naar een bedrijfswagen? Dan is de Ford Transit ocassion een uitstekende optie. Ontdek de specificaties van dit model en kijk of het geschikt is.\",\"breadcrumb\":{\"@id\":\"https:\\\/\\\/www.vdhurk.nl\\\/ford-bedrijfswagens\\\/transit\\\/#breadcrumb\"},\"inLanguage\":\"es\",\"potentialAction\":[{\"@type\":\"ReadAction\",\"target\":[\"https:\\\/\\\/www.vdhurk.nl\\\/ford-bedrijfswagens\\\/transit\\\/\"]}]},{\"@type\":\"BreadcrumbList\",\"@id\":\"https:\\\/\\\/www.vdhurk.nl\\\/ford-bedrijfswagens\\\/transit\\\/#breadcrumb\",\"itemListElement\":[{\"@type\":\"ListItem\",\"position\":1,\"name\":\"Home\",\"item\":\"https:\\\/\\\/www.vdhurk.nl\\\/home\\\/\"},{\"@type\":\"ListItem\",\"position\":2,\"name\":\"Ford Bedrijfswagens\",\"item\":\"https:\\\/\\\/www.vdhurk.nl\\\/ford-bedrijfswagens\\\/\"},{\"@type\":\"ListItem\",\"position\":3,\"name\":\"Ford Transit\"}]},{\"@type\":\"WebSite\",\"@id\":\"https:\\\/\\\/www.vdhurk.nl\\\/#website\",\"url\":\"https:\\\/\\\/www.vdhurk.nl\\\/\",\"name\":\"Van den Hurk Bedrijfswagens\",\"description\":\"Van den Hurk bedrijfswagens Helmond\",\"potentialAction\":[{\"@type\":\"SearchAction\",\"target\":{\"@type\":\"EntryPoint\",\"urlTemplate\":\"https:\\\/\\\/www.vdhurk.nl\\\/?s={search_term_string}\"},\"query-input\":{\"@type\":\"PropertyValueSpecification\",\"valueRequired\":true,\"valueName\":\"search_term_string\"}}],\"inLanguage\":\"es\"}]}<\/script>\n<!-- \/ Yoast SEO plugin. -->","yoast_head_json":{"title":"Desc\u00fabrelo todo sobre la Ford Transit de ocasi\u00f3n","description":"\u00bfBuscas un veh\u00edculo comercial? Entonces la Ford Transit ocassion es una excelente opci\u00f3n. Explora las especificaciones de este modelo y comprueba si te conviene.","robots":{"index":"index","follow":"follow","max-snippet":"max-snippet:-1","max-image-preview":"max-image-preview:large","max-video-preview":"max-video-preview:-1"},"canonical":"https:\/\/www.vdhurk.nl\/es\/vehiculos-comerciales-ford\/transito\/","og_locale":"es_ES","og_type":"article","og_title":"Ontdek alles over de Ford Transit occasion","og_description":"Op zoek naar een bedrijfswagen? Dan is de Ford Transit ocassion een uitstekende optie. Ontdek de specificaties van dit model en kijk of het geschikt is.","og_url":"https:\/\/www.vdhurk.nl\/es\/vehiculos-comerciales-ford\/transito\/","og_site_name":"Van den Hurk Bedrijfswagens","twitter_card":"summary_large_image","twitter_misc":{"Tiempo de lectura":"6 minutos"},"schema":{"@context":"https:\/\/schema.org","@graph":[{"@type":"WebPage","@id":"https:\/\/www.vdhurk.nl\/ford-bedrijfswagens\/transit\/","url":"https:\/\/www.vdhurk.nl\/ford-bedrijfswagens\/transit\/","name":"Desc\u00fabrelo todo sobre la Ford Transit de ocasi\u00f3n","isPartOf":{"@id":"https:\/\/www.vdhurk.nl\/#website"},"datePublished":"2024-08-01T13:19:48+00:00","description":"\u00bfBuscas un veh\u00edculo comercial? Entonces la Ford Transit ocassion es una excelente opci\u00f3n. Explora las especificaciones de este modelo y comprueba si te conviene.","breadcrumb":{"@id":"https:\/\/www.vdhurk.nl\/ford-bedrijfswagens\/transit\/#breadcrumb"},"inLanguage":"es","potentialAction":[{"@type":"ReadAction","target":["https:\/\/www.vdhurk.nl\/ford-bedrijfswagens\/transit\/"]}]},{"@type":"BreadcrumbList","@id":"https:\/\/www.vdhurk.nl\/ford-bedrijfswagens\/transit\/#breadcrumb","itemListElement":[{"@type":"ListItem","position":1,"name":"Home","item":"https:\/\/www.vdhurk.nl\/home\/"},{"@type":"ListItem","position":2,"name":"Ford Bedrijfswagens","item":"https:\/\/www.vdhurk.nl\/ford-bedrijfswagens\/"},{"@type":"ListItem","position":3,"name":"Ford Transit"}]},{"@type":"WebSite","@id":"https:\/\/www.vdhurk.nl\/#website","url":"https:\/\/www.vdhurk.nl\/","name":"Veh\u00edculos comerciales Van den Hurk","description":"Van den Hurk veh\u00edculos comerciales Helmond","potentialAction":[{"@type":"SearchAction","target":{"@type":"EntryPoint","urlTemplate":"https:\/\/www.vdhurk.nl\/?s={search_term_string}"},"query-input":{"@type":"PropertyValueSpecification","valueRequired":true,"valueName":"search_term_string"}}],"inLanguage":"es"}]}},"_links":{"self":[{"href":"https:\/\/www.vdhurk.nl\/es\/wp-json\/wp\/v2\/pages\/397524","targetHints":{"allow":["GET"]}}],"collection":[{"href":"https:\/\/www.vdhurk.nl\/es\/wp-json\/wp\/v2\/pages"}],"about":[{"href":"https:\/\/www.vdhurk.nl\/es\/wp-json\/wp\/v2\/types\/page"}],"author":[{"embeddable":true,"href":"https:\/\/www.vdhurk.nl\/es\/wp-json\/wp\/v2\/users\/3"}],"replies":[{"embeddable":true,"href":"https:\/\/www.vdhurk.nl\/es\/wp-json\/wp\/v2\/comments?post=397524"}],"version-history":[{"count":2,"href":"https:\/\/www.vdhurk.nl\/es\/wp-json\/wp\/v2\/pages\/397524\/revisions"}],"predecessor-version":[{"id":397526,"href":"https:\/\/www.vdhurk.nl\/es\/wp-json\/wp\/v2\/pages\/397524\/revisions\/397526"}],"up":[{"embeddable":true,"href":"https:\/\/www.vdhurk.nl\/es\/wp-json\/wp\/v2\/pages\/513"}],"wp:attachment":[{"href":"https:\/\/www.vdhurk.nl\/es\/wp-json\/wp\/v2\/media?parent=397524"}],"curies":[{"name":"wp","href":"https:\/\/api.w.org\/{rel}","templated":true}]}}