{"id":393643,"date":"2024-07-08T14:24:33","date_gmt":"2024-07-08T12:24:33","guid":{"rendered":"https:\/\/www.vdhurk.nl\/?page_id=393643"},"modified":"2024-07-08T14:24:33","modified_gmt":"2024-07-08T12:24:33","slug":"mercedes-14","status":"publish","type":"page","link":"https:\/\/www.vdhurk.nl\/es\/volkswagen-bedrijfswagens\/transporter\/","title":{"rendered":"Volkswagen Transporter"},"content":{"rendered":"<section  class='av_textblock_section av-lu8gnh7d-4ac895489941e586c1d7c8cb72318135'  itemscope=\"itemscope\" itemtype=\"https:\/\/schema.org\/CreativeWork\" ><div class='avia_textblock'  itemprop=\"text\" ><h1>Todo lo que quieres saber sobre el Volkswagen Transporter de ocasi\u00f3n<\/h1>\n<p>Dentro del mundo de los veh\u00edculos comerciales, el Volkswagen Transporter de ocasi\u00f3n es una opci\u00f3n muy popular. Durante a\u00f1os, este modelo ha sido conocido por su fiabilidad y versatilidad. Gracias a su robusta calidad, este modelo no s\u00f3lo impresiona por su aspecto, sino tambi\u00e9n por sus caracter\u00edsticas pr\u00e1cticas. Esto hace que este veh\u00edculo comercial sea muy adecuado para el uso empresarial. Incluso si viaja mucho, este modelo es una opci\u00f3n excelente.<\/p>\n<\/div><\/section>\n\n<style type=\"text\/css\" data-created_by=\"avia_inline_auto\" id=\"style-css-av-lujjddpd-afa3d7a9eabd61123e643ed1228e781e\">\n#top .hr.hr-invisible.av-lujjddpd-afa3d7a9eabd61123e643ed1228e781e{\nheight:50px;\n}\n<\/style>\n<div  class='hr av-lujjddpd-afa3d7a9eabd61123e643ed1228e781e hr-invisible  avia-builder-el-1  el_after_av_textblock  el_before_av_codeblock'><span class='hr-inner'><span class=\"hr-inner-style\"><\/span><\/span><\/div>\n\n\n<style type=\"text\/css\" data-created_by=\"avia_inline_auto\" id=\"style-css-av-82y21t7-4622d153891c0528813f731a57d2f010\">\n#top .hr.hr-invisible.av-82y21t7-4622d153891c0528813f731a57d2f010{\nheight:50px;\n}\n<\/style>\n<div  class='hr av-82y21t7-4622d153891c0528813f731a57d2f010 hr-invisible  avia-builder-el-3  el_after_av_codeblock  el_before_av_buttonrow'><span class='hr-inner'><span class=\"hr-inner-style\"><\/span><\/span><\/div>\n<div  class='avia-buttonrow-wrap av-lycyeosk-3a5d84609b38731678ab01a141ddd2c6 avia-buttonrow-center  avia-builder-el-4  el_after_av_hr  el_before_av_hr'>\n\n<style type=\"text\/css\" data-created_by=\"avia_inline_auto\" id=\"style-css-av-lycyehd9-8b81d1ba0c97b1c601641cfcf82e6f50\">\n#top #wrap_all .avia-button.av-lycyehd9-8b81d1ba0c97b1c601641cfcf82e6f50{\nmargin-bottom:5px;\nmargin-right:3px;\nmargin-left:3px;\n}\n<\/style>\n<a href='https:\/\/www.vdhurk.nl\/es\/vehiculos-comerciales\/#HcxRCoAgEEXRrcR8RwtoM2L6CEsbeWNFRHsv-rxwuLcUcHVFI7ILnlQzMEFGOTSvdvoZW9foN6vKBkovyghO10cq02LD8R1U6x-uerYU9pzAMcKCPC8'  class='avia-button av-lycyehd9-8b81d1ba0c97b1c601641cfcf82e6f50 avia-icon_select-yes-right-icon avia-size-x-large avia-color-theme-color'  ><span class='avia_iconbox_title' >\u00bfTienes curiosidad por conocer la gama completa de veh\u00edculos comerciales Volkswagen Transporter? No dudes en echar un vistazo.<\/span><span class='avia_button_icon avia_button_icon_right' aria-hidden='true' data-av_icon='\ue871' data-av_iconfont='entypo-fontello'><\/span><\/a>\n<\/div>\n\n<style type=\"text\/css\" data-created_by=\"avia_inline_auto\" id=\"style-css-av-ah0xd-63338d9dc6b40410e22a712829c369d6\">\n#top .hr.hr-invisible.av-ah0xd-63338d9dc6b40410e22a712829c369d6{\nheight:50px;\n}\n<\/style>\n<div  class='hr av-ah0xd-63338d9dc6b40410e22a712829c369d6 hr-invisible  avia-builder-el-5  el_after_av_buttonrow  el_before_av_textblock'><span class='hr-inner'><span class=\"hr-inner-style\"><\/span><\/span><\/div>\n<section  class='av_textblock_section av-lu8gow1e-300853e458ed741bd87d6cb78e55cc7a'  itemscope=\"itemscope\" itemtype=\"https:\/\/schema.org\/CreativeWork\" ><div class='avia_textblock'  itemprop=\"text\" ><h2>6 razones para comprar un Volkswagen Transporter<\/h2>\n<p>Como concesionario Volkswagen Transporter, sabemos que este modelo es popular para uso empresarial. La popularidad de este modelo se debe en parte a:<\/p>\n<ul>\n<li><strong>Versatilidad<\/strong>Modelo: Este modelo est\u00e1 dise\u00f1ado para satisfacer diversas necesidades empresariales. Por ejemplo, el veh\u00edculo comercial es adecuado para el transporte de mercanc\u00edas y personas. El Transporter ofrece soluciones para diversas aplicaciones.<\/li>\n<li><strong>Calidad de construcci\u00f3n robusta<\/strong>El Transporter es conocido por su s\u00f3lida construcci\u00f3n y durabilidad. El modelo est\u00e1 dise\u00f1ado para soportar cargas pesadas. Esto hace que el veh\u00edculo comercial sea fiable en diversas condiciones.<\/li>\n<li><strong>Gran eficacia<\/strong>Los Volkswagen son conocidos por sus motores potentes y eficientes. Esto hace que los veh\u00edculos sean suaves y reactivos incluso con cargas pesadas. Los modelos est\u00e1n dise\u00f1ados para ser econ\u00f3micos a la vez que ofrecen potencia suficiente para usos variados.<\/li>\n<li><strong>Uso c\u00f3modo<\/strong>El interior del modelo se ha dise\u00f1ado pensando en el confort y la comodidad. El modelo incluye asientos ergon\u00f3micos, finas soluciones de almacenamiento y avanzadas caracter\u00edsticas tecnol\u00f3gicas. Como resultado, este modelo ofrece una experiencia de conducci\u00f3n agradable para todos los conductores y pasajeros.<\/li>\n<li><strong>Tecnolog\u00eda<\/strong>Este modelo est\u00e1 dise\u00f1ado con una serie de caracter\u00edsticas tecnol\u00f3gicas. Entre ellas se incluyen sistemas de infoentretenimiento, sistemas de asistencia al conductor y opciones de conectividad. Estas tecnolog\u00edas mejoran el confort y la comodidad y contribuyen a la seguridad del veh\u00edculo.<br \/>\n<strong>Dispositivos de seguridad<\/strong>Recomendaci\u00f3n: La marca presta mucha atenci\u00f3n a la seguridad. Por ejemplo, han desarrollado funciones como el asistente de frenado avanzado, el control de crucero adaptativo y mucho m\u00e1s. Son funciones que ayudan al conductor y garantizan la seguridad de los pasajeros, incluso en condiciones exigentes.<\/li>\n<\/ul>\n<p>Todas estas caracter\u00edsticas hacen que los modelos Volkswagen Transporter sean una opci\u00f3n popular para los negocios.<\/p>\n<\/div><\/section>\n<div class='flex_column av-f64w1-da126f42b61613402309283c14245a25 av_one_half  avia-builder-el-7  el_after_av_textblock  el_before_av_one_third  first flex_column_div column-top-margin'   ><section  class='av_textblock_section av-lu8gpqre-73cc2c17e6a6497ba6e1b58af22bd9e8'  itemscope=\"itemscope\" itemtype=\"https:\/\/schema.org\/CreativeWork\" ><div class='avia_textblock'  itemprop=\"text\" ><h2><b>\u00bfPor qu\u00e9 elegir un modelo de segunda mano?<\/b><\/h2>\n<p>Dentro de nuestra oferta encontrar\u00e1 un Volkswagen Transporter de segunda mano que funciona correctamente. A pesar de que nuestros modelos han sido usados anteriormente, hacen exactamente lo que se supone que deben hacer. Adem\u00e1s, un modelo usado ofrece muchas ventajas, empezando por el ahorro de costes. Por lo general, los modelos usados son m\u00e1s baratos que los nuevos. As\u00ed que se ahorra mucho en el precio de compra. Adem\u00e1s, los veh\u00edculos nuevos pierden r\u00e1pidamente su valor. Con un Transporter usado, evitas gran parte de esta depreciaci\u00f3n.<\/p>\n<\/div><\/section><\/div>\n<div class='flex_column av-aldk9-ee694297f5c4032981677a02caab84d6 av_one_third  avia-builder-el-9  el_after_av_one_half  el_before_av_hr  flex_column_div column-top-margin'   ><style type=\"text\/css\" data-created_by=\"avia_inline_auto\" id=\"style-css-av-l1w9kpsf-4ec3fab772ec7a9adaa33cfc64ff0475\">\n.avia-image-container.av-l1w9kpsf-4ec3fab772ec7a9adaa33cfc64ff0475 .av-image-caption-overlay-center{\ncolor:#ffffff;\n}\n<\/style>\n<div  class='avia-image-container av-l1w9kpsf-4ec3fab772ec7a9adaa33cfc64ff0475 av-styling- avia-align-center  avia-builder-el-10  avia-builder-el-no-sibling'  itemprop=\"image\" itemscope=\"itemscope\" itemtype=\"https:\/\/schema.org\/ImageObject\" ><div class=\"avia-image-container-inner\"><div class=\"avia-image-overlay-wrap\"><img decoding=\"async\" class='wp-image-187 avia-img-lazy-loading-not-187 avia_image' src=\"https:\/\/www.vdhurk.nl\/wp-content\/uploads\/2022\/03\/Voorrad.png\" alt='' title='Stock'  height=\"758\" width=\"1135\"  itemprop=\"thumbnailUrl\" srcset=\"https:\/\/www.vdhurk.nl\/wp-content\/uploads\/2022\/03\/Voorrad.png 1135w, https:\/\/www.vdhurk.nl\/wp-content\/uploads\/2022\/03\/Voorrad-300x200.png 300w, https:\/\/www.vdhurk.nl\/wp-content\/uploads\/2022\/03\/Voorrad-1030x688.png 1030w, https:\/\/www.vdhurk.nl\/wp-content\/uploads\/2022\/03\/Voorrad-768x513.png 768w, https:\/\/www.vdhurk.nl\/wp-content\/uploads\/2022\/03\/Voorrad-18x12.png 18w, https:\/\/www.vdhurk.nl\/wp-content\/uploads\/2022\/03\/Voorrad-705x471.png 705w\" sizes=\"(max-width: 1135px) 100vw, 1135px\" \/><\/div><\/div><\/div><\/div>\n\n<style type=\"text\/css\" data-created_by=\"avia_inline_auto\" id=\"style-css-av-luqrjpjc-5a23a1fb5f94718ca85316a9df963e2f\">\n#top .hr.hr-invisible.av-luqrjpjc-5a23a1fb5f94718ca85316a9df963e2f{\nheight:50px;\n}\n<\/style>\n<div  class='hr av-luqrjpjc-5a23a1fb5f94718ca85316a9df963e2f hr-invisible  avia-builder-el-11  el_after_av_one_third  el_before_av_textblock'><span class='hr-inner'><span class=\"hr-inner-style\"><\/span><\/span><\/div>\n<section  class='av_textblock_section av-lu8gtjw7-4f3cee9304909518d86d2860d9d582dd'  itemscope=\"itemscope\" itemtype=\"https:\/\/schema.org\/CreativeWork\" ><div class='avia_textblock'  itemprop=\"text\" ><h2>Leasing de un Volkswagen Transporter<\/h2>\n<p>En Van den Hurk, ofrecemos m\u00e1s opciones que la simple compra de veh\u00edculos comerciales. Tambi\u00e9n puede alquilar uno. Esto est\u00e1 especialmente pensado para empresas que quieren seguridad. La ventaja de un <a href=\"https:\/\/www.vdhurk.nl\/es\/arrendamiento-financiero\/#top\">leasing de veh\u00edculos de empresa<\/a> es que no tiene que utilizar sus propios recursos financieros. Esto se debe a que la financiaci\u00f3n es independiente del resto de la financiaci\u00f3n de su empresa. \u00bfQuiere saber m\u00e1s sobre el leasing? Estaremos encantados de informarle.<\/p>\n<h2><b>La historia de este modelo<\/b><\/h2>\n<h3><b>Punto de partida del transportador<\/b><\/h3>\n<p>La historia del Volkswagen Transporter es una historia de innovaci\u00f3n, versatilidad y durabilidad que se remonta al siglo XX. Durante este tiempo, Volkswagen vio la necesidad de un veh\u00edculo comercial vers\u00e1til que pudiera satisfacer la creciente demanda de opciones de transporte. Despu\u00e9s de esto, el veh\u00edculo se convirti\u00f3 r\u00e1pidamente en un modelo popular.<\/p>\n<h3><b>Evoluci\u00f3n en los a\u00f1os siguientes<\/b><\/h3>\n<p>Muchas evoluciones y mejoras se sucedieron en los a\u00f1os posteriores al nacimiento del Volkswagen Transporter. Se desarrollaron nuevos modelos para adaptarse a las cambiantes demandas del mercado y a los avances tecnol\u00f3gicos. Como resultado, los modelos siguieron siendo populares entre los usuarios profesionales.<\/p>\n<h3><strong>El coche de empresa hoy<\/strong><\/h3>\n<p>Hoy en d\u00eda, el Volkswagen Transporter sigue siendo una de las opciones favoritas para personas de todas las edades y procedencias. Los empresarios eligen este modelo porque es una opci\u00f3n fiable a largo plazo. Con una rica historia, este modelo sigue siendo un icono de movilidad y libertad.<\/p>\n<\/div><\/section>","protected":false},"excerpt":{"rendered":"","protected":false},"author":3,"featured_media":0,"parent":372079,"menu_order":0,"comment_status":"closed","ping_status":"closed","template":"","meta":{"_acf_changed":false,"_improvement_type_select":"improve_an_existing","_thumb_yes_seoaic":false,"_frame_yes_seoaic":false,"seoaic_generate_description":"","seoaic_improve_instructions_prompt":"","seoaic_rollback_content_improvement":"","seoaic_idea_thumbnail_generator":"","thumbnail_generated":false,"thumbnail_generate_prompt":"","seoaic_article_description":"","footnotes":""},"class_list":["post-393643","page","type-page","status-publish","hentry"],"acf":[],"yoast_head":"<!-- This site is optimized with the Yoast SEO plugin v27.3 - https:\/\/yoast.com\/product\/yoast-seo-wordpress\/ -->\n<title>Vind jouw geschikte Volkswagen Transporter occasion<\/title>\n<meta name=\"description\" content=\"Op zoek naar een goed werkende Volkswagen Transporter occasion? Bekijk dan ons actuele aanbod en ontdek de verschillende mogelijkheden.\" \/>\n<meta name=\"robots\" content=\"index, follow, max-snippet:-1, max-image-preview:large, max-video-preview:-1\" \/>\n<link rel=\"canonical\" href=\"https:\/\/www.vdhurk.nl\/es\/mercedes-13\/mercedes-14\/\" \/>\n<meta property=\"og:locale\" content=\"es_ES\" \/>\n<meta property=\"og:type\" content=\"article\" \/>\n<meta property=\"og:title\" content=\"Vind jouw geschikte Volkswagen Transporter occasion\" \/>\n<meta property=\"og:description\" content=\"Op zoek naar een goed werkende Volkswagen Transporter occasion? Bekijk dan ons actuele aanbod en ontdek de verschillende mogelijkheden.\" \/>\n<meta property=\"og:url\" content=\"https:\/\/www.vdhurk.nl\/es\/mercedes-13\/mercedes-14\/\" \/>\n<meta property=\"og:site_name\" content=\"Van den Hurk Bedrijfswagens\" \/>\n<meta name=\"twitter:card\" content=\"summary_large_image\" \/>\n<meta name=\"twitter:label1\" content=\"Tiempo de lectura\" \/>\n\t<meta name=\"twitter:data1\" content=\"6 minutos\" \/>\n<script type=\"application\/ld+json\" class=\"yoast-schema-graph\">{\"@context\":\"https:\\\/\\\/schema.org\",\"@graph\":[{\"@type\":\"WebPage\",\"@id\":\"https:\\\/\\\/www.vdhurk.nl\\\/volkswagen-bedrijfswagens\\\/transporter\\\/\",\"url\":\"https:\\\/\\\/www.vdhurk.nl\\\/volkswagen-bedrijfswagens\\\/transporter\\\/\",\"name\":\"Vind jouw geschikte Volkswagen Transporter occasion\",\"isPartOf\":{\"@id\":\"https:\\\/\\\/www.vdhurk.nl\\\/#website\"},\"datePublished\":\"2024-07-08T12:24:33+00:00\",\"description\":\"Op zoek naar een goed werkende Volkswagen Transporter occasion? Bekijk dan ons actuele aanbod en ontdek de verschillende mogelijkheden.\",\"breadcrumb\":{\"@id\":\"https:\\\/\\\/www.vdhurk.nl\\\/volkswagen-bedrijfswagens\\\/transporter\\\/#breadcrumb\"},\"inLanguage\":\"es\",\"potentialAction\":[{\"@type\":\"ReadAction\",\"target\":[\"https:\\\/\\\/www.vdhurk.nl\\\/volkswagen-bedrijfswagens\\\/transporter\\\/\"]}]},{\"@type\":\"BreadcrumbList\",\"@id\":\"https:\\\/\\\/www.vdhurk.nl\\\/volkswagen-bedrijfswagens\\\/transporter\\\/#breadcrumb\",\"itemListElement\":[{\"@type\":\"ListItem\",\"position\":1,\"name\":\"Home\",\"item\":\"https:\\\/\\\/www.vdhurk.nl\\\/home\\\/\"},{\"@type\":\"ListItem\",\"position\":2,\"name\":\"Volkswagen Bedrijfswagens\",\"item\":\"https:\\\/\\\/www.vdhurk.nl\\\/volkswagen-bedrijfswagens\\\/\"},{\"@type\":\"ListItem\",\"position\":3,\"name\":\"Volkswagen Transporter\"}]},{\"@type\":\"WebSite\",\"@id\":\"https:\\\/\\\/www.vdhurk.nl\\\/#website\",\"url\":\"https:\\\/\\\/www.vdhurk.nl\\\/\",\"name\":\"Van den Hurk Bedrijfswagens\",\"description\":\"Van den Hurk bedrijfswagens Helmond\",\"potentialAction\":[{\"@type\":\"SearchAction\",\"target\":{\"@type\":\"EntryPoint\",\"urlTemplate\":\"https:\\\/\\\/www.vdhurk.nl\\\/?s={search_term_string}\"},\"query-input\":{\"@type\":\"PropertyValueSpecification\",\"valueRequired\":true,\"valueName\":\"search_term_string\"}}],\"inLanguage\":\"es\"}]}<\/script>\n<!-- \/ Yoast SEO plugin. -->","yoast_head_json":{"title":"Encuentra tu Volkswagen Transporter de ocasi\u00f3n","description":"\u00bfBuscas un Volkswagen Transporter de ocasi\u00f3n en buen estado? Entonces echa un vistazo a nuestra oferta actual y descubre las diferentes opciones.","robots":{"index":"index","follow":"follow","max-snippet":"max-snippet:-1","max-image-preview":"max-image-preview:large","max-video-preview":"max-video-preview:-1"},"canonical":"https:\/\/www.vdhurk.nl\/es\/mercedes-13\/mercedes-14\/","og_locale":"es_ES","og_type":"article","og_title":"Vind jouw geschikte Volkswagen Transporter occasion","og_description":"Op zoek naar een goed werkende Volkswagen Transporter occasion? Bekijk dan ons actuele aanbod en ontdek de verschillende mogelijkheden.","og_url":"https:\/\/www.vdhurk.nl\/es\/mercedes-13\/mercedes-14\/","og_site_name":"Van den Hurk Bedrijfswagens","twitter_card":"summary_large_image","twitter_misc":{"Tiempo de lectura":"6 minutos"},"schema":{"@context":"https:\/\/schema.org","@graph":[{"@type":"WebPage","@id":"https:\/\/www.vdhurk.nl\/volkswagen-bedrijfswagens\/transporter\/","url":"https:\/\/www.vdhurk.nl\/volkswagen-bedrijfswagens\/transporter\/","name":"Encuentra tu Volkswagen Transporter de ocasi\u00f3n","isPartOf":{"@id":"https:\/\/www.vdhurk.nl\/#website"},"datePublished":"2024-07-08T12:24:33+00:00","description":"\u00bfBuscas un Volkswagen Transporter de ocasi\u00f3n en buen estado? Entonces echa un vistazo a nuestra oferta actual y descubre las diferentes opciones.","breadcrumb":{"@id":"https:\/\/www.vdhurk.nl\/volkswagen-bedrijfswagens\/transporter\/#breadcrumb"},"inLanguage":"es","potentialAction":[{"@type":"ReadAction","target":["https:\/\/www.vdhurk.nl\/volkswagen-bedrijfswagens\/transporter\/"]}]},{"@type":"BreadcrumbList","@id":"https:\/\/www.vdhurk.nl\/volkswagen-bedrijfswagens\/transporter\/#breadcrumb","itemListElement":[{"@type":"ListItem","position":1,"name":"Home","item":"https:\/\/www.vdhurk.nl\/home\/"},{"@type":"ListItem","position":2,"name":"Volkswagen Bedrijfswagens","item":"https:\/\/www.vdhurk.nl\/volkswagen-bedrijfswagens\/"},{"@type":"ListItem","position":3,"name":"Volkswagen Transporter"}]},{"@type":"WebSite","@id":"https:\/\/www.vdhurk.nl\/#website","url":"https:\/\/www.vdhurk.nl\/","name":"Veh\u00edculos comerciales Van den Hurk","description":"Van den Hurk veh\u00edculos comerciales Helmond","potentialAction":[{"@type":"SearchAction","target":{"@type":"EntryPoint","urlTemplate":"https:\/\/www.vdhurk.nl\/?s={search_term_string}"},"query-input":{"@type":"PropertyValueSpecification","valueRequired":true,"valueName":"search_term_string"}}],"inLanguage":"es"}]}},"_links":{"self":[{"href":"https:\/\/www.vdhurk.nl\/es\/wp-json\/wp\/v2\/pages\/393643","targetHints":{"allow":["GET"]}}],"collection":[{"href":"https:\/\/www.vdhurk.nl\/es\/wp-json\/wp\/v2\/pages"}],"about":[{"href":"https:\/\/www.vdhurk.nl\/es\/wp-json\/wp\/v2\/types\/page"}],"author":[{"embeddable":true,"href":"https:\/\/www.vdhurk.nl\/es\/wp-json\/wp\/v2\/users\/3"}],"replies":[{"embeddable":true,"href":"https:\/\/www.vdhurk.nl\/es\/wp-json\/wp\/v2\/comments?post=393643"}],"version-history":[{"count":5,"href":"https:\/\/www.vdhurk.nl\/es\/wp-json\/wp\/v2\/pages\/393643\/revisions"}],"predecessor-version":[{"id":393653,"href":"https:\/\/www.vdhurk.nl\/es\/wp-json\/wp\/v2\/pages\/393643\/revisions\/393653"}],"up":[{"embeddable":true,"href":"https:\/\/www.vdhurk.nl\/es\/wp-json\/wp\/v2\/pages\/372079"}],"wp:attachment":[{"href":"https:\/\/www.vdhurk.nl\/es\/wp-json\/wp\/v2\/media?parent=393643"}],"curies":[{"name":"wp","href":"https:\/\/api.w.org\/{rel}","templated":true}]}}