{"id":393610,"date":"2024-07-08T13:58:13","date_gmt":"2024-07-08T11:58:13","guid":{"rendered":"https:\/\/www.vdhurk.nl\/?page_id=393610"},"modified":"2024-07-08T14:22:13","modified_gmt":"2024-07-08T12:22:13","slug":"mercedes-4","status":"publish","type":"page","link":"https:\/\/www.vdhurk.nl\/es\/volkswagen-bedrijfswagens\/caddy\/","title":{"rendered":"Volkswagen Caddy"},"content":{"rendered":"<section  class='av_textblock_section av-lu8gnh7d-4ac895489941e586c1d7c8cb72318135'  itemscope=\"itemscope\" itemtype=\"https:\/\/schema.org\/CreativeWork\" ><div class='avia_textblock'  itemprop=\"text\" ><h1>Todo lo que necesitas saber sobre el Volkswagen Caddy de ocasi\u00f3n<\/h1>\n<p>El Volkswagen Caddy de ocasi\u00f3n ha sido durante mucho tiempo uno de los veh\u00edculos comerciales m\u00e1s populares y vers\u00e1tiles del mercado. Este modelo se ha ganado una s\u00f3lida reputaci\u00f3n entre empresas y empresarios. Esta ocasi\u00f3n ofrece muchas cualidades a un precio asequible. Flexibilidad y durabilidad se unen en este. Descubra las numerosas especificaciones y ventajas de este modelo.<\/p>\n<\/div><\/section>\n\n<style type=\"text\/css\" data-created_by=\"avia_inline_auto\" id=\"style-css-av-lujjddpd-afa3d7a9eabd61123e643ed1228e781e\">\n#top .hr.hr-invisible.av-lujjddpd-afa3d7a9eabd61123e643ed1228e781e{\nheight:50px;\n}\n<\/style>\n<div  class='hr av-lujjddpd-afa3d7a9eabd61123e643ed1228e781e hr-invisible  avia-builder-el-1  el_after_av_textblock  el_before_av_codeblock'><span class='hr-inner'><span class=\"hr-inner-style\"><\/span><\/span><\/div>\n\n\n<style type=\"text\/css\" data-created_by=\"avia_inline_auto\" id=\"style-css-av-av_hr-3a876428eececa9d35452247ddb053af\">\n#top .hr.hr-invisible.av-av_hr-3a876428eececa9d35452247ddb053af{\nheight:50px;\n}\n<\/style>\n<div  class='hr av-av_hr-3a876428eececa9d35452247ddb053af hr-invisible  avia-builder-el-3  el_after_av_codeblock  el_before_av_buttonrow'><span class='hr-inner'><span class=\"hr-inner-style\"><\/span><\/span><\/div>\n<div  class='avia-buttonrow-wrap av-lycyckhz-a0207ca1bb187f2978bad44a1bbc9abf avia-buttonrow-center  avia-builder-el-4  el_after_av_hr  el_before_av_hr'>\n\n<style type=\"text\/css\" data-created_by=\"avia_inline_auto\" id=\"style-css-av-lycyc0c8-09cd1f79e4080d9a7583e09e93f1a2c7\">\n#top #wrap_all .avia-button.av-lycyc0c8-09cd1f79e4080d9a7583e09e93f1a2c7{\nmargin-bottom:5px;\nmargin-right:3px;\nmargin-left:3px;\n}\n<\/style>\n<a href='https:\/\/www.vdhurk.nl\/es\/vehiculos-comerciales\/#HctLCoAwDEXRrUjG4gLcTKlJkNpqyosfRNy7xeHlcB9aFTmsJloCR8DcFUlppNNK9ivOunUcRW7qySCK6W5YkRYfzvaa1T9CjdgTHyUpRlFnej8'  class='avia-button av-lycyc0c8-09cd1f79e4080d9a7583e09e93f1a2c7 avia-icon_select-yes-right-icon avia-size-x-large avia-color-theme-color'  ><span class='avia_iconbox_title' >\u00bfTienes curiosidad por conocer la gama completa de veh\u00edculos comerciales Volkswagen Caddy? No dudes en echar un vistazo.<\/span><span class='avia_button_icon avia_button_icon_right' aria-hidden='true' data-av_icon='\ue871' data-av_iconfont='entypo-fontello'><\/span><\/a>\n<\/div>\n\n<style type=\"text\/css\" data-created_by=\"avia_inline_auto\" id=\"style-css-av-ah0xd-63338d9dc6b40410e22a712829c369d6\">\n#top .hr.hr-invisible.av-ah0xd-63338d9dc6b40410e22a712829c369d6{\nheight:50px;\n}\n<\/style>\n<div  class='hr av-ah0xd-63338d9dc6b40410e22a712829c369d6 hr-invisible  avia-builder-el-5  el_after_av_buttonrow  el_before_av_textblock'><span class='hr-inner'><span class=\"hr-inner-style\"><\/span><\/span><\/div>\n<section  class='av_textblock_section av-lu8gow1e-300853e458ed741bd87d6cb78e55cc7a'  itemscope=\"itemscope\" itemtype=\"https:\/\/schema.org\/CreativeWork\" ><div class='avia_textblock'  itemprop=\"text\" ><h2>5 ventajas de los modelos Volkswagen Caddy<\/h2>\n<p>Elegir un Volkswagen Caddy de ocasi\u00f3n tiene varias ventajas:<\/p>\n<ul>\n<li><strong>Asequibilidad<\/strong>Volkswagen Caddy: A menudo te beneficias de un precio m\u00e1s asequible con un coche usado que cuando optas por un modelo nuevo. Al elegir un Volkswagen Caddy, se beneficia al mismo tiempo de un veh\u00edculo de calidad.<\/li>\n<li><strong>Fiabilidad<\/strong>Volkswagen es conocida por sus veh\u00edculos fiables. El Caddy ocasi\u00f3n tiene un buen historial de mantenimiento, por lo que puede confiar en un veh\u00edculo comercial.<\/li>\n<li><strong>Versatilidad y espacio:<\/strong> Este modelo ofrece un interior espacioso y un espacio de carga vers\u00e1til. Esto hace que este modelo sea muy adecuado para diversas aplicaciones, como el transporte de mercanc\u00edas y herramientas.<\/li>\n<li><strong>S\u00f3lida calidad de construcci\u00f3n<\/strong>Volkswagen: Volkswagen es conocido por su excelente calidad de construcci\u00f3n y mano de obra. Con este modelo, te beneficias de construcci\u00f3n y durabilidad.<\/li>\n<li><strong>Disponibilidad de opciones<\/strong>: Al comprar un Volkswagen Caddy de segunda mano, a menudo puedes elegir entre diferentes configuraciones. Esto te da la oportunidad de encontrar un veh\u00edculo que se adapte completamente a tus necesidades y preferencias.<\/li>\n<\/ul>\n<p>As\u00ed pues, este modelo ofrece una excelente combinaci\u00f3n de valor, fiabilidad y versatilidad. Esto convierte al veh\u00edculo comercial en una opci\u00f3n atractiva para diversos usuarios.<\/p>\n<\/div><\/section>\n<div class='flex_column av-f64w1-da126f42b61613402309283c14245a25 av_one_half  avia-builder-el-7  el_after_av_textblock  el_before_av_one_third  first flex_column_div column-top-margin'   ><section  class='av_textblock_section av-lu8gpqre-73cc2c17e6a6497ba6e1b58af22bd9e8'  itemscope=\"itemscope\" itemtype=\"https:\/\/schema.org\/CreativeWork\" ><div class='avia_textblock'  itemprop=\"text\" ><h2>3 razones para elegir un modelo usado en lugar de un veh\u00edculo industrial nuevo<\/h2>\n<p>Comprar un Volkswagen Caddy de segunda mano suele ser m\u00e1s barato que optar por un modelo nuevo. \u00bfPor qu\u00e9? Te enumeramos las principales razones:<\/p>\n<ul>\n<li><strong>Precio<\/strong>El precio de un modelo de segunda mano es m\u00e1s ventajoso. Esto le permite ahorrar en los costes iniciales de compra.<\/li>\n<li><strong>Disminuci\u00f3n del valor<\/strong>El valor de un coche nuevo se deprecia r\u00e1pidamente. Con un modelo usado, otra persona ya ha pagado esta depreciaci\u00f3n inicial. Como resultado, tienes que hacer frente a menos depreciaci\u00f3n.<\/li>\n<li><strong>Calidad equivalente<\/strong>Veh\u00edculos: Los coches modernos est\u00e1n hechos para durar. Un modelo usado de nuestra gama sigue estando en excelentes condiciones y sigue ofreciendo un rendimiento fiable. Con cuidado y mantenimiento, un veh\u00edculo industrial usado puede durar muchos a\u00f1os.<\/li>\n<\/ul>\n<p>En resumen, comprar un Volkswagen Caddy de segunda mano ofrece muchas ventajas.<\/p>\n<\/div><\/section><\/div>\n<div class='flex_column av-aldk9-ee694297f5c4032981677a02caab84d6 av_one_third  avia-builder-el-9  el_after_av_one_half  el_before_av_hr  flex_column_div column-top-margin'   ><style type=\"text\/css\" data-created_by=\"avia_inline_auto\" id=\"style-css-av-l1w9kpsf-4ec3fab772ec7a9adaa33cfc64ff0475\">\n.avia-image-container.av-l1w9kpsf-4ec3fab772ec7a9adaa33cfc64ff0475 .av-image-caption-overlay-center{\ncolor:#ffffff;\n}\n<\/style>\n<div  class='avia-image-container av-l1w9kpsf-4ec3fab772ec7a9adaa33cfc64ff0475 av-styling- avia-align-center  avia-builder-el-10  avia-builder-el-no-sibling'  itemprop=\"image\" itemscope=\"itemscope\" itemtype=\"https:\/\/schema.org\/ImageObject\" ><div class=\"avia-image-container-inner\"><div class=\"avia-image-overlay-wrap\"><img decoding=\"async\" class='wp-image-187 avia-img-lazy-loading-not-187 avia_image' src=\"https:\/\/www.vdhurk.nl\/wp-content\/uploads\/2022\/03\/Voorrad.png\" alt='' title='Stock'  height=\"758\" width=\"1135\"  itemprop=\"thumbnailUrl\" srcset=\"https:\/\/www.vdhurk.nl\/wp-content\/uploads\/2022\/03\/Voorrad.png 1135w, https:\/\/www.vdhurk.nl\/wp-content\/uploads\/2022\/03\/Voorrad-300x200.png 300w, https:\/\/www.vdhurk.nl\/wp-content\/uploads\/2022\/03\/Voorrad-1030x688.png 1030w, https:\/\/www.vdhurk.nl\/wp-content\/uploads\/2022\/03\/Voorrad-768x513.png 768w, https:\/\/www.vdhurk.nl\/wp-content\/uploads\/2022\/03\/Voorrad-18x12.png 18w, https:\/\/www.vdhurk.nl\/wp-content\/uploads\/2022\/03\/Voorrad-705x471.png 705w\" sizes=\"(max-width: 1135px) 100vw, 1135px\" \/><\/div><\/div><\/div><\/div>\n\n<style type=\"text\/css\" data-created_by=\"avia_inline_auto\" id=\"style-css-av-luqrjpjc-5a23a1fb5f94718ca85316a9df963e2f\">\n#top .hr.hr-invisible.av-luqrjpjc-5a23a1fb5f94718ca85316a9df963e2f{\nheight:50px;\n}\n<\/style>\n<div  class='hr av-luqrjpjc-5a23a1fb5f94718ca85316a9df963e2f hr-invisible  avia-builder-el-11  el_after_av_one_third  el_before_av_textblock'><span class='hr-inner'><span class=\"hr-inner-style\"><\/span><\/span><\/div>\n<section  class='av_textblock_section av-lu8gtjw7-4f3cee9304909518d86d2860d9d582dd'  itemscope=\"itemscope\" itemtype=\"https:\/\/schema.org\/CreativeWork\" ><div class='avia_textblock'  itemprop=\"text\" ><h2>Manual o autom\u00e1tico: \u00bfqu\u00e9 prefiere?<\/h2>\n<p>En Van den Hurk, creemos que es importante que haya algo para todos. Por eso ofrecemos diferentes modelos de Volkswagen. Tambi\u00e9n puedes encontrar el Volkswagen Caddy en diferentes versiones. Puedes elegir entre caja de cambios o autom\u00e1tica.<\/p>\n<h2>Todo lo que quiere saber sobre nuestra empresa familiar<\/h2>\n<p>Van den Hurk es una aut\u00e9ntica empresa familiar fundada por Jan van den Hurk en 1965. Sus hijos se encargaron de la expansi\u00f3n de la empresa. Actualmente, con un equipo de 35 empleados, nos centramos en la venta de veh\u00edculos comerciales personalizados. Dentro de la gama, encontrar\u00e1 todo tipo de marcas y tipos de veh\u00edculos industriales. Esto ofrece a nuestros clientes muchas opciones y siempre hay algo que se ajusta a sus deseos y necesidades.<\/p>\n<h2>Opciones de arrendamiento financiero<\/h2>\n<p>Hacemos posible el leasing de un coche de empresa. Est\u00e1 especialmente dise\u00f1ado para empresarios que buscan comodidad y seguridad. En nuestra <a href=\"https:\/\/www.vdhurk.nl\/es\/arrendamiento-financiero\/\">arrendamiento financiero <\/a>no tiene que utilizar sus propios recursos financieros. La financiaci\u00f3n es independiente del resto de la financiaci\u00f3n de su empresa. Usted decide el plazo que se adapta a su amortizaci\u00f3n y al periodo de arrendamiento. Pagas intereses por el arrendamiento, que se fijan de antemano, por lo que obtienes un importe de arrendamiento mensual. As\u00ed siempre sabes a qu\u00e9 atenerte.<\/p>\n<h2><b>Aproveche nuestra alerta de stock<\/b><\/h2>\n<p>Siempre ofrecemos un amplio stock de diferentes veh\u00edculos comerciales de todas las marcas. \u00bfEst\u00e1 buscando un<a href=\"https:\/\/www.vdhurk.nl\/es\/mercedes-13\/\"> Veh\u00edculo comercial Volkswagen <\/a>\u00bfY el coche de sus sue\u00f1os no est\u00e1 entre ellos? Eso puede ocurrir, por supuesto. Incluso con una gran selecci\u00f3n, el coche de empresa adecuado puede no estar en stock. No se preocupe, porque puede hacernos llegar sus deseos a trav\u00e9s de nuestro <a href=\"https:\/\/www.vdhurk.nl\/es\/alerta-de-valores\/\">alerta de valores<\/a>. Nuestro equipo de compras trabajar\u00e1 en su nombre para encontrar el veh\u00edculo comercial que mejor se adapte a sus necesidades.<\/p>\n<\/div><\/section>","protected":false},"excerpt":{"rendered":"","protected":false},"author":3,"featured_media":0,"parent":372079,"menu_order":0,"comment_status":"closed","ping_status":"closed","template":"","meta":{"_acf_changed":false,"_improvement_type_select":"improve_an_existing","_thumb_yes_seoaic":false,"_frame_yes_seoaic":false,"seoaic_generate_description":"","seoaic_improve_instructions_prompt":"","seoaic_rollback_content_improvement":"","seoaic_idea_thumbnail_generator":"","thumbnail_generated":false,"thumbnail_generate_prompt":"","seoaic_article_description":"","footnotes":""},"class_list":["post-393610","page","type-page","status-publish","hentry"],"acf":[],"yoast_head":"<!-- This site is optimized with the Yoast SEO plugin v27.5 - https:\/\/yoast.com\/product\/yoast-seo-wordpress\/ -->\n<title>Ontdek alles over de Volkswagen Caddy occasion<\/title>\n<meta name=\"description\" content=\"Op zoek naar een betrouwbare Volkswagen Caddy occasion? Bekijk dan alle mogelijkheden binnen ons aanbod en vind de perfecte bedrijfswagen.\" \/>\n<meta name=\"robots\" content=\"index, follow, max-snippet:-1, max-image-preview:large, max-video-preview:-1\" \/>\n<link rel=\"canonical\" href=\"https:\/\/www.vdhurk.nl\/es\/mercedes-13\/mercedes-4\/\" \/>\n<meta property=\"og:locale\" content=\"es_ES\" \/>\n<meta property=\"og:type\" content=\"article\" \/>\n<meta property=\"og:title\" content=\"Ontdek alles over de Volkswagen Caddy occasion\" \/>\n<meta property=\"og:description\" content=\"Op zoek naar een betrouwbare Volkswagen Caddy occasion? Bekijk dan alle mogelijkheden binnen ons aanbod en vind de perfecte bedrijfswagen.\" \/>\n<meta property=\"og:url\" content=\"https:\/\/www.vdhurk.nl\/es\/mercedes-13\/mercedes-4\/\" \/>\n<meta property=\"og:site_name\" content=\"Van den Hurk Bedrijfswagens\" \/>\n<meta property=\"article:modified_time\" content=\"2024-07-08T12:22:13+00:00\" \/>\n<meta name=\"twitter:card\" content=\"summary_large_image\" \/>\n<meta name=\"twitter:label1\" content=\"Tiempo de lectura\" \/>\n\t<meta name=\"twitter:data1\" content=\"6 minutos\" \/>\n<script type=\"application\/ld+json\" class=\"yoast-schema-graph\">{\"@context\":\"https:\\\/\\\/schema.org\",\"@graph\":[{\"@type\":\"WebPage\",\"@id\":\"https:\\\/\\\/www.vdhurk.nl\\\/volkswagen-bedrijfswagens\\\/caddy\\\/\",\"url\":\"https:\\\/\\\/www.vdhurk.nl\\\/volkswagen-bedrijfswagens\\\/caddy\\\/\",\"name\":\"Ontdek alles over de Volkswagen Caddy occasion\",\"isPartOf\":{\"@id\":\"https:\\\/\\\/www.vdhurk.nl\\\/#website\"},\"datePublished\":\"2024-07-08T11:58:13+00:00\",\"dateModified\":\"2024-07-08T12:22:13+00:00\",\"description\":\"Op zoek naar een betrouwbare Volkswagen Caddy occasion? Bekijk dan alle mogelijkheden binnen ons aanbod en vind de perfecte bedrijfswagen.\",\"breadcrumb\":{\"@id\":\"https:\\\/\\\/www.vdhurk.nl\\\/volkswagen-bedrijfswagens\\\/caddy\\\/#breadcrumb\"},\"inLanguage\":\"es\",\"potentialAction\":[{\"@type\":\"ReadAction\",\"target\":[\"https:\\\/\\\/www.vdhurk.nl\\\/volkswagen-bedrijfswagens\\\/caddy\\\/\"]}]},{\"@type\":\"BreadcrumbList\",\"@id\":\"https:\\\/\\\/www.vdhurk.nl\\\/volkswagen-bedrijfswagens\\\/caddy\\\/#breadcrumb\",\"itemListElement\":[{\"@type\":\"ListItem\",\"position\":1,\"name\":\"Home\",\"item\":\"https:\\\/\\\/www.vdhurk.nl\\\/home\\\/\"},{\"@type\":\"ListItem\",\"position\":2,\"name\":\"Volkswagen Bedrijfswagens\",\"item\":\"https:\\\/\\\/www.vdhurk.nl\\\/volkswagen-bedrijfswagens\\\/\"},{\"@type\":\"ListItem\",\"position\":3,\"name\":\"Volkswagen Caddy\"}]},{\"@type\":\"WebSite\",\"@id\":\"https:\\\/\\\/www.vdhurk.nl\\\/#website\",\"url\":\"https:\\\/\\\/www.vdhurk.nl\\\/\",\"name\":\"Van den Hurk Bedrijfswagens\",\"description\":\"Van den Hurk bedrijfswagens Helmond\",\"potentialAction\":[{\"@type\":\"SearchAction\",\"target\":{\"@type\":\"EntryPoint\",\"urlTemplate\":\"https:\\\/\\\/www.vdhurk.nl\\\/?s={search_term_string}\"},\"query-input\":{\"@type\":\"PropertyValueSpecification\",\"valueRequired\":true,\"valueName\":\"search_term_string\"}}],\"inLanguage\":\"es\"}]}<\/script>\n<!-- \/ Yoast SEO plugin. -->","yoast_head_json":{"title":"Descubre todo sobre el Volkswagen Caddy de ocasi\u00f3n","description":"\u00bfBuscas un Volkswagen Caddy de ocasi\u00f3n fiable? Entonces echa un vistazo a todas las opciones de nuestra gama y encuentra el veh\u00edculo comercial perfecto.","robots":{"index":"index","follow":"follow","max-snippet":"max-snippet:-1","max-image-preview":"max-image-preview:large","max-video-preview":"max-video-preview:-1"},"canonical":"https:\/\/www.vdhurk.nl\/es\/mercedes-13\/mercedes-4\/","og_locale":"es_ES","og_type":"article","og_title":"Ontdek alles over de Volkswagen Caddy occasion","og_description":"Op zoek naar een betrouwbare Volkswagen Caddy occasion? Bekijk dan alle mogelijkheden binnen ons aanbod en vind de perfecte bedrijfswagen.","og_url":"https:\/\/www.vdhurk.nl\/es\/mercedes-13\/mercedes-4\/","og_site_name":"Van den Hurk Bedrijfswagens","article_modified_time":"2024-07-08T12:22:13+00:00","twitter_card":"summary_large_image","twitter_misc":{"Tiempo de lectura":"6 minutos"},"schema":{"@context":"https:\/\/schema.org","@graph":[{"@type":"WebPage","@id":"https:\/\/www.vdhurk.nl\/volkswagen-bedrijfswagens\/caddy\/","url":"https:\/\/www.vdhurk.nl\/volkswagen-bedrijfswagens\/caddy\/","name":"Descubre todo sobre el Volkswagen Caddy de ocasi\u00f3n","isPartOf":{"@id":"https:\/\/www.vdhurk.nl\/#website"},"datePublished":"2024-07-08T11:58:13+00:00","dateModified":"2024-07-08T12:22:13+00:00","description":"\u00bfBuscas un Volkswagen Caddy de ocasi\u00f3n fiable? Entonces echa un vistazo a todas las opciones de nuestra gama y encuentra el veh\u00edculo comercial perfecto.","breadcrumb":{"@id":"https:\/\/www.vdhurk.nl\/volkswagen-bedrijfswagens\/caddy\/#breadcrumb"},"inLanguage":"es","potentialAction":[{"@type":"ReadAction","target":["https:\/\/www.vdhurk.nl\/volkswagen-bedrijfswagens\/caddy\/"]}]},{"@type":"BreadcrumbList","@id":"https:\/\/www.vdhurk.nl\/volkswagen-bedrijfswagens\/caddy\/#breadcrumb","itemListElement":[{"@type":"ListItem","position":1,"name":"Home","item":"https:\/\/www.vdhurk.nl\/home\/"},{"@type":"ListItem","position":2,"name":"Volkswagen Bedrijfswagens","item":"https:\/\/www.vdhurk.nl\/volkswagen-bedrijfswagens\/"},{"@type":"ListItem","position":3,"name":"Volkswagen Caddy"}]},{"@type":"WebSite","@id":"https:\/\/www.vdhurk.nl\/#website","url":"https:\/\/www.vdhurk.nl\/","name":"Veh\u00edculos comerciales Van den Hurk","description":"Van den Hurk veh\u00edculos comerciales Helmond","potentialAction":[{"@type":"SearchAction","target":{"@type":"EntryPoint","urlTemplate":"https:\/\/www.vdhurk.nl\/?s={search_term_string}"},"query-input":{"@type":"PropertyValueSpecification","valueRequired":true,"valueName":"search_term_string"}}],"inLanguage":"es"}]}},"_links":{"self":[{"href":"https:\/\/www.vdhurk.nl\/es\/wp-json\/wp\/v2\/pages\/393610","targetHints":{"allow":["GET"]}}],"collection":[{"href":"https:\/\/www.vdhurk.nl\/es\/wp-json\/wp\/v2\/pages"}],"about":[{"href":"https:\/\/www.vdhurk.nl\/es\/wp-json\/wp\/v2\/types\/page"}],"author":[{"embeddable":true,"href":"https:\/\/www.vdhurk.nl\/es\/wp-json\/wp\/v2\/users\/3"}],"replies":[{"embeddable":true,"href":"https:\/\/www.vdhurk.nl\/es\/wp-json\/wp\/v2\/comments?post=393610"}],"version-history":[{"count":5,"href":"https:\/\/www.vdhurk.nl\/es\/wp-json\/wp\/v2\/pages\/393610\/revisions"}],"predecessor-version":[{"id":393650,"href":"https:\/\/www.vdhurk.nl\/es\/wp-json\/wp\/v2\/pages\/393610\/revisions\/393650"}],"up":[{"embeddable":true,"href":"https:\/\/www.vdhurk.nl\/es\/wp-json\/wp\/v2\/pages\/372079"}],"wp:attachment":[{"href":"https:\/\/www.vdhurk.nl\/es\/wp-json\/wp\/v2\/media?parent=393610"}],"curies":[{"name":"wp","href":"https:\/\/api.w.org\/{rel}","templated":true}]}}