{"id":393278,"date":"2024-07-05T10:23:05","date_gmt":"2024-07-05T08:23:05","guid":{"rendered":"https:\/\/www.vdhurk.nl\/?page_id=393278"},"modified":"2024-07-08T14:20:17","modified_gmt":"2024-07-08T12:20:17","slug":"mercedes-20","status":"publish","type":"page","link":"https:\/\/www.vdhurk.nl\/es\/mercedes-bedrijfswagens\/vito\/","title":{"rendered":"Mercedes Vito"},"content":{"rendered":"<section  class='av_textblock_section av-lu8gnh7d-4ac895489941e586c1d7c8cb72318135'  itemscope=\"itemscope\" itemtype=\"https:\/\/schema.org\/CreativeWork\" ><div class='avia_textblock'  itemprop=\"text\" ><h1>Todo lo que quieres saber sobre la Mercedes Benz Vito de ocasi\u00f3n<\/h1>\n<p>La Mercedes Vito de ocasi\u00f3n es un veh\u00edculo comercial vers\u00e1til que goza de gran popularidad entre los empresarios desde hace muchos a\u00f1os. Este modelo ofrece diversas caracter\u00edsticas pr\u00e1cticas y est\u00e1 dise\u00f1ado para satisfacer las necesidades de las empresas. Gracias a diversas tecnolog\u00edas avanzadas, este modelo sigue siendo una inversi\u00f3n valiosa incluso como veh\u00edculo usado.<\/p>\n<\/div><\/section>\n\n<style type=\"text\/css\" data-created_by=\"avia_inline_auto\" id=\"style-css-av-lujjddpd-afa3d7a9eabd61123e643ed1228e781e\">\n#top .hr.hr-invisible.av-lujjddpd-afa3d7a9eabd61123e643ed1228e781e{\nheight:50px;\n}\n<\/style>\n<div  class='hr av-lujjddpd-afa3d7a9eabd61123e643ed1228e781e hr-invisible  avia-builder-el-1  el_after_av_textblock  el_before_av_codeblock'><span class='hr-inner'><span class=\"hr-inner-style\"><\/span><\/span><\/div>\n\n\n<style type=\"text\/css\" data-created_by=\"avia_inline_auto\" id=\"style-css-av-ah0xd-63338d9dc6b40410e22a712829c369d6\">\n#top .hr.hr-invisible.av-ah0xd-63338d9dc6b40410e22a712829c369d6{\nheight:50px;\n}\n<\/style>\n<div  class='hr av-ah0xd-63338d9dc6b40410e22a712829c369d6 hr-invisible  avia-builder-el-3  el_after_av_codeblock  el_before_av_buttonrow'><span class='hr-inner'><span class=\"hr-inner-style\"><\/span><\/span><\/div>\n<div  class='avia-buttonrow-wrap av-lycy2l1u-efac69e9f010a0319d432a3a571c80d4 avia-buttonrow-center  avia-builder-el-4  el_after_av_hr  el_before_av_hr'>\n\n<style type=\"text\/css\" data-created_by=\"avia_inline_auto\" id=\"style-css-av-lycy2co6-74b47d0012f7523fa8b311cf9f8637f3\">\n#top #wrap_all .avia-button.av-lycy2co6-74b47d0012f7523fa8b311cf9f8637f3{\nmargin-bottom:5px;\nmargin-right:3px;\nmargin-left:3px;\n}\n<\/style>\n<a href='https:\/\/www.vdhurk.nl\/es\/vehiculos-comerciales\/#HYxBDoAgDAT_0rP6AD5jBPZQBUsKkqjx71ZPm5lk9qYM3ch9ExBRR4_9ooGyRCTznZsYikaoP00U5bVO3SqR8sNcFm0cjsRQZxeBnhc'  class='avia-button av-lycy2co6-74b47d0012f7523fa8b311cf9f8637f3 avia-icon_select-yes-right-icon avia-size-x-large avia-color-theme-color'  ><span class='avia_iconbox_title' >\u00bfSiente curiosidad por conocer la gama completa de veh\u00edculos comerciales Mercedes Vito? No dude en echar un vistazo.<\/span><span class='avia_button_icon avia_button_icon_right' aria-hidden='true' data-av_icon='\ue871' data-av_iconfont='entypo-fontello'><\/span><\/a>\n<\/div>\n\n<style type=\"text\/css\" data-created_by=\"avia_inline_auto\" id=\"style-css-av-av_hr-3a876428eececa9d35452247ddb053af\">\n#top .hr.hr-invisible.av-av_hr-3a876428eececa9d35452247ddb053af{\nheight:50px;\n}\n<\/style>\n<div  class='hr av-av_hr-3a876428eececa9d35452247ddb053af hr-invisible  avia-builder-el-5  el_after_av_buttonrow  el_before_av_textblock'><span class='hr-inner'><span class=\"hr-inner-style\"><\/span><\/span><\/div>\n<section  class='av_textblock_section av-lu8gow1e-300853e458ed741bd87d6cb78e55cc7a'  itemscope=\"itemscope\" itemtype=\"https:\/\/schema.org\/CreativeWork\" ><div class='avia_textblock'  itemprop=\"text\" ><h2>5 razones de la popularidad de este modelo<\/h2>\n<p>La Mercedes Vito destaca en el mercado de veh\u00edculos comerciales por una serie de ventajas:<\/p>\n<ul>\n<li><strong>Fiabilidad de la marca<\/strong>Recomendaci\u00f3n: Mercedes es conocida por su fiabilidad y calidad de fabricaci\u00f3n.<\/li>\n<li><strong>Calidad de la construcci\u00f3n<\/strong>La Vito est\u00e1 dise\u00f1ada para un uso intensivo. Esto garantiza una larga vida \u00fatil y reduce los costes de mantenimiento a largo plazo.<\/li>\n<li><strong>Confort<\/strong>El modelo cuenta con asientos confortables y una suspensi\u00f3n avanzada. Adem\u00e1s, el habit\u00e1culo de f\u00e1cil manejo est\u00e1 dise\u00f1ado teniendo en cuenta la ergonom\u00eda. Esto hace que los viajes largos sean menos cansados.<\/li>\n<li><strong>Versatilidad<\/strong>La Vito est\u00e1 disponible en varias configuraciones. Dispone de varias opciones y accesorios para adaptar el veh\u00edculo comercial por completo a las necesidades de su negocio. Entre ellos se incluyen distribuciones del espacio de carga y opciones tecnol\u00f3gicas como sistemas de asistencia al conductor y sistemas de seguridad.<\/li>\n<li><strong>Excelentes prestaciones de seguridad<\/strong>Recomendaci\u00f3n: Este modelo incorpora avanzados sistemas de seguridad. Entre ellos se incluyen la asistencia activa a la frenada, el aviso de \u00e1ngulo muerto y el reconocimiento de fatiga. Todos ellos contribuyen a la seguridad del conductor y los pasajeros.<\/li>\n<\/ul>\n<p><strong>Las ventajas de un modelo usado frente a un veh\u00edculo comercial nuevo<\/strong><br \/>\nSi elige una Mercedes Vito de segunda mano, se beneficiar\u00e1 de una serie de ventajas:<\/p>\n<ul>\n<li><strong>Ahorro de costes<\/strong>Veh\u00edculos industriales de ocasi\u00f3n: los veh\u00edculos industriales de ocasi\u00f3n son mucho m\u00e1s baratos que si opta por un modelo nuevo.<\/li>\n<li><strong>Menos afectados por la p\u00e9rdida de valor<\/strong>: Los veh\u00edculos industriales nuevos pierden valor m\u00e1s r\u00e1pidamente. Con un modelo usado, esta p\u00e9rdida ya se ha absorbido en gran medida. En consecuencia, la depreciaci\u00f3n es m\u00e1s lenta.<\/li>\n<li><strong>Fiable<\/strong>: Nuestros veh\u00edculos comerciales est\u00e1n bien mantenidos y funcionan correctamente, a pesar de ser modelos de segunda mano.<\/li>\n<\/ul>\n<\/div><\/section>\n<div class='flex_column av-f64w1-da126f42b61613402309283c14245a25 av_one_half  avia-builder-el-7  el_after_av_textblock  el_before_av_one_third  first flex_column_div column-top-margin'   ><section  class='av_textblock_section av-lu8gpqre-73cc2c17e6a6497ba6e1b58af22bd9e8'  itemscope=\"itemscope\" itemtype=\"https:\/\/schema.org\/CreativeWork\" ><div class='avia_textblock'  itemprop=\"text\" ><h2>Comprar una Mercedes Vito: \u00bfqu\u00e9 hay que tener en cuenta?<\/h2>\n<p>Comprar una Mercedes Vito de segunda mano es una inversi\u00f3n inteligente para los empresarios. \u00bfEst\u00e1 pensando en comprar este modelo? Entonces conviene tener en cuenta ciertos aspectos. Por ejemplo, piense en c\u00f3mo quiere utilizar el veh\u00edculo de empresa. \u00bfUtilizar\u00e1 la Vito para transportar mercanc\u00edas, personas o una combinaci\u00f3n de ambos? Adem\u00e1s, conviene estudiar todas las opciones de financiaci\u00f3n. \u00bfEs m\u00e1s ventajoso comprar la Vito o quiz\u00e1 sea m\u00e1s inteligente optar por el leasing? En caso de que quiera comprar el veh\u00edculo, conviene pensar tambi\u00e9n en el seguro adecuado, por ejemplo.<\/p>\n<\/div><\/section><\/div>\n<div class='flex_column av-aldk9-ee694297f5c4032981677a02caab84d6 av_one_third  avia-builder-el-9  el_after_av_one_half  el_before_av_hr  flex_column_div column-top-margin'   ><style type=\"text\/css\" data-created_by=\"avia_inline_auto\" id=\"style-css-av-l1w9kpsf-4ec3fab772ec7a9adaa33cfc64ff0475\">\n.avia-image-container.av-l1w9kpsf-4ec3fab772ec7a9adaa33cfc64ff0475 .av-image-caption-overlay-center{\ncolor:#ffffff;\n}\n<\/style>\n<div  class='avia-image-container av-l1w9kpsf-4ec3fab772ec7a9adaa33cfc64ff0475 av-styling- avia-align-center  avia-builder-el-10  avia-builder-el-no-sibling'  itemprop=\"image\" itemscope=\"itemscope\" itemtype=\"https:\/\/schema.org\/ImageObject\" ><div class=\"avia-image-container-inner\"><div class=\"avia-image-overlay-wrap\"><img decoding=\"async\" class='wp-image-187 avia-img-lazy-loading-not-187 avia_image' src=\"https:\/\/www.vdhurk.nl\/wp-content\/uploads\/2022\/03\/Voorrad.png\" alt='' title='Stock'  height=\"758\" width=\"1135\"  itemprop=\"thumbnailUrl\" srcset=\"https:\/\/www.vdhurk.nl\/wp-content\/uploads\/2022\/03\/Voorrad.png 1135w, https:\/\/www.vdhurk.nl\/wp-content\/uploads\/2022\/03\/Voorrad-300x200.png 300w, https:\/\/www.vdhurk.nl\/wp-content\/uploads\/2022\/03\/Voorrad-1030x688.png 1030w, https:\/\/www.vdhurk.nl\/wp-content\/uploads\/2022\/03\/Voorrad-768x513.png 768w, https:\/\/www.vdhurk.nl\/wp-content\/uploads\/2022\/03\/Voorrad-18x12.png 18w, https:\/\/www.vdhurk.nl\/wp-content\/uploads\/2022\/03\/Voorrad-705x471.png 705w\" sizes=\"(max-width: 1135px) 100vw, 1135px\" \/><\/div><\/div><\/div><\/div>\n\n<style type=\"text\/css\" data-created_by=\"avia_inline_auto\" id=\"style-css-av-luqrjpjc-5a23a1fb5f94718ca85316a9df963e2f\">\n#top .hr.hr-invisible.av-luqrjpjc-5a23a1fb5f94718ca85316a9df963e2f{\nheight:50px;\n}\n<\/style>\n<div  class='hr av-luqrjpjc-5a23a1fb5f94718ca85316a9df963e2f hr-invisible  avia-builder-el-11  el_after_av_one_third  el_before_av_textblock'><span class='hr-inner'><span class=\"hr-inner-style\"><\/span><\/span><\/div>\n<section  class='av_textblock_section av-lu8gtjw7-4f3cee9304909518d86d2860d9d582dd'  itemscope=\"itemscope\" itemtype=\"https:\/\/schema.org\/CreativeWork\" ><div class='avia_textblock'  itemprop=\"text\" ><h2>Leasing de una Mercedes Vito: \u00bfqu\u00e9 ventajas tiene?<\/h2>\n<p>Antes de comprar un coche de empresa, es bueno que pienses cu\u00e1l es la opci\u00f3n m\u00e1s ventajosa para ti. En Van den Hurk, tambi\u00e9n puedes optar por el leasing financiero. La ventaja es que tienes pagos mensuales predecibles, sin gastar mucho dinero de golpe. Adem\u00e1s, aqu\u00ed tambi\u00e9n sufres menos depreciaci\u00f3n. En definitiva, el leasing de un coche de empresa tiene muchas ventajas. \u00bfQuiere saber m\u00e1s? Lea todo sobre <a href=\"https:\/\/www.vdhurk.nl\/es\/arrendamiento-financiero\/\">arrendamiento financiero<\/a>.<\/p>\n<h2>Como distribuidor independiente, ofrecemos varios modelos<\/h2>\n<p>Dentro de nuestra gama, encontrar\u00e1 diversas versiones de la Mercedes Vito. Por ejemplo, los modelos pueden diferir en el a\u00f1o de fabricaci\u00f3n y puede haber diferencias en el precio. Las caracter\u00edsticas de cada furgoneta tambi\u00e9n son diferentes. Las diferentes opciones hacen que sea f\u00e1cil ver cu\u00e1les son tus necesidades. Todos nuestros modelos Vito son autom\u00e1ticos.<\/p>\n<h2>Descubra las distintas posibilidades<\/h2>\n<p>En Van den Hurk entendemos que cada empresario tiene necesidades \u00fanicas en lo que se refiere a veh\u00edculos comerciales. Por eso ofrecemos diferentes opciones. Cada veh\u00edculo comercial est\u00e1 equipado con avanzadas caracter\u00edsticas de seguridad. Todos nuestros veh\u00edculos de empresa est\u00e1n cuidadosamente seleccionados y bien mantenidos. Como resultado, puede contar con un veh\u00edculo comercial fiable y duradero. Explore toda la gama y encuentre el modelo que mejor se adapte a las necesidades de su empresa.<\/p>\n<\/div><\/section>","protected":false},"excerpt":{"rendered":"","protected":false},"author":3,"featured_media":0,"parent":370573,"menu_order":0,"comment_status":"closed","ping_status":"closed","template":"","meta":{"_acf_changed":false,"_improvement_type_select":"improve_an_existing","_thumb_yes_seoaic":false,"_frame_yes_seoaic":false,"seoaic_generate_description":"","seoaic_improve_instructions_prompt":"","seoaic_rollback_content_improvement":"","seoaic_idea_thumbnail_generator":"","thumbnail_generated":false,"thumbnail_generate_prompt":"","seoaic_article_description":"","footnotes":""},"class_list":["post-393278","page","type-page","status-publish","hentry"],"acf":[],"yoast_head":"<!-- This site is optimized with the Yoast SEO plugin v27.2 - https:\/\/yoast.com\/product\/yoast-seo-wordpress\/ -->\n<title>Vind de perfecte Mercedes Vito occasion voor jouw behoeften<\/title>\n<meta name=\"description\" content=\"Op zoek naar een goed werkende Mercedes Vito occasion? Deze vind je gegarandeerd binnen ons aanbod. Bekijk de mogelijkheden.\" \/>\n<meta name=\"robots\" content=\"index, follow, max-snippet:-1, max-image-preview:large, max-video-preview:-1\" \/>\n<link rel=\"canonical\" href=\"https:\/\/www.vdhurk.nl\/es\/mercedes-9\/mercedes-20\/\" \/>\n<meta property=\"og:locale\" content=\"es_ES\" \/>\n<meta property=\"og:type\" content=\"article\" \/>\n<meta property=\"og:title\" content=\"Vind de perfecte Mercedes Vito occasion voor jouw behoeften\" \/>\n<meta property=\"og:description\" content=\"Op zoek naar een goed werkende Mercedes Vito occasion? Deze vind je gegarandeerd binnen ons aanbod. Bekijk de mogelijkheden.\" \/>\n<meta property=\"og:url\" content=\"https:\/\/www.vdhurk.nl\/es\/mercedes-9\/mercedes-20\/\" \/>\n<meta property=\"og:site_name\" content=\"Van den Hurk Bedrijfswagens\" \/>\n<meta property=\"article:modified_time\" content=\"2024-07-08T12:20:17+00:00\" \/>\n<meta name=\"twitter:card\" content=\"summary_large_image\" \/>\n<meta name=\"twitter:label1\" content=\"Tiempo de lectura\" \/>\n\t<meta name=\"twitter:data1\" content=\"5 minutos\" \/>\n<script type=\"application\/ld+json\" class=\"yoast-schema-graph\">{\"@context\":\"https:\/\/schema.org\",\"@graph\":[{\"@type\":\"WebPage\",\"@id\":\"https:\/\/www.vdhurk.nl\/mercedes-bedrijfswagens\/vito\/\",\"url\":\"https:\/\/www.vdhurk.nl\/mercedes-bedrijfswagens\/vito\/\",\"name\":\"Vind de perfecte Mercedes Vito occasion voor jouw behoeften\",\"isPartOf\":{\"@id\":\"https:\/\/www.vdhurk.nl\/#website\"},\"datePublished\":\"2024-07-05T08:23:05+00:00\",\"dateModified\":\"2024-07-08T12:20:17+00:00\",\"description\":\"Op zoek naar een goed werkende Mercedes Vito occasion? Deze vind je gegarandeerd binnen ons aanbod. Bekijk de mogelijkheden.\",\"breadcrumb\":{\"@id\":\"https:\/\/www.vdhurk.nl\/mercedes-bedrijfswagens\/vito\/#breadcrumb\"},\"inLanguage\":\"es\",\"potentialAction\":[{\"@type\":\"ReadAction\",\"target\":[\"https:\/\/www.vdhurk.nl\/mercedes-bedrijfswagens\/vito\/\"]}]},{\"@type\":\"BreadcrumbList\",\"@id\":\"https:\/\/www.vdhurk.nl\/mercedes-bedrijfswagens\/vito\/#breadcrumb\",\"itemListElement\":[{\"@type\":\"ListItem\",\"position\":1,\"name\":\"Home\",\"item\":\"https:\/\/www.vdhurk.nl\/home\/\"},{\"@type\":\"ListItem\",\"position\":2,\"name\":\"Mercedes Bedrijfswagens\",\"item\":\"https:\/\/www.vdhurk.nl\/mercedes-bedrijfswagens\/\"},{\"@type\":\"ListItem\",\"position\":3,\"name\":\"Mercedes Vito\"}]},{\"@type\":\"WebSite\",\"@id\":\"https:\/\/www.vdhurk.nl\/#website\",\"url\":\"https:\/\/www.vdhurk.nl\/\",\"name\":\"Van den Hurk Bedrijfswagens\",\"description\":\"Van den Hurk bedrijfswagens Helmond\",\"potentialAction\":[{\"@type\":\"SearchAction\",\"target\":{\"@type\":\"EntryPoint\",\"urlTemplate\":\"https:\/\/www.vdhurk.nl\/?s={search_term_string}\"},\"query-input\":{\"@type\":\"PropertyValueSpecification\",\"valueRequired\":true,\"valueName\":\"search_term_string\"}}],\"inLanguage\":\"es\"}]}<\/script>\n<!-- \/ Yoast SEO plugin. -->","yoast_head_json":{"title":"Encuentra el Mercedes Vito de ocasi\u00f3n que mejor se adapta a tus necesidades","description":"\u00bfBusca una buena ocasi\u00f3n Mercedes Vito de trabajo? Usted est\u00e1 garantizado para encontrar uno dentro de nuestra gama. Echa un vistazo a las opciones.","robots":{"index":"index","follow":"follow","max-snippet":"max-snippet:-1","max-image-preview":"max-image-preview:large","max-video-preview":"max-video-preview:-1"},"canonical":"https:\/\/www.vdhurk.nl\/es\/mercedes-9\/mercedes-20\/","og_locale":"es_ES","og_type":"article","og_title":"Vind de perfecte Mercedes Vito occasion voor jouw behoeften","og_description":"Op zoek naar een goed werkende Mercedes Vito occasion? Deze vind je gegarandeerd binnen ons aanbod. Bekijk de mogelijkheden.","og_url":"https:\/\/www.vdhurk.nl\/es\/mercedes-9\/mercedes-20\/","og_site_name":"Van den Hurk Bedrijfswagens","article_modified_time":"2024-07-08T12:20:17+00:00","twitter_card":"summary_large_image","twitter_misc":{"Tiempo de lectura":"5 minutos"},"schema":{"@context":"https:\/\/schema.org","@graph":[{"@type":"WebPage","@id":"https:\/\/www.vdhurk.nl\/mercedes-bedrijfswagens\/vito\/","url":"https:\/\/www.vdhurk.nl\/mercedes-bedrijfswagens\/vito\/","name":"Encuentra el Mercedes Vito de ocasi\u00f3n que mejor se adapta a tus necesidades","isPartOf":{"@id":"https:\/\/www.vdhurk.nl\/#website"},"datePublished":"2024-07-05T08:23:05+00:00","dateModified":"2024-07-08T12:20:17+00:00","description":"\u00bfBusca una buena ocasi\u00f3n Mercedes Vito de trabajo? Usted est\u00e1 garantizado para encontrar uno dentro de nuestra gama. Echa un vistazo a las opciones.","breadcrumb":{"@id":"https:\/\/www.vdhurk.nl\/mercedes-bedrijfswagens\/vito\/#breadcrumb"},"inLanguage":"es","potentialAction":[{"@type":"ReadAction","target":["https:\/\/www.vdhurk.nl\/mercedes-bedrijfswagens\/vito\/"]}]},{"@type":"BreadcrumbList","@id":"https:\/\/www.vdhurk.nl\/mercedes-bedrijfswagens\/vito\/#breadcrumb","itemListElement":[{"@type":"ListItem","position":1,"name":"Home","item":"https:\/\/www.vdhurk.nl\/home\/"},{"@type":"ListItem","position":2,"name":"Mercedes Bedrijfswagens","item":"https:\/\/www.vdhurk.nl\/mercedes-bedrijfswagens\/"},{"@type":"ListItem","position":3,"name":"Mercedes Vito"}]},{"@type":"WebSite","@id":"https:\/\/www.vdhurk.nl\/#website","url":"https:\/\/www.vdhurk.nl\/","name":"Veh\u00edculos comerciales Van den Hurk","description":"Van den Hurk veh\u00edculos comerciales Helmond","potentialAction":[{"@type":"SearchAction","target":{"@type":"EntryPoint","urlTemplate":"https:\/\/www.vdhurk.nl\/?s={search_term_string}"},"query-input":{"@type":"PropertyValueSpecification","valueRequired":true,"valueName":"search_term_string"}}],"inLanguage":"es"}]}},"_links":{"self":[{"href":"https:\/\/www.vdhurk.nl\/es\/wp-json\/wp\/v2\/pages\/393278","targetHints":{"allow":["GET"]}}],"collection":[{"href":"https:\/\/www.vdhurk.nl\/es\/wp-json\/wp\/v2\/pages"}],"about":[{"href":"https:\/\/www.vdhurk.nl\/es\/wp-json\/wp\/v2\/types\/page"}],"author":[{"embeddable":true,"href":"https:\/\/www.vdhurk.nl\/es\/wp-json\/wp\/v2\/users\/3"}],"replies":[{"embeddable":true,"href":"https:\/\/www.vdhurk.nl\/es\/wp-json\/wp\/v2\/comments?post=393278"}],"version-history":[{"count":6,"href":"https:\/\/www.vdhurk.nl\/es\/wp-json\/wp\/v2\/pages\/393278\/revisions"}],"predecessor-version":[{"id":393648,"href":"https:\/\/www.vdhurk.nl\/es\/wp-json\/wp\/v2\/pages\/393278\/revisions\/393648"}],"up":[{"embeddable":true,"href":"https:\/\/www.vdhurk.nl\/es\/wp-json\/wp\/v2\/pages\/370573"}],"wp:attachment":[{"href":"https:\/\/www.vdhurk.nl\/es\/wp-json\/wp\/v2\/media?parent=393278"}],"curies":[{"name":"wp","href":"https:\/\/api.w.org\/{rel}","templated":true}]}}