{"id":393273,"date":"2024-07-05T10:13:32","date_gmt":"2024-07-05T08:13:32","guid":{"rendered":"https:\/\/www.vdhurk.nl\/?page_id=393273"},"modified":"2024-07-08T13:59:27","modified_gmt":"2024-07-08T11:59:27","slug":"velocista","status":"publish","type":"page","link":"https:\/\/www.vdhurk.nl\/es\/mercedes-bedrijfswagens\/sprinter\/","title":{"rendered":"Mercedes Sprinter"},"content":{"rendered":"<section  class='av_textblock_section av-lu8gnh7d-4ac895489941e586c1d7c8cb72318135'  itemscope=\"itemscope\" itemtype=\"https:\/\/schema.org\/CreativeWork\" ><div class='avia_textblock'  itemprop=\"text\" ><h1>Descubra la Mercedes Sprinter Ocasi\u00f3n: toda la informaci\u00f3n de un vistazo<\/h1>\n<p>La Mercedes Sprinter Ocasi\u00f3n es uno de los veh\u00edculos comerciales m\u00e1s apreciados. Como furgoneta vers\u00e1til y robusta, este modelo ofrece una excelente combinaci\u00f3n entre fiabilidad y confort. Este modelo ofrece una serie de configuraciones y opciones que se adaptan a una gran variedad de necesidades empresariales. Esto la convierte en una elecci\u00f3n popular entre empresarios y empresas.<\/p>\n<\/div><\/section>\n\n<style type=\"text\/css\" data-created_by=\"avia_inline_auto\" id=\"style-css-av-lujjddpd-afa3d7a9eabd61123e643ed1228e781e\">\n#top .hr.hr-invisible.av-lujjddpd-afa3d7a9eabd61123e643ed1228e781e{\nheight:50px;\n}\n<\/style>\n<div  class='hr av-lujjddpd-afa3d7a9eabd61123e643ed1228e781e hr-invisible  avia-builder-el-1  el_after_av_textblock  el_before_av_codeblock'><span class='hr-inner'><span class=\"hr-inner-style\"><\/span><\/span><\/div>\n\n\n<style type=\"text\/css\" data-created_by=\"avia_inline_auto\" id=\"style-css-av-ah0xd-63338d9dc6b40410e22a712829c369d6\">\n#top .hr.hr-invisible.av-ah0xd-63338d9dc6b40410e22a712829c369d6{\nheight:50px;\n}\n<\/style>\n<div  class='hr av-ah0xd-63338d9dc6b40410e22a712829c369d6 hr-invisible  avia-builder-el-3  el_after_av_codeblock  el_before_av_buttonrow'><span class='hr-inner'><span class=\"hr-inner-style\"><\/span><\/span><\/div>\n<div  class='avia-buttonrow-wrap av-lujhssae-cff7d852879371e1ec58a3b104a5d229 avia-buttonrow-center  avia-builder-el-4  el_after_av_hr  el_before_av_hr'>\n\n<style type=\"text\/css\" data-created_by=\"avia_inline_auto\" id=\"style-css-av-lujhtay0-e0560ea0389c79562e2aeefc622558fd\">\n#top #wrap_all .avia-button.av-lujhtay0-e0560ea0389c79562e2aeefc622558fd{\nmargin-bottom:5px;\nmargin-right:3px;\nmargin-left:3px;\n}\n<\/style>\n<a href='https:\/\/www.vdhurk.nl\/es\/vehiculos-comerciales\/#HcxRDoAgDAPQu-xbPQCXMTL6gQIjA03UeHenX01f0t6UoRu5LxgBbfQoFw2UJSCZt6qxdKiRaID609BsbdNhS5H6l7ku2iPvKUKd3TA9Lw'  class='avia-button av-lujhtay0-e0560ea0389c79562e2aeefc622558fd avia-icon_select-yes-right-icon avia-size-x-large avia-color-theme-color'  ><span class='avia_iconbox_title' >\u00bfTiene curiosidad por conocer la gama completa de veh\u00edculos comerciales Mercedes Sprinter? No dude en echar un vistazo.<\/span><span class='avia_button_icon avia_button_icon_right' aria-hidden='true' data-av_icon='\ue871' data-av_iconfont='entypo-fontello'><\/span><\/a>\n<\/div>\n\n<style type=\"text\/css\" data-created_by=\"avia_inline_auto\" id=\"style-css-av-o1d5-cf77288da24053faf1b6ffbefcfc6222\">\n#top .hr.hr-invisible.av-o1d5-cf77288da24053faf1b6ffbefcfc6222{\nheight:50px;\n}\n<\/style>\n<div  class='hr av-o1d5-cf77288da24053faf1b6ffbefcfc6222 hr-invisible  avia-builder-el-5  el_after_av_buttonrow  el_before_av_textblock'><span class='hr-inner'><span class=\"hr-inner-style\"><\/span><\/span><\/div>\n<section  class='av_textblock_section av-lu8gow1e-300853e458ed741bd87d6cb78e55cc7a'  itemscope=\"itemscope\" itemtype=\"https:\/\/schema.org\/CreativeWork\" ><div class='avia_textblock'  itemprop=\"text\" ><h2>5 caracter\u00edsticas que hacen \u00fanica a la Mercedes Sprinter<\/h2>\n<p>Este modelo se distingue de otros veh\u00edculos comerciales por las siguientes caracter\u00edsticas:<\/p>\n<ul>\n<li><strong>Fiabilidad<\/strong>Mercedes-Benz es conocida por su calidad y fiabilidad. La Sprinter no es una excepci\u00f3n. Este veh\u00edculo comercial est\u00e1 construido para soportar a\u00f1os de uso intensivo.<\/li>\n<li><strong>Versatilidad<\/strong>El Sprinter ofrece varias configuraciones y opciones de personalizaci\u00f3n. Esto hace que este modelo sea adecuado para diversas aplicaciones empresariales: desde el transporte de mercanc\u00edas hasta el de pasajeros.<\/li>\n<li><strong>Confort<\/strong>El habit\u00e1culo de la Sprinter se ha dise\u00f1ado pensando en el confort y la facilidad de uso. Por ejemplo, el veh\u00edculo comercial cuenta con asientos ergon\u00f3micos, que hacen agradables los viajes largos.<\/li>\n<li><strong>Eficacia<\/strong>Gracias a sus potentes y econ\u00f3micos motores, este modelo ofrece un excelente rendimiento sin comprometer la eficiencia del combustible.<br \/>\nLa combinaci\u00f3n de estos factores hace de este modelo una opci\u00f3n popular para las empresas que buscan veh\u00edculos de altas prestaciones.<\/li>\n<\/ul>\n<\/div><\/section>\n<div class='flex_column av-f64w1-da126f42b61613402309283c14245a25 av_one_half  avia-builder-el-7  el_after_av_textblock  el_before_av_one_third  first flex_column_div column-top-margin'   ><section  class='av_textblock_section av-lu8gpqre-73cc2c17e6a6497ba6e1b58af22bd9e8'  itemscope=\"itemscope\" itemtype=\"https:\/\/schema.org\/CreativeWork\" ><div class='avia_textblock'  itemprop=\"text\" ><h2>Coche de empresa usado comparado con modelos nuevos<\/h2>\n<p>Elegir entre un veh\u00edculo industrial de ocasi\u00f3n y un modelo nuevo suele ser complicado. \u00bfCu\u00e1l es la opci\u00f3n m\u00e1s ventajosa para usted? Depende de varios factores. Un modelo nuevo se deprecia menos que uno usado, sobre todo a largo plazo. Sin embargo, la ventaja de un Sprinter usado es que a menudo pagas un precio m\u00e1s barato que con un modelo nuevo. Elijas lo que elijas, todos nuestros veh\u00edculos comerciales funcionan correctamente.<\/p>\n<\/div><\/section><\/div><div class='flex_column av-aldk9-ee694297f5c4032981677a02caab84d6 av_one_third  avia-builder-el-9  el_after_av_one_half  el_before_av_hr  flex_column_div column-top-margin'   ><style type=\"text\/css\" data-created_by=\"avia_inline_auto\" id=\"style-css-av-l1w9kpsf-4ec3fab772ec7a9adaa33cfc64ff0475\">\n.avia-image-container.av-l1w9kpsf-4ec3fab772ec7a9adaa33cfc64ff0475 .av-image-caption-overlay-center{\ncolor:#ffffff;\n}\n<\/style>\n<div  class='avia-image-container av-l1w9kpsf-4ec3fab772ec7a9adaa33cfc64ff0475 av-styling- avia-align-center  avia-builder-el-10  avia-builder-el-no-sibling'  itemprop=\"image\" itemscope=\"itemscope\" itemtype=\"https:\/\/schema.org\/ImageObject\" ><div class=\"avia-image-container-inner\"><div class=\"avia-image-overlay-wrap\"><img decoding=\"async\" class='wp-image-187 avia-img-lazy-loading-not-187 avia_image' src=\"https:\/\/www.vdhurk.nl\/wp-content\/uploads\/2022\/03\/Voorrad.png\" alt='' title='Stock'  height=\"758\" width=\"1135\"  itemprop=\"thumbnailUrl\" srcset=\"https:\/\/www.vdhurk.nl\/wp-content\/uploads\/2022\/03\/Voorrad.png 1135w, https:\/\/www.vdhurk.nl\/wp-content\/uploads\/2022\/03\/Voorrad-300x200.png 300w, https:\/\/www.vdhurk.nl\/wp-content\/uploads\/2022\/03\/Voorrad-1030x688.png 1030w, https:\/\/www.vdhurk.nl\/wp-content\/uploads\/2022\/03\/Voorrad-768x513.png 768w, https:\/\/www.vdhurk.nl\/wp-content\/uploads\/2022\/03\/Voorrad-18x12.png 18w, https:\/\/www.vdhurk.nl\/wp-content\/uploads\/2022\/03\/Voorrad-705x471.png 705w\" sizes=\"(max-width: 1135px) 100vw, 1135px\" \/><\/div><\/div><\/div><\/div><\/p>\n\n<style type=\"text\/css\" data-created_by=\"avia_inline_auto\" id=\"style-css-av-luqrjpjc-5a23a1fb5f94718ca85316a9df963e2f\">\n#top .hr.hr-invisible.av-luqrjpjc-5a23a1fb5f94718ca85316a9df963e2f{\nheight:50px;\n}\n<\/style>\n<div  class='hr av-luqrjpjc-5a23a1fb5f94718ca85316a9df963e2f hr-invisible  avia-builder-el-11  el_after_av_one_third  el_before_av_textblock'><span class='hr-inner'><span class=\"hr-inner-style\"><\/span><\/span><\/div>\n<section  class='av_textblock_section av-lu8gtjw7-4f3cee9304909518d86d2860d9d582dd'  itemscope=\"itemscope\" itemtype=\"https:\/\/schema.org\/CreativeWork\" ><div class='avia_textblock'  itemprop=\"text\" ><h2>Diferentes modelos y versiones de Mercedes<\/h2>\n<p>En Van den Hurk, creemos que es importante que haya algo para todos. Por eso ofrecemos diferentes modelos. Piense en modelos adecuados para el transporte de pasajeros o de mercanc\u00edas. Tambi\u00e9n encontrar\u00e1 modelos con caja de carga abierta, cami\u00f3n con caja y mueble con port\u00f3n trasero. Tambi\u00e9n encontrar\u00e1 el Mercedes Sprinter en diferentes versiones. Puede elegir entre caja de cambios o autom\u00e1tica. Tambi\u00e9n es posible elegir entre tracci\u00f3n delantera, trasera o total.<\/p>\n<h2>Comprar un Mercedes Sprinter<\/h2>\n<p>En Van den Hurk ofrecemos varias opciones de financiaci\u00f3n. Por ejemplo, puedes optar por comprar un coche de empresa. La ventaja es que ser\u00e1s el propietario absoluto. Esto significa que tienes la libertad de personalizar tu coche de empresa como mejor te parezca. La ventaja de ser propietario tambi\u00e9n significa que no tiene restricciones de kilometraje, algo que debe tener en cuenta al alquilar un coche de empresa. Como estamos hablando de un leasing financiero, no hay restricciones de kilometraje. Adem\u00e1s, mediante el arrendamiento financiero, usted es el propietario y puede hacer lo que quiera con el veh\u00edculo. La desventaja de la compra es que puede cambiar su flujo de caja o ya no tendr\u00e1 la capacidad de invertir el resto.<\/p>\n<h2>Leasing de un Mercedes Sprinter<\/h2>\n<p>Adem\u00e1s de comprarnos un coche de empresa, tambi\u00e9n tiene la opci\u00f3n del leasing. Est\u00e1 especialmente dise\u00f1ado para usuarios de empresa que quieren seguridad. Si opta por nuestro <a href=\"https:\/\/www.vdhurk.nl\/es\/arrendamiento-financiero\/\">arrendamiento financiero<\/a> tienes los mismos derechos que cuando lo compraste. Una vez transcurrido el plazo, el coche de empresa es tuyo.<\/p>\n<h2><b>Aproveche nuestra alerta de stock<\/b><\/h2>\n<p>Disponemos siempre de un amplio stock de varios veh\u00edculos industriales de diferentes marcas. \u00bfBusca un veh\u00edculo comercial Mercedes Sprinter y su coche ideal no est\u00e1 entre ellos? Eso puede ocurrir. Aunque tengamos una gran selecci\u00f3n, puede que el veh\u00edculo comercial adecuado no est\u00e9 en stock. No se preocupe, puede comunicarnos sus necesidades a trav\u00e9s de nuestro <a href=\"https:\/\/www.vdhurk.nl\/es\/alerta-de-valores\/\">alerta de valores<\/a>. A continuaci\u00f3n, nuestro equipo de compras buscar\u00e1 para usted el veh\u00edculo comercial perfecto que se adapte a sus necesidades.<\/p>\n<\/div><\/section>","protected":false},"excerpt":{"rendered":"","protected":false},"author":3,"featured_media":0,"parent":370573,"menu_order":0,"comment_status":"closed","ping_status":"closed","template":"","meta":{"_acf_changed":false,"_improvement_type_select":"improve_an_existing","_thumb_yes_seoaic":false,"_frame_yes_seoaic":false,"seoaic_generate_description":"","seoaic_improve_instructions_prompt":"","seoaic_rollback_content_improvement":"","seoaic_idea_thumbnail_generator":"","thumbnail_generated":false,"thumbnail_generate_prompt":"","seoaic_article_description":"","footnotes":""},"class_list":["post-393273","page","type-page","status-publish","hentry"],"acf":[],"yoast_head":"<!-- This site is optimized with the Yoast SEO plugin v27.3 - https:\/\/yoast.com\/product\/yoast-seo-wordpress\/ -->\n<title>Een Mercedes Sprinter occasion kopen? Bekijk het aanbod!<\/title>\n<meta name=\"description\" content=\"Ben je op zoek naar een betrouwbaar bedrijfsvoertuig? Kies dan voor de Mercedes Sprinter occasion. Bekijk de verschillende mogelijkheden.\" \/>\n<meta name=\"robots\" content=\"index, follow, max-snippet:-1, max-image-preview:large, max-video-preview:-1\" \/>\n<link rel=\"canonical\" href=\"https:\/\/www.vdhurk.nl\/es\/mercedes-9\/velocista\/\" \/>\n<meta property=\"og:locale\" content=\"es_ES\" \/>\n<meta property=\"og:type\" content=\"article\" \/>\n<meta property=\"og:title\" content=\"Een Mercedes Sprinter occasion kopen? Bekijk het aanbod!\" \/>\n<meta property=\"og:description\" content=\"Ben je op zoek naar een betrouwbaar bedrijfsvoertuig? Kies dan voor de Mercedes Sprinter occasion. Bekijk de verschillende mogelijkheden.\" \/>\n<meta property=\"og:url\" content=\"https:\/\/www.vdhurk.nl\/es\/mercedes-9\/velocista\/\" \/>\n<meta property=\"og:site_name\" content=\"Van den Hurk Bedrijfswagens\" \/>\n<meta property=\"article:modified_time\" content=\"2024-07-08T11:59:27+00:00\" \/>\n<meta name=\"twitter:card\" content=\"summary_large_image\" \/>\n<meta name=\"twitter:label1\" content=\"Tiempo de lectura\" \/>\n\t<meta name=\"twitter:data1\" content=\"6 minutos\" \/>\n<script type=\"application\/ld+json\" class=\"yoast-schema-graph\">{\"@context\":\"https:\\\/\\\/schema.org\",\"@graph\":[{\"@type\":\"WebPage\",\"@id\":\"https:\\\/\\\/www.vdhurk.nl\\\/mercedes-bedrijfswagens\\\/sprinter\\\/\",\"url\":\"https:\\\/\\\/www.vdhurk.nl\\\/mercedes-bedrijfswagens\\\/sprinter\\\/\",\"name\":\"Een Mercedes Sprinter occasion kopen? Bekijk het aanbod!\",\"isPartOf\":{\"@id\":\"https:\\\/\\\/www.vdhurk.nl\\\/#website\"},\"datePublished\":\"2024-07-05T08:13:32+00:00\",\"dateModified\":\"2024-07-08T11:59:27+00:00\",\"description\":\"Ben je op zoek naar een betrouwbaar bedrijfsvoertuig? Kies dan voor de Mercedes Sprinter occasion. Bekijk de verschillende mogelijkheden.\",\"breadcrumb\":{\"@id\":\"https:\\\/\\\/www.vdhurk.nl\\\/mercedes-bedrijfswagens\\\/sprinter\\\/#breadcrumb\"},\"inLanguage\":\"es\",\"potentialAction\":[{\"@type\":\"ReadAction\",\"target\":[\"https:\\\/\\\/www.vdhurk.nl\\\/mercedes-bedrijfswagens\\\/sprinter\\\/\"]}]},{\"@type\":\"BreadcrumbList\",\"@id\":\"https:\\\/\\\/www.vdhurk.nl\\\/mercedes-bedrijfswagens\\\/sprinter\\\/#breadcrumb\",\"itemListElement\":[{\"@type\":\"ListItem\",\"position\":1,\"name\":\"Home\",\"item\":\"https:\\\/\\\/www.vdhurk.nl\\\/home\\\/\"},{\"@type\":\"ListItem\",\"position\":2,\"name\":\"Mercedes Bedrijfswagens\",\"item\":\"https:\\\/\\\/www.vdhurk.nl\\\/mercedes-bedrijfswagens\\\/\"},{\"@type\":\"ListItem\",\"position\":3,\"name\":\"Mercedes Sprinter\"}]},{\"@type\":\"WebSite\",\"@id\":\"https:\\\/\\\/www.vdhurk.nl\\\/#website\",\"url\":\"https:\\\/\\\/www.vdhurk.nl\\\/\",\"name\":\"Van den Hurk Bedrijfswagens\",\"description\":\"Van den Hurk bedrijfswagens Helmond\",\"potentialAction\":[{\"@type\":\"SearchAction\",\"target\":{\"@type\":\"EntryPoint\",\"urlTemplate\":\"https:\\\/\\\/www.vdhurk.nl\\\/?s={search_term_string}\"},\"query-input\":{\"@type\":\"PropertyValueSpecification\",\"valueRequired\":true,\"valueName\":\"search_term_string\"}}],\"inLanguage\":\"es\"}]}<\/script>\n<!-- \/ Yoast SEO plugin. -->","yoast_head_json":{"title":"\u00bfComprando un Mercedes Sprinter de ocasi\u00f3n? \u00a1Consulte la oferta!","description":"\u00bfBusca un veh\u00edculo comercial fiable? Entonces elija la Mercedes Sprinter de ocasi\u00f3n. Consulte las distintas opciones.","robots":{"index":"index","follow":"follow","max-snippet":"max-snippet:-1","max-image-preview":"max-image-preview:large","max-video-preview":"max-video-preview:-1"},"canonical":"https:\/\/www.vdhurk.nl\/es\/mercedes-9\/velocista\/","og_locale":"es_ES","og_type":"article","og_title":"Een Mercedes Sprinter occasion kopen? Bekijk het aanbod!","og_description":"Ben je op zoek naar een betrouwbaar bedrijfsvoertuig? Kies dan voor de Mercedes Sprinter occasion. Bekijk de verschillende mogelijkheden.","og_url":"https:\/\/www.vdhurk.nl\/es\/mercedes-9\/velocista\/","og_site_name":"Van den Hurk Bedrijfswagens","article_modified_time":"2024-07-08T11:59:27+00:00","twitter_card":"summary_large_image","twitter_misc":{"Tiempo de lectura":"6 minutos"},"schema":{"@context":"https:\/\/schema.org","@graph":[{"@type":"WebPage","@id":"https:\/\/www.vdhurk.nl\/mercedes-bedrijfswagens\/sprinter\/","url":"https:\/\/www.vdhurk.nl\/mercedes-bedrijfswagens\/sprinter\/","name":"\u00bfComprando un Mercedes Sprinter de ocasi\u00f3n? \u00a1Consulte la oferta!","isPartOf":{"@id":"https:\/\/www.vdhurk.nl\/#website"},"datePublished":"2024-07-05T08:13:32+00:00","dateModified":"2024-07-08T11:59:27+00:00","description":"\u00bfBusca un veh\u00edculo comercial fiable? Entonces elija la Mercedes Sprinter de ocasi\u00f3n. Consulte las distintas opciones.","breadcrumb":{"@id":"https:\/\/www.vdhurk.nl\/mercedes-bedrijfswagens\/sprinter\/#breadcrumb"},"inLanguage":"es","potentialAction":[{"@type":"ReadAction","target":["https:\/\/www.vdhurk.nl\/mercedes-bedrijfswagens\/sprinter\/"]}]},{"@type":"BreadcrumbList","@id":"https:\/\/www.vdhurk.nl\/mercedes-bedrijfswagens\/sprinter\/#breadcrumb","itemListElement":[{"@type":"ListItem","position":1,"name":"Home","item":"https:\/\/www.vdhurk.nl\/home\/"},{"@type":"ListItem","position":2,"name":"Mercedes Bedrijfswagens","item":"https:\/\/www.vdhurk.nl\/mercedes-bedrijfswagens\/"},{"@type":"ListItem","position":3,"name":"Mercedes Sprinter"}]},{"@type":"WebSite","@id":"https:\/\/www.vdhurk.nl\/#website","url":"https:\/\/www.vdhurk.nl\/","name":"Veh\u00edculos comerciales Van den Hurk","description":"Van den Hurk veh\u00edculos comerciales Helmond","potentialAction":[{"@type":"SearchAction","target":{"@type":"EntryPoint","urlTemplate":"https:\/\/www.vdhurk.nl\/?s={search_term_string}"},"query-input":{"@type":"PropertyValueSpecification","valueRequired":true,"valueName":"search_term_string"}}],"inLanguage":"es"}]}},"_links":{"self":[{"href":"https:\/\/www.vdhurk.nl\/es\/wp-json\/wp\/v2\/pages\/393273","targetHints":{"allow":["GET"]}}],"collection":[{"href":"https:\/\/www.vdhurk.nl\/es\/wp-json\/wp\/v2\/pages"}],"about":[{"href":"https:\/\/www.vdhurk.nl\/es\/wp-json\/wp\/v2\/types\/page"}],"author":[{"embeddable":true,"href":"https:\/\/www.vdhurk.nl\/es\/wp-json\/wp\/v2\/users\/3"}],"replies":[{"embeddable":true,"href":"https:\/\/www.vdhurk.nl\/es\/wp-json\/wp\/v2\/comments?post=393273"}],"version-history":[{"count":3,"href":"https:\/\/www.vdhurk.nl\/es\/wp-json\/wp\/v2\/pages\/393273\/revisions"}],"predecessor-version":[{"id":393276,"href":"https:\/\/www.vdhurk.nl\/es\/wp-json\/wp\/v2\/pages\/393273\/revisions\/393276"}],"up":[{"embeddable":true,"href":"https:\/\/www.vdhurk.nl\/es\/wp-json\/wp\/v2\/pages\/370573"}],"wp:attachment":[{"href":"https:\/\/www.vdhurk.nl\/es\/wp-json\/wp\/v2\/media?parent=393273"}],"curies":[{"name":"wp","href":"https:\/\/api.w.org\/{rel}","templated":true}]}}