{"id":376,"date":"2022-03-25T15:42:04","date_gmt":"2022-03-25T15:42:04","guid":{"rendered":"https:\/\/vdhurk.bonsaidev.nl\/?page_id=376"},"modified":"2023-03-01T14:08:43","modified_gmt":"2023-03-01T14:08:43","slug":"declaracion-de-privacidad","status":"publish","type":"page","link":"https:\/\/www.vdhurk.nl\/es\/privacy-statement\/","title":{"rendered":"Declaraci\u00f3n de confidencialidad"},"content":{"rendered":"<div id='av_section_1'  class='avia-section av-tnfrc-55d1006b5eac650927aead0b6f0c3c20 main_color avia-section-default avia-no-border-styling  avia-builder-el-0  avia-builder-el-no-sibling  avia-bg-style-scroll container_wrap fullsize'  ><div class='container av-section-cont-open' ><main  role=\"main\" itemprop=\"mainContentOfPage\"  class='template-page content  av-content-full alpha units'><div class='post-entry post-entry-type-page post-entry-376'><div class='entry-content-wrapper clearfix'>\n<div class='flex_column av-eqj20-98da9af89e6de8b5df0e523475af323b av_three_fifth  avia-builder-el-1  el_before_av_two_fifth  avia-builder-el-first  first flex_column_div'   ><style type=\"text\/css\" data-created_by=\"avia_inline_auto\" id=\"style-css-av-l16ldcgr-1954b0a741eb857bd19aa19c8f02044e\">\n#top .av_textblock_section.av-l16ldcgr-1954b0a741eb857bd19aa19c8f02044e .avia_textblock{\nfont-size:19px;\n}\n<\/style>\n<section  class='av_textblock_section av-l16ldcgr-1954b0a741eb857bd19aa19c8f02044e'  itemscope=\"itemscope\" itemtype=\"https:\/\/schema.org\/CreativeWork\" ><div class='avia_textblock av_inherit_color'  itemprop=\"text\" ><h1>Declaraci\u00f3n de confidencialidad<\/h1>\n<p>Van den Hurk Bedrijfswagens se toma en serio su privacidad y procesar\u00e1 y utilizar\u00e1 sus datos de forma segura. Este reglamento de privacidad se refiere al tratamiento de sus datos personales por parte de Van den Hurk Bedrijfswagens como parte de nuestros servicios.<\/p>\n<p>El tratamiento de datos personales incluye la recogida, almacenamiento, modificaci\u00f3n, consulta o destrucci\u00f3n de datos personales.<\/p>\n<p>A continuaci\u00f3n se describe c\u00f3mo gestionamos su visita a nuestro sitio web y el uso de cookies.<\/p>\n<p>Van den Hurk Bedrijfswagens tratar\u00e1 sus datos con cuidado y cumplir\u00e1 la legislaci\u00f3n aplicable. Esto significa que Van den Hurk Bedrijfswagens:<\/p>\n<ul>\n<li>le informa de forma clara y abierta sobre c\u00f3mo y con qu\u00e9 fin se tratan sus datos<\/li>\n<li>S\u00f3lo procesa sus datos si existe una finalidad claramente acordada con usted. Se aplican medidas de seguridad para proteger sus datos contra p\u00e9rdidas y robos.<\/li>\n<li>Informarle de sus derechos en relaci\u00f3n con los datos personales que tratamos<\/li>\n<\/ul>\n<h2>\u00bfPor qu\u00e9 tratamos los datos?<\/h2>\n<p>Van den Hurk Bedrijfswagens procesa sus datos porque estamos obligados a hacerlo en algunos casos. Puede pensar en datos de facturaci\u00f3n como nombre, direcci\u00f3n, c\u00f3digo postal y lugar de residencia. Adem\u00e1s, nos gustar\u00eda confirmar nuestros acuerdos mutuos por correo electr\u00f3nico o, si lo desea, por tel\u00e9fono.<\/p>\n<p>Tratamos los datos para realizar, entre otras, las siguientes actividades:<\/p>\n<ul>\n<li>Proceso de oferta<\/li>\n<li>Proceso de pedido y facturaci\u00f3n<\/li>\n<li>Establecimiento de la garant\u00eda<\/li>\n<li>Pruebas de conducci\u00f3n<\/li>\n<li>Realizaci\u00f3n de actividades de marketing<\/li>\n<li>Sus datos personales<\/li>\n<\/ul>\n<h2>Inspecci\u00f3n<\/h2>\n<p>Si Van den Hurk Bedrijfswagens procesa sus datos personales, puede consultarlos. Tambi\u00e9n puede solicitar una copia de estos datos.<\/p>\n<h2>Mejora<\/h2>\n<p>En caso de que hayamos registrado datos incorrectos, tiene derecho a que los modifiquemos.<\/p>\n<h2>Mudanzas<\/h2>\n<p>Puede pedirnos que borremos de nuestros sistemas los datos personales que tenemos sobre usted. En algunos casos, es posible que no podamos borrar los datos debido a otras normas y leyes. Le informaremos de ello. Cuando eliminemos sus datos, ya no podremos mantenerle informado sobre nuestras promociones y dem\u00e1s informaci\u00f3n relevante.<\/p>\n<h2>Suministro de datos<\/h2>\n<p>Puede solicitarnos que le facilitemos una copia de sus datos personales tratados por nosotros.  Van den Hurk Bedrijfswagens los pondr\u00e1 a su disposici\u00f3n de forma com\u00fan y estructurada (digital).<\/p>\n<h2>Seguridad<\/h2>\n<p>Tomarse en serio su privacidad implica proteger sus datos personales. Van den Hurk Bedrijfswagens toma amplias medidas para proteger sus datos.<\/p>\n<p>Si, a pesar de todas las medidas, se produjera un incidente de seguridad, haremos todo lo posible por minimizar las consecuencias. Si el incidente de seguridad resultara ser una violaci\u00f3n de datos, lo notificaremos a la Autoridad de Datos Personales.<\/p>\n<h2>Candidatos<\/h2>\n<p>Incluso cuando solicita un puesto en Van den Hurk Bedrijfswagens, nos tomamos muy en serio la seguridad de sus datos personales. Nos gustar\u00eda explicarle c\u00f3mo tratamos los datos personales que nos facilita y c\u00f3mo garantizamos un procesamiento seguro.<\/p>\n<p>Para solicitar un puesto de trabajo en Van den Hurk Bedrijfswagens, pedimos a los candidatos que preparen una carta de solicitud y nos la env\u00eden junto con un curr\u00edculum v\u00edtae. Los datos personales que nos proporcionen los solicitantes de empleo se tratar\u00e1n de forma confidencial y se utilizar\u00e1n exclusivamente para el procedimiento de solicitud en Van den Hurk Bedrijfswagens. Al enviar la carta de solicitud y\/o un correo electr\u00f3nico con el curr\u00edculum vitae, el solicitante da su consentimiento para que los datos personales sean procesados por Van den Hurk Bedrijfswagens en el marco del procedimiento de solicitud.<\/p>\n<p>Van den Hurk Bedrijfswagens trata los datos personales necesarios a efectos del proceso de contrataci\u00f3n y selecci\u00f3n. Se trata de los siguientes datos:<\/p>\n<ul>\n<li>nombre y direcci\u00f3n, direcci\u00f3n de correo electr\u00f3nico y otros datos de contacto<\/li>\n<li>Fecha de nacimiento, edad y sexo, estado civil, nacionalidad, copia del pasaporte<\/li>\n<li>Curriculum vitae (CV): informaci\u00f3n sobre formaci\u00f3n, pr\u00e1cticas y experiencia laboral.<\/li>\n<li>Disponibilidad y datos de baja<\/li>\n<li>Otros datos que puedan ser pertinentes en el contexto de la evaluaci\u00f3n de la idoneidad del candidato, por ejemplo, referencias y certificados.<\/li>\n<\/ul>\n<p>Recogemos y tratamos sus datos personales para los siguientes fines:<\/p>\n<ul>\n<li>Para ponernos en contacto con usted debido al inter\u00e9s que ha manifestado por un puesto en nuestra organizaci\u00f3n.<\/li>\n<li>Para compartir sus datos con el gestor que tiene una vacante<\/li>\n<li>Para evaluar su idoneidad para un puesto concreto<\/li>\n<li>Para incluirle eventualmente en una lista de candidatos (si ha dado su consentimiento)<\/li>\n<li>Recopilar datos estad\u00edsticos an\u00f3nimos sobre el proceso de contrataci\u00f3n y selecci\u00f3n.<\/li>\n<li>S\u00f3lo compartimos sus datos internamente con el gestor encargado del proceso de solicitud. No compartimos datos con terceros a menos que la ley nos obligue a hacerlo.<\/li>\n<\/ul>\n<p>Conservamos sus datos personales sin consentimiento hasta 1 a\u00f1o despu\u00e9s de la finalizaci\u00f3n del procedimiento de solicitud. Es necesario que van den Hurk Bedrijfswagens conserve los datos durante este periodo, ya que corresponde a la duraci\u00f3n del contrato temporal. En caso de que el contrato de trabajo con un nuevo empleado finalice dentro de este plazo, se podr\u00e1 seguir contactando con los dem\u00e1s candidatos.<\/p>\n<p>1 a\u00f1o despu\u00e9s de finalizar el proceso de solicitud, sus datos se eliminar\u00e1n definitivamente de nuestros sistemas.<\/p>\n<p>Previa solicitud, los candidatos pueden indicar si est\u00e1n de acuerdo en que sus datos se conserven durante un periodo de tiempo m\u00e1s largo para que se les pueda volver a contactar en caso de que queden vacantes puestos adecuados en van den Hurk Bedrijfswagens. Si ha aceptado ser incluido en una lista de candidatos, sus datos se eliminar\u00e1n en cualquier caso en un plazo de 2 a\u00f1os tras su inclusi\u00f3n en la lista de candidatos.<\/p>\n<p>Si ya no desea que conservemos sus datos personales, los eliminaremos en cuanto nos lo solicite. Puede notific\u00e1rnoslo por correo electr\u00f3nico: b.verhappen@vdhurk.nl. El mismo procedimiento puede utilizarse para solicitarnos que indiquemos qu\u00e9 datos tratamos sobre usted, o pedirnos que completemos o corrijamos sus datos.<\/p>\n<h2>D\u00f3nde dirigirse para preguntas y reclamaciones<\/h2>\n<p>Si, despu\u00e9s de leer esta declaraci\u00f3n de privacidad, sigue teniendo preguntas sobre el tratamiento de datos personales por parte de van den Hurk Bedrijfswagens, env\u00ede un correo electr\u00f3nico a: b.verhappen@vdhurk.nl .<\/p>\n<p><em>(Esta direcci\u00f3n de correo tambi\u00e9n puede utilizarse si tiene quejas sobre el tratamiento de sus datos personales).<\/em><\/p>\n<p>Si cree que Van den Hurk Bedrijfswagens infringe la legislaci\u00f3n sobre privacidad, puede ponerse en contacto con la Autoridad de Datos Personales.<\/p>\n<h2>Pol\u00edtica de cookies<\/h2>\n<p>Van den Hurk Bedrijfswagens utiliza cookies y otras t\u00e9cnicas en el sitio web vdhurk.nl. Las cookies son peque\u00f1os archivos de informaci\u00f3n que se almacenan en el dispositivo que utiliza para visitar nuestro sitio web, como un ordenador, tableta, smartphone o smartwatch, cuando visita el sitio web. Cuando nos referimos a \"cookies\" a continuaci\u00f3n, tambi\u00e9n nos referimos a otras t\u00e9cnicas similares.<\/p>\n<p>Las cookies permiten reconocer su navegador. Resulta \u00fatil porque as\u00ed no tiene que volver a introducir sus datos, indicar sus preferencias o cambiar la configuraci\u00f3n. De este modo, tambi\u00e9n podemos hacer que nuestro sitio web funcione mejor, podemos conocer el comportamiento de los visitantes en el sitio web y otras partes pueden conocer su comportamiento de navegaci\u00f3n para poder mostrar anuncios personalizados en varios sitios web y omitir los anuncios no revisables.<\/p>\n<p>Las cookies no comprometen la seguridad de su ordenador.<\/p>\n<h2>Cookies funcionales y no funcionales<\/h2>\n<p>Las cookies pueden dividirse en funcionales y no funcionales. Las cookies funcionales son necesarias para el correcto funcionamiento del sitio web o para garantizar que la informaci\u00f3n deseada se le muestre r\u00e1pida y correctamente cada vez que visite nuestro sitio web. Son \u00fatiles porque as\u00ed no tiene que volver a introducir sus datos, indicar sus preferencias o cambiar la configuraci\u00f3n, por ejemplo. Las cookies no funcionales sirven para informarnos sobre el n\u00famero de visitantes del sitio web y c\u00f3mo lo utilizan estos visitantes. Podemos utilizar esta informaci\u00f3n para seguir mejorando nuestro sitio web.<\/p>\n<p>Tambi\u00e9n utilizamos estas cookies para mostrarle anuncios adecuados en otros sitios o para ofrecerle ofertas espec\u00edficas.<\/p>\n<p>Estos archivos desaparecen autom\u00e1ticamente en cuanto cierra su navegador de Internet o permanecen en su ordenador hasta 12 meses despu\u00e9s de su \u00faltima visita.<\/p>\n<h2>\u00bfQu\u00e9 galletas hay?<\/h2>\n<p>Distinguimos entre diferentes tipos de cookies:<\/p>\n<h2>Cookies funcionales<\/h2>\n<p>Son necesarias para el correcto funcionamiento del sitio web. Por ejemplo, garantizan que se le muestre r\u00e1pida y correctamente la informaci\u00f3n deseada cada vez que visita nuestro sitio web. No es necesario solicitar permiso para colocar cookies funcionales.<\/p>\n<h2>Cookies anal\u00edticas<\/h2>\n<p>Las utilizamos para analizar c\u00f3mo se utiliza nuestro sitio web, por ejemplo, con qu\u00e9 frecuencia se visita nuestro sitio web, a qu\u00e9 p\u00e1gina se llega en nuestro sitio web, en qu\u00e9 p\u00e1ginas se hace m\u00e1s clic. Si las cookies anal\u00edticas no tienen un impacto importante en la privacidad, no es necesario solicitar el consentimiento; en caso contrario, s\u00ed.<\/p>\n<h2>Cookies de seguimiento<\/h2>\n<p>Se trata de cookies que pueden rastrear su comportamiento de navegaci\u00f3n en nuestro sitio web. Esto permite a los anunciantes mostrar anuncios personalizados en l\u00ednea basados en su comportamiento de navegaci\u00f3n. Le pedimos su permiso para colocar estas cookies.<\/p>\n<h2>Cookies de plug-in de redes sociales<\/h2>\n<p>Las cookies de complementos de redes sociales se utilizan para mostrar contenidos de redes sociales en nuestro sitio web. Le pedimos su permiso para instalar estas cookies.<\/p>\n<h2>\u00bfPuede desactivar tambi\u00e9n las cookies?<\/h2>\n<p>S\u00ed, siempre puede desactivar las cookies o eliminarlas de su dispositivo. La forma de hacerlo var\u00eda en funci\u00f3n de su navegador de Internet y de su dispositivo. Si decide eliminar las cookies, es posible que el sitio web deje de funcionar de forma \u00f3ptima y que no pueda utilizar algunos servicios.<\/p>\n<h2>\u00bfPuede actualizarse esta pol\u00edtica de cookies?<\/h2>\n<p>Esta pol\u00edtica de cookies puede ser actualizada en el \u00ednterin para anunciar cambios. Si se introducen cambios en este documento, podr\u00e1 consultar la fecha de la \u00faltima actualizaci\u00f3n al pie del mismo.<br \/>\nSi tenemos la intenci\u00f3n de utilizar las cookies para las que usted ha dado su consentimiento para otros fines, le pediremos su permiso para hacerlo.<\/p>\n<h2>C\u00e1mara de seguridad<\/h2>\n<p>Nuestra sucursal est\u00e1 equipada con c\u00e1maras. Esto es importante para su seguridad, pero tambi\u00e9n para la de nuestros colegas y bienes. Las im\u00e1genes de las c\u00e1maras se borran al cabo de un (1) mes como m\u00e1ximo, salvo que existan razones de peso para conservarlas durante m\u00e1s tiempo, por ejemplo, para una investigaci\u00f3n de una agencia de detectives o de la polic\u00eda.<\/p>\n<\/div><\/section><\/div><div class='flex_column av-7liqo-016a5e0ee5097bef6531dd82f299c2ff av_two_fifth  avia-builder-el-3  el_after_av_three_fifth  avia-builder-el-last  flex_column_div'   ><div  class='avia-video av-l6w3d0db-e928fa2b2410f0230ec7d150903ec468 avia-video-16-9 av-no-preview-image avia-video-load-always av-lazyload-immediate av-lazyload-video-embed'  itemprop=\"video\" itemtype=\"https:\/\/schema.org\/VideoObject\"  data-original_url='https:\/\/www.youtube.com\/watch?v=9fT_2naEIwI'><script type='text\/html' class='av-video-tmpl'><div class='avia-iframe-wrap'><iframe loading=\"lazy\" title=\"van den hurk promo\" width=\"1500\" height=\"844\" src=\"https:\/\/www.youtube.com\/embed\/9fT_2naEIwI?feature=oembed&autoplay=1&loop=0&controls=1&mute=1\" frameborder=\"0\" allow=\"accelerometer; autoplay; clipboard-write; encrypted-media; gyroscope; picture-in-picture\" allowfullscreen><\/iframe><\/div><\/script><div class='av-click-to-play-overlay'><div class=\"avia_playpause_icon\"><\/div><\/div><\/div><\/div>","protected":false},"excerpt":{"rendered":"","protected":false},"author":1,"featured_media":0,"parent":0,"menu_order":0,"comment_status":"closed","ping_status":"closed","template":"","meta":{"_acf_changed":false,"_improvement_type_select":"improve_an_existing","_thumb_yes_seoaic":false,"_frame_yes_seoaic":false,"seoaic_generate_description":"","seoaic_improve_instructions_prompt":"","seoaic_rollback_content_improvement":"","seoaic_idea_thumbnail_generator":"","thumbnail_generated":false,"thumbnail_generate_prompt":"","seoaic_article_description":"","footnotes":""},"class_list":["post-376","page","type-page","status-publish","hentry"],"acf":[],"yoast_head":"<!-- This site is optimized with the Yoast SEO plugin v27.5 - https:\/\/yoast.com\/product\/yoast-seo-wordpress\/ -->\n<title>Privacy statement - Van den Hurk Bedrijfswagens<\/title>\n<meta name=\"robots\" content=\"index, follow, max-snippet:-1, max-image-preview:large, max-video-preview:-1\" \/>\n<link rel=\"canonical\" href=\"https:\/\/www.vdhurk.nl\/es\/declaracion-de-privacidad\/\" \/>\n<meta property=\"og:locale\" content=\"es_ES\" \/>\n<meta property=\"og:type\" content=\"article\" \/>\n<meta property=\"og:title\" content=\"Privacy statement - Van den Hurk Bedrijfswagens\" \/>\n<meta property=\"og:url\" content=\"https:\/\/www.vdhurk.nl\/es\/declaracion-de-privacidad\/\" \/>\n<meta property=\"og:site_name\" content=\"Van den Hurk Bedrijfswagens\" \/>\n<meta property=\"article:modified_time\" content=\"2023-03-01T14:08:43+00:00\" \/>\n<meta name=\"twitter:card\" content=\"summary_large_image\" \/>\n<meta name=\"twitter:label1\" content=\"Tiempo de lectura\" \/>\n\t<meta name=\"twitter:data1\" content=\"10 minutos\" \/>\n<script type=\"application\/ld+json\" class=\"yoast-schema-graph\">{\"@context\":\"https:\\\/\\\/schema.org\",\"@graph\":[{\"@type\":\"WebPage\",\"@id\":\"https:\\\/\\\/www.vdhurk.nl\\\/privacy-statement\\\/\",\"url\":\"https:\\\/\\\/www.vdhurk.nl\\\/privacy-statement\\\/\",\"name\":\"Privacy statement - Van den Hurk Bedrijfswagens\",\"isPartOf\":{\"@id\":\"https:\\\/\\\/www.vdhurk.nl\\\/#website\"},\"datePublished\":\"2022-03-25T15:42:04+00:00\",\"dateModified\":\"2023-03-01T14:08:43+00:00\",\"breadcrumb\":{\"@id\":\"https:\\\/\\\/www.vdhurk.nl\\\/privacy-statement\\\/#breadcrumb\"},\"inLanguage\":\"es\",\"potentialAction\":[{\"@type\":\"ReadAction\",\"target\":[\"https:\\\/\\\/www.vdhurk.nl\\\/privacy-statement\\\/\"]}]},{\"@type\":\"BreadcrumbList\",\"@id\":\"https:\\\/\\\/www.vdhurk.nl\\\/privacy-statement\\\/#breadcrumb\",\"itemListElement\":[{\"@type\":\"ListItem\",\"position\":1,\"name\":\"Home\",\"item\":\"https:\\\/\\\/www.vdhurk.nl\\\/home\\\/\"},{\"@type\":\"ListItem\",\"position\":2,\"name\":\"Privacy statement\"}]},{\"@type\":\"WebSite\",\"@id\":\"https:\\\/\\\/www.vdhurk.nl\\\/#website\",\"url\":\"https:\\\/\\\/www.vdhurk.nl\\\/\",\"name\":\"Van den Hurk Bedrijfswagens\",\"description\":\"Van den Hurk bedrijfswagens Helmond\",\"potentialAction\":[{\"@type\":\"SearchAction\",\"target\":{\"@type\":\"EntryPoint\",\"urlTemplate\":\"https:\\\/\\\/www.vdhurk.nl\\\/?s={search_term_string}\"},\"query-input\":{\"@type\":\"PropertyValueSpecification\",\"valueRequired\":true,\"valueName\":\"search_term_string\"}}],\"inLanguage\":\"es\"}]}<\/script>\n<!-- \/ Yoast SEO plugin. -->","yoast_head_json":{"title":"Declaraci\u00f3n de privacidad - Van den Hurk Bedrijfswagens","robots":{"index":"index","follow":"follow","max-snippet":"max-snippet:-1","max-image-preview":"max-image-preview:large","max-video-preview":"max-video-preview:-1"},"canonical":"https:\/\/www.vdhurk.nl\/es\/declaracion-de-privacidad\/","og_locale":"es_ES","og_type":"article","og_title":"Privacy statement - Van den Hurk Bedrijfswagens","og_url":"https:\/\/www.vdhurk.nl\/es\/declaracion-de-privacidad\/","og_site_name":"Van den Hurk Bedrijfswagens","article_modified_time":"2023-03-01T14:08:43+00:00","twitter_card":"summary_large_image","twitter_misc":{"Tiempo de lectura":"10 minutos"},"schema":{"@context":"https:\/\/schema.org","@graph":[{"@type":"WebPage","@id":"https:\/\/www.vdhurk.nl\/privacy-statement\/","url":"https:\/\/www.vdhurk.nl\/privacy-statement\/","name":"Declaraci\u00f3n de privacidad - Van den Hurk Bedrijfswagens","isPartOf":{"@id":"https:\/\/www.vdhurk.nl\/#website"},"datePublished":"2022-03-25T15:42:04+00:00","dateModified":"2023-03-01T14:08:43+00:00","breadcrumb":{"@id":"https:\/\/www.vdhurk.nl\/privacy-statement\/#breadcrumb"},"inLanguage":"es","potentialAction":[{"@type":"ReadAction","target":["https:\/\/www.vdhurk.nl\/privacy-statement\/"]}]},{"@type":"BreadcrumbList","@id":"https:\/\/www.vdhurk.nl\/privacy-statement\/#breadcrumb","itemListElement":[{"@type":"ListItem","position":1,"name":"Home","item":"https:\/\/www.vdhurk.nl\/home\/"},{"@type":"ListItem","position":2,"name":"Privacy statement"}]},{"@type":"WebSite","@id":"https:\/\/www.vdhurk.nl\/#website","url":"https:\/\/www.vdhurk.nl\/","name":"Veh\u00edculos comerciales Van den Hurk","description":"Van den Hurk veh\u00edculos comerciales Helmond","potentialAction":[{"@type":"SearchAction","target":{"@type":"EntryPoint","urlTemplate":"https:\/\/www.vdhurk.nl\/?s={search_term_string}"},"query-input":{"@type":"PropertyValueSpecification","valueRequired":true,"valueName":"search_term_string"}}],"inLanguage":"es"}]}},"_links":{"self":[{"href":"https:\/\/www.vdhurk.nl\/es\/wp-json\/wp\/v2\/pages\/376","targetHints":{"allow":["GET"]}}],"collection":[{"href":"https:\/\/www.vdhurk.nl\/es\/wp-json\/wp\/v2\/pages"}],"about":[{"href":"https:\/\/www.vdhurk.nl\/es\/wp-json\/wp\/v2\/types\/page"}],"author":[{"embeddable":true,"href":"https:\/\/www.vdhurk.nl\/es\/wp-json\/wp\/v2\/users\/1"}],"replies":[{"embeddable":true,"href":"https:\/\/www.vdhurk.nl\/es\/wp-json\/wp\/v2\/comments?post=376"}],"version-history":[{"count":11,"href":"https:\/\/www.vdhurk.nl\/es\/wp-json\/wp\/v2\/pages\/376\/revisions"}],"predecessor-version":[{"id":162021,"href":"https:\/\/www.vdhurk.nl\/es\/wp-json\/wp\/v2\/pages\/376\/revisions\/162021"}],"wp:attachment":[{"href":"https:\/\/www.vdhurk.nl\/es\/wp-json\/wp\/v2\/media?parent=376"}],"curies":[{"name":"wp","href":"https:\/\/api.w.org\/{rel}","templated":true}]}}