{"id":372085,"date":"2024-04-15T16:57:18","date_gmt":"2024-04-15T14:57:18","guid":{"rendered":"https:\/\/www.vdhurk.nl\/?page_id=372085"},"modified":"2024-08-19T13:37:28","modified_gmt":"2024-08-19T11:37:28","slug":"vehiculos-comerciales-citroen","status":"publish","type":"page","link":"https:\/\/www.vdhurk.nl\/es\/citroen-bedrijfswagens\/","title":{"rendered":"Citro\u00ebn Veh\u00edculos Comerciales"},"content":{"rendered":"<section  class='av_textblock_section av-lu8gnh7d-4ac895489941e586c1d7c8cb72318135'  itemscope=\"itemscope\" itemtype=\"https:\/\/schema.org\/CreativeWork\" ><div class='avia_textblock'  itemprop=\"text\" ><h1><b>Eficacia y confort combinados: Veh\u00edculos comerciales Citro\u00ebn para todas las empresas<\/b><\/h1>\n<p>Citro\u00ebn es una marca de autom\u00f3viles francesa con una reputaci\u00f3n mundial por sus dise\u00f1os innovadores. Los veh\u00edculos comerciales Citro\u00ebn est\u00e1n dise\u00f1ados para satisfacer las necesidades de los usuarios profesionales. Ofrecen varios modelos hechos no s\u00f3lo para la funcionalidad, sino tambi\u00e9n para la comodidad. La marca se ha ganado una reputaci\u00f3n fiable en lo que se refiere a furgonetas para empresas, raz\u00f3n por la que muchos usuarios eligen esta marca.<\/p>\n<\/div><\/section>\n\n<style type=\"text\/css\" data-created_by=\"avia_inline_auto\" id=\"style-css-av-lujjddpd-afa3d7a9eabd61123e643ed1228e781e\">\n#top .hr.hr-invisible.av-lujjddpd-afa3d7a9eabd61123e643ed1228e781e{\nheight:50px;\n}\n<\/style>\n<div  class='hr av-lujjddpd-afa3d7a9eabd61123e643ed1228e781e hr-invisible  avia-builder-el-1  el_after_av_textblock  el_before_av_codeblock'><span class='hr-inner'><span class=\"hr-inner-style\"><\/span><\/span><\/div>\n\n\n<style type=\"text\/css\" data-created_by=\"avia_inline_auto\" id=\"style-css-av-o1d5-cf77288da24053faf1b6ffbefcfc6222\">\n#top .hr.hr-invisible.av-o1d5-cf77288da24053faf1b6ffbefcfc6222{\nheight:50px;\n}\n<\/style>\n<div  class='hr av-o1d5-cf77288da24053faf1b6ffbefcfc6222 hr-invisible  avia-builder-el-3  el_after_av_codeblock  el_before_av_textblock'><span class='hr-inner'><span class=\"hr-inner-style\"><\/span><\/span><\/div>\n<section  class='av_textblock_section av-lu8gtjw7-4f3cee9304909518d86d2860d9d582dd'  itemscope=\"itemscope\" itemtype=\"https:\/\/schema.org\/CreativeWork\" ><div class='avia_textblock'  itemprop=\"text\" ><h2><b>La historia de Citro\u00ebn<\/b><\/h2>\n<h3><b>La creaci\u00f3n de Citro\u00ebn<\/b><\/h3>\n<p>Citro\u00ebn fue fundada por Andr\u00e9 Citro\u00ebn en 1919. Este ingeniero franc\u00e9s fue pionero de la producci\u00f3n en serie de autom\u00f3viles. La creaci\u00f3n de Citro\u00ebn marc\u00f3 un hito en la industria automovil\u00edstica. De hecho, fue una de las primeras marcas en producir a gran escala para el mercado europeo.<\/p>\n<h3><b>La marca a lo largo de los a\u00f1os<\/b><\/h3>\n<p>Uno de los hitos m\u00e1s importantes en la historia de la marca fue la introducci\u00f3n del Citro\u00ebn Traction Avant en 1934. Fue un modelo pionero que se consider\u00f3 un icono de la industria automovil\u00edstica. Este coche sent\u00f3 las bases de muchas tecnolog\u00edas modernas. A lo largo de los a\u00f1os, Citro\u00ebn se ha forjado una s\u00f3lida reputaci\u00f3n en la fabricaci\u00f3n de veh\u00edculos comerciales. Hoy en d\u00eda, la marca sigue siendo uno de los principales actores de la industria del autom\u00f3vil. Se mantienen fieles a su herencia de innovaci\u00f3n y se esfuerzan por producir veh\u00edculos que satisfagan las necesidades de los usuarios profesionales.<\/p>\n<h2><b>\u00bfPor qu\u00e9 Citro\u00ebn es popular entre las empresas?<\/b><\/h2>\n<p>Los veh\u00edculos comerciales Citro\u00ebn son muy populares entre los usuarios de negocios, y por una buena raz\u00f3n. La gente elige Citro\u00ebn por varias razones:<\/p>\n<ul>\n<li aria-level=\"1\"><b>Innovaci\u00f3n<\/b>La marca es conocida por sus dise\u00f1os innovadores, funcionales y elegantes. Sus veh\u00edculos comerciales ofrecen soluciones inteligentes para las necesidades de transporte, como amplios espacios de almacenamiento.<\/li>\n<li aria-level=\"1\"><b>Experiencia de conducci\u00f3n confortable<\/b>: Citro\u00ebn dise\u00f1a sus veh\u00edculos comerciales pensando en el confort. Esto hace que los coches sean ideales para conducir largas distancias. Los asientos ergon\u00f3micos y el aislamiento ac\u00fastico permiten a conductores y pasajeros disfrutar de una conducci\u00f3n suave.<\/li>\n<li aria-level=\"1\"><b>T\u00e9cnicas avanzadas<\/b>La marca integra funciones tecnol\u00f3gicas avanzadas en sus veh\u00edculos comerciales para mejorar la seguridad, la conectividad y la eficiencia.<\/li>\n<li aria-level=\"1\"><b>Seguridad<\/b>: No hay nada mejor que la seguridad. Por eso los veh\u00edculos comerciales est\u00e1n equipados con diversos dispositivos de seguridad. Entre ellos, sistemas como ABS, ESC, airbags y asistencia a la frenada.<\/li>\n<li aria-level=\"1\"><b>Eficacia del combustible<\/b>: Citro\u00ebn tiene como objetivo la eficiencia de combustible en todos los veh\u00edculos comerciales. Esto garantiza menores costes de explotaci\u00f3n para los usuarios comerciales.<\/li>\n<\/ul>\n<p>Todas estas ventajas hacen de estos veh\u00edculos comerciales una opci\u00f3n atractiva para las empresas que buscan soluciones de transporte fiables y c\u00f3modas.<\/p>\n<h2><b>Diferentes modelos<\/b><\/h2>\n<p>Como concesionario de veh\u00edculos industriales Citro\u00ebn, en nuestro concesionario encontrar\u00e1 diferentes modelos. El stock de veh\u00edculos industriales Citro\u00ebn es amplio, ya que ofrecemos tanto modelos nuevos como usados. La ventaja de los veh\u00edculos industriales Citro\u00ebn de ocasi\u00f3n es que su precio es m\u00e1s econ\u00f3mico. Puedes acudir a nosotros para, entre otras cosas:<\/p>\n<ul>\n<li aria-level=\"1\"><strong>El Citro\u00ebn Jumpy de ocasi\u00f3n<\/strong>: Se trata de un modelo fiable y espacioso con versatilidad, confort y eficiencia. Esto hace que este veh\u00edculo comercial sea una soluci\u00f3n adecuada para los clientes empresariales que buscan un veh\u00edculo usado.<\/li>\n<li aria-level=\"1\"><strong>La ocasi\u00f3n del Citro\u00ebn Jumper<\/strong><strong>:<\/strong> Se trata de un modelo muy solicitado entre los usuarios de empresa que buscan un coche de empresa espacioso y fiable. Este veh\u00edculo comercial de Citro\u00ebn es conocido por su gran espacio de carga y su c\u00f3moda experiencia de conducci\u00f3n.<\/li>\n<\/ul>\n<h2>Servicio y calidad en Van den Hurk<\/h2>\n<p>Desde hace m\u00e1s de 50 a\u00f1os, Van den Hurk Bedrijfswagens es la direcci\u00f3n adecuada para la compra, leasing, alquiler, reparaci\u00f3n de da\u00f1os y mantenimiento de su cami\u00f3n caja. Ya se trate de un veh\u00edculo industrial nuevo o usado, conocemos cada veh\u00edculo a la perfecci\u00f3n. Por eso garantizamos siempre la m\u00e1xima calidad y una movilidad \u00f3ptima. <a href=\"https:\/\/www.vdhurk.nl\/es\/vehiculos-comerciales\/\">Nuestros veh\u00edculos comerciales<\/a> son conocidos no s\u00f3lo por su excelente calidad, sino tambi\u00e9n por nuestros precios competitivos y nuestra fiabilidad. Estaremos encantados de pensar con usted para que pronto pueda conducir sin preocupaciones el coche de empresa que mejor se adapte a sus necesidades.<\/p>\n<\/div><\/section>","protected":false},"excerpt":{"rendered":"","protected":false},"author":3,"featured_media":0,"parent":0,"menu_order":0,"comment_status":"closed","ping_status":"closed","template":"","meta":{"_acf_changed":false,"_improvement_type_select":"improve_an_existing","_thumb_yes_seoaic":false,"_frame_yes_seoaic":false,"seoaic_generate_description":"","seoaic_improve_instructions_prompt":"","seoaic_rollback_content_improvement":"","seoaic_idea_thumbnail_generator":"","thumbnail_generated":false,"thumbnail_generate_prompt":"","seoaic_article_description":"","footnotes":""},"class_list":["post-372085","page","type-page","status-publish","hentry"],"acf":[],"yoast_head":"<!-- This site is optimized with the Yoast SEO plugin v27.5 - https:\/\/yoast.com\/product\/yoast-seo-wordpress\/ -->\n<title>Citro\u00ebn bedrijfswagens: betrouwbaar en innovatief<\/title>\n<meta name=\"description\" content=\"Met Citro\u00ebn bedrijfswagens ben je verzekerd van een betrouwbaar voertuig. Ontdek het aanbod en ervaar zelf het comfort!\" \/>\n<meta name=\"robots\" content=\"index, follow, max-snippet:-1, max-image-preview:large, max-video-preview:-1\" \/>\n<link rel=\"canonical\" href=\"https:\/\/www.vdhurk.nl\/es\/vehiculos-comerciales-citroen\/\" \/>\n<meta property=\"og:locale\" content=\"es_ES\" \/>\n<meta property=\"og:type\" content=\"article\" \/>\n<meta property=\"og:title\" content=\"Citro\u00ebn bedrijfswagens: betrouwbaar en innovatief\" \/>\n<meta property=\"og:description\" content=\"Met Citro\u00ebn bedrijfswagens ben je verzekerd van een betrouwbaar voertuig. Ontdek het aanbod en ervaar zelf het comfort!\" \/>\n<meta property=\"og:url\" content=\"https:\/\/www.vdhurk.nl\/es\/vehiculos-comerciales-citroen\/\" \/>\n<meta property=\"og:site_name\" content=\"Van den Hurk Bedrijfswagens\" \/>\n<meta property=\"article:modified_time\" content=\"2024-08-19T11:37:28+00:00\" \/>\n<meta name=\"twitter:card\" content=\"summary_large_image\" \/>\n<meta name=\"twitter:label1\" content=\"Tiempo de lectura\" \/>\n\t<meta name=\"twitter:data1\" content=\"4 minutos\" \/>\n<script type=\"application\/ld+json\" class=\"yoast-schema-graph\">{\"@context\":\"https:\\\/\\\/schema.org\",\"@graph\":[{\"@type\":\"WebPage\",\"@id\":\"https:\\\/\\\/www.vdhurk.nl\\\/citroen-bedrijfswagens\\\/\",\"url\":\"https:\\\/\\\/www.vdhurk.nl\\\/citroen-bedrijfswagens\\\/\",\"name\":\"Citro\u00ebn bedrijfswagens: betrouwbaar en innovatief\",\"isPartOf\":{\"@id\":\"https:\\\/\\\/www.vdhurk.nl\\\/#website\"},\"datePublished\":\"2024-04-15T14:57:18+00:00\",\"dateModified\":\"2024-08-19T11:37:28+00:00\",\"description\":\"Met Citro\u00ebn bedrijfswagens ben je verzekerd van een betrouwbaar voertuig. Ontdek het aanbod en ervaar zelf het comfort!\",\"breadcrumb\":{\"@id\":\"https:\\\/\\\/www.vdhurk.nl\\\/citroen-bedrijfswagens\\\/#breadcrumb\"},\"inLanguage\":\"es\",\"potentialAction\":[{\"@type\":\"ReadAction\",\"target\":[\"https:\\\/\\\/www.vdhurk.nl\\\/citroen-bedrijfswagens\\\/\"]}]},{\"@type\":\"BreadcrumbList\",\"@id\":\"https:\\\/\\\/www.vdhurk.nl\\\/citroen-bedrijfswagens\\\/#breadcrumb\",\"itemListElement\":[{\"@type\":\"ListItem\",\"position\":1,\"name\":\"Home\",\"item\":\"https:\\\/\\\/www.vdhurk.nl\\\/home\\\/\"},{\"@type\":\"ListItem\",\"position\":2,\"name\":\"Citro\u00ebn Bedrijfswagens\"}]},{\"@type\":\"WebSite\",\"@id\":\"https:\\\/\\\/www.vdhurk.nl\\\/#website\",\"url\":\"https:\\\/\\\/www.vdhurk.nl\\\/\",\"name\":\"Van den Hurk Bedrijfswagens\",\"description\":\"Van den Hurk bedrijfswagens Helmond\",\"potentialAction\":[{\"@type\":\"SearchAction\",\"target\":{\"@type\":\"EntryPoint\",\"urlTemplate\":\"https:\\\/\\\/www.vdhurk.nl\\\/?s={search_term_string}\"},\"query-input\":{\"@type\":\"PropertyValueSpecification\",\"valueRequired\":true,\"valueName\":\"search_term_string\"}}],\"inLanguage\":\"es\"}]}<\/script>\n<!-- \/ Yoast SEO plugin. -->","yoast_head_json":{"title":"Veh\u00edculos comerciales Citro\u00ebn: fiables e innovadores","description":"Con los veh\u00edculos comerciales Citro\u00ebn, tienes la garant\u00eda de un veh\u00edculo fiable. Explora la gama y experimenta el confort por ti mismo.","robots":{"index":"index","follow":"follow","max-snippet":"max-snippet:-1","max-image-preview":"max-image-preview:large","max-video-preview":"max-video-preview:-1"},"canonical":"https:\/\/www.vdhurk.nl\/es\/vehiculos-comerciales-citroen\/","og_locale":"es_ES","og_type":"article","og_title":"Citro\u00ebn bedrijfswagens: betrouwbaar en innovatief","og_description":"Met Citro\u00ebn bedrijfswagens ben je verzekerd van een betrouwbaar voertuig. Ontdek het aanbod en ervaar zelf het comfort!","og_url":"https:\/\/www.vdhurk.nl\/es\/vehiculos-comerciales-citroen\/","og_site_name":"Van den Hurk Bedrijfswagens","article_modified_time":"2024-08-19T11:37:28+00:00","twitter_card":"summary_large_image","twitter_misc":{"Tiempo de lectura":"4 minutos"},"schema":{"@context":"https:\/\/schema.org","@graph":[{"@type":"WebPage","@id":"https:\/\/www.vdhurk.nl\/citroen-bedrijfswagens\/","url":"https:\/\/www.vdhurk.nl\/citroen-bedrijfswagens\/","name":"Veh\u00edculos comerciales Citro\u00ebn: fiables e innovadores","isPartOf":{"@id":"https:\/\/www.vdhurk.nl\/#website"},"datePublished":"2024-04-15T14:57:18+00:00","dateModified":"2024-08-19T11:37:28+00:00","description":"Con los veh\u00edculos comerciales Citro\u00ebn, tienes la garant\u00eda de un veh\u00edculo fiable. Explora la gama y experimenta el confort por ti mismo.","breadcrumb":{"@id":"https:\/\/www.vdhurk.nl\/citroen-bedrijfswagens\/#breadcrumb"},"inLanguage":"es","potentialAction":[{"@type":"ReadAction","target":["https:\/\/www.vdhurk.nl\/citroen-bedrijfswagens\/"]}]},{"@type":"BreadcrumbList","@id":"https:\/\/www.vdhurk.nl\/citroen-bedrijfswagens\/#breadcrumb","itemListElement":[{"@type":"ListItem","position":1,"name":"Home","item":"https:\/\/www.vdhurk.nl\/home\/"},{"@type":"ListItem","position":2,"name":"Citro\u00ebn Bedrijfswagens"}]},{"@type":"WebSite","@id":"https:\/\/www.vdhurk.nl\/#website","url":"https:\/\/www.vdhurk.nl\/","name":"Veh\u00edculos comerciales Van den Hurk","description":"Van den Hurk veh\u00edculos comerciales Helmond","potentialAction":[{"@type":"SearchAction","target":{"@type":"EntryPoint","urlTemplate":"https:\/\/www.vdhurk.nl\/?s={search_term_string}"},"query-input":{"@type":"PropertyValueSpecification","valueRequired":true,"valueName":"search_term_string"}}],"inLanguage":"es"}]}},"_links":{"self":[{"href":"https:\/\/www.vdhurk.nl\/es\/wp-json\/wp\/v2\/pages\/372085","targetHints":{"allow":["GET"]}}],"collection":[{"href":"https:\/\/www.vdhurk.nl\/es\/wp-json\/wp\/v2\/pages"}],"about":[{"href":"https:\/\/www.vdhurk.nl\/es\/wp-json\/wp\/v2\/types\/page"}],"author":[{"embeddable":true,"href":"https:\/\/www.vdhurk.nl\/es\/wp-json\/wp\/v2\/users\/3"}],"replies":[{"embeddable":true,"href":"https:\/\/www.vdhurk.nl\/es\/wp-json\/wp\/v2\/comments?post=372085"}],"version-history":[{"count":5,"href":"https:\/\/www.vdhurk.nl\/es\/wp-json\/wp\/v2\/pages\/372085\/revisions"}],"predecessor-version":[{"id":372292,"href":"https:\/\/www.vdhurk.nl\/es\/wp-json\/wp\/v2\/pages\/372085\/revisions\/372292"}],"wp:attachment":[{"href":"https:\/\/www.vdhurk.nl\/es\/wp-json\/wp\/v2\/media?parent=372085"}],"curies":[{"name":"wp","href":"https:\/\/api.w.org\/{rel}","templated":true}]}}