{"id":372057,"date":"2024-04-15T16:15:53","date_gmt":"2024-04-15T14:15:53","guid":{"rendered":"https:\/\/www.vdhurk.nl\/?page_id=372057"},"modified":"2024-04-16T14:10:18","modified_gmt":"2024-04-16T12:10:18","slug":"vehiculos-comerciales-renault","status":"publish","type":"page","link":"https:\/\/www.vdhurk.nl\/es\/renault-bedrijfswagens\/","title":{"rendered":"Renault Veh\u00edculos Comerciales"},"content":{"rendered":"<section  class='av_textblock_section av-lu8gnh7d-4ac895489941e586c1d7c8cb72318135'  itemscope=\"itemscope\" itemtype=\"https:\/\/schema.org\/CreativeWork\" ><div class='avia_textblock'  itemprop=\"text\" ><h1><strong>Veh\u00edculos comerciales Renault: fiables para cualquier empresario<\/strong><\/h1>\n<p>La marca automovil\u00edstica francesa Renault ofrece una amplia gama de veh\u00edculos comerciales. Los veh\u00edculos comerciales Renault abarcan desde furgonetas compactas hasta grandes veh\u00edculos comerciales. Todos los veh\u00edculos comerciales son conocidos por su fiabilidad, eficiencia y modelos innovadores hechos para adaptarse a los usuarios de negocios. Con una s\u00f3lida reputaci\u00f3n y una rica historia en la industria del autom\u00f3vil, la marca ofrece veh\u00edculos comerciales adecuados para diferentes fines empresariales y necesidades de transporte.<\/p>\n<\/div><\/section>\n\n<style type=\"text\/css\" data-created_by=\"avia_inline_auto\" id=\"style-css-av-lujjddpd-afa3d7a9eabd61123e643ed1228e781e\">\n#top .hr.hr-invisible.av-lujjddpd-afa3d7a9eabd61123e643ed1228e781e{\nheight:50px;\n}\n<\/style>\n<div  class='hr av-lujjddpd-afa3d7a9eabd61123e643ed1228e781e hr-invisible  avia-builder-el-1  el_after_av_textblock  el_before_av_codeblock'><span class='hr-inner'><span class=\"hr-inner-style\"><\/span><\/span><\/div>\n\n\n<style type=\"text\/css\" data-created_by=\"avia_inline_auto\" id=\"style-css-av-ah0xd-63338d9dc6b40410e22a712829c369d6\">\n#top .hr.hr-invisible.av-ah0xd-63338d9dc6b40410e22a712829c369d6{\nheight:50px;\n}\n<\/style>\n<div  class='hr av-ah0xd-63338d9dc6b40410e22a712829c369d6 hr-invisible  avia-builder-el-3  el_after_av_codeblock  el_before_av_textblock'><span class='hr-inner'><span class=\"hr-inner-style\"><\/span><\/span><\/div>\n<section  class='av_textblock_section av-lu8gtjw7-4f3cee9304909518d86d2860d9d582dd'  itemscope=\"itemscope\" itemtype=\"https:\/\/schema.org\/CreativeWork\" ><div class='avia_textblock'  itemprop=\"text\" ><h2><b>La historia de Renault<\/b><\/h2>\n<h3><b>El nacimiento de la marca<\/b><\/h3>\n<p>Renault fue fundada en 1899 por Louis Renault, Marcel Renault y Fernand Renault. La marca creci\u00f3 r\u00e1pidamente y obtuvo reconocimiento por sus dise\u00f1os innovadores y sus avances tecnol\u00f3gicos. Durante la Primera Guerra Mundial, la marca fabric\u00f3 veh\u00edculos militares. Esto contribuy\u00f3 al crecimiento y la reputaci\u00f3n de la marca. Despu\u00e9s de la guerra, empez\u00f3 a producir veh\u00edculos comerciales. A lo largo de los a\u00f1os, Renault ha producido diferentes tipos de modelos. As\u00ed, la marca ha conseguido ocupar un lugar excelente en la industria automovil\u00edstica. Esto es cierto tanto dentro como fuera de Francia.<\/p>\n<h3><b>Evoluci\u00f3n a lo largo de los a\u00f1os<\/b><\/h3>\n<p>En la evoluci\u00f3n de la marca hay varios momentos y desarrollos clave. En sus inicios, Renault fabricaba principalmente veh\u00edculos comerciales ligeros, como furgonetas y camiones peque\u00f1os. Se utilizan para el transporte de mercanc\u00edas. A medida que crec\u00eda la demanda de veh\u00edculos comerciales, Renault ampli\u00f3 su gama de productos y empez\u00f3 a fabricar veh\u00edculos m\u00e1s pesados. Estos se utilizaban en sectores como el transporte, la construcci\u00f3n y el transporte p\u00fablico. A lo largo de los a\u00f1os, la mer ha desarrollado y mejorado constantemente los veh\u00edculos comerciales. Esto ha dado lugar a tecnolog\u00edas y caracter\u00edsticas avanzadas.<\/p>\n<h2><b>Las ventajas de los autobuses y veh\u00edculos comerciales Renault<\/b><\/h2>\n<p>Los veh\u00edculos comerciales de Renault aportan una serie de ventajas:<\/p>\n<ul>\n<li aria-level=\"1\"><b>Fiabilidad: <\/b>La marca es conocida por la fiabilidad de los veh\u00edculos que fabrica. Ya sea para la conducci\u00f3n diaria o para aplicaciones empresariales pesadas, los veh\u00edculos comerciales ofrecen un rendimiento y una fiabilidad constantes en los que puede confiar.<\/li>\n<li aria-level=\"1\"><b>Versatilidad: <\/b>Todos los veh\u00edculos comerciales se fabrican para uso empresarial. Se han lanzado diferentes modelos para adaptarse a distintos sectores.<\/li>\n<li aria-level=\"1\"><b>Eficiencia:<\/b> Gracias a la avanzada tecnolog\u00eda de sus motores, los veh\u00edculos comerciales ofrecen una buena eficiencia de combustible. Esto garantiza unos costes de explotaci\u00f3n m\u00e1s bajos y un menor impacto medioambiental. Especialmente para las empresas con un elevado kilometraje, se trata de una ventaja importante.<\/li>\n<li aria-level=\"1\"><b>Confort y comodidad: <\/b>Los veh\u00edculos comerciales se han dise\u00f1ado pensando en la comodidad del conductor y los pasajeros. Los veh\u00edculos comerciales cuentan con asientos ergon\u00f3micos e interiores espaciosos.<\/li>\n<li aria-level=\"1\"><b>Seguridad: <\/b>La seguridad de los veh\u00edculos es muy importante para Renault. Sus veh\u00edculos comerciales cuentan con elementos de seguridad como ABS, control de tracci\u00f3n, airbags y sistemas de asistencia al conductor.<\/li>\n<li aria-level=\"1\"><b>Innovaci\u00f3n: <\/b>La marca sigue innovando e invirtiendo en el uso de nuevas tecnolog\u00edas para mejorar las prestaciones, la eficiencia y la seguridad de sus coches. Esto mantiene a Renault a la vanguardia de la industria del autom\u00f3vil.<\/li>\n<\/ul>\n<ul>\n<li style=\"list-style-type: none;\"><\/li>\n<\/ul>\n<h2><b>Comprar o alquilar un autob\u00fas Renault: \u00bfcu\u00e1l es la mejor opci\u00f3n?<\/b><\/h2>\n<p>En Van den Hurk te ofrecemos varias opciones si buscas un coche de empresa. La primera opci\u00f3n es comprar un coche de empresa. La ventaja es que el veh\u00edculo pasa a ser de tu propiedad. Esto significa que usted tiene el control total. Al comprarlo, tambi\u00e9n se reducen los costes a largo plazo. Adem\u00e1s, al comprarlo, no tiene que tener en cuenta las restricciones de kilometraje. La segunda opci\u00f3n es alquilar un autob\u00fas Renault. La ventaja es que los costes iniciales son menores. No tienes que hacer una gran inversi\u00f3n como cuando compras un veh\u00edculo. Adem\u00e1s, con el leasing tiene costes m\u00e1s predecibles y, por lo tanto, es menos probable que se encuentre con sorpresas desagradables.<\/p>\n<h2><b>Diferentes opciones en los modelos<\/b><\/h2>\n<p>\u00bfOpta por un Renault bus de ocasi\u00f3n o prefiere conducir un veh\u00edculo nuevo? Ambas opciones son posibles. En nuestra oferta encontrar\u00e1 diversos veh\u00edculos industriales nuevos y de ocasi\u00f3n. \u00bfDesea comprar un Renault autob\u00fas de ocasi\u00f3n? Entonces puede elegir entre:<\/p>\n<ul>\n<li aria-level=\"1\"><strong><a href=\"https:\/\/www.vdhurk.nl\/es\/vehiculos-comerciales\/renault\/traffic\/\">Renault tr\u00e1fico ocasi\u00f3n<\/a><\/strong><b>: <\/b>Se trata de un modelo muy popular entre las empresas que buscan un veh\u00edculo fiable y vers\u00e1til. Este modelo es conocido por su amplio espacio de carga, su c\u00f3modo interior y sus eficientes motores. A pesar de ser de segunda mano, se obtiene una buena relaci\u00f3n calidad-precio y este modelo ofrece un equilibrio perfecto entre precio y calidad. Este coche usado es una opci\u00f3n pr\u00e1ctica y econ\u00f3mica para uso empresarial.<\/li>\n<li aria-level=\"1\"><strong><a href=\"https:\/\/www.vdhurk.nl\/es\/vehiculos-comerciales\/renault\/mercedes-10\/\">Renault kangoo ocasi\u00f3n<\/a><\/strong>: Se trata de un veh\u00edculo comercial compacto y vers\u00e1til, ideal para diversas aplicaciones empresariales. Este modelo cuenta con un interior pr\u00e1ctico, motores de bajo consumo y es \u00e1gil en entornos urbanos. Esto hace que este modelo sea una opci\u00f3n popular para peque\u00f1as empresas y aut\u00f3nomos. Como modelo de ocasi\u00f3n, la Kangoo ofrece asequibilidad y fiabilidad, lo que la convierte en una opci\u00f3n atractiva para los usuarios empresariales.<\/li>\n<li aria-level=\"1\"><a href=\"https:\/\/www.vdhurk.nl\/es\/vehiculos-comerciales\/renault\/maestro\/\"><strong>Renault master coche usado<\/strong><\/a>Veh\u00edculo comercial robusto y espacioso: este veh\u00edculo comercial robusto y espacioso es adecuado para diversos fines empresariales. El modelo cuenta con un gran espacio de carga, motores potentes y tecnolog\u00edas avanzadas. Este modelo es especialmente popular entre las empresas que necesitan transportar mucha carga.<\/li>\n<\/ul>\n<\/div><\/section>","protected":false},"excerpt":{"rendered":"","protected":false},"author":3,"featured_media":0,"parent":0,"menu_order":0,"comment_status":"closed","ping_status":"closed","template":"","meta":{"_acf_changed":false,"_improvement_type_select":"improve_an_existing","_thumb_yes_seoaic":false,"_frame_yes_seoaic":false,"seoaic_generate_description":"","seoaic_improve_instructions_prompt":"","seoaic_rollback_content_improvement":"","seoaic_idea_thumbnail_generator":"","thumbnail_generated":false,"thumbnail_generate_prompt":"","seoaic_article_description":"","footnotes":""},"class_list":["post-372057","page","type-page","status-publish","hentry"],"acf":[],"yoast_head":"<!-- This site is optimized with the Yoast SEO plugin v27.3 - https:\/\/yoast.com\/product\/yoast-seo-wordpress\/ -->\n<title>Ontdek de kracht van innovatieve Renault bedrijfswagens<\/title>\n<meta name=\"description\" content=\"Renault bedrijfswagens zijn populair onder zakelijke gebruikers. Wil je weten wat de voordelen zijn van dit merk? Lees dan snel verder.\" \/>\n<meta name=\"robots\" content=\"index, follow, max-snippet:-1, max-image-preview:large, max-video-preview:-1\" \/>\n<link rel=\"canonical\" href=\"https:\/\/www.vdhurk.nl\/es\/vehiculos-comerciales-renault\/\" \/>\n<meta property=\"og:locale\" content=\"es_ES\" \/>\n<meta property=\"og:type\" content=\"article\" \/>\n<meta property=\"og:title\" content=\"Ontdek de kracht van innovatieve Renault bedrijfswagens\" \/>\n<meta property=\"og:description\" content=\"Renault bedrijfswagens zijn populair onder zakelijke gebruikers. Wil je weten wat de voordelen zijn van dit merk? Lees dan snel verder.\" \/>\n<meta property=\"og:url\" content=\"https:\/\/www.vdhurk.nl\/es\/vehiculos-comerciales-renault\/\" \/>\n<meta property=\"og:site_name\" content=\"Van den Hurk Bedrijfswagens\" \/>\n<meta property=\"article:modified_time\" content=\"2024-04-16T12:10:18+00:00\" \/>\n<meta name=\"twitter:card\" content=\"summary_large_image\" \/>\n<meta name=\"twitter:label1\" content=\"Tiempo de lectura\" \/>\n\t<meta name=\"twitter:data1\" content=\"5 minutos\" \/>\n<script type=\"application\/ld+json\" class=\"yoast-schema-graph\">{\"@context\":\"https:\\\/\\\/schema.org\",\"@graph\":[{\"@type\":\"WebPage\",\"@id\":\"https:\\\/\\\/www.vdhurk.nl\\\/renault-bedrijfswagens\\\/\",\"url\":\"https:\\\/\\\/www.vdhurk.nl\\\/renault-bedrijfswagens\\\/\",\"name\":\"Ontdek de kracht van innovatieve Renault bedrijfswagens\",\"isPartOf\":{\"@id\":\"https:\\\/\\\/www.vdhurk.nl\\\/#website\"},\"datePublished\":\"2024-04-15T14:15:53+00:00\",\"dateModified\":\"2024-04-16T12:10:18+00:00\",\"description\":\"Renault bedrijfswagens zijn populair onder zakelijke gebruikers. Wil je weten wat de voordelen zijn van dit merk? Lees dan snel verder.\",\"breadcrumb\":{\"@id\":\"https:\\\/\\\/www.vdhurk.nl\\\/renault-bedrijfswagens\\\/#breadcrumb\"},\"inLanguage\":\"es\",\"potentialAction\":[{\"@type\":\"ReadAction\",\"target\":[\"https:\\\/\\\/www.vdhurk.nl\\\/renault-bedrijfswagens\\\/\"]}]},{\"@type\":\"BreadcrumbList\",\"@id\":\"https:\\\/\\\/www.vdhurk.nl\\\/renault-bedrijfswagens\\\/#breadcrumb\",\"itemListElement\":[{\"@type\":\"ListItem\",\"position\":1,\"name\":\"Home\",\"item\":\"https:\\\/\\\/www.vdhurk.nl\\\/home\\\/\"},{\"@type\":\"ListItem\",\"position\":2,\"name\":\"Renault Bedrijfswagens\"}]},{\"@type\":\"WebSite\",\"@id\":\"https:\\\/\\\/www.vdhurk.nl\\\/#website\",\"url\":\"https:\\\/\\\/www.vdhurk.nl\\\/\",\"name\":\"Van den Hurk Bedrijfswagens\",\"description\":\"Van den Hurk bedrijfswagens Helmond\",\"potentialAction\":[{\"@type\":\"SearchAction\",\"target\":{\"@type\":\"EntryPoint\",\"urlTemplate\":\"https:\\\/\\\/www.vdhurk.nl\\\/?s={search_term_string}\"},\"query-input\":{\"@type\":\"PropertyValueSpecification\",\"valueRequired\":true,\"valueName\":\"search_term_string\"}}],\"inLanguage\":\"es\"}]}<\/script>\n<!-- \/ Yoast SEO plugin. -->","yoast_head_json":{"title":"Descubra la potencia de los innovadores veh\u00edculos comerciales Renault","description":"Los veh\u00edculos comerciales Renault son muy populares entre los usuarios profesionales. \u00bfQuiere saber cu\u00e1les son las ventajas de esta marca? Pues siga leyendo r\u00e1pidamente.","robots":{"index":"index","follow":"follow","max-snippet":"max-snippet:-1","max-image-preview":"max-image-preview:large","max-video-preview":"max-video-preview:-1"},"canonical":"https:\/\/www.vdhurk.nl\/es\/vehiculos-comerciales-renault\/","og_locale":"es_ES","og_type":"article","og_title":"Ontdek de kracht van innovatieve Renault bedrijfswagens","og_description":"Renault bedrijfswagens zijn populair onder zakelijke gebruikers. Wil je weten wat de voordelen zijn van dit merk? Lees dan snel verder.","og_url":"https:\/\/www.vdhurk.nl\/es\/vehiculos-comerciales-renault\/","og_site_name":"Van den Hurk Bedrijfswagens","article_modified_time":"2024-04-16T12:10:18+00:00","twitter_card":"summary_large_image","twitter_misc":{"Tiempo de lectura":"5 minutos"},"schema":{"@context":"https:\/\/schema.org","@graph":[{"@type":"WebPage","@id":"https:\/\/www.vdhurk.nl\/renault-bedrijfswagens\/","url":"https:\/\/www.vdhurk.nl\/renault-bedrijfswagens\/","name":"Descubra la potencia de los innovadores veh\u00edculos comerciales Renault","isPartOf":{"@id":"https:\/\/www.vdhurk.nl\/#website"},"datePublished":"2024-04-15T14:15:53+00:00","dateModified":"2024-04-16T12:10:18+00:00","description":"Los veh\u00edculos comerciales Renault son muy populares entre los usuarios profesionales. \u00bfQuiere saber cu\u00e1les son las ventajas de esta marca? Pues siga leyendo r\u00e1pidamente.","breadcrumb":{"@id":"https:\/\/www.vdhurk.nl\/renault-bedrijfswagens\/#breadcrumb"},"inLanguage":"es","potentialAction":[{"@type":"ReadAction","target":["https:\/\/www.vdhurk.nl\/renault-bedrijfswagens\/"]}]},{"@type":"BreadcrumbList","@id":"https:\/\/www.vdhurk.nl\/renault-bedrijfswagens\/#breadcrumb","itemListElement":[{"@type":"ListItem","position":1,"name":"Home","item":"https:\/\/www.vdhurk.nl\/home\/"},{"@type":"ListItem","position":2,"name":"Renault Bedrijfswagens"}]},{"@type":"WebSite","@id":"https:\/\/www.vdhurk.nl\/#website","url":"https:\/\/www.vdhurk.nl\/","name":"Veh\u00edculos comerciales Van den Hurk","description":"Van den Hurk veh\u00edculos comerciales Helmond","potentialAction":[{"@type":"SearchAction","target":{"@type":"EntryPoint","urlTemplate":"https:\/\/www.vdhurk.nl\/?s={search_term_string}"},"query-input":{"@type":"PropertyValueSpecification","valueRequired":true,"valueName":"search_term_string"}}],"inLanguage":"es"}]}},"_links":{"self":[{"href":"https:\/\/www.vdhurk.nl\/es\/wp-json\/wp\/v2\/pages\/372057","targetHints":{"allow":["GET"]}}],"collection":[{"href":"https:\/\/www.vdhurk.nl\/es\/wp-json\/wp\/v2\/pages"}],"about":[{"href":"https:\/\/www.vdhurk.nl\/es\/wp-json\/wp\/v2\/types\/page"}],"author":[{"embeddable":true,"href":"https:\/\/www.vdhurk.nl\/es\/wp-json\/wp\/v2\/users\/3"}],"replies":[{"embeddable":true,"href":"https:\/\/www.vdhurk.nl\/es\/wp-json\/wp\/v2\/comments?post=372057"}],"version-history":[{"count":5,"href":"https:\/\/www.vdhurk.nl\/es\/wp-json\/wp\/v2\/pages\/372057\/revisions"}],"predecessor-version":[{"id":372298,"href":"https:\/\/www.vdhurk.nl\/es\/wp-json\/wp\/v2\/pages\/372057\/revisions\/372298"}],"wp:attachment":[{"href":"https:\/\/www.vdhurk.nl\/es\/wp-json\/wp\/v2\/media?parent=372057"}],"curies":[{"name":"wp","href":"https:\/\/api.w.org\/{rel}","templated":true}]}}