{"id":372050,"date":"2024-04-15T16:07:31","date_gmt":"2024-04-15T14:07:31","guid":{"rendered":"https:\/\/www.vdhurk.nl\/?page_id=372050"},"modified":"2024-04-16T14:08:02","modified_gmt":"2024-04-16T12:08:02","slug":"vehiculos-comerciales-vauxhall","status":"publish","type":"page","link":"https:\/\/www.vdhurk.nl\/es\/opel-bedrijfswagens\/","title":{"rendered":"Vauxhall Veh\u00edculos Comerciales"},"content":{"rendered":"<section  class='av_textblock_section av-lu8gnh7d-4ac895489941e586c1d7c8cb72318135'  itemscope=\"itemscope\" itemtype=\"https:\/\/schema.org\/CreativeWork\" ><div class='avia_textblock'  itemprop=\"text\" ><h1><b>Veh\u00edculos comerciales Vauxhall: fiabilidad en cada kil\u00f3metro<\/b><\/h1>\n<p>Opel ha sido un s\u00edmbolo de innovaci\u00f3n en el mundo del autom\u00f3vil durante siglos. Los veh\u00edculos comerciales Opel se adaptan a las necesidades espec\u00edficas de los usuarios empresariales. Opel no s\u00f3lo ofrece soluciones pr\u00e1cticas para la movilidad empresarial, sino tambi\u00e9n una experiencia de conducci\u00f3n agradable y productiva para conductores y pasajeros. Estos veh\u00edculos comerciales destacan por su eficiencia, fiabilidad y versatilidad. Puede encontrar tanto un autob\u00fas Opel de ocasi\u00f3n como un modelo nuevo en la amplia selecci\u00f3n de Van den Hurk.<\/p>\n<\/div><\/section>\n\n<style type=\"text\/css\" data-created_by=\"avia_inline_auto\" id=\"style-css-av-lujjddpd-afa3d7a9eabd61123e643ed1228e781e\">\n#top .hr.hr-invisible.av-lujjddpd-afa3d7a9eabd61123e643ed1228e781e{\nheight:50px;\n}\n<\/style>\n<div  class='hr av-lujjddpd-afa3d7a9eabd61123e643ed1228e781e hr-invisible  avia-builder-el-1  el_after_av_textblock  el_before_av_codeblock'><span class='hr-inner'><span class=\"hr-inner-style\"><\/span><\/span><\/div>\n\n\n<style type=\"text\/css\" data-created_by=\"avia_inline_auto\" id=\"style-css-av-ah0xd-63338d9dc6b40410e22a712829c369d6\">\n#top .hr.hr-invisible.av-ah0xd-63338d9dc6b40410e22a712829c369d6{\nheight:50px;\n}\n<\/style>\n<div  class='hr av-ah0xd-63338d9dc6b40410e22a712829c369d6 hr-invisible  avia-builder-el-3  el_after_av_codeblock  el_before_av_buttonrow'><span class='hr-inner'><span class=\"hr-inner-style\"><\/span><\/span><\/div>\n<div  class='avia-buttonrow-wrap av-lujhssae-cff7d852879371e1ec58a3b104a5d229 avia-buttonrow-center  avia-builder-el-4  el_after_av_hr  el_before_av_hr'>\n\n<style type=\"text\/css\" data-created_by=\"avia_inline_auto\" id=\"style-css-av-lujhtay0-81df7672a41fe1b8c6caf8d4e93ff2aa\">\n#top #wrap_all .avia-button.av-lujhtay0-81df7672a41fe1b8c6caf8d4e93ff2aa{\nmargin-bottom:5px;\nmargin-right:3px;\nmargin-left:3px;\n}\n<\/style>\n<a href='https:\/\/www.vdhurk.nl\/es\/vehiculos-comerciales\/#q1bKTS3KVrJSyi9IzVHSUcovSkktSqoEChQUZWYV65UBZfPzC8Cc-ILEopLM5NKczNQiq5TU4mSlWgA'  class='avia-button av-lujhtay0-81df7672a41fe1b8c6caf8d4e93ff2aa avia-icon_select-yes-right-icon avia-size-x-large avia-color-theme-color'  ><span class='avia_iconbox_title' >\u00bfTienes curiosidad por conocer la gama completa de veh\u00edculos comerciales Opel? No dudes en echar un vistazo.<\/span><span class='avia_button_icon avia_button_icon_right' aria-hidden='true' data-av_icon='\ue871' data-av_iconfont='entypo-fontello'><\/span><\/a>\n<\/div>\n\n<style type=\"text\/css\" data-created_by=\"avia_inline_auto\" id=\"style-css-av-o1d5-cf77288da24053faf1b6ffbefcfc6222\">\n#top .hr.hr-invisible.av-o1d5-cf77288da24053faf1b6ffbefcfc6222{\nheight:50px;\n}\n<\/style>\n<div  class='hr av-o1d5-cf77288da24053faf1b6ffbefcfc6222 hr-invisible  avia-builder-el-5  el_after_av_buttonrow  el_before_av_textblock'><span class='hr-inner'><span class=\"hr-inner-style\"><\/span><\/span><\/div>\n<section  class='av_textblock_section av-lu8gtjw7-4f3cee9304909518d86d2860d9d582dd'  itemscope=\"itemscope\" itemtype=\"https:\/\/schema.org\/CreativeWork\" ><div class='avia_textblock'  itemprop=\"text\" ><h2><b>La rica historia de Opel<\/b><\/h2>\n<h3><strong>\u00bfC\u00f3mo surgi\u00f3 la marca?\u00a0<\/strong><\/h3>\n<p>Opel es una marca alemana de autom\u00f3viles fundada en 1862 por Adam Opel. La empresa se convirti\u00f3 r\u00e1pidamente en uno de los principales actores del mercado automovil\u00edstico alem\u00e1n. Durante el siglo XX, la marca ampli\u00f3 su producci\u00f3n e introdujo varios modelos populares. Ya entonces, la marca era conocida por sus dise\u00f1os innovadores y sus avances tecnol\u00f3gicos, y se convirti\u00f3 en una de las marcas de coches m\u00e1s populares de toda Europa.<\/p>\n<h3><b>Evoluci\u00f3n a lo largo de los a\u00f1os<\/b><\/h3>\n<p>La evoluci\u00f3n de Opel a lo largo de los a\u00f1os ha sido muy interesante si se tiene en cuenta la innovaci\u00f3n y el suministro de veh\u00edculos comerciales de alta calidad a las empresas. Opel comenz\u00f3 su aventura en el sector de los veh\u00edculos comerciales. Los primeros dise\u00f1os eran robustos y fiables, pero a menudo muy sencillos. M\u00e1s tarde, Opel empez\u00f3 a introducir veh\u00edculos comerciales m\u00e1s avanzados y vers\u00e1tiles que se adaptaban mejor a las necesidades cambiantes de las empresas. Gracias a su avanzada tecnolog\u00eda y sus confortables interiores, los autobuses y veh\u00edculos comerciales Opel siguen siendo una de las opciones preferidas por los clientes empresariales de todo el mundo.<\/p>\n<h2><b>Caracter\u00edsticas de los veh\u00edculos Opel<\/b><\/h2>\n<p><span style=\"font-weight: 400;\">Vauxhall tiene una serie de caracter\u00edsticas \u00fanicas que lo diferencian de otras marcas:\u00a0<\/span><\/p>\n<ul>\n<li aria-level=\"1\"><strong>Ingenier\u00eda y artesan\u00eda alemanas:<\/strong> La marca es conocida por su compromiso con la tecnolog\u00eda y la artesan\u00eda alemanas de alta calidad. Cada veh\u00edculo se desarrolla prestando atenci\u00f3n a los detalles. Esto garantiza que los veh\u00edculos comerciales no solo sean fiables y duraderos, sino que tambi\u00e9n funcionen correctamente.<\/li>\n<li aria-level=\"1\"><b>T\u00e9cnicas innovadoras:<\/b> Vauxhall se mantiene a la vanguardia de los avances tecnol\u00f3gicos en la industria del autom\u00f3vil. La marca busca constantemente nuevas tecnolog\u00edas para mejorar la experiencia de conducci\u00f3n.<\/li>\n<\/ul>\n<ul>\n<li aria-level=\"1\"><b>Interiores confortables:<\/b> La marca considera importante crear un entorno c\u00f3modo y ergon\u00f3mico en todos sus veh\u00edculos. Esto tambi\u00e9n hace que sus veh\u00edculos comerciales sean excelentes para conducir largas distancias<\/li>\n<li aria-level=\"1\"><b>Enfoque respetuoso con el medio ambiente: <\/b>Opel responde a la creciente demanda de movilidad respetuosa con el medio ambiente. Ofrecen varios modelos con motores eficientes y sistemas de propulsi\u00f3n alternativos.<\/li>\n<\/ul>\n<ul>\n<li style=\"list-style-type: none;\"><\/li>\n<\/ul>\n<p>Todas estas caracter\u00edsticas \u00fanicas hacen de Vauxhall una marca valorada y de confianza entre los clientes empresariales. La marca se centra en la calidad, la innovaci\u00f3n y la satisfacci\u00f3n del cliente. De este modo, se esfuerzan por ofrecer veh\u00edculos de alta calidad y un servicio excelente.<\/p>\n<h2><b>Las ventajas de Vauxhall: \u00bfpor qu\u00e9 elegir estos veh\u00edculos comerciales?<\/b><\/h2>\n<p>Hay varias razones para elegir Vauxhall. Esta elecci\u00f3n conlleva una serie de ventajas:<\/p>\n<h3><b>Fiabilidad<\/b><\/h3>\n<p>Opel es conocida por la fiabilidad de sus veh\u00edculos. A lo largo de las \u00faltimas d\u00e9cadas, se ha forjado una s\u00f3lida reputaci\u00f3n de calidad y durabilidad. Los veh\u00edculos comerciales Opel dan tranquilidad a sus usuarios comerciales, ya que pueden confiar en su veh\u00edculo. Ya sea para distancias cortas o largas, los veh\u00edculos Opel est\u00e1n ah\u00ed para usted.<\/p>\n<h3><b>Eficacia<\/b><\/h3>\n<p>Todos los Opel para empresas est\u00e1n dise\u00f1ados pensando en la eficiencia. Ya sean motores de bajo consumo, espacios de carga inteligentes o tecnolog\u00edas que ayudan a optimizar el consumo de combustible, estos veh\u00edculos comerciales ofrecen una soluci\u00f3n rentable para la movilidad empresarial.<\/p>\n<h3><b>Seguridad<\/b><\/h3>\n<p>Esta marca concede gran importancia a la seguridad de sus veh\u00edculos. Por eso utilizan avanzadas caracter\u00edsticas de seguridad en todos sus veh\u00edculos. Desde sistemas de seguridad activa hasta sistemas de protecci\u00f3n pasiva, los veh\u00edculos comerciales Opel ofrecen siempre una experiencia de conducci\u00f3n segura.<\/p>\n<h3><b>Confort<\/b><\/h3>\n<p>Un veh\u00edculo confortable es esencial, especialmente cuando se es conductor en carretera durante mucho tiempo. Por eso, los veh\u00edculos Vauxhall ofrecen interiores confortables con asientos ergon\u00f3micos que mejoran el confort de conducci\u00f3n. Esto hace que las distancias de conducci\u00f3n sean mucho m\u00e1s agradables.<\/p>\n<h3><b>Flexibilidad<\/b><\/h3>\n<p>Sus veh\u00edculos comerciales est\u00e1n dise\u00f1ados para satisfacer todo tipo de necesidades empresariales. Ya sean furgonetas compactas o veh\u00edculos comerciales de mayor tama\u00f1o, Opel tiene el veh\u00edculo que se adapta a las diferentes actividades empresariales.<\/p>\n<h2><b>\u00bfCompra o alquiler?<\/b><\/h2>\n<p>Como concesionario de veh\u00edculos comerciales Opel, ofrecemos varias opciones en lo que se refiere a nuestros veh\u00edculos comerciales. Por ejemplo, puede comprar una furgoneta Opel. La ventaja es que el veh\u00edculo es de tu propiedad. As\u00ed que puedes modificarlo o venderlo cuando quieras. Adem\u00e1s, de esta forma no sufres restricciones de kilometraje y no tienes que pagar mensualidades una vez finalizado el plazo. Tambi\u00e9n es posible alquilar un autob\u00fas Opel. La ventaja de un <a href=\"https:\/\/www.vdhurk.nl\/es\/arrendamiento-financiero\/\">leasing de veh\u00edculos de empresa<\/a> es que suele tener unos costes iniciales m\u00e1s bajos que cuando compra. Adem\u00e1s, los costes de mantenimiento y reparaci\u00f3n est\u00e1n incluidos.<\/p>\n<\/div><\/section>","protected":false},"excerpt":{"rendered":"","protected":false},"author":3,"featured_media":0,"parent":0,"menu_order":0,"comment_status":"closed","ping_status":"closed","template":"","meta":{"_acf_changed":false,"_improvement_type_select":"improve_an_existing","_thumb_yes_seoaic":false,"_frame_yes_seoaic":false,"seoaic_generate_description":"","seoaic_improve_instructions_prompt":"","seoaic_rollback_content_improvement":"","seoaic_idea_thumbnail_generator":"","thumbnail_generated":false,"thumbnail_generate_prompt":"","seoaic_article_description":"","footnotes":""},"class_list":["post-372050","page","type-page","status-publish","hentry"],"acf":[],"yoast_head":"<!-- This site is optimized with the Yoast SEO plugin v27.3 - https:\/\/yoast.com\/product\/yoast-seo-wordpress\/ -->\n<title>Opel bedrijfswagens kopen of leasen? Ontdek het aanbod.<\/title>\n<meta name=\"description\" content=\"Bekijk het aanbod aan verschillende Opel bedrijfswagens en vind jouw geschikte wagen. Ga jij voor kopen of kies je om een bedrijfswagen te leasen?\" \/>\n<meta name=\"robots\" content=\"index, follow, max-snippet:-1, max-image-preview:large, max-video-preview:-1\" \/>\n<link rel=\"canonical\" href=\"https:\/\/www.vdhurk.nl\/es\/vehiculos-comerciales-vauxhall\/\" \/>\n<meta property=\"og:locale\" content=\"es_ES\" \/>\n<meta property=\"og:type\" content=\"article\" \/>\n<meta property=\"og:title\" content=\"Opel bedrijfswagens kopen of leasen? Ontdek het aanbod.\" \/>\n<meta property=\"og:description\" content=\"Bekijk het aanbod aan verschillende Opel bedrijfswagens en vind jouw geschikte wagen. Ga jij voor kopen of kies je om een bedrijfswagen te leasen?\" \/>\n<meta property=\"og:url\" content=\"https:\/\/www.vdhurk.nl\/es\/vehiculos-comerciales-vauxhall\/\" \/>\n<meta property=\"og:site_name\" content=\"Van den Hurk Bedrijfswagens\" \/>\n<meta property=\"article:modified_time\" content=\"2024-04-16T12:08:02+00:00\" \/>\n<meta name=\"twitter:card\" content=\"summary_large_image\" \/>\n<meta name=\"twitter:label1\" content=\"Tiempo de lectura\" \/>\n\t<meta name=\"twitter:data1\" content=\"5 minutos\" \/>\n<script type=\"application\/ld+json\" class=\"yoast-schema-graph\">{\"@context\":\"https:\\\/\\\/schema.org\",\"@graph\":[{\"@type\":\"WebPage\",\"@id\":\"https:\\\/\\\/www.vdhurk.nl\\\/opel-bedrijfswagens\\\/\",\"url\":\"https:\\\/\\\/www.vdhurk.nl\\\/opel-bedrijfswagens\\\/\",\"name\":\"Opel bedrijfswagens kopen of leasen? Ontdek het aanbod.\",\"isPartOf\":{\"@id\":\"https:\\\/\\\/www.vdhurk.nl\\\/#website\"},\"datePublished\":\"2024-04-15T14:07:31+00:00\",\"dateModified\":\"2024-04-16T12:08:02+00:00\",\"description\":\"Bekijk het aanbod aan verschillende Opel bedrijfswagens en vind jouw geschikte wagen. Ga jij voor kopen of kies je om een bedrijfswagen te leasen?\",\"breadcrumb\":{\"@id\":\"https:\\\/\\\/www.vdhurk.nl\\\/opel-bedrijfswagens\\\/#breadcrumb\"},\"inLanguage\":\"es\",\"potentialAction\":[{\"@type\":\"ReadAction\",\"target\":[\"https:\\\/\\\/www.vdhurk.nl\\\/opel-bedrijfswagens\\\/\"]}]},{\"@type\":\"BreadcrumbList\",\"@id\":\"https:\\\/\\\/www.vdhurk.nl\\\/opel-bedrijfswagens\\\/#breadcrumb\",\"itemListElement\":[{\"@type\":\"ListItem\",\"position\":1,\"name\":\"Home\",\"item\":\"https:\\\/\\\/www.vdhurk.nl\\\/home\\\/\"},{\"@type\":\"ListItem\",\"position\":2,\"name\":\"Opel Bedrijfswagens\"}]},{\"@type\":\"WebSite\",\"@id\":\"https:\\\/\\\/www.vdhurk.nl\\\/#website\",\"url\":\"https:\\\/\\\/www.vdhurk.nl\\\/\",\"name\":\"Van den Hurk Bedrijfswagens\",\"description\":\"Van den Hurk bedrijfswagens Helmond\",\"potentialAction\":[{\"@type\":\"SearchAction\",\"target\":{\"@type\":\"EntryPoint\",\"urlTemplate\":\"https:\\\/\\\/www.vdhurk.nl\\\/?s={search_term_string}\"},\"query-input\":{\"@type\":\"PropertyValueSpecification\",\"valueRequired\":true,\"valueName\":\"search_term_string\"}}],\"inLanguage\":\"es\"}]}<\/script>\n<!-- \/ Yoast SEO plugin. -->","yoast_head_json":{"title":"\u00bfComprar o alquilar veh\u00edculos comerciales Vauxhall? Descubra la oferta.","description":"Consulta la gama de diferentes veh\u00edculos comerciales Vauxhall y encuentra tu veh\u00edculo adecuado. \u00bfVas a comprar o a alquilar un veh\u00edculo comercial?","robots":{"index":"index","follow":"follow","max-snippet":"max-snippet:-1","max-image-preview":"max-image-preview:large","max-video-preview":"max-video-preview:-1"},"canonical":"https:\/\/www.vdhurk.nl\/es\/vehiculos-comerciales-vauxhall\/","og_locale":"es_ES","og_type":"article","og_title":"Opel bedrijfswagens kopen of leasen? Ontdek het aanbod.","og_description":"Bekijk het aanbod aan verschillende Opel bedrijfswagens en vind jouw geschikte wagen. Ga jij voor kopen of kies je om een bedrijfswagen te leasen?","og_url":"https:\/\/www.vdhurk.nl\/es\/vehiculos-comerciales-vauxhall\/","og_site_name":"Van den Hurk Bedrijfswagens","article_modified_time":"2024-04-16T12:08:02+00:00","twitter_card":"summary_large_image","twitter_misc":{"Tiempo de lectura":"5 minutos"},"schema":{"@context":"https:\/\/schema.org","@graph":[{"@type":"WebPage","@id":"https:\/\/www.vdhurk.nl\/opel-bedrijfswagens\/","url":"https:\/\/www.vdhurk.nl\/opel-bedrijfswagens\/","name":"\u00bfComprar o alquilar veh\u00edculos comerciales Vauxhall? Descubra la oferta.","isPartOf":{"@id":"https:\/\/www.vdhurk.nl\/#website"},"datePublished":"2024-04-15T14:07:31+00:00","dateModified":"2024-04-16T12:08:02+00:00","description":"Consulta la gama de diferentes veh\u00edculos comerciales Vauxhall y encuentra tu veh\u00edculo adecuado. \u00bfVas a comprar o a alquilar un veh\u00edculo comercial?","breadcrumb":{"@id":"https:\/\/www.vdhurk.nl\/opel-bedrijfswagens\/#breadcrumb"},"inLanguage":"es","potentialAction":[{"@type":"ReadAction","target":["https:\/\/www.vdhurk.nl\/opel-bedrijfswagens\/"]}]},{"@type":"BreadcrumbList","@id":"https:\/\/www.vdhurk.nl\/opel-bedrijfswagens\/#breadcrumb","itemListElement":[{"@type":"ListItem","position":1,"name":"Home","item":"https:\/\/www.vdhurk.nl\/home\/"},{"@type":"ListItem","position":2,"name":"Opel Bedrijfswagens"}]},{"@type":"WebSite","@id":"https:\/\/www.vdhurk.nl\/#website","url":"https:\/\/www.vdhurk.nl\/","name":"Veh\u00edculos comerciales Van den Hurk","description":"Van den Hurk veh\u00edculos comerciales Helmond","potentialAction":[{"@type":"SearchAction","target":{"@type":"EntryPoint","urlTemplate":"https:\/\/www.vdhurk.nl\/?s={search_term_string}"},"query-input":{"@type":"PropertyValueSpecification","valueRequired":true,"valueName":"search_term_string"}}],"inLanguage":"es"}]}},"_links":{"self":[{"href":"https:\/\/www.vdhurk.nl\/es\/wp-json\/wp\/v2\/pages\/372050","targetHints":{"allow":["GET"]}}],"collection":[{"href":"https:\/\/www.vdhurk.nl\/es\/wp-json\/wp\/v2\/pages"}],"about":[{"href":"https:\/\/www.vdhurk.nl\/es\/wp-json\/wp\/v2\/types\/page"}],"author":[{"embeddable":true,"href":"https:\/\/www.vdhurk.nl\/es\/wp-json\/wp\/v2\/users\/3"}],"replies":[{"embeddable":true,"href":"https:\/\/www.vdhurk.nl\/es\/wp-json\/wp\/v2\/comments?post=372050"}],"version-history":[{"count":6,"href":"https:\/\/www.vdhurk.nl\/es\/wp-json\/wp\/v2\/pages\/372050\/revisions"}],"predecessor-version":[{"id":372295,"href":"https:\/\/www.vdhurk.nl\/es\/wp-json\/wp\/v2\/pages\/372050\/revisions\/372295"}],"wp:attachment":[{"href":"https:\/\/www.vdhurk.nl\/es\/wp-json\/wp\/v2\/media?parent=372050"}],"curies":[{"name":"wp","href":"https:\/\/api.w.org\/{rel}","templated":true}]}}