{"id":370581,"date":"2024-04-16T14:08:59","date_gmt":"2024-04-16T12:08:59","guid":{"rendered":"https:\/\/www.vdhurk.nl\/?page_id=370581"},"modified":"2024-04-16T14:09:23","modified_gmt":"2024-04-16T12:09:23","slug":"vehiculos-comerciales-peugeot","status":"publish","type":"page","link":"https:\/\/www.vdhurk.nl\/es\/peugeot-bedrijfswagens\/","title":{"rendered":"Peugeot Veh\u00edculos Comerciales"},"content":{"rendered":"<section  class='av_textblock_section av-lu8gnh7d-4ac895489941e586c1d7c8cb72318135'  itemscope=\"itemscope\" itemtype=\"https:\/\/schema.org\/CreativeWork\" ><div class='avia_textblock'  itemprop=\"text\" ><h1>Conducir hacia el \u00e9xito con los veh\u00edculos comerciales Peugeot<\/h1>\n<p>Los veh\u00edculos comerciales Peugeot son ideales para los usuarios profesionales. Tanto si conduces a diario en el ajetreado tr\u00e1fico urbano como si recorres largas distancias por autopista o te dedicas a la construcci\u00f3n, Peugeot ofrece una soluci\u00f3n para cada aplicaci\u00f3n. Van den Hurk dispone de diferentes tipos de veh\u00edculos comerciales de esta marca bajo un mismo techo. De este modo, siempre encontrar\u00e1 el veh\u00edculo que mejor se adapte a las necesidades de su empresa.<\/p>\n<\/div><\/section>\n\n<style type=\"text\/css\" data-created_by=\"avia_inline_auto\" id=\"style-css-av-lujjddpd-afa3d7a9eabd61123e643ed1228e781e\">\n#top .hr.hr-invisible.av-lujjddpd-afa3d7a9eabd61123e643ed1228e781e{\nheight:50px;\n}\n<\/style>\n<div  class='hr av-lujjddpd-afa3d7a9eabd61123e643ed1228e781e hr-invisible  avia-builder-el-1  el_after_av_textblock  el_before_av_codeblock'><span class='hr-inner'><span class=\"hr-inner-style\"><\/span><\/span><\/div>\n\n\n<style type=\"text\/css\" data-created_by=\"avia_inline_auto\" id=\"style-css-av-ah0xd-63338d9dc6b40410e22a712829c369d6\">\n#top .hr.hr-invisible.av-ah0xd-63338d9dc6b40410e22a712829c369d6{\nheight:50px;\n}\n<\/style>\n<div  class='hr av-ah0xd-63338d9dc6b40410e22a712829c369d6 hr-invisible  avia-builder-el-3  el_after_av_codeblock  el_before_av_buttonrow'><span class='hr-inner'><span class=\"hr-inner-style\"><\/span><\/span><\/div>\n<div  class='avia-buttonrow-wrap av-lujhssae-cff7d852879371e1ec58a3b104a5d229 avia-buttonrow-center  avia-builder-el-4  el_after_av_hr  el_before_av_hr'>\n\n<style type=\"text\/css\" data-created_by=\"avia_inline_auto\" id=\"style-css-av-lujhtay0-9b18704c776ba6fc9d37e1c1e0e9f10b\">\n#top #wrap_all .avia-button.av-lujhtay0-9b18704c776ba6fc9d37e1c1e0e9f10b{\nmargin-bottom:5px;\nmargin-right:3px;\nmargin-left:3px;\n}\n<\/style>\n<a href='https:\/\/www.vdhurk.nl\/es\/vehiculos-comerciales\/#q1bKTS3KVrJSKkgtTU_NL1HSUcovSkktSqoEiRVlZhXrlQEV5OcXgDnxBYlFJZnJpTmZqUVWKanFyUq1AA'  class='avia-button av-lujhtay0-9b18704c776ba6fc9d37e1c1e0e9f10b avia-icon_select-yes-right-icon avia-size-x-large avia-color-theme-color'  ><span class='avia_iconbox_title' >\u00bfTienes curiosidad por conocer toda la gama de veh\u00edculos comerciales Peugeot? No dudes en echar un vistazo.<\/span><span class='avia_button_icon avia_button_icon_right' aria-hidden='true' data-av_icon='\ue871' data-av_iconfont='entypo-fontello'><\/span><\/a>\n<\/div>\n\n<style type=\"text\/css\" data-created_by=\"avia_inline_auto\" id=\"style-css-av-o1d5-cf77288da24053faf1b6ffbefcfc6222\">\n#top .hr.hr-invisible.av-o1d5-cf77288da24053faf1b6ffbefcfc6222{\nheight:50px;\n}\n<\/style>\n<div  class='hr av-o1d5-cf77288da24053faf1b6ffbefcfc6222 hr-invisible  avia-builder-el-5  el_after_av_buttonrow  el_before_av_textblock'><span class='hr-inner'><span class=\"hr-inner-style\"><\/span><\/span><\/div>\n<section  class='av_textblock_section av-lu8gtjw7-4f3cee9304909518d86d2860d9d582dd'  itemscope=\"itemscope\" itemtype=\"https:\/\/schema.org\/CreativeWork\" ><div class='avia_textblock'  itemprop=\"text\" ><h2><b>Creaci\u00f3n y evoluci\u00f3n de Peugeot<\/b><\/h2>\n<p>Peugeot es una de las marcas de autom\u00f3viles m\u00e1s antiguas que sobreviven en el mundo y cuenta con una rica historia. Desde entonces, Peugeot ha crecido hasta convertirse en un fabricante l\u00edder de autom\u00f3viles y veh\u00edculos comerciales, centrado en la innovaci\u00f3n y la artesan\u00eda. A lo largo de los a\u00f1os, Peugeot ha ampliado su oferta a una amplia gama de veh\u00edculos diferentes. En los \u00faltimos a\u00f1os, la marca tambi\u00e9n se ha centrado en la electrificaci\u00f3n y la sostenibilidad. Gracias a la innovaci\u00f3n y al compromiso con la calidad, Peugeot sigue siendo una de las marcas de autom\u00f3viles m\u00e1s reconocidas y respetadas en todo el mundo.<\/p>\n<h2><b>Elegir Peugeot: \u00bfcu\u00e1les son las ventajas? <\/b><\/h2>\n<p><b><\/b>Los autobuses y veh\u00edculos comerciales Peugeot son una opci\u00f3n muy adecuada para las empresas. Esto se debe a sus numerosas ventajas:<\/p>\n<ul>\n<li><b>Fiabilidad: <\/b>Los veh\u00edculos comerciales Peugeot son conocidos por su fiabilidad y longevidad. Las empresas pueden confiar en la marca en todo momento, tanto para distancias cortas como largas. Peugeot te lleva de a a b, sin problemas t\u00e9cnicos.<\/li>\n<li><b>Eficiencia: <\/b>Los coches de negocios de la marca est\u00e1n dise\u00f1ados pensando en la eficiencia. Esto significa que consumen poco combustible y requieren poco mantenimiento. Estas capacidades ayudan a las empresas a reducir los costes operativos y mejorar la rentabilidad.<\/li>\n<li><b>Seguridad: <\/b>En Peugeot, la seguridad es lo primero. Tambi\u00e9n en sus veh\u00edculos comerciales. Gracias a sus avanzados dispositivos de seguridad y sistemas de asistencia a la conducci\u00f3n, los veh\u00edculos comerciales Peugeot ofrecen tranquilidad tanto al conductor como a los pasajeros.<\/li>\n<li><b>Flexibilidad: <\/b>Los coches para empresas est\u00e1n disponibles en diferentes modelos y configuraciones. Esto les permite responder a las diversas necesidades de las empresas. Peugeot tiene el veh\u00edculo adecuado para cada empresa.<\/li>\n<li><b>Confort y conectividad: <\/b>No s\u00f3lo te beneficiar\u00e1s de las ventajas pr\u00e1cticas, sino tambi\u00e9n del confort y la conectividad tanto para el conductor como para el pasajero. Los veh\u00edculos cuentan con interiores modernos, asientos ergon\u00f3micos y sistemas avanzados. Esto hace que cada viaje en coche Peugeot sea agradable y productivo.<\/li>\n<\/ul>\n<h2><b>El uso profesional de Peugeot<\/b><\/h2>\n<p>Los veh\u00edculos comerciales de Peugeot son utilizados en todo el mundo por empresas de diferentes sectores y, por lo tanto, para una gran variedad de fines comerciales. Por ejemplo, muchas empresas utilizan los veh\u00edculos comerciales para el transporte y la distribuci\u00f3n. Adem\u00e1s, los veh\u00edculos comerciales se utilizan para servicios a empresas, como trabajos de instalaci\u00f3n. Los c\u00f3modos interiores, la tecnolog\u00eda avanzada y los vers\u00e1tiles espacios de carga hacen que los veh\u00edculos comerciales sean ideales para realizar tareas en la carretera. Adem\u00e1s, estos veh\u00edculos comerciales desempe\u00f1an un papel en las actividades log\u00edsticas y operativas de las empresas.<\/p>\n<h2><b>\u00bfOpta por lo nuevo o por lo de segunda mano?<\/b><\/h2>\n<p>En Van den Hurk, puede elegir entre autobuses Peugeot nuevos y de segunda mano. Los veh\u00edculos nuevos ofrecen la \u00faltima tecnolog\u00eda y prestaciones para satisfacer las necesidades de las empresas modernas. Las empresas se benefician de un veh\u00edculo fiable y vers\u00e1til equipado con excelentes caracter\u00edsticas de seguridad y potentes motores. Un autob\u00fas Peugeot de ocasi\u00f3n ofrece una alternativa asequible para las empresas que buscan veh\u00edculos comerciales de calidad a un precio relativamente bajo. Esta opci\u00f3n sigue permitiendo a las empresas utilizar un veh\u00edculo que rinde bien y es fiable.<\/p>\n<h2><b>Diferentes modelos<\/b><\/h2>\n<p>Peugeot ofrece diferentes modelos de veh\u00edculos comerciales adecuados para el uso empresarial. Como concesionario de veh\u00edculos comerciales Peugeot, dentro de nuestra gama encontrar\u00e1:<\/p>\n<ul>\n<li><strong>Peugeot boxer ocasi\u00f3n<\/strong>Este modelo es una furgoneta grande muy adecuada para cargas pesadas y largas distancias. Con una construcci\u00f3n robusta y motores potentes, el veh\u00edculo puede transportar grandes unidades de mercanc\u00edas con facilidad y eficiencia.<\/li>\n<li><strong>Peugeot Partner ocasi\u00f3n:<\/strong> Se trata de una furgoneta compacta conocida por su versatilidad y facilidad de uso. Con un espacioso maletero y funciones muy pr\u00e1cticas, este modelo es ideal para entregas en ciudad y actividades comerciales, por ejemplo.<\/li>\n<li><strong>Peugeot experto ocasi\u00f3n:<\/strong> esta furgoneta de tama\u00f1o medio destaca por su confort y prestaciones. Adem\u00e1s, este modelo ofrece opciones para diversas aplicaciones empresariales.<\/li>\n<\/ul>\n<h2><b>Benef\u00edciese de la calidad y el servicio<\/b><\/h2>\n<p>En Van den Hurk encontrar\u00e1 diversos veh\u00edculos comerciales para uso empresarial. Con nosotros, tiene la seguridad de contar con veh\u00edculos comerciales fiables y de calidad. Adem\u00e1s, puede alquilar o comprar un autob\u00fas Peugeot. Estaremos encantados de ayudarle a encontrar la mejor opci\u00f3n para sus fines.<\/p>\n<\/div><\/section>","protected":false},"excerpt":{"rendered":"","protected":false},"author":3,"featured_media":0,"parent":0,"menu_order":0,"comment_status":"closed","ping_status":"closed","template":"","meta":{"_acf_changed":false,"_improvement_type_select":"improve_an_existing","_thumb_yes_seoaic":false,"_frame_yes_seoaic":false,"seoaic_generate_description":"","seoaic_improve_instructions_prompt":"","seoaic_rollback_content_improvement":"","seoaic_idea_thumbnail_generator":"","thumbnail_generated":false,"thumbnail_generate_prompt":"","seoaic_article_description":"","footnotes":""},"class_list":["post-370581","page","type-page","status-publish","hentry"],"acf":[],"yoast_head":"<!-- This site is optimized with the Yoast SEO plugin v27.5 - https:\/\/yoast.com\/product\/yoast-seo-wordpress\/ -->\n<title>Peugeot bedrijfswagens: d\u00e9 match voor je zakelijke behoeften!<\/title>\n<meta name=\"description\" content=\"Rijd vooruit met Peugeot bedrijfswagens: effici\u00ebntie, innovatie en betrouwbaarheid in \u00e9\u00e9n! Ontdek het ruime aanbod van Peugeot.\" \/>\n<meta name=\"robots\" content=\"index, follow, max-snippet:-1, max-image-preview:large, max-video-preview:-1\" \/>\n<link rel=\"canonical\" href=\"https:\/\/www.vdhurk.nl\/es\/vehiculos-comerciales-peugeot\/\" \/>\n<meta property=\"og:locale\" content=\"es_ES\" \/>\n<meta property=\"og:type\" content=\"article\" \/>\n<meta property=\"og:title\" content=\"Peugeot bedrijfswagens: d\u00e9 match voor je zakelijke behoeften!\" \/>\n<meta property=\"og:description\" content=\"Rijd vooruit met Peugeot bedrijfswagens: effici\u00ebntie, innovatie en betrouwbaarheid in \u00e9\u00e9n! Ontdek het ruime aanbod van Peugeot.\" \/>\n<meta property=\"og:url\" content=\"https:\/\/www.vdhurk.nl\/es\/vehiculos-comerciales-peugeot\/\" \/>\n<meta property=\"og:site_name\" content=\"Van den Hurk Bedrijfswagens\" \/>\n<meta property=\"article:modified_time\" content=\"2024-04-16T12:09:23+00:00\" \/>\n<meta name=\"twitter:card\" content=\"summary_large_image\" \/>\n<meta name=\"twitter:label1\" content=\"Tiempo de lectura\" \/>\n\t<meta name=\"twitter:data1\" content=\"5 minutos\" \/>\n<script type=\"application\/ld+json\" class=\"yoast-schema-graph\">{\"@context\":\"https:\\\/\\\/schema.org\",\"@graph\":[{\"@type\":\"WebPage\",\"@id\":\"https:\\\/\\\/www.vdhurk.nl\\\/peugeot-bedrijfswagens\\\/\",\"url\":\"https:\\\/\\\/www.vdhurk.nl\\\/peugeot-bedrijfswagens\\\/\",\"name\":\"Peugeot bedrijfswagens: d\u00e9 match voor je zakelijke behoeften!\",\"isPartOf\":{\"@id\":\"https:\\\/\\\/www.vdhurk.nl\\\/#website\"},\"datePublished\":\"2024-04-16T12:08:59+00:00\",\"dateModified\":\"2024-04-16T12:09:23+00:00\",\"description\":\"Rijd vooruit met Peugeot bedrijfswagens: effici\u00ebntie, innovatie en betrouwbaarheid in \u00e9\u00e9n! Ontdek het ruime aanbod van Peugeot.\",\"breadcrumb\":{\"@id\":\"https:\\\/\\\/www.vdhurk.nl\\\/peugeot-bedrijfswagens\\\/#breadcrumb\"},\"inLanguage\":\"es\",\"potentialAction\":[{\"@type\":\"ReadAction\",\"target\":[\"https:\\\/\\\/www.vdhurk.nl\\\/peugeot-bedrijfswagens\\\/\"]}]},{\"@type\":\"BreadcrumbList\",\"@id\":\"https:\\\/\\\/www.vdhurk.nl\\\/peugeot-bedrijfswagens\\\/#breadcrumb\",\"itemListElement\":[{\"@type\":\"ListItem\",\"position\":1,\"name\":\"Home\",\"item\":\"https:\\\/\\\/www.vdhurk.nl\\\/home\\\/\"},{\"@type\":\"ListItem\",\"position\":2,\"name\":\"Peugeot Bedrijfswagens\"}]},{\"@type\":\"WebSite\",\"@id\":\"https:\\\/\\\/www.vdhurk.nl\\\/#website\",\"url\":\"https:\\\/\\\/www.vdhurk.nl\\\/\",\"name\":\"Van den Hurk Bedrijfswagens\",\"description\":\"Van den Hurk bedrijfswagens Helmond\",\"potentialAction\":[{\"@type\":\"SearchAction\",\"target\":{\"@type\":\"EntryPoint\",\"urlTemplate\":\"https:\\\/\\\/www.vdhurk.nl\\\/?s={search_term_string}\"},\"query-input\":{\"@type\":\"PropertyValueSpecification\",\"valueRequired\":true,\"valueName\":\"search_term_string\"}}],\"inLanguage\":\"es\"}]}<\/script>\n<!-- \/ Yoast SEO plugin. -->","yoast_head_json":{"title":"Veh\u00edculos comerciales Peugeot: \u00a1a la altura de las necesidades de su empresa!","description":"Avanza con los veh\u00edculos comerciales Peugeot: eficiencia, innovaci\u00f3n y fiabilidad, \u00a1todo en uno! Descubre la amplia gama de veh\u00edculos Peugeot.","robots":{"index":"index","follow":"follow","max-snippet":"max-snippet:-1","max-image-preview":"max-image-preview:large","max-video-preview":"max-video-preview:-1"},"canonical":"https:\/\/www.vdhurk.nl\/es\/vehiculos-comerciales-peugeot\/","og_locale":"es_ES","og_type":"article","og_title":"Peugeot bedrijfswagens: d\u00e9 match voor je zakelijke behoeften!","og_description":"Rijd vooruit met Peugeot bedrijfswagens: effici\u00ebntie, innovatie en betrouwbaarheid in \u00e9\u00e9n! Ontdek het ruime aanbod van Peugeot.","og_url":"https:\/\/www.vdhurk.nl\/es\/vehiculos-comerciales-peugeot\/","og_site_name":"Van den Hurk Bedrijfswagens","article_modified_time":"2024-04-16T12:09:23+00:00","twitter_card":"summary_large_image","twitter_misc":{"Tiempo de lectura":"5 minutos"},"schema":{"@context":"https:\/\/schema.org","@graph":[{"@type":"WebPage","@id":"https:\/\/www.vdhurk.nl\/peugeot-bedrijfswagens\/","url":"https:\/\/www.vdhurk.nl\/peugeot-bedrijfswagens\/","name":"Veh\u00edculos comerciales Peugeot: \u00a1a la altura de las necesidades de su empresa!","isPartOf":{"@id":"https:\/\/www.vdhurk.nl\/#website"},"datePublished":"2024-04-16T12:08:59+00:00","dateModified":"2024-04-16T12:09:23+00:00","description":"Avanza con los veh\u00edculos comerciales Peugeot: eficiencia, innovaci\u00f3n y fiabilidad, \u00a1todo en uno! Descubre la amplia gama de veh\u00edculos Peugeot.","breadcrumb":{"@id":"https:\/\/www.vdhurk.nl\/peugeot-bedrijfswagens\/#breadcrumb"},"inLanguage":"es","potentialAction":[{"@type":"ReadAction","target":["https:\/\/www.vdhurk.nl\/peugeot-bedrijfswagens\/"]}]},{"@type":"BreadcrumbList","@id":"https:\/\/www.vdhurk.nl\/peugeot-bedrijfswagens\/#breadcrumb","itemListElement":[{"@type":"ListItem","position":1,"name":"Home","item":"https:\/\/www.vdhurk.nl\/home\/"},{"@type":"ListItem","position":2,"name":"Peugeot Bedrijfswagens"}]},{"@type":"WebSite","@id":"https:\/\/www.vdhurk.nl\/#website","url":"https:\/\/www.vdhurk.nl\/","name":"Veh\u00edculos comerciales Van den Hurk","description":"Van den Hurk veh\u00edculos comerciales Helmond","potentialAction":[{"@type":"SearchAction","target":{"@type":"EntryPoint","urlTemplate":"https:\/\/www.vdhurk.nl\/?s={search_term_string}"},"query-input":{"@type":"PropertyValueSpecification","valueRequired":true,"valueName":"search_term_string"}}],"inLanguage":"es"}]}},"_links":{"self":[{"href":"https:\/\/www.vdhurk.nl\/es\/wp-json\/wp\/v2\/pages\/370581","targetHints":{"allow":["GET"]}}],"collection":[{"href":"https:\/\/www.vdhurk.nl\/es\/wp-json\/wp\/v2\/pages"}],"about":[{"href":"https:\/\/www.vdhurk.nl\/es\/wp-json\/wp\/v2\/types\/page"}],"author":[{"embeddable":true,"href":"https:\/\/www.vdhurk.nl\/es\/wp-json\/wp\/v2\/users\/3"}],"replies":[{"embeddable":true,"href":"https:\/\/www.vdhurk.nl\/es\/wp-json\/wp\/v2\/comments?post=370581"}],"version-history":[{"count":7,"href":"https:\/\/www.vdhurk.nl\/es\/wp-json\/wp\/v2\/pages\/370581\/revisions"}],"predecessor-version":[{"id":372297,"href":"https:\/\/www.vdhurk.nl\/es\/wp-json\/wp\/v2\/pages\/370581\/revisions\/372297"}],"wp:attachment":[{"href":"https:\/\/www.vdhurk.nl\/es\/wp-json\/wp\/v2\/media?parent=370581"}],"curies":[{"name":"wp","href":"https:\/\/api.w.org\/{rel}","templated":true}]}}