{"id":370573,"date":"2024-04-10T17:35:04","date_gmt":"2024-04-10T15:35:04","guid":{"rendered":"https:\/\/www.vdhurk.nl\/?page_id=370573"},"modified":"2024-04-15T16:55:46","modified_gmt":"2024-04-15T14:55:46","slug":"mercedes-9","status":"publish","type":"page","link":"https:\/\/www.vdhurk.nl\/es\/mercedes-bedrijfswagens\/","title":{"rendered":"Mercedes Veh\u00edculos Comerciales"},"content":{"rendered":"<section  class='av_textblock_section av-lu8gnh7d-4ac895489941e586c1d7c8cb72318135'  itemscope=\"itemscope\" itemtype=\"https:\/\/schema.org\/CreativeWork\" ><div class='avia_textblock'  itemprop=\"text\" ><h1>Descubra la potencia de los veh\u00edculos comerciales Mercedes<\/h1>\n<p>Los veh\u00edculos industriales Mercedes son sin\u00f3nimo de calidad, fiabilidad e innovaci\u00f3n. Como marca l\u00edder en la industria del autom\u00f3vil, Mercedes ofrece una completa gama de veh\u00edculos comerciales para satisfacer las distintas necesidades de empresarios y empresas. Mercedes combina tecnolog\u00edas avanzadas con un dise\u00f1o sofisticado. Como resultado, los usuarios comerciales pueden confiar en un rendimiento, confort y eficiencia \u00f3ptimos. Como la marca est\u00e1 siempre innovando, sigue marcando la pauta en veh\u00edculos comerciales en todo el mundo.<\/p>\n<\/div><\/section>\n\n<style type=\"text\/css\" data-created_by=\"avia_inline_auto\" id=\"style-css-av-lujjddpd-afa3d7a9eabd61123e643ed1228e781e\">\n#top .hr.hr-invisible.av-lujjddpd-afa3d7a9eabd61123e643ed1228e781e{\nheight:50px;\n}\n<\/style>\n<div  class='hr av-lujjddpd-afa3d7a9eabd61123e643ed1228e781e hr-invisible  avia-builder-el-1  el_after_av_textblock  el_before_av_codeblock'><span class='hr-inner'><span class=\"hr-inner-style\"><\/span><\/span><\/div>\n\n\n<style type=\"text\/css\" data-created_by=\"avia_inline_auto\" id=\"style-css-av-ah0xd-63338d9dc6b40410e22a712829c369d6\">\n#top .hr.hr-invisible.av-ah0xd-63338d9dc6b40410e22a712829c369d6{\nheight:50px;\n}\n<\/style>\n<div  class='hr av-ah0xd-63338d9dc6b40410e22a712829c369d6 hr-invisible  avia-builder-el-3  el_after_av_codeblock  el_before_av_buttonrow'><span class='hr-inner'><span class=\"hr-inner-style\"><\/span><\/span><\/div>\n<div  class='avia-buttonrow-wrap av-lujhssae-cff7d852879371e1ec58a3b104a5d229 avia-buttonrow-center  avia-builder-el-4  el_after_av_hr  el_before_av_hr'>\n\n<style type=\"text\/css\" data-created_by=\"avia_inline_auto\" id=\"style-css-av-lujhtay0-149e4ab69c7860478a93da9d8e7b74c4\">\n#top #wrap_all .avia-button.av-lujhtay0-149e4ab69c7860478a93da9d8e7b74c4{\nmargin-bottom:5px;\nmargin-right:3px;\nmargin-left:3px;\n}\n<\/style>\n<a href='https:\/\/www.vdhurk.nl\/es\/vehiculos-comerciales\/#q1bKTS3KVrICUcmpKanFukmpeVVKOkr5RSmpRUmVQJmCosysYr0yoLL8_AIwJ74gsagkM7k0JzO1yAqoJ1mpFgA'  class='avia-button av-lujhtay0-149e4ab69c7860478a93da9d8e7b74c4 avia-icon_select-yes-right-icon avia-size-x-large avia-color-theme-color'  ><span class='avia_iconbox_title' >\u00bfTiene curiosidad por conocer la gama completa de veh\u00edculos comerciales Mercedes? Eche un vistazo.<\/span><span class='avia_button_icon avia_button_icon_right' aria-hidden='true' data-av_icon='\ue871' data-av_iconfont='entypo-fontello'><\/span><\/a>\n<\/div>\n\n<style type=\"text\/css\" data-created_by=\"avia_inline_auto\" id=\"style-css-av-o1d5-cf77288da24053faf1b6ffbefcfc6222\">\n#top .hr.hr-invisible.av-o1d5-cf77288da24053faf1b6ffbefcfc6222{\nheight:50px;\n}\n<\/style>\n<div  class='hr av-o1d5-cf77288da24053faf1b6ffbefcfc6222 hr-invisible  avia-builder-el-5  el_after_av_buttonrow  el_before_av_textblock'><span class='hr-inner'><span class=\"hr-inner-style\"><\/span><\/span><\/div>\n<section  class='av_textblock_section av-lu8gow1e-300853e458ed741bd87d6cb78e55cc7a'  itemscope=\"itemscope\" itemtype=\"https:\/\/schema.org\/CreativeWork\" ><div class='avia_textblock'  itemprop=\"text\" ><h2>\u00bfPor qu\u00e9 elegir la marca Mercedes?<\/h2>\n<p>Los autobuses y veh\u00edculos comerciales Mercedes son muy populares entre los usuarios empresariales. Esto se debe en parte a:<\/p>\n<ul>\n<li><b>Fiabilidad: <\/b>Los veh\u00edculos utilitarios tienen una construcci\u00f3n robusta y est\u00e1n fabricados con materiales de alta calidad. Est\u00e1n hechos para durar y soportar un uso intensivo.<\/li>\n<li><b>Rendimiento: <\/b>Los coches ofrecen un rendimiento impresionante en lo que se refiere a motores potentes, experiencia de conducci\u00f3n suave y excelente carga \u00fatil. Est\u00e1n dise\u00f1ados para satisfacer las necesidades de los usuarios empresariales.<\/li>\n<li><b>Confort y seguridad: <\/b>Con nuevas tecnolog\u00edas e interiores de alta calidad, los veh\u00edculos comerciales ofrecen una experiencia de conducci\u00f3n c\u00f3moda y segura tanto para el conductor como para los pasajeros. Esto tambi\u00e9n hace que los veh\u00edculos sean estupendos para recorrer largas distancias.<\/li>\n<li><b>Innovaci\u00f3n: <\/b>Mercedes es conocida por sus constantes esfuerzos de innovaci\u00f3n. Sus veh\u00edculos comerciales incorporan la \u00faltima tecnolog\u00eda, lo que los hace m\u00e1s eficientes, inteligentes y f\u00e1ciles de usar.<\/li>\n<li><b>Apariencia: <\/b>Conducir un Mercedes irradia profesionalidad y calidad. La marca goza de una buena reputaci\u00f3n que se traduce en profesionalidad y calidad. En resumen, razones de sobra para elegir Mercedes.<\/li>\n<\/ul>\n<\/div><\/section>\n<div class='flex_column av-f64w1-da126f42b61613402309283c14245a25 av_one_half  avia-builder-el-7  el_after_av_textblock  el_before_av_one_third  first flex_column_div column-top-margin'   ><section  class='av_textblock_section av-lu8gpqre-73cc2c17e6a6497ba6e1b58af22bd9e8'  itemscope=\"itemscope\" itemtype=\"https:\/\/schema.org\/CreativeWork\" ><div class='avia_textblock'  itemprop=\"text\" ><h2>Evoluci\u00f3n de la marca<\/h2>\n<p>Con los a\u00f1os, la marca ha seguido evolucionando. Por ejemplo, se centran en la sostenibilidad y el respeto al medio ambiente. Mercedes se dedica a desarrollar veh\u00edculos comerciales ecol\u00f3gicos ofreciendo modelos con motores eficientes y alternativas, como veh\u00edculos el\u00e9ctricos e h\u00edbridos. Se trata de avances que contribuyen a la creciente demanda de soluciones de transporte sostenibles. La marca tambi\u00e9n se mantiene a la vanguardia en materia de conectividad. Utilizan avanzados sistemas de seguridad y asistencia que mejoran tanto la seguridad como la eficiencia de los veh\u00edculos.<\/p>\n<\/div><\/section><\/div>\n<div class='flex_column av-aldk9-ee694297f5c4032981677a02caab84d6 av_one_third  avia-builder-el-9  el_after_av_one_half  el_before_av_hr  flex_column_div column-top-margin'   ><style type=\"text\/css\" data-created_by=\"avia_inline_auto\" id=\"style-css-av-l1w9kpsf-4ec3fab772ec7a9adaa33cfc64ff0475\">\n.avia-image-container.av-l1w9kpsf-4ec3fab772ec7a9adaa33cfc64ff0475 .av-image-caption-overlay-center{\ncolor:#ffffff;\n}\n<\/style>\n<div  class='avia-image-container av-l1w9kpsf-4ec3fab772ec7a9adaa33cfc64ff0475 av-styling- avia-align-center  avia-builder-el-10  avia-builder-el-no-sibling'  itemprop=\"image\" itemscope=\"itemscope\" itemtype=\"https:\/\/schema.org\/ImageObject\" ><div class=\"avia-image-container-inner\"><div class=\"avia-image-overlay-wrap\"><img decoding=\"async\" class='wp-image-187 avia-img-lazy-loading-not-187 avia_image' src=\"https:\/\/www.vdhurk.nl\/wp-content\/uploads\/2022\/03\/Voorrad.png\" alt='' title='Stock'  height=\"758\" width=\"1135\"  itemprop=\"thumbnailUrl\" srcset=\"https:\/\/www.vdhurk.nl\/wp-content\/uploads\/2022\/03\/Voorrad.png 1135w, https:\/\/www.vdhurk.nl\/wp-content\/uploads\/2022\/03\/Voorrad-300x200.png 300w, https:\/\/www.vdhurk.nl\/wp-content\/uploads\/2022\/03\/Voorrad-1030x688.png 1030w, https:\/\/www.vdhurk.nl\/wp-content\/uploads\/2022\/03\/Voorrad-768x513.png 768w, https:\/\/www.vdhurk.nl\/wp-content\/uploads\/2022\/03\/Voorrad-18x12.png 18w, https:\/\/www.vdhurk.nl\/wp-content\/uploads\/2022\/03\/Voorrad-705x471.png 705w\" sizes=\"(max-width: 1135px) 100vw, 1135px\" \/><\/div><\/div><\/div><\/div>\n\n<style type=\"text\/css\" data-created_by=\"avia_inline_auto\" id=\"style-css-av-luqrjpjc-5a23a1fb5f94718ca85316a9df963e2f\">\n#top .hr.hr-invisible.av-luqrjpjc-5a23a1fb5f94718ca85316a9df963e2f{\nheight:50px;\n}\n<\/style>\n<div  class='hr av-luqrjpjc-5a23a1fb5f94718ca85316a9df963e2f hr-invisible  avia-builder-el-11  el_after_av_one_third  el_before_av_textblock'><span class='hr-inner'><span class=\"hr-inner-style\"><\/span><\/span><\/div>\n<section  class='av_textblock_section av-lu8gtjw7-4f3cee9304909518d86d2860d9d582dd'  itemscope=\"itemscope\" itemtype=\"https:\/\/schema.org\/CreativeWork\" ><div class='avia_textblock'  itemprop=\"text\" ><h2><b>Modelos de autob\u00fas Mercedes: \u00bfelegir nuevo o de segunda mano?<\/b><\/h2>\n<p>Cuando se trata de diferentes modelos, Mercedes ofrece varias opciones. De hecho, dentro de nuestra gama encontrar\u00e1 tanto modelos nuevos como usados. As\u00ed que usted puede comprar un autob\u00fas Mercedes o alquilar un autob\u00fas Mercedes. Al igual que los modelos nuevos, un autob\u00fas Mercedes de ocasi\u00f3n ofrece una excelente oportunidad para los usuarios empresariales. Los veh\u00edculos usados de nuestra gama son fiables, de alta calidad y ofrecen una excelente relaci\u00f3n calidad-precio. Estos veh\u00edculos han sido inspeccionados y probados. De este modo, nos aseguramos de que cumplen unos est\u00e1ndares elevados. Adem\u00e1s, a menudo siguen ofreciendo gran parte del lujo y la funcionalidad que usted espera de un veh\u00edculo Mercedes.<\/p>\n<h2><b>Encuentre el coche de empresa perfecto para usted como usuario profesional<\/b><\/h2>\n<p>Los veh\u00edculos comerciales Mercedes ofrecen una amplia gama de modelos dise\u00f1ados para satisfacer las diversas necesidades de los usuarios empresariales. Dentro de nuestra gama, encontrar\u00e1 varios modelos populares:<\/p>\n<ul>\n<li style=\"font-weight: 400;\" aria-level=\"1\"><strong>Mercedes Sprinter coche usado<\/strong>Se trata de una furgoneta vers\u00e1til con mucho espacio. Este modelo es conocido por su carga \u00fatil, fiabilidad y eficiencia.<\/li>\n<li style=\"font-weight: 400;\" aria-level=\"1\"><strong>Mercedes Vito ocasi\u00f3n:<\/strong> este modelo destaca por su agilidad, confort y moderna tecnolog\u00eda. Es adecuado tanto para el tr\u00e1fico urbano como para largas distancias y ofrece configuraciones flexibles para transportar cargas o pasajeros.<\/li>\n<li style=\"font-weight: 400;\" aria-level=\"1\"><strong>Mercedes Citan ocasi\u00f3n:<\/strong> Se trata de una furgoneta compacta adecuada para aplicaciones de distribuci\u00f3n urbana y negocios ligeros. Con su tama\u00f1o compacto, sus motores de bajo consumo y su pr\u00e1ctico interior, es una opci\u00f3n vers\u00e1til para los empresarios urbanos m\u00e1s ocupados.<\/li>\n<\/ul>\n<h2><b>Benef\u00edciese de un servicio excelente<\/b><\/h2>\n<p>En Van den Hurk puede elegir entre una amplia gama de veh\u00edculos comerciales Mercedes. Hay para todos los gustos. Le garantizamos una buena calidad y un servicio personalizado. Si est\u00e1 interesado en uno de nuestros veh\u00edculos comerciales, p\u00f3ngase en contacto con nosotros en <a href=\"https:\/\/www.vdhurk.nl\/es\/pongase-en-contacto-con\/\">Contacto<\/a> en. Estaremos encantados de ayudarle a elegir.<\/p>\n<\/div><\/section>","protected":false},"excerpt":{"rendered":"","protected":false},"author":3,"featured_media":0,"parent":0,"menu_order":0,"comment_status":"closed","ping_status":"closed","template":"","meta":{"_acf_changed":false,"_improvement_type_select":"improve_an_existing","_thumb_yes_seoaic":false,"_frame_yes_seoaic":false,"seoaic_generate_description":"","seoaic_improve_instructions_prompt":"","seoaic_rollback_content_improvement":"","seoaic_idea_thumbnail_generator":"","thumbnail_generated":false,"thumbnail_generate_prompt":"","seoaic_article_description":"","footnotes":""},"class_list":["post-370573","page","type-page","status-publish","hentry"],"acf":[],"yoast_head":"<!-- This site is optimized with the Yoast SEO plugin v27.2 - https:\/\/yoast.com\/product\/yoast-seo-wordpress\/ -->\n<title>Ontdek de Mercedes bedrijfswagens binnen ons assortiment.<\/title>\n<meta name=\"description\" content=\"Betrouwbaar en professioneel. Dat zijn onze Mercedes bedrijfswagens. Ontdek welke bedrijfswagens van het merk aansluiten bij jouw zakelijke behoeften.\" \/>\n<meta name=\"robots\" content=\"index, follow, max-snippet:-1, max-image-preview:large, max-video-preview:-1\" \/>\n<link rel=\"canonical\" href=\"https:\/\/www.vdhurk.nl\/es\/mercedes-9\/\" \/>\n<meta property=\"og:locale\" content=\"es_ES\" \/>\n<meta property=\"og:type\" content=\"article\" \/>\n<meta property=\"og:title\" content=\"Ontdek de Mercedes bedrijfswagens binnen ons assortiment.\" \/>\n<meta property=\"og:description\" content=\"Betrouwbaar en professioneel. Dat zijn onze Mercedes bedrijfswagens. Ontdek welke bedrijfswagens van het merk aansluiten bij jouw zakelijke behoeften.\" \/>\n<meta property=\"og:url\" content=\"https:\/\/www.vdhurk.nl\/es\/mercedes-9\/\" \/>\n<meta property=\"og:site_name\" content=\"Van den Hurk Bedrijfswagens\" \/>\n<meta property=\"article:modified_time\" content=\"2024-04-15T14:55:46+00:00\" \/>\n<meta name=\"twitter:card\" content=\"summary_large_image\" \/>\n<meta name=\"twitter:label1\" content=\"Tiempo de lectura\" \/>\n\t<meta name=\"twitter:data1\" content=\"6 minutos\" \/>\n<script type=\"application\/ld+json\" class=\"yoast-schema-graph\">{\"@context\":\"https:\/\/schema.org\",\"@graph\":[{\"@type\":\"WebPage\",\"@id\":\"https:\/\/www.vdhurk.nl\/mercedes-bedrijfswagens\/\",\"url\":\"https:\/\/www.vdhurk.nl\/mercedes-bedrijfswagens\/\",\"name\":\"Ontdek de Mercedes bedrijfswagens binnen ons assortiment.\",\"isPartOf\":{\"@id\":\"https:\/\/www.vdhurk.nl\/#website\"},\"datePublished\":\"2024-04-10T15:35:04+00:00\",\"dateModified\":\"2024-04-15T14:55:46+00:00\",\"description\":\"Betrouwbaar en professioneel. Dat zijn onze Mercedes bedrijfswagens. Ontdek welke bedrijfswagens van het merk aansluiten bij jouw zakelijke behoeften.\",\"breadcrumb\":{\"@id\":\"https:\/\/www.vdhurk.nl\/mercedes-bedrijfswagens\/#breadcrumb\"},\"inLanguage\":\"es\",\"potentialAction\":[{\"@type\":\"ReadAction\",\"target\":[\"https:\/\/www.vdhurk.nl\/mercedes-bedrijfswagens\/\"]}]},{\"@type\":\"BreadcrumbList\",\"@id\":\"https:\/\/www.vdhurk.nl\/mercedes-bedrijfswagens\/#breadcrumb\",\"itemListElement\":[{\"@type\":\"ListItem\",\"position\":1,\"name\":\"Home\",\"item\":\"https:\/\/www.vdhurk.nl\/home\/\"},{\"@type\":\"ListItem\",\"position\":2,\"name\":\"Mercedes Bedrijfswagens\"}]},{\"@type\":\"WebSite\",\"@id\":\"https:\/\/www.vdhurk.nl\/#website\",\"url\":\"https:\/\/www.vdhurk.nl\/\",\"name\":\"Van den Hurk Bedrijfswagens\",\"description\":\"Van den Hurk bedrijfswagens Helmond\",\"potentialAction\":[{\"@type\":\"SearchAction\",\"target\":{\"@type\":\"EntryPoint\",\"urlTemplate\":\"https:\/\/www.vdhurk.nl\/?s={search_term_string}\"},\"query-input\":{\"@type\":\"PropertyValueSpecification\",\"valueRequired\":true,\"valueName\":\"search_term_string\"}}],\"inLanguage\":\"es\"}]}<\/script>\n<!-- \/ Yoast SEO plugin. -->","yoast_head_json":{"title":"Descubra los veh\u00edculos comerciales Mercedes de nuestra gama.","description":"Fiables y profesionales. As\u00ed son nuestros veh\u00edculos comerciales Mercedes. Descubra qu\u00e9 veh\u00edculos comerciales de marca se adaptan a las necesidades de su empresa.","robots":{"index":"index","follow":"follow","max-snippet":"max-snippet:-1","max-image-preview":"max-image-preview:large","max-video-preview":"max-video-preview:-1"},"canonical":"https:\/\/www.vdhurk.nl\/es\/mercedes-9\/","og_locale":"es_ES","og_type":"article","og_title":"Ontdek de Mercedes bedrijfswagens binnen ons assortiment.","og_description":"Betrouwbaar en professioneel. Dat zijn onze Mercedes bedrijfswagens. Ontdek welke bedrijfswagens van het merk aansluiten bij jouw zakelijke behoeften.","og_url":"https:\/\/www.vdhurk.nl\/es\/mercedes-9\/","og_site_name":"Van den Hurk Bedrijfswagens","article_modified_time":"2024-04-15T14:55:46+00:00","twitter_card":"summary_large_image","twitter_misc":{"Tiempo de lectura":"6 minutos"},"schema":{"@context":"https:\/\/schema.org","@graph":[{"@type":"WebPage","@id":"https:\/\/www.vdhurk.nl\/mercedes-bedrijfswagens\/","url":"https:\/\/www.vdhurk.nl\/mercedes-bedrijfswagens\/","name":"Descubra los veh\u00edculos comerciales Mercedes de nuestra gama.","isPartOf":{"@id":"https:\/\/www.vdhurk.nl\/#website"},"datePublished":"2024-04-10T15:35:04+00:00","dateModified":"2024-04-15T14:55:46+00:00","description":"Fiables y profesionales. As\u00ed son nuestros veh\u00edculos comerciales Mercedes. Descubra qu\u00e9 veh\u00edculos comerciales de marca se adaptan a las necesidades de su empresa.","breadcrumb":{"@id":"https:\/\/www.vdhurk.nl\/mercedes-bedrijfswagens\/#breadcrumb"},"inLanguage":"es","potentialAction":[{"@type":"ReadAction","target":["https:\/\/www.vdhurk.nl\/mercedes-bedrijfswagens\/"]}]},{"@type":"BreadcrumbList","@id":"https:\/\/www.vdhurk.nl\/mercedes-bedrijfswagens\/#breadcrumb","itemListElement":[{"@type":"ListItem","position":1,"name":"Home","item":"https:\/\/www.vdhurk.nl\/home\/"},{"@type":"ListItem","position":2,"name":"Mercedes Bedrijfswagens"}]},{"@type":"WebSite","@id":"https:\/\/www.vdhurk.nl\/#website","url":"https:\/\/www.vdhurk.nl\/","name":"Veh\u00edculos comerciales Van den Hurk","description":"Van den Hurk veh\u00edculos comerciales Helmond","potentialAction":[{"@type":"SearchAction","target":{"@type":"EntryPoint","urlTemplate":"https:\/\/www.vdhurk.nl\/?s={search_term_string}"},"query-input":{"@type":"PropertyValueSpecification","valueRequired":true,"valueName":"search_term_string"}}],"inLanguage":"es"}]}},"_links":{"self":[{"href":"https:\/\/www.vdhurk.nl\/es\/wp-json\/wp\/v2\/pages\/370573","targetHints":{"allow":["GET"]}}],"collection":[{"href":"https:\/\/www.vdhurk.nl\/es\/wp-json\/wp\/v2\/pages"}],"about":[{"href":"https:\/\/www.vdhurk.nl\/es\/wp-json\/wp\/v2\/types\/page"}],"author":[{"embeddable":true,"href":"https:\/\/www.vdhurk.nl\/es\/wp-json\/wp\/v2\/users\/3"}],"replies":[{"embeddable":true,"href":"https:\/\/www.vdhurk.nl\/es\/wp-json\/wp\/v2\/comments?post=370573"}],"version-history":[{"count":9,"href":"https:\/\/www.vdhurk.nl\/es\/wp-json\/wp\/v2\/pages\/370573\/revisions"}],"predecessor-version":[{"id":372083,"href":"https:\/\/www.vdhurk.nl\/es\/wp-json\/wp\/v2\/pages\/370573\/revisions\/372083"}],"wp:attachment":[{"href":"https:\/\/www.vdhurk.nl\/es\/wp-json\/wp\/v2\/media?parent=370573"}],"curies":[{"name":"wp","href":"https:\/\/api.w.org\/{rel}","templated":true}]}}