{"id":50799,"date":"2022-08-16T09:58:23","date_gmt":"2022-08-16T09:58:23","guid":{"rendered":"https:\/\/vdhurk.bonsaidev.nl\/?page_id=50799"},"modified":"2023-04-26T08:49:28","modified_gmt":"2023-04-26T08:49:28","slug":"wohnmobile","status":"publish","type":"page","link":"https:\/\/www.vdhurk.nl\/de\/camperbussen\/","title":{"rendered":"Wohnmobile"},"content":{"rendered":"<style type=\"text\/css\" data-created_by=\"avia_inline_auto\" id=\"style-css-av-4nbej-61809ecf5e9bb21cc33f7ee31dcc49b2\">\n.avia-section.av-4nbej-61809ecf5e9bb21cc33f7ee31dcc49b2{\nbackground-repeat:no-repeat;\nbackground-image:url(https:\/\/www.vdhurk.nl\/wp-content\/uploads\/2022\/03\/Financial-lease.png);\nbackground-position:50% 50%;\nbackground-attachment:scroll;\n}\n<\/style>\n<div id='av_section_1'  class='avia-section av-4nbej-61809ecf5e9bb21cc33f7ee31dcc49b2 main_color avia-section-no-padding avia-no-border-styling  avia-builder-el-0  el_before_av_section  avia-builder-el-first  head-container av-small-hide av-mini-hide avia-full-stretch avia-bg-style-scroll av-minimum-height av-minimum-height-custom  container_wrap fullsize'  data-section-bg-repeat='stretch'><div class='container av-section-cont-open' style='height:380px'><main  role=\"main\" itemprop=\"mainContentOfPage\"  class='template-page content  av-content-full alpha units'><div class='post-entry post-entry-type-page post-entry-50799'><div class='entry-content-wrapper clearfix'>\n<div class='flex_column_table av-3w867-b337048c8ba0d44fb6c33f690166ec96 sc-av_two_fifth av-equal-height-column-flextable'>\n<style type=\"text\/css\" data-created_by=\"avia_inline_auto\" id=\"style-css-av-3w867-b337048c8ba0d44fb6c33f690166ec96\">\n.flex_column.av-3w867-b337048c8ba0d44fb6c33f690166ec96{\npadding:90px 90px 90px 90px;\nheight:380px;\nbackground-color:#e41c1c;\n}\n<\/style>\n<div class='flex_column av-3w867-b337048c8ba0d44fb6c33f690166ec96 av_two_fifth  avia-builder-el-1  el_before_av_three_fifth  avia-builder-el-first  banner-left first no_margin flex_column_table_cell av-equal-height-column av-align-top'   ><p><section  class='av_textblock_section av-34x5b-9dd3591d61f944ec73c7b1c571ae10ec'  itemscope=\"itemscope\" itemtype=\"https:\/\/schema.org\/CreativeWork\" ><div class='avia_textblock freestyle'  itemprop=\"text\" ><p>Vom Bus zum Wohnmobil<\/p>\n<\/div><\/section><br \/>\n\n<style type=\"text\/css\" data-created_by=\"avia_inline_auto\" id=\"style-css-av-2n713-c05679f3a08ebdf9db45d2a4071db28b\">\n#top .av_textblock_section.av-2n713-c05679f3a08ebdf9db45d2a4071db28b .avia_textblock{\ncolor:#ffffff;\n}\n<\/style>\n<section  class='av_textblock_section av-2n713-c05679f3a08ebdf9db45d2a4071db28b'  itemscope=\"itemscope\" itemtype=\"https:\/\/schema.org\/CreativeWork\" ><div class='avia_textblock av_inherit_color'  itemprop=\"text\" ><h1>Alles \u00fcber Buscampers<\/h1>\n<\/div><\/section><br \/>\n\n<style type=\"text\/css\" data-created_by=\"avia_inline_auto\" id=\"style-css-av-28dp3-7fa4a9571da3bd8023e9d812fede9695\">\n#top .hr.hr-invisible.av-28dp3-7fa4a9571da3bd8023e9d812fede9695{\nheight:15px;\n}\n<\/style>\n<div  class='hr av-28dp3-7fa4a9571da3bd8023e9d812fede9695 hr-invisible  avia-builder-el-4  el_after_av_textblock  avia-builder-el-last'><span class='hr-inner'><span class=\"hr-inner-style\"><\/span><\/span><\/div><\/p><\/div><div class='flex_column av-sg6b-83d21c1385e2c3b6903c57e20ad0efc8 av_three_fifth  avia-builder-el-5  el_after_av_two_fifth  avia-builder-el-last  no_margin flex_column_table_cell av-equal-height-column av-align-top avia-full-stretch'   ><\/div><\/div><!--close column table wrapper. Autoclose: 1 -->\n\n<\/div><\/div><\/main><!-- close content main element --><\/div><\/div><div id='av_section_2'  class='avia-section av-3vpowjz-67d384d24ed4ebfcf66c46db46471679 main_color avia-section-default avia-no-border-styling  avia-builder-el-6  el_after_av_section  el_before_av_section  avia-bg-style-scroll container_wrap fullsize'  ><div class='container av-section-cont-open' ><div class='template-page content  av-content-full alpha units'><div class='post-entry post-entry-type-page post-entry-50799'><div class='entry-content-wrapper clearfix'>\n\n<style type=\"text\/css\" data-created_by=\"avia_inline_auto\" id=\"style-css-av-3es5bf3-bbab8d78b0b15b1ed445e37a3317bc59\">\n.flex_column.av-3es5bf3-bbab8d78b0b15b1ed445e37a3317bc59{\nwidth:18%;\n}\n<\/style>\n<div class='flex_column av-3es5bf3-bbab8d78b0b15b1ed445e37a3317bc59 av_one_fifth  avia-builder-el-7  el_before_av_three_fifth  avia-builder-el-first  first flex_column_div'   ><\/div>\n<style type=\"text\/css\" data-created_by=\"avia_inline_auto\" id=\"style-css-av-a6f8vj-76eef170d7dff51c49e1749a1a39f9c7\">\n.flex_column.av-a6f8vj-76eef170d7dff51c49e1749a1a39f9c7{\nwidth:59%;\nmargin-left:2.5%;\n}\n<\/style>\n<div class='flex_column av-a6f8vj-76eef170d7dff51c49e1749a1a39f9c7 av_three_fifth  avia-builder-el-8  el_after_av_one_fifth  el_before_av_one_fifth  flex_column_div'   ><section  class='av_textblock_section av-lgw01zel-aff5c8f2a41f87e36714912234c4d8fb'  itemscope=\"itemscope\" itemtype=\"https:\/\/schema.org\/CreativeWork\" ><div class='avia_textblock'  itemprop=\"text\" ><h2>BUSCAMPERS<\/h2>\n<p>Wohnmobile erfreuen sich seit einiger Zeit gro\u00dfer Beliebtheit, vor allem in den letzten Jahren, da die Nachfrage nach Transportern enorm gestiegen und das Angebot geschrumpft ist.<\/p>\n<\/div><\/section><br \/>\n\n<style type=\"text\/css\" data-created_by=\"avia_inline_auto\" id=\"style-css-av-2oyndsf-d4341ca95e2c43241543660fcac041c6\">\n#top .hr.hr-invisible.av-2oyndsf-d4341ca95e2c43241543660fcac041c6{\nheight:20px;\n}\n<\/style>\n<div  class='hr av-2oyndsf-d4341ca95e2c43241543660fcac041c6 hr-invisible  avia-builder-el-10  el_after_av_textblock  el_before_av_video'><span class='hr-inner'><span class=\"hr-inner-style\"><\/span><\/span><\/div><br \/>\n\n<style type=\"text\/css\" data-created_by=\"avia_inline_auto\" id=\"style-css-av-lgw03cwy-dd6ed3870ffa1ff5648a1b53724bcd0b\">\n.avia-video.av-lgw03cwy-dd6ed3870ffa1ff5648a1b53724bcd0b{\nbackground-image:url(https:\/\/www.vdhurk.nl\/wp-content\/uploads\/2023\/04\/Thumbnail-Camperbus-300x188.png);\n}\n<\/style>\n<div  class='avia-video av-lgw03cwy-dd6ed3870ffa1ff5648a1b53724bcd0b avia-video-16-9 av-preview-image avia-video-load-always av-lazyload-immediate av-lazyload-video-embed'  itemprop=\"video\" itemtype=\"https:\/\/schema.org\/VideoObject\"  data-original_url='https:\/\/youtu.be\/uQTewV7nGZg'><script type='text\/html' class='av-video-tmpl'><div class='avia-iframe-wrap'><iframe loading=\"lazy\" title=\"Buscamper bouwen? Uitleg over enkele modellen en categorien.\" width=\"1500\" height=\"844\" src=\"https:\/\/www.youtube.com\/embed\/uQTewV7nGZg?feature=oembed&autoplay=1&loop=0&controls=1&mute=1\" frameborder=\"0\" allow=\"accelerometer; autoplay; clipboard-write; encrypted-media; gyroscope; picture-in-picture\" allowfullscreen><\/iframe><\/div><\/script><div class='av-click-to-play-overlay'><div class=\"avia_playpause_icon\"><\/div><\/div><\/div><br \/>\n\n<style type=\"text\/css\" data-created_by=\"avia_inline_auto\" id=\"style-css-av-1khvytr-34aad970eaece9efef8521ccd5158779\">\n#top .hr.hr-invisible.av-1khvytr-34aad970eaece9efef8521ccd5158779{\nheight:20px;\n}\n<\/style>\n<div  class='hr av-1khvytr-34aad970eaece9efef8521ccd5158779 hr-invisible  avia-builder-el-12  el_after_av_video  el_before_av_textblock'><span class='hr-inner'><span class=\"hr-inner-style\"><\/span><\/span><\/div><br \/>\n<section  class='av_textblock_section av-lgvzzgiw-2fcfc063989a751fe5d0972326f7a3ea'  itemscope=\"itemscope\" itemtype=\"https:\/\/schema.org\/CreativeWork\" ><div class='avia_textblock av_inherit_color'  itemprop=\"text\" ><h3>WAS WERDEN SIE SELBST MACHEN UND WAS WERDEN SIE AUSLAGERN;<\/h3>\n<p>Der Selbstbau ist ein sehr unterhaltsames Vorhaben und gibt dem Auto, mit dem Sie diese besonderen Momente erleben werden, das Gef\u00fchl, wirklich Ihr eigenes zu sein. Aber nehmen Sie es nicht auf die leichte Schulter. Sie bauen sozusagen ein kleines Haus, mit vielen Herausforderungen wie Isolierung, Elektrizit\u00e4t, Innenausstattung, Layout und vielem mehr. Machen Sie das gut? Dann wird das Auto seinen Wert behalten, daher liegt der Schwerpunkt hier eindeutig auf der richtigen Ausstattung und der Verwendung der richtigen Materialien.<\/p>\n<p>Sie sind selbst weniger handwerklich begabt, m\u00f6chten das Fahrzeug aber trotzdem ganz nach Ihren W\u00fcnschen einrichten? Dann finden Sie viele Wohnmobilausbauer im Land, viele von ihnen sind Profis in der Inneneinrichtung und haben ein gutes Auge f\u00fcrs Detail. Gemeinsam mit ihnen erstellen Sie den Plan, welche Einrichtung und welcher Geschmack am besten zu Ihnen passt. Nach den ersten Gespr\u00e4chen gibt es oft eine Orientierung f\u00fcr ein Nutzfahrzeugmodell vom kleinsten Transporter bis zum gro\u00dfen Lkw als Basis.<\/p>\n<h3>WORAUF SIE BEIM KAUF ACHTEN SOLLTEN;<\/h3>\n<p>Das Budget ist wichtig, aber vergessen Sie nicht, dass ein vern\u00fcnftiger Einbau auch nicht billig sein wird. Bauen Sie diese Innenausstattung in ein altes Auto mit einem hohen Kilometerstand ein? Dann wird der Wiederverkaufswert schnell sinken und k\u00fcnftige Inzahlungnahmen oder Verk\u00e4ufe werden oft sehr viel schwieriger sein (und ja, wenn Sie erst einmal den Dreh raus haben, werden Sie bald ein neues Projekt im Kopf haben). Noch wichtiger ist, dass Sie die Zuverl\u00e4ssigkeit Ihres Autos sch\u00e4tzen, denn schlie\u00dflich geht es um die Tage, an denen Sie Ihre wohlverdienten Fahrten genie\u00dfen und sich nicht mit der \u00f6rtlichen Werkstatt herumschlagen m\u00fcssen, um Fehler zu beheben.<\/p>\n<h3>WELCHES FORMAT BEN\u00d6TIGEN SIE?<\/h3>\n<p>Die wirklich \"Eingefleischten\" kommen schon mit einem Ford Transit Connect aus (ja, im Ernst), hier hat man nach den notwendigen Umbauten gerade genug Platz zum Liegen und kann eine K\u00fcchenzeile unter der Schlafgelegenheit herausziehen, um au\u00dfen im Auto zu kochen.<\/p>\n<p>Viele Leute finden das zu klein und wenn mehr als 2 Schlafpl\u00e4tze ben\u00f6tigt werden, ist das nat\u00fcrlich keine Option. Die n\u00e4chste Stufe sind die bekannten Volkswagen California, Mercedes Marco Polo und Ford Transit im Nugget-Format, ger\u00e4umig f\u00fcr 2 Personen, aber mit einem erh\u00f6hten Dach mit Schlafm\u00f6glichkeiten bereits m\u00f6glich, mit 4 Personen im Auto zu campen. Wir empfehlen, letzteres im Voraus mit einem Mietwagen zu testen. Wenn alle f\u00fcr die Nacht eingebaut sind, ist es zwar gem\u00fctlich, aber die t\u00e4gliche Umstellung von Tag- auf Nachtversorgung und umgekehrt kann recht umst\u00e4ndlich sein.<\/p>\n<p>Boxer\/ Jumper\/ Ducato, das sind Modelle, die seit ihrer Einf\u00fchrung bei den Reisemobilisten beliebt sind, sie haben Breite! Dies sind die einzigen Modelle, in denen man in der Breite schlafen kann (ohne jegliche \u00c4nderungen am Aufbau), bis zu 1,96 m! Dies erleichtert die M\u00f6glichkeiten der Innenraumgestaltung und ein Tisch und eine Sitzbank hinter den Vordersitzen lassen sich leicht realisieren.<\/p>\n<p>Wenn man sich die l\u00e4ngeren Versionen der Ducato\/Boxer\/Jumper\/Master\/Movano-Baureihe anschaut, sieht man oft, dass es sich um Fahrzeuge mit Frontantrieb handelt, was sch\u00f6n ist, weil man einen niedrigen Einstieg hat, aber der Wendekreis (man denke an die sch\u00f6nen malerischen Orte) ist viel gr\u00f6\u00dfer.<\/p>\n<p>Unter den gr\u00f6\u00dferen Modellen k\u00f6nnten Sie sich auch die Modelle Transit\/Crafter (2006-2018)\/Sprinter ansehen. Diese Fahrzeuge sind eher f\u00fcr schwere Arbeiten gebaut und haben ein anderes Fahrgestell mit Hinterradantrieb (Probefahrt ist Erfahrung).<\/p>\n<p>Sehen Sie sofort, was wir zu bieten haben?<\/p>\n<\/div><\/section><br \/>\n\n<style type=\"text\/css\" data-created_by=\"avia_inline_auto\" id=\"style-css-av-1jjtz0v-f401d03f006f67527f6988fa6a7725ec\">\n#top .hr.hr-invisible.av-1jjtz0v-f401d03f006f67527f6988fa6a7725ec{\nheight:20px;\n}\n<\/style>\n<div  class='hr av-1jjtz0v-f401d03f006f67527f6988fa6a7725ec hr-invisible  avia-builder-el-14  el_after_av_textblock  el_before_av_button'><span class='hr-inner'><span class=\"hr-inner-style\"><\/span><\/span><\/div><br \/>\n<div  class='avia-button-wrap avia-button-left  avia-builder-el-15  el_after_av_hr  el_before_av_image' ><a href='https:\/\/www.vdhurk.nl\/de\/nutzfahrzeuge\/'  class='avia-button av-lgw1xrd9-5d4f76edbf6f127f7c57779fb6848f37 avia-icon_select-no avia-size-medium avia-position-left avia-color-theme-color-highlight' ><span class='avia_iconbox_title' >Siehe unser Lager<\/span><\/a><\/div><br \/>\n\n<style type=\"text\/css\" data-created_by=\"avia_inline_auto\" id=\"style-css-av-lgw1p6k3-95a6301aad5cfaa19d8f357b1d34796d\">\n.avia-image-container.av-lgw1p6k3-95a6301aad5cfaa19d8f357b1d34796d .av-image-caption-overlay-center{\ncolor:#ffffff;\n}\n<\/style>\n<div  class='avia-image-container av-lgw1p6k3-95a6301aad5cfaa19d8f357b1d34796d av-styling- avia-align-center  avia-builder-el-16  el_after_av_button  el_before_av_hr'  itemprop=\"image\" itemscope=\"itemscope\" itemtype=\"https:\/\/schema.org\/ImageObject\" ><div class=\"avia-image-container-inner\"><div class=\"avia-image-overlay-wrap\"><img decoding=\"async\" class='wp-image- avia-img-lazy-loading-not- avia_image' src=\"https:\/\/www.vdhurk.nl\/wp-content\/uploads\/autobedrijfvoertuigen\/voertuig\/32.694.942\/11844392683-32694942-5-300x225.jpg\" alt='' title=''   itemprop=\"thumbnailUrl\"  \/><\/div><\/div><\/div><br \/>\n\n<style type=\"text\/css\" data-created_by=\"avia_inline_auto\" id=\"style-css-av-12nptqn-d9921720a02dce648b729235df61d7a1\">\n#top .hr.hr-invisible.av-12nptqn-d9921720a02dce648b729235df61d7a1{\nheight:20px;\n}\n<\/style>\n<div  class='hr av-12nptqn-d9921720a02dce648b729235df61d7a1 hr-invisible  avia-builder-el-17  el_after_av_image  el_before_av_textblock'><span class='hr-inner'><span class=\"hr-inner-style\"><\/span><\/span><\/div><br \/>\n<section  class='av_textblock_section av-lgw1mclq-d7d10076c919bf8c2048026583a28a76'  itemscope=\"itemscope\" itemtype=\"https:\/\/schema.org\/CreativeWork\" ><div class='avia_textblock av_inherit_color'  itemprop=\"text\" ><h3>WAS K\u00d6NNEN WIR F\u00dcR SIE TUN?<\/h3>\n<p>Wir folgen gerne dem Enthusiasmus des Kunden und versuchen, die bestm\u00f6gliche Beratung zu geben, aber das Anschauen, Einsteigen und Fahren von Modellen ist genau das, was man braucht, um sich ein gutes Bild zu machen. Normalerweise haben wir mit unserem Bestand von +\/- 400 Fahrzeugen eine ganze Reihe von Varianten auf Lager.<\/p>\n<p>Wir k\u00f6nnen bis zum Zeitpunkt des Aufbaus in Bereichen wie; Technische Vorbereitung des Autos es die Garantie Schicht bis nach dem Auto umgebaut wurde. Wir k\u00f6nnen bereits kleiden sich das Auto mit allen sch\u00fctzenden Seite \/ Sto\u00dfstangen, sch\u00f6ne Felgen, Parkkameras, Tempomat, Einbau eines Luxus-Sitz statt der Beifahrersitzbank, sondern auch die Anpassung der Fenster ist oft beim Kauf getan.<\/p>\n<h3>BPM, WIE FUNKTIONIERT DAS?<\/h3>\n<p>Ein h\u00e4ufiger Fehler ist, dass die Leute nicht wissen, dass die BPM bezahlt werden muss. Viele Werkst\u00e4tten nutzen dies auch als Ausrede und sagen, dass dies nicht der Fall ist, solange der Firmenwagen \u00e4lter als 5 Jahre ist. FALSCH! Als Privatperson m\u00fcssen Sie beim Kauf eines Firmenwagens, der 60 Monate alt ist, keine BPM zahlen. Wenn Sie den Wagen jedoch bei der RDW anbieten, wird das Nummernschild von grau auf gelb ge\u00e4ndert, und die restliche BPM wird ebenfalls f\u00e4llig. Neugierig auf die H\u00f6he der BPM? Wir k\u00f6nnen dies f\u00fcr Sie pro Fahrzeug pr\u00fcfen.<\/p>\n<p>Wann k\u00f6nnen Sie BPM kostenlos kaufen? Es gibt eine Ausnahme, die viele \u00fcbersehen, denn wir inserieren Personenbusse bereits inklusive Rest-BPM oder sogar BPM-frei (bitte beachten Sie, dass viele Anzeigen von Personenbussen bei unseren Mitbewerbern Nettoexporte sind, so dass die BPM noch hinzukommen).<\/p>\n<p>Ein weiterer Vorteil dieser Reisebusse ist, dass sie bereits rundum mit Fenstern ausgestattet sind, dass sie an den Seitenw\u00e4nden sauber verarbeitet sind, dass sie \u00fcber einen Dachhimmel und bereits zugelassene Sitze verf\u00fcgen - eine Kategorie, die oft \u00fcbersehen wird.<\/p>\n<\/div><\/section><br \/>\n\n<style type=\"text\/css\" data-created_by=\"avia_inline_auto\" id=\"style-css-av-10x30wf-cc6852f741b949cd00ad7a58f4122ae9\">\n#top .hr.hr-invisible.av-10x30wf-cc6852f741b949cd00ad7a58f4122ae9{\nheight:20px;\n}\n<\/style>\n<div  class='hr av-10x30wf-cc6852f741b949cd00ad7a58f4122ae9 hr-invisible  avia-builder-el-19  el_after_av_textblock  avia-builder-el-last'><span class='hr-inner'><span class=\"hr-inner-style\"><\/span><\/span><\/div><\/p><\/div>\n<style type=\"text\/css\" data-created_by=\"avia_inline_auto\" id=\"style-css-av-rmnuen-17f9f303c492b8db0abe2b0dcb02ff5d\">\n.flex_column.av-rmnuen-17f9f303c492b8db0abe2b0dcb02ff5d{\nwidth:18%;\nmargin-left:2.5%;\n}\n<\/style>\n<div class='flex_column av-rmnuen-17f9f303c492b8db0abe2b0dcb02ff5d av_one_fifth  avia-builder-el-20  el_after_av_three_fifth  avia-builder-el-last  flex_column_div'   ><\/div><\/div><\/div><\/div><!-- close content main div --><\/div><\/div>\n<style type=\"text\/css\" data-created_by=\"avia_inline_auto\" id=\"style-css-av-l0nx5vch-61a276b5a8af02c9d25c6ca672a66eca\">\n.avia-section.av-l0nx5vch-61a276b5a8af02c9d25c6ca672a66eca{\nbackground-repeat:no-repeat;\nbackground-image:url(https:\/\/www.vdhurk.nl\/wp-content\/uploads\/2022\/03\/lease-calculator.png);\nbackground-position:50% 50%;\nbackground-attachment:scroll;\n}\n<\/style>\n<div id='lease-calculator'  class='avia-section av-l0nx5vch-61a276b5a8af02c9d25c6ca672a66eca main_color avia-section-large avia-no-border-styling  avia-builder-el-21  el_after_av_section  avia-builder-el-last  avia-full-stretch avia-bg-style-scroll container_wrap fullsize'  data-section-bg-repeat='stretch'><div class='container av-section-cont-open' ><div class='template-page content  av-content-full alpha units'><div class='post-entry post-entry-type-page post-entry-50799'><div class='entry-content-wrapper clearfix'><\/p>","protected":false},"excerpt":{"rendered":"","protected":false},"author":2,"featured_media":0,"parent":0,"menu_order":0,"comment_status":"closed","ping_status":"closed","template":"","meta":{"_acf_changed":false,"_improvement_type_select":"improve_an_existing","_thumb_yes_seoaic":false,"_frame_yes_seoaic":false,"seoaic_generate_description":"","seoaic_improve_instructions_prompt":"","seoaic_rollback_content_improvement":"","seoaic_idea_thumbnail_generator":"","thumbnail_generated":false,"thumbnail_generate_prompt":"","seoaic_article_description":"","footnotes":""},"class_list":["post-50799","page","type-page","status-publish","hentry"],"acf":[],"yoast_head":"<!-- This site is optimized with the Yoast SEO plugin v27.5 - https:\/\/yoast.com\/product\/yoast-seo-wordpress\/ -->\n<title>Camperbussen - Van den Hurk Bedrijfswagens<\/title>\n<meta name=\"robots\" content=\"index, follow, max-snippet:-1, max-image-preview:large, max-video-preview:-1\" \/>\n<link rel=\"canonical\" href=\"https:\/\/www.vdhurk.nl\/de\/wohnmobile\/\" \/>\n<meta property=\"og:locale\" content=\"de_DE\" \/>\n<meta property=\"og:type\" content=\"article\" \/>\n<meta property=\"og:title\" content=\"Camperbussen - Van den Hurk Bedrijfswagens\" \/>\n<meta property=\"og:url\" content=\"https:\/\/www.vdhurk.nl\/de\/wohnmobile\/\" \/>\n<meta property=\"og:site_name\" content=\"Van den Hurk Bedrijfswagens\" \/>\n<meta property=\"article:modified_time\" content=\"2023-04-26T08:49:28+00:00\" \/>\n<meta name=\"twitter:card\" content=\"summary_large_image\" \/>\n<meta name=\"twitter:label1\" content=\"Gesch\u00e4tzte Lesezeit\" \/>\n\t<meta name=\"twitter:data1\" content=\"9\u00a0Minuten\" \/>\n<script type=\"application\/ld+json\" class=\"yoast-schema-graph\">{\"@context\":\"https:\\\/\\\/schema.org\",\"@graph\":[{\"@type\":\"WebPage\",\"@id\":\"https:\\\/\\\/www.vdhurk.nl\\\/camperbussen\\\/\",\"url\":\"https:\\\/\\\/www.vdhurk.nl\\\/camperbussen\\\/\",\"name\":\"Camperbussen - Van den Hurk Bedrijfswagens\",\"isPartOf\":{\"@id\":\"https:\\\/\\\/www.vdhurk.nl\\\/#website\"},\"datePublished\":\"2022-08-16T09:58:23+00:00\",\"dateModified\":\"2023-04-26T08:49:28+00:00\",\"breadcrumb\":{\"@id\":\"https:\\\/\\\/www.vdhurk.nl\\\/camperbussen\\\/#breadcrumb\"},\"inLanguage\":\"de\",\"potentialAction\":[{\"@type\":\"ReadAction\",\"target\":[\"https:\\\/\\\/www.vdhurk.nl\\\/camperbussen\\\/\"]}]},{\"@type\":\"BreadcrumbList\",\"@id\":\"https:\\\/\\\/www.vdhurk.nl\\\/camperbussen\\\/#breadcrumb\",\"itemListElement\":[{\"@type\":\"ListItem\",\"position\":1,\"name\":\"Home\",\"item\":\"https:\\\/\\\/www.vdhurk.nl\\\/home\\\/\"},{\"@type\":\"ListItem\",\"position\":2,\"name\":\"Camperbussen\"}]},{\"@type\":\"WebSite\",\"@id\":\"https:\\\/\\\/www.vdhurk.nl\\\/#website\",\"url\":\"https:\\\/\\\/www.vdhurk.nl\\\/\",\"name\":\"Van den Hurk Bedrijfswagens\",\"description\":\"Van den Hurk bedrijfswagens Helmond\",\"potentialAction\":[{\"@type\":\"SearchAction\",\"target\":{\"@type\":\"EntryPoint\",\"urlTemplate\":\"https:\\\/\\\/www.vdhurk.nl\\\/?s={search_term_string}\"},\"query-input\":{\"@type\":\"PropertyValueSpecification\",\"valueRequired\":true,\"valueName\":\"search_term_string\"}}],\"inLanguage\":\"de\"}]}<\/script>\n<!-- \/ Yoast SEO plugin. -->","yoast_head_json":{"title":"Wohnmobil-Busse - Van den Hurk Bedrijfswagens","robots":{"index":"index","follow":"follow","max-snippet":"max-snippet:-1","max-image-preview":"max-image-preview:large","max-video-preview":"max-video-preview:-1"},"canonical":"https:\/\/www.vdhurk.nl\/de\/wohnmobile\/","og_locale":"de_DE","og_type":"article","og_title":"Camperbussen - Van den Hurk Bedrijfswagens","og_url":"https:\/\/www.vdhurk.nl\/de\/wohnmobile\/","og_site_name":"Van den Hurk Bedrijfswagens","article_modified_time":"2023-04-26T08:49:28+00:00","twitter_card":"summary_large_image","twitter_misc":{"Gesch\u00e4tzte Lesezeit":"9\u00a0Minuten"},"schema":{"@context":"https:\/\/schema.org","@graph":[{"@type":"WebPage","@id":"https:\/\/www.vdhurk.nl\/camperbussen\/","url":"https:\/\/www.vdhurk.nl\/camperbussen\/","name":"Wohnmobil-Busse - Van den Hurk Bedrijfswagens","isPartOf":{"@id":"https:\/\/www.vdhurk.nl\/#website"},"datePublished":"2022-08-16T09:58:23+00:00","dateModified":"2023-04-26T08:49:28+00:00","breadcrumb":{"@id":"https:\/\/www.vdhurk.nl\/camperbussen\/#breadcrumb"},"inLanguage":"de","potentialAction":[{"@type":"ReadAction","target":["https:\/\/www.vdhurk.nl\/camperbussen\/"]}]},{"@type":"BreadcrumbList","@id":"https:\/\/www.vdhurk.nl\/camperbussen\/#breadcrumb","itemListElement":[{"@type":"ListItem","position":1,"name":"Home","item":"https:\/\/www.vdhurk.nl\/home\/"},{"@type":"ListItem","position":2,"name":"Camperbussen"}]},{"@type":"WebSite","@id":"https:\/\/www.vdhurk.nl\/#website","url":"https:\/\/www.vdhurk.nl\/","name":"Van den Hurk Nutzfahrzeuge","description":"Van den Hurk Nutzfahrzeuge Helmond","potentialAction":[{"@type":"SearchAction","target":{"@type":"EntryPoint","urlTemplate":"https:\/\/www.vdhurk.nl\/?s={search_term_string}"},"query-input":{"@type":"PropertyValueSpecification","valueRequired":true,"valueName":"search_term_string"}}],"inLanguage":"de"}]}},"_links":{"self":[{"href":"https:\/\/www.vdhurk.nl\/de\/wp-json\/wp\/v2\/pages\/50799","targetHints":{"allow":["GET"]}}],"collection":[{"href":"https:\/\/www.vdhurk.nl\/de\/wp-json\/wp\/v2\/pages"}],"about":[{"href":"https:\/\/www.vdhurk.nl\/de\/wp-json\/wp\/v2\/types\/page"}],"author":[{"embeddable":true,"href":"https:\/\/www.vdhurk.nl\/de\/wp-json\/wp\/v2\/users\/2"}],"replies":[{"embeddable":true,"href":"https:\/\/www.vdhurk.nl\/de\/wp-json\/wp\/v2\/comments?post=50799"}],"version-history":[{"count":21,"href":"https:\/\/www.vdhurk.nl\/de\/wp-json\/wp\/v2\/pages\/50799\/revisions"}],"predecessor-version":[{"id":189944,"href":"https:\/\/www.vdhurk.nl\/de\/wp-json\/wp\/v2\/pages\/50799\/revisions\/189944"}],"wp:attachment":[{"href":"https:\/\/www.vdhurk.nl\/de\/wp-json\/wp\/v2\/media?parent=50799"}],"curies":[{"name":"wp","href":"https:\/\/api.w.org\/{rel}","templated":true}]}}