{"id":488093,"date":"2025-04-29T14:53:31","date_gmt":"2025-04-29T12:53:31","guid":{"rendered":"https:\/\/www.vdhurk.nl\/?page_id=488093"},"modified":"2025-04-29T14:53:31","modified_gmt":"2025-04-29T12:53:31","slug":"maschine","status":"publish","type":"page","link":"https:\/\/www.vdhurk.nl\/de\/toyota-bedrijfswagens\/proace\/automaat\/","title":{"rendered":"Toyta Proace Automatikgetriebe"},"content":{"rendered":"<section  class='av_textblock_section av-lu8gnh7d-4ac895489941e586c1d7c8cb72318135'  itemscope=\"itemscope\" itemtype=\"https:\/\/schema.org\/CreativeWork\" ><div class='avia_textblock'  itemprop=\"text\" ><h1>Der Toyota Proace automatic f\u00fcr Ihr Unternehmen<\/h1>\n<p>Suchen Sie ein zuverl\u00e4ssiges und vielseitiges Nutzfahrzeug, das Ihr Unternehmen wirklich voranbringt? Der Toyota Proace Automatik ist seit Jahren ein Favorit unter Unternehmern, und das aus gutem Grund. Seine Zuverl\u00e4ssigkeit, sein Komfort und seine Flexibilit\u00e4t machen ihn zum Firmenwagen f\u00fcr jede Herausforderung.<br \/>\nSind Sie neugierig, was der Proace f\u00fcr Ihr Unternehmen tun kann? Lesen Sie schnell weiter.<\/p>\n<\/div><\/section>\n\n<style type=\"text\/css\" data-created_by=\"avia_inline_auto\" id=\"style-css-av-lujjddpd-afa3d7a9eabd61123e643ed1228e781e\">\n#top .hr.hr-invisible.av-lujjddpd-afa3d7a9eabd61123e643ed1228e781e{\nheight:50px;\n}\n<\/style>\n<div  class='hr av-lujjddpd-afa3d7a9eabd61123e643ed1228e781e hr-invisible  avia-builder-el-1  el_after_av_textblock  el_before_av_codeblock'><span class='hr-inner'><span class=\"hr-inner-style\"><\/span><\/span><\/div>\n\n\n<style type=\"text\/css\" data-created_by=\"avia_inline_auto\" id=\"style-css-av-ah0xd-63338d9dc6b40410e22a712829c369d6\">\n#top .hr.hr-invisible.av-ah0xd-63338d9dc6b40410e22a712829c369d6{\nheight:50px;\n}\n<\/style>\n<div  class='hr av-ah0xd-63338d9dc6b40410e22a712829c369d6 hr-invisible  avia-builder-el-3  el_after_av_codeblock  el_before_av_textblock'><span class='hr-inner'><span class=\"hr-inner-style\"><\/span><\/span><\/div>\n<section  class='av_textblock_section av-lu8gow1e-300853e458ed741bd87d6cb78e55cc7a'  itemscope=\"itemscope\" itemtype=\"https:\/\/schema.org\/CreativeWork\" ><div class='avia_textblock'  itemprop=\"text\" ><h2>Warum ein automatischer Firmenwagen?<\/h2>\n<p>Ein Nutzfahrzeug mit Automatikgetriebe entspricht perfekt den Anforderungen des modernen Unternehmers. Der gr\u00f6\u00dfte Vorteil? Der Komfort. Man muss nicht mehr schalten, was vor allem im dichten Stadtverkehr oder bei Staus eine Erleichterung ist. Viele Fahrer empfinden ein Automatikgetriebe als benutzerfreundlicher und angenehmer im t\u00e4glichen Gebrauch. Au\u00dferdem kann man sich mit einem Automatikgetriebe besser auf die Stra\u00dfe konzentrieren und muss sich keine Gedanken \u00fcber das Abbiegen machen, ein Risiko, das bei manuellen Fahrzeugen immer noch besteht. Kurzum: mehr Komfort, weniger \u00c4rger. Eine Automatik ist mehr als eine \u00dcberlegung wert.<\/p>\n<\/div><\/section>\n<div class='flex_column av-f64w1-da126f42b61613402309283c14245a25 av_one_half  avia-builder-el-5  el_after_av_textblock  el_before_av_one_third  first flex_column_div column-top-margin'   ><section  class='av_textblock_section av-lu8gpqre-73cc2c17e6a6497ba6e1b58af22bd9e8'  itemscope=\"itemscope\" itemtype=\"https:\/\/schema.org\/CreativeWork\" ><div class='avia_textblock'  itemprop=\"text\" ><h2>Merkmale und Versionen<\/h2>\n<p>Der Toyota Proace automatic ist ein praktisches und vielseitiges Nutzfahrzeug, das sich m\u00fchelos an eine Vielzahl von Gesch\u00e4ftsanforderungen anpassen l\u00e4sst. Mit reichlich Ladekapazit\u00e4t, einem leistungsstarken Motor und einer Auswahl an L\u00e4ngen und Grundrissen gibt es immer eine Version, die zu Ihrem Arbeitsalltag passt. Ob Sie nun Waren oder Personen transportieren, der Proace bietet Platz f\u00fcr bis zu neun Sitze und verbindet Funktionalit\u00e4t mit Komfort. Dank seines durchdachten Konzepts eignet er sich sowohl f\u00fcr Fahrten in der Stadt als auch f\u00fcr lange Strecken und bleibt unter allen Bedingungen zuverl\u00e4ssig.<\/p>\n<\/div><\/section><\/div><div class='flex_column av-aldk9-ee694297f5c4032981677a02caab84d6 av_one_third  avia-builder-el-7  el_after_av_one_half  el_before_av_hr  flex_column_div column-top-margin'   ><style type=\"text\/css\" data-created_by=\"avia_inline_auto\" id=\"style-css-av-l1w9kpsf-4ec3fab772ec7a9adaa33cfc64ff0475\">\n.avia-image-container.av-l1w9kpsf-4ec3fab772ec7a9adaa33cfc64ff0475 .av-image-caption-overlay-center{\ncolor:#ffffff;\n}\n<\/style>\n<div  class='avia-image-container av-l1w9kpsf-4ec3fab772ec7a9adaa33cfc64ff0475 av-styling- avia-align-center  avia-builder-el-8  avia-builder-el-no-sibling'  itemprop=\"image\" itemscope=\"itemscope\" itemtype=\"https:\/\/schema.org\/ImageObject\" ><div class=\"avia-image-container-inner\"><div class=\"avia-image-overlay-wrap\"><img decoding=\"async\" class='wp-image-187 avia-img-lazy-loading-not-187 avia_image' src=\"https:\/\/www.vdhurk.nl\/wp-content\/uploads\/2022\/03\/Voorrad.png\" alt='' title='Lagerbestand'  height=\"758\" width=\"1135\"  itemprop=\"thumbnailUrl\" srcset=\"https:\/\/www.vdhurk.nl\/wp-content\/uploads\/2022\/03\/Voorrad.png 1135w, https:\/\/www.vdhurk.nl\/wp-content\/uploads\/2022\/03\/Voorrad-300x200.png 300w, https:\/\/www.vdhurk.nl\/wp-content\/uploads\/2022\/03\/Voorrad-1030x688.png 1030w, https:\/\/www.vdhurk.nl\/wp-content\/uploads\/2022\/03\/Voorrad-768x513.png 768w, https:\/\/www.vdhurk.nl\/wp-content\/uploads\/2022\/03\/Voorrad-18x12.png 18w, https:\/\/www.vdhurk.nl\/wp-content\/uploads\/2022\/03\/Voorrad-705x471.png 705w\" sizes=\"(max-width: 1135px) 100vw, 1135px\" \/><\/div><\/div><\/div><\/div><\/p>\n\n<style type=\"text\/css\" data-created_by=\"avia_inline_auto\" id=\"style-css-av-luqrjpjc-5a23a1fb5f94718ca85316a9df963e2f\">\n#top .hr.hr-invisible.av-luqrjpjc-5a23a1fb5f94718ca85316a9df963e2f{\nheight:50px;\n}\n<\/style>\n<div  class='hr av-luqrjpjc-5a23a1fb5f94718ca85316a9df963e2f hr-invisible  avia-builder-el-9  el_after_av_one_third  el_before_av_textblock'><span class='hr-inner'><span class=\"hr-inner-style\"><\/span><\/span><\/div>\n<section  class='av_textblock_section av-lu8gtjw7-4f3cee9304909518d86d2860d9d582dd'  itemscope=\"itemscope\" itemtype=\"https:\/\/schema.org\/CreativeWork\" ><div class='avia_textblock'  itemprop=\"text\" ><h2>Was kostet ein Toyota Proace Automatik?<\/h2>\n<p>Der Preis f\u00fcr einen Toyota Proace mit Automatikgetriebe h\u00e4ngt von der Ausstattung und den Optionen ab, die Sie w\u00e4hlen. Ob Sie sich f\u00fcr ein praktisches Einstiegsmodell oder eine umfangreich ausgestattete Variante mit zus\u00e4tzlichem Komfort und Funktionalit\u00e4t entscheiden, es gibt immer einen Proace Automatik, der zu Ihren Bed\u00fcrfnissen und Ihrem Budget passt. Dank der gro\u00dfen Auswahl an Optionen werden Sie keine Schwierigkeiten haben, ein Modell zu finden, das den Anforderungen Ihres Unternehmens entspricht.<\/p>\n<h2>Kauf oder Leasing: Was ist die beste L\u00f6sung f\u00fcr Sie?<\/h2>\n<p>Neben der M\u00f6glichkeit, ein Nutzfahrzeug direkt zu kaufen, ist auch das Leasing eines Toyota Proace eine der Optionen. Beim Finanzierungsleasing werden Sie schrittweise zum Eigent\u00fcmer des Nutzfahrzeugs. Sie zahlen einen festen Betrag pro Monat. Am Ende des Leasingvertrags sind Sie dann der vollst\u00e4ndige Eigent\u00fcmer des Fahrzeugs.<\/p>\n<h2>Entdecken Sie das Angebot und finden Sie Ihren perfekten Firmenwagen<\/h2>\n<p>Sie m\u00f6chten einen Toyota Proace Automatik kaufen, der ganz auf Ihre gesch\u00e4ftlichen Bed\u00fcrfnisse zugeschnitten ist? Oder m\u00f6chten Sie mehr Informationen, um die richtige Wahl zu treffen? Wir helfen Ihnen gerne dabei, mit dem idealen Fahrzeug auf die Stra\u00dfe zu gehen. Sehen Sie sich unser aktuelles Angebot an oder kontaktieren Sie uns.<\/p>\n<\/div><\/section>\n<div class='flex_column av-81no9hv-44a80e93f621b2a9d4a87d97cff509c3 av_one_full  avia-builder-el-11  el_after_av_textblock  avia-builder-el-last  first flex_column_div column-top-margin'   ><\/div>","protected":false},"excerpt":{"rendered":"","protected":false},"author":3,"featured_media":0,"parent":422133,"menu_order":0,"comment_status":"closed","ping_status":"closed","template":"","meta":{"_acf_changed":false,"_improvement_type_select":"improve_an_existing","_thumb_yes_seoaic":false,"_frame_yes_seoaic":false,"seoaic_generate_description":"","seoaic_improve_instructions_prompt":"","seoaic_rollback_content_improvement":"","seoaic_idea_thumbnail_generator":"","thumbnail_generated":false,"thumbnail_generate_prompt":"","seoaic_article_description":"","footnotes":""},"class_list":["post-488093","page","type-page","status-publish","hentry"],"acf":[],"yoast_head":"<!-- This site is optimized with the Yoast SEO plugin v27.5 - https:\/\/yoast.com\/product\/yoast-seo-wordpress\/ -->\n<title>Vind jouw ideale Toyota Proace automaat<\/title>\n<meta name=\"description\" content=\"Op zoek naar een Toyota Proace automaat? Bekijk het ruime aanbod bij Van den Hurk \u2013 jouw betrouwbare partner in bedrijfswagens!\" \/>\n<meta name=\"robots\" content=\"index, follow, max-snippet:-1, max-image-preview:large, max-video-preview:-1\" \/>\n<link rel=\"canonical\" href=\"https:\/\/www.vdhurk.nl\/de\/toyota-nutzfahrzeuge\/proace\/maschine\/\" \/>\n<meta property=\"og:locale\" content=\"de_DE\" \/>\n<meta property=\"og:type\" content=\"article\" \/>\n<meta property=\"og:title\" content=\"Vind jouw ideale Toyota Proace automaat\" \/>\n<meta property=\"og:description\" content=\"Op zoek naar een Toyota Proace automaat? Bekijk het ruime aanbod bij Van den Hurk \u2013 jouw betrouwbare partner in bedrijfswagens!\" \/>\n<meta property=\"og:url\" content=\"https:\/\/www.vdhurk.nl\/de\/toyota-nutzfahrzeuge\/proace\/maschine\/\" \/>\n<meta property=\"og:site_name\" content=\"Van den Hurk Bedrijfswagens\" \/>\n<meta name=\"twitter:card\" content=\"summary_large_image\" \/>\n<meta name=\"twitter:label1\" content=\"Gesch\u00e4tzte Lesezeit\" \/>\n\t<meta name=\"twitter:data1\" content=\"4\u00a0Minuten\" \/>\n<script type=\"application\/ld+json\" class=\"yoast-schema-graph\">{\"@context\":\"https:\\\/\\\/schema.org\",\"@graph\":[{\"@type\":\"WebPage\",\"@id\":\"https:\\\/\\\/www.vdhurk.nl\\\/toyota-bedrijfswagens\\\/proace\\\/automaat\\\/\",\"url\":\"https:\\\/\\\/www.vdhurk.nl\\\/toyota-bedrijfswagens\\\/proace\\\/automaat\\\/\",\"name\":\"Vind jouw ideale Toyota Proace automaat\",\"isPartOf\":{\"@id\":\"https:\\\/\\\/www.vdhurk.nl\\\/#website\"},\"datePublished\":\"2025-04-29T12:53:31+00:00\",\"description\":\"Op zoek naar een Toyota Proace automaat? Bekijk het ruime aanbod bij Van den Hurk \u2013 jouw betrouwbare partner in bedrijfswagens!\",\"breadcrumb\":{\"@id\":\"https:\\\/\\\/www.vdhurk.nl\\\/toyota-bedrijfswagens\\\/proace\\\/automaat\\\/#breadcrumb\"},\"inLanguage\":\"de\",\"potentialAction\":[{\"@type\":\"ReadAction\",\"target\":[\"https:\\\/\\\/www.vdhurk.nl\\\/toyota-bedrijfswagens\\\/proace\\\/automaat\\\/\"]}]},{\"@type\":\"BreadcrumbList\",\"@id\":\"https:\\\/\\\/www.vdhurk.nl\\\/toyota-bedrijfswagens\\\/proace\\\/automaat\\\/#breadcrumb\",\"itemListElement\":[{\"@type\":\"ListItem\",\"position\":1,\"name\":\"Home\",\"item\":\"https:\\\/\\\/www.vdhurk.nl\\\/home\\\/\"},{\"@type\":\"ListItem\",\"position\":2,\"name\":\"Toyota Bedrijfswagens\",\"item\":\"https:\\\/\\\/www.vdhurk.nl\\\/toyota-bedrijfswagens\\\/\"},{\"@type\":\"ListItem\",\"position\":3,\"name\":\"Toyota Proace\",\"item\":\"https:\\\/\\\/www.vdhurk.nl\\\/toyota-bedrijfswagens\\\/proace\\\/\"},{\"@type\":\"ListItem\",\"position\":4,\"name\":\"Toyta Proace automaat\"}]},{\"@type\":\"WebSite\",\"@id\":\"https:\\\/\\\/www.vdhurk.nl\\\/#website\",\"url\":\"https:\\\/\\\/www.vdhurk.nl\\\/\",\"name\":\"Van den Hurk Bedrijfswagens\",\"description\":\"Van den Hurk bedrijfswagens Helmond\",\"potentialAction\":[{\"@type\":\"SearchAction\",\"target\":{\"@type\":\"EntryPoint\",\"urlTemplate\":\"https:\\\/\\\/www.vdhurk.nl\\\/?s={search_term_string}\"},\"query-input\":{\"@type\":\"PropertyValueSpecification\",\"valueRequired\":true,\"valueName\":\"search_term_string\"}}],\"inLanguage\":\"de\"}]}<\/script>\n<!-- \/ Yoast SEO plugin. -->","yoast_head_json":{"title":"Finden Sie Ihren idealen Toyota Proace Automatik","description":"Sie suchen ein Toyota Proace Automatikgetriebe? Schauen Sie sich das breite Angebot bei Van den Hurk an - Ihr zuverl\u00e4ssiger Partner f\u00fcr Nutzfahrzeuge!","robots":{"index":"index","follow":"follow","max-snippet":"max-snippet:-1","max-image-preview":"max-image-preview:large","max-video-preview":"max-video-preview:-1"},"canonical":"https:\/\/www.vdhurk.nl\/de\/toyota-nutzfahrzeuge\/proace\/maschine\/","og_locale":"de_DE","og_type":"article","og_title":"Vind jouw ideale Toyota Proace automaat","og_description":"Op zoek naar een Toyota Proace automaat? Bekijk het ruime aanbod bij Van den Hurk \u2013 jouw betrouwbare partner in bedrijfswagens!","og_url":"https:\/\/www.vdhurk.nl\/de\/toyota-nutzfahrzeuge\/proace\/maschine\/","og_site_name":"Van den Hurk Bedrijfswagens","twitter_card":"summary_large_image","twitter_misc":{"Gesch\u00e4tzte Lesezeit":"4\u00a0Minuten"},"schema":{"@context":"https:\/\/schema.org","@graph":[{"@type":"WebPage","@id":"https:\/\/www.vdhurk.nl\/toyota-bedrijfswagens\/proace\/automaat\/","url":"https:\/\/www.vdhurk.nl\/toyota-bedrijfswagens\/proace\/automaat\/","name":"Finden Sie Ihren idealen Toyota Proace Automatik","isPartOf":{"@id":"https:\/\/www.vdhurk.nl\/#website"},"datePublished":"2025-04-29T12:53:31+00:00","description":"Sie suchen ein Toyota Proace Automatikgetriebe? Schauen Sie sich das breite Angebot bei Van den Hurk an - Ihr zuverl\u00e4ssiger Partner f\u00fcr Nutzfahrzeuge!","breadcrumb":{"@id":"https:\/\/www.vdhurk.nl\/toyota-bedrijfswagens\/proace\/automaat\/#breadcrumb"},"inLanguage":"de","potentialAction":[{"@type":"ReadAction","target":["https:\/\/www.vdhurk.nl\/toyota-bedrijfswagens\/proace\/automaat\/"]}]},{"@type":"BreadcrumbList","@id":"https:\/\/www.vdhurk.nl\/toyota-bedrijfswagens\/proace\/automaat\/#breadcrumb","itemListElement":[{"@type":"ListItem","position":1,"name":"Home","item":"https:\/\/www.vdhurk.nl\/home\/"},{"@type":"ListItem","position":2,"name":"Toyota Bedrijfswagens","item":"https:\/\/www.vdhurk.nl\/toyota-bedrijfswagens\/"},{"@type":"ListItem","position":3,"name":"Toyota Proace","item":"https:\/\/www.vdhurk.nl\/toyota-bedrijfswagens\/proace\/"},{"@type":"ListItem","position":4,"name":"Toyta Proace automaat"}]},{"@type":"WebSite","@id":"https:\/\/www.vdhurk.nl\/#website","url":"https:\/\/www.vdhurk.nl\/","name":"Van den Hurk Nutzfahrzeuge","description":"Van den Hurk Nutzfahrzeuge Helmond","potentialAction":[{"@type":"SearchAction","target":{"@type":"EntryPoint","urlTemplate":"https:\/\/www.vdhurk.nl\/?s={search_term_string}"},"query-input":{"@type":"PropertyValueSpecification","valueRequired":true,"valueName":"search_term_string"}}],"inLanguage":"de"}]}},"_links":{"self":[{"href":"https:\/\/www.vdhurk.nl\/de\/wp-json\/wp\/v2\/pages\/488093","targetHints":{"allow":["GET"]}}],"collection":[{"href":"https:\/\/www.vdhurk.nl\/de\/wp-json\/wp\/v2\/pages"}],"about":[{"href":"https:\/\/www.vdhurk.nl\/de\/wp-json\/wp\/v2\/types\/page"}],"author":[{"embeddable":true,"href":"https:\/\/www.vdhurk.nl\/de\/wp-json\/wp\/v2\/users\/3"}],"replies":[{"embeddable":true,"href":"https:\/\/www.vdhurk.nl\/de\/wp-json\/wp\/v2\/comments?post=488093"}],"version-history":[{"count":2,"href":"https:\/\/www.vdhurk.nl\/de\/wp-json\/wp\/v2\/pages\/488093\/revisions"}],"predecessor-version":[{"id":488095,"href":"https:\/\/www.vdhurk.nl\/de\/wp-json\/wp\/v2\/pages\/488093\/revisions\/488095"}],"up":[{"embeddable":true,"href":"https:\/\/www.vdhurk.nl\/de\/wp-json\/wp\/v2\/pages\/422133"}],"wp:attachment":[{"href":"https:\/\/www.vdhurk.nl\/de\/wp-json\/wp\/v2\/media?parent=488093"}],"curies":[{"name":"wp","href":"https:\/\/api.w.org\/{rel}","templated":true}]}}