{"id":488091,"date":"2025-04-29T14:49:11","date_gmt":"2025-04-29T12:49:11","guid":{"rendered":"https:\/\/www.vdhurk.nl\/?page_id=488091"},"modified":"2025-04-29T14:52:15","modified_gmt":"2025-04-29T12:52:15","slug":"maschine","status":"publish","type":"page","link":"https:\/\/www.vdhurk.nl\/de\/iveco-bedrijfswagens\/daily\/automaat\/","title":{"rendered":"Iveco Daily automatisch"},"content":{"rendered":"<section  class='av_textblock_section av-lu8gnh7d-4ac895489941e586c1d7c8cb72318135'  itemscope=\"itemscope\" itemtype=\"https:\/\/schema.org\/CreativeWork\" ><div class='avia_textblock'  itemprop=\"text\" ><h1>Werden Sie sich f\u00fcr einen Iveco Daily Automatik entscheiden?<\/h1>\n<p>Sie m\u00f6chten keine G\u00e4nge schalten und bevorzugen den Komfort eines Automatikgetriebes? Dann ist der Iveco Daily automatic eine ausgezeichnete Wahl. Dieses Nutzfahrzeug hat in den letzten Jahren dank seiner Vielseitigkeit und Benutzerfreundlichkeit immer mehr an Beliebtheit gewonnen. Fragen Sie sich, ob der Iveco Daily zu Ihrem Unternehmen passt? Lesen Sie weiter und finden Sie es selbst heraus!<\/p>\n<\/div><\/section>\n\n<style type=\"text\/css\" data-created_by=\"avia_inline_auto\" id=\"style-css-av-lujjddpd-afa3d7a9eabd61123e643ed1228e781e\">\n#top .hr.hr-invisible.av-lujjddpd-afa3d7a9eabd61123e643ed1228e781e{\nheight:50px;\n}\n<\/style>\n<div  class='hr av-lujjddpd-afa3d7a9eabd61123e643ed1228e781e hr-invisible  avia-builder-el-1  el_after_av_textblock  el_before_av_codeblock'><span class='hr-inner'><span class=\"hr-inner-style\"><\/span><\/span><\/div>\n\n\n<style type=\"text\/css\" data-created_by=\"avia_inline_auto\" id=\"style-css-av-ah0xd-63338d9dc6b40410e22a712829c369d6\">\n#top .hr.hr-invisible.av-ah0xd-63338d9dc6b40410e22a712829c369d6{\nheight:50px;\n}\n<\/style>\n<div  class='hr av-ah0xd-63338d9dc6b40410e22a712829c369d6 hr-invisible  avia-builder-el-3  el_after_av_codeblock  el_before_av_textblock'><span class='hr-inner'><span class=\"hr-inner-style\"><\/span><\/span><\/div>\n<section  class='av_textblock_section av-lu8gow1e-300853e458ed741bd87d6cb78e55cc7a'  itemscope=\"itemscope\" itemtype=\"https:\/\/schema.org\/CreativeWork\" ><div class='avia_textblock'  itemprop=\"text\" ><h2>Eine Automatik: Was sind die Vorteile?<\/h2>\n<p>Es gibt immer mehr Unternehmen, die auf ein Automatikgetriebe umsteigen, und das hat nat\u00fcrlich einen guten Grund. Ein Automatikgetriebe bietet mehrere Vorteile gegen\u00fcber Transportern mit Schaltgetriebe. Zum Beispiel profitieren Sie von mehr Fahrkomfort und Bequemlichkeit, da das Schalten nicht mehr notwendig ist. Das ist vor allem im dichten Verkehr, zum Beispiel im Stau, von Vorteil. Au\u00dferdem k\u00f6nnen Sie sich voll und ganz auf die Stra\u00dfe konzentrieren, w\u00e4hrend das Fahrzeug ruhig f\u00e4hrt und nicht wie bei einem Schaltgetriebe ins Stocken ger\u00e4t. Mit all diesen Vorteilen ist der Iveco Daily eine intelligente und zuverl\u00e4ssige Wahl f\u00fcr Ihr Unternehmen.<\/p>\n<\/div><\/section>\n<div class='flex_column av-f64w1-da126f42b61613402309283c14245a25 av_one_half  avia-builder-el-5  el_after_av_textblock  el_before_av_one_third  first flex_column_div column-top-margin'   ><section  class='av_textblock_section av-lu8gpqre-73cc2c17e6a6497ba6e1b58af22bd9e8'  itemscope=\"itemscope\" itemtype=\"https:\/\/schema.org\/CreativeWork\" ><div class='avia_textblock'  itemprop=\"text\" ><h2>Was macht den Iveco Daily zu einem guten Nutzfahrzeug?<\/h2>\n<p>Der Iveco Daily ist als leistungsstarkes und vielseitiges Nutzfahrzeug bekannt, das perfekt auf die Bed\u00fcrfnisse von Unternehmern zugeschnitten ist. Dank seiner leistungsstarken Motoren und seiner gro\u00dfen Ladekapazit\u00e4t ist dieses Modell sowohl f\u00fcr leichte als auch f\u00fcr schwere Lasten geeignet. Egal, ob Sie oft lange Strecken zur\u00fccklegen oder haupts\u00e4chlich im Stadtverkehr unterwegs sind, f\u00fcr dieses Nutzfahrzeug gibt es immer eine passende Version. Au\u00dferdem ist das Fahrzeug in verschiedenen Baujahren, Laufleistungen und Farben erh\u00e4ltlich, so dass Sie immer ein Modell finden, das perfekt zu Ihrem Unternehmen passt.<\/p>\n<\/div><\/section><\/div>\n<div class='flex_column av-aldk9-ee694297f5c4032981677a02caab84d6 av_one_third  avia-builder-el-7  el_after_av_one_half  el_before_av_hr  flex_column_div column-top-margin'   ><style type=\"text\/css\" data-created_by=\"avia_inline_auto\" id=\"style-css-av-l1w9kpsf-4ec3fab772ec7a9adaa33cfc64ff0475\">\n.avia-image-container.av-l1w9kpsf-4ec3fab772ec7a9adaa33cfc64ff0475 .av-image-caption-overlay-center{\ncolor:#ffffff;\n}\n<\/style>\n<div  class='avia-image-container av-l1w9kpsf-4ec3fab772ec7a9adaa33cfc64ff0475 av-styling- avia-align-center  avia-builder-el-8  avia-builder-el-no-sibling'  itemprop=\"image\" itemscope=\"itemscope\" itemtype=\"https:\/\/schema.org\/ImageObject\" ><div class=\"avia-image-container-inner\"><div class=\"avia-image-overlay-wrap\"><img decoding=\"async\" class='wp-image-187 avia-img-lazy-loading-not-187 avia_image' src=\"https:\/\/www.vdhurk.nl\/wp-content\/uploads\/2022\/03\/Voorrad.png\" alt='' title='Lagerbestand'  height=\"758\" width=\"1135\"  itemprop=\"thumbnailUrl\" srcset=\"https:\/\/www.vdhurk.nl\/wp-content\/uploads\/2022\/03\/Voorrad.png 1135w, https:\/\/www.vdhurk.nl\/wp-content\/uploads\/2022\/03\/Voorrad-300x200.png 300w, https:\/\/www.vdhurk.nl\/wp-content\/uploads\/2022\/03\/Voorrad-1030x688.png 1030w, https:\/\/www.vdhurk.nl\/wp-content\/uploads\/2022\/03\/Voorrad-768x513.png 768w, https:\/\/www.vdhurk.nl\/wp-content\/uploads\/2022\/03\/Voorrad-18x12.png 18w, https:\/\/www.vdhurk.nl\/wp-content\/uploads\/2022\/03\/Voorrad-705x471.png 705w\" sizes=\"(max-width: 1135px) 100vw, 1135px\" \/><\/div><\/div><\/div><\/div>\n\n<style type=\"text\/css\" data-created_by=\"avia_inline_auto\" id=\"style-css-av-luqrjpjc-5a23a1fb5f94718ca85316a9df963e2f\">\n#top .hr.hr-invisible.av-luqrjpjc-5a23a1fb5f94718ca85316a9df963e2f{\nheight:50px;\n}\n<\/style>\n<div  class='hr av-luqrjpjc-5a23a1fb5f94718ca85316a9df963e2f hr-invisible  avia-builder-el-9  el_after_av_one_third  el_before_av_textblock'><span class='hr-inner'><span class=\"hr-inner-style\"><\/span><\/span><\/div>\n<section  class='av_textblock_section av-lu8gtjw7-4f3cee9304909518d86d2860d9d582dd'  itemscope=\"itemscope\" itemtype=\"https:\/\/schema.org\/CreativeWork\" ><div class='avia_textblock'  itemprop=\"text\" ><h2>Was kostet ein Iveco Daily Nutzfahrzeug?<\/h2>\n<p>Der Preis eines Iveco Daily Automatik h\u00e4ngt von mehreren Faktoren ab, wie z. B. der Version, dem Baujahr und dem Kilometerstand. M\u00f6chten Sie eine Standardversion oder w\u00fcnschen Sie etwas mehr Luxus? So oder so, es gibt immer eine Variante, die zu Ihrem Budget und Ihren W\u00fcnschen passt. M\u00f6chten Sie wissen, welche M\u00f6glichkeiten Sie im Rahmen Ihres verf\u00fcgbaren Budgets haben? Nehmen Sie Kontakt mit uns auf, wir helfen Ihnen gerne mit Ihrem perfekten Firmenwagen weiter.<\/p>\n<h2>Kaufen oder leasen<\/h2>\n<p>Bei Van den Hurk haben Sie mehrere M\u00f6glichkeiten zur Finanzierung Ihres Nutzfahrzeugs. M\u00f6chten Sie den Iveco Daily sofort kaufen und auf einen Schlag bezahlen? Oder m\u00f6chten Sie lieber <a href=\"https:\/\/www.vdhurk.nl\/de\/finanzierungsleasing\/\">Finanzierungsleasing<\/a>bei dem Sie einen festen monatlichen Betrag zahlen und schlie\u00dflich Eigent\u00fcmer des Fahrzeugs werden? Bei dieser Form des Leasings genie\u00dfen Sie die Vorteile der gestaffelten Zahlungen, w\u00e4hrend der Firmenwagen am Ende der Laufzeit ganz Ihnen geh\u00f6rt. Sie sind sich nicht sicher, welche Option die beste ist? Wir beraten Sie gerne und helfen Ihnen, die richtige Wahl zu treffen.<\/p>\n<h2>Halten Sie sich \u00fcber aktuelle Angebote auf dem Laufenden<\/h2>\n<p>Sind Sie davon \u00fcberzeugt, dass der Iveco Daily automatic das perfekte Nutzfahrzeug f\u00fcr Sie ist? Oder ben\u00f6tigen Sie zus\u00e4tzliche Informationen, um die richtige Wahl zu treffen? Wenn Sie Fragen haben oder weitere Informationen ben\u00f6tigen, stehen wir Ihnen gerne zur Verf\u00fcgung. Nehmen Sie Kontakt mit uns auf oder werfen Sie einen Blick auf unser aktuelles Angebot. Haben Sie noch nicht gefunden, was Sie suchen? Registrieren Sie sich f\u00fcr unser <a href=\"https:\/\/www.vdhurk.nl\/de\/aktienalarm\/\">Aktienalarm<\/a> Und bleiben Sie auf dem Laufenden \u00fcber die letzten Neuzug\u00e4nge!<\/p>\n<\/div><\/section>\n<div class='flex_column av-81no9hv-44a80e93f621b2a9d4a87d97cff509c3 av_one_full  avia-builder-el-11  el_after_av_textblock  avia-builder-el-last  first flex_column_div column-top-margin'   ><\/div>","protected":false},"excerpt":{"rendered":"","protected":false},"author":3,"featured_media":0,"parent":409579,"menu_order":0,"comment_status":"closed","ping_status":"closed","template":"","meta":{"_acf_changed":false,"_improvement_type_select":"improve_an_existing","_thumb_yes_seoaic":false,"_frame_yes_seoaic":false,"seoaic_generate_description":"","seoaic_improve_instructions_prompt":"","seoaic_rollback_content_improvement":"","seoaic_idea_thumbnail_generator":"","thumbnail_generated":false,"thumbnail_generate_prompt":"","seoaic_article_description":"","footnotes":""},"class_list":["post-488091","page","type-page","status-publish","hentry"],"acf":[],"yoast_head":"<!-- This site is optimized with the Yoast SEO plugin v27.3 - https:\/\/yoast.com\/product\/yoast-seo-wordpress\/ -->\n<title>Kies je voor een Iveco Daily automaat?<\/title>\n<meta name=\"description\" content=\"Niet langer schakelen? Dan is de Iveco Daily automaat zeker het overwegen waard. Ontdek de verschillende specificaties, uitvoeringen en de vele voordelen.\" \/>\n<meta name=\"robots\" content=\"index, follow, max-snippet:-1, max-image-preview:large, max-video-preview:-1\" \/>\n<link rel=\"canonical\" href=\"https:\/\/www.vdhurk.nl\/de\/iveco-nutzfahrzeuge\/mercedes-8\/maschine\/\" \/>\n<meta property=\"og:locale\" content=\"de_DE\" \/>\n<meta property=\"og:type\" content=\"article\" \/>\n<meta property=\"og:title\" content=\"Kies je voor een Iveco Daily automaat?\" \/>\n<meta property=\"og:description\" content=\"Niet langer schakelen? Dan is de Iveco Daily automaat zeker het overwegen waard. Ontdek de verschillende specificaties, uitvoeringen en de vele voordelen.\" \/>\n<meta property=\"og:url\" content=\"https:\/\/www.vdhurk.nl\/de\/iveco-nutzfahrzeuge\/mercedes-8\/maschine\/\" \/>\n<meta property=\"og:site_name\" content=\"Van den Hurk Bedrijfswagens\" \/>\n<meta property=\"article:modified_time\" content=\"2025-04-29T12:52:15+00:00\" \/>\n<meta name=\"twitter:card\" content=\"summary_large_image\" \/>\n<meta name=\"twitter:label1\" content=\"Gesch\u00e4tzte Lesezeit\" \/>\n\t<meta name=\"twitter:data1\" content=\"5\u00a0Minuten\" \/>\n<script type=\"application\/ld+json\" class=\"yoast-schema-graph\">{\"@context\":\"https:\\\/\\\/schema.org\",\"@graph\":[{\"@type\":\"WebPage\",\"@id\":\"https:\\\/\\\/www.vdhurk.nl\\\/iveco-bedrijfswagens\\\/daily\\\/automaat\\\/\",\"url\":\"https:\\\/\\\/www.vdhurk.nl\\\/iveco-bedrijfswagens\\\/daily\\\/automaat\\\/\",\"name\":\"Kies je voor een Iveco Daily automaat?\",\"isPartOf\":{\"@id\":\"https:\\\/\\\/www.vdhurk.nl\\\/#website\"},\"datePublished\":\"2025-04-29T12:49:11+00:00\",\"dateModified\":\"2025-04-29T12:52:15+00:00\",\"description\":\"Niet langer schakelen? Dan is de Iveco Daily automaat zeker het overwegen waard. Ontdek de verschillende specificaties, uitvoeringen en de vele voordelen.\",\"breadcrumb\":{\"@id\":\"https:\\\/\\\/www.vdhurk.nl\\\/iveco-bedrijfswagens\\\/daily\\\/automaat\\\/#breadcrumb\"},\"inLanguage\":\"de\",\"potentialAction\":[{\"@type\":\"ReadAction\",\"target\":[\"https:\\\/\\\/www.vdhurk.nl\\\/iveco-bedrijfswagens\\\/daily\\\/automaat\\\/\"]}]},{\"@type\":\"BreadcrumbList\",\"@id\":\"https:\\\/\\\/www.vdhurk.nl\\\/iveco-bedrijfswagens\\\/daily\\\/automaat\\\/#breadcrumb\",\"itemListElement\":[{\"@type\":\"ListItem\",\"position\":1,\"name\":\"Home\",\"item\":\"https:\\\/\\\/www.vdhurk.nl\\\/home\\\/\"},{\"@type\":\"ListItem\",\"position\":2,\"name\":\"Iveco Bedrijfswagens\",\"item\":\"https:\\\/\\\/www.vdhurk.nl\\\/iveco-bedrijfswagens\\\/\"},{\"@type\":\"ListItem\",\"position\":3,\"name\":\"Iveco Daily\",\"item\":\"https:\\\/\\\/www.vdhurk.nl\\\/iveco-bedrijfswagens\\\/daily\\\/\"},{\"@type\":\"ListItem\",\"position\":4,\"name\":\"Iveco Daily automaat\"}]},{\"@type\":\"WebSite\",\"@id\":\"https:\\\/\\\/www.vdhurk.nl\\\/#website\",\"url\":\"https:\\\/\\\/www.vdhurk.nl\\\/\",\"name\":\"Van den Hurk Bedrijfswagens\",\"description\":\"Van den Hurk bedrijfswagens Helmond\",\"potentialAction\":[{\"@type\":\"SearchAction\",\"target\":{\"@type\":\"EntryPoint\",\"urlTemplate\":\"https:\\\/\\\/www.vdhurk.nl\\\/?s={search_term_string}\"},\"query-input\":{\"@type\":\"PropertyValueSpecification\",\"valueRequired\":true,\"valueName\":\"search_term_string\"}}],\"inLanguage\":\"de\"}]}<\/script>\n<!-- \/ Yoast SEO plugin. -->","yoast_head_json":{"title":"Entscheiden Sie sich f\u00fcr einen Iveco Daily Automatik?","description":"Keine Lust mehr zu schalten? Dann ist der Iveco Daily Automatik auf jeden Fall eine \u00dcberlegung wert. Entdecken Sie die verschiedenen Spezifikationen, Versionen und die vielen Vorteile.","robots":{"index":"index","follow":"follow","max-snippet":"max-snippet:-1","max-image-preview":"max-image-preview:large","max-video-preview":"max-video-preview:-1"},"canonical":"https:\/\/www.vdhurk.nl\/de\/iveco-nutzfahrzeuge\/mercedes-8\/maschine\/","og_locale":"de_DE","og_type":"article","og_title":"Kies je voor een Iveco Daily automaat?","og_description":"Niet langer schakelen? Dan is de Iveco Daily automaat zeker het overwegen waard. Ontdek de verschillende specificaties, uitvoeringen en de vele voordelen.","og_url":"https:\/\/www.vdhurk.nl\/de\/iveco-nutzfahrzeuge\/mercedes-8\/maschine\/","og_site_name":"Van den Hurk Bedrijfswagens","article_modified_time":"2025-04-29T12:52:15+00:00","twitter_card":"summary_large_image","twitter_misc":{"Gesch\u00e4tzte Lesezeit":"5\u00a0Minuten"},"schema":{"@context":"https:\/\/schema.org","@graph":[{"@type":"WebPage","@id":"https:\/\/www.vdhurk.nl\/iveco-bedrijfswagens\/daily\/automaat\/","url":"https:\/\/www.vdhurk.nl\/iveco-bedrijfswagens\/daily\/automaat\/","name":"Entscheiden Sie sich f\u00fcr einen Iveco Daily Automatik?","isPartOf":{"@id":"https:\/\/www.vdhurk.nl\/#website"},"datePublished":"2025-04-29T12:49:11+00:00","dateModified":"2025-04-29T12:52:15+00:00","description":"Keine Lust mehr zu schalten? Dann ist der Iveco Daily Automatik auf jeden Fall eine \u00dcberlegung wert. Entdecken Sie die verschiedenen Spezifikationen, Versionen und die vielen Vorteile.","breadcrumb":{"@id":"https:\/\/www.vdhurk.nl\/iveco-bedrijfswagens\/daily\/automaat\/#breadcrumb"},"inLanguage":"de","potentialAction":[{"@type":"ReadAction","target":["https:\/\/www.vdhurk.nl\/iveco-bedrijfswagens\/daily\/automaat\/"]}]},{"@type":"BreadcrumbList","@id":"https:\/\/www.vdhurk.nl\/iveco-bedrijfswagens\/daily\/automaat\/#breadcrumb","itemListElement":[{"@type":"ListItem","position":1,"name":"Home","item":"https:\/\/www.vdhurk.nl\/home\/"},{"@type":"ListItem","position":2,"name":"Iveco Bedrijfswagens","item":"https:\/\/www.vdhurk.nl\/iveco-bedrijfswagens\/"},{"@type":"ListItem","position":3,"name":"Iveco Daily","item":"https:\/\/www.vdhurk.nl\/iveco-bedrijfswagens\/daily\/"},{"@type":"ListItem","position":4,"name":"Iveco Daily automaat"}]},{"@type":"WebSite","@id":"https:\/\/www.vdhurk.nl\/#website","url":"https:\/\/www.vdhurk.nl\/","name":"Van den Hurk Nutzfahrzeuge","description":"Van den Hurk Nutzfahrzeuge Helmond","potentialAction":[{"@type":"SearchAction","target":{"@type":"EntryPoint","urlTemplate":"https:\/\/www.vdhurk.nl\/?s={search_term_string}"},"query-input":{"@type":"PropertyValueSpecification","valueRequired":true,"valueName":"search_term_string"}}],"inLanguage":"de"}]}},"_links":{"self":[{"href":"https:\/\/www.vdhurk.nl\/de\/wp-json\/wp\/v2\/pages\/488091","targetHints":{"allow":["GET"]}}],"collection":[{"href":"https:\/\/www.vdhurk.nl\/de\/wp-json\/wp\/v2\/pages"}],"about":[{"href":"https:\/\/www.vdhurk.nl\/de\/wp-json\/wp\/v2\/types\/page"}],"author":[{"embeddable":true,"href":"https:\/\/www.vdhurk.nl\/de\/wp-json\/wp\/v2\/users\/3"}],"replies":[{"embeddable":true,"href":"https:\/\/www.vdhurk.nl\/de\/wp-json\/wp\/v2\/comments?post=488091"}],"version-history":[{"count":2,"href":"https:\/\/www.vdhurk.nl\/de\/wp-json\/wp\/v2\/pages\/488091\/revisions"}],"predecessor-version":[{"id":488800,"href":"https:\/\/www.vdhurk.nl\/de\/wp-json\/wp\/v2\/pages\/488091\/revisions\/488800"}],"up":[{"embeddable":true,"href":"https:\/\/www.vdhurk.nl\/de\/wp-json\/wp\/v2\/pages\/409579"}],"wp:attachment":[{"href":"https:\/\/www.vdhurk.nl\/de\/wp-json\/wp\/v2\/media?parent=488091"}],"curies":[{"name":"wp","href":"https:\/\/api.w.org\/{rel}","templated":true}]}}