{"id":488088,"date":"2025-04-29T14:26:06","date_gmt":"2025-04-29T12:26:06","guid":{"rendered":"https:\/\/www.vdhurk.nl\/?page_id=488088"},"modified":"2025-04-29T14:26:06","modified_gmt":"2025-04-29T12:26:06","slug":"maschine","status":"publish","type":"page","link":"https:\/\/www.vdhurk.nl\/de\/fiat-bedrijfswagens\/talento\/automaat\/","title":{"rendered":"Fiat Talento Automatikgetriebe"},"content":{"rendered":"<section  class='av_textblock_section av-lu8gnh7d-4ac895489941e586c1d7c8cb72318135'  itemscope=\"itemscope\" itemtype=\"https:\/\/schema.org\/CreativeWork\" ><div class='avia_textblock'  itemprop=\"text\" ><h1>Ist der Fiat Talento Automatik etwas f\u00fcr Sie?<\/h1>\n<p>Sie sind es leid, die G\u00e4nge zu wechseln und m\u00f6chten mehr Fahrkomfort? Dann sollten Sie den Fiat Talento mit Automatikgetriebe in Betracht ziehen. Dieses moderne Nutzfahrzeug ist bei Gesch\u00e4ftsfahrern sehr beliebt, und das aus gutem Grund. Mit seinen verschiedenen Versionen, der intelligenten Ausstattung und dem Automatikgetriebe ist der Fiat Talento eine praktische und komfortable Wahl f\u00fcr jeden Unternehmer. Finden Sie heraus, ob dieses Fahrzeug zu Ihrem Unternehmen passt.<\/p>\n<\/div><\/section>\n\n<style type=\"text\/css\" data-created_by=\"avia_inline_auto\" id=\"style-css-av-lujjddpd-afa3d7a9eabd61123e643ed1228e781e\">\n#top .hr.hr-invisible.av-lujjddpd-afa3d7a9eabd61123e643ed1228e781e{\nheight:50px;\n}\n<\/style>\n<div  class='hr av-lujjddpd-afa3d7a9eabd61123e643ed1228e781e hr-invisible  avia-builder-el-1  el_after_av_textblock  el_before_av_codeblock'><span class='hr-inner'><span class=\"hr-inner-style\"><\/span><\/span><\/div>\n\n\n<style type=\"text\/css\" data-created_by=\"avia_inline_auto\" id=\"style-css-av-ah0xd-63338d9dc6b40410e22a712829c369d6\">\n#top .hr.hr-invisible.av-ah0xd-63338d9dc6b40410e22a712829c369d6{\nheight:50px;\n}\n<\/style>\n<div  class='hr av-ah0xd-63338d9dc6b40410e22a712829c369d6 hr-invisible  avia-builder-el-3  el_after_av_codeblock  el_before_av_one_half'><span class='hr-inner'><span class=\"hr-inner-style\"><\/span><\/span><\/div>\n<div class='flex_column av-f64w1-da126f42b61613402309283c14245a25 av_one_half  avia-builder-el-4  el_after_av_hr  el_before_av_one_third  first flex_column_div'   ><section  class='av_textblock_section av-lu8gpqre-73cc2c17e6a6497ba6e1b58af22bd9e8'  itemscope=\"itemscope\" itemtype=\"https:\/\/schema.org\/CreativeWork\" ><div class='avia_textblock'  itemprop=\"text\" ><h2>Die Vorteile eines automatischen Dienstwagens<\/h2>\n<p>Immer mehr Unternehmer entscheiden sich bewusst f\u00fcr einen Firmenwagen mit Automatikgetriebe, denn er bietet viele Vorteile. Eine Automatik sorgt f\u00fcr maximalen Fahrkomfort: kein l\u00e4stiges Schalten oder Kuppeln mehr. Gerade im dichten Stadtverkehr oder im Stau ist das eine Erleichterung. Au\u00dferdem erh\u00f6ht es die Sicherheit. Weil Sie die H\u00e4nde am Lenkrad lassen und sich auf die Stra\u00dfe konzentrieren k\u00f6nnen, fahren Sie ruhiger und aufmerksamer. Kurzum: F\u00fcr Unternehmen ist eine Automatik eine kluge Investition in Komfort und Sicherheit.<\/p>\n<\/div><\/section><\/div><div class='flex_column av-aldk9-ee694297f5c4032981677a02caab84d6 av_one_third  avia-builder-el-6  el_after_av_one_half  el_before_av_hr  flex_column_div'   ><style type=\"text\/css\" data-created_by=\"avia_inline_auto\" id=\"style-css-av-l1w9kpsf-4ec3fab772ec7a9adaa33cfc64ff0475\">\n.avia-image-container.av-l1w9kpsf-4ec3fab772ec7a9adaa33cfc64ff0475 .av-image-caption-overlay-center{\ncolor:#ffffff;\n}\n<\/style>\n<div  class='avia-image-container av-l1w9kpsf-4ec3fab772ec7a9adaa33cfc64ff0475 av-styling- avia-align-center  avia-builder-el-7  avia-builder-el-no-sibling'  itemprop=\"image\" itemscope=\"itemscope\" itemtype=\"https:\/\/schema.org\/ImageObject\" ><div class=\"avia-image-container-inner\"><div class=\"avia-image-overlay-wrap\"><img decoding=\"async\" class='wp-image-187 avia-img-lazy-loading-not-187 avia_image' src=\"https:\/\/www.vdhurk.nl\/wp-content\/uploads\/2022\/03\/Voorrad.png\" alt='' title='Lagerbestand'  height=\"758\" width=\"1135\"  itemprop=\"thumbnailUrl\" srcset=\"https:\/\/www.vdhurk.nl\/wp-content\/uploads\/2022\/03\/Voorrad.png 1135w, https:\/\/www.vdhurk.nl\/wp-content\/uploads\/2022\/03\/Voorrad-300x200.png 300w, https:\/\/www.vdhurk.nl\/wp-content\/uploads\/2022\/03\/Voorrad-1030x688.png 1030w, https:\/\/www.vdhurk.nl\/wp-content\/uploads\/2022\/03\/Voorrad-768x513.png 768w, https:\/\/www.vdhurk.nl\/wp-content\/uploads\/2022\/03\/Voorrad-18x12.png 18w, https:\/\/www.vdhurk.nl\/wp-content\/uploads\/2022\/03\/Voorrad-705x471.png 705w\" sizes=\"(max-width: 1135px) 100vw, 1135px\" \/><\/div><\/div><\/div><\/div><\/p>\n\n<style type=\"text\/css\" data-created_by=\"avia_inline_auto\" id=\"style-css-av-luqrjpjc-5a23a1fb5f94718ca85316a9df963e2f\">\n#top .hr.hr-invisible.av-luqrjpjc-5a23a1fb5f94718ca85316a9df963e2f{\nheight:50px;\n}\n<\/style>\n<div  class='hr av-luqrjpjc-5a23a1fb5f94718ca85316a9df963e2f hr-invisible  avia-builder-el-8  el_after_av_one_third  el_before_av_textblock'><span class='hr-inner'><span class=\"hr-inner-style\"><\/span><\/span><\/div>\n<section  class='av_textblock_section av-lu8gtjw7-4f3cee9304909518d86d2860d9d582dd'  itemscope=\"itemscope\" itemtype=\"https:\/\/schema.org\/CreativeWork\" ><div class='avia_textblock'  itemprop=\"text\" ><h2>Merkmale des Fiat Talento mit Automatikgetriebe<\/h2>\n<p>Fiat ist seit langem f\u00fcr den Bau zuverl\u00e4ssiger und funktioneller Nutzfahrzeuge bekannt, und der Talento Automatik ist ein Paradebeispiel daf\u00fcr. Diese Version kombiniert die Vielseitigkeit und Solidit\u00e4t, die Sie von Fiat gewohnt sind, mit dem zus\u00e4tzlichen Komfort eines Automatikgetriebes. Egal, ob Sie sich f\u00fcr ein Standardmodell oder eine Version mit spezifischen Modifikationen entscheiden, der Talento passt sich m\u00fchelos an Ihre gesch\u00e4ftlichen Anforderungen an. Seine kompakte Gr\u00f6\u00dfe macht ihn \u00fcberraschend wendig, ideal f\u00fcr den Stadtverkehr.<\/p>\n<h2>Wie hoch sind die Preise?<\/h2>\n<p>Sie interessieren sich f\u00fcr den Fiat Talento Automatik? Dann m\u00f6chten Sie nat\u00fcrlich wissen, mit welchem Preis Sie ungef\u00e4hr rechnen k\u00f6nnen. Der endg\u00fcltige Preis h\u00e4ngt von Faktoren wie der Version, dem Baujahr, der Kilometerleistung und dem Zustand des Fahrzeugs ab. Automatikgetriebe sind wegen des h\u00f6heren Fahrkomforts und der modernen Technik oft besonders attraktiv. Was auch immer Sie suchen, es gibt immer einen Fiat Talento, der zu Ihnen passt. Da sich unser Angebot st\u00e4ndig \u00e4ndert, empfehlen wir Ihnen, sich regelm\u00e4\u00dfig \u00fcber die aktuellsten Optionen zu informieren.<\/p>\n<h2>Einen Fiat Talento kaufen oder leasen?<\/h2>\n<p>Sie m\u00f6chten einen Firmenwagen, aber keine gro\u00dfe Investition auf einmal t\u00e4tigen? Dann <a href=\"https:\/\/www.vdhurk.nl\/de\/finanzierungsleasing\/\">Finanzierungsleasing<\/a> eine kluge Entscheidung. Sie zahlen das Fahrzeug in festen monatlichen Raten ab und am Ende der Laufzeit sind Sie Volleigent\u00fcmer. So behalten Sie den finanziellen Spielraum und die Sicherheit. M\u00f6chten Sie lieber sofort Eigent\u00fcmer werden? Dann k\u00f6nnen Sie den Fiat Talento Automatik auch in einem Zug kaufen. Das ist ideal, wenn Sie das Fahrzeug sofort in Ihre Bilanz aufnehmen oder monatliche Belastungen vermeiden wollen. Beide Varianten haben ihre Vorteile, w\u00e4hlen Sie also, was am besten zu Ihrer Situation passt.<\/p>\n<h2>St\u00f6bern Sie im Angebot und finden Sie Ihren perfekten Firmenwagen<\/h2>\n<p>Sind Sie \u00fcberzeugt, dass der Fiat Talento Automatik das ideale Nutzfahrzeug ist? Oder brauchen Sie vielleicht noch mehr Informationen, um eine gute Entscheidung zu treffen? Unser Team ist immer bereit, Sie zu beraten. Kontaktieren Sie uns, um unser aktuelles Angebot zu besprechen.<\/p>\n<\/div><\/section>\n<div class='flex_column av-81no9hv-44a80e93f621b2a9d4a87d97cff509c3 av_one_full  avia-builder-el-10  el_after_av_textblock  avia-builder-el-last  first flex_column_div column-top-margin'   ><\/div>","protected":false},"excerpt":{"rendered":"","protected":false},"author":3,"featured_media":0,"parent":402259,"menu_order":0,"comment_status":"closed","ping_status":"closed","template":"","meta":{"_acf_changed":false,"_improvement_type_select":"improve_an_existing","_thumb_yes_seoaic":false,"_frame_yes_seoaic":false,"seoaic_generate_description":"","seoaic_improve_instructions_prompt":"","seoaic_rollback_content_improvement":"","seoaic_idea_thumbnail_generator":"","thumbnail_generated":false,"thumbnail_generate_prompt":"","seoaic_article_description":"","footnotes":""},"class_list":["post-488088","page","type-page","status-publish","hentry"],"acf":[],"yoast_head":"<!-- This site is optimized with the Yoast SEO plugin v27.5 - https:\/\/yoast.com\/product\/yoast-seo-wordpress\/ -->\n<title>Niet langer schakelen? Kies een Fiat Talento automaat!<\/title>\n<meta name=\"description\" content=\"Benieuwd of de Fiat Talento automaat past bij jouw zakelijke behoeften? Bekijk het aanbod en ontdek meer over de specificaties en uitvoeringen.\" \/>\n<meta name=\"robots\" content=\"index, follow, max-snippet:-1, max-image-preview:large, max-video-preview:-1\" \/>\n<link rel=\"canonical\" href=\"https:\/\/www.vdhurk.nl\/de\/fiat-nutzfahrzeuge\/mercedes-15\/maschine\/\" \/>\n<meta property=\"og:locale\" content=\"de_DE\" \/>\n<meta property=\"og:type\" content=\"article\" \/>\n<meta property=\"og:title\" content=\"Niet langer schakelen? Kies een Fiat Talento automaat!\" \/>\n<meta property=\"og:description\" content=\"Benieuwd of de Fiat Talento automaat past bij jouw zakelijke behoeften? Bekijk het aanbod en ontdek meer over de specificaties en uitvoeringen.\" \/>\n<meta property=\"og:url\" content=\"https:\/\/www.vdhurk.nl\/de\/fiat-nutzfahrzeuge\/mercedes-15\/maschine\/\" \/>\n<meta property=\"og:site_name\" content=\"Van den Hurk Bedrijfswagens\" \/>\n<meta name=\"twitter:card\" content=\"summary_large_image\" \/>\n<meta name=\"twitter:label1\" content=\"Gesch\u00e4tzte Lesezeit\" \/>\n\t<meta name=\"twitter:data1\" content=\"5\u00a0Minuten\" \/>\n<script type=\"application\/ld+json\" class=\"yoast-schema-graph\">{\"@context\":\"https:\\\/\\\/schema.org\",\"@graph\":[{\"@type\":\"WebPage\",\"@id\":\"https:\\\/\\\/www.vdhurk.nl\\\/fiat-bedrijfswagens\\\/talento\\\/automaat\\\/\",\"url\":\"https:\\\/\\\/www.vdhurk.nl\\\/fiat-bedrijfswagens\\\/talento\\\/automaat\\\/\",\"name\":\"Niet langer schakelen? Kies een Fiat Talento automaat!\",\"isPartOf\":{\"@id\":\"https:\\\/\\\/www.vdhurk.nl\\\/#website\"},\"datePublished\":\"2025-04-29T12:26:06+00:00\",\"description\":\"Benieuwd of de Fiat Talento automaat past bij jouw zakelijke behoeften? Bekijk het aanbod en ontdek meer over de specificaties en uitvoeringen.\",\"breadcrumb\":{\"@id\":\"https:\\\/\\\/www.vdhurk.nl\\\/fiat-bedrijfswagens\\\/talento\\\/automaat\\\/#breadcrumb\"},\"inLanguage\":\"de\",\"potentialAction\":[{\"@type\":\"ReadAction\",\"target\":[\"https:\\\/\\\/www.vdhurk.nl\\\/fiat-bedrijfswagens\\\/talento\\\/automaat\\\/\"]}]},{\"@type\":\"BreadcrumbList\",\"@id\":\"https:\\\/\\\/www.vdhurk.nl\\\/fiat-bedrijfswagens\\\/talento\\\/automaat\\\/#breadcrumb\",\"itemListElement\":[{\"@type\":\"ListItem\",\"position\":1,\"name\":\"Home\",\"item\":\"https:\\\/\\\/www.vdhurk.nl\\\/home\\\/\"},{\"@type\":\"ListItem\",\"position\":2,\"name\":\"Fiat Bedrijfswagens\",\"item\":\"https:\\\/\\\/www.vdhurk.nl\\\/fiat-bedrijfswagens\\\/\"},{\"@type\":\"ListItem\",\"position\":3,\"name\":\"Fiat Talento\",\"item\":\"https:\\\/\\\/www.vdhurk.nl\\\/fiat-bedrijfswagens\\\/talento\\\/\"},{\"@type\":\"ListItem\",\"position\":4,\"name\":\"Fiat Talento automaat\"}]},{\"@type\":\"WebSite\",\"@id\":\"https:\\\/\\\/www.vdhurk.nl\\\/#website\",\"url\":\"https:\\\/\\\/www.vdhurk.nl\\\/\",\"name\":\"Van den Hurk Bedrijfswagens\",\"description\":\"Van den Hurk bedrijfswagens Helmond\",\"potentialAction\":[{\"@type\":\"SearchAction\",\"target\":{\"@type\":\"EntryPoint\",\"urlTemplate\":\"https:\\\/\\\/www.vdhurk.nl\\\/?s={search_term_string}\"},\"query-input\":{\"@type\":\"PropertyValueSpecification\",\"valueRequired\":true,\"valueName\":\"search_term_string\"}}],\"inLanguage\":\"de\"}]}<\/script>\n<!-- \/ Yoast SEO plugin. -->","yoast_head_json":{"title":"Keine Lust mehr zu schalten? Entscheiden Sie sich f\u00fcr einen Fiat Talento mit Automatik!","description":"Sie fragen sich, ob der Fiat Talento Automatik f\u00fcr Ihre gesch\u00e4ftlichen Anforderungen geeignet ist? Informieren Sie sich \u00fcber das Angebot und erfahren Sie mehr \u00fcber die Spezifikationen und Versionen.","robots":{"index":"index","follow":"follow","max-snippet":"max-snippet:-1","max-image-preview":"max-image-preview:large","max-video-preview":"max-video-preview:-1"},"canonical":"https:\/\/www.vdhurk.nl\/de\/fiat-nutzfahrzeuge\/mercedes-15\/maschine\/","og_locale":"de_DE","og_type":"article","og_title":"Niet langer schakelen? Kies een Fiat Talento automaat!","og_description":"Benieuwd of de Fiat Talento automaat past bij jouw zakelijke behoeften? Bekijk het aanbod en ontdek meer over de specificaties en uitvoeringen.","og_url":"https:\/\/www.vdhurk.nl\/de\/fiat-nutzfahrzeuge\/mercedes-15\/maschine\/","og_site_name":"Van den Hurk Bedrijfswagens","twitter_card":"summary_large_image","twitter_misc":{"Gesch\u00e4tzte Lesezeit":"5\u00a0Minuten"},"schema":{"@context":"https:\/\/schema.org","@graph":[{"@type":"WebPage","@id":"https:\/\/www.vdhurk.nl\/fiat-bedrijfswagens\/talento\/automaat\/","url":"https:\/\/www.vdhurk.nl\/fiat-bedrijfswagens\/talento\/automaat\/","name":"Keine Lust mehr zu schalten? Entscheiden Sie sich f\u00fcr einen Fiat Talento mit Automatik!","isPartOf":{"@id":"https:\/\/www.vdhurk.nl\/#website"},"datePublished":"2025-04-29T12:26:06+00:00","description":"Sie fragen sich, ob der Fiat Talento Automatik f\u00fcr Ihre gesch\u00e4ftlichen Anforderungen geeignet ist? Informieren Sie sich \u00fcber das Angebot und erfahren Sie mehr \u00fcber die Spezifikationen und Versionen.","breadcrumb":{"@id":"https:\/\/www.vdhurk.nl\/fiat-bedrijfswagens\/talento\/automaat\/#breadcrumb"},"inLanguage":"de","potentialAction":[{"@type":"ReadAction","target":["https:\/\/www.vdhurk.nl\/fiat-bedrijfswagens\/talento\/automaat\/"]}]},{"@type":"BreadcrumbList","@id":"https:\/\/www.vdhurk.nl\/fiat-bedrijfswagens\/talento\/automaat\/#breadcrumb","itemListElement":[{"@type":"ListItem","position":1,"name":"Home","item":"https:\/\/www.vdhurk.nl\/home\/"},{"@type":"ListItem","position":2,"name":"Fiat Bedrijfswagens","item":"https:\/\/www.vdhurk.nl\/fiat-bedrijfswagens\/"},{"@type":"ListItem","position":3,"name":"Fiat Talento","item":"https:\/\/www.vdhurk.nl\/fiat-bedrijfswagens\/talento\/"},{"@type":"ListItem","position":4,"name":"Fiat Talento automaat"}]},{"@type":"WebSite","@id":"https:\/\/www.vdhurk.nl\/#website","url":"https:\/\/www.vdhurk.nl\/","name":"Van den Hurk Nutzfahrzeuge","description":"Van den Hurk Nutzfahrzeuge Helmond","potentialAction":[{"@type":"SearchAction","target":{"@type":"EntryPoint","urlTemplate":"https:\/\/www.vdhurk.nl\/?s={search_term_string}"},"query-input":{"@type":"PropertyValueSpecification","valueRequired":true,"valueName":"search_term_string"}}],"inLanguage":"de"}]}},"_links":{"self":[{"href":"https:\/\/www.vdhurk.nl\/de\/wp-json\/wp\/v2\/pages\/488088","targetHints":{"allow":["GET"]}}],"collection":[{"href":"https:\/\/www.vdhurk.nl\/de\/wp-json\/wp\/v2\/pages"}],"about":[{"href":"https:\/\/www.vdhurk.nl\/de\/wp-json\/wp\/v2\/types\/page"}],"author":[{"embeddable":true,"href":"https:\/\/www.vdhurk.nl\/de\/wp-json\/wp\/v2\/users\/3"}],"replies":[{"embeddable":true,"href":"https:\/\/www.vdhurk.nl\/de\/wp-json\/wp\/v2\/comments?post=488088"}],"version-history":[{"count":3,"href":"https:\/\/www.vdhurk.nl\/de\/wp-json\/wp\/v2\/pages\/488088\/revisions"}],"predecessor-version":[{"id":488797,"href":"https:\/\/www.vdhurk.nl\/de\/wp-json\/wp\/v2\/pages\/488088\/revisions\/488797"}],"up":[{"embeddable":true,"href":"https:\/\/www.vdhurk.nl\/de\/wp-json\/wp\/v2\/pages\/402259"}],"wp:attachment":[{"href":"https:\/\/www.vdhurk.nl\/de\/wp-json\/wp\/v2\/media?parent=488088"}],"curies":[{"name":"wp","href":"https:\/\/api.w.org\/{rel}","templated":true}]}}