{"id":47637,"date":"2022-07-19T13:07:16","date_gmt":"2022-07-19T13:07:16","guid":{"rendered":"https:\/\/vdhurk.bonsaidev.nl\/?page_id=47637"},"modified":"2023-04-24T14:51:02","modified_gmt":"2023-04-24T14:51:02","slug":"kaufprufung","status":"publish","type":"page","link":"https:\/\/www.vdhurk.nl\/de\/aankoopkeuring\/","title":{"rendered":"Kaufkontrolle"},"content":{"rendered":"<style type=\"text\/css\" data-created_by=\"avia_inline_auto\" id=\"style-css-av-4nbej-61809ecf5e9bb21cc33f7ee31dcc49b2\">\n.avia-section.av-4nbej-61809ecf5e9bb21cc33f7ee31dcc49b2{\nbackground-repeat:no-repeat;\nbackground-image:url(https:\/\/www.vdhurk.nl\/wp-content\/uploads\/2022\/03\/Financial-lease.png);\nbackground-position:50% 50%;\nbackground-attachment:scroll;\n}\n<\/style>\n<div id='av_section_1'  class='avia-section av-4nbej-61809ecf5e9bb21cc33f7ee31dcc49b2 main_color avia-section-no-padding avia-no-border-styling  avia-builder-el-0  el_before_av_section  avia-builder-el-first  head-container av-small-hide av-mini-hide avia-full-stretch avia-bg-style-scroll av-minimum-height av-minimum-height-custom  container_wrap fullsize'  data-section-bg-repeat='stretch'><div class='container av-section-cont-open' style='height:380px'><main  role=\"main\" itemprop=\"mainContentOfPage\"  class='template-page content  av-content-full alpha units'><div class='post-entry post-entry-type-page post-entry-47637'><div class='entry-content-wrapper clearfix'>\n<div class='flex_column_table av-3w867-b337048c8ba0d44fb6c33f690166ec96 sc-av_two_fifth av-equal-height-column-flextable'>\n<style type=\"text\/css\" data-created_by=\"avia_inline_auto\" id=\"style-css-av-3w867-b337048c8ba0d44fb6c33f690166ec96\">\n.flex_column.av-3w867-b337048c8ba0d44fb6c33f690166ec96{\npadding:90px 90px 90px 90px;\nheight:380px;\nbackground-color:#e41c1c;\n}\n<\/style>\n<div class='flex_column av-3w867-b337048c8ba0d44fb6c33f690166ec96 av_two_fifth  avia-builder-el-1  el_before_av_three_fifth  avia-builder-el-first  banner-left first no_margin flex_column_table_cell av-equal-height-column av-align-top'   ><p><section  class='av_textblock_section av-34x5b-9dd3591d61f944ec73c7b1c571ae10ec'  itemscope=\"itemscope\" itemtype=\"https:\/\/schema.org\/CreativeWork\" ><div class='avia_textblock freestyle'  itemprop=\"text\" ><p>Sicher auf der Stra\u00dfe ohne Sorgen<\/p>\n<\/div><\/section><br \/>\n\n<style type=\"text\/css\" data-created_by=\"avia_inline_auto\" id=\"style-css-av-2n713-c05679f3a08ebdf9db45d2a4071db28b\">\n#top .av_textblock_section.av-2n713-c05679f3a08ebdf9db45d2a4071db28b .avia_textblock{\ncolor:#ffffff;\n}\n<\/style>\n<section  class='av_textblock_section av-2n713-c05679f3a08ebdf9db45d2a4071db28b'  itemscope=\"itemscope\" itemtype=\"https:\/\/schema.org\/CreativeWork\" ><div class='avia_textblock av_inherit_color'  itemprop=\"text\" ><h1>Kaufinspektion? Kein Problem<\/h1>\n<\/div><\/section><br \/>\n\n<style type=\"text\/css\" data-created_by=\"avia_inline_auto\" id=\"style-css-av-28dp3-7fa4a9571da3bd8023e9d812fede9695\">\n#top .hr.hr-invisible.av-28dp3-7fa4a9571da3bd8023e9d812fede9695{\nheight:15px;\n}\n<\/style>\n<div  class='hr av-28dp3-7fa4a9571da3bd8023e9d812fede9695 hr-invisible  avia-builder-el-4  el_after_av_textblock  avia-builder-el-last'><span class='hr-inner'><span class=\"hr-inner-style\"><\/span><\/span><\/div><\/p><\/div><div class='flex_column av-sg6b-83d21c1385e2c3b6903c57e20ad0efc8 av_three_fifth  avia-builder-el-5  el_after_av_two_fifth  avia-builder-el-last  no_margin flex_column_table_cell av-equal-height-column av-align-top avia-full-stretch'   ><\/div><\/div><!--close column table wrapper. Autoclose: 1 -->\n\n<\/div><\/div><\/main><!-- close content main element --><\/div><\/div><div id='av_section_2'  class='avia-section av-z1tv-15a49add3a03a429b52faa6d3e2fd192 main_color avia-section-default avia-no-border-styling  avia-builder-el-6  el_after_av_section  avia-builder-el-last  avia-bg-style-scroll container_wrap fullsize'  ><div class='container av-section-cont-open' ><div class='template-page content  av-content-full alpha units'><div class='post-entry post-entry-type-page post-entry-47637'><div class='entry-content-wrapper clearfix'>\n\n<style type=\"text\/css\" data-created_by=\"avia_inline_auto\" id=\"style-css-av-12gievp-6b6a72cf826258db168e7da884b73643\">\n.flex_column.av-12gievp-6b6a72cf826258db168e7da884b73643{\nwidth:23.125%;\n}\n<\/style>\n<div class='flex_column av-12gievp-6b6a72cf826258db168e7da884b73643 av_one_fourth  avia-builder-el-7  el_before_av_three_fifth  avia-builder-el-first  first flex_column_div'   ><section  class='av_textblock_section av-ugrm7p-381c6a1830d3eeab336f287a9116b37a'  itemscope=\"itemscope\" itemtype=\"https:\/\/schema.org\/CreativeWork\" ><div class='avia_textblock'  itemprop=\"text\" ><p><img decoding=\"async\" src=\"https:\/\/www.vdhurk.nl\/wp-content\/uploads\/2022\/04\/foto-autoonderhoud-300x200-1.jpg\" \/><\/p>\n<\/div><\/section><\/div>\n<style type=\"text\/css\" data-created_by=\"avia_inline_auto\" id=\"style-css-av-1k9pv-f3e3e414c35098dfde028093b7f7ba7f\">\n.flex_column.av-1k9pv-f3e3e414c35098dfde028093b7f7ba7f{\nwidth:59%;\nmargin-left:2.5%;\n}\n<\/style>\n<div class='flex_column av-1k9pv-f3e3e414c35098dfde028093b7f7ba7f av_three_fifth  avia-builder-el-9  el_after_av_one_fourth  avia-builder-el-last  flex_column_div'   ><section  class='av_textblock_section av-26m47-7981ff12ad7d2d982942293203544ad3'  itemscope=\"itemscope\" itemtype=\"https:\/\/schema.org\/CreativeWork\" ><div class='avia_textblock'  itemprop=\"text\" ><h2>DEN GESAMTZUSTAND IHRES FAHRZEUGS FACHM\u00c4NNISCH BEURTEILEN!<\/h2>\n<p>Planen Sie den Kauf eines gebrauchten Nutzfahrzeugs? Dann k\u00f6nnen Sie eine Ankaufsuntersuchung durchf\u00fchren lassen. Sie gibt Ihnen Gewissheit \u00fcber den Zustand des Fahrzeugs. Eine fachkundige und zuverl\u00e4ssige Qualit\u00e4tsbeurteilung ist garantiert. Fragen Sie Ihren Verkaufsberater nach den M\u00f6glichkeiten.<\/p>\n<p>Bei der Ankaufsinspektion untersuchen wir das Auto, das Sie kaufen m\u00f6chten. Daraufhin erhalten Sie von uns den Inspektionsbericht. Darin k\u00f6nnen Sie nachlesen, wie der technische Zustand des Autos ist und ob es gravierende M\u00e4ngel gibt. Sie erhalten auch Informationen \u00fcber den Kilometerstand, falls vorhanden. Unsere Serviceberater besprechen diesen Bericht mit Ihnen, damit Sie genau wissen, woran Sie sind.<\/p>\n<\/div><\/section><br \/>\n\n<style type=\"text\/css\" data-created_by=\"avia_inline_auto\" id=\"style-css-av-l0nxfvtp-fcb603ff77a7f9ed87ce2dc5b0792678\">\n#top .hr.hr-invisible.av-l0nxfvtp-fcb603ff77a7f9ed87ce2dc5b0792678{\nheight:20px;\n}\n<\/style>\n<div  class='hr av-l0nxfvtp-fcb603ff77a7f9ed87ce2dc5b0792678 hr-invisible  avia-builder-el-11  el_after_av_textblock  el_before_av_textblock'><span class='hr-inner'><span class=\"hr-inner-style\"><\/span><\/span><\/div><br \/>\n<section  class='av_textblock_section av-l5s84jey-d081fd14a45f445bbcba0b44e8b53e2b'  itemscope=\"itemscope\" itemtype=\"https:\/\/schema.org\/CreativeWork\" ><div class='avia_textblock av_inherit_color'  itemprop=\"text\" ><h3>Das Fahrzeug wird auf die folgenden Punkte \u00fcberpr\u00fcft:<\/h3>\n<ul>\n<li><em>Elektronik:<\/em> Bewertung von Betrieb und Zustand (Beleuchtung, Lichtmaschine und Batterie)<\/li>\n<li><em>K\u00f6rperarbeit:<\/em> visuell auf (\u00fcberm\u00e4\u00dfige) Durchrostung zu pr\u00fcfen<\/li>\n<li>Pr\u00fcfung auf notwendige Produkt\u00e4nderungen ab Werk<\/li>\n<li><em>Motor:<\/em> Pr\u00fcfung auf \u00fcberm\u00e4\u00dfigen Verschlei\u00df, Abgasanalyse, Sichtpr\u00fcfung des K\u00fchlsystems (unter Druck) auf Leckage(n)<\/li>\n<li>Lenkung und Aufh\u00e4ngung: Verschlei\u00dfteile (in der Regel Dreh- und Angelpunkte) werden auf \u00fcberm\u00e4\u00dfigen Verschlei\u00df gepr\u00fcft.<\/li>\n<li>Die Leistung der Sto\u00dfd\u00e4mpfer wird w\u00e4hrend der Testfahrt bewertet<\/li>\n<li>Die Reifen werden auf Profiltiefe, \u00e4u\u00dferlich sichtbare Sch\u00e4den und ein abnormales Abnutzungsmuster gepr\u00fcft.<\/li>\n<li>Kupplung und Antrieb werden auf ihre Funktionst\u00fcchtigkeit und, soweit es die Konstruktion zul\u00e4sst, auf ihren Abnutzungsgrad gepr\u00fcft<\/li>\n<li>Steuerung des Navigationssystems<\/li>\n<li>MOT-Datum pr\u00fcfen<\/li>\n<\/ul>\n<\/div><\/section><\/p><\/div>","protected":false},"excerpt":{"rendered":"","protected":false},"author":2,"featured_media":0,"parent":0,"menu_order":0,"comment_status":"closed","ping_status":"closed","template":"","meta":{"_acf_changed":false,"_improvement_type_select":"improve_an_existing","_thumb_yes_seoaic":false,"_frame_yes_seoaic":false,"seoaic_generate_description":"","seoaic_improve_instructions_prompt":"","seoaic_rollback_content_improvement":"","seoaic_idea_thumbnail_generator":"","thumbnail_generated":false,"thumbnail_generate_prompt":"","seoaic_article_description":"","footnotes":""},"class_list":["post-47637","page","type-page","status-publish","hentry"],"acf":[],"yoast_head":"<!-- This site is optimized with the Yoast SEO plugin v27.3 - https:\/\/yoast.com\/product\/yoast-seo-wordpress\/ -->\n<title>Aankoopkeuring - Van den Hurk Bedrijfswagens<\/title>\n<meta name=\"robots\" content=\"index, follow, max-snippet:-1, max-image-preview:large, max-video-preview:-1\" \/>\n<link rel=\"canonical\" href=\"https:\/\/www.vdhurk.nl\/de\/kaufprufung\/\" \/>\n<meta property=\"og:locale\" content=\"de_DE\" \/>\n<meta property=\"og:type\" content=\"article\" \/>\n<meta property=\"og:title\" content=\"Aankoopkeuring - Van den Hurk Bedrijfswagens\" \/>\n<meta property=\"og:url\" content=\"https:\/\/www.vdhurk.nl\/de\/kaufprufung\/\" \/>\n<meta property=\"og:site_name\" content=\"Van den Hurk Bedrijfswagens\" \/>\n<meta property=\"article:modified_time\" content=\"2023-04-24T14:51:02+00:00\" \/>\n<meta property=\"og:image\" content=\"https:\/\/www.vdhurk.nl\/wp-content\/uploads\/2022\/04\/foto-autoonderhoud-300x200-1.jpg\" \/>\n<meta name=\"twitter:card\" content=\"summary_large_image\" \/>\n<meta name=\"twitter:label1\" content=\"Gesch\u00e4tzte Lesezeit\" \/>\n\t<meta name=\"twitter:data1\" content=\"4\u00a0Minuten\" \/>\n<script type=\"application\/ld+json\" class=\"yoast-schema-graph\">{\"@context\":\"https:\\\/\\\/schema.org\",\"@graph\":[{\"@type\":\"WebPage\",\"@id\":\"https:\\\/\\\/www.vdhurk.nl\\\/aankoopkeuring\\\/\",\"url\":\"https:\\\/\\\/www.vdhurk.nl\\\/aankoopkeuring\\\/\",\"name\":\"Aankoopkeuring - Van den Hurk Bedrijfswagens\",\"isPartOf\":{\"@id\":\"https:\\\/\\\/www.vdhurk.nl\\\/#website\"},\"primaryImageOfPage\":{\"@id\":\"https:\\\/\\\/www.vdhurk.nl\\\/aankoopkeuring\\\/#primaryimage\"},\"image\":{\"@id\":\"https:\\\/\\\/www.vdhurk.nl\\\/aankoopkeuring\\\/#primaryimage\"},\"thumbnailUrl\":\"https:\\\/\\\/www.vdhurk.nl\\\/wp-content\\\/uploads\\\/2022\\\/04\\\/foto-autoonderhoud-300x200-1.jpg\",\"datePublished\":\"2022-07-19T13:07:16+00:00\",\"dateModified\":\"2023-04-24T14:51:02+00:00\",\"breadcrumb\":{\"@id\":\"https:\\\/\\\/www.vdhurk.nl\\\/aankoopkeuring\\\/#breadcrumb\"},\"inLanguage\":\"de\",\"potentialAction\":[{\"@type\":\"ReadAction\",\"target\":[\"https:\\\/\\\/www.vdhurk.nl\\\/aankoopkeuring\\\/\"]}]},{\"@type\":\"ImageObject\",\"inLanguage\":\"de\",\"@id\":\"https:\\\/\\\/www.vdhurk.nl\\\/aankoopkeuring\\\/#primaryimage\",\"url\":\"https:\\\/\\\/www.vdhurk.nl\\\/wp-content\\\/uploads\\\/2022\\\/04\\\/foto-autoonderhoud-300x200-1.jpg\",\"contentUrl\":\"https:\\\/\\\/www.vdhurk.nl\\\/wp-content\\\/uploads\\\/2022\\\/04\\\/foto-autoonderhoud-300x200-1.jpg\"},{\"@type\":\"BreadcrumbList\",\"@id\":\"https:\\\/\\\/www.vdhurk.nl\\\/aankoopkeuring\\\/#breadcrumb\",\"itemListElement\":[{\"@type\":\"ListItem\",\"position\":1,\"name\":\"Home\",\"item\":\"https:\\\/\\\/www.vdhurk.nl\\\/home\\\/\"},{\"@type\":\"ListItem\",\"position\":2,\"name\":\"Aankoopkeuring\"}]},{\"@type\":\"WebSite\",\"@id\":\"https:\\\/\\\/www.vdhurk.nl\\\/#website\",\"url\":\"https:\\\/\\\/www.vdhurk.nl\\\/\",\"name\":\"Van den Hurk Bedrijfswagens\",\"description\":\"Van den Hurk bedrijfswagens Helmond\",\"potentialAction\":[{\"@type\":\"SearchAction\",\"target\":{\"@type\":\"EntryPoint\",\"urlTemplate\":\"https:\\\/\\\/www.vdhurk.nl\\\/?s={search_term_string}\"},\"query-input\":{\"@type\":\"PropertyValueSpecification\",\"valueRequired\":true,\"valueName\":\"search_term_string\"}}],\"inLanguage\":\"de\"}]}<\/script>\n<!-- \/ Yoast SEO plugin. -->","yoast_head_json":{"title":"Einkaufskontrolle - Van den Hurk Bedrijfswagens","robots":{"index":"index","follow":"follow","max-snippet":"max-snippet:-1","max-image-preview":"max-image-preview:large","max-video-preview":"max-video-preview:-1"},"canonical":"https:\/\/www.vdhurk.nl\/de\/kaufprufung\/","og_locale":"de_DE","og_type":"article","og_title":"Aankoopkeuring - Van den Hurk Bedrijfswagens","og_url":"https:\/\/www.vdhurk.nl\/de\/kaufprufung\/","og_site_name":"Van den Hurk Bedrijfswagens","article_modified_time":"2023-04-24T14:51:02+00:00","og_image":[{"url":"https:\/\/www.vdhurk.nl\/wp-content\/uploads\/2022\/04\/foto-autoonderhoud-300x200-1.jpg","type":"","width":"","height":""}],"twitter_card":"summary_large_image","twitter_misc":{"Gesch\u00e4tzte Lesezeit":"4\u00a0Minuten"},"schema":{"@context":"https:\/\/schema.org","@graph":[{"@type":"WebPage","@id":"https:\/\/www.vdhurk.nl\/aankoopkeuring\/","url":"https:\/\/www.vdhurk.nl\/aankoopkeuring\/","name":"Einkaufskontrolle - Van den Hurk Bedrijfswagens","isPartOf":{"@id":"https:\/\/www.vdhurk.nl\/#website"},"primaryImageOfPage":{"@id":"https:\/\/www.vdhurk.nl\/aankoopkeuring\/#primaryimage"},"image":{"@id":"https:\/\/www.vdhurk.nl\/aankoopkeuring\/#primaryimage"},"thumbnailUrl":"https:\/\/www.vdhurk.nl\/wp-content\/uploads\/2022\/04\/foto-autoonderhoud-300x200-1.jpg","datePublished":"2022-07-19T13:07:16+00:00","dateModified":"2023-04-24T14:51:02+00:00","breadcrumb":{"@id":"https:\/\/www.vdhurk.nl\/aankoopkeuring\/#breadcrumb"},"inLanguage":"de","potentialAction":[{"@type":"ReadAction","target":["https:\/\/www.vdhurk.nl\/aankoopkeuring\/"]}]},{"@type":"ImageObject","inLanguage":"de","@id":"https:\/\/www.vdhurk.nl\/aankoopkeuring\/#primaryimage","url":"https:\/\/www.vdhurk.nl\/wp-content\/uploads\/2022\/04\/foto-autoonderhoud-300x200-1.jpg","contentUrl":"https:\/\/www.vdhurk.nl\/wp-content\/uploads\/2022\/04\/foto-autoonderhoud-300x200-1.jpg"},{"@type":"BreadcrumbList","@id":"https:\/\/www.vdhurk.nl\/aankoopkeuring\/#breadcrumb","itemListElement":[{"@type":"ListItem","position":1,"name":"Home","item":"https:\/\/www.vdhurk.nl\/home\/"},{"@type":"ListItem","position":2,"name":"Aankoopkeuring"}]},{"@type":"WebSite","@id":"https:\/\/www.vdhurk.nl\/#website","url":"https:\/\/www.vdhurk.nl\/","name":"Van den Hurk Nutzfahrzeuge","description":"Van den Hurk Nutzfahrzeuge Helmond","potentialAction":[{"@type":"SearchAction","target":{"@type":"EntryPoint","urlTemplate":"https:\/\/www.vdhurk.nl\/?s={search_term_string}"},"query-input":{"@type":"PropertyValueSpecification","valueRequired":true,"valueName":"search_term_string"}}],"inLanguage":"de"}]}},"_links":{"self":[{"href":"https:\/\/www.vdhurk.nl\/de\/wp-json\/wp\/v2\/pages\/47637","targetHints":{"allow":["GET"]}}],"collection":[{"href":"https:\/\/www.vdhurk.nl\/de\/wp-json\/wp\/v2\/pages"}],"about":[{"href":"https:\/\/www.vdhurk.nl\/de\/wp-json\/wp\/v2\/types\/page"}],"author":[{"embeddable":true,"href":"https:\/\/www.vdhurk.nl\/de\/wp-json\/wp\/v2\/users\/2"}],"replies":[{"embeddable":true,"href":"https:\/\/www.vdhurk.nl\/de\/wp-json\/wp\/v2\/comments?post=47637"}],"version-history":[{"count":16,"href":"https:\/\/www.vdhurk.nl\/de\/wp-json\/wp\/v2\/pages\/47637\/revisions"}],"predecessor-version":[{"id":161224,"href":"https:\/\/www.vdhurk.nl\/de\/wp-json\/wp\/v2\/pages\/47637\/revisions\/161224"}],"wp:attachment":[{"href":"https:\/\/www.vdhurk.nl\/de\/wp-json\/wp\/v2\/media?parent=47637"}],"curies":[{"name":"wp","href":"https:\/\/api.w.org\/{rel}","templated":true}]}}