{"id":47310,"date":"2022-07-19T09:36:06","date_gmt":"2022-07-19T09:36:06","guid":{"rendered":"https:\/\/vdhurk.bonsaidev.nl\/?page_id=47310"},"modified":"2025-04-01T13:54:57","modified_gmt":"2025-04-01T11:54:57","slug":"dienstleistungen","status":"publish","type":"page","link":"https:\/\/www.vdhurk.nl\/de\/diensten\/","title":{"rendered":"Dienstleistungen"},"content":{"rendered":"<style type=\"text\/css\" data-created_by=\"avia_inline_auto\" id=\"style-css-av-rxp6l-f3bccdd1610678108650f9a7d6056dc7\">\n.avia-section.av-rxp6l-f3bccdd1610678108650f9a7d6056dc7{\nbackground-repeat:no-repeat;\nbackground-image:url(https:\/\/www.vdhurk.nl\/wp-content\/uploads\/2022\/03\/Financial-lease.png);\nbackground-position:50% 50%;\nbackground-attachment:scroll;\n}\n<\/style>\n<div id='av_section_1'  class='avia-section av-rxp6l-f3bccdd1610678108650f9a7d6056dc7 main_color avia-section-no-padding avia-no-border-styling  avia-builder-el-0  el_before_av_section  avia-builder-el-first  head-container av-small-hide av-mini-hide avia-full-stretch avia-bg-style-scroll av-minimum-height av-minimum-height-custom  container_wrap fullsize'  data-section-bg-repeat='stretch'><div class='container av-section-cont-open' style='height:380px'><main  role=\"main\" itemprop=\"mainContentOfPage\"  class='template-page content  av-content-full alpha units'><div class='post-entry post-entry-type-page post-entry-47310'><div class='entry-content-wrapper clearfix'>\n<div class='flex_column_table av-1n7petq-d236a92e5fb878dd7e204ee64fe14c14 sc-av_two_fifth av-equal-height-column-flextable'>\n<style type=\"text\/css\" data-created_by=\"avia_inline_auto\" id=\"style-css-av-1n7petq-d236a92e5fb878dd7e204ee64fe14c14\">\n.flex_column.av-1n7petq-d236a92e5fb878dd7e204ee64fe14c14{\npadding:90px 90px 90px 90px;\nheight:380px;\nbackground-color:#e41c1c;\n}\n<\/style>\n<div class='flex_column av-1n7petq-d236a92e5fb878dd7e204ee64fe14c14 av_two_fifth  avia-builder-el-1  el_before_av_three_fifth  avia-builder-el-first  banner-left first no_margin flex_column_table_cell av-equal-height-column av-align-top'   ><p><section  class='av_textblock_section av-1d2fz72-91a6d20138984f0f3b0bfe75d3b182d2'  itemscope=\"itemscope\" itemtype=\"https:\/\/schema.org\/CreativeWork\" ><div class='avia_textblock freestyle'  itemprop=\"text\" ><p>#vdhurkstyle<\/p>\n<\/div><\/section><br \/>\n\n<style type=\"text\/css\" data-created_by=\"avia_inline_auto\" id=\"style-css-av-lgxcziba-2cf80751c87ccbfeadc0e2617a7af084\">\n#top .av_textblock_section.av-lgxcziba-2cf80751c87ccbfeadc0e2617a7af084 .avia_textblock{\ncolor:#ffffff;\n}\n<\/style>\n<section  class='av_textblock_section av-lgxcziba-2cf80751c87ccbfeadc0e2617a7af084'  itemscope=\"itemscope\" itemtype=\"https:\/\/schema.org\/CreativeWork\" ><div class='avia_textblock av_inherit_color'  itemprop=\"text\" ><h1>Dienstleistungen &amp; Zubeh\u00f6r<\/h1>\n<\/div><\/section><br \/>\n\n<style type=\"text\/css\" data-created_by=\"avia_inline_auto\" id=\"style-css-av-issfu6-ca0cafad5e3400e85eb0f94c0d3e9c1f\">\n#top .hr.hr-invisible.av-issfu6-ca0cafad5e3400e85eb0f94c0d3e9c1f{\nheight:15px;\n}\n<\/style>\n<div  class='hr av-issfu6-ca0cafad5e3400e85eb0f94c0d3e9c1f hr-invisible  avia-builder-el-4  el_after_av_textblock  avia-builder-el-last'><span class='hr-inner'><span class=\"hr-inner-style\"><\/span><\/span><\/div><\/p><\/div><div class='flex_column av-o0gb1-52068b0c9127be3f8efd154682ba348e av_three_fifth  avia-builder-el-5  el_after_av_two_fifth  avia-builder-el-last  no_margin flex_column_table_cell av-equal-height-column av-align-top'   ><\/div><\/div><!--close column table wrapper. Autoclose: 1 -->\n\n<\/div><\/div><\/main><!-- close content main element --><\/div><\/div>\n<style type=\"text\/css\" data-created_by=\"avia_inline_auto\" id=\"style-css-av-novk9-0078511ff3ab150b5e783c3a8b809454\">\n.avia-section.av-novk9-0078511ff3ab150b5e783c3a8b809454{\nbackground-repeat:no-repeat;\nbackground-image:url(https:\/\/www.vdhurk.nl\/wp-content\/uploads\/2022\/03\/Financial-lease.png);\nbackground-position:50% 50%;\nbackground-attachment:scroll;\n}\n<\/style>\n<div id='av_section_2'  class='avia-section av-novk9-0078511ff3ab150b5e783c3a8b809454 main_color avia-section-default avia-no-border-styling  avia-builder-el-6  el_after_av_section  el_before_av_section  av-desktop-hide av-medium-hide avia-full-stretch avia-bg-style-scroll av-minimum-height av-minimum-height-custom  container_wrap fullsize'  data-section-bg-repeat='stretch'><div class='container av-section-cont-open' style='height:250px'><div class='template-page content  av-content-full alpha units'><div class='post-entry post-entry-type-page post-entry-47310'><div class='entry-content-wrapper clearfix'>\n<\/div><\/div><\/div><!-- close content main div --><\/div><\/div><div id='av_section_3'  class='avia-section av-ijvzt-c49f62a1861240d1f5cb8fa08d4b8745 main_color avia-section-default avia-no-border-styling  avia-builder-el-7  el_after_av_section  el_before_av_section  avia-bg-style-scroll container_wrap fullsize'  ><div class='container av-section-cont-open' ><div class='template-page content  av-content-full alpha units'><div class='post-entry post-entry-type-page post-entry-47310'><div class='entry-content-wrapper clearfix'>\n\n<style type=\"text\/css\" data-created_by=\"avia_inline_auto\" id=\"style-css-av-ie2np-a17d1ad359a749e6e36904078ca5a6d1\">\n.flex_column.av-ie2np-a17d1ad359a749e6e36904078ca5a6d1{\nwidth:18%;\n}\n<\/style>\n<div class='flex_column av-ie2np-a17d1ad359a749e6e36904078ca5a6d1 av_one_fifth  avia-builder-el-8  el_before_av_three_fifth  avia-builder-el-first  first flex_column_div'   ><style type=\"text\/css\" data-created_by=\"avia_inline_auto\" id=\"style-css-av-l5s9qegi-5749a23ea692274836d09e77f09e0f58\">\n.avia-image-container.av-l5s9qegi-5749a23ea692274836d09e77f09e0f58 .av-image-caption-overlay-center{\ncolor:#ffffff;\n}\n<\/style>\n<div  class='avia-image-container av-l5s9qegi-5749a23ea692274836d09e77f09e0f58 av-styling- avia-align-center  avia-builder-el-9  avia-builder-el-no-sibling'  itemprop=\"image\" itemscope=\"itemscope\" itemtype=\"https:\/\/schema.org\/ImageObject\" ><div class=\"avia-image-container-inner\"><div class=\"avia-image-overlay-wrap\"><img decoding=\"async\" class='wp-image-161158 avia-img-lazy-loading-not-161158 avia_image' src=\"https:\/\/www.vdhurk.nl\/wp-content\/uploads\/2023\/04\/18-inch-lichtmetalen-velgen-300x300.png\" alt='' title='18-Zoll-Leichtmetallr\u00e4der'  height=\"300\" width=\"300\"  itemprop=\"thumbnailUrl\" srcset=\"https:\/\/www.vdhurk.nl\/wp-content\/uploads\/2023\/04\/18-inch-lichtmetalen-velgen-300x300.png 300w, https:\/\/www.vdhurk.nl\/wp-content\/uploads\/2023\/04\/18-inch-lichtmetalen-velgen-80x80.png 80w, https:\/\/www.vdhurk.nl\/wp-content\/uploads\/2023\/04\/18-inch-lichtmetalen-velgen-12x12.png 12w, https:\/\/www.vdhurk.nl\/wp-content\/uploads\/2023\/04\/18-inch-lichtmetalen-velgen-36x36.png 36w, https:\/\/www.vdhurk.nl\/wp-content\/uploads\/2023\/04\/18-inch-lichtmetalen-velgen-180x180.png 180w, https:\/\/www.vdhurk.nl\/wp-content\/uploads\/2023\/04\/18-inch-lichtmetalen-velgen.png 605w\" sizes=\"(max-width: 300px) 100vw, 300px\" \/><\/div><\/div><\/div><\/div>\n<style type=\"text\/css\" data-created_by=\"avia_inline_auto\" id=\"style-css-av-hrgox-2bb9c9dc466722faa674f72288d60f9b\">\n.flex_column.av-hrgox-2bb9c9dc466722faa674f72288d60f9b{\nwidth:59%;\nmargin-left:2.5%;\n}\n<\/style>\n<div class='flex_column av-hrgox-2bb9c9dc466722faa674f72288d60f9b av_three_fifth  avia-builder-el-10  el_after_av_one_fifth  el_before_av_one_fifth  flex_column_div'   ><style type=\"text\/css\" data-created_by=\"avia_inline_auto\" id=\"style-css-av-h1mod-15cc574543641c304fc948dbd99b5914\">\n#top .av_textblock_section.av-h1mod-15cc574543641c304fc948dbd99b5914 .avia_textblock{\nfont-size:19px;\n}\n<\/style>\n<section  class='av_textblock_section av-h1mod-15cc574543641c304fc948dbd99b5914'  itemscope=\"itemscope\" itemtype=\"https:\/\/schema.org\/CreativeWork\" ><div class='avia_textblock'  itemprop=\"text\" ><h2>Stilvolle Accessoires und zus\u00e4tzliche Dienstleistungen<\/h2>\n<p>Bei van den Hurk machen wir alles! Ob Sie das richtige Zubeh\u00f6r f\u00fcr Ihr Auto suchen, Hilfe bei der Beantragung eines Finanzierungsleasings ben\u00f6tigen oder mit unserem Auslieferungspaket sorgenfrei wegfahren m\u00f6chten - wir sind f\u00fcr Sie da.<\/p>\n<p>Man sagt: \"Kleider machen Leute\". Wir sagen: \"Das Zubeh\u00f6r macht das Auto!\" Warum sollten Sie sich mit dem Standard zufrieden geben, wenn Sie Ihr Auto an Ihren Stil und Ihre Bed\u00fcrfnisse anpassen k\u00f6nnen? Coole Felgen unter Ihrem neuen Bus, eine sportliche Tieferlegung oder einfach nur das gewisse Extra an Leistung - wir k\u00fcmmern uns darum. Machen Sie Ihr Auto einzigartig und fallen Sie noch heute auf!<\/p>\n<p>Hier sind ein paar Beispiele von Autos, die wir selbst gepflegt haben, und sagen Sie uns? Sicherlich ist das fantastisch!<\/p>\n<\/div><\/section><\/div>\n<style type=\"text\/css\" data-created_by=\"avia_inline_auto\" id=\"style-css-av-fy7jh-25bf7f1c804479b52fde8963cab41679\">\n.flex_column.av-fy7jh-25bf7f1c804479b52fde8963cab41679{\nwidth:18%;\nmargin-left:2.5%;\n}\n<\/style>\n<div class='flex_column av-fy7jh-25bf7f1c804479b52fde8963cab41679 av_one_fifth  avia-builder-el-12  el_after_av_three_fifth  el_before_av_hr  flex_column_div'   ><style type=\"text\/css\" data-created_by=\"avia_inline_auto\" id=\"style-css-av-l5s9ro77-ec4c4399ec379e93e562a6cd03181ed9\">\n.avia-image-container.av-l5s9ro77-ec4c4399ec379e93e562a6cd03181ed9 .av-image-caption-overlay-center{\ncolor:#ffffff;\n}\n<\/style>\n<div  class='avia-image-container av-l5s9ro77-ec4c4399ec379e93e562a6cd03181ed9 av-styling- avia-align-center  avia-builder-el-13  avia-builder-el-no-sibling'  itemprop=\"image\" itemscope=\"itemscope\" itemtype=\"https:\/\/schema.org\/ImageObject\" ><div class=\"avia-image-container-inner\"><div class=\"avia-image-overlay-wrap\"><img decoding=\"async\" class='wp-image-161160 avia-img-lazy-loading-not-161160 avia_image' src=\"https:\/\/www.vdhurk.nl\/wp-content\/uploads\/2023\/04\/imperiaal_zwart-300x300.png\" alt='' title='imperial_schwarz'  height=\"300\" width=\"300\"  itemprop=\"thumbnailUrl\" srcset=\"https:\/\/www.vdhurk.nl\/wp-content\/uploads\/2023\/04\/imperiaal_zwart-300x300.png 300w, https:\/\/www.vdhurk.nl\/wp-content\/uploads\/2023\/04\/imperiaal_zwart-80x80.png 80w, https:\/\/www.vdhurk.nl\/wp-content\/uploads\/2023\/04\/imperiaal_zwart-12x12.png 12w, https:\/\/www.vdhurk.nl\/wp-content\/uploads\/2023\/04\/imperiaal_zwart-36x36.png 36w, https:\/\/www.vdhurk.nl\/wp-content\/uploads\/2023\/04\/imperiaal_zwart-180x180.png 180w, https:\/\/www.vdhurk.nl\/wp-content\/uploads\/2023\/04\/imperiaal_zwart.png 500w\" sizes=\"(max-width: 300px) 100vw, 300px\" \/><\/div><\/div><\/div><\/div><div  class='hr av-223c5q-f437e38c7cc5576e015e39f630ba31af hr-default  avia-builder-el-14  el_after_av_one_fifth  el_before_av_partner'><span class='hr-inner'><span class=\"hr-inner-style\"><\/span><\/span><\/div>\n\n<style type=\"text\/css\" data-created_by=\"avia_inline_auto\" id=\"style-css-av-lgxea5nt-8d963422fbc285fec084f5f2f3708414\">\n#top .avia-logo-element-container.av-lgxea5nt-8d963422fbc285fec084f5f2f3708414 .slide-entry{\npadding:10px 10px 10px 10px;\n}\n.avia-logo-element-container.av-lgxea5nt-8d963422fbc285fec084f5f2f3708414 .av-partner-fake-img{\nbackground-size:cover;\n}\n<\/style>\n<div   data-autoplay='true'  data-interval='8'  data-animation='slide'  class='avia-logo-element-container av-lgxea5nt-8d963422fbc285fec084f5f2f3708414 avia-logo-grid avia-content-slider avia-smallarrow-slider avia-content-grid-active noHover avia-content-slider-odd  avia-builder-el-15  el_after_av_hr  el_before_av_hr  avia-content-slider1'><div class='avia-smallarrow-slider-heading  no-logo-slider-heading'><div class='new-special-heading'>&nbsp;<\/div><\/div><div class=\"avia-content-slider-inner\"><div class=\"slide-entry-wrap\"><div  class='slide-entry av-1q2peha-0b23d62bdabb101a5bcdf8b634141320 flex_column no_margin av_one_third real-thumbnail post-entry slide-entry-overview slide-loop-1 slide-parity-odd  first'><span class='av-partner-fake-img' style='padding-bottom:66.666666666667%; background-image:url(https:\/\/www.vdhurk.nl\/wp-content\/uploads\/2023\/04\/IMG_5990.jpg);'><\/span><\/div><div  class='slide-entry av-2ide2j2-b681e77a697913ea5d0beadaa0c07bd2 flex_column no_margin av_one_third real-thumbnail post-entry slide-entry-overview slide-loop-2 slide-parity-even'><span class='av-partner-fake-img' style='padding-bottom:66.666666666667%; background-image:url(https:\/\/www.vdhurk.nl\/wp-content\/uploads\/2023\/04\/1-informeer-en-vergelijk-2-1.jpg);'><\/span><\/div><div  class='slide-entry av-pvhofi-2021a2815154106a3b7091369af38f50 flex_column no_margin av_one_third real-thumbnail post-entry slide-entry-overview slide-loop-3 slide-parity-odd'><span class='av-partner-fake-img' style='padding-bottom:66.666666666667%; background-image:url(https:\/\/www.vdhurk.nl\/wp-content\/uploads\/2023\/04\/IMG_4502-1.jpg);'><\/span><\/div><\/div><div class=\"slide-entry-wrap\"><div  class='slide-entry av-26x5j9q-90633b2e4acef63490776f0590d39601 flex_column no_margin av_one_third real-thumbnail post-entry slide-entry-overview slide-loop-4 slide-parity-odd  first'><span class='av-partner-fake-img' style='padding-bottom:66.666666666667%; background-image:url(https:\/\/www.vdhurk.nl\/wp-content\/uploads\/2023\/04\/IMG_6604-1.jpg);'><\/span><\/div><div  class='slide-entry av-suu4su-58de0b58334139e2d02b95e21890e7c6 flex_column no_margin av_one_third real-thumbnail post-entry slide-entry-overview slide-loop-5 slide-parity-even'><span class='av-partner-fake-img' style='padding-bottom:66.666666666667%; background-image:url(https:\/\/www.vdhurk.nl\/wp-content\/uploads\/2023\/04\/IMG_0390-2.jpg);'><\/span><\/div><div  class='slide-entry av-19zgs1a-0db9858acb8590a596a37ee97de65043 flex_column no_margin av_one_third real-thumbnail post-entry slide-entry-overview slide-loop-6 slide-parity-odd post-entry-last'><span class='av-partner-fake-img' style='padding-bottom:66.666666666667%; background-image:url(https:\/\/www.vdhurk.nl\/wp-content\/uploads\/2023\/04\/IMG_1571.jpg);'><\/span><\/div><\/div><\/div><\/div>\n<div  class='hr av-o6l18u-215693d2bada95e005044f7a6a87055a hr-default  avia-builder-el-16  el_after_av_partner  el_before_av_one_fifth'><span class='hr-inner'><span class=\"hr-inner-style\"><\/span><\/span><\/div>\n\n<style type=\"text\/css\" data-created_by=\"avia_inline_auto\" id=\"style-css-av-f83vp-a515434ef8030b31f47b0bd0ce947ce3\">\n.flex_column.av-f83vp-a515434ef8030b31f47b0bd0ce947ce3{\nwidth:18%;\n}\n<\/style>\n<div class='flex_column av-f83vp-a515434ef8030b31f47b0bd0ce947ce3 av_one_fifth  avia-builder-el-17  el_after_av_hr  el_before_av_one_fifth  first flex_column_div'   ><style type=\"text\/css\" data-created_by=\"avia_inline_auto\" id=\"style-css-av-2uechn2-a90491baa7d16e1a21e8ab28c3fa4391\">\n.avia-image-container.av-2uechn2-a90491baa7d16e1a21e8ab28c3fa4391 .av-image-caption-overlay-center{\ncolor:#ffffff;\n}\n<\/style>\n<div  class='avia-image-container av-2uechn2-a90491baa7d16e1a21e8ab28c3fa4391 av-styling- avia-align-center  avia-builder-el-18  avia-builder-el-no-sibling'  itemprop=\"image\" itemscope=\"itemscope\" itemtype=\"https:\/\/schema.org\/ImageObject\" ><div class=\"avia-image-container-inner\"><div class=\"avia-image-overlay-wrap\"><img decoding=\"async\" class='wp-image- avia-img-lazy-loading-not- avia_image' src=\"https:\/\/www.vdhurk.nl\/wp-content\/uploads\/autobedrijfvoertuigen\/voertuig\/30.665.129\/9965618680-30665129-1-300x225.jpg\" alt='' title=''   itemprop=\"thumbnailUrl\"  \/><\/div><\/div><\/div><\/div>\n<style type=\"text\/css\" data-created_by=\"avia_inline_auto\" id=\"style-css-av-cgmbl-e2c91932b01a351c75c7911fe7078749\">\n.flex_column.av-cgmbl-e2c91932b01a351c75c7911fe7078749{\nwidth:18%;\nmargin-left:2.5%;\n}\n<\/style>\n<div class='flex_column av-cgmbl-e2c91932b01a351c75c7911fe7078749 av_one_fifth  avia-builder-el-19  el_after_av_one_fifth  el_before_av_one_fifth  flex_column_div'   ><style type=\"text\/css\" data-created_by=\"avia_inline_auto\" id=\"style-css-av-2dt4kq6-c002b1acc2c17a359de1858863229f2e\">\n.avia-image-container.av-2dt4kq6-c002b1acc2c17a359de1858863229f2e .av-image-caption-overlay-center{\ncolor:#ffffff;\n}\n<\/style>\n<div  class='avia-image-container av-2dt4kq6-c002b1acc2c17a359de1858863229f2e av-styling- avia-align-center  avia-builder-el-20  avia-builder-el-no-sibling'  itemprop=\"image\" itemscope=\"itemscope\" itemtype=\"https:\/\/schema.org\/ImageObject\" ><div class=\"avia-image-container-inner\"><div class=\"avia-image-overlay-wrap\"><img decoding=\"async\" class='wp-image- avia-img-lazy-loading-not- avia_image' src=\"https:\/\/www.vdhurk.nl\/wp-content\/uploads\/autobedrijfvoertuigen\/voertuig\/29.824.708\/10080137633-29824708-1-300x225.jpg\" alt='' title=''   itemprop=\"thumbnailUrl\"  \/><\/div><\/div><\/div><\/div>\n<style type=\"text\/css\" data-created_by=\"avia_inline_auto\" id=\"style-css-av-9s339-55b0192883e1d17f64cb86692ce0a9d1\">\n.flex_column.av-9s339-55b0192883e1d17f64cb86692ce0a9d1{\nwidth:18%;\nmargin-left:2.5%;\n}\n<\/style>\n<div class='flex_column av-9s339-55b0192883e1d17f64cb86692ce0a9d1 av_one_fifth  avia-builder-el-21  el_after_av_one_fifth  el_before_av_one_fifth  flex_column_div'   ><style type=\"text\/css\" data-created_by=\"avia_inline_auto\" id=\"style-css-av-1peamoe-6e7778587a3a20a24a3189c5233d33be\">\n.avia-image-container.av-1peamoe-6e7778587a3a20a24a3189c5233d33be .av-image-caption-overlay-center{\ncolor:#ffffff;\n}\n<\/style>\n<div  class='avia-image-container av-1peamoe-6e7778587a3a20a24a3189c5233d33be av-styling- avia-align-center  avia-builder-el-22  avia-builder-el-no-sibling'  itemprop=\"image\" itemscope=\"itemscope\" itemtype=\"https:\/\/schema.org\/ImageObject\" ><div class=\"avia-image-container-inner\"><div class=\"avia-image-overlay-wrap\"><img decoding=\"async\" class='wp-image- avia-img-lazy-loading-not- avia_image' src=\"https:\/\/www.vdhurk.nl\/wp-content\/uploads\/autobedrijfvoertuigen\/voertuig\/29.640.526\/10080004391-29640526-2-300x225.jpg\" alt='' title=''   itemprop=\"thumbnailUrl\"  \/><\/div><\/div><\/div><\/div>\n<style type=\"text\/css\" data-created_by=\"avia_inline_auto\" id=\"style-css-av-2lcnt-5ddef8c25f3cdfa5a2de6df52aed6005\">\n.flex_column.av-2lcnt-5ddef8c25f3cdfa5a2de6df52aed6005{\nwidth:18%;\nmargin-left:2.5%;\n}\n<\/style>\n<div class='flex_column av-2lcnt-5ddef8c25f3cdfa5a2de6df52aed6005 av_one_fifth  avia-builder-el-23  el_after_av_one_fifth  el_before_av_one_fifth  flex_column_div'   ><style type=\"text\/css\" data-created_by=\"avia_inline_auto\" id=\"style-css-av-196pjim-eef80a2ed347a9e55eca7f3f3faa4529\">\n.avia-image-container.av-196pjim-eef80a2ed347a9e55eca7f3f3faa4529 .av-image-caption-overlay-center{\ncolor:#ffffff;\n}\n<\/style>\n<div  class='avia-image-container av-196pjim-eef80a2ed347a9e55eca7f3f3faa4529 av-styling- avia-align-center  avia-builder-el-24  avia-builder-el-no-sibling'  itemprop=\"image\" itemscope=\"itemscope\" itemtype=\"https:\/\/schema.org\/ImageObject\" ><div class=\"avia-image-container-inner\"><div class=\"avia-image-overlay-wrap\"><img decoding=\"async\" class='wp-image- avia-img-lazy-loading-not- avia_image' src=\"https:\/\/www.vdhurk.nl\/wp-content\/uploads\/autobedrijfvoertuigen\/voertuig\/30.838.997\/10013386718-30838997-1-300x225.jpg\" alt='' title=''   itemprop=\"thumbnailUrl\"  \/><\/div><\/div><\/div><\/div>\n<style type=\"text\/css\" data-created_by=\"avia_inline_auto\" id=\"style-css-av-wpk4r2-cd77b332c1039e707baafbd2bae63e5b\">\n.flex_column.av-wpk4r2-cd77b332c1039e707baafbd2bae63e5b{\nwidth:18%;\nmargin-left:2.5%;\n}\n<\/style>\n<div class='flex_column av-wpk4r2-cd77b332c1039e707baafbd2bae63e5b av_one_fifth  avia-builder-el-25  el_after_av_one_fifth  avia-builder-el-last  flex_column_div'   ><style type=\"text\/css\" data-created_by=\"avia_inline_auto\" id=\"style-css-av-l5sa0ckv-ebbd2014c9250d0c1d433ec7b74a3ef2\">\n.avia-image-container.av-l5sa0ckv-ebbd2014c9250d0c1d433ec7b74a3ef2 .av-image-caption-overlay-center{\ncolor:#ffffff;\n}\n<\/style>\n<div  class='avia-image-container av-l5sa0ckv-ebbd2014c9250d0c1d433ec7b74a3ef2 av-styling- avia-align-center  avia-builder-el-26  avia-builder-el-no-sibling'  itemprop=\"image\" itemscope=\"itemscope\" itemtype=\"https:\/\/schema.org\/ImageObject\" ><div class=\"avia-image-container-inner\"><div class=\"avia-image-overlay-wrap\"><img decoding=\"async\" class='wp-image- avia-img-lazy-loading-not- avia_image' src=\"https:\/\/www.vdhurk.nl\/wp-content\/uploads\/autobedrijfvoertuigen\/voertuig\/31.188.682\/10082272050-31188682-1-300x225.jpg\" alt='' title=''   itemprop=\"thumbnailUrl\"  \/><\/div><\/div><\/div><\/div><\/div><\/div><\/div><!-- close content main div --><\/div><\/div><div id='av_section_4'  class='avia-section av-42n0x-c10f188a8e51a638da18d5f9b6560d47 alternate_color avia-section-small avia-no-border-styling  avia-builder-el-27  el_after_av_section  avia-builder-el-last  avia-bg-style-scroll container_wrap fullsize'  ><div class='container av-section-cont-open' ><div class='template-page content  av-content-full alpha units'><div class='post-entry post-entry-type-page post-entry-47310'><div class='entry-content-wrapper clearfix'>\n\n<style type=\"text\/css\" data-created_by=\"avia_inline_auto\" id=\"style-css-av-2xcg9-4b43c60825894c7862ac6cdb874b37a1\">\n.flex_column.av-2xcg9-4b43c60825894c7862ac6cdb874b37a1{\npadding:50px 50px 50px 50px;\n}\n<\/style>\n<div class='flex_column av-2xcg9-4b43c60825894c7862ac6cdb874b37a1 av_one_full  avia-builder-el-28  avia-builder-el-no-sibling  first flex_column_div'   ><\/div>\n<\/p>","protected":false},"excerpt":{"rendered":"","protected":false},"author":2,"featured_media":0,"parent":0,"menu_order":0,"comment_status":"closed","ping_status":"closed","template":"","meta":{"_acf_changed":false,"_improvement_type_select":"improve_an_existing","_thumb_yes_seoaic":false,"_frame_yes_seoaic":false,"seoaic_generate_description":"","seoaic_improve_instructions_prompt":"","seoaic_rollback_content_improvement":"","seoaic_idea_thumbnail_generator":"","thumbnail_generated":false,"thumbnail_generate_prompt":"","seoaic_article_description":"","footnotes":""},"class_list":["post-47310","page","type-page","status-publish","hentry"],"acf":[],"yoast_head":"<!-- This site is optimized with the Yoast SEO plugin v27.5 - https:\/\/yoast.com\/product\/yoast-seo-wordpress\/ -->\n<title>Diensten - Van den Hurk Bedrijfswagens<\/title>\n<meta name=\"robots\" content=\"index, follow, max-snippet:-1, max-image-preview:large, max-video-preview:-1\" \/>\n<link rel=\"canonical\" href=\"https:\/\/www.vdhurk.nl\/de\/dienstleistungen\/\" \/>\n<meta property=\"og:locale\" content=\"de_DE\" \/>\n<meta property=\"og:type\" content=\"article\" \/>\n<meta property=\"og:title\" content=\"Diensten - Van den Hurk Bedrijfswagens\" \/>\n<meta property=\"og:url\" content=\"https:\/\/www.vdhurk.nl\/de\/dienstleistungen\/\" \/>\n<meta property=\"og:site_name\" content=\"Van den Hurk Bedrijfswagens\" \/>\n<meta property=\"article:modified_time\" content=\"2025-04-01T11:54:57+00:00\" \/>\n<meta name=\"twitter:card\" content=\"summary_large_image\" \/>\n<meta name=\"twitter:label1\" content=\"Gesch\u00e4tzte Lesezeit\" \/>\n\t<meta name=\"twitter:data1\" content=\"8\u00a0Minuten\" \/>\n<script type=\"application\/ld+json\" class=\"yoast-schema-graph\">{\"@context\":\"https:\\\/\\\/schema.org\",\"@graph\":[{\"@type\":\"WebPage\",\"@id\":\"https:\\\/\\\/www.vdhurk.nl\\\/diensten\\\/\",\"url\":\"https:\\\/\\\/www.vdhurk.nl\\\/diensten\\\/\",\"name\":\"Diensten - Van den Hurk Bedrijfswagens\",\"isPartOf\":{\"@id\":\"https:\\\/\\\/www.vdhurk.nl\\\/#website\"},\"datePublished\":\"2022-07-19T09:36:06+00:00\",\"dateModified\":\"2025-04-01T11:54:57+00:00\",\"breadcrumb\":{\"@id\":\"https:\\\/\\\/www.vdhurk.nl\\\/diensten\\\/#breadcrumb\"},\"inLanguage\":\"de\",\"potentialAction\":[{\"@type\":\"ReadAction\",\"target\":[\"https:\\\/\\\/www.vdhurk.nl\\\/diensten\\\/\"]}]},{\"@type\":\"BreadcrumbList\",\"@id\":\"https:\\\/\\\/www.vdhurk.nl\\\/diensten\\\/#breadcrumb\",\"itemListElement\":[{\"@type\":\"ListItem\",\"position\":1,\"name\":\"Home\",\"item\":\"https:\\\/\\\/www.vdhurk.nl\\\/home\\\/\"},{\"@type\":\"ListItem\",\"position\":2,\"name\":\"Diensten\"}]},{\"@type\":\"WebSite\",\"@id\":\"https:\\\/\\\/www.vdhurk.nl\\\/#website\",\"url\":\"https:\\\/\\\/www.vdhurk.nl\\\/\",\"name\":\"Van den Hurk Bedrijfswagens\",\"description\":\"Van den Hurk bedrijfswagens Helmond\",\"potentialAction\":[{\"@type\":\"SearchAction\",\"target\":{\"@type\":\"EntryPoint\",\"urlTemplate\":\"https:\\\/\\\/www.vdhurk.nl\\\/?s={search_term_string}\"},\"query-input\":{\"@type\":\"PropertyValueSpecification\",\"valueRequired\":true,\"valueName\":\"search_term_string\"}}],\"inLanguage\":\"de\"}]}<\/script>\n<!-- \/ Yoast SEO plugin. -->","yoast_head_json":{"title":"Dienstleistungen - Van den Hurk Commercial Vehicles","robots":{"index":"index","follow":"follow","max-snippet":"max-snippet:-1","max-image-preview":"max-image-preview:large","max-video-preview":"max-video-preview:-1"},"canonical":"https:\/\/www.vdhurk.nl\/de\/dienstleistungen\/","og_locale":"de_DE","og_type":"article","og_title":"Diensten - Van den Hurk Bedrijfswagens","og_url":"https:\/\/www.vdhurk.nl\/de\/dienstleistungen\/","og_site_name":"Van den Hurk Bedrijfswagens","article_modified_time":"2025-04-01T11:54:57+00:00","twitter_card":"summary_large_image","twitter_misc":{"Gesch\u00e4tzte Lesezeit":"8\u00a0Minuten"},"schema":{"@context":"https:\/\/schema.org","@graph":[{"@type":"WebPage","@id":"https:\/\/www.vdhurk.nl\/diensten\/","url":"https:\/\/www.vdhurk.nl\/diensten\/","name":"Dienstleistungen - Van den Hurk Commercial Vehicles","isPartOf":{"@id":"https:\/\/www.vdhurk.nl\/#website"},"datePublished":"2022-07-19T09:36:06+00:00","dateModified":"2025-04-01T11:54:57+00:00","breadcrumb":{"@id":"https:\/\/www.vdhurk.nl\/diensten\/#breadcrumb"},"inLanguage":"de","potentialAction":[{"@type":"ReadAction","target":["https:\/\/www.vdhurk.nl\/diensten\/"]}]},{"@type":"BreadcrumbList","@id":"https:\/\/www.vdhurk.nl\/diensten\/#breadcrumb","itemListElement":[{"@type":"ListItem","position":1,"name":"Home","item":"https:\/\/www.vdhurk.nl\/home\/"},{"@type":"ListItem","position":2,"name":"Diensten"}]},{"@type":"WebSite","@id":"https:\/\/www.vdhurk.nl\/#website","url":"https:\/\/www.vdhurk.nl\/","name":"Van den Hurk Nutzfahrzeuge","description":"Van den Hurk Nutzfahrzeuge Helmond","potentialAction":[{"@type":"SearchAction","target":{"@type":"EntryPoint","urlTemplate":"https:\/\/www.vdhurk.nl\/?s={search_term_string}"},"query-input":{"@type":"PropertyValueSpecification","valueRequired":true,"valueName":"search_term_string"}}],"inLanguage":"de"}]}},"_links":{"self":[{"href":"https:\/\/www.vdhurk.nl\/de\/wp-json\/wp\/v2\/pages\/47310","targetHints":{"allow":["GET"]}}],"collection":[{"href":"https:\/\/www.vdhurk.nl\/de\/wp-json\/wp\/v2\/pages"}],"about":[{"href":"https:\/\/www.vdhurk.nl\/de\/wp-json\/wp\/v2\/types\/page"}],"author":[{"embeddable":true,"href":"https:\/\/www.vdhurk.nl\/de\/wp-json\/wp\/v2\/users\/2"}],"replies":[{"embeddable":true,"href":"https:\/\/www.vdhurk.nl\/de\/wp-json\/wp\/v2\/comments?post=47310"}],"version-history":[{"count":76,"href":"https:\/\/www.vdhurk.nl\/de\/wp-json\/wp\/v2\/pages\/47310\/revisions"}],"predecessor-version":[{"id":476727,"href":"https:\/\/www.vdhurk.nl\/de\/wp-json\/wp\/v2\/pages\/47310\/revisions\/476727"}],"wp:attachment":[{"href":"https:\/\/www.vdhurk.nl\/de\/wp-json\/wp\/v2\/media?parent=47310"}],"curies":[{"name":"wp","href":"https:\/\/api.w.org\/{rel}","templated":true}]}}