{"id":454900,"date":"2025-02-28T15:55:05","date_gmt":"2025-02-28T14:55:05","guid":{"rendered":"https:\/\/www.vdhurk.nl\/?page_id=454900"},"modified":"2025-02-28T15:55:05","modified_gmt":"2025-02-28T14:55:05","slug":"maschine","status":"publish","type":"page","link":"https:\/\/www.vdhurk.nl\/de\/fiat-bedrijfswagens\/ducato\/automaat\/","title":{"rendered":"Fiat Ducato Automatik"},"content":{"rendered":"<section  class='av_textblock_section av-lu8gnh7d-4ac895489941e586c1d7c8cb72318135'  itemscope=\"itemscope\" itemtype=\"https:\/\/schema.org\/CreativeWork\" ><div class='avia_textblock'  itemprop=\"text\" ><h1>Sie suchen ein Fiat Ducato Automatikgetriebe?<\/h1>\n<p>Ein guter Firmenwagen ist ein wichtiger Bestandteil Ihres Unternehmens. Sind Sie auf der Suche nach einem zuverl\u00e4ssigen Auto, bei dem Sie nicht schalten m\u00fcssen? Dann ist der Fiat Ducato Automatik auf jeden Fall eine \u00dcberlegung wert. Dieses Modell ist f\u00fcr seine Zuverl\u00e4ssigkeit bekannt und wird oft von Gesch\u00e4ftsfahrern gew\u00e4hlt. Sie fragen sich, ob dieser Transporter zu Ihren Bed\u00fcrfnissen passt? Dann lesen Sie weiter!<\/p>\n<\/div><\/section>\n\n<style type=\"text\/css\" data-created_by=\"avia_inline_auto\" id=\"style-css-av-lujjddpd-afa3d7a9eabd61123e643ed1228e781e\">\n#top .hr.hr-invisible.av-lujjddpd-afa3d7a9eabd61123e643ed1228e781e{\nheight:50px;\n}\n<\/style>\n<div  class='hr av-lujjddpd-afa3d7a9eabd61123e643ed1228e781e hr-invisible  avia-builder-el-1  el_after_av_textblock  el_before_av_codeblock'><span class='hr-inner'><span class=\"hr-inner-style\"><\/span><\/span><\/div>\n\n\n<style type=\"text\/css\" data-created_by=\"avia_inline_auto\" id=\"style-css-av-5op6opf-b2213bc341fb70d5a9a643132d6a8789\">\n#top .hr.hr-invisible.av-5op6opf-b2213bc341fb70d5a9a643132d6a8789{\nheight:50px;\n}\n<\/style>\n<div  class='hr av-5op6opf-b2213bc341fb70d5a9a643132d6a8789 hr-invisible  avia-builder-el-3  el_after_av_codeblock  el_before_av_textblock'><span class='hr-inner'><span class=\"hr-inner-style\"><\/span><\/span><\/div>\n<section  class='av_textblock_section av-lu8gow1e-300853e458ed741bd87d6cb78e55cc7a'  itemscope=\"itemscope\" itemtype=\"https:\/\/schema.org\/CreativeWork\" ><div class='avia_textblock'  itemprop=\"text\" ><h2>Die Vorteile eines Automatikgetriebes<\/h2>\n<p>Sie schalten nicht gerne oder nur ungern einen Gang h\u00f6her? Wir verstehen das. Zum Gl\u00fcck gibt es den Fiat Ducato auch mit Automatikgetriebe. Damit k\u00f6nnen Sie fahren, ohne zu kuppeln oder zu schalten. Ideal im dichten Stadtverkehr, im Stau oder auf langen Fahrten. Und das Beste ist, dass Sie keine Abstriche beim Platzangebot oder der Zuladung machen m\u00fcssen. Sie profitieren wie bei der manuellen Version von einer ger\u00e4umigen Kabine und einer hohen Ladekapazit\u00e4t. Kurz gesagt, alle Vorteile des Fiat Ducato, ohne das Schalten.<\/p>\n<\/div><\/section>\n<div class='flex_column av-f64w1-da126f42b61613402309283c14245a25 av_one_half  avia-builder-el-5  el_after_av_textblock  el_before_av_one_third  first flex_column_div column-top-margin'   ><section  class='av_textblock_section av-lu8gpqre-73cc2c17e6a6497ba6e1b58af22bd9e8'  itemscope=\"itemscope\" itemtype=\"https:\/\/schema.org\/CreativeWork\" ><div class='avia_textblock'  itemprop=\"text\" ><h2>W\u00e4hlen Sie aus verschiedenen Versionen<\/h2>\n<p>Der Fiat Ducato ist in verschiedenen Ausf\u00fchrungen erh\u00e4ltlich, so dass Sie immer ein Modell finden, das perfekt zu Ihrem Betrieb passt. Ben\u00f6tigen Sie einen gro\u00dfen Laderaum f\u00fcr Werkzeuge oder Waren? Dann w\u00e4hlen Sie den Kastenwagen mit seinem beeindruckenden Ladevolumen. Arbeiten Sie mit einem Team und ben\u00f6tigen zus\u00e4tzliche Sitzpl\u00e4tze? Dann bietet die Doppelkabine eine praktische L\u00f6sung, mit der Sie sowohl Personen als auch Material bequem transportieren k\u00f6nnen. Ob Sie eine kompakte Version f\u00fcr den Stadtverkehr oder eine verl\u00e4ngerte Version f\u00fcr maximale Kapazit\u00e4t suchen, der Fiat Ducato bietet immer eine Version, die zu Ihrem Unternehmen passt.<\/p>\n<\/div><\/section><\/div><div class='flex_column av-aldk9-ee694297f5c4032981677a02caab84d6 av_one_third  avia-builder-el-7  el_after_av_one_half  el_before_av_hr  flex_column_div column-top-margin'   ><style type=\"text\/css\" data-created_by=\"avia_inline_auto\" id=\"style-css-av-l1w9kpsf-4ec3fab772ec7a9adaa33cfc64ff0475\">\n.avia-image-container.av-l1w9kpsf-4ec3fab772ec7a9adaa33cfc64ff0475 .av-image-caption-overlay-center{\ncolor:#ffffff;\n}\n<\/style>\n<div  class='avia-image-container av-l1w9kpsf-4ec3fab772ec7a9adaa33cfc64ff0475 av-styling- avia-align-center  avia-builder-el-8  avia-builder-el-no-sibling'  itemprop=\"image\" itemscope=\"itemscope\" itemtype=\"https:\/\/schema.org\/ImageObject\" ><div class=\"avia-image-container-inner\"><div class=\"avia-image-overlay-wrap\"><img decoding=\"async\" class='wp-image-187 avia-img-lazy-loading-not-187 avia_image' src=\"https:\/\/www.vdhurk.nl\/wp-content\/uploads\/2022\/03\/Voorrad.png\" alt='' title='Lagerbestand'  height=\"758\" width=\"1135\"  itemprop=\"thumbnailUrl\" srcset=\"https:\/\/www.vdhurk.nl\/wp-content\/uploads\/2022\/03\/Voorrad.png 1135w, https:\/\/www.vdhurk.nl\/wp-content\/uploads\/2022\/03\/Voorrad-300x200.png 300w, https:\/\/www.vdhurk.nl\/wp-content\/uploads\/2022\/03\/Voorrad-1030x688.png 1030w, https:\/\/www.vdhurk.nl\/wp-content\/uploads\/2022\/03\/Voorrad-768x513.png 768w, https:\/\/www.vdhurk.nl\/wp-content\/uploads\/2022\/03\/Voorrad-18x12.png 18w, https:\/\/www.vdhurk.nl\/wp-content\/uploads\/2022\/03\/Voorrad-705x471.png 705w\" sizes=\"(max-width: 1135px) 100vw, 1135px\" \/><\/div><\/div><\/div><\/div><\/p>\n\n<style type=\"text\/css\" data-created_by=\"avia_inline_auto\" id=\"style-css-av-luqrjpjc-5a23a1fb5f94718ca85316a9df963e2f\">\n#top .hr.hr-invisible.av-luqrjpjc-5a23a1fb5f94718ca85316a9df963e2f{\nheight:50px;\n}\n<\/style>\n<div  class='hr av-luqrjpjc-5a23a1fb5f94718ca85316a9df963e2f hr-invisible  avia-builder-el-9  el_after_av_one_third  el_before_av_textblock'><span class='hr-inner'><span class=\"hr-inner-style\"><\/span><\/span><\/div>\n<section  class='av_textblock_section av-lu8gtjw7-4f3cee9304909518d86d2860d9d582dd'  itemscope=\"itemscope\" itemtype=\"https:\/\/schema.org\/CreativeWork\" ><div class='avia_textblock'  itemprop=\"text\" ><h2>Was zahlt man f\u00fcr einen Fiat Ducato mit Automatik?<\/h2>\n<p>Der Preis eines Nutzfahrzeugs h\u00e4ngt von Ihren W\u00fcnschen und Bed\u00fcrfnissen ab. Den Fiat Ducato Automatik gibt es in verschiedenen Ausf\u00fchrungen, von der Basisvariante bis zum Luxusmodell mit allem Komfort. Es gibt immer eine Option, die zu Ihrem Budget passt.<\/p>\n<h2>Kaufen oder leasen?<\/h2>\n<p>Ob Sie sich f\u00fcr Kauf oder Leasing entscheiden, das Wichtigste ist, dass Sie eine L\u00f6sung finden, die zu Ihrem Unternehmen passt. M\u00f6chten Sie Ihren Fiat Ducato sofort besitzen? Dann ist der Kauf eine gute Wahl. Ziehen Sie eine finanzielle Diversifizierung vor und m\u00f6chten Sie Geld f\u00fcr andere Investitionen \u00fcbrig haben? Dann ist das Finanzierungsleasing eine gute Wahl. Beide M\u00f6glichkeiten haben ihre Vorteile, und wir von Van den Hurk beraten Sie gerne pers\u00f6nlich, damit Sie die beste Entscheidung f\u00fcr Ihr Unternehmen treffen k\u00f6nnen.<\/p>\n<h2>Einen geeigneten Firmenwagen finden<\/h2>\n<p>Einen Fiat Ducato Automatik kaufen, leasen oder mehr dar\u00fcber erfahren, was zu Ihrer Situation passt? Wir helfen Ihnen gerne, die richtige Wahl zu treffen. Sehen Sie sich unser aktuelles Angebot an oder nehmen Sie einfach Kontakt mit uns auf.<\/p>\n<\/div><\/section>","protected":false},"excerpt":{"rendered":"","protected":false},"author":3,"featured_media":0,"parent":402271,"menu_order":0,"comment_status":"closed","ping_status":"closed","template":"","meta":{"_acf_changed":false,"_improvement_type_select":"improve_an_existing","_thumb_yes_seoaic":false,"_frame_yes_seoaic":false,"seoaic_generate_description":"","seoaic_improve_instructions_prompt":"","seoaic_rollback_content_improvement":"","seoaic_idea_thumbnail_generator":"","thumbnail_generated":false,"thumbnail_generate_prompt":"","seoaic_article_description":"","footnotes":""},"class_list":["post-454900","page","type-page","status-publish","hentry"],"acf":[],"yoast_head":"<!-- This site is optimized with the Yoast SEO plugin v27.5 - https:\/\/yoast.com\/product\/yoast-seo-wordpress\/ -->\n<title>Bekijk het aanbod en vind jouw perfecte Fiat Ducato automaat<\/title>\n<meta name=\"description\" content=\"Vind de ideale Fiat Ducato automaat voor jouw onderneming. Ontdek ons actuele aanbod en kies de uitvoering die bij jouw werkzaamheden past.\" \/>\n<meta name=\"robots\" content=\"index, follow, max-snippet:-1, max-image-preview:large, max-video-preview:-1\" \/>\n<link rel=\"canonical\" href=\"https:\/\/www.vdhurk.nl\/de\/fiat-nutzfahrzeuge\/mercedes-17\/maschine\/\" \/>\n<meta property=\"og:locale\" content=\"de_DE\" \/>\n<meta property=\"og:type\" content=\"article\" \/>\n<meta property=\"og:title\" content=\"Bekijk het aanbod en vind jouw perfecte Fiat Ducato automaat\" \/>\n<meta property=\"og:description\" content=\"Vind de ideale Fiat Ducato automaat voor jouw onderneming. Ontdek ons actuele aanbod en kies de uitvoering die bij jouw werkzaamheden past.\" \/>\n<meta property=\"og:url\" content=\"https:\/\/www.vdhurk.nl\/de\/fiat-nutzfahrzeuge\/mercedes-17\/maschine\/\" \/>\n<meta property=\"og:site_name\" content=\"Van den Hurk Bedrijfswagens\" \/>\n<meta name=\"twitter:card\" content=\"summary_large_image\" \/>\n<meta name=\"twitter:label1\" content=\"Gesch\u00e4tzte Lesezeit\" \/>\n\t<meta name=\"twitter:data1\" content=\"4\u00a0Minuten\" \/>\n<script type=\"application\/ld+json\" class=\"yoast-schema-graph\">{\"@context\":\"https:\\\/\\\/schema.org\",\"@graph\":[{\"@type\":\"WebPage\",\"@id\":\"https:\\\/\\\/www.vdhurk.nl\\\/fiat-bedrijfswagens\\\/ducato\\\/automaat\\\/\",\"url\":\"https:\\\/\\\/www.vdhurk.nl\\\/fiat-bedrijfswagens\\\/ducato\\\/automaat\\\/\",\"name\":\"Bekijk het aanbod en vind jouw perfecte Fiat Ducato automaat\",\"isPartOf\":{\"@id\":\"https:\\\/\\\/www.vdhurk.nl\\\/#website\"},\"datePublished\":\"2025-02-28T14:55:05+00:00\",\"description\":\"Vind de ideale Fiat Ducato automaat voor jouw onderneming. Ontdek ons actuele aanbod en kies de uitvoering die bij jouw werkzaamheden past.\",\"breadcrumb\":{\"@id\":\"https:\\\/\\\/www.vdhurk.nl\\\/fiat-bedrijfswagens\\\/ducato\\\/automaat\\\/#breadcrumb\"},\"inLanguage\":\"de\",\"potentialAction\":[{\"@type\":\"ReadAction\",\"target\":[\"https:\\\/\\\/www.vdhurk.nl\\\/fiat-bedrijfswagens\\\/ducato\\\/automaat\\\/\"]}]},{\"@type\":\"BreadcrumbList\",\"@id\":\"https:\\\/\\\/www.vdhurk.nl\\\/fiat-bedrijfswagens\\\/ducato\\\/automaat\\\/#breadcrumb\",\"itemListElement\":[{\"@type\":\"ListItem\",\"position\":1,\"name\":\"Home\",\"item\":\"https:\\\/\\\/www.vdhurk.nl\\\/home\\\/\"},{\"@type\":\"ListItem\",\"position\":2,\"name\":\"Fiat Bedrijfswagens\",\"item\":\"https:\\\/\\\/www.vdhurk.nl\\\/fiat-bedrijfswagens\\\/\"},{\"@type\":\"ListItem\",\"position\":3,\"name\":\"Fiat Ducato\",\"item\":\"https:\\\/\\\/www.vdhurk.nl\\\/fiat-bedrijfswagens\\\/ducato\\\/\"},{\"@type\":\"ListItem\",\"position\":4,\"name\":\"Fiat Ducato Automaat\"}]},{\"@type\":\"WebSite\",\"@id\":\"https:\\\/\\\/www.vdhurk.nl\\\/#website\",\"url\":\"https:\\\/\\\/www.vdhurk.nl\\\/\",\"name\":\"Van den Hurk Bedrijfswagens\",\"description\":\"Van den Hurk bedrijfswagens Helmond\",\"potentialAction\":[{\"@type\":\"SearchAction\",\"target\":{\"@type\":\"EntryPoint\",\"urlTemplate\":\"https:\\\/\\\/www.vdhurk.nl\\\/?s={search_term_string}\"},\"query-input\":{\"@type\":\"PropertyValueSpecification\",\"valueRequired\":true,\"valueName\":\"search_term_string\"}}],\"inLanguage\":\"de\"}]}<\/script>\n<!-- \/ Yoast SEO plugin. -->","yoast_head_json":{"title":"Sehen Sie sich die Produktpalette an und finden Sie Ihren perfekten Fiat Ducato Automatik","description":"Finden Sie den idealen Fiat Ducato Automatik f\u00fcr Ihr Unternehmen. Entdecken Sie unser aktuelles Angebot und w\u00e4hlen Sie die Version, die zu Ihrem Betrieb passt.","robots":{"index":"index","follow":"follow","max-snippet":"max-snippet:-1","max-image-preview":"max-image-preview:large","max-video-preview":"max-video-preview:-1"},"canonical":"https:\/\/www.vdhurk.nl\/de\/fiat-nutzfahrzeuge\/mercedes-17\/maschine\/","og_locale":"de_DE","og_type":"article","og_title":"Bekijk het aanbod en vind jouw perfecte Fiat Ducato automaat","og_description":"Vind de ideale Fiat Ducato automaat voor jouw onderneming. Ontdek ons actuele aanbod en kies de uitvoering die bij jouw werkzaamheden past.","og_url":"https:\/\/www.vdhurk.nl\/de\/fiat-nutzfahrzeuge\/mercedes-17\/maschine\/","og_site_name":"Van den Hurk Bedrijfswagens","twitter_card":"summary_large_image","twitter_misc":{"Gesch\u00e4tzte Lesezeit":"4\u00a0Minuten"},"schema":{"@context":"https:\/\/schema.org","@graph":[{"@type":"WebPage","@id":"https:\/\/www.vdhurk.nl\/fiat-bedrijfswagens\/ducato\/automaat\/","url":"https:\/\/www.vdhurk.nl\/fiat-bedrijfswagens\/ducato\/automaat\/","name":"Sehen Sie sich die Produktpalette an und finden Sie Ihren perfekten Fiat Ducato Automatik","isPartOf":{"@id":"https:\/\/www.vdhurk.nl\/#website"},"datePublished":"2025-02-28T14:55:05+00:00","description":"Finden Sie den idealen Fiat Ducato Automatik f\u00fcr Ihr Unternehmen. Entdecken Sie unser aktuelles Angebot und w\u00e4hlen Sie die Version, die zu Ihrem Betrieb passt.","breadcrumb":{"@id":"https:\/\/www.vdhurk.nl\/fiat-bedrijfswagens\/ducato\/automaat\/#breadcrumb"},"inLanguage":"de","potentialAction":[{"@type":"ReadAction","target":["https:\/\/www.vdhurk.nl\/fiat-bedrijfswagens\/ducato\/automaat\/"]}]},{"@type":"BreadcrumbList","@id":"https:\/\/www.vdhurk.nl\/fiat-bedrijfswagens\/ducato\/automaat\/#breadcrumb","itemListElement":[{"@type":"ListItem","position":1,"name":"Home","item":"https:\/\/www.vdhurk.nl\/home\/"},{"@type":"ListItem","position":2,"name":"Fiat Bedrijfswagens","item":"https:\/\/www.vdhurk.nl\/fiat-bedrijfswagens\/"},{"@type":"ListItem","position":3,"name":"Fiat Ducato","item":"https:\/\/www.vdhurk.nl\/fiat-bedrijfswagens\/ducato\/"},{"@type":"ListItem","position":4,"name":"Fiat Ducato Automaat"}]},{"@type":"WebSite","@id":"https:\/\/www.vdhurk.nl\/#website","url":"https:\/\/www.vdhurk.nl\/","name":"Van den Hurk Nutzfahrzeuge","description":"Van den Hurk Nutzfahrzeuge Helmond","potentialAction":[{"@type":"SearchAction","target":{"@type":"EntryPoint","urlTemplate":"https:\/\/www.vdhurk.nl\/?s={search_term_string}"},"query-input":{"@type":"PropertyValueSpecification","valueRequired":true,"valueName":"search_term_string"}}],"inLanguage":"de"}]}},"_links":{"self":[{"href":"https:\/\/www.vdhurk.nl\/de\/wp-json\/wp\/v2\/pages\/454900","targetHints":{"allow":["GET"]}}],"collection":[{"href":"https:\/\/www.vdhurk.nl\/de\/wp-json\/wp\/v2\/pages"}],"about":[{"href":"https:\/\/www.vdhurk.nl\/de\/wp-json\/wp\/v2\/types\/page"}],"author":[{"embeddable":true,"href":"https:\/\/www.vdhurk.nl\/de\/wp-json\/wp\/v2\/users\/3"}],"replies":[{"embeddable":true,"href":"https:\/\/www.vdhurk.nl\/de\/wp-json\/wp\/v2\/comments?post=454900"}],"version-history":[{"count":2,"href":"https:\/\/www.vdhurk.nl\/de\/wp-json\/wp\/v2\/pages\/454900\/revisions"}],"predecessor-version":[{"id":454902,"href":"https:\/\/www.vdhurk.nl\/de\/wp-json\/wp\/v2\/pages\/454900\/revisions\/454902"}],"up":[{"embeddable":true,"href":"https:\/\/www.vdhurk.nl\/de\/wp-json\/wp\/v2\/pages\/402271"}],"wp:attachment":[{"href":"https:\/\/www.vdhurk.nl\/de\/wp-json\/wp\/v2\/media?parent=454900"}],"curies":[{"name":"wp","href":"https:\/\/api.w.org\/{rel}","templated":true}]}}