{"id":454894,"date":"2025-02-28T15:59:33","date_gmt":"2025-02-28T14:59:33","guid":{"rendered":"https:\/\/www.vdhurk.nl\/?page_id=454894"},"modified":"2025-02-28T15:59:33","modified_gmt":"2025-02-28T14:59:33","slug":"maschine","status":"publish","type":"page","link":"https:\/\/www.vdhurk.nl\/de\/renault-bedrijfswagens\/master\/automaat\/","title":{"rendered":"Renault Master Automatik"},"content":{"rendered":"<section  class='av_textblock_section av-lu8gnh7d-4ac895489941e586c1d7c8cb72318135'  itemscope=\"itemscope\" itemtype=\"https:\/\/schema.org\/CreativeWork\" ><div class='avia_textblock'  itemprop=\"text\" ><h1>Passt der Renault Master automatic zu Ihrem Unternehmen?<\/h1>\n<p>Sie suchen einen ger\u00e4umigen und komfortablen Transporter ohne l\u00e4stige Schaltvorg\u00e4nge? Dann ist der Renault Master Automatik genau das Richtige f\u00fcr Sie! Diese Nutzfahrzeuge sind bei vielen Unternehmern sehr beliebt. M\u00f6chten Sie wissen, was diese Transporter Ihnen zu bieten haben? Dann lesen Sie schnell weiter und finden Sie heraus, ob der Renault Master zu Ihren Bed\u00fcrfnissen passt.<\/p>\n<\/div><\/section>\n\n<style type=\"text\/css\" data-created_by=\"avia_inline_auto\" id=\"style-css-av-lujjddpd-afa3d7a9eabd61123e643ed1228e781e\">\n#top .hr.hr-invisible.av-lujjddpd-afa3d7a9eabd61123e643ed1228e781e{\nheight:50px;\n}\n<\/style>\n<div  class='hr av-lujjddpd-afa3d7a9eabd61123e643ed1228e781e hr-invisible  avia-builder-el-1  el_after_av_textblock  el_before_av_codeblock'><span class='hr-inner'><span class=\"hr-inner-style\"><\/span><\/span><\/div>\n\n\n<style type=\"text\/css\" data-created_by=\"avia_inline_auto\" id=\"style-css-av-ah0xd-63338d9dc6b40410e22a712829c369d6\">\n#top .hr.hr-invisible.av-ah0xd-63338d9dc6b40410e22a712829c369d6{\nheight:50px;\n}\n<\/style>\n<div  class='hr av-ah0xd-63338d9dc6b40410e22a712829c369d6 hr-invisible  avia-builder-el-3  el_after_av_codeblock  el_before_av_textblock'><span class='hr-inner'><span class=\"hr-inner-style\"><\/span><\/span><\/div>\n<section  class='av_textblock_section av-lu8gow1e-300853e458ed741bd87d6cb78e55cc7a'  itemscope=\"itemscope\" itemtype=\"https:\/\/schema.org\/CreativeWork\" ><div class='avia_textblock'  itemprop=\"text\" ><h2>Warum der Renault Master Automatik?<\/h2>\n<p>Sie haben keine Lust, selbst den Gang zu wechseln? Das ist verst\u00e4ndlich. Zum Gl\u00fcck gibt es den Renault Master auch als Automatik! Das bedeutet ein ruhiges und entspanntes Fahren, ohne dass Sie sich jedes Mal mit dem Kuppeln und Schalten herumschlagen m\u00fcssen. Das ist ideal im dichten Stadtverkehr oder auf langen Strecken. Und nein, Sie m\u00fcssen sich keine Gedanken \u00fcber die Zuladung oder das Anh\u00e4ngelast machen, denn die Werte bleiben weitgehend die gleichen wie bei der manuellen Version. Au\u00dferdem ist die Automatik perfekt f\u00fcr alle, die viel unterwegs sind und einfach nur unbeschwert fahren wollen. Keine m\u00fcden Beine mehr nach einem langen Arbeitstag und kein \u00c4rger im Stau mit endlosem Hoch- und Runterschalten. Steigen Sie ein, geben Sie Gas und lassen Sie die Automatik die Arbeit machen!<\/p>\n<\/div><\/section>\n<div class='flex_column av-f64w1-da126f42b61613402309283c14245a25 av_one_half  avia-builder-el-5  el_after_av_textblock  el_before_av_one_third  first flex_column_div column-top-margin'   ><section  class='av_textblock_section av-lu8gpqre-73cc2c17e6a6497ba6e1b58af22bd9e8'  itemscope=\"itemscope\" itemtype=\"https:\/\/schema.org\/CreativeWork\" ><div class='avia_textblock'  itemprop=\"text\" ><h2>Verschiedene Versionen<\/h2>\n<p>Den Renault Master Automatik gibt es in verschiedenen Ausf\u00fchrungen, so dass Sie immer ein Modell finden, das zu Ihrem Betrieb passt. Entscheiden Sie sich f\u00fcr einen geschlossenen Transporter mit maximalem Laderaum oder bevorzugen Sie eine Doppelkabine mit zus\u00e4tzlichen Sitzpl\u00e4tzen? Wie auch immer Ihre Bed\u00fcrfnisse aussehen, es gibt immer einen Renault Master, der zu Ihrem Unternehmen passt. Sie finden Ihren Renault Master automatic nicht in unserem Angebot? Dann fragen Sie einen <a href=\"https:\/\/www.vdhurk.nl\/de\/aktienalarm\/\">Stockalert<\/a> In.<\/p>\n<\/div><\/section><\/div><div class='flex_column av-aldk9-ee694297f5c4032981677a02caab84d6 av_one_third  avia-builder-el-7  el_after_av_one_half  el_before_av_hr  flex_column_div column-top-margin'   ><style type=\"text\/css\" data-created_by=\"avia_inline_auto\" id=\"style-css-av-l1w9kpsf-4ec3fab772ec7a9adaa33cfc64ff0475\">\n.avia-image-container.av-l1w9kpsf-4ec3fab772ec7a9adaa33cfc64ff0475 .av-image-caption-overlay-center{\ncolor:#ffffff;\n}\n<\/style>\n<div  class='avia-image-container av-l1w9kpsf-4ec3fab772ec7a9adaa33cfc64ff0475 av-styling- avia-align-center  avia-builder-el-8  avia-builder-el-no-sibling'  itemprop=\"image\" itemscope=\"itemscope\" itemtype=\"https:\/\/schema.org\/ImageObject\" ><div class=\"avia-image-container-inner\"><div class=\"avia-image-overlay-wrap\"><img decoding=\"async\" class='wp-image-187 avia-img-lazy-loading-not-187 avia_image' src=\"https:\/\/www.vdhurk.nl\/wp-content\/uploads\/2022\/03\/Voorrad.png\" alt='' title='Lagerbestand'  height=\"758\" width=\"1135\"  itemprop=\"thumbnailUrl\" srcset=\"https:\/\/www.vdhurk.nl\/wp-content\/uploads\/2022\/03\/Voorrad.png 1135w, https:\/\/www.vdhurk.nl\/wp-content\/uploads\/2022\/03\/Voorrad-300x200.png 300w, https:\/\/www.vdhurk.nl\/wp-content\/uploads\/2022\/03\/Voorrad-1030x688.png 1030w, https:\/\/www.vdhurk.nl\/wp-content\/uploads\/2022\/03\/Voorrad-768x513.png 768w, https:\/\/www.vdhurk.nl\/wp-content\/uploads\/2022\/03\/Voorrad-18x12.png 18w, https:\/\/www.vdhurk.nl\/wp-content\/uploads\/2022\/03\/Voorrad-705x471.png 705w\" sizes=\"(max-width: 1135px) 100vw, 1135px\" \/><\/div><\/div><\/div><\/div><\/p>\n\n<style type=\"text\/css\" data-created_by=\"avia_inline_auto\" id=\"style-css-av-luqrjpjc-5a23a1fb5f94718ca85316a9df963e2f\">\n#top .hr.hr-invisible.av-luqrjpjc-5a23a1fb5f94718ca85316a9df963e2f{\nheight:50px;\n}\n<\/style>\n<div  class='hr av-luqrjpjc-5a23a1fb5f94718ca85316a9df963e2f hr-invisible  avia-builder-el-9  el_after_av_one_third  el_before_av_textblock'><span class='hr-inner'><span class=\"hr-inner-style\"><\/span><\/span><\/div>\n<section  class='av_textblock_section av-lu8gtjw7-4f3cee9304909518d86d2860d9d582dd'  itemscope=\"itemscope\" itemtype=\"https:\/\/schema.org\/CreativeWork\" ><div class='avia_textblock'  itemprop=\"text\" ><h2>Wie viel kostet ein Renault Master Automatik?<\/h2>\n<p>Der Preis f\u00fcr einen Renault Master mit Automatikgetriebe h\u00e4ngt vom Modell, dem Baujahr und der Ausstattung ab. Von praktischen Modellen bis hin zu luxuri\u00f6seren Varianten mit zus\u00e4tzlichem Komfort und Technik gibt es immer eine Option, die Ihrem Budget und Ihren Bed\u00fcrfnissen entspricht. Automatikgetriebe sind in der Regel etwas teurer als manuelle Versionen, aber daf\u00fcr erhalten Sie viel mehr Fahrkomfort.<\/p>\n<h2>Optionen f\u00fcr den Einkauf<\/h2>\n<p>Stehen Sie vor der Wahl: Kauf oder Leasing? Beide Optionen haben ihre Vorteile. Wenn Sie es vorziehen, in einer Summe zu zahlen, damit Sie es sofort besitzen, ist der Kauf die schnellste L\u00f6sung. Wenn Sie aber Ihr Budget lieber etwas aufteilen m\u00f6chten, dann <a href=\"https:\/\/www.vdhurk.nl\/de\/finanzierungsleasing\/\">Finanzierungsleasing<\/a> eine intelligente Option. Sie fahren sofort mit Ihrem Renault Master Automatik los und zahlen in festen und \u00fcberschaubaren Raten. Der Clou: Am Ende der Laufzeit geh\u00f6rt der Wagen Ihnen. So verbinden Sie Flexibilit\u00e4t mit cleverer Finanzplanung.<\/p>\n<h2>Finden Sie Ihren perfekten Firmenwagen<\/h2>\n<p>Sind Sie \u00fcberzeugt, dass der Renault Master automatic zu Ihrem Unternehmen passt? Oder sind Sie noch unsicher und w\u00fcnschen zus\u00e4tzliche Informationen? Das ist kein Problem. Wir helfen Ihnen gerne, die richtige Wahl zu treffen. Werfen Sie einen Blick auf unser aktuelles Angebot oder nehmen Sie Kontakt mit uns auf.<\/p>\n<\/div><\/section>","protected":false},"excerpt":{"rendered":"","protected":false},"author":3,"featured_media":0,"parent":422128,"menu_order":0,"comment_status":"closed","ping_status":"closed","template":"","meta":{"_acf_changed":false,"_improvement_type_select":"improve_an_existing","_thumb_yes_seoaic":false,"_frame_yes_seoaic":false,"seoaic_generate_description":"","seoaic_improve_instructions_prompt":"","seoaic_rollback_content_improvement":"","seoaic_idea_thumbnail_generator":"","thumbnail_generated":false,"thumbnail_generate_prompt":"","seoaic_article_description":"","footnotes":""},"class_list":["post-454894","page","type-page","status-publish","hentry"],"acf":[],"yoast_head":"<!-- This site is optimized with the Yoast SEO plugin v27.5 - https:\/\/yoast.com\/product\/yoast-seo-wordpress\/ -->\n<title>De Renault Master automaat | Ideaal voor zakelijk gebruik<\/title>\n<meta name=\"description\" content=\"Met de Renault Master automaat rijd je moeiteloos en comfortabel. Ontdek en ervaar de vele voordelen van deze bedrijfswagen.\" \/>\n<meta name=\"robots\" content=\"index, follow, max-snippet:-1, max-image-preview:large, max-video-preview:-1\" \/>\n<link rel=\"canonical\" href=\"https:\/\/www.vdhurk.nl\/de\/renault-nutzfahrzeuge\/meister\/maschine\/\" \/>\n<meta property=\"og:locale\" content=\"de_DE\" \/>\n<meta property=\"og:type\" content=\"article\" \/>\n<meta property=\"og:title\" content=\"De Renault Master automaat | Ideaal voor zakelijk gebruik\" \/>\n<meta property=\"og:description\" content=\"Met de Renault Master automaat rijd je moeiteloos en comfortabel. Ontdek en ervaar de vele voordelen van deze bedrijfswagen.\" \/>\n<meta property=\"og:url\" content=\"https:\/\/www.vdhurk.nl\/de\/renault-nutzfahrzeuge\/meister\/maschine\/\" \/>\n<meta property=\"og:site_name\" content=\"Van den Hurk Bedrijfswagens\" \/>\n<meta name=\"twitter:card\" content=\"summary_large_image\" \/>\n<meta name=\"twitter:label1\" content=\"Gesch\u00e4tzte Lesezeit\" \/>\n\t<meta name=\"twitter:data1\" content=\"4\u00a0Minuten\" \/>\n<script type=\"application\/ld+json\" class=\"yoast-schema-graph\">{\"@context\":\"https:\\\/\\\/schema.org\",\"@graph\":[{\"@type\":\"WebPage\",\"@id\":\"https:\\\/\\\/www.vdhurk.nl\\\/renault-bedrijfswagens\\\/master\\\/automaat\\\/\",\"url\":\"https:\\\/\\\/www.vdhurk.nl\\\/renault-bedrijfswagens\\\/master\\\/automaat\\\/\",\"name\":\"De Renault Master automaat | Ideaal voor zakelijk gebruik\",\"isPartOf\":{\"@id\":\"https:\\\/\\\/www.vdhurk.nl\\\/#website\"},\"datePublished\":\"2025-02-28T14:59:33+00:00\",\"description\":\"Met de Renault Master automaat rijd je moeiteloos en comfortabel. Ontdek en ervaar de vele voordelen van deze bedrijfswagen.\",\"breadcrumb\":{\"@id\":\"https:\\\/\\\/www.vdhurk.nl\\\/renault-bedrijfswagens\\\/master\\\/automaat\\\/#breadcrumb\"},\"inLanguage\":\"de\",\"potentialAction\":[{\"@type\":\"ReadAction\",\"target\":[\"https:\\\/\\\/www.vdhurk.nl\\\/renault-bedrijfswagens\\\/master\\\/automaat\\\/\"]}]},{\"@type\":\"BreadcrumbList\",\"@id\":\"https:\\\/\\\/www.vdhurk.nl\\\/renault-bedrijfswagens\\\/master\\\/automaat\\\/#breadcrumb\",\"itemListElement\":[{\"@type\":\"ListItem\",\"position\":1,\"name\":\"Home\",\"item\":\"https:\\\/\\\/www.vdhurk.nl\\\/home\\\/\"},{\"@type\":\"ListItem\",\"position\":2,\"name\":\"Renault Bedrijfswagens\",\"item\":\"https:\\\/\\\/www.vdhurk.nl\\\/renault-bedrijfswagens\\\/\"},{\"@type\":\"ListItem\",\"position\":3,\"name\":\"Renault Master\",\"item\":\"https:\\\/\\\/www.vdhurk.nl\\\/renault-bedrijfswagens\\\/master\\\/\"},{\"@type\":\"ListItem\",\"position\":4,\"name\":\"Renault Master Automaat\"}]},{\"@type\":\"WebSite\",\"@id\":\"https:\\\/\\\/www.vdhurk.nl\\\/#website\",\"url\":\"https:\\\/\\\/www.vdhurk.nl\\\/\",\"name\":\"Van den Hurk Bedrijfswagens\",\"description\":\"Van den Hurk bedrijfswagens Helmond\",\"potentialAction\":[{\"@type\":\"SearchAction\",\"target\":{\"@type\":\"EntryPoint\",\"urlTemplate\":\"https:\\\/\\\/www.vdhurk.nl\\\/?s={search_term_string}\"},\"query-input\":{\"@type\":\"PropertyValueSpecification\",\"valueRequired\":true,\"valueName\":\"search_term_string\"}}],\"inLanguage\":\"de\"}]}<\/script>\n<!-- \/ Yoast SEO plugin. -->","yoast_head_json":{"title":"Der Renault Master automatic | Ideal f\u00fcr den gesch\u00e4ftlichen Einsatz","description":"Mit dem Renault Master Automatik ist das Fahren m\u00fchelos und komfortabel. Entdecken und erleben Sie die vielen Vorteile dieses Nutzfahrzeugs.","robots":{"index":"index","follow":"follow","max-snippet":"max-snippet:-1","max-image-preview":"max-image-preview:large","max-video-preview":"max-video-preview:-1"},"canonical":"https:\/\/www.vdhurk.nl\/de\/renault-nutzfahrzeuge\/meister\/maschine\/","og_locale":"de_DE","og_type":"article","og_title":"De Renault Master automaat | Ideaal voor zakelijk gebruik","og_description":"Met de Renault Master automaat rijd je moeiteloos en comfortabel. Ontdek en ervaar de vele voordelen van deze bedrijfswagen.","og_url":"https:\/\/www.vdhurk.nl\/de\/renault-nutzfahrzeuge\/meister\/maschine\/","og_site_name":"Van den Hurk Bedrijfswagens","twitter_card":"summary_large_image","twitter_misc":{"Gesch\u00e4tzte Lesezeit":"4\u00a0Minuten"},"schema":{"@context":"https:\/\/schema.org","@graph":[{"@type":"WebPage","@id":"https:\/\/www.vdhurk.nl\/renault-bedrijfswagens\/master\/automaat\/","url":"https:\/\/www.vdhurk.nl\/renault-bedrijfswagens\/master\/automaat\/","name":"Der Renault Master automatic | Ideal f\u00fcr den gesch\u00e4ftlichen Einsatz","isPartOf":{"@id":"https:\/\/www.vdhurk.nl\/#website"},"datePublished":"2025-02-28T14:59:33+00:00","description":"Mit dem Renault Master Automatik ist das Fahren m\u00fchelos und komfortabel. Entdecken und erleben Sie die vielen Vorteile dieses Nutzfahrzeugs.","breadcrumb":{"@id":"https:\/\/www.vdhurk.nl\/renault-bedrijfswagens\/master\/automaat\/#breadcrumb"},"inLanguage":"de","potentialAction":[{"@type":"ReadAction","target":["https:\/\/www.vdhurk.nl\/renault-bedrijfswagens\/master\/automaat\/"]}]},{"@type":"BreadcrumbList","@id":"https:\/\/www.vdhurk.nl\/renault-bedrijfswagens\/master\/automaat\/#breadcrumb","itemListElement":[{"@type":"ListItem","position":1,"name":"Home","item":"https:\/\/www.vdhurk.nl\/home\/"},{"@type":"ListItem","position":2,"name":"Renault Bedrijfswagens","item":"https:\/\/www.vdhurk.nl\/renault-bedrijfswagens\/"},{"@type":"ListItem","position":3,"name":"Renault Master","item":"https:\/\/www.vdhurk.nl\/renault-bedrijfswagens\/master\/"},{"@type":"ListItem","position":4,"name":"Renault Master Automaat"}]},{"@type":"WebSite","@id":"https:\/\/www.vdhurk.nl\/#website","url":"https:\/\/www.vdhurk.nl\/","name":"Van den Hurk Nutzfahrzeuge","description":"Van den Hurk Nutzfahrzeuge Helmond","potentialAction":[{"@type":"SearchAction","target":{"@type":"EntryPoint","urlTemplate":"https:\/\/www.vdhurk.nl\/?s={search_term_string}"},"query-input":{"@type":"PropertyValueSpecification","valueRequired":true,"valueName":"search_term_string"}}],"inLanguage":"de"}]}},"_links":{"self":[{"href":"https:\/\/www.vdhurk.nl\/de\/wp-json\/wp\/v2\/pages\/454894","targetHints":{"allow":["GET"]}}],"collection":[{"href":"https:\/\/www.vdhurk.nl\/de\/wp-json\/wp\/v2\/pages"}],"about":[{"href":"https:\/\/www.vdhurk.nl\/de\/wp-json\/wp\/v2\/types\/page"}],"author":[{"embeddable":true,"href":"https:\/\/www.vdhurk.nl\/de\/wp-json\/wp\/v2\/users\/3"}],"replies":[{"embeddable":true,"href":"https:\/\/www.vdhurk.nl\/de\/wp-json\/wp\/v2\/comments?post=454894"}],"version-history":[{"count":2,"href":"https:\/\/www.vdhurk.nl\/de\/wp-json\/wp\/v2\/pages\/454894\/revisions"}],"predecessor-version":[{"id":454896,"href":"https:\/\/www.vdhurk.nl\/de\/wp-json\/wp\/v2\/pages\/454894\/revisions\/454896"}],"up":[{"embeddable":true,"href":"https:\/\/www.vdhurk.nl\/de\/wp-json\/wp\/v2\/pages\/422128"}],"wp:attachment":[{"href":"https:\/\/www.vdhurk.nl\/de\/wp-json\/wp\/v2\/media?parent=454894"}],"curies":[{"name":"wp","href":"https:\/\/api.w.org\/{rel}","templated":true}]}}