{"id":454891,"date":"2025-02-28T15:35:12","date_gmt":"2025-02-28T14:35:12","guid":{"rendered":"https:\/\/www.vdhurk.nl\/?page_id=454891"},"modified":"2025-02-28T15:35:12","modified_gmt":"2025-02-28T14:35:12","slug":"maschine","status":"publish","type":"page","link":"https:\/\/www.vdhurk.nl\/de\/renault-bedrijfswagens\/kangoo\/automaat\/","title":{"rendered":"Renault Kangoo Automatik"},"content":{"rendered":"<section  class='av_textblock_section av-lu8gnh7d-4ac895489941e586c1d7c8cb72318135'  itemscope=\"itemscope\" itemtype=\"https:\/\/schema.org\/CreativeWork\" ><div class='avia_textblock'  itemprop=\"text\" ><h1>Werden Sie sich f\u00fcr den Renault Kangoo Automatik entscheiden?<\/h1>\n<p>Sie suchen ein neues Nutzfahrzeug ohne l\u00e4stiges Schalten? Dann ist der Renault Kangoo Automatik eine gute Wahl! Vielseitig und beliebt bei Unternehmern dank der verschiedenen Versionen und Optionen, die Sie an Ihre Bed\u00fcrfnisse anpassen k\u00f6nnen. Neugierig auf die M\u00f6glichkeiten? Erfahren Sie alles \u00fcber dieses Fahrzeug!<\/p>\n<\/div><\/section>\n\n<style type=\"text\/css\" data-created_by=\"avia_inline_auto\" id=\"style-css-av-lujjddpd-afa3d7a9eabd61123e643ed1228e781e\">\n#top .hr.hr-invisible.av-lujjddpd-afa3d7a9eabd61123e643ed1228e781e{\nheight:50px;\n}\n<\/style>\n<div  class='hr av-lujjddpd-afa3d7a9eabd61123e643ed1228e781e hr-invisible  avia-builder-el-1  el_after_av_textblock  el_before_av_codeblock'><span class='hr-inner'><span class=\"hr-inner-style\"><\/span><\/span><\/div>\n\n\n<style type=\"text\/css\" data-created_by=\"avia_inline_auto\" id=\"style-css-av-ah0xd-63338d9dc6b40410e22a712829c369d6\">\n#top .hr.hr-invisible.av-ah0xd-63338d9dc6b40410e22a712829c369d6{\nheight:50px;\n}\n<\/style>\n<div  class='hr av-ah0xd-63338d9dc6b40410e22a712829c369d6 hr-invisible  avia-builder-el-3  el_after_av_codeblock  el_before_av_textblock'><span class='hr-inner'><span class=\"hr-inner-style\"><\/span><\/span><\/div>\n<section  class='av_textblock_section av-lu8gow1e-300853e458ed741bd87d6cb78e55cc7a'  itemscope=\"itemscope\" itemtype=\"https:\/\/schema.org\/CreativeWork\" ><div class='avia_textblock'  itemprop=\"text\" ><h2>Entdecken Sie die Vorteile einer automatischen<\/h2>\n<p>Immer mehr Unternehmer entscheiden sich f\u00fcr ein Nutzfahrzeug mit einem Automatikgetriebe, und das aus gutem Grund. Ein Automatikgetriebe bietet viele Vorteile, die perfekt zu Unternehmern passen. Zum Beispiel macht ein Automatikgetriebe das Fahren nicht nur einfacher, sondern auch komfortabler, da das Schalten entf\u00e4llt. Das ist besonders im dichten Stadtverkehr oder im Stau ideal. Au\u00dferdem k\u00f6nnen Sie sich voll und ganz auf die Stra\u00dfe konzentrieren, ohne dass die Gefahr besteht, dass das Auto stehenbleibt, wie es bei einem Schaltgetriebe der Fall ist. Kurzum, eine Automatik ist eine kluge Wahl f\u00fcr m\u00fcheloses und effizientes Fahrvergn\u00fcgen.<\/p>\n<\/div><\/section>\n<div class='flex_column av-f64w1-da126f42b61613402309283c14245a25 av_one_half  avia-builder-el-5  el_after_av_textblock  el_before_av_one_third  first flex_column_div column-top-margin'   ><section  class='av_textblock_section av-lu8gpqre-73cc2c17e6a6497ba6e1b58af22bd9e8'  itemscope=\"itemscope\" itemtype=\"https:\/\/schema.org\/CreativeWork\" ><div class='avia_textblock'  itemprop=\"text\" ><h2>Alles, was Sie brauchen, auf Knopfdruck<\/h2>\n<p>Der Renault Kangoo Automatik wurde f\u00fcr Gesch\u00e4ftsreisende entwickelt, die m\u00fchelos und effizient reisen m\u00f6chten. Mit seiner gro\u00dfz\u00fcgigen Ladekapazit\u00e4t und seinem intelligenten Layout nutzen Sie den Raum optimal. Das Automatikgetriebe sorgt f\u00fcr reibungslosen Fahrkomfort, ideal f\u00fcr den Stadtverkehr und lange Fahrten. Dar\u00fcber hinaus bietet der Kangoo moderne Fahrassistenzsysteme, damit Sie jeden Arbeitstag mit Leichtigkeit bew\u00e4ltigen k\u00f6nnen. Entscheiden Sie sich f\u00fcr ein zuverl\u00e4ssiges Nutzfahrzeug, das Ihnen die Arbeit erleichtert. Entdecken Sie noch heute Ihren idealen Renault Kangoo Automatik!<\/p>\n<\/div><\/section><\/div><div class='flex_column av-aldk9-ee694297f5c4032981677a02caab84d6 av_one_third  avia-builder-el-7  el_after_av_one_half  el_before_av_hr  flex_column_div column-top-margin'   ><style type=\"text\/css\" data-created_by=\"avia_inline_auto\" id=\"style-css-av-l1w9kpsf-4ec3fab772ec7a9adaa33cfc64ff0475\">\n.avia-image-container.av-l1w9kpsf-4ec3fab772ec7a9adaa33cfc64ff0475 .av-image-caption-overlay-center{\ncolor:#ffffff;\n}\n<\/style>\n<div  class='avia-image-container av-l1w9kpsf-4ec3fab772ec7a9adaa33cfc64ff0475 av-styling- avia-align-center  avia-builder-el-8  avia-builder-el-no-sibling'  itemprop=\"image\" itemscope=\"itemscope\" itemtype=\"https:\/\/schema.org\/ImageObject\" ><div class=\"avia-image-container-inner\"><div class=\"avia-image-overlay-wrap\"><img decoding=\"async\" class='wp-image-187 avia-img-lazy-loading-not-187 avia_image' src=\"https:\/\/www.vdhurk.nl\/wp-content\/uploads\/2022\/03\/Voorrad.png\" alt='' title='Lagerbestand'  height=\"758\" width=\"1135\"  itemprop=\"thumbnailUrl\" srcset=\"https:\/\/www.vdhurk.nl\/wp-content\/uploads\/2022\/03\/Voorrad.png 1135w, https:\/\/www.vdhurk.nl\/wp-content\/uploads\/2022\/03\/Voorrad-300x200.png 300w, https:\/\/www.vdhurk.nl\/wp-content\/uploads\/2022\/03\/Voorrad-1030x688.png 1030w, https:\/\/www.vdhurk.nl\/wp-content\/uploads\/2022\/03\/Voorrad-768x513.png 768w, https:\/\/www.vdhurk.nl\/wp-content\/uploads\/2022\/03\/Voorrad-18x12.png 18w, https:\/\/www.vdhurk.nl\/wp-content\/uploads\/2022\/03\/Voorrad-705x471.png 705w\" sizes=\"(max-width: 1135px) 100vw, 1135px\" \/><\/div><\/div><\/div><\/div><\/p>\n\n<style type=\"text\/css\" data-created_by=\"avia_inline_auto\" id=\"style-css-av-luqrjpjc-5a23a1fb5f94718ca85316a9df963e2f\">\n#top .hr.hr-invisible.av-luqrjpjc-5a23a1fb5f94718ca85316a9df963e2f{\nheight:50px;\n}\n<\/style>\n<div  class='hr av-luqrjpjc-5a23a1fb5f94718ca85316a9df963e2f hr-invisible  avia-builder-el-9  el_after_av_one_third  el_before_av_textblock'><span class='hr-inner'><span class=\"hr-inner-style\"><\/span><\/span><\/div>\n<section  class='av_textblock_section av-lu8gtjw7-4f3cee9304909518d86d2860d9d582dd'  itemscope=\"itemscope\" itemtype=\"https:\/\/schema.org\/CreativeWork\" ><div class='avia_textblock'  itemprop=\"text\" ><h2>An welche Kosten sollten Sie bei einem Renault Kangoo denken?<\/h2>\n<p>Sind Sie neugierig auf den Preis eines Renault Kangoo Automatik? Das h\u00e4ngt von der Ausstattung, den Optionen und dem Motor ab, den Sie w\u00e4hlen. Ob Sie sich f\u00fcr ein brandneues Modell oder einen zuverl\u00e4ssigen Gebrauchten entscheiden, es gibt immer einen Kangoo, der in Ihr Budget passt. Sie m\u00f6chten wissen, welche Optionen Ihnen zur Verf\u00fcgung stehen? Schauen Sie sich das Angebot an und finden Sie heraus, welcher Firmenwagen perfekt zu Ihrem Unternehmen passt!<\/p>\n<h2>Ist Finanzierungsleasing etwas f\u00fcr Sie?<\/h2>\n<p>Sie m\u00f6chten einen Renault Kangoo kaufen? Bei Van den Hurk entscheiden Sie, wie Sie bezahlen m\u00f6chten. Eine einmalige Zahlung und sofortiger Vollbesitz? Kein Problem! Aber wussten Sie, dass Sie sich auch entscheiden k\u00f6nnen f\u00fcr <a href=\"https:\/\/www.vdhurk.nl\/de\/finanzierungsleasing\/\">Finanzierungsleasing<\/a>? So k\u00f6nnen Sie sofort mit Ihrem Firmenwagen losfahren, w\u00e4hrend Sie in festen monatlichen Raten zahlen. So kombinieren Sie den Komfort eines neuen Firmenwagens mit finanzieller Flexibilit\u00e4t.<\/p>\n<h2>Behalten Sie unser aktuelles Angebot im Auge<\/h2>\n<p>Sie m\u00f6chten einen Renault Kangoo Automatik kaufen? Oder ben\u00f6tigen Sie weitere Informationen, bevor Sie eine Entscheidung treffen? Wir helfen Ihnen gerne, die richtige Wahl zu treffen. Sehen Sie sich unser aktuelles Angebot an oder nehmen Sie Kontakt mit uns auf.<\/p>\n<\/div><\/section>","protected":false},"excerpt":{"rendered":"","protected":false},"author":3,"featured_media":0,"parent":409559,"menu_order":0,"comment_status":"closed","ping_status":"closed","template":"","meta":{"_acf_changed":false,"_improvement_type_select":"improve_an_existing","_thumb_yes_seoaic":false,"_frame_yes_seoaic":false,"seoaic_generate_description":"","seoaic_improve_instructions_prompt":"","seoaic_rollback_content_improvement":"","seoaic_idea_thumbnail_generator":"","thumbnail_generated":false,"thumbnail_generate_prompt":"","seoaic_article_description":"","footnotes":""},"class_list":["post-454891","page","type-page","status-publish","hentry"],"acf":[],"yoast_head":"<!-- This site is optimized with the Yoast SEO plugin v27.5 - https:\/\/yoast.com\/product\/yoast-seo-wordpress\/ -->\n<title>Ontdek de voordelen van de Renault Kangoo automaat<\/title>\n<meta name=\"description\" content=\"Op zoek naar een Renault Kangoo automaat? Ontdek de verschillende varianten en vind de bedrijfswagen die perfect bij jouw onderneming past.\" \/>\n<meta name=\"robots\" content=\"index, follow, max-snippet:-1, max-image-preview:large, max-video-preview:-1\" \/>\n<link rel=\"canonical\" href=\"https:\/\/www.vdhurk.nl\/de\/renault-nutzfahrzeuge\/mercedes-10\/maschine\/\" \/>\n<meta property=\"og:locale\" content=\"de_DE\" \/>\n<meta property=\"og:type\" content=\"article\" \/>\n<meta property=\"og:title\" content=\"Ontdek de voordelen van de Renault Kangoo automaat\" \/>\n<meta property=\"og:description\" content=\"Op zoek naar een Renault Kangoo automaat? Ontdek de verschillende varianten en vind de bedrijfswagen die perfect bij jouw onderneming past.\" \/>\n<meta property=\"og:url\" content=\"https:\/\/www.vdhurk.nl\/de\/renault-nutzfahrzeuge\/mercedes-10\/maschine\/\" \/>\n<meta property=\"og:site_name\" content=\"Van den Hurk Bedrijfswagens\" \/>\n<meta name=\"twitter:card\" content=\"summary_large_image\" \/>\n<meta name=\"twitter:label1\" content=\"Gesch\u00e4tzte Lesezeit\" \/>\n\t<meta name=\"twitter:data1\" content=\"4\u00a0Minuten\" \/>\n<script type=\"application\/ld+json\" class=\"yoast-schema-graph\">{\"@context\":\"https:\\\/\\\/schema.org\",\"@graph\":[{\"@type\":\"WebPage\",\"@id\":\"https:\\\/\\\/www.vdhurk.nl\\\/renault-bedrijfswagens\\\/kangoo\\\/automaat\\\/\",\"url\":\"https:\\\/\\\/www.vdhurk.nl\\\/renault-bedrijfswagens\\\/kangoo\\\/automaat\\\/\",\"name\":\"Ontdek de voordelen van de Renault Kangoo automaat\",\"isPartOf\":{\"@id\":\"https:\\\/\\\/www.vdhurk.nl\\\/#website\"},\"datePublished\":\"2025-02-28T14:35:12+00:00\",\"description\":\"Op zoek naar een Renault Kangoo automaat? Ontdek de verschillende varianten en vind de bedrijfswagen die perfect bij jouw onderneming past.\",\"breadcrumb\":{\"@id\":\"https:\\\/\\\/www.vdhurk.nl\\\/renault-bedrijfswagens\\\/kangoo\\\/automaat\\\/#breadcrumb\"},\"inLanguage\":\"de\",\"potentialAction\":[{\"@type\":\"ReadAction\",\"target\":[\"https:\\\/\\\/www.vdhurk.nl\\\/renault-bedrijfswagens\\\/kangoo\\\/automaat\\\/\"]}]},{\"@type\":\"BreadcrumbList\",\"@id\":\"https:\\\/\\\/www.vdhurk.nl\\\/renault-bedrijfswagens\\\/kangoo\\\/automaat\\\/#breadcrumb\",\"itemListElement\":[{\"@type\":\"ListItem\",\"position\":1,\"name\":\"Home\",\"item\":\"https:\\\/\\\/www.vdhurk.nl\\\/home\\\/\"},{\"@type\":\"ListItem\",\"position\":2,\"name\":\"Renault Bedrijfswagens\",\"item\":\"https:\\\/\\\/www.vdhurk.nl\\\/renault-bedrijfswagens\\\/\"},{\"@type\":\"ListItem\",\"position\":3,\"name\":\"Renault Kangoo\",\"item\":\"https:\\\/\\\/www.vdhurk.nl\\\/renault-bedrijfswagens\\\/kangoo\\\/\"},{\"@type\":\"ListItem\",\"position\":4,\"name\":\"Renault Kangoo Automaat\"}]},{\"@type\":\"WebSite\",\"@id\":\"https:\\\/\\\/www.vdhurk.nl\\\/#website\",\"url\":\"https:\\\/\\\/www.vdhurk.nl\\\/\",\"name\":\"Van den Hurk Bedrijfswagens\",\"description\":\"Van den Hurk bedrijfswagens Helmond\",\"potentialAction\":[{\"@type\":\"SearchAction\",\"target\":{\"@type\":\"EntryPoint\",\"urlTemplate\":\"https:\\\/\\\/www.vdhurk.nl\\\/?s={search_term_string}\"},\"query-input\":{\"@type\":\"PropertyValueSpecification\",\"valueRequired\":true,\"valueName\":\"search_term_string\"}}],\"inLanguage\":\"de\"}]}<\/script>\n<!-- \/ Yoast SEO plugin. -->","yoast_head_json":{"title":"Entdecken Sie die Vorteile des Renault Kangoo Automatikgetriebes","description":"Sie suchen einen Renault Kangoo Automatik? Entdecken Sie die verschiedenen Varianten und finden Sie das Nutzfahrzeug, das perfekt zu Ihrem Unternehmen passt.","robots":{"index":"index","follow":"follow","max-snippet":"max-snippet:-1","max-image-preview":"max-image-preview:large","max-video-preview":"max-video-preview:-1"},"canonical":"https:\/\/www.vdhurk.nl\/de\/renault-nutzfahrzeuge\/mercedes-10\/maschine\/","og_locale":"de_DE","og_type":"article","og_title":"Ontdek de voordelen van de Renault Kangoo automaat","og_description":"Op zoek naar een Renault Kangoo automaat? Ontdek de verschillende varianten en vind de bedrijfswagen die perfect bij jouw onderneming past.","og_url":"https:\/\/www.vdhurk.nl\/de\/renault-nutzfahrzeuge\/mercedes-10\/maschine\/","og_site_name":"Van den Hurk Bedrijfswagens","twitter_card":"summary_large_image","twitter_misc":{"Gesch\u00e4tzte Lesezeit":"4\u00a0Minuten"},"schema":{"@context":"https:\/\/schema.org","@graph":[{"@type":"WebPage","@id":"https:\/\/www.vdhurk.nl\/renault-bedrijfswagens\/kangoo\/automaat\/","url":"https:\/\/www.vdhurk.nl\/renault-bedrijfswagens\/kangoo\/automaat\/","name":"Entdecken Sie die Vorteile des Renault Kangoo Automatikgetriebes","isPartOf":{"@id":"https:\/\/www.vdhurk.nl\/#website"},"datePublished":"2025-02-28T14:35:12+00:00","description":"Sie suchen einen Renault Kangoo Automatik? Entdecken Sie die verschiedenen Varianten und finden Sie das Nutzfahrzeug, das perfekt zu Ihrem Unternehmen passt.","breadcrumb":{"@id":"https:\/\/www.vdhurk.nl\/renault-bedrijfswagens\/kangoo\/automaat\/#breadcrumb"},"inLanguage":"de","potentialAction":[{"@type":"ReadAction","target":["https:\/\/www.vdhurk.nl\/renault-bedrijfswagens\/kangoo\/automaat\/"]}]},{"@type":"BreadcrumbList","@id":"https:\/\/www.vdhurk.nl\/renault-bedrijfswagens\/kangoo\/automaat\/#breadcrumb","itemListElement":[{"@type":"ListItem","position":1,"name":"Home","item":"https:\/\/www.vdhurk.nl\/home\/"},{"@type":"ListItem","position":2,"name":"Renault Bedrijfswagens","item":"https:\/\/www.vdhurk.nl\/renault-bedrijfswagens\/"},{"@type":"ListItem","position":3,"name":"Renault Kangoo","item":"https:\/\/www.vdhurk.nl\/renault-bedrijfswagens\/kangoo\/"},{"@type":"ListItem","position":4,"name":"Renault Kangoo Automaat"}]},{"@type":"WebSite","@id":"https:\/\/www.vdhurk.nl\/#website","url":"https:\/\/www.vdhurk.nl\/","name":"Van den Hurk Nutzfahrzeuge","description":"Van den Hurk Nutzfahrzeuge Helmond","potentialAction":[{"@type":"SearchAction","target":{"@type":"EntryPoint","urlTemplate":"https:\/\/www.vdhurk.nl\/?s={search_term_string}"},"query-input":{"@type":"PropertyValueSpecification","valueRequired":true,"valueName":"search_term_string"}}],"inLanguage":"de"}]}},"_links":{"self":[{"href":"https:\/\/www.vdhurk.nl\/de\/wp-json\/wp\/v2\/pages\/454891","targetHints":{"allow":["GET"]}}],"collection":[{"href":"https:\/\/www.vdhurk.nl\/de\/wp-json\/wp\/v2\/pages"}],"about":[{"href":"https:\/\/www.vdhurk.nl\/de\/wp-json\/wp\/v2\/types\/page"}],"author":[{"embeddable":true,"href":"https:\/\/www.vdhurk.nl\/de\/wp-json\/wp\/v2\/users\/3"}],"replies":[{"embeddable":true,"href":"https:\/\/www.vdhurk.nl\/de\/wp-json\/wp\/v2\/comments?post=454891"}],"version-history":[{"count":2,"href":"https:\/\/www.vdhurk.nl\/de\/wp-json\/wp\/v2\/pages\/454891\/revisions"}],"predecessor-version":[{"id":454893,"href":"https:\/\/www.vdhurk.nl\/de\/wp-json\/wp\/v2\/pages\/454891\/revisions\/454893"}],"up":[{"embeddable":true,"href":"https:\/\/www.vdhurk.nl\/de\/wp-json\/wp\/v2\/pages\/409559"}],"wp:attachment":[{"href":"https:\/\/www.vdhurk.nl\/de\/wp-json\/wp\/v2\/media?parent=454891"}],"curies":[{"name":"wp","href":"https:\/\/api.w.org\/{rel}","templated":true}]}}