{"id":454884,"date":"2025-02-28T15:22:27","date_gmt":"2025-02-28T14:22:27","guid":{"rendered":"https:\/\/www.vdhurk.nl\/?page_id=454884"},"modified":"2025-02-28T15:58:15","modified_gmt":"2025-02-28T14:58:15","slug":"maschine","status":"publish","type":"page","link":"https:\/\/www.vdhurk.nl\/de\/opel-bedrijfswagens\/movano\/automaat\/","title":{"rendered":"Opel Movano Automatik"},"content":{"rendered":"<section  class='av_textblock_section av-lu8gnh7d-4ac895489941e586c1d7c8cb72318135'  itemscope=\"itemscope\" itemtype=\"https:\/\/schema.org\/CreativeWork\" ><div class='avia_textblock'  itemprop=\"text\" ><h1>Ist der Opel Movano automatic Ihr ideales Nutzfahrzeug?<\/h1>\n<p>Ein gut funktionierender Firmenwagen ist f\u00fcr Ihr Unternehmen unverzichtbar. Der Vauxhall Movano ist seit Jahren ein Favorit unter Gesch\u00e4ftsfahrern, und das aus gutem Grund. Dieses vielseitige Nutzfahrzeug bietet genau das, was Sie brauchen, von einem ger\u00e4umigen Innenraum bis hin zu einer gro\u00dfen Ladekapazit\u00e4t. Sie fragen sich, ob er zu Ihrem Unternehmen passt? Lesen Sie weiter und entdecken Sie seine Vorteile!<\/p>\n<\/div><\/section>\n\n<style type=\"text\/css\" data-created_by=\"avia_inline_auto\" id=\"style-css-av-lujjddpd-afa3d7a9eabd61123e643ed1228e781e\">\n#top .hr.hr-invisible.av-lujjddpd-afa3d7a9eabd61123e643ed1228e781e{\nheight:50px;\n}\n<\/style>\n<div  class='hr av-lujjddpd-afa3d7a9eabd61123e643ed1228e781e hr-invisible  avia-builder-el-1  el_after_av_textblock  el_before_av_codeblock'><span class='hr-inner'><span class=\"hr-inner-style\"><\/span><\/span><\/div>\n\n\n<style type=\"text\/css\" data-created_by=\"avia_inline_auto\" id=\"style-css-av-ah0xd-63338d9dc6b40410e22a712829c369d6\">\n#top .hr.hr-invisible.av-ah0xd-63338d9dc6b40410e22a712829c369d6{\nheight:50px;\n}\n<\/style>\n<div  class='hr av-ah0xd-63338d9dc6b40410e22a712829c369d6 hr-invisible  avia-builder-el-3  el_after_av_codeblock  el_before_av_textblock'><span class='hr-inner'><span class=\"hr-inner-style\"><\/span><\/span><\/div>\n<section  class='av_textblock_section av-lu8gow1e-300853e458ed741bd87d6cb78e55cc7a'  itemscope=\"itemscope\" itemtype=\"https:\/\/schema.org\/CreativeWork\" ><div class='avia_textblock'  itemprop=\"text\" ><h2>Ein Automatikgetriebe: Entdecken Sie die Vorteile<\/h2>\n<p>Als Unternehmer sind Sie auf der Suche nach einem Firmenwagen, der effizient arbeitet und Ihnen die t\u00e4glichen Fahrten erleichtert. Ein Automatikfahrzeug bietet in dieser Hinsicht mehrere Vorteile gegen\u00fcber den manuellen Opel Movano-Modellen. Weil Sie nur einen Fu\u00df benutzen, fahren Sie bequemer. Das ist besonders bei langen Fahrten oder im dichten Stadtverkehr von Vorteil. Wenn Sie sich f\u00fcr eine Automatik entscheiden, entscheiden Sie sich f\u00fcr Bequemlichkeit, Effizienz und zus\u00e4tzlichen Komfort - genau das, was Sie brauchen.<\/p>\n<\/div><\/section>\n<div class='flex_column av-f64w1-da126f42b61613402309283c14245a25 av_one_half  avia-builder-el-5  el_after_av_textblock  el_before_av_one_third  first flex_column_div column-top-margin'   ><section  class='av_textblock_section av-lu8gpqre-73cc2c17e6a6497ba6e1b58af22bd9e8'  itemscope=\"itemscope\" itemtype=\"https:\/\/schema.org\/CreativeWork\" ><div class='avia_textblock'  itemprop=\"text\" ><h2>Spezifikationen und Versionen<\/h2>\n<p>Der Opel Movano Automatik bietet Leistung und h\u00f6chsten Fahrkomfort. Mit verschiedenen Versionen finden Sie immer die ideale Kombination f\u00fcr Ihren Transportbedarf. Die beeindruckende Nutzlast und intelligente Fahrassistenzsysteme sorgen f\u00fcr Effizienz und Sicherheit auf der Stra\u00dfe. Haben Sie Ihr perfektes Modell noch nicht gefunden? Unser Angebot \u00e4ndert sich st\u00e4ndig, also halten Sie unsere Website im Auge oder fragen Sie einen <a href=\"https:\/\/www.vdhurk.nl\/de\/aktienalarm\/\">Stockalert<\/a> ein. Auf diese Weise werden Sie automatisch benachrichtigt, wenn wir ein Fahrzeug erhalten, das Ihren Anforderungen entspricht. Entscheiden Sie sich f\u00fcr den Opel Movano und machen Sie das Beste aus Ihrem Arbeitstag!<\/p>\n<\/div><\/section><\/div><div class='flex_column av-aldk9-ee694297f5c4032981677a02caab84d6 av_one_third  avia-builder-el-7  el_after_av_one_half  el_before_av_hr  flex_column_div column-top-margin'   ><style type=\"text\/css\" data-created_by=\"avia_inline_auto\" id=\"style-css-av-l1w9kpsf-4ec3fab772ec7a9adaa33cfc64ff0475\">\n.avia-image-container.av-l1w9kpsf-4ec3fab772ec7a9adaa33cfc64ff0475 .av-image-caption-overlay-center{\ncolor:#ffffff;\n}\n<\/style>\n<div  class='avia-image-container av-l1w9kpsf-4ec3fab772ec7a9adaa33cfc64ff0475 av-styling- avia-align-center  avia-builder-el-8  avia-builder-el-no-sibling'  itemprop=\"image\" itemscope=\"itemscope\" itemtype=\"https:\/\/schema.org\/ImageObject\" ><div class=\"avia-image-container-inner\"><div class=\"avia-image-overlay-wrap\"><img decoding=\"async\" class='wp-image-187 avia-img-lazy-loading-not-187 avia_image' src=\"https:\/\/www.vdhurk.nl\/wp-content\/uploads\/2022\/03\/Voorrad.png\" alt='' title='Lagerbestand'  height=\"758\" width=\"1135\"  itemprop=\"thumbnailUrl\" srcset=\"https:\/\/www.vdhurk.nl\/wp-content\/uploads\/2022\/03\/Voorrad.png 1135w, https:\/\/www.vdhurk.nl\/wp-content\/uploads\/2022\/03\/Voorrad-300x200.png 300w, https:\/\/www.vdhurk.nl\/wp-content\/uploads\/2022\/03\/Voorrad-1030x688.png 1030w, https:\/\/www.vdhurk.nl\/wp-content\/uploads\/2022\/03\/Voorrad-768x513.png 768w, https:\/\/www.vdhurk.nl\/wp-content\/uploads\/2022\/03\/Voorrad-18x12.png 18w, https:\/\/www.vdhurk.nl\/wp-content\/uploads\/2022\/03\/Voorrad-705x471.png 705w\" sizes=\"(max-width: 1135px) 100vw, 1135px\" \/><\/div><\/div><\/div><\/div><\/p>\n\n<style type=\"text\/css\" data-created_by=\"avia_inline_auto\" id=\"style-css-av-luqrjpjc-5a23a1fb5f94718ca85316a9df963e2f\">\n#top .hr.hr-invisible.av-luqrjpjc-5a23a1fb5f94718ca85316a9df963e2f{\nheight:50px;\n}\n<\/style>\n<div  class='hr av-luqrjpjc-5a23a1fb5f94718ca85316a9df963e2f hr-invisible  avia-builder-el-9  el_after_av_one_third  el_before_av_textblock'><span class='hr-inner'><span class=\"hr-inner-style\"><\/span><\/span><\/div>\n<section  class='av_textblock_section av-lu8gtjw7-4f3cee9304909518d86d2860d9d582dd'  itemscope=\"itemscope\" itemtype=\"https:\/\/schema.org\/CreativeWork\" ><div class='avia_textblock'  itemprop=\"text\" ><h2>Opel Movano Preis<\/h2>\n<p>Beim Kauf eines Nutzfahrzeugs spielt der Preis eine gro\u00dfe Rolle. Bei Van den Hurk finden Sie den Opel Movano, der zu jedem Budget passt. Ob Sie sich f\u00fcr einen Opel Movano gebraucht, neu oder mit Automatik entscheiden, es gibt immer etwas in Ihrer Preisklasse. Die Kosten variieren je nach Modell, Baujahr und Kilometerstand. Wie auch immer Sie sich entscheiden, Sie profitieren immer von einem wettbewerbsf\u00e4higen Preis-Qualit\u00e4ts-Verh\u00e4ltnis. Sie interessieren sich f\u00fcr einen bestimmten Preis? Sprechen Sie uns an. Wir helfen Ihnen gerne, den idealen Firmenwagen zu finden!<\/p>\n<h2>Einen Opel Movano leasen oder kaufen: Was ist die beste Option?<\/h2>\n<p>Wussten Sie, dass Sie bei Van den Hurk mehrere Zahlungsm\u00f6glichkeiten haben? Neben dem Kauf eines Firmenwagens k\u00f6nnen Sie sich auch entscheiden f\u00fcr <a href=\"https:\/\/www.vdhurk.nl\/de\/finanzierungsleasing\/\">Finanzierungsleasing<\/a>. Bei dieser flexiblen Option zahlen Sie einen festen Betrag pro Monat. Ist der Vertrag zu Ende? Dann sind Sie der vollst\u00e4ndige Eigent\u00fcmer. Ein Finanzierungsleasing ist ideal, wenn Sie Ihr Unternehmen ausbauen wollen, ohne gleich einen hohen Betrag zu investieren. Auf diese Weise behalten Sie finanziellen Spielraum f\u00fcr andere wichtige Ausgaben.<\/p>\n<h2>Finden Sie Ihr ideales Nutzfahrzeug<\/h2>\n<p>Sie m\u00f6chten einen Opel Movano kaufen? Oder brauchen Sie Hilfe bei der Auswahl? Kein Problem! Wir denken gerne mit Ihnen mit, damit Sie immer das ideale Nutzfahrzeug finden. Kontaktieren Sie uns f\u00fcr weitere Informationen oder schauen Sie sich das Angebot an.<\/p>\n<\/div><\/section>","protected":false},"excerpt":{"rendered":"","protected":false},"author":3,"featured_media":0,"parent":422104,"menu_order":0,"comment_status":"closed","ping_status":"closed","template":"","meta":{"_acf_changed":false,"_improvement_type_select":"improve_an_existing","_thumb_yes_seoaic":false,"_frame_yes_seoaic":false,"seoaic_generate_description":"","seoaic_improve_instructions_prompt":"","seoaic_rollback_content_improvement":"","seoaic_idea_thumbnail_generator":"","thumbnail_generated":false,"thumbnail_generate_prompt":"","seoaic_article_description":"","footnotes":""},"class_list":["post-454884","page","type-page","status-publish","hentry"],"acf":[],"yoast_head":"<!-- This site is optimized with the Yoast SEO plugin v27.5 - https:\/\/yoast.com\/product\/yoast-seo-wordpress\/ -->\n<title>Opel Movano automaat aanschaffen?<\/title>\n<meta name=\"description\" content=\"Op zoek naar een veelzijdige Opel Movano automaat? Bekijk het actuele aanbod en ontdek de voordelen van deze bedrijfswagen.\" \/>\n<meta name=\"robots\" content=\"index, follow, max-snippet:-1, max-image-preview:large, max-video-preview:-1\" \/>\n<link rel=\"canonical\" href=\"https:\/\/www.vdhurk.nl\/de\/vauxhall-nutzfahrzeuge\/movano\/maschine\/\" \/>\n<meta property=\"og:locale\" content=\"de_DE\" \/>\n<meta property=\"og:type\" content=\"article\" \/>\n<meta property=\"og:title\" content=\"Opel Movano automaat aanschaffen?\" \/>\n<meta property=\"og:description\" content=\"Op zoek naar een veelzijdige Opel Movano automaat? Bekijk het actuele aanbod en ontdek de voordelen van deze bedrijfswagen.\" \/>\n<meta property=\"og:url\" content=\"https:\/\/www.vdhurk.nl\/de\/vauxhall-nutzfahrzeuge\/movano\/maschine\/\" \/>\n<meta property=\"og:site_name\" content=\"Van den Hurk Bedrijfswagens\" \/>\n<meta property=\"article:modified_time\" content=\"2025-02-28T14:58:15+00:00\" \/>\n<meta name=\"twitter:card\" content=\"summary_large_image\" \/>\n<meta name=\"twitter:label1\" content=\"Gesch\u00e4tzte Lesezeit\" \/>\n\t<meta name=\"twitter:data1\" content=\"4\u00a0Minuten\" \/>\n<script type=\"application\/ld+json\" class=\"yoast-schema-graph\">{\"@context\":\"https:\\\/\\\/schema.org\",\"@graph\":[{\"@type\":\"WebPage\",\"@id\":\"https:\\\/\\\/www.vdhurk.nl\\\/opel-bedrijfswagens\\\/movano\\\/automaat\\\/\",\"url\":\"https:\\\/\\\/www.vdhurk.nl\\\/opel-bedrijfswagens\\\/movano\\\/automaat\\\/\",\"name\":\"Opel Movano automaat aanschaffen?\",\"isPartOf\":{\"@id\":\"https:\\\/\\\/www.vdhurk.nl\\\/#website\"},\"datePublished\":\"2025-02-28T14:22:27+00:00\",\"dateModified\":\"2025-02-28T14:58:15+00:00\",\"description\":\"Op zoek naar een veelzijdige Opel Movano automaat? Bekijk het actuele aanbod en ontdek de voordelen van deze bedrijfswagen.\",\"breadcrumb\":{\"@id\":\"https:\\\/\\\/www.vdhurk.nl\\\/opel-bedrijfswagens\\\/movano\\\/automaat\\\/#breadcrumb\"},\"inLanguage\":\"de\",\"potentialAction\":[{\"@type\":\"ReadAction\",\"target\":[\"https:\\\/\\\/www.vdhurk.nl\\\/opel-bedrijfswagens\\\/movano\\\/automaat\\\/\"]}]},{\"@type\":\"BreadcrumbList\",\"@id\":\"https:\\\/\\\/www.vdhurk.nl\\\/opel-bedrijfswagens\\\/movano\\\/automaat\\\/#breadcrumb\",\"itemListElement\":[{\"@type\":\"ListItem\",\"position\":1,\"name\":\"Home\",\"item\":\"https:\\\/\\\/www.vdhurk.nl\\\/home\\\/\"},{\"@type\":\"ListItem\",\"position\":2,\"name\":\"Opel Bedrijfswagens\",\"item\":\"https:\\\/\\\/www.vdhurk.nl\\\/opel-bedrijfswagens\\\/\"},{\"@type\":\"ListItem\",\"position\":3,\"name\":\"Open Movano\",\"item\":\"https:\\\/\\\/www.vdhurk.nl\\\/opel-bedrijfswagens\\\/movano\\\/\"},{\"@type\":\"ListItem\",\"position\":4,\"name\":\"Opel Movano Automaat\"}]},{\"@type\":\"WebSite\",\"@id\":\"https:\\\/\\\/www.vdhurk.nl\\\/#website\",\"url\":\"https:\\\/\\\/www.vdhurk.nl\\\/\",\"name\":\"Van den Hurk Bedrijfswagens\",\"description\":\"Van den Hurk bedrijfswagens Helmond\",\"potentialAction\":[{\"@type\":\"SearchAction\",\"target\":{\"@type\":\"EntryPoint\",\"urlTemplate\":\"https:\\\/\\\/www.vdhurk.nl\\\/?s={search_term_string}\"},\"query-input\":{\"@type\":\"PropertyValueSpecification\",\"valueRequired\":true,\"valueName\":\"search_term_string\"}}],\"inLanguage\":\"de\"}]}<\/script>\n<!-- \/ Yoast SEO plugin. -->","yoast_head_json":{"title":"Vauxhall Movano Automatikgetriebe kaufen?","description":"Sie suchen einen vielseitigen Opel Movano Automatik? Schauen Sie sich das aktuelle Angebot an und entdecken Sie die Vorteile dieses Nutzfahrzeugs.","robots":{"index":"index","follow":"follow","max-snippet":"max-snippet:-1","max-image-preview":"max-image-preview:large","max-video-preview":"max-video-preview:-1"},"canonical":"https:\/\/www.vdhurk.nl\/de\/vauxhall-nutzfahrzeuge\/movano\/maschine\/","og_locale":"de_DE","og_type":"article","og_title":"Opel Movano automaat aanschaffen?","og_description":"Op zoek naar een veelzijdige Opel Movano automaat? Bekijk het actuele aanbod en ontdek de voordelen van deze bedrijfswagen.","og_url":"https:\/\/www.vdhurk.nl\/de\/vauxhall-nutzfahrzeuge\/movano\/maschine\/","og_site_name":"Van den Hurk Bedrijfswagens","article_modified_time":"2025-02-28T14:58:15+00:00","twitter_card":"summary_large_image","twitter_misc":{"Gesch\u00e4tzte Lesezeit":"4\u00a0Minuten"},"schema":{"@context":"https:\/\/schema.org","@graph":[{"@type":"WebPage","@id":"https:\/\/www.vdhurk.nl\/opel-bedrijfswagens\/movano\/automaat\/","url":"https:\/\/www.vdhurk.nl\/opel-bedrijfswagens\/movano\/automaat\/","name":"Vauxhall Movano Automatikgetriebe kaufen?","isPartOf":{"@id":"https:\/\/www.vdhurk.nl\/#website"},"datePublished":"2025-02-28T14:22:27+00:00","dateModified":"2025-02-28T14:58:15+00:00","description":"Sie suchen einen vielseitigen Opel Movano Automatik? Schauen Sie sich das aktuelle Angebot an und entdecken Sie die Vorteile dieses Nutzfahrzeugs.","breadcrumb":{"@id":"https:\/\/www.vdhurk.nl\/opel-bedrijfswagens\/movano\/automaat\/#breadcrumb"},"inLanguage":"de","potentialAction":[{"@type":"ReadAction","target":["https:\/\/www.vdhurk.nl\/opel-bedrijfswagens\/movano\/automaat\/"]}]},{"@type":"BreadcrumbList","@id":"https:\/\/www.vdhurk.nl\/opel-bedrijfswagens\/movano\/automaat\/#breadcrumb","itemListElement":[{"@type":"ListItem","position":1,"name":"Home","item":"https:\/\/www.vdhurk.nl\/home\/"},{"@type":"ListItem","position":2,"name":"Opel Bedrijfswagens","item":"https:\/\/www.vdhurk.nl\/opel-bedrijfswagens\/"},{"@type":"ListItem","position":3,"name":"Open Movano","item":"https:\/\/www.vdhurk.nl\/opel-bedrijfswagens\/movano\/"},{"@type":"ListItem","position":4,"name":"Opel Movano Automaat"}]},{"@type":"WebSite","@id":"https:\/\/www.vdhurk.nl\/#website","url":"https:\/\/www.vdhurk.nl\/","name":"Van den Hurk Nutzfahrzeuge","description":"Van den Hurk Nutzfahrzeuge Helmond","potentialAction":[{"@type":"SearchAction","target":{"@type":"EntryPoint","urlTemplate":"https:\/\/www.vdhurk.nl\/?s={search_term_string}"},"query-input":{"@type":"PropertyValueSpecification","valueRequired":true,"valueName":"search_term_string"}}],"inLanguage":"de"}]}},"_links":{"self":[{"href":"https:\/\/www.vdhurk.nl\/de\/wp-json\/wp\/v2\/pages\/454884","targetHints":{"allow":["GET"]}}],"collection":[{"href":"https:\/\/www.vdhurk.nl\/de\/wp-json\/wp\/v2\/pages"}],"about":[{"href":"https:\/\/www.vdhurk.nl\/de\/wp-json\/wp\/v2\/types\/page"}],"author":[{"embeddable":true,"href":"https:\/\/www.vdhurk.nl\/de\/wp-json\/wp\/v2\/users\/3"}],"replies":[{"embeddable":true,"href":"https:\/\/www.vdhurk.nl\/de\/wp-json\/wp\/v2\/comments?post=454884"}],"version-history":[{"count":5,"href":"https:\/\/www.vdhurk.nl\/de\/wp-json\/wp\/v2\/pages\/454884\/revisions"}],"predecessor-version":[{"id":454904,"href":"https:\/\/www.vdhurk.nl\/de\/wp-json\/wp\/v2\/pages\/454884\/revisions\/454904"}],"up":[{"embeddable":true,"href":"https:\/\/www.vdhurk.nl\/de\/wp-json\/wp\/v2\/pages\/422104"}],"wp:attachment":[{"href":"https:\/\/www.vdhurk.nl\/de\/wp-json\/wp\/v2\/media?parent=454884"}],"curies":[{"name":"wp","href":"https:\/\/api.w.org\/{rel}","templated":true}]}}