{"id":442876,"date":"2025-02-06T17:15:21","date_gmt":"2025-02-06T16:15:21","guid":{"rendered":"https:\/\/www.vdhurk.nl\/?page_id=442876"},"modified":"2025-02-06T17:15:21","modified_gmt":"2025-02-06T16:15:21","slug":"maschine","status":"publish","type":"page","link":"https:\/\/www.vdhurk.nl\/de\/mercedes-bedrijfswagens\/sprinter\/automaat\/","title":{"rendered":"Mercedes Sprinter Automatik"},"content":{"rendered":"<section  class='av_textblock_section av-lu8gnh7d-4ac895489941e586c1d7c8cb72318135'  itemscope=\"itemscope\" itemtype=\"https:\/\/schema.org\/CreativeWork\" ><div class='avia_textblock'  itemprop=\"text\" ><h1>Entdecken Sie das automatische Getriebe des Mercedes Sprinters<\/h1>\n<p>Sie haben keine Lust mehr zu schalten? Entscheiden Sie sich f\u00fcr Bequemlichkeit und Komfort mit dem Mercedes Sprinter Automatik. Diese beliebten Nutzfahrzeuge sind dank ihrer Zuverl\u00e4ssigkeit, ihres Komforts und ihrer gro\u00dfz\u00fcgigen Ladekapazit\u00e4t bei Gesch\u00e4ftskunden sehr beliebt. Der Sprinter passt sich m\u00fchelos an Ihre Bed\u00fcrfnisse an. Entdecken Sie die Vorteile und erleben Sie selbst, warum sich so viele Unternehmen f\u00fcr den Sprinter entscheiden.<\/p>\n<\/div><\/section>\n\n<style type=\"text\/css\" data-created_by=\"avia_inline_auto\" id=\"style-css-av-lujjddpd-afa3d7a9eabd61123e643ed1228e781e\">\n#top .hr.hr-invisible.av-lujjddpd-afa3d7a9eabd61123e643ed1228e781e{\nheight:50px;\n}\n<\/style>\n<div  class='hr av-lujjddpd-afa3d7a9eabd61123e643ed1228e781e hr-invisible  avia-builder-el-1  el_after_av_textblock  el_before_av_codeblock'><span class='hr-inner'><span class=\"hr-inner-style\"><\/span><\/span><\/div>\n\n\n<style type=\"text\/css\" data-created_by=\"avia_inline_auto\" id=\"style-css-av-o1d5-cf77288da24053faf1b6ffbefcfc6222\">\n#top .hr.hr-invisible.av-o1d5-cf77288da24053faf1b6ffbefcfc6222{\nheight:50px;\n}\n<\/style>\n<div  class='hr av-o1d5-cf77288da24053faf1b6ffbefcfc6222 hr-invisible  avia-builder-el-3  el_after_av_codeblock  el_before_av_textblock'><span class='hr-inner'><span class=\"hr-inner-style\"><\/span><\/span><\/div>\n<section  class='av_textblock_section av-lu8gow1e-300853e458ed741bd87d6cb78e55cc7a'  itemscope=\"itemscope\" itemtype=\"https:\/\/schema.org\/CreativeWork\" ><div class='avia_textblock'  itemprop=\"text\" ><h2>Die Vorteile einer automatischen<\/h2>\n<p>Immer mehr Unternehmen steigen auf ein Automatikgetriebe um, und das aus gutem Grund. Denn ein Automatikgetriebe bietet optimalen Fahrkomfort: Man muss nicht selbst kuppeln oder schalten. Das ist vor allem im dichten Verkehr, zum Beispiel im Stau, sehr angenehm. Ein Automatikgetriebe tr\u00e4gt auch zu mehr Sicherheit bei, weil Sie sich voll auf die Stra\u00dfe konzentrieren k\u00f6nnen und nicht so leicht durch Schaltvorg\u00e4nge abgelenkt werden. Moderne Automatikgetriebe sind auch effizienter: Sie wechseln die G\u00e4nge schneller und sanfter als Schaltgetriebe. Das erh\u00f6ht nicht nur den Fahrkomfort, sondern spart auch Kraftstoff. F\u00fcr Unternehmen bedeutet dies eine praktische und wirtschaftliche Wahl, die Komfort und Effizienz miteinander verbindet.<\/p>\n<\/div><\/section>\n<div class='flex_column av-f64w1-da126f42b61613402309283c14245a25 av_one_half  avia-builder-el-5  el_after_av_textblock  el_before_av_one_third  first flex_column_div column-top-margin'   ><section  class='av_textblock_section av-lu8gpqre-73cc2c17e6a6497ba6e1b58af22bd9e8'  itemscope=\"itemscope\" itemtype=\"https:\/\/schema.org\/CreativeWork\" ><div class='avia_textblock'  itemprop=\"text\" ><h2>Warum einen Mercedes Sprinter w\u00e4hlen?<\/h2>\n<p>Die Mercedes Sprinter Modelle sind bekannt f\u00fcr ihre Qualit\u00e4t, Vielseitigkeit und Zuverl\u00e4ssigkeit. Bei der Entwicklung dieses Nutzfahrzeugs wurde besonderer Wert auf Komfort und Benutzerfreundlichkeit gelegt, um jede Fahrt zu einem angenehmen Erlebnis zu machen. Die ergonomischen Sitze bieten einen hervorragenden Sitzkomfort, ideal f\u00fcr lange Arbeitstage auf der Stra\u00dfe. Dar\u00fcber hinaus ist der Sprinter in verschiedenen Versionen mit unterschiedlichen Baujahren und Laufleistungen erh\u00e4ltlich. Egal, ob Sie auf der Suche nach einer gro\u00dfen Ladekapazit\u00e4t, moderner Technik oder einem kompakten Modell sind, es gibt immer einen Sprinter, der perfekt zu Ihren gesch\u00e4ftlichen Anforderungen passt.<\/p>\n<\/div><\/section><\/div><div class='flex_column av-aldk9-ee694297f5c4032981677a02caab84d6 av_one_third  avia-builder-el-7  el_after_av_one_half  el_before_av_hr  flex_column_div column-top-margin'   ><style type=\"text\/css\" data-created_by=\"avia_inline_auto\" id=\"style-css-av-l1w9kpsf-4ec3fab772ec7a9adaa33cfc64ff0475\">\n.avia-image-container.av-l1w9kpsf-4ec3fab772ec7a9adaa33cfc64ff0475 .av-image-caption-overlay-center{\ncolor:#ffffff;\n}\n<\/style>\n<div  class='avia-image-container av-l1w9kpsf-4ec3fab772ec7a9adaa33cfc64ff0475 av-styling- avia-align-center  avia-builder-el-8  avia-builder-el-no-sibling'  itemprop=\"image\" itemscope=\"itemscope\" itemtype=\"https:\/\/schema.org\/ImageObject\" ><div class=\"avia-image-container-inner\"><div class=\"avia-image-overlay-wrap\"><img decoding=\"async\" class='wp-image-187 avia-img-lazy-loading-not-187 avia_image' src=\"https:\/\/www.vdhurk.nl\/wp-content\/uploads\/2022\/03\/Voorrad.png\" alt='' title='Lagerbestand'  height=\"758\" width=\"1135\"  itemprop=\"thumbnailUrl\" srcset=\"https:\/\/www.vdhurk.nl\/wp-content\/uploads\/2022\/03\/Voorrad.png 1135w, https:\/\/www.vdhurk.nl\/wp-content\/uploads\/2022\/03\/Voorrad-300x200.png 300w, https:\/\/www.vdhurk.nl\/wp-content\/uploads\/2022\/03\/Voorrad-1030x688.png 1030w, https:\/\/www.vdhurk.nl\/wp-content\/uploads\/2022\/03\/Voorrad-768x513.png 768w, https:\/\/www.vdhurk.nl\/wp-content\/uploads\/2022\/03\/Voorrad-18x12.png 18w, https:\/\/www.vdhurk.nl\/wp-content\/uploads\/2022\/03\/Voorrad-705x471.png 705w\" sizes=\"(max-width: 1135px) 100vw, 1135px\" \/><\/div><\/div><\/div><\/div><\/p>\n\n<style type=\"text\/css\" data-created_by=\"avia_inline_auto\" id=\"style-css-av-luqrjpjc-5a23a1fb5f94718ca85316a9df963e2f\">\n#top .hr.hr-invisible.av-luqrjpjc-5a23a1fb5f94718ca85316a9df963e2f{\nheight:50px;\n}\n<\/style>\n<div  class='hr av-luqrjpjc-5a23a1fb5f94718ca85316a9df963e2f hr-invisible  avia-builder-el-9  el_after_av_one_third  el_before_av_textblock'><span class='hr-inner'><span class=\"hr-inner-style\"><\/span><\/span><\/div>\n<section  class='av_textblock_section av-lu8gtjw7-4f3cee9304909518d86d2860d9d582dd'  itemscope=\"itemscope\" itemtype=\"https:\/\/schema.org\/CreativeWork\" ><div class='avia_textblock'  itemprop=\"text\" ><h2>Kauf oder Leasing eines Mercedes Sprinters?<\/h2>\n<p>Bei Van den Hurk bieten wir flexible Finanzierungsm\u00f6glichkeiten, die Ihren gesch\u00e4ftlichen Anforderungen entsprechen. M\u00f6chten Sie sofort Eigent\u00fcmer werden? Dann w\u00e4hlen Sie die Option, einen Firmenwagen zu kaufen. Sie ziehen eine Staffelung vor, anstatt alles auf einmal zu bezahlen? Dann ist unser <a href=\"https:\/\/www.vdhurk.nl\/de\/finanzierungsleasing\/\">Finanzierungsleasing<\/a> die ideale L\u00f6sung. Diese Art des Leasings ist speziell f\u00fcr Unternehmen konzipiert, die Wert auf Sicherheit und finanziellen Komfort legen. Das Leasing eines Mercedes Sprinters bedeutet feste monatliche Kosten und trotzdem die M\u00f6glichkeit, Ihren Mercedes Sprinter sofort zu nutzen.<\/p>\n<h2>Finden Sie Ihr ideales Nutzfahrzeug<\/h2>\n<p>Ob Sie sich f\u00fcr einen gebrauchten oder neuen Mercedes Sprinter entscheiden, Sie k\u00f6nnen sich immer auf h\u00f6chste Qualit\u00e4t verlassen. Mit einem Automatikgetriebe profitieren Sie zudem von einem Plus an Komfort und Bequemlichkeit auf jeder Fahrt. Als erfahrener Mercedes Sprinter H\u00e4ndler informieren und beraten wir Sie gerne, damit Sie sich vertrauensvoll f\u00fcr das perfekte Nutzfahrzeug entscheiden k\u00f6nnen. Sprechen Sie uns an und finden Sie heraus, was der Sprinter f\u00fcr Ihr Unternehmen tun kann.<\/p>\n<\/div><\/section>","protected":false},"excerpt":{"rendered":"","protected":false},"author":3,"featured_media":0,"parent":393273,"menu_order":0,"comment_status":"closed","ping_status":"closed","template":"","meta":{"_acf_changed":false,"_improvement_type_select":"improve_an_existing","_thumb_yes_seoaic":false,"_frame_yes_seoaic":false,"seoaic_generate_description":"","seoaic_improve_instructions_prompt":"","seoaic_rollback_content_improvement":"","seoaic_idea_thumbnail_generator":"","thumbnail_generated":false,"thumbnail_generate_prompt":"","seoaic_article_description":"","footnotes":""},"class_list":["post-442876","page","type-page","status-publish","hentry"],"acf":[],"yoast_head":"<!-- This site is optimized with the Yoast SEO plugin v27.2 - https:\/\/yoast.com\/product\/yoast-seo-wordpress\/ -->\n<title>Op zoek naar een Mercedes Sprinter automaat?<\/title>\n<meta name=\"description\" content=\"Ontdek de betrouwbare Mercedes Sprinter automaat. Perfect voor zakelijk gebruik met ultiem rijcomfort, ruime laadruimte en moderne technologie.\" \/>\n<meta name=\"robots\" content=\"index, follow, max-snippet:-1, max-image-preview:large, max-video-preview:-1\" \/>\n<link rel=\"canonical\" href=\"https:\/\/www.vdhurk.nl\/de\/mercedes-9\/sprinter\/maschine\/\" \/>\n<meta property=\"og:locale\" content=\"de_DE\" \/>\n<meta property=\"og:type\" content=\"article\" \/>\n<meta property=\"og:title\" content=\"Op zoek naar een Mercedes Sprinter automaat?\" \/>\n<meta property=\"og:description\" content=\"Ontdek de betrouwbare Mercedes Sprinter automaat. Perfect voor zakelijk gebruik met ultiem rijcomfort, ruime laadruimte en moderne technologie.\" \/>\n<meta property=\"og:url\" content=\"https:\/\/www.vdhurk.nl\/de\/mercedes-9\/sprinter\/maschine\/\" \/>\n<meta property=\"og:site_name\" content=\"Van den Hurk Bedrijfswagens\" \/>\n<meta name=\"twitter:card\" content=\"summary_large_image\" \/>\n<meta name=\"twitter:label1\" content=\"Gesch\u00e4tzte Lesezeit\" \/>\n\t<meta name=\"twitter:data1\" content=\"4\u00a0Minuten\" \/>\n<script type=\"application\/ld+json\" class=\"yoast-schema-graph\">{\"@context\":\"https:\/\/schema.org\",\"@graph\":[{\"@type\":\"WebPage\",\"@id\":\"https:\/\/www.vdhurk.nl\/mercedes-bedrijfswagens\/sprinter\/automaat\/\",\"url\":\"https:\/\/www.vdhurk.nl\/mercedes-bedrijfswagens\/sprinter\/automaat\/\",\"name\":\"Op zoek naar een Mercedes Sprinter automaat?\",\"isPartOf\":{\"@id\":\"https:\/\/www.vdhurk.nl\/#website\"},\"datePublished\":\"2025-02-06T16:15:21+00:00\",\"description\":\"Ontdek de betrouwbare Mercedes Sprinter automaat. Perfect voor zakelijk gebruik met ultiem rijcomfort, ruime laadruimte en moderne technologie.\",\"breadcrumb\":{\"@id\":\"https:\/\/www.vdhurk.nl\/mercedes-bedrijfswagens\/sprinter\/automaat\/#breadcrumb\"},\"inLanguage\":\"de\",\"potentialAction\":[{\"@type\":\"ReadAction\",\"target\":[\"https:\/\/www.vdhurk.nl\/mercedes-bedrijfswagens\/sprinter\/automaat\/\"]}]},{\"@type\":\"BreadcrumbList\",\"@id\":\"https:\/\/www.vdhurk.nl\/mercedes-bedrijfswagens\/sprinter\/automaat\/#breadcrumb\",\"itemListElement\":[{\"@type\":\"ListItem\",\"position\":1,\"name\":\"Home\",\"item\":\"https:\/\/www.vdhurk.nl\/home\/\"},{\"@type\":\"ListItem\",\"position\":2,\"name\":\"Mercedes Bedrijfswagens\",\"item\":\"https:\/\/www.vdhurk.nl\/mercedes-bedrijfswagens\/\"},{\"@type\":\"ListItem\",\"position\":3,\"name\":\"Mercedes Sprinter\",\"item\":\"https:\/\/www.vdhurk.nl\/mercedes-bedrijfswagens\/sprinter\/\"},{\"@type\":\"ListItem\",\"position\":4,\"name\":\"Mercedes Sprinter Automaat\"}]},{\"@type\":\"WebSite\",\"@id\":\"https:\/\/www.vdhurk.nl\/#website\",\"url\":\"https:\/\/www.vdhurk.nl\/\",\"name\":\"Van den Hurk Bedrijfswagens\",\"description\":\"Van den Hurk bedrijfswagens Helmond\",\"potentialAction\":[{\"@type\":\"SearchAction\",\"target\":{\"@type\":\"EntryPoint\",\"urlTemplate\":\"https:\/\/www.vdhurk.nl\/?s={search_term_string}\"},\"query-input\":{\"@type\":\"PropertyValueSpecification\",\"valueRequired\":true,\"valueName\":\"search_term_string\"}}],\"inLanguage\":\"de\"}]}<\/script>\n<!-- \/ Yoast SEO plugin. -->","yoast_head_json":{"title":"Sie suchen einen Mercedes Sprinter Automatik?","description":"Entdecken Sie den zuverl\u00e4ssigen Mercedes Sprinter Automatik. Perfekt f\u00fcr den gesch\u00e4ftlichen Einsatz mit ultimativem Fahrkomfort, ger\u00e4umigem Laderaum und moderner Technik.","robots":{"index":"index","follow":"follow","max-snippet":"max-snippet:-1","max-image-preview":"max-image-preview:large","max-video-preview":"max-video-preview:-1"},"canonical":"https:\/\/www.vdhurk.nl\/de\/mercedes-9\/sprinter\/maschine\/","og_locale":"de_DE","og_type":"article","og_title":"Op zoek naar een Mercedes Sprinter automaat?","og_description":"Ontdek de betrouwbare Mercedes Sprinter automaat. Perfect voor zakelijk gebruik met ultiem rijcomfort, ruime laadruimte en moderne technologie.","og_url":"https:\/\/www.vdhurk.nl\/de\/mercedes-9\/sprinter\/maschine\/","og_site_name":"Van den Hurk Bedrijfswagens","twitter_card":"summary_large_image","twitter_misc":{"Gesch\u00e4tzte Lesezeit":"4\u00a0Minuten"},"schema":{"@context":"https:\/\/schema.org","@graph":[{"@type":"WebPage","@id":"https:\/\/www.vdhurk.nl\/mercedes-bedrijfswagens\/sprinter\/automaat\/","url":"https:\/\/www.vdhurk.nl\/mercedes-bedrijfswagens\/sprinter\/automaat\/","name":"Sie suchen einen Mercedes Sprinter Automatik?","isPartOf":{"@id":"https:\/\/www.vdhurk.nl\/#website"},"datePublished":"2025-02-06T16:15:21+00:00","description":"Entdecken Sie den zuverl\u00e4ssigen Mercedes Sprinter Automatik. Perfekt f\u00fcr den gesch\u00e4ftlichen Einsatz mit ultimativem Fahrkomfort, ger\u00e4umigem Laderaum und moderner Technik.","breadcrumb":{"@id":"https:\/\/www.vdhurk.nl\/mercedes-bedrijfswagens\/sprinter\/automaat\/#breadcrumb"},"inLanguage":"de","potentialAction":[{"@type":"ReadAction","target":["https:\/\/www.vdhurk.nl\/mercedes-bedrijfswagens\/sprinter\/automaat\/"]}]},{"@type":"BreadcrumbList","@id":"https:\/\/www.vdhurk.nl\/mercedes-bedrijfswagens\/sprinter\/automaat\/#breadcrumb","itemListElement":[{"@type":"ListItem","position":1,"name":"Home","item":"https:\/\/www.vdhurk.nl\/home\/"},{"@type":"ListItem","position":2,"name":"Mercedes Bedrijfswagens","item":"https:\/\/www.vdhurk.nl\/mercedes-bedrijfswagens\/"},{"@type":"ListItem","position":3,"name":"Mercedes Sprinter","item":"https:\/\/www.vdhurk.nl\/mercedes-bedrijfswagens\/sprinter\/"},{"@type":"ListItem","position":4,"name":"Mercedes Sprinter Automaat"}]},{"@type":"WebSite","@id":"https:\/\/www.vdhurk.nl\/#website","url":"https:\/\/www.vdhurk.nl\/","name":"Van den Hurk Nutzfahrzeuge","description":"Van den Hurk Nutzfahrzeuge Helmond","potentialAction":[{"@type":"SearchAction","target":{"@type":"EntryPoint","urlTemplate":"https:\/\/www.vdhurk.nl\/?s={search_term_string}"},"query-input":{"@type":"PropertyValueSpecification","valueRequired":true,"valueName":"search_term_string"}}],"inLanguage":"de"}]}},"_links":{"self":[{"href":"https:\/\/www.vdhurk.nl\/de\/wp-json\/wp\/v2\/pages\/442876","targetHints":{"allow":["GET"]}}],"collection":[{"href":"https:\/\/www.vdhurk.nl\/de\/wp-json\/wp\/v2\/pages"}],"about":[{"href":"https:\/\/www.vdhurk.nl\/de\/wp-json\/wp\/v2\/types\/page"}],"author":[{"embeddable":true,"href":"https:\/\/www.vdhurk.nl\/de\/wp-json\/wp\/v2\/users\/3"}],"replies":[{"embeddable":true,"href":"https:\/\/www.vdhurk.nl\/de\/wp-json\/wp\/v2\/comments?post=442876"}],"version-history":[{"count":5,"href":"https:\/\/www.vdhurk.nl\/de\/wp-json\/wp\/v2\/pages\/442876\/revisions"}],"predecessor-version":[{"id":442901,"href":"https:\/\/www.vdhurk.nl\/de\/wp-json\/wp\/v2\/pages\/442876\/revisions\/442901"}],"up":[{"embeddable":true,"href":"https:\/\/www.vdhurk.nl\/de\/wp-json\/wp\/v2\/pages\/393273"}],"wp:attachment":[{"href":"https:\/\/www.vdhurk.nl\/de\/wp-json\/wp\/v2\/media?parent=442876"}],"curies":[{"name":"wp","href":"https:\/\/api.w.org\/{rel}","templated":true}]}}