{"id":442871,"date":"2025-02-06T17:10:19","date_gmt":"2025-02-06T16:10:19","guid":{"rendered":"https:\/\/www.vdhurk.nl\/?page_id=442871"},"modified":"2025-02-06T17:10:19","modified_gmt":"2025-02-06T16:10:19","slug":"maschine","status":"publish","type":"page","link":"https:\/\/www.vdhurk.nl\/de\/mercedes-bedrijfswagens\/citan\/automaat\/","title":{"rendered":"Mercedes Citan Automatik"},"content":{"rendered":"<section  class='av_textblock_section av-lu8gnh7d-4ac895489941e586c1d7c8cb72318135'  itemscope=\"itemscope\" itemtype=\"https:\/\/schema.org\/CreativeWork\" ><div class='avia_textblock'  itemprop=\"text\" ><h1>Mercedes Citan Automatik kaufen?<\/h1>\n<p>Finden Sie das Schalten unangenehm? Der Mercedes Citan Automatik bietet die perfekte L\u00f6sung. Dieses kompakte und vielseitige Nutzfahrzeug verbindet m\u00fchelos Komfort mit Leistung. Ideal f\u00fcr Unternehmer, die ein zuverl\u00e4ssiges Nutzfahrzeug im dichten Verkehr ben\u00f6tigen. Lesen Sie mehr \u00fcber die Spezifikationen und Vorteile und finden Sie heraus, warum der Mercedes Citan Automatik so beliebt ist.<\/p>\n<\/div><\/section>\n\n<style type=\"text\/css\" data-created_by=\"avia_inline_auto\" id=\"style-css-av-lujjddpd-afa3d7a9eabd61123e643ed1228e781e\">\n#top .hr.hr-invisible.av-lujjddpd-afa3d7a9eabd61123e643ed1228e781e{\nheight:50px;\n}\n<\/style>\n<div  class='hr av-lujjddpd-afa3d7a9eabd61123e643ed1228e781e hr-invisible  avia-builder-el-1  el_after_av_textblock  el_before_av_codeblock'><span class='hr-inner'><span class=\"hr-inner-style\"><\/span><\/span><\/div>\n\n\n<style type=\"text\/css\" data-created_by=\"avia_inline_auto\" id=\"style-css-av-ah0xd-63338d9dc6b40410e22a712829c369d6\">\n#top .hr.hr-invisible.av-ah0xd-63338d9dc6b40410e22a712829c369d6{\nheight:50px;\n}\n<\/style>\n<div  class='hr av-ah0xd-63338d9dc6b40410e22a712829c369d6 hr-invisible  avia-builder-el-3  el_after_av_codeblock  el_before_av_textblock'><span class='hr-inner'><span class=\"hr-inner-style\"><\/span><\/span><\/div>\n<section  class='av_textblock_section av-lu8gow1e-300853e458ed741bd87d6cb78e55cc7a'  itemscope=\"itemscope\" itemtype=\"https:\/\/schema.org\/CreativeWork\" ><div class='avia_textblock'  itemprop=\"text\" ><h2>Die Vorteile einer automatischen<\/h2>\n<p>Immer mehr Unternehmen entscheiden sich f\u00fcr einen Firmenwagen mit Automatikgetriebe, und das aus gutem Grund. Denn ein Automatikgetriebe bietet mehrere Vorteile, die perfekt auf die Bed\u00fcrfnisse von Unternehmen zugeschnitten sind. So empfinden viele Fahrerinnen und Fahrer mehr Komfort und Bedienungsfreundlichkeit, da das Schalten nicht mehr notwendig ist. Das macht ein Automatikgetriebe ideal f\u00fcr den dichten Verkehr, zum Beispiel im Stau. Au\u00dferdem kann man sich voll und ganz auf die Stra\u00dfe konzentrieren, w\u00e4hrend das Auto leicht f\u00e4hrt und nicht wie ein Schaltauto abbiegen kann. Dank dieser Vorteile sind die Mercedes Citan Modelle eine intelligente und zuverl\u00e4ssige Wahl f\u00fcr Ihr Unternehmen.<\/p>\n<\/div><\/section>\n<div class='flex_column av-f64w1-da126f42b61613402309283c14245a25 av_one_half  avia-builder-el-5  el_after_av_textblock  el_before_av_one_third  first flex_column_div column-top-margin'   ><section  class='av_textblock_section av-lu8gpqre-73cc2c17e6a6497ba6e1b58af22bd9e8'  itemscope=\"itemscope\" itemtype=\"https:\/\/schema.org\/CreativeWork\" ><div class='avia_textblock'  itemprop=\"text\" ><h2>Warum sollten Sie sich f\u00fcr den Mercedes Citan Automatik entscheiden?<\/h2>\n<p>Der Mercedes Citan zeichnet sich als einzigartiges Nutzfahrzeug durch seine Vielseitigkeit und sein elegantes Design aus. Was dieses Nutzfahrzeug so beliebt macht, ist seine gute Balance zwischen Robustheit und Komfort. Der Citan bietet nicht nur eine beeindruckende Ladekapazit\u00e4t und einen individuell gestaltbaren Innenraum, sondern kombiniert dies mit der Zuverl\u00e4ssigkeit, f\u00fcr die Mercedes-Benz bekannt ist. Dar\u00fcber hinaus senkt seine Kraftstoffeffizienz die Betriebskosten und macht ihn ideal f\u00fcr Unternehmen, die sowohl kurze als auch lange Strecken fahren. Diese einzigartigen Eigenschaften machen den Mercedes Citan zu einem unverzichtbaren Partner f\u00fcr Unternehmen.<\/p>\n<\/div><\/section><\/div><div class='flex_column av-aldk9-ee694297f5c4032981677a02caab84d6 av_one_third  avia-builder-el-7  el_after_av_one_half  el_before_av_hr  flex_column_div column-top-margin'   ><style type=\"text\/css\" data-created_by=\"avia_inline_auto\" id=\"style-css-av-l1w9kpsf-4ec3fab772ec7a9adaa33cfc64ff0475\">\n.avia-image-container.av-l1w9kpsf-4ec3fab772ec7a9adaa33cfc64ff0475 .av-image-caption-overlay-center{\ncolor:#ffffff;\n}\n<\/style>\n<div  class='avia-image-container av-l1w9kpsf-4ec3fab772ec7a9adaa33cfc64ff0475 av-styling- avia-align-center  avia-builder-el-8  avia-builder-el-no-sibling'  itemprop=\"image\" itemscope=\"itemscope\" itemtype=\"https:\/\/schema.org\/ImageObject\" ><div class=\"avia-image-container-inner\"><div class=\"avia-image-overlay-wrap\"><img decoding=\"async\" class='wp-image-187 avia-img-lazy-loading-not-187 avia_image' src=\"https:\/\/www.vdhurk.nl\/wp-content\/uploads\/2022\/03\/Voorrad.png\" alt='' title='Lagerbestand'  height=\"758\" width=\"1135\"  itemprop=\"thumbnailUrl\" srcset=\"https:\/\/www.vdhurk.nl\/wp-content\/uploads\/2022\/03\/Voorrad.png 1135w, https:\/\/www.vdhurk.nl\/wp-content\/uploads\/2022\/03\/Voorrad-300x200.png 300w, https:\/\/www.vdhurk.nl\/wp-content\/uploads\/2022\/03\/Voorrad-1030x688.png 1030w, https:\/\/www.vdhurk.nl\/wp-content\/uploads\/2022\/03\/Voorrad-768x513.png 768w, https:\/\/www.vdhurk.nl\/wp-content\/uploads\/2022\/03\/Voorrad-18x12.png 18w, https:\/\/www.vdhurk.nl\/wp-content\/uploads\/2022\/03\/Voorrad-705x471.png 705w\" sizes=\"(max-width: 1135px) 100vw, 1135px\" \/><\/div><\/div><\/div><\/div><\/p>\n\n<style type=\"text\/css\" data-created_by=\"avia_inline_auto\" id=\"style-css-av-luqrjpjc-5a23a1fb5f94718ca85316a9df963e2f\">\n#top .hr.hr-invisible.av-luqrjpjc-5a23a1fb5f94718ca85316a9df963e2f{\nheight:50px;\n}\n<\/style>\n<div  class='hr av-luqrjpjc-5a23a1fb5f94718ca85316a9df963e2f hr-invisible  avia-builder-el-9  el_after_av_one_third  el_before_av_textblock'><span class='hr-inner'><span class=\"hr-inner-style\"><\/span><\/span><\/div>\n<section  class='av_textblock_section av-lu8gtjw7-4f3cee9304909518d86d2860d9d582dd'  itemscope=\"itemscope\" itemtype=\"https:\/\/schema.org\/CreativeWork\" ><div class='avia_textblock'  itemprop=\"text\" ><h2>Einen Mercedes Citan leasen?<\/h2>\n<p>Die Wahl des richtigen Firmenwagens ist ein wichtiger Schritt f\u00fcr Ihr Unternehmen. Bei Van den Hurk haben Sie die M\u00f6glichkeit, sich f\u00fcr Finanzierungsleasing zu entscheiden. Mit dieser Option profitieren Sie von festen monatlichen Kosten, ohne eine gro\u00dfe Investition auf einmal t\u00e4tigen zu m\u00fcssen. Das bietet nicht nur mehr finanzielle Sicherheit, sondern auch Vorteile wie Flexibilit\u00e4t. Au\u00dferdem m\u00fcssen Sie sich nicht um die sofortige Abschreibung k\u00fcmmern. F\u00fcr diejenigen, die den sofortigen Besitz bevorzugen, gibt es auch die M\u00f6glichkeit, einen Mercedes Vito auf einen Schlag zu kaufen. Welche Option am besten zu Ihrem Unternehmen passt, h\u00e4ngt von Ihren Bed\u00fcrfnissen ab. Neugierig auf die Optionen? Erfahren Sie mehr \u00fcber <a href=\"https:\/\/www.vdhurk.nl\/de\/finanzierungsleasing\/\">Finanzierungsleasing<\/a> oder direkt kaufen und die perfekte L\u00f6sung f\u00fcr Ihr Unternehmen finden.<\/p>\n<h2>In welche Preisklasse f\u00e4llt der Mercedes Citan Automatik?<\/h2>\n<p>Der Preis f\u00fcr einen Mercedes Citan h\u00e4ngt von der gew\u00e4hlten Version und Ausstattung ab. Jedes Unternehmen hat andere W\u00fcnsche und Bed\u00fcrfnisse, und dieses Modell bietet viele Optionen, um sie zu erf\u00fcllen. Egal, ob Sie sich f\u00fcr eine Basisversion oder ein luxuri\u00f6seres Modell mit zus\u00e4tzlichen Optionen entscheiden, mit Mercedes-Benz k\u00f6nnen Sie immer mit einem fairen Preis-Leistungs-Verh\u00e4ltnis rechnen. M\u00f6chten Sie mehr \u00fcber den Preis des Mercedes Citan erfahren? Nehmen Sie Kontakt mit uns auf. Wir sagen Ihnen gerne mehr.<\/p>\n<h2>Sie wollen einen Mercedes Citan kaufen? Sehen Sie sich das Angebot an!<\/h2>\n<p>Einen Mercedes Citan gebraucht oder neu kaufen? Beides ist m\u00f6glich. Wir m\u00f6chten Ihnen helfen, die beste Wahl zu treffen. Deshalb informieren wir Sie gerne \u00fcber unsere Nutzfahrzeuge. So finden wir immer einen Transporter, der perfekt zu Ihren gesch\u00e4ftlichen Anforderungen passt.<\/p>\n<\/div><\/section>","protected":false},"excerpt":{"rendered":"","protected":false},"author":3,"featured_media":0,"parent":397532,"menu_order":0,"comment_status":"closed","ping_status":"closed","template":"","meta":{"_acf_changed":false,"_improvement_type_select":"improve_an_existing","_thumb_yes_seoaic":false,"_frame_yes_seoaic":false,"seoaic_generate_description":"","seoaic_improve_instructions_prompt":"","seoaic_rollback_content_improvement":"","seoaic_idea_thumbnail_generator":"","thumbnail_generated":false,"thumbnail_generate_prompt":"","seoaic_article_description":"","footnotes":""},"class_list":["post-442871","page","type-page","status-publish","hentry"],"acf":[],"yoast_head":"<!-- This site is optimized with the Yoast SEO plugin v27.5 - https:\/\/yoast.com\/product\/yoast-seo-wordpress\/ -->\n<title>Mercedes Citan automaat kopen?<\/title>\n<meta name=\"description\" content=\"Op zoek naar een Mercedes Citan automaat? Bekijk ons aanbod en vind de bedrijfswagen die helemaal past bij jouw zakelijke behoeften.\" \/>\n<meta name=\"robots\" content=\"index, follow, max-snippet:-1, max-image-preview:large, max-video-preview:-1\" \/>\n<link rel=\"canonical\" href=\"https:\/\/www.vdhurk.nl\/de\/mercedes-9\/mercedes-22\/maschine\/\" \/>\n<meta property=\"og:locale\" content=\"de_DE\" \/>\n<meta property=\"og:type\" content=\"article\" \/>\n<meta property=\"og:title\" content=\"Mercedes Citan automaat kopen?\" \/>\n<meta property=\"og:description\" content=\"Op zoek naar een Mercedes Citan automaat? Bekijk ons aanbod en vind de bedrijfswagen die helemaal past bij jouw zakelijke behoeften.\" \/>\n<meta property=\"og:url\" content=\"https:\/\/www.vdhurk.nl\/de\/mercedes-9\/mercedes-22\/maschine\/\" \/>\n<meta property=\"og:site_name\" content=\"Van den Hurk Bedrijfswagens\" \/>\n<meta name=\"twitter:card\" content=\"summary_large_image\" \/>\n<meta name=\"twitter:label1\" content=\"Gesch\u00e4tzte Lesezeit\" \/>\n\t<meta name=\"twitter:data1\" content=\"4\u00a0Minuten\" \/>\n<script type=\"application\/ld+json\" class=\"yoast-schema-graph\">{\"@context\":\"https:\\\/\\\/schema.org\",\"@graph\":[{\"@type\":\"WebPage\",\"@id\":\"https:\\\/\\\/www.vdhurk.nl\\\/mercedes-bedrijfswagens\\\/citan\\\/automaat\\\/\",\"url\":\"https:\\\/\\\/www.vdhurk.nl\\\/mercedes-bedrijfswagens\\\/citan\\\/automaat\\\/\",\"name\":\"Mercedes Citan automaat kopen?\",\"isPartOf\":{\"@id\":\"https:\\\/\\\/www.vdhurk.nl\\\/#website\"},\"datePublished\":\"2025-02-06T16:10:19+00:00\",\"description\":\"Op zoek naar een Mercedes Citan automaat? Bekijk ons aanbod en vind de bedrijfswagen die helemaal past bij jouw zakelijke behoeften.\",\"breadcrumb\":{\"@id\":\"https:\\\/\\\/www.vdhurk.nl\\\/mercedes-bedrijfswagens\\\/citan\\\/automaat\\\/#breadcrumb\"},\"inLanguage\":\"de\",\"potentialAction\":[{\"@type\":\"ReadAction\",\"target\":[\"https:\\\/\\\/www.vdhurk.nl\\\/mercedes-bedrijfswagens\\\/citan\\\/automaat\\\/\"]}]},{\"@type\":\"BreadcrumbList\",\"@id\":\"https:\\\/\\\/www.vdhurk.nl\\\/mercedes-bedrijfswagens\\\/citan\\\/automaat\\\/#breadcrumb\",\"itemListElement\":[{\"@type\":\"ListItem\",\"position\":1,\"name\":\"Home\",\"item\":\"https:\\\/\\\/www.vdhurk.nl\\\/home\\\/\"},{\"@type\":\"ListItem\",\"position\":2,\"name\":\"Mercedes Bedrijfswagens\",\"item\":\"https:\\\/\\\/www.vdhurk.nl\\\/mercedes-bedrijfswagens\\\/\"},{\"@type\":\"ListItem\",\"position\":3,\"name\":\"Mercedes Citan\",\"item\":\"https:\\\/\\\/www.vdhurk.nl\\\/mercedes-bedrijfswagens\\\/citan\\\/\"},{\"@type\":\"ListItem\",\"position\":4,\"name\":\"Mercedes Citan Automaat\"}]},{\"@type\":\"WebSite\",\"@id\":\"https:\\\/\\\/www.vdhurk.nl\\\/#website\",\"url\":\"https:\\\/\\\/www.vdhurk.nl\\\/\",\"name\":\"Van den Hurk Bedrijfswagens\",\"description\":\"Van den Hurk bedrijfswagens Helmond\",\"potentialAction\":[{\"@type\":\"SearchAction\",\"target\":{\"@type\":\"EntryPoint\",\"urlTemplate\":\"https:\\\/\\\/www.vdhurk.nl\\\/?s={search_term_string}\"},\"query-input\":{\"@type\":\"PropertyValueSpecification\",\"valueRequired\":true,\"valueName\":\"search_term_string\"}}],\"inLanguage\":\"de\"}]}<\/script>\n<!-- \/ Yoast SEO plugin. -->","yoast_head_json":{"title":"Mercedes Citan Automatik kaufen?","description":"Sie suchen einen Mercedes Citan Automatik? Schauen Sie sich unser Angebot an und finden Sie das Nutzfahrzeug, das ganz auf Ihre gesch\u00e4ftlichen Anforderungen zugeschnitten ist.","robots":{"index":"index","follow":"follow","max-snippet":"max-snippet:-1","max-image-preview":"max-image-preview:large","max-video-preview":"max-video-preview:-1"},"canonical":"https:\/\/www.vdhurk.nl\/de\/mercedes-9\/mercedes-22\/maschine\/","og_locale":"de_DE","og_type":"article","og_title":"Mercedes Citan automaat kopen?","og_description":"Op zoek naar een Mercedes Citan automaat? Bekijk ons aanbod en vind de bedrijfswagen die helemaal past bij jouw zakelijke behoeften.","og_url":"https:\/\/www.vdhurk.nl\/de\/mercedes-9\/mercedes-22\/maschine\/","og_site_name":"Van den Hurk Bedrijfswagens","twitter_card":"summary_large_image","twitter_misc":{"Gesch\u00e4tzte Lesezeit":"4\u00a0Minuten"},"schema":{"@context":"https:\/\/schema.org","@graph":[{"@type":"WebPage","@id":"https:\/\/www.vdhurk.nl\/mercedes-bedrijfswagens\/citan\/automaat\/","url":"https:\/\/www.vdhurk.nl\/mercedes-bedrijfswagens\/citan\/automaat\/","name":"Mercedes Citan Automatik kaufen?","isPartOf":{"@id":"https:\/\/www.vdhurk.nl\/#website"},"datePublished":"2025-02-06T16:10:19+00:00","description":"Sie suchen einen Mercedes Citan Automatik? Schauen Sie sich unser Angebot an und finden Sie das Nutzfahrzeug, das ganz auf Ihre gesch\u00e4ftlichen Anforderungen zugeschnitten ist.","breadcrumb":{"@id":"https:\/\/www.vdhurk.nl\/mercedes-bedrijfswagens\/citan\/automaat\/#breadcrumb"},"inLanguage":"de","potentialAction":[{"@type":"ReadAction","target":["https:\/\/www.vdhurk.nl\/mercedes-bedrijfswagens\/citan\/automaat\/"]}]},{"@type":"BreadcrumbList","@id":"https:\/\/www.vdhurk.nl\/mercedes-bedrijfswagens\/citan\/automaat\/#breadcrumb","itemListElement":[{"@type":"ListItem","position":1,"name":"Home","item":"https:\/\/www.vdhurk.nl\/home\/"},{"@type":"ListItem","position":2,"name":"Mercedes Bedrijfswagens","item":"https:\/\/www.vdhurk.nl\/mercedes-bedrijfswagens\/"},{"@type":"ListItem","position":3,"name":"Mercedes Citan","item":"https:\/\/www.vdhurk.nl\/mercedes-bedrijfswagens\/citan\/"},{"@type":"ListItem","position":4,"name":"Mercedes Citan Automaat"}]},{"@type":"WebSite","@id":"https:\/\/www.vdhurk.nl\/#website","url":"https:\/\/www.vdhurk.nl\/","name":"Van den Hurk Nutzfahrzeuge","description":"Van den Hurk Nutzfahrzeuge Helmond","potentialAction":[{"@type":"SearchAction","target":{"@type":"EntryPoint","urlTemplate":"https:\/\/www.vdhurk.nl\/?s={search_term_string}"},"query-input":{"@type":"PropertyValueSpecification","valueRequired":true,"valueName":"search_term_string"}}],"inLanguage":"de"}]}},"_links":{"self":[{"href":"https:\/\/www.vdhurk.nl\/de\/wp-json\/wp\/v2\/pages\/442871","targetHints":{"allow":["GET"]}}],"collection":[{"href":"https:\/\/www.vdhurk.nl\/de\/wp-json\/wp\/v2\/pages"}],"about":[{"href":"https:\/\/www.vdhurk.nl\/de\/wp-json\/wp\/v2\/types\/page"}],"author":[{"embeddable":true,"href":"https:\/\/www.vdhurk.nl\/de\/wp-json\/wp\/v2\/users\/3"}],"replies":[{"embeddable":true,"href":"https:\/\/www.vdhurk.nl\/de\/wp-json\/wp\/v2\/comments?post=442871"}],"version-history":[{"count":4,"href":"https:\/\/www.vdhurk.nl\/de\/wp-json\/wp\/v2\/pages\/442871\/revisions"}],"predecessor-version":[{"id":442875,"href":"https:\/\/www.vdhurk.nl\/de\/wp-json\/wp\/v2\/pages\/442871\/revisions\/442875"}],"up":[{"embeddable":true,"href":"https:\/\/www.vdhurk.nl\/de\/wp-json\/wp\/v2\/pages\/397532"}],"wp:attachment":[{"href":"https:\/\/www.vdhurk.nl\/de\/wp-json\/wp\/v2\/media?parent=442871"}],"curies":[{"name":"wp","href":"https:\/\/api.w.org\/{rel}","templated":true}]}}