{"id":442863,"date":"2025-02-06T16:29:35","date_gmt":"2025-02-06T15:29:35","guid":{"rendered":"https:\/\/www.vdhurk.nl\/?page_id=442863"},"modified":"2025-02-06T17:23:35","modified_gmt":"2025-02-06T16:23:35","slug":"maschine","status":"publish","type":"page","link":"https:\/\/www.vdhurk.nl\/de\/volkswagen-bedrijfswagens\/caddy\/automaat\/","title":{"rendered":"Volkswagen Caddy Automatik"},"content":{"rendered":"<section  class='av_textblock_section av-lu8gnh7d-4ac895489941e586c1d7c8cb72318135'  itemscope=\"itemscope\" itemtype=\"https:\/\/schema.org\/CreativeWork\" ><div class='avia_textblock'  itemprop=\"text\" ><h1>Entdecken Sie das Volkswagen Caddy Automatikgetriebe<\/h1>\n<p>Sie suchen ein Nutzfahrzeug, das Zuverl\u00e4ssigkeit und h\u00f6chsten Fahrkomfort vereint? Dann entscheiden Sie sich f\u00fcr den Volkswagen Caddy occasion mit Automatikgetriebe. Dieses Modell bietet den Komfort und die Qualit\u00e4t, f\u00fcr die Volkswagen bekannt ist. Entdecken Sie die Spezifikationen und sehen Sie, ob dieses Nutzfahrzeug perfekt zu Ihren gesch\u00e4ftlichen Anforderungen passt.<\/p>\n<\/div><\/section>\n\n<style type=\"text\/css\" data-created_by=\"avia_inline_auto\" id=\"style-css-av-lujjddpd-afa3d7a9eabd61123e643ed1228e781e\">\n#top .hr.hr-invisible.av-lujjddpd-afa3d7a9eabd61123e643ed1228e781e{\nheight:50px;\n}\n<\/style>\n<div  class='hr av-lujjddpd-afa3d7a9eabd61123e643ed1228e781e hr-invisible  avia-builder-el-1  el_after_av_textblock  el_before_av_codeblock'><span class='hr-inner'><span class=\"hr-inner-style\"><\/span><\/span><\/div>\n\n\n<style type=\"text\/css\" data-created_by=\"avia_inline_auto\" id=\"style-css-av-ah0xd-63338d9dc6b40410e22a712829c369d6\">\n#top .hr.hr-invisible.av-ah0xd-63338d9dc6b40410e22a712829c369d6{\nheight:50px;\n}\n<\/style>\n<div  class='hr av-ah0xd-63338d9dc6b40410e22a712829c369d6 hr-invisible  avia-builder-el-3  el_after_av_codeblock  el_before_av_textblock'><span class='hr-inner'><span class=\"hr-inner-style\"><\/span><\/span><\/div>\n<section  class='av_textblock_section av-lu8gow1e-300853e458ed741bd87d6cb78e55cc7a'  itemscope=\"itemscope\" itemtype=\"https:\/\/schema.org\/CreativeWork\" ><div class='avia_textblock'  itemprop=\"text\" ><h2>Warum den Volkswagen Caddy w\u00e4hlen?<\/h2>\n<p>Sie m\u00f6chten Zuverl\u00e4ssigkeit und Vielseitigkeit in einem Firmenwagen vereinen? Dann ist der Volkswagen Caddy automatic eine gute Wahl. Mit seinem ger\u00e4umigen Innenraum und dem gro\u00dfen Laderaum ist dieses Nutzfahrzeug ideal f\u00fcr eine Vielzahl von Anwendungen, wie z. B. den Transport von Werkzeugen, Waren oder anderen gesch\u00e4ftlichen Notwendigkeiten. Dar\u00fcber hinaus ist der Volkswagen Caddy f\u00fcr seine hochwertige Bauqualit\u00e4t und exzellente Verarbeitung bekannt. Egal, ob Sie eine flexible L\u00f6sung f\u00fcr den t\u00e4glichen Einsatz oder einen Firmenwagen f\u00fcr Ihr Unternehmen suchen, der Volkswagen Caddy gebraucht oder neu bietet Ihnen alles, was Sie brauchen.<\/p>\n<\/div><\/section>\n<div class='flex_column av-f64w1-da126f42b61613402309283c14245a25 av_one_half  avia-builder-el-5  el_after_av_textblock  el_before_av_one_third  first flex_column_div column-top-margin'   ><section  class='av_textblock_section av-lu8gpqre-73cc2c17e6a6497ba6e1b58af22bd9e8'  itemscope=\"itemscope\" itemtype=\"https:\/\/schema.org\/CreativeWork\" ><div class='avia_textblock'  itemprop=\"text\" ><h2>Die Vorteile eines Automatikgetriebes<\/h2>\n<p>Immer mehr Unternehmen steigen auf ein Nutzfahrzeug mit Automatikgetriebe um, und das aus gutem Grund. Denn ein Automatikgetriebe bietet viele Vorteile, die perfekt zu den t\u00e4glichen Bed\u00fcrfnissen von Unternehmern passen. Viele Fahrer empfinden ein Automatikgetriebe als komfortabler und einfacher zu bedienen, da das Schalten nicht mehr notwendig ist. Das ist vor allem im dichten Stadtverkehr oder bei Staus ein gro\u00dfer Vorteil. Mit einer Automatik k\u00f6nnen Sie sich voll und ganz auf die Stra\u00dfe konzentrieren, und es besteht nicht die Gefahr, dass der Motor abgew\u00fcrgt wird, wie es bei manuellen Fahrzeugen manchmal der Fall ist. Es gibt also viele Gr\u00fcnde, einen Automatikwagen zu w\u00e4hlen.<\/p>\n<\/div><\/section><\/div>\n<div class='flex_column av-aldk9-ee694297f5c4032981677a02caab84d6 av_one_third  avia-builder-el-7  el_after_av_one_half  el_before_av_hr  flex_column_div column-top-margin'   ><style type=\"text\/css\" data-created_by=\"avia_inline_auto\" id=\"style-css-av-l1w9kpsf-4ec3fab772ec7a9adaa33cfc64ff0475\">\n.avia-image-container.av-l1w9kpsf-4ec3fab772ec7a9adaa33cfc64ff0475 .av-image-caption-overlay-center{\ncolor:#ffffff;\n}\n<\/style>\n<div  class='avia-image-container av-l1w9kpsf-4ec3fab772ec7a9adaa33cfc64ff0475 av-styling- avia-align-center  avia-builder-el-8  avia-builder-el-no-sibling'  itemprop=\"image\" itemscope=\"itemscope\" itemtype=\"https:\/\/schema.org\/ImageObject\" ><div class=\"avia-image-container-inner\"><div class=\"avia-image-overlay-wrap\"><img decoding=\"async\" class='wp-image-187 avia-img-lazy-loading-not-187 avia_image' src=\"https:\/\/www.vdhurk.nl\/wp-content\/uploads\/2022\/03\/Voorrad.png\" alt='' title='Lagerbestand'  height=\"758\" width=\"1135\"  itemprop=\"thumbnailUrl\" srcset=\"https:\/\/www.vdhurk.nl\/wp-content\/uploads\/2022\/03\/Voorrad.png 1135w, https:\/\/www.vdhurk.nl\/wp-content\/uploads\/2022\/03\/Voorrad-300x200.png 300w, https:\/\/www.vdhurk.nl\/wp-content\/uploads\/2022\/03\/Voorrad-1030x688.png 1030w, https:\/\/www.vdhurk.nl\/wp-content\/uploads\/2022\/03\/Voorrad-768x513.png 768w, https:\/\/www.vdhurk.nl\/wp-content\/uploads\/2022\/03\/Voorrad-18x12.png 18w, https:\/\/www.vdhurk.nl\/wp-content\/uploads\/2022\/03\/Voorrad-705x471.png 705w\" sizes=\"(max-width: 1135px) 100vw, 1135px\" \/><\/div><\/div><\/div><\/div>\n\n<style type=\"text\/css\" data-created_by=\"avia_inline_auto\" id=\"style-css-av-luqrjpjc-5a23a1fb5f94718ca85316a9df963e2f\">\n#top .hr.hr-invisible.av-luqrjpjc-5a23a1fb5f94718ca85316a9df963e2f{\nheight:50px;\n}\n<\/style>\n<div  class='hr av-luqrjpjc-5a23a1fb5f94718ca85316a9df963e2f hr-invisible  avia-builder-el-9  el_after_av_one_third  el_before_av_textblock'><span class='hr-inner'><span class=\"hr-inner-style\"><\/span><\/span><\/div>\n<section  class='av_textblock_section av-lu8gtjw7-4f3cee9304909518d86d2860d9d582dd'  itemscope=\"itemscope\" itemtype=\"https:\/\/schema.org\/CreativeWork\" ><div class='avia_textblock'  itemprop=\"text\" ><h2>Einen Volkswagen Caddy kaufen oder leasen?<\/h2>\n<p>Bei uns k\u00f6nnen Sie w\u00e4hlen, ob Sie einen Firmenwagen kaufen oder leasen m\u00f6chten. Mit unserem <a href=\"https:\/\/www.vdhurk.nl\/de\/finanzierungsleasing\/\">Finanzierungsleasing<\/a> bieten wir eine ma\u00dfgeschneiderte L\u00f6sung f\u00fcr Gesch\u00e4ftsinhaber, die Komfort und finanzielle Sicherheit suchen. Entscheiden Sie sich f\u00fcr das Leasing eines Volkswagen Caddy? Dann zahlen Sie einen festen Betrag pro Monat und werden nach einiger Zeit Volleigent\u00fcmer Ihres Firmenwagens. Auf diese Weise kommen Sie sofort in den Genuss der Vorteile des Caddys, w\u00e4hrend Sie die Investition streuen. Das Ziel ist dasselbe, aber der Weg dorthin liegt bei Ihnen.<\/p>\n<h2>Entdecken Sie die M\u00f6glichkeiten<\/h2>\n<p>Sind Sie noch unsicher, ob Sie ein Automatikgetriebe w\u00e4hlen sollen? Oder m\u00f6chten Sie mehr Informationen, um die richtige Entscheidung zu treffen? Als Volkswagen Caddy H\u00e4ndler sind wir bereit, Ihnen zu helfen. Nehmen Sie Kontakt mit uns auf und erfahren Sie alles, was Sie \u00fcber den Volkswagen Caddy Automatik wissen m\u00f6chten. Sie wollen nichts mehr verpassen? Dann melden Sie sich f\u00fcr unser <a href=\"https:\/\/www.vdhurk.nl\/de\/aktienalarm\/\">Aktienalarm<\/a> und halten Sie sich \u00fcber unsere aktuellen Angebote auf dem Laufenden.<\/p>\n<\/div><\/section>","protected":false},"excerpt":{"rendered":"","protected":false},"author":3,"featured_media":0,"parent":393610,"menu_order":0,"comment_status":"closed","ping_status":"closed","template":"","meta":{"_acf_changed":false,"_improvement_type_select":"improve_an_existing","_thumb_yes_seoaic":false,"_frame_yes_seoaic":false,"seoaic_generate_description":"","seoaic_improve_instructions_prompt":"","seoaic_rollback_content_improvement":"","seoaic_idea_thumbnail_generator":"","thumbnail_generated":false,"thumbnail_generate_prompt":"","seoaic_article_description":"","footnotes":""},"class_list":["post-442863","page","type-page","status-publish","hentry"],"acf":[],"yoast_head":"<!-- This site is optimized with the Yoast SEO plugin v27.5 - https:\/\/yoast.com\/product\/yoast-seo-wordpress\/ -->\n<title>Kies je voor de Volkswagen Caddy automaat?<\/title>\n<meta name=\"description\" content=\"Niet langer schakelen? Kies voor de Volkswagen Caddy automaat en ervaar een betrouwbare en veelzijdige bedrijfswagen.\" \/>\n<meta name=\"robots\" content=\"index, follow, max-snippet:-1, max-image-preview:large, max-video-preview:-1\" \/>\n<link rel=\"canonical\" href=\"https:\/\/www.vdhurk.nl\/de\/mercedes-13\/mercedes-4\/maschine\/\" \/>\n<meta property=\"og:locale\" content=\"de_DE\" \/>\n<meta property=\"og:type\" content=\"article\" \/>\n<meta property=\"og:title\" content=\"Kies je voor de Volkswagen Caddy automaat?\" \/>\n<meta property=\"og:description\" content=\"Niet langer schakelen? Kies voor de Volkswagen Caddy automaat en ervaar een betrouwbare en veelzijdige bedrijfswagen.\" \/>\n<meta property=\"og:url\" content=\"https:\/\/www.vdhurk.nl\/de\/mercedes-13\/mercedes-4\/maschine\/\" \/>\n<meta property=\"og:site_name\" content=\"Van den Hurk Bedrijfswagens\" \/>\n<meta property=\"article:modified_time\" content=\"2025-02-06T16:23:35+00:00\" \/>\n<meta name=\"twitter:card\" content=\"summary_large_image\" \/>\n<meta name=\"twitter:label1\" content=\"Gesch\u00e4tzte Lesezeit\" \/>\n\t<meta name=\"twitter:data1\" content=\"4\u00a0Minuten\" \/>\n<script type=\"application\/ld+json\" class=\"yoast-schema-graph\">{\"@context\":\"https:\\\/\\\/schema.org\",\"@graph\":[{\"@type\":\"WebPage\",\"@id\":\"https:\\\/\\\/www.vdhurk.nl\\\/volkswagen-bedrijfswagens\\\/caddy\\\/automaat\\\/\",\"url\":\"https:\\\/\\\/www.vdhurk.nl\\\/volkswagen-bedrijfswagens\\\/caddy\\\/automaat\\\/\",\"name\":\"Kies je voor de Volkswagen Caddy automaat?\",\"isPartOf\":{\"@id\":\"https:\\\/\\\/www.vdhurk.nl\\\/#website\"},\"datePublished\":\"2025-02-06T15:29:35+00:00\",\"dateModified\":\"2025-02-06T16:23:35+00:00\",\"description\":\"Niet langer schakelen? Kies voor de Volkswagen Caddy automaat en ervaar een betrouwbare en veelzijdige bedrijfswagen.\",\"breadcrumb\":{\"@id\":\"https:\\\/\\\/www.vdhurk.nl\\\/volkswagen-bedrijfswagens\\\/caddy\\\/automaat\\\/#breadcrumb\"},\"inLanguage\":\"de\",\"potentialAction\":[{\"@type\":\"ReadAction\",\"target\":[\"https:\\\/\\\/www.vdhurk.nl\\\/volkswagen-bedrijfswagens\\\/caddy\\\/automaat\\\/\"]}]},{\"@type\":\"BreadcrumbList\",\"@id\":\"https:\\\/\\\/www.vdhurk.nl\\\/volkswagen-bedrijfswagens\\\/caddy\\\/automaat\\\/#breadcrumb\",\"itemListElement\":[{\"@type\":\"ListItem\",\"position\":1,\"name\":\"Home\",\"item\":\"https:\\\/\\\/www.vdhurk.nl\\\/home\\\/\"},{\"@type\":\"ListItem\",\"position\":2,\"name\":\"Volkswagen Bedrijfswagens\",\"item\":\"https:\\\/\\\/www.vdhurk.nl\\\/volkswagen-bedrijfswagens\\\/\"},{\"@type\":\"ListItem\",\"position\":3,\"name\":\"Volkswagen Caddy\",\"item\":\"https:\\\/\\\/www.vdhurk.nl\\\/volkswagen-bedrijfswagens\\\/caddy\\\/\"},{\"@type\":\"ListItem\",\"position\":4,\"name\":\"Volkswagen Caddy Automaat\"}]},{\"@type\":\"WebSite\",\"@id\":\"https:\\\/\\\/www.vdhurk.nl\\\/#website\",\"url\":\"https:\\\/\\\/www.vdhurk.nl\\\/\",\"name\":\"Van den Hurk Bedrijfswagens\",\"description\":\"Van den Hurk bedrijfswagens Helmond\",\"potentialAction\":[{\"@type\":\"SearchAction\",\"target\":{\"@type\":\"EntryPoint\",\"urlTemplate\":\"https:\\\/\\\/www.vdhurk.nl\\\/?s={search_term_string}\"},\"query-input\":{\"@type\":\"PropertyValueSpecification\",\"valueRequired\":true,\"valueName\":\"search_term_string\"}}],\"inLanguage\":\"de\"}]}<\/script>\n<!-- \/ Yoast SEO plugin. -->","yoast_head_json":{"title":"Entscheiden Sie sich f\u00fcr den Volkswagen Caddy Automatik?","description":"Keine Lust mehr zu schalten? Entscheiden Sie sich f\u00fcr den Volkswagen Caddy Automatik und erleben Sie ein zuverl\u00e4ssiges und vielseitiges Nutzfahrzeug.","robots":{"index":"index","follow":"follow","max-snippet":"max-snippet:-1","max-image-preview":"max-image-preview:large","max-video-preview":"max-video-preview:-1"},"canonical":"https:\/\/www.vdhurk.nl\/de\/mercedes-13\/mercedes-4\/maschine\/","og_locale":"de_DE","og_type":"article","og_title":"Kies je voor de Volkswagen Caddy automaat?","og_description":"Niet langer schakelen? Kies voor de Volkswagen Caddy automaat en ervaar een betrouwbare en veelzijdige bedrijfswagen.","og_url":"https:\/\/www.vdhurk.nl\/de\/mercedes-13\/mercedes-4\/maschine\/","og_site_name":"Van den Hurk Bedrijfswagens","article_modified_time":"2025-02-06T16:23:35+00:00","twitter_card":"summary_large_image","twitter_misc":{"Gesch\u00e4tzte Lesezeit":"4\u00a0Minuten"},"schema":{"@context":"https:\/\/schema.org","@graph":[{"@type":"WebPage","@id":"https:\/\/www.vdhurk.nl\/volkswagen-bedrijfswagens\/caddy\/automaat\/","url":"https:\/\/www.vdhurk.nl\/volkswagen-bedrijfswagens\/caddy\/automaat\/","name":"Entscheiden Sie sich f\u00fcr den Volkswagen Caddy Automatik?","isPartOf":{"@id":"https:\/\/www.vdhurk.nl\/#website"},"datePublished":"2025-02-06T15:29:35+00:00","dateModified":"2025-02-06T16:23:35+00:00","description":"Keine Lust mehr zu schalten? Entscheiden Sie sich f\u00fcr den Volkswagen Caddy Automatik und erleben Sie ein zuverl\u00e4ssiges und vielseitiges Nutzfahrzeug.","breadcrumb":{"@id":"https:\/\/www.vdhurk.nl\/volkswagen-bedrijfswagens\/caddy\/automaat\/#breadcrumb"},"inLanguage":"de","potentialAction":[{"@type":"ReadAction","target":["https:\/\/www.vdhurk.nl\/volkswagen-bedrijfswagens\/caddy\/automaat\/"]}]},{"@type":"BreadcrumbList","@id":"https:\/\/www.vdhurk.nl\/volkswagen-bedrijfswagens\/caddy\/automaat\/#breadcrumb","itemListElement":[{"@type":"ListItem","position":1,"name":"Home","item":"https:\/\/www.vdhurk.nl\/home\/"},{"@type":"ListItem","position":2,"name":"Volkswagen Bedrijfswagens","item":"https:\/\/www.vdhurk.nl\/volkswagen-bedrijfswagens\/"},{"@type":"ListItem","position":3,"name":"Volkswagen Caddy","item":"https:\/\/www.vdhurk.nl\/volkswagen-bedrijfswagens\/caddy\/"},{"@type":"ListItem","position":4,"name":"Volkswagen Caddy Automaat"}]},{"@type":"WebSite","@id":"https:\/\/www.vdhurk.nl\/#website","url":"https:\/\/www.vdhurk.nl\/","name":"Van den Hurk Nutzfahrzeuge","description":"Van den Hurk Nutzfahrzeuge Helmond","potentialAction":[{"@type":"SearchAction","target":{"@type":"EntryPoint","urlTemplate":"https:\/\/www.vdhurk.nl\/?s={search_term_string}"},"query-input":{"@type":"PropertyValueSpecification","valueRequired":true,"valueName":"search_term_string"}}],"inLanguage":"de"}]}},"_links":{"self":[{"href":"https:\/\/www.vdhurk.nl\/de\/wp-json\/wp\/v2\/pages\/442863","targetHints":{"allow":["GET"]}}],"collection":[{"href":"https:\/\/www.vdhurk.nl\/de\/wp-json\/wp\/v2\/pages"}],"about":[{"href":"https:\/\/www.vdhurk.nl\/de\/wp-json\/wp\/v2\/types\/page"}],"author":[{"embeddable":true,"href":"https:\/\/www.vdhurk.nl\/de\/wp-json\/wp\/v2\/users\/3"}],"replies":[{"embeddable":true,"href":"https:\/\/www.vdhurk.nl\/de\/wp-json\/wp\/v2\/comments?post=442863"}],"version-history":[{"count":5,"href":"https:\/\/www.vdhurk.nl\/de\/wp-json\/wp\/v2\/pages\/442863\/revisions"}],"predecessor-version":[{"id":442897,"href":"https:\/\/www.vdhurk.nl\/de\/wp-json\/wp\/v2\/pages\/442863\/revisions\/442897"}],"up":[{"embeddable":true,"href":"https:\/\/www.vdhurk.nl\/de\/wp-json\/wp\/v2\/pages\/393610"}],"wp:attachment":[{"href":"https:\/\/www.vdhurk.nl\/de\/wp-json\/wp\/v2\/media?parent=442863"}],"curies":[{"name":"wp","href":"https:\/\/api.w.org\/{rel}","templated":true}]}}