{"id":442858,"date":"2025-02-06T15:47:26","date_gmt":"2025-02-06T14:47:26","guid":{"rendered":"https:\/\/www.vdhurk.nl\/?page_id=442858"},"modified":"2025-02-06T17:22:38","modified_gmt":"2025-02-06T16:22:38","slug":"maschine","status":"publish","type":"page","link":"https:\/\/www.vdhurk.nl\/de\/volkswagen-bedrijfswagens\/crafter\/automaat\/","title":{"rendered":"Volkswagen Crafter Automatik"},"content":{"rendered":"<section  class='av_textblock_section av-lu8gnh7d-4ac895489941e586c1d7c8cb72318135'  itemscope=\"itemscope\" itemtype=\"https:\/\/schema.org\/CreativeWork\" ><div class='avia_textblock'  itemprop=\"text\" ><h1>Entdecken Sie das Volkswagen Crafter Automatikgetriebe<\/h1>\n<p>Ziehen Sie einen Volkswagen Crafter Automatik in Betracht? Eine ausgezeichnete Wahl! Dieses Nutzfahrzeug verbindet Spitzenqualit\u00e4t mit einem wettbewerbsf\u00e4higen Preis. Er eignet sich f\u00fcr kleine und gro\u00dfe Unternehmen und bietet alles, was Sie f\u00fcr Ihre Gesch\u00e4ftsziele brauchen. Erkunden Sie das Angebot und sehen Sie, ob dieses Modell zu Ihnen passt.<\/p>\n<\/div><\/section>\n\n<style type=\"text\/css\" data-created_by=\"avia_inline_auto\" id=\"style-css-av-lujjddpd-afa3d7a9eabd61123e643ed1228e781e\">\n#top .hr.hr-invisible.av-lujjddpd-afa3d7a9eabd61123e643ed1228e781e{\nheight:50px;\n}\n<\/style>\n<div  class='hr av-lujjddpd-afa3d7a9eabd61123e643ed1228e781e hr-invisible  avia-builder-el-1  el_after_av_textblock  el_before_av_codeblock'><span class='hr-inner'><span class=\"hr-inner-style\"><\/span><\/span><\/div>\n\n\n<style type=\"text\/css\" data-created_by=\"avia_inline_auto\" id=\"style-css-av-5os5nsu-fdb3cafc4aea70f22b364d176f4b3a1b\">\n#top .hr.hr-invisible.av-5os5nsu-fdb3cafc4aea70f22b364d176f4b3a1b{\nheight:50px;\n}\n<\/style>\n<div  class='hr av-5os5nsu-fdb3cafc4aea70f22b364d176f4b3a1b hr-invisible  avia-builder-el-3  el_after_av_codeblock  el_before_av_textblock'><span class='hr-inner'><span class=\"hr-inner-style\"><\/span><\/span><\/div>\n<section  class='av_textblock_section av-lu8gow1e-300853e458ed741bd87d6cb78e55cc7a'  itemscope=\"itemscope\" itemtype=\"https:\/\/schema.org\/CreativeWork\" ><div class='avia_textblock'  itemprop=\"text\" ><h2>Warum eine Automatik w\u00e4hlen?<\/h2>\n<p>Immer mehr Unternehmen entscheiden sich bewusst f\u00fcr Fahrzeuge mit einem Automatikgetriebe, und das aus gutem Grund. Denn ein Automatikgetriebe bietet h\u00f6chsten Fahrkomfort, da man nicht mehr manuell schalten oder kuppeln muss. Das macht das Fahren im dichten Verkehr sehr viel angenehmer. Au\u00dferdem erh\u00f6ht ein Automatikgetriebe die Sicherheit, da man sich voll und ganz auf die Stra\u00dfe konzentrieren kann, ohne durch Schaltvorg\u00e4nge abgelenkt zu werden.<\/p>\n<h2>Vorteile des Volkswagen Crafter<\/h2>\n<p>Der Volkswagen Crafter vereint Vielseitigkeit, Komfort und Zuverl\u00e4ssigkeit in einem Nutzfahrzeug. Mit seinem gro\u00dfz\u00fcgigen Laderaum in verschiedenen Gr\u00f6\u00dfen bietet dieses Modell viele M\u00f6glichkeiten, gro\u00dfe Mengen an G\u00fctern zu transportieren. Dank einer Vielzahl von Varianten ist der Crafter perfekt auf verschiedene Branchen wie Transport, Bau und Dienstleistungen zugeschnitten. Die moderne Sicherheitsausstattung bietet zus\u00e4tzlichen Schutz f\u00fcr Fahrer und Passagiere, und die f\u00fcr lange Fahrten ausgelegte Kabine bietet maximalen Komfort. Mit all diesen Eigenschaften ist der Volkswagen Crafter die ideale Wahl f\u00fcr Unternehmen, die ein effizientes, zuverl\u00e4ssiges und vielseitiges Nutzfahrzeug ben\u00f6tigen.<\/p>\n<\/div><\/section>\n<div class='flex_column av-f64w1-da126f42b61613402309283c14245a25 av_one_half  avia-builder-el-5  el_after_av_textblock  el_before_av_one_third  first flex_column_div column-top-margin'   ><section  class='av_textblock_section av-lu8gpqre-73cc2c17e6a6497ba6e1b58af22bd9e8'  itemscope=\"itemscope\" itemtype=\"https:\/\/schema.org\/CreativeWork\" ><div class='avia_textblock'  itemprop=\"text\" ><h2>Volkswagen Crafter kaufen oder leasen?<\/h2>\n<p>Der Kauf eines Volkswagen Crafter beginnt mit der Bestimmung Ihrer Bed\u00fcrfnisse. Ben\u00f6tigen Sie einen gro\u00dfen Laderaum f\u00fcr sperrige G\u00fcter, oder reicht eine kompaktere Version aus? Die Wahl der richtigen Konfiguration, die auf Ihre Gesch\u00e4ftsaktivit\u00e4ten zugeschnitten ist, ist von gro\u00dfer Bedeutung.M\u00f6chten Sie sofort Eigent\u00fcmer werden? Dann ist der Kauf eines Volkswagen Crafter aus zweiter Hand oder neu eine gute Option. Auf der anderen Seite, <a href=\"https:\/\/www.vdhurk.nl\/de\/finanzierungsleasing\/\">Finanzierungsleasing<\/a> eine flexible L\u00f6sung: Sie zahlen monatliche Raten und werden am Ende des Leasingzeitraums Eigent\u00fcmer des Fahrzeugs. Leasen oder kaufen Sie einen Volkswagen Crafter: Wir beraten Sie gerne und finden die beste Option f\u00fcr Ihre Situation.<\/p>\n<\/div><\/section><\/div>\n<div class='flex_column av-aldk9-ee694297f5c4032981677a02caab84d6 av_one_third  avia-builder-el-7  el_after_av_one_half  el_before_av_hr  flex_column_div column-top-margin'   ><style type=\"text\/css\" data-created_by=\"avia_inline_auto\" id=\"style-css-av-l1w9kpsf-4ec3fab772ec7a9adaa33cfc64ff0475\">\n.avia-image-container.av-l1w9kpsf-4ec3fab772ec7a9adaa33cfc64ff0475 .av-image-caption-overlay-center{\ncolor:#ffffff;\n}\n<\/style>\n<div  class='avia-image-container av-l1w9kpsf-4ec3fab772ec7a9adaa33cfc64ff0475 av-styling- avia-align-center  avia-builder-el-8  avia-builder-el-no-sibling'  itemprop=\"image\" itemscope=\"itemscope\" itemtype=\"https:\/\/schema.org\/ImageObject\" ><div class=\"avia-image-container-inner\"><div class=\"avia-image-overlay-wrap\"><img decoding=\"async\" class='wp-image-187 avia-img-lazy-loading-not-187 avia_image' src=\"https:\/\/www.vdhurk.nl\/wp-content\/uploads\/2022\/03\/Voorrad.png\" alt='' title='Lagerbestand'  height=\"758\" width=\"1135\"  itemprop=\"thumbnailUrl\" srcset=\"https:\/\/www.vdhurk.nl\/wp-content\/uploads\/2022\/03\/Voorrad.png 1135w, https:\/\/www.vdhurk.nl\/wp-content\/uploads\/2022\/03\/Voorrad-300x200.png 300w, https:\/\/www.vdhurk.nl\/wp-content\/uploads\/2022\/03\/Voorrad-1030x688.png 1030w, https:\/\/www.vdhurk.nl\/wp-content\/uploads\/2022\/03\/Voorrad-768x513.png 768w, https:\/\/www.vdhurk.nl\/wp-content\/uploads\/2022\/03\/Voorrad-18x12.png 18w, https:\/\/www.vdhurk.nl\/wp-content\/uploads\/2022\/03\/Voorrad-705x471.png 705w\" sizes=\"(max-width: 1135px) 100vw, 1135px\" \/><\/div><\/div><\/div><\/div>\n\n<style type=\"text\/css\" data-created_by=\"avia_inline_auto\" id=\"style-css-av-luqrjpjc-5a23a1fb5f94718ca85316a9df963e2f\">\n#top .hr.hr-invisible.av-luqrjpjc-5a23a1fb5f94718ca85316a9df963e2f{\nheight:50px;\n}\n<\/style>\n<div  class='hr av-luqrjpjc-5a23a1fb5f94718ca85316a9df963e2f hr-invisible  avia-builder-el-9  el_after_av_one_third  el_before_av_textblock'><span class='hr-inner'><span class=\"hr-inner-style\"><\/span><\/span><\/div>\n<section  class='av_textblock_section av-lu8gtjw7-4f3cee9304909518d86d2860d9d582dd'  itemscope=\"itemscope\" itemtype=\"https:\/\/schema.org\/CreativeWork\" ><div class='avia_textblock'  itemprop=\"text\" ><h2>Entdecken Sie das Angebot<\/h2>\n<p>Mit seiner Vielseitigkeit, Zuverl\u00e4ssigkeit und umfassenden Sicherheitsausstattung ist der Volkswagen Crafter automatic die ideale Wahl f\u00fcr Unternehmen, die ein neues Nutzfahrzeug suchen. Entdecken Sie die verschiedenen Optionen und finden Sie einen Crafter, der ganz auf Ihre gesch\u00e4ftlichen Anforderungen zugeschnitten ist.<\/p>\n<\/div><\/section>","protected":false},"excerpt":{"rendered":"","protected":false},"author":3,"featured_media":0,"parent":397527,"menu_order":0,"comment_status":"closed","ping_status":"closed","template":"","meta":{"_acf_changed":false,"_improvement_type_select":"improve_an_existing","_thumb_yes_seoaic":false,"_frame_yes_seoaic":false,"seoaic_generate_description":"","seoaic_improve_instructions_prompt":"","seoaic_rollback_content_improvement":"","seoaic_idea_thumbnail_generator":"","thumbnail_generated":false,"thumbnail_generate_prompt":"","seoaic_article_description":"","footnotes":""},"class_list":["post-442858","page","type-page","status-publish","hentry"],"acf":[],"yoast_head":"<!-- This site is optimized with the Yoast SEO plugin v27.5 - https:\/\/yoast.com\/product\/yoast-seo-wordpress\/ -->\n<title>Op zoek naar een Volkswagen Crafter automaat?<\/title>\n<meta name=\"description\" content=\"De Volkswagen Crafter automaat: krachtig, ruim en veelzijdig. Ontdek het aanbod en bekijk de mogelijkheden.\" \/>\n<meta name=\"robots\" content=\"index, follow, max-snippet:-1, max-image-preview:large, max-video-preview:-1\" \/>\n<link rel=\"canonical\" href=\"https:\/\/www.vdhurk.nl\/de\/mercedes-13\/mercedes-16\/maschine\/\" \/>\n<meta property=\"og:locale\" content=\"de_DE\" \/>\n<meta property=\"og:type\" content=\"article\" \/>\n<meta property=\"og:title\" content=\"Op zoek naar een Volkswagen Crafter automaat?\" \/>\n<meta property=\"og:description\" content=\"De Volkswagen Crafter automaat: krachtig, ruim en veelzijdig. Ontdek het aanbod en bekijk de mogelijkheden.\" \/>\n<meta property=\"og:url\" content=\"https:\/\/www.vdhurk.nl\/de\/mercedes-13\/mercedes-16\/maschine\/\" \/>\n<meta property=\"og:site_name\" content=\"Van den Hurk Bedrijfswagens\" \/>\n<meta property=\"article:modified_time\" content=\"2025-02-06T16:22:38+00:00\" \/>\n<meta name=\"twitter:card\" content=\"summary_large_image\" \/>\n<meta name=\"twitter:label1\" content=\"Gesch\u00e4tzte Lesezeit\" \/>\n\t<meta name=\"twitter:data1\" content=\"4\u00a0Minuten\" \/>\n<script type=\"application\/ld+json\" class=\"yoast-schema-graph\">{\"@context\":\"https:\\\/\\\/schema.org\",\"@graph\":[{\"@type\":\"WebPage\",\"@id\":\"https:\\\/\\\/www.vdhurk.nl\\\/volkswagen-bedrijfswagens\\\/crafter\\\/automaat\\\/\",\"url\":\"https:\\\/\\\/www.vdhurk.nl\\\/volkswagen-bedrijfswagens\\\/crafter\\\/automaat\\\/\",\"name\":\"Op zoek naar een Volkswagen Crafter automaat?\",\"isPartOf\":{\"@id\":\"https:\\\/\\\/www.vdhurk.nl\\\/#website\"},\"datePublished\":\"2025-02-06T14:47:26+00:00\",\"dateModified\":\"2025-02-06T16:22:38+00:00\",\"description\":\"De Volkswagen Crafter automaat: krachtig, ruim en veelzijdig. Ontdek het aanbod en bekijk de mogelijkheden.\",\"breadcrumb\":{\"@id\":\"https:\\\/\\\/www.vdhurk.nl\\\/volkswagen-bedrijfswagens\\\/crafter\\\/automaat\\\/#breadcrumb\"},\"inLanguage\":\"de\",\"potentialAction\":[{\"@type\":\"ReadAction\",\"target\":[\"https:\\\/\\\/www.vdhurk.nl\\\/volkswagen-bedrijfswagens\\\/crafter\\\/automaat\\\/\"]}]},{\"@type\":\"BreadcrumbList\",\"@id\":\"https:\\\/\\\/www.vdhurk.nl\\\/volkswagen-bedrijfswagens\\\/crafter\\\/automaat\\\/#breadcrumb\",\"itemListElement\":[{\"@type\":\"ListItem\",\"position\":1,\"name\":\"Home\",\"item\":\"https:\\\/\\\/www.vdhurk.nl\\\/home\\\/\"},{\"@type\":\"ListItem\",\"position\":2,\"name\":\"Volkswagen Bedrijfswagens\",\"item\":\"https:\\\/\\\/www.vdhurk.nl\\\/volkswagen-bedrijfswagens\\\/\"},{\"@type\":\"ListItem\",\"position\":3,\"name\":\"Volkswagen Crafter\",\"item\":\"https:\\\/\\\/www.vdhurk.nl\\\/volkswagen-bedrijfswagens\\\/crafter\\\/\"},{\"@type\":\"ListItem\",\"position\":4,\"name\":\"Volkswagen Crafter Automaat\"}]},{\"@type\":\"WebSite\",\"@id\":\"https:\\\/\\\/www.vdhurk.nl\\\/#website\",\"url\":\"https:\\\/\\\/www.vdhurk.nl\\\/\",\"name\":\"Van den Hurk Bedrijfswagens\",\"description\":\"Van den Hurk bedrijfswagens Helmond\",\"potentialAction\":[{\"@type\":\"SearchAction\",\"target\":{\"@type\":\"EntryPoint\",\"urlTemplate\":\"https:\\\/\\\/www.vdhurk.nl\\\/?s={search_term_string}\"},\"query-input\":{\"@type\":\"PropertyValueSpecification\",\"valueRequired\":true,\"valueName\":\"search_term_string\"}}],\"inLanguage\":\"de\"}]}<\/script>\n<!-- \/ Yoast SEO plugin. -->","yoast_head_json":{"title":"Sie suchen ein Volkswagen Crafter Automatikgetriebe?","description":"Der Volkswagen Crafter automatic: leistungsstark, ger\u00e4umig und vielseitig. Entdecken Sie das Angebot und die Optionen.","robots":{"index":"index","follow":"follow","max-snippet":"max-snippet:-1","max-image-preview":"max-image-preview:large","max-video-preview":"max-video-preview:-1"},"canonical":"https:\/\/www.vdhurk.nl\/de\/mercedes-13\/mercedes-16\/maschine\/","og_locale":"de_DE","og_type":"article","og_title":"Op zoek naar een Volkswagen Crafter automaat?","og_description":"De Volkswagen Crafter automaat: krachtig, ruim en veelzijdig. Ontdek het aanbod en bekijk de mogelijkheden.","og_url":"https:\/\/www.vdhurk.nl\/de\/mercedes-13\/mercedes-16\/maschine\/","og_site_name":"Van den Hurk Bedrijfswagens","article_modified_time":"2025-02-06T16:22:38+00:00","twitter_card":"summary_large_image","twitter_misc":{"Gesch\u00e4tzte Lesezeit":"4\u00a0Minuten"},"schema":{"@context":"https:\/\/schema.org","@graph":[{"@type":"WebPage","@id":"https:\/\/www.vdhurk.nl\/volkswagen-bedrijfswagens\/crafter\/automaat\/","url":"https:\/\/www.vdhurk.nl\/volkswagen-bedrijfswagens\/crafter\/automaat\/","name":"Sie suchen ein Volkswagen Crafter Automatikgetriebe?","isPartOf":{"@id":"https:\/\/www.vdhurk.nl\/#website"},"datePublished":"2025-02-06T14:47:26+00:00","dateModified":"2025-02-06T16:22:38+00:00","description":"Der Volkswagen Crafter automatic: leistungsstark, ger\u00e4umig und vielseitig. Entdecken Sie das Angebot und die Optionen.","breadcrumb":{"@id":"https:\/\/www.vdhurk.nl\/volkswagen-bedrijfswagens\/crafter\/automaat\/#breadcrumb"},"inLanguage":"de","potentialAction":[{"@type":"ReadAction","target":["https:\/\/www.vdhurk.nl\/volkswagen-bedrijfswagens\/crafter\/automaat\/"]}]},{"@type":"BreadcrumbList","@id":"https:\/\/www.vdhurk.nl\/volkswagen-bedrijfswagens\/crafter\/automaat\/#breadcrumb","itemListElement":[{"@type":"ListItem","position":1,"name":"Home","item":"https:\/\/www.vdhurk.nl\/home\/"},{"@type":"ListItem","position":2,"name":"Volkswagen Bedrijfswagens","item":"https:\/\/www.vdhurk.nl\/volkswagen-bedrijfswagens\/"},{"@type":"ListItem","position":3,"name":"Volkswagen Crafter","item":"https:\/\/www.vdhurk.nl\/volkswagen-bedrijfswagens\/crafter\/"},{"@type":"ListItem","position":4,"name":"Volkswagen Crafter Automaat"}]},{"@type":"WebSite","@id":"https:\/\/www.vdhurk.nl\/#website","url":"https:\/\/www.vdhurk.nl\/","name":"Van den Hurk Nutzfahrzeuge","description":"Van den Hurk Nutzfahrzeuge Helmond","potentialAction":[{"@type":"SearchAction","target":{"@type":"EntryPoint","urlTemplate":"https:\/\/www.vdhurk.nl\/?s={search_term_string}"},"query-input":{"@type":"PropertyValueSpecification","valueRequired":true,"valueName":"search_term_string"}}],"inLanguage":"de"}]}},"_links":{"self":[{"href":"https:\/\/www.vdhurk.nl\/de\/wp-json\/wp\/v2\/pages\/442858","targetHints":{"allow":["GET"]}}],"collection":[{"href":"https:\/\/www.vdhurk.nl\/de\/wp-json\/wp\/v2\/pages"}],"about":[{"href":"https:\/\/www.vdhurk.nl\/de\/wp-json\/wp\/v2\/types\/page"}],"author":[{"embeddable":true,"href":"https:\/\/www.vdhurk.nl\/de\/wp-json\/wp\/v2\/users\/3"}],"replies":[{"embeddable":true,"href":"https:\/\/www.vdhurk.nl\/de\/wp-json\/wp\/v2\/comments?post=442858"}],"version-history":[{"count":6,"href":"https:\/\/www.vdhurk.nl\/de\/wp-json\/wp\/v2\/pages\/442858\/revisions"}],"predecessor-version":[{"id":442894,"href":"https:\/\/www.vdhurk.nl\/de\/wp-json\/wp\/v2\/pages\/442858\/revisions\/442894"}],"up":[{"embeddable":true,"href":"https:\/\/www.vdhurk.nl\/de\/wp-json\/wp\/v2\/pages\/397527"}],"wp:attachment":[{"href":"https:\/\/www.vdhurk.nl\/de\/wp-json\/wp\/v2\/media?parent=442858"}],"curies":[{"name":"wp","href":"https:\/\/api.w.org\/{rel}","templated":true}]}}