{"id":442814,"date":"2025-02-06T13:51:05","date_gmt":"2025-02-06T12:51:05","guid":{"rendered":"https:\/\/www.vdhurk.nl\/?page_id=442814"},"modified":"2025-02-06T17:20:26","modified_gmt":"2025-02-06T16:20:26","slug":"maschine","status":"publish","type":"page","link":"https:\/\/www.vdhurk.nl\/de\/peugeot-bedrijfswagens\/expert\/automaat\/","title":{"rendered":"Peugeot Expert Automatik"},"content":{"rendered":"<section  class='av_textblock_section av-lu8gnh7d-4ac895489941e586c1d7c8cb72318135'  itemscope=\"itemscope\" itemtype=\"https:\/\/schema.org\/CreativeWork\" ><div class='avia_textblock'  itemprop=\"text\" ><h1>Einen Peugeot Expert mit Automatikgetriebe kaufen?<\/h1>\n<p>Sie suchen ein neues Nutzfahrzeug, das Komfort und Bequemlichkeit vereint? Mit dem Peugeot Expert Automatik m\u00fcssen Sie nie wieder den Gang wechseln. Dieser praktische und vielseitige Transporter ist in verschiedenen Versionen erh\u00e4ltlich, so dass es immer ein Modell gibt, das perfekt zu Ihren gesch\u00e4ftlichen Anforderungen und Ihrem Budget passt. Sehen Sie sich alle Spezifikationen an und entdecken Sie die M\u00f6glichkeiten.<\/p>\n<\/div><\/section>\n\n<style type=\"text\/css\" data-created_by=\"avia_inline_auto\" id=\"style-css-av-lujjddpd-afa3d7a9eabd61123e643ed1228e781e\">\n#top .hr.hr-invisible.av-lujjddpd-afa3d7a9eabd61123e643ed1228e781e{\nheight:50px;\n}\n<\/style>\n<div  class='hr av-lujjddpd-afa3d7a9eabd61123e643ed1228e781e hr-invisible  avia-builder-el-1  el_after_av_textblock  el_before_av_codeblock'><span class='hr-inner'><span class=\"hr-inner-style\"><\/span><\/span><\/div>\n\n\n<style type=\"text\/css\" data-created_by=\"avia_inline_auto\" id=\"style-css-av-ah0xd-63338d9dc6b40410e22a712829c369d6\">\n#top .hr.hr-invisible.av-ah0xd-63338d9dc6b40410e22a712829c369d6{\nheight:50px;\n}\n<\/style>\n<div  class='hr av-ah0xd-63338d9dc6b40410e22a712829c369d6 hr-invisible  avia-builder-el-3  el_after_av_codeblock  el_before_av_textblock'><span class='hr-inner'><span class=\"hr-inner-style\"><\/span><\/span><\/div>\n<section  class='av_textblock_section av-lu8gow1e-300853e458ed741bd87d6cb78e55cc7a'  itemscope=\"itemscope\" itemtype=\"https:\/\/schema.org\/CreativeWork\" ><div class='avia_textblock'  itemprop=\"text\" ><h2>Die Vorteile eines Automatikgetriebes<\/h2>\n<p>Als Unternehmer wollen Sie nicht nur einen zuverl\u00e4ssigen Firmenwagen, sondern auch ein Modell, das den Fahrkomfort erh\u00f6ht. Eine Automatik bietet diesen zus\u00e4tzlichen Komfort und hat mehrere Vorteile gegen\u00fcber den manuellen Versionen. Dank des Automatikgetriebes m\u00fcssen Sie sich nur auf das Fahren konzentrieren, was vor allem bei langen Fahrten f\u00fcr zus\u00e4tzlichen Komfort sorgt. Sie brauchen sich nicht um das Schalten zu k\u00fcmmern, was das Risiko von Motorproblemen verringert. Es gibt also viele Gr\u00fcnde, sich f\u00fcr ein Automatikgetriebe zu entscheiden!<\/p>\n<\/div><\/section>\n<div class='flex_column av-f64w1-da126f42b61613402309283c14245a25 av_one_half  avia-builder-el-5  el_after_av_textblock  el_before_av_one_third  first flex_column_div column-top-margin'   ><section  class='av_textblock_section av-lu8gpqre-73cc2c17e6a6497ba6e1b58af22bd9e8'  itemscope=\"itemscope\" itemtype=\"https:\/\/schema.org\/CreativeWork\" ><div class='avia_textblock'  itemprop=\"text\" ><h2>Warum einen Peugeot Expert kaufen?<\/h2>\n<p>Der Peugeot Expert ist eine vielseitige und zuverl\u00e4ssige Wahl f\u00fcr Unternehmer, die ein Nutzfahrzeug suchen, das sowohl praktisch als auch zuverl\u00e4ssig ist. Mit einer gro\u00dfz\u00fcgigen Ladekapazit\u00e4t bieten die Peugeot Expert Modelle genug Platz, um alles zu transportieren, was Sie brauchen. Vom Werkzeug bis hin zu gr\u00f6\u00dferen Lasten sind Sie mit diesem Nutzfahrzeug immer gut ger\u00fcstet unterwegs. Der hohe Fahrkomfort macht lange Fahrten m\u00fchelos, ideal f\u00fcr alle, die viel unterwegs sind. Dar\u00fcber hinaus sorgen die sparsamen Dieselmotoren f\u00fcr einen niedrigen Kraftstoffverbrauch und helfen Ihnen, Kosten zu sparen. Dank seiner kompakten Bauweise und seiner hervorragenden Wendigkeit eignet sich der Peugeot Expert auch perfekt f\u00fcr den Einsatz in der Stadt, w\u00e4hrend er sich gleichzeitig auf der Autobahn bestens bew\u00e4hrt. So vereint der Peugeot Expert Flexibilit\u00e4t, Effizienz und Komfort in einem Nutzfahrzeug.<\/p>\n<\/div><\/section><\/div>\n<div class='flex_column av-aldk9-ee694297f5c4032981677a02caab84d6 av_one_third  avia-builder-el-7  el_after_av_one_half  el_before_av_hr  flex_column_div column-top-margin'   ><style type=\"text\/css\" data-created_by=\"avia_inline_auto\" id=\"style-css-av-l1w9kpsf-4ec3fab772ec7a9adaa33cfc64ff0475\">\n.avia-image-container.av-l1w9kpsf-4ec3fab772ec7a9adaa33cfc64ff0475 .av-image-caption-overlay-center{\ncolor:#ffffff;\n}\n<\/style>\n<div  class='avia-image-container av-l1w9kpsf-4ec3fab772ec7a9adaa33cfc64ff0475 av-styling- avia-align-center  avia-builder-el-8  avia-builder-el-no-sibling'  itemprop=\"image\" itemscope=\"itemscope\" itemtype=\"https:\/\/schema.org\/ImageObject\" ><div class=\"avia-image-container-inner\"><div class=\"avia-image-overlay-wrap\"><img decoding=\"async\" class='wp-image-187 avia-img-lazy-loading-not-187 avia_image' src=\"https:\/\/www.vdhurk.nl\/wp-content\/uploads\/2022\/03\/Voorrad.png\" alt='' title='Lagerbestand'  height=\"758\" width=\"1135\"  itemprop=\"thumbnailUrl\" srcset=\"https:\/\/www.vdhurk.nl\/wp-content\/uploads\/2022\/03\/Voorrad.png 1135w, https:\/\/www.vdhurk.nl\/wp-content\/uploads\/2022\/03\/Voorrad-300x200.png 300w, https:\/\/www.vdhurk.nl\/wp-content\/uploads\/2022\/03\/Voorrad-1030x688.png 1030w, https:\/\/www.vdhurk.nl\/wp-content\/uploads\/2022\/03\/Voorrad-768x513.png 768w, https:\/\/www.vdhurk.nl\/wp-content\/uploads\/2022\/03\/Voorrad-18x12.png 18w, https:\/\/www.vdhurk.nl\/wp-content\/uploads\/2022\/03\/Voorrad-705x471.png 705w\" sizes=\"(max-width: 1135px) 100vw, 1135px\" \/><\/div><\/div><\/div><\/div>\n\n<style type=\"text\/css\" data-created_by=\"avia_inline_auto\" id=\"style-css-av-luqrjpjc-5a23a1fb5f94718ca85316a9df963e2f\">\n#top .hr.hr-invisible.av-luqrjpjc-5a23a1fb5f94718ca85316a9df963e2f{\nheight:50px;\n}\n<\/style>\n<div  class='hr av-luqrjpjc-5a23a1fb5f94718ca85316a9df963e2f hr-invisible  avia-builder-el-9  el_after_av_one_third  el_before_av_textblock'><span class='hr-inner'><span class=\"hr-inner-style\"><\/span><\/span><\/div>\n<section  class='av_textblock_section av-lu8gtjw7-4f3cee9304909518d86d2860d9d582dd'  itemscope=\"itemscope\" itemtype=\"https:\/\/schema.org\/CreativeWork\" ><div class='avia_textblock'  itemprop=\"text\" ><h2>An welche Preise sollten Sie denken?<\/h2>\n<p>Die Preise f\u00fcr unsere Peugeot Expert Modelle variieren. Das liegt an den unterschiedlichen Wahlm\u00f6glichkeiten. Entscheiden Sie sich f\u00fcr eine Basisversion oder f\u00fcr eine Variante mit zus\u00e4tzlicher Ausstattung? Der Preis wird durch Ihre W\u00fcnsche und Bed\u00fcrfnisse bestimmt. Wie auch immer Ihre Bed\u00fcrfnisse aussehen, Sie werden immer ein Modell finden, das zu Ihrem Budget passt.<\/p>\n<h2>Kauf oder Leasing eines Peugeot Expert: Was ist die beste Wahl f\u00fcr Sie?<\/h2>\n<p>Bei Van den Hurk bieten wir verschiedene Finanzierungsm\u00f6glichkeiten f\u00fcr Ihr Nutzfahrzeug an. So w\u00e4hlen Sie immer die beste Option f\u00fcr Ihre spezifische Situation. Sie k\u00f6nnen w\u00e4hlen, ob Sie das Fahrzeug auf einmal bezahlen oder die Kosten verteilen mit <a href=\"https:\/\/www.vdhurk.nl\/de\/finanzierungsleasing\/\">Finanzierungsleasing<\/a>. Beim Leasing eines Peugeot Expert zahlen Sie einen festen monatlichen Betrag. Diese Option ist speziell f\u00fcr Personen gedacht, die Flexibilit\u00e4t w\u00fcnschen. In beiden F\u00e4llen werden Sie Eigent\u00fcmer des Fahrzeugs: Beim Finanzierungsleasing sind Sie es, sobald der Vertrag abgeschlossen ist, w\u00e4hrend Sie bei der Direktzahlung die Schl\u00fcssel erhalten und sofort Eigent\u00fcmer werden.<\/p>\n<h2>Finden Sie Ihr ideales Nutzfahrzeug<\/h2>\n<p>Sie m\u00f6chten einen Peugeot Expert Automatik kaufen? Egal, ob Sie sich f\u00fcr einen gebrauchten oder neuen Peugeot Expert entscheiden, Sie profitieren immer von guter Qualit\u00e4t. Schauen Sie sich die <a href=\"https:\/\/www.vdhurk.nl\/de\/nutzfahrzeuge\/\">aktuelles Angebot<\/a> f\u00fcr die M\u00f6glichkeiten. Sie sind noch nicht ganz am Ziel und m\u00f6chten sich von unseren Mitarbeitern beraten lassen? Das ist kein Problem. Unsere Mitarbeiter helfen Ihnen gerne, die beste Wahl zu treffen.<\/p>\n<\/div><\/section>","protected":false},"excerpt":{"rendered":"","protected":false},"author":3,"featured_media":0,"parent":405921,"menu_order":0,"comment_status":"closed","ping_status":"closed","template":"","meta":{"_acf_changed":false,"_improvement_type_select":"improve_an_existing","_thumb_yes_seoaic":false,"_frame_yes_seoaic":false,"seoaic_generate_description":"","seoaic_improve_instructions_prompt":"","seoaic_rollback_content_improvement":"","seoaic_idea_thumbnail_generator":"","thumbnail_generated":false,"thumbnail_generate_prompt":"","seoaic_article_description":"","footnotes":""},"class_list":["post-442814","page","type-page","status-publish","hentry"],"acf":[],"yoast_head":"<!-- This site is optimized with the Yoast SEO plugin v27.5 - https:\/\/yoast.com\/product\/yoast-seo-wordpress\/ -->\n<title>Peugeot Expert automaat kopen? Bekijk de mogelijkheden!<\/title>\n<meta name=\"description\" content=\"Zoek je een Peugeot Expert automaat? Ontdek het aanbod en vind jouw ideale bedrijfswagen bij Van den Hurk.\" \/>\n<meta name=\"robots\" content=\"index, follow, max-snippet:-1, max-image-preview:large, max-video-preview:-1\" \/>\n<link rel=\"canonical\" href=\"https:\/\/www.vdhurk.nl\/de\/peugeot-nutzfahrzeuge\/mercedes-19\/maschine\/\" \/>\n<meta property=\"og:locale\" content=\"de_DE\" \/>\n<meta property=\"og:type\" content=\"article\" \/>\n<meta property=\"og:title\" content=\"Peugeot Expert automaat kopen? Bekijk de mogelijkheden!\" \/>\n<meta property=\"og:description\" content=\"Zoek je een Peugeot Expert automaat? Ontdek het aanbod en vind jouw ideale bedrijfswagen bij Van den Hurk.\" \/>\n<meta property=\"og:url\" content=\"https:\/\/www.vdhurk.nl\/de\/peugeot-nutzfahrzeuge\/mercedes-19\/maschine\/\" \/>\n<meta property=\"og:site_name\" content=\"Van den Hurk Bedrijfswagens\" \/>\n<meta property=\"article:modified_time\" content=\"2025-02-06T16:20:26+00:00\" \/>\n<meta name=\"twitter:card\" content=\"summary_large_image\" \/>\n<meta name=\"twitter:label1\" content=\"Gesch\u00e4tzte Lesezeit\" \/>\n\t<meta name=\"twitter:data1\" content=\"5\u00a0Minuten\" \/>\n<script type=\"application\/ld+json\" class=\"yoast-schema-graph\">{\"@context\":\"https:\\\/\\\/schema.org\",\"@graph\":[{\"@type\":\"WebPage\",\"@id\":\"https:\\\/\\\/www.vdhurk.nl\\\/peugeot-bedrijfswagens\\\/expert\\\/automaat\\\/\",\"url\":\"https:\\\/\\\/www.vdhurk.nl\\\/peugeot-bedrijfswagens\\\/expert\\\/automaat\\\/\",\"name\":\"Peugeot Expert automaat kopen? Bekijk de mogelijkheden!\",\"isPartOf\":{\"@id\":\"https:\\\/\\\/www.vdhurk.nl\\\/#website\"},\"datePublished\":\"2025-02-06T12:51:05+00:00\",\"dateModified\":\"2025-02-06T16:20:26+00:00\",\"description\":\"Zoek je een Peugeot Expert automaat? Ontdek het aanbod en vind jouw ideale bedrijfswagen bij Van den Hurk.\",\"breadcrumb\":{\"@id\":\"https:\\\/\\\/www.vdhurk.nl\\\/peugeot-bedrijfswagens\\\/expert\\\/automaat\\\/#breadcrumb\"},\"inLanguage\":\"de\",\"potentialAction\":[{\"@type\":\"ReadAction\",\"target\":[\"https:\\\/\\\/www.vdhurk.nl\\\/peugeot-bedrijfswagens\\\/expert\\\/automaat\\\/\"]}]},{\"@type\":\"BreadcrumbList\",\"@id\":\"https:\\\/\\\/www.vdhurk.nl\\\/peugeot-bedrijfswagens\\\/expert\\\/automaat\\\/#breadcrumb\",\"itemListElement\":[{\"@type\":\"ListItem\",\"position\":1,\"name\":\"Home\",\"item\":\"https:\\\/\\\/www.vdhurk.nl\\\/home\\\/\"},{\"@type\":\"ListItem\",\"position\":2,\"name\":\"Peugeot Bedrijfswagens\",\"item\":\"https:\\\/\\\/www.vdhurk.nl\\\/peugeot-bedrijfswagens\\\/\"},{\"@type\":\"ListItem\",\"position\":3,\"name\":\"Peugeot Expert\",\"item\":\"https:\\\/\\\/www.vdhurk.nl\\\/peugeot-bedrijfswagens\\\/expert\\\/\"},{\"@type\":\"ListItem\",\"position\":4,\"name\":\"Peugeot Expert Automaat\"}]},{\"@type\":\"WebSite\",\"@id\":\"https:\\\/\\\/www.vdhurk.nl\\\/#website\",\"url\":\"https:\\\/\\\/www.vdhurk.nl\\\/\",\"name\":\"Van den Hurk Bedrijfswagens\",\"description\":\"Van den Hurk bedrijfswagens Helmond\",\"potentialAction\":[{\"@type\":\"SearchAction\",\"target\":{\"@type\":\"EntryPoint\",\"urlTemplate\":\"https:\\\/\\\/www.vdhurk.nl\\\/?s={search_term_string}\"},\"query-input\":{\"@type\":\"PropertyValueSpecification\",\"valueRequired\":true,\"valueName\":\"search_term_string\"}}],\"inLanguage\":\"de\"}]}<\/script>\n<!-- \/ Yoast SEO plugin. -->","yoast_head_json":{"title":"Peugeot Expert Automatikgetriebe kaufen? Sehen Sie sich die Optionen an!","description":"Sie suchen einen Peugeot Expert Automatik? Entdecken Sie das Angebot und finden Sie Ihr ideales Nutzfahrzeug bei Van den Hurk.","robots":{"index":"index","follow":"follow","max-snippet":"max-snippet:-1","max-image-preview":"max-image-preview:large","max-video-preview":"max-video-preview:-1"},"canonical":"https:\/\/www.vdhurk.nl\/de\/peugeot-nutzfahrzeuge\/mercedes-19\/maschine\/","og_locale":"de_DE","og_type":"article","og_title":"Peugeot Expert automaat kopen? Bekijk de mogelijkheden!","og_description":"Zoek je een Peugeot Expert automaat? Ontdek het aanbod en vind jouw ideale bedrijfswagen bij Van den Hurk.","og_url":"https:\/\/www.vdhurk.nl\/de\/peugeot-nutzfahrzeuge\/mercedes-19\/maschine\/","og_site_name":"Van den Hurk Bedrijfswagens","article_modified_time":"2025-02-06T16:20:26+00:00","twitter_card":"summary_large_image","twitter_misc":{"Gesch\u00e4tzte Lesezeit":"5\u00a0Minuten"},"schema":{"@context":"https:\/\/schema.org","@graph":[{"@type":"WebPage","@id":"https:\/\/www.vdhurk.nl\/peugeot-bedrijfswagens\/expert\/automaat\/","url":"https:\/\/www.vdhurk.nl\/peugeot-bedrijfswagens\/expert\/automaat\/","name":"Peugeot Expert Automatikgetriebe kaufen? Sehen Sie sich die Optionen an!","isPartOf":{"@id":"https:\/\/www.vdhurk.nl\/#website"},"datePublished":"2025-02-06T12:51:05+00:00","dateModified":"2025-02-06T16:20:26+00:00","description":"Sie suchen einen Peugeot Expert Automatik? Entdecken Sie das Angebot und finden Sie Ihr ideales Nutzfahrzeug bei Van den Hurk.","breadcrumb":{"@id":"https:\/\/www.vdhurk.nl\/peugeot-bedrijfswagens\/expert\/automaat\/#breadcrumb"},"inLanguage":"de","potentialAction":[{"@type":"ReadAction","target":["https:\/\/www.vdhurk.nl\/peugeot-bedrijfswagens\/expert\/automaat\/"]}]},{"@type":"BreadcrumbList","@id":"https:\/\/www.vdhurk.nl\/peugeot-bedrijfswagens\/expert\/automaat\/#breadcrumb","itemListElement":[{"@type":"ListItem","position":1,"name":"Home","item":"https:\/\/www.vdhurk.nl\/home\/"},{"@type":"ListItem","position":2,"name":"Peugeot Bedrijfswagens","item":"https:\/\/www.vdhurk.nl\/peugeot-bedrijfswagens\/"},{"@type":"ListItem","position":3,"name":"Peugeot Expert","item":"https:\/\/www.vdhurk.nl\/peugeot-bedrijfswagens\/expert\/"},{"@type":"ListItem","position":4,"name":"Peugeot Expert Automaat"}]},{"@type":"WebSite","@id":"https:\/\/www.vdhurk.nl\/#website","url":"https:\/\/www.vdhurk.nl\/","name":"Van den Hurk Nutzfahrzeuge","description":"Van den Hurk Nutzfahrzeuge Helmond","potentialAction":[{"@type":"SearchAction","target":{"@type":"EntryPoint","urlTemplate":"https:\/\/www.vdhurk.nl\/?s={search_term_string}"},"query-input":{"@type":"PropertyValueSpecification","valueRequired":true,"valueName":"search_term_string"}}],"inLanguage":"de"}]}},"_links":{"self":[{"href":"https:\/\/www.vdhurk.nl\/de\/wp-json\/wp\/v2\/pages\/442814","targetHints":{"allow":["GET"]}}],"collection":[{"href":"https:\/\/www.vdhurk.nl\/de\/wp-json\/wp\/v2\/pages"}],"about":[{"href":"https:\/\/www.vdhurk.nl\/de\/wp-json\/wp\/v2\/types\/page"}],"author":[{"embeddable":true,"href":"https:\/\/www.vdhurk.nl\/de\/wp-json\/wp\/v2\/users\/3"}],"replies":[{"embeddable":true,"href":"https:\/\/www.vdhurk.nl\/de\/wp-json\/wp\/v2\/comments?post=442814"}],"version-history":[{"count":4,"href":"https:\/\/www.vdhurk.nl\/de\/wp-json\/wp\/v2\/pages\/442814\/revisions"}],"predecessor-version":[{"id":442886,"href":"https:\/\/www.vdhurk.nl\/de\/wp-json\/wp\/v2\/pages\/442814\/revisions\/442886"}],"up":[{"embeddable":true,"href":"https:\/\/www.vdhurk.nl\/de\/wp-json\/wp\/v2\/pages\/405921"}],"wp:attachment":[{"href":"https:\/\/www.vdhurk.nl\/de\/wp-json\/wp\/v2\/media?parent=442814"}],"curies":[{"name":"wp","href":"https:\/\/api.w.org\/{rel}","templated":true}]}}