{"id":442811,"date":"2025-02-06T13:45:45","date_gmt":"2025-02-06T12:45:45","guid":{"rendered":"https:\/\/www.vdhurk.nl\/?page_id=442811"},"modified":"2025-02-06T17:20:09","modified_gmt":"2025-02-06T16:20:09","slug":"maschine","status":"publish","type":"page","link":"https:\/\/www.vdhurk.nl\/de\/opel-bedrijfswagens\/combo\/automaat\/","title":{"rendered":"Opel Combo Automatik"},"content":{"rendered":"<section  class='av_textblock_section av-lu8gnh7d-4ac895489941e586c1d7c8cb72318135'  itemscope=\"itemscope\" itemtype=\"https:\/\/schema.org\/CreativeWork\" ><div class='avia_textblock'  itemprop=\"text\" ><h1><b>Sie suchen einen Opel Combo Automatik?<\/b><\/h1>\n<p>Sie suchen einen Firmenwagen, der Ihnen den Arbeitsalltag erleichtert? Der Opel Combo Automatik ist die erste Wahl f\u00fcr Unternehmer, die Wert auf Komfort und Effizienz legen. Kein m\u00fchsames Schalten mehr, sondern sanftes Fahren dank des Automatikgetriebes. Mit seinen vielseitigen Ausstattungsmerkmalen ist dieses Nutzfahrzeug seit Jahren ein Favorit unter Gesch\u00e4ftsleuten. Finden Sie selbst heraus, warum!<\/p>\n<\/div><\/section>\n\n<style type=\"text\/css\" data-created_by=\"avia_inline_auto\" id=\"style-css-av-lujjddpd-afa3d7a9eabd61123e643ed1228e781e\">\n#top .hr.hr-invisible.av-lujjddpd-afa3d7a9eabd61123e643ed1228e781e{\nheight:50px;\n}\n<\/style>\n<div  class='hr av-lujjddpd-afa3d7a9eabd61123e643ed1228e781e hr-invisible  avia-builder-el-1  el_after_av_textblock  el_before_av_codeblock'><span class='hr-inner'><span class=\"hr-inner-style\"><\/span><\/span><\/div>\n\n\n<style type=\"text\/css\" data-created_by=\"avia_inline_auto\" id=\"style-css-av-ah0xd-63338d9dc6b40410e22a712829c369d6\">\n#top .hr.hr-invisible.av-ah0xd-63338d9dc6b40410e22a712829c369d6{\nheight:50px;\n}\n<\/style>\n<div  class='hr av-ah0xd-63338d9dc6b40410e22a712829c369d6 hr-invisible  avia-builder-el-3  el_after_av_codeblock  el_before_av_textblock'><span class='hr-inner'><span class=\"hr-inner-style\"><\/span><\/span><\/div>\n<section  class='av_textblock_section av-lu8gow1e-300853e458ed741bd87d6cb78e55cc7a'  itemscope=\"itemscope\" itemtype=\"https:\/\/schema.org\/CreativeWork\" ><div class='avia_textblock'  itemprop=\"text\" ><h2>Warum ein Automatikgetriebe?<\/h2>\n<p>Immer mehr Unternehmen steigen auf ein Nutzfahrzeug mit Automatikgetriebe um, und das aus gutem Grund. Automatikgetriebe bieten n\u00e4mlich viele Vorteile, die perfekt auf die Bed\u00fcrfnisse von Unternehmen zugeschnitten sind. So bietet es dem Fahrer mehr Komfort und Bequemlichkeit, denn das Schalten geh\u00f6rt der Vergangenheit an. Das ist besonders im dichten Stadtverkehr oder bei langen Staus von Vorteil, denn ein Automatikgetriebe sorgt f\u00fcr ein ruhiges und erm\u00fcdungsfreies Fahren. Mit all diesen Vorteilen ist ein Opel Combo eine kluge und zukunftsweisende Wahl f\u00fcr Ihr Unternehmen.<\/p>\n<\/div><\/section>\n<div class='flex_column av-f64w1-da126f42b61613402309283c14245a25 av_one_half  avia-builder-el-5  el_after_av_textblock  el_before_av_one_third  first flex_column_div column-top-margin'   ><section  class='av_textblock_section av-lu8gpqre-73cc2c17e6a6497ba6e1b58af22bd9e8'  itemscope=\"itemscope\" itemtype=\"https:\/\/schema.org\/CreativeWork\" ><div class='avia_textblock'  itemprop=\"text\" ><h2>Technische Daten des Opel Combo<\/h2>\n<p>Der Opel Combo bietet das perfekte Gleichgewicht zwischen kompaktem Design und ger\u00e4umiger Funktionalit\u00e4t, mit intelligenten Innovationen, die Ihren Arbeitstag effizienter gestalten. Der ergonomische Innenraum sorgt f\u00fcr maximalen Komfort, w\u00e4hrend der gro\u00dfz\u00fcgige Laderaum viel Platz f\u00fcr all Ihre Gesch\u00e4ftsutensilien bietet. Sicherheitssysteme wie der Notbremsassistent und der Spurhalteassistent sorgen f\u00fcr zus\u00e4tzliche Sicherheit auf der Stra\u00dfe. Dank der gro\u00dfen Auswahl an Modelljahren, Motorisierungen und Versionen finden Sie immer einen Opel Combo, der perfekt zu Ihren gesch\u00e4ftlichen Anforderungen passt.<\/p>\n<\/div><\/section><\/div>\n<div class='flex_column av-aldk9-ee694297f5c4032981677a02caab84d6 av_one_third  avia-builder-el-7  el_after_av_one_half  el_before_av_hr  flex_column_div column-top-margin'   ><style type=\"text\/css\" data-created_by=\"avia_inline_auto\" id=\"style-css-av-l1w9kpsf-4ec3fab772ec7a9adaa33cfc64ff0475\">\n.avia-image-container.av-l1w9kpsf-4ec3fab772ec7a9adaa33cfc64ff0475 .av-image-caption-overlay-center{\ncolor:#ffffff;\n}\n<\/style>\n<div  class='avia-image-container av-l1w9kpsf-4ec3fab772ec7a9adaa33cfc64ff0475 av-styling- avia-align-center  avia-builder-el-8  avia-builder-el-no-sibling'  itemprop=\"image\" itemscope=\"itemscope\" itemtype=\"https:\/\/schema.org\/ImageObject\" ><div class=\"avia-image-container-inner\"><div class=\"avia-image-overlay-wrap\"><img decoding=\"async\" class='wp-image-187 avia-img-lazy-loading-not-187 avia_image' src=\"https:\/\/www.vdhurk.nl\/wp-content\/uploads\/2022\/03\/Voorrad.png\" alt='' title='Lagerbestand'  height=\"758\" width=\"1135\"  itemprop=\"thumbnailUrl\" srcset=\"https:\/\/www.vdhurk.nl\/wp-content\/uploads\/2022\/03\/Voorrad.png 1135w, https:\/\/www.vdhurk.nl\/wp-content\/uploads\/2022\/03\/Voorrad-300x200.png 300w, https:\/\/www.vdhurk.nl\/wp-content\/uploads\/2022\/03\/Voorrad-1030x688.png 1030w, https:\/\/www.vdhurk.nl\/wp-content\/uploads\/2022\/03\/Voorrad-768x513.png 768w, https:\/\/www.vdhurk.nl\/wp-content\/uploads\/2022\/03\/Voorrad-18x12.png 18w, https:\/\/www.vdhurk.nl\/wp-content\/uploads\/2022\/03\/Voorrad-705x471.png 705w\" sizes=\"(max-width: 1135px) 100vw, 1135px\" \/><\/div><\/div><\/div><\/div>\n\n<style type=\"text\/css\" data-created_by=\"avia_inline_auto\" id=\"style-css-av-luqrjpjc-5a23a1fb5f94718ca85316a9df963e2f\">\n#top .hr.hr-invisible.av-luqrjpjc-5a23a1fb5f94718ca85316a9df963e2f{\nheight:50px;\n}\n<\/style>\n<div  class='hr av-luqrjpjc-5a23a1fb5f94718ca85316a9df963e2f hr-invisible  avia-builder-el-9  el_after_av_one_third  el_before_av_textblock'><span class='hr-inner'><span class=\"hr-inner-style\"><\/span><\/span><\/div>\n<section  class='av_textblock_section av-lu8gtjw7-4f3cee9304909518d86d2860d9d582dd'  itemscope=\"itemscope\" itemtype=\"https:\/\/schema.org\/CreativeWork\" ><div class='avia_textblock'  itemprop=\"text\" ><h2>Opel Combo Preis<\/h2>\n<p>Ziehen Sie einen Opel Combo Automatik in Betracht? Dann wollen Sie nat\u00fcrlich wissen, was Sie preislich erwarten k\u00f6nnen. Die Kosten variieren je nach Modell, Baujahr und Laufleistung. Entscheiden Sie sich f\u00fcr ein Modell mit Grundausstattung oder f\u00fcr zus\u00e4tzlichen Luxus? Was auch immer Sie brauchen, wir haben verschiedene Versionen, die zu Ihrem Budget passen. M\u00f6chten Sie eine ma\u00dfgeschneiderte Preisangabe? Nehmen Sie Kontakt mit uns auf, wir helfen Ihnen gerne, den perfekten Firmenwagen zu finden.<\/p>\n<h2>Haben Sie schon einmal \u00fcber Finanzierungsleasing nachgedacht?<\/h2>\n<p>Sie k\u00f6nnen einen Opel Combo nat\u00fcrlich auch in einem Zug kaufen, aber es gibt noch eine andere M\u00f6glichkeit, <a href=\"https:\/\/www.vdhurk.nl\/de\/finanzierungsleasing\/\">Finanzierungsleasing<\/a>. Beim Leasing eines Opel Combo zahlen Sie einen festen Betrag pro Monat. Mit einem Leasingvertrag bauen Sie das Eigentum an Ihrem Firmenwagen Schritt f\u00fcr Schritt auf. Der Vorteil? Sie behalten den finanziellen Spielraum f\u00fcr andere wichtige Investitionen in Ihrem Unternehmen und profitieren trotzdem von einem zuverl\u00e4ssigen und effizienten Firmenwagen. Neugierig auf die M\u00f6glichkeiten? Wir sind bereit, Ihnen zu helfen!<\/p>\n<h2>Finden Sie einen Firmenwagen, der Ihren gesch\u00e4ftlichen Anforderungen entspricht<\/h2>\n<p>Unser Angebot \u00e4ndert sich st\u00e4ndig. Sie haben Ihren idealen Firmenwagen noch nicht gefunden? Kein Problem, das kann morgen schon anders sein. M\u00f6chten Sie \u00fcber unser Angebot auf dem Laufenden bleiben? Dann melden Sie sich f\u00fcr unser <a href=\"https:\/\/www.vdhurk.nl\/de\/aktienalarm\/\">Aktienalarm<\/a>. So erfahren Sie als Erster, wenn ein Opel Combo gebraucht oder neu verf\u00fcgbar ist, der ganz Ihren W\u00fcnschen entspricht. Und vergessen Sie nicht, ein Auge auf unsere aktuellen Angebote zu werfen. Wer wei\u00df, vielleicht ist ja schon bald Ihr idealer Opel Combo Automatik darunter!<\/p>\n<\/div><\/section>","protected":false},"excerpt":{"rendered":"","protected":false},"author":3,"featured_media":0,"parent":409581,"menu_order":0,"comment_status":"closed","ping_status":"closed","template":"","meta":{"_acf_changed":false,"_improvement_type_select":"improve_an_existing","_thumb_yes_seoaic":false,"_frame_yes_seoaic":false,"seoaic_generate_description":"","seoaic_improve_instructions_prompt":"","seoaic_rollback_content_improvement":"","seoaic_idea_thumbnail_generator":"","thumbnail_generated":false,"thumbnail_generate_prompt":"","seoaic_article_description":"","footnotes":""},"class_list":["post-442811","page","type-page","status-publish","hentry"],"acf":[],"yoast_head":"<!-- This site is optimized with the Yoast SEO plugin v27.5 - https:\/\/yoast.com\/product\/yoast-seo-wordpress\/ -->\n<title>Een Opel Combo automaat kopen? Ontdek het aanbod!<\/title>\n<meta name=\"description\" content=\"Op zoek naar een Opel Combo automaat? Ontdek de verschillende specificaties en uitvoeringen en vind jouw ideale bedrijfswagen.\" \/>\n<meta name=\"robots\" content=\"index, follow, max-snippet:-1, max-image-preview:large, max-video-preview:-1\" \/>\n<link rel=\"canonical\" href=\"https:\/\/www.vdhurk.nl\/de\/vauxhall-nutzfahrzeuge\/mercedes-12\/maschine\/\" \/>\n<meta property=\"og:locale\" content=\"de_DE\" \/>\n<meta property=\"og:type\" content=\"article\" \/>\n<meta property=\"og:title\" content=\"Een Opel Combo automaat kopen? Ontdek het aanbod!\" \/>\n<meta property=\"og:description\" content=\"Op zoek naar een Opel Combo automaat? Ontdek de verschillende specificaties en uitvoeringen en vind jouw ideale bedrijfswagen.\" \/>\n<meta property=\"og:url\" content=\"https:\/\/www.vdhurk.nl\/de\/vauxhall-nutzfahrzeuge\/mercedes-12\/maschine\/\" \/>\n<meta property=\"og:site_name\" content=\"Van den Hurk Bedrijfswagens\" \/>\n<meta property=\"article:modified_time\" content=\"2025-02-06T16:20:09+00:00\" \/>\n<meta name=\"twitter:card\" content=\"summary_large_image\" \/>\n<meta name=\"twitter:label1\" content=\"Gesch\u00e4tzte Lesezeit\" \/>\n\t<meta name=\"twitter:data1\" content=\"4\u00a0Minuten\" \/>\n<script type=\"application\/ld+json\" class=\"yoast-schema-graph\">{\"@context\":\"https:\\\/\\\/schema.org\",\"@graph\":[{\"@type\":\"WebPage\",\"@id\":\"https:\\\/\\\/www.vdhurk.nl\\\/opel-bedrijfswagens\\\/combo\\\/automaat\\\/\",\"url\":\"https:\\\/\\\/www.vdhurk.nl\\\/opel-bedrijfswagens\\\/combo\\\/automaat\\\/\",\"name\":\"Een Opel Combo automaat kopen? Ontdek het aanbod!\",\"isPartOf\":{\"@id\":\"https:\\\/\\\/www.vdhurk.nl\\\/#website\"},\"datePublished\":\"2025-02-06T12:45:45+00:00\",\"dateModified\":\"2025-02-06T16:20:09+00:00\",\"description\":\"Op zoek naar een Opel Combo automaat? Ontdek de verschillende specificaties en uitvoeringen en vind jouw ideale bedrijfswagen.\",\"breadcrumb\":{\"@id\":\"https:\\\/\\\/www.vdhurk.nl\\\/opel-bedrijfswagens\\\/combo\\\/automaat\\\/#breadcrumb\"},\"inLanguage\":\"de\",\"potentialAction\":[{\"@type\":\"ReadAction\",\"target\":[\"https:\\\/\\\/www.vdhurk.nl\\\/opel-bedrijfswagens\\\/combo\\\/automaat\\\/\"]}]},{\"@type\":\"BreadcrumbList\",\"@id\":\"https:\\\/\\\/www.vdhurk.nl\\\/opel-bedrijfswagens\\\/combo\\\/automaat\\\/#breadcrumb\",\"itemListElement\":[{\"@type\":\"ListItem\",\"position\":1,\"name\":\"Home\",\"item\":\"https:\\\/\\\/www.vdhurk.nl\\\/home\\\/\"},{\"@type\":\"ListItem\",\"position\":2,\"name\":\"Opel Bedrijfswagens\",\"item\":\"https:\\\/\\\/www.vdhurk.nl\\\/opel-bedrijfswagens\\\/\"},{\"@type\":\"ListItem\",\"position\":3,\"name\":\"Opel Combo\",\"item\":\"https:\\\/\\\/www.vdhurk.nl\\\/opel-bedrijfswagens\\\/combo\\\/\"},{\"@type\":\"ListItem\",\"position\":4,\"name\":\"Opel Combo Automaat\"}]},{\"@type\":\"WebSite\",\"@id\":\"https:\\\/\\\/www.vdhurk.nl\\\/#website\",\"url\":\"https:\\\/\\\/www.vdhurk.nl\\\/\",\"name\":\"Van den Hurk Bedrijfswagens\",\"description\":\"Van den Hurk bedrijfswagens Helmond\",\"potentialAction\":[{\"@type\":\"SearchAction\",\"target\":{\"@type\":\"EntryPoint\",\"urlTemplate\":\"https:\\\/\\\/www.vdhurk.nl\\\/?s={search_term_string}\"},\"query-input\":{\"@type\":\"PropertyValueSpecification\",\"valueRequired\":true,\"valueName\":\"search_term_string\"}}],\"inLanguage\":\"de\"}]}<\/script>\n<!-- \/ Yoast SEO plugin. -->","yoast_head_json":{"title":"Sie m\u00f6chten einen Opel Combo Automatik kaufen? Entdecken Sie das Angebot!","description":"Sie suchen einen Opel Combo Automatik? Entdecken Sie die verschiedenen Spezifikationen und Versionen und finden Sie Ihr ideales Nutzfahrzeug.","robots":{"index":"index","follow":"follow","max-snippet":"max-snippet:-1","max-image-preview":"max-image-preview:large","max-video-preview":"max-video-preview:-1"},"canonical":"https:\/\/www.vdhurk.nl\/de\/vauxhall-nutzfahrzeuge\/mercedes-12\/maschine\/","og_locale":"de_DE","og_type":"article","og_title":"Een Opel Combo automaat kopen? Ontdek het aanbod!","og_description":"Op zoek naar een Opel Combo automaat? Ontdek de verschillende specificaties en uitvoeringen en vind jouw ideale bedrijfswagen.","og_url":"https:\/\/www.vdhurk.nl\/de\/vauxhall-nutzfahrzeuge\/mercedes-12\/maschine\/","og_site_name":"Van den Hurk Bedrijfswagens","article_modified_time":"2025-02-06T16:20:09+00:00","twitter_card":"summary_large_image","twitter_misc":{"Gesch\u00e4tzte Lesezeit":"4\u00a0Minuten"},"schema":{"@context":"https:\/\/schema.org","@graph":[{"@type":"WebPage","@id":"https:\/\/www.vdhurk.nl\/opel-bedrijfswagens\/combo\/automaat\/","url":"https:\/\/www.vdhurk.nl\/opel-bedrijfswagens\/combo\/automaat\/","name":"Sie m\u00f6chten einen Opel Combo Automatik kaufen? Entdecken Sie das Angebot!","isPartOf":{"@id":"https:\/\/www.vdhurk.nl\/#website"},"datePublished":"2025-02-06T12:45:45+00:00","dateModified":"2025-02-06T16:20:09+00:00","description":"Sie suchen einen Opel Combo Automatik? Entdecken Sie die verschiedenen Spezifikationen und Versionen und finden Sie Ihr ideales Nutzfahrzeug.","breadcrumb":{"@id":"https:\/\/www.vdhurk.nl\/opel-bedrijfswagens\/combo\/automaat\/#breadcrumb"},"inLanguage":"de","potentialAction":[{"@type":"ReadAction","target":["https:\/\/www.vdhurk.nl\/opel-bedrijfswagens\/combo\/automaat\/"]}]},{"@type":"BreadcrumbList","@id":"https:\/\/www.vdhurk.nl\/opel-bedrijfswagens\/combo\/automaat\/#breadcrumb","itemListElement":[{"@type":"ListItem","position":1,"name":"Home","item":"https:\/\/www.vdhurk.nl\/home\/"},{"@type":"ListItem","position":2,"name":"Opel Bedrijfswagens","item":"https:\/\/www.vdhurk.nl\/opel-bedrijfswagens\/"},{"@type":"ListItem","position":3,"name":"Opel Combo","item":"https:\/\/www.vdhurk.nl\/opel-bedrijfswagens\/combo\/"},{"@type":"ListItem","position":4,"name":"Opel Combo Automaat"}]},{"@type":"WebSite","@id":"https:\/\/www.vdhurk.nl\/#website","url":"https:\/\/www.vdhurk.nl\/","name":"Van den Hurk Nutzfahrzeuge","description":"Van den Hurk Nutzfahrzeuge Helmond","potentialAction":[{"@type":"SearchAction","target":{"@type":"EntryPoint","urlTemplate":"https:\/\/www.vdhurk.nl\/?s={search_term_string}"},"query-input":{"@type":"PropertyValueSpecification","valueRequired":true,"valueName":"search_term_string"}}],"inLanguage":"de"}]}},"_links":{"self":[{"href":"https:\/\/www.vdhurk.nl\/de\/wp-json\/wp\/v2\/pages\/442811","targetHints":{"allow":["GET"]}}],"collection":[{"href":"https:\/\/www.vdhurk.nl\/de\/wp-json\/wp\/v2\/pages"}],"about":[{"href":"https:\/\/www.vdhurk.nl\/de\/wp-json\/wp\/v2\/types\/page"}],"author":[{"embeddable":true,"href":"https:\/\/www.vdhurk.nl\/de\/wp-json\/wp\/v2\/users\/3"}],"replies":[{"embeddable":true,"href":"https:\/\/www.vdhurk.nl\/de\/wp-json\/wp\/v2\/comments?post=442811"}],"version-history":[{"count":4,"href":"https:\/\/www.vdhurk.nl\/de\/wp-json\/wp\/v2\/pages\/442811\/revisions"}],"predecessor-version":[{"id":442884,"href":"https:\/\/www.vdhurk.nl\/de\/wp-json\/wp\/v2\/pages\/442811\/revisions\/442884"}],"up":[{"embeddable":true,"href":"https:\/\/www.vdhurk.nl\/de\/wp-json\/wp\/v2\/pages\/409581"}],"wp:attachment":[{"href":"https:\/\/www.vdhurk.nl\/de\/wp-json\/wp\/v2\/media?parent=442811"}],"curies":[{"name":"wp","href":"https:\/\/api.w.org\/{rel}","templated":true}]}}