{"id":434872,"date":"2025-02-06T15:48:28","date_gmt":"2025-02-06T14:48:28","guid":{"rendered":"https:\/\/www.vdhurk.nl\/?page_id=434872"},"modified":"2025-02-06T17:22:53","modified_gmt":"2025-02-06T16:22:53","slug":"jumper","status":"publish","type":"page","link":"https:\/\/www.vdhurk.nl\/de\/citroen-bedrijfswagens\/jumper\/","title":{"rendered":"Citro\u00ebn Pullover"},"content":{"rendered":"<section  class='av_textblock_section av-lu8gnh7d-4ac895489941e586c1d7c8cb72318135'  itemscope=\"itemscope\" itemtype=\"https:\/\/schema.org\/CreativeWork\" ><div class='avia_textblock'  itemprop=\"text\" ><h1>Kaufen Sie einen Citro\u00ebn Jumper?<\/h1>\n<p>Sie suchen ein zuverl\u00e4ssiges Nutzfahrzeug, das alle Ihre gesch\u00e4ftlichen Anforderungen erf\u00fcllt? Der Citro\u00ebn Jumper ist bei Unternehmern sehr beliebt, und das aus gutem Grund. Finden Sie heraus, warum dieses Nutzfahrzeug die perfekte L\u00f6sung f\u00fcr Ihr Unternehmen ist!<\/p>\n<\/div><\/section>\n\n<style type=\"text\/css\" data-created_by=\"avia_inline_auto\" id=\"style-css-av-lujjddpd-afa3d7a9eabd61123e643ed1228e781e\">\n#top .hr.hr-invisible.av-lujjddpd-afa3d7a9eabd61123e643ed1228e781e{\nheight:50px;\n}\n<\/style>\n<div  class='hr av-lujjddpd-afa3d7a9eabd61123e643ed1228e781e hr-invisible  avia-builder-el-1  el_after_av_textblock  el_before_av_codeblock'><span class='hr-inner'><span class=\"hr-inner-style\"><\/span><\/span><\/div>\n\n\n<style type=\"text\/css\" data-created_by=\"avia_inline_auto\" id=\"style-css-av-ah0xd-63338d9dc6b40410e22a712829c369d6\">\n#top .hr.hr-invisible.av-ah0xd-63338d9dc6b40410e22a712829c369d6{\nheight:50px;\n}\n<\/style>\n<div  class='hr av-ah0xd-63338d9dc6b40410e22a712829c369d6 hr-invisible  avia-builder-el-3  el_after_av_codeblock  el_before_av_textblock'><span class='hr-inner'><span class=\"hr-inner-style\"><\/span><\/span><\/div>\n<section  class='av_textblock_section av-lu8gow1e-300853e458ed741bd87d6cb78e55cc7a'  itemscope=\"itemscope\" itemtype=\"https:\/\/schema.org\/CreativeWork\" ><div class='avia_textblock'  itemprop=\"text\" ><h2>Die Spezifikationen und die Ausstattung des Citro\u00ebn Jumper Gelegenheit<\/h2>\n<p>Dieses Nutzfahrzeug ist in zahlreichen Varianten erh\u00e4ltlich, um Ihren speziellen Bed\u00fcrfnissen gerecht zu werden. Egal, ob Sie eine offene Ladefl\u00e4che, viele Sitze oder zus\u00e4tzlichen Laderaum ben\u00f6tigen, der Citro\u00ebn Jumper bietet Ihnen alles. Au\u00dferdem k\u00f6nnen Sie zwischen einem manuellen Getriebe oder einer komfortablen Automatik w\u00e4hlen. Wie auch immer Sie sich entscheiden, der Citro\u00ebn Jumper ist bekannt f\u00fcr seine gro\u00dfe Nutzlast und seine praktischen Eigenschaften. Au\u00dferdem ist er mit moderner Technik und umfangreichen Sicherheitsmerkmalen ausgestattet. So kommen Sie nicht nur effizient, sondern auch beruhigt auf die Stra\u00dfe. Mit dem Citro\u00ebn Jumper sind Sie immer bereit f\u00fcr jeden Auftrag!<\/p>\n<\/div><\/section>\n<div class='flex_column av-f64w1-da126f42b61613402309283c14245a25 av_one_half  avia-builder-el-5  el_after_av_textblock  el_before_av_one_third  first flex_column_div column-top-margin'   ><section  class='av_textblock_section av-lu8gpqre-73cc2c17e6a6497ba6e1b58af22bd9e8'  itemscope=\"itemscope\" itemtype=\"https:\/\/schema.org\/CreativeWork\" ><div class='avia_textblock'  itemprop=\"text\" ><h2>Welche Vorteile bringt dieser Transporter?<\/h2>\n<p>Dieser Citro\u00ebn Jumper zeichnet sich durch sein intelligentes Design aus, das nicht nur komfortabel, sondern auch sicher und wirtschaftlich im Gebrauch ist. Wie alle <a href=\"https:\/\/www.vdhurk.nl\/de\/citroen-nutzfahrzeuge\/\">Citro\u00ebn Nutzfahrzeuge<\/a> Der Jumper strahlt Zuverl\u00e4ssigkeit und Qualit\u00e4t aus. Mit seiner robusten Konstruktion und der Ausrichtung auf intensive Nutzung ist er die ideale Wahl f\u00fcr alle, die eine nachhaltige und langfristige Investition suchen. Die ger\u00e4umige Kabine mit verstellbaren Sitzen und viel Beinfreiheit macht jede Fahrt \u00e4u\u00dferst angenehm. Ob Sie t\u00e4glich unterwegs sind oder weite Strecken zur\u00fccklegen, der Citro\u00ebn Jumper bietet Komfort und Bequemlichkeit in einem.<\/p>\n<\/div><\/section><\/div><div class='flex_column av-aldk9-ee694297f5c4032981677a02caab84d6 av_one_third  avia-builder-el-7  el_after_av_one_half  el_before_av_hr  flex_column_div column-top-margin'   ><style type=\"text\/css\" data-created_by=\"avia_inline_auto\" id=\"style-css-av-l1w9kpsf-4ec3fab772ec7a9adaa33cfc64ff0475\">\n.avia-image-container.av-l1w9kpsf-4ec3fab772ec7a9adaa33cfc64ff0475 .av-image-caption-overlay-center{\ncolor:#ffffff;\n}\n<\/style>\n<div  class='avia-image-container av-l1w9kpsf-4ec3fab772ec7a9adaa33cfc64ff0475 av-styling- avia-align-center  avia-builder-el-8  avia-builder-el-no-sibling'  itemprop=\"image\" itemscope=\"itemscope\" itemtype=\"https:\/\/schema.org\/ImageObject\" ><div class=\"avia-image-container-inner\"><div class=\"avia-image-overlay-wrap\"><img decoding=\"async\" class='wp-image-187 avia-img-lazy-loading-not-187 avia_image' src=\"https:\/\/www.vdhurk.nl\/wp-content\/uploads\/2022\/03\/Voorrad.png\" alt='' title='Lagerbestand'  height=\"758\" width=\"1135\"  itemprop=\"thumbnailUrl\" srcset=\"https:\/\/www.vdhurk.nl\/wp-content\/uploads\/2022\/03\/Voorrad.png 1135w, https:\/\/www.vdhurk.nl\/wp-content\/uploads\/2022\/03\/Voorrad-300x200.png 300w, https:\/\/www.vdhurk.nl\/wp-content\/uploads\/2022\/03\/Voorrad-1030x688.png 1030w, https:\/\/www.vdhurk.nl\/wp-content\/uploads\/2022\/03\/Voorrad-768x513.png 768w, https:\/\/www.vdhurk.nl\/wp-content\/uploads\/2022\/03\/Voorrad-18x12.png 18w, https:\/\/www.vdhurk.nl\/wp-content\/uploads\/2022\/03\/Voorrad-705x471.png 705w\" sizes=\"(max-width: 1135px) 100vw, 1135px\" \/><\/div><\/div><\/div><\/div><\/p>\n\n<style type=\"text\/css\" data-created_by=\"avia_inline_auto\" id=\"style-css-av-luqrjpjc-5a23a1fb5f94718ca85316a9df963e2f\">\n#top .hr.hr-invisible.av-luqrjpjc-5a23a1fb5f94718ca85316a9df963e2f{\nheight:50px;\n}\n<\/style>\n<div  class='hr av-luqrjpjc-5a23a1fb5f94718ca85316a9df963e2f hr-invisible  avia-builder-el-9  el_after_av_one_third  el_before_av_textblock'><span class='hr-inner'><span class=\"hr-inner-style\"><\/span><\/span><\/div>\n<section  class='av_textblock_section av-lu8gtjw7-4f3cee9304909518d86d2860d9d582dd'  itemscope=\"itemscope\" itemtype=\"https:\/\/schema.org\/CreativeWork\" ><div class='avia_textblock'  itemprop=\"text\" ><h2>Finden Sie einen Jumper, der zu Ihrem Budget passt<\/h2>\n<p>Der Kauf eines Nutzfahrzeugs ist eine wichtige Investition, und der Preis des Citro\u00ebn Jumper spielt dabei eine gro\u00dfe Rolle. Die Kosten variieren je nach Version und je nachdem, ob Sie sich f\u00fcr ein neues oder ein gebrauchtes Modell entscheiden. Gebrauchte Modelle bieten oft ein hervorragendes Preis-Leistungs-Verh\u00e4ltnis, w\u00e4hrend neue Modelle Ihnen Zugang zu den neuesten Technologien und Funktionen bieten. Diese haben zwar in der Regel einen h\u00f6heren Anschaffungspreis, sind aber ideal f\u00fcr diejenigen, die die neuesten Innovationen und eine erweiterte Garantie suchen. Unabh\u00e4ngig von Ihren Bed\u00fcrfnissen und Ihrem Budget gibt es immer einen Citro\u00ebn Jumper, der perfekt zu Ihren gesch\u00e4ftlichen Anforderungen passt. Fragen Sie nach den Optionen und finden Sie heraus, welche Version am besten zu Ihnen passt!<\/p>\n<h2>Entscheiden Sie sich f\u00fcr einen Finanzierungsleasingvertrag?<\/h2>\n<p>Neben dem direkten Kauf eines Nutzfahrzeugs k\u00f6nnen Sie auch von folgenden M\u00f6glichkeiten Gebrauch machen <a href=\"https:\/\/www.vdhurk.nl\/de\/finanzierungsleasing\/\">Finanzierungsleasing<\/a>. Bei dieser Option verteilen Sie die Kosten auf mehrere Raten, so dass Sie nicht einen gro\u00dfen Betrag auf einmal zahlen m\u00fcssen. Sie zahlen jeden Monat einen festen Betrag, der Ihnen finanzielle Planungssicherheit und Flexibilit\u00e4t in Ihrem Budget bietet. Am Ende des Leasingzeitraums sind Sie vollst\u00e4ndiger Eigent\u00fcmer des Fahrzeugs, ohne dass Sie im Vorfeld gr\u00f6\u00dfere Investitionen t\u00e4tigen m\u00fcssen. Das Leasing eines Citroen Jumper ist eine intelligente und g\u00fcnstige M\u00f6glichkeit, in Ihren Firmenwagen zu investieren.<\/p>\n<h2>Finden Sie den Transporter, der zu Ihrem Unternehmen passt<\/h2>\n<p>Kaufen Sie einen Citro\u00ebn Jumper gebraucht oder neu? Oder mehr dar\u00fcber erfahren, was f\u00fcr Ihre gesch\u00e4ftlichen Anforderungen geeignet ist? Wir helfen Ihnen gerne, die richtige Wahl zu treffen. Werfen Sie einen Blick auf unser <a href=\"https:\/\/www.vdhurk.nl\/de\/nutzfahrzeuge\/\">aktuelles Angebot<\/a> oder kontaktieren Sie uns einfach.<\/p>\n<\/div><\/section>","protected":false},"excerpt":{"rendered":"","protected":false},"author":3,"featured_media":0,"parent":372085,"menu_order":0,"comment_status":"closed","ping_status":"closed","template":"","meta":{"_acf_changed":false,"_improvement_type_select":"improve_an_existing","_thumb_yes_seoaic":false,"_frame_yes_seoaic":false,"seoaic_generate_description":"","seoaic_improve_instructions_prompt":"","seoaic_rollback_content_improvement":"","seoaic_idea_thumbnail_generator":"","thumbnail_generated":false,"thumbnail_generate_prompt":"","seoaic_article_description":"","footnotes":""},"class_list":["post-434872","page","type-page","status-publish","hentry"],"acf":[],"yoast_head":"<!-- This site is optimized with the Yoast SEO plugin v27.5 - https:\/\/yoast.com\/product\/yoast-seo-wordpress\/ -->\n<title>Betrouwbare Citro\u00ebn Jumper occasion kopen?<\/title>\n<meta name=\"description\" content=\"Op zoek naar een veelzijdige bedrijfswagen? De Citro\u00ebn Jumper occasion biedt alles wat je nodig hebt. Ontdek alle voordelen.\" \/>\n<meta name=\"robots\" content=\"index, follow, max-snippet:-1, max-image-preview:large, max-video-preview:-1\" \/>\n<link rel=\"canonical\" href=\"https:\/\/www.vdhurk.nl\/de\/citroen-nutzfahrzeuge\/jumper\/\" \/>\n<meta property=\"og:locale\" content=\"de_DE\" \/>\n<meta property=\"og:type\" content=\"article\" \/>\n<meta property=\"og:title\" content=\"Betrouwbare Citro\u00ebn Jumper occasion kopen?\" \/>\n<meta property=\"og:description\" content=\"Op zoek naar een veelzijdige bedrijfswagen? De Citro\u00ebn Jumper occasion biedt alles wat je nodig hebt. Ontdek alle voordelen.\" \/>\n<meta property=\"og:url\" content=\"https:\/\/www.vdhurk.nl\/de\/citroen-nutzfahrzeuge\/jumper\/\" \/>\n<meta property=\"og:site_name\" content=\"Van den Hurk Bedrijfswagens\" \/>\n<meta property=\"article:modified_time\" content=\"2025-02-06T16:22:53+00:00\" \/>\n<meta name=\"twitter:card\" content=\"summary_large_image\" \/>\n<meta name=\"twitter:label1\" content=\"Gesch\u00e4tzte Lesezeit\" \/>\n\t<meta name=\"twitter:data1\" content=\"4\u00a0Minuten\" \/>\n<script type=\"application\/ld+json\" class=\"yoast-schema-graph\">{\"@context\":\"https:\\\/\\\/schema.org\",\"@graph\":[{\"@type\":\"WebPage\",\"@id\":\"https:\\\/\\\/www.vdhurk.nl\\\/citroen-bedrijfswagens\\\/jumper\\\/\",\"url\":\"https:\\\/\\\/www.vdhurk.nl\\\/citroen-bedrijfswagens\\\/jumper\\\/\",\"name\":\"Betrouwbare Citro\u00ebn Jumper occasion kopen?\",\"isPartOf\":{\"@id\":\"https:\\\/\\\/www.vdhurk.nl\\\/#website\"},\"datePublished\":\"2025-02-06T14:48:28+00:00\",\"dateModified\":\"2025-02-06T16:22:53+00:00\",\"description\":\"Op zoek naar een veelzijdige bedrijfswagen? De Citro\u00ebn Jumper occasion biedt alles wat je nodig hebt. Ontdek alle voordelen.\",\"breadcrumb\":{\"@id\":\"https:\\\/\\\/www.vdhurk.nl\\\/citroen-bedrijfswagens\\\/jumper\\\/#breadcrumb\"},\"inLanguage\":\"de\",\"potentialAction\":[{\"@type\":\"ReadAction\",\"target\":[\"https:\\\/\\\/www.vdhurk.nl\\\/citroen-bedrijfswagens\\\/jumper\\\/\"]}]},{\"@type\":\"BreadcrumbList\",\"@id\":\"https:\\\/\\\/www.vdhurk.nl\\\/citroen-bedrijfswagens\\\/jumper\\\/#breadcrumb\",\"itemListElement\":[{\"@type\":\"ListItem\",\"position\":1,\"name\":\"Home\",\"item\":\"https:\\\/\\\/www.vdhurk.nl\\\/home\\\/\"},{\"@type\":\"ListItem\",\"position\":2,\"name\":\"Citro\u00ebn Bedrijfswagens\",\"item\":\"https:\\\/\\\/www.vdhurk.nl\\\/citroen-bedrijfswagens\\\/\"},{\"@type\":\"ListItem\",\"position\":3,\"name\":\"Citro\u00ebn Jumper\"}]},{\"@type\":\"WebSite\",\"@id\":\"https:\\\/\\\/www.vdhurk.nl\\\/#website\",\"url\":\"https:\\\/\\\/www.vdhurk.nl\\\/\",\"name\":\"Van den Hurk Bedrijfswagens\",\"description\":\"Van den Hurk bedrijfswagens Helmond\",\"potentialAction\":[{\"@type\":\"SearchAction\",\"target\":{\"@type\":\"EntryPoint\",\"urlTemplate\":\"https:\\\/\\\/www.vdhurk.nl\\\/?s={search_term_string}\"},\"query-input\":{\"@type\":\"PropertyValueSpecification\",\"valueRequired\":true,\"valueName\":\"search_term_string\"}}],\"inLanguage\":\"de\"}]}<\/script>\n<!-- \/ Yoast SEO plugin. -->","yoast_head_json":{"title":"Einen zuverl\u00e4ssigen Citro\u00ebn Jumper Gebrauchtwagen kaufen?","description":"Sie suchen ein vielseitiges Nutzfahrzeug? Der Citro\u00ebn Jumper occasion bietet alles, was Sie brauchen. Entdecken Sie alle Vorteile.","robots":{"index":"index","follow":"follow","max-snippet":"max-snippet:-1","max-image-preview":"max-image-preview:large","max-video-preview":"max-video-preview:-1"},"canonical":"https:\/\/www.vdhurk.nl\/de\/citroen-nutzfahrzeuge\/jumper\/","og_locale":"de_DE","og_type":"article","og_title":"Betrouwbare Citro\u00ebn Jumper occasion kopen?","og_description":"Op zoek naar een veelzijdige bedrijfswagen? De Citro\u00ebn Jumper occasion biedt alles wat je nodig hebt. Ontdek alle voordelen.","og_url":"https:\/\/www.vdhurk.nl\/de\/citroen-nutzfahrzeuge\/jumper\/","og_site_name":"Van den Hurk Bedrijfswagens","article_modified_time":"2025-02-06T16:22:53+00:00","twitter_card":"summary_large_image","twitter_misc":{"Gesch\u00e4tzte Lesezeit":"4\u00a0Minuten"},"schema":{"@context":"https:\/\/schema.org","@graph":[{"@type":"WebPage","@id":"https:\/\/www.vdhurk.nl\/citroen-bedrijfswagens\/jumper\/","url":"https:\/\/www.vdhurk.nl\/citroen-bedrijfswagens\/jumper\/","name":"Einen zuverl\u00e4ssigen Citro\u00ebn Jumper Gebrauchtwagen kaufen?","isPartOf":{"@id":"https:\/\/www.vdhurk.nl\/#website"},"datePublished":"2025-02-06T14:48:28+00:00","dateModified":"2025-02-06T16:22:53+00:00","description":"Sie suchen ein vielseitiges Nutzfahrzeug? Der Citro\u00ebn Jumper occasion bietet alles, was Sie brauchen. Entdecken Sie alle Vorteile.","breadcrumb":{"@id":"https:\/\/www.vdhurk.nl\/citroen-bedrijfswagens\/jumper\/#breadcrumb"},"inLanguage":"de","potentialAction":[{"@type":"ReadAction","target":["https:\/\/www.vdhurk.nl\/citroen-bedrijfswagens\/jumper\/"]}]},{"@type":"BreadcrumbList","@id":"https:\/\/www.vdhurk.nl\/citroen-bedrijfswagens\/jumper\/#breadcrumb","itemListElement":[{"@type":"ListItem","position":1,"name":"Home","item":"https:\/\/www.vdhurk.nl\/home\/"},{"@type":"ListItem","position":2,"name":"Citro\u00ebn Bedrijfswagens","item":"https:\/\/www.vdhurk.nl\/citroen-bedrijfswagens\/"},{"@type":"ListItem","position":3,"name":"Citro\u00ebn Jumper"}]},{"@type":"WebSite","@id":"https:\/\/www.vdhurk.nl\/#website","url":"https:\/\/www.vdhurk.nl\/","name":"Van den Hurk Nutzfahrzeuge","description":"Van den Hurk Nutzfahrzeuge Helmond","potentialAction":[{"@type":"SearchAction","target":{"@type":"EntryPoint","urlTemplate":"https:\/\/www.vdhurk.nl\/?s={search_term_string}"},"query-input":{"@type":"PropertyValueSpecification","valueRequired":true,"valueName":"search_term_string"}}],"inLanguage":"de"}]}},"_links":{"self":[{"href":"https:\/\/www.vdhurk.nl\/de\/wp-json\/wp\/v2\/pages\/434872","targetHints":{"allow":["GET"]}}],"collection":[{"href":"https:\/\/www.vdhurk.nl\/de\/wp-json\/wp\/v2\/pages"}],"about":[{"href":"https:\/\/www.vdhurk.nl\/de\/wp-json\/wp\/v2\/types\/page"}],"author":[{"embeddable":true,"href":"https:\/\/www.vdhurk.nl\/de\/wp-json\/wp\/v2\/users\/3"}],"replies":[{"embeddable":true,"href":"https:\/\/www.vdhurk.nl\/de\/wp-json\/wp\/v2\/comments?post=434872"}],"version-history":[{"count":5,"href":"https:\/\/www.vdhurk.nl\/de\/wp-json\/wp\/v2\/pages\/434872\/revisions"}],"predecessor-version":[{"id":442895,"href":"https:\/\/www.vdhurk.nl\/de\/wp-json\/wp\/v2\/pages\/434872\/revisions\/442895"}],"up":[{"embeddable":true,"href":"https:\/\/www.vdhurk.nl\/de\/wp-json\/wp\/v2\/pages\/372085"}],"wp:attachment":[{"href":"https:\/\/www.vdhurk.nl\/de\/wp-json\/wp\/v2\/media?parent=434872"}],"curies":[{"name":"wp","href":"https:\/\/api.w.org\/{rel}","templated":true}]}}