{"id":422133,"date":"2024-12-05T13:37:02","date_gmt":"2024-12-05T12:37:02","guid":{"rendered":"https:\/\/www.vdhurk.nl\/?page_id=422133"},"modified":"2024-12-05T13:37:02","modified_gmt":"2024-12-05T12:37:02","slug":"proace","status":"publish","type":"page","link":"https:\/\/www.vdhurk.nl\/de\/toyota-bedrijfswagens\/proace\/","title":{"rendered":"Toyota Proace"},"content":{"rendered":"<section  class='av_textblock_section av-lu8gnh7d-4ac895489941e586c1d7c8cb72318135'  itemscope=\"itemscope\" itemtype=\"https:\/\/schema.org\/CreativeWork\" ><div class='avia_textblock'  itemprop=\"text\" ><h1>Erfahren Sie alles, was Sie \u00fcber den Toyota Proace wissen m\u00f6chten<\/h1>\n<p>Sie suchen ein zuverl\u00e4ssiges und vielseitiges Nutzfahrzeug, das Ihr Unternehmen voranbringt? Der Toyota Proace Gebrauchtwagen ist seit Jahren ein Favorit unter Unternehmern, und das aus gutem Grund. Mit seiner Flexibilit\u00e4t und Zuverl\u00e4ssigkeit ist er der Firmenwagen, der jede Aufgabe bew\u00e4ltigen kann. Sie fragen sich warum? Lesen Sie weiter und finden Sie heraus, was der Toyota Proace f\u00fcr Ihr Unternehmen tun kann.<\/p>\n<\/div><\/section>\n\n<style type=\"text\/css\" data-created_by=\"avia_inline_auto\" id=\"style-css-av-lujjddpd-afa3d7a9eabd61123e643ed1228e781e\">\n#top .hr.hr-invisible.av-lujjddpd-afa3d7a9eabd61123e643ed1228e781e{\nheight:50px;\n}\n<\/style>\n<div  class='hr av-lujjddpd-afa3d7a9eabd61123e643ed1228e781e hr-invisible  avia-builder-el-1  el_after_av_textblock  el_before_av_codeblock'><span class='hr-inner'><span class=\"hr-inner-style\"><\/span><\/span><\/div>\n\n\n<style type=\"text\/css\" data-created_by=\"avia_inline_auto\" id=\"style-css-av-ah0xd-63338d9dc6b40410e22a712829c369d6\">\n#top .hr.hr-invisible.av-ah0xd-63338d9dc6b40410e22a712829c369d6{\nheight:50px;\n}\n<\/style>\n<div  class='hr av-ah0xd-63338d9dc6b40410e22a712829c369d6 hr-invisible  avia-builder-el-3  el_after_av_codeblock  el_before_av_textblock'><span class='hr-inner'><span class=\"hr-inner-style\"><\/span><\/span><\/div>\n<section  class='av_textblock_section av-lu8gow1e-300853e458ed741bd87d6cb78e55cc7a'  itemscope=\"itemscope\" itemtype=\"https:\/\/schema.org\/CreativeWork\" ><div class='avia_textblock'  itemprop=\"text\" ><h2>Spezifikationen und Merkmale<\/h2>\n<p>Der Toyota Proace ist ein vielseitiges Nutzfahrzeug, das die Bed\u00fcrfnisse von Gesch\u00e4ftsleuten gut erf\u00fcllt. Mit seinem ger\u00e4umigen Kofferraum und seiner hohen Nutzlast eignet sich dieses Modell f\u00fcr alle Arten von Auftr\u00e4gen. Unter der Motorhaube befindet sich ein leistungsstarker und effizienter 4-Zylinder-Dieselmotor, der nicht nur eine zuverl\u00e4ssige Leistung gew\u00e4hrleistet, sondern auch zu einem geringeren Kraftstoffverbrauch beitr\u00e4gt. Das macht den Proace langfristig zu einer kosteng\u00fcnstigen Wahl. Haben Sie regelm\u00e4\u00dfig mit Personenbef\u00f6rderung zu tun? Auch dann ist der Toyota Proace eine ausgezeichnete Wahl. Mit Platz f\u00fcr bis zu 9 Passagiere ist dieses Modell ideal f\u00fcr den Gruppentransport. Der Komfort ist hoch, so dass Fahrer und Passagiere immer entspannt und bequem reisen.<\/p>\n<\/div><\/section>\n<div class='flex_column av-f64w1-da126f42b61613402309283c14245a25 av_one_half  avia-builder-el-5  el_after_av_textblock  el_before_av_one_third  first flex_column_div column-top-margin'   ><section  class='av_textblock_section av-lu8gpqre-73cc2c17e6a6497ba6e1b58af22bd9e8'  itemscope=\"itemscope\" itemtype=\"https:\/\/schema.org\/CreativeWork\" ><div class='avia_textblock'  itemprop=\"text\" ><h2>Verschiedene Versionen<\/h2>\n<p>Der Toyota Proace bietet alles, was Sie sich von einem Nutzfahrzeug w\u00fcnschen: Vielseitigkeit, Zuverl\u00e4ssigkeit und Anpassungsf\u00e4higkeit. Mit einer Auswahl an verschiedenen L\u00e4ngen und Konfigurationen gibt es immer ein Modell, das perfekt zu Ihren gesch\u00e4ftlichen Anforderungen passt. Ben\u00f6tigen Sie eine kompakte und wendige Version f\u00fcr den t\u00e4glichen Einsatz in der Stadt? Oder sind Sie auf der Suche nach einer ger\u00e4umigen Variante, um gro\u00dfe Lasten effizient zu transportieren? Wie auch immer Ihre Bed\u00fcrfnisse aussehen, der Toyota Proace passt sich m\u00fchelos an Ihr Unternehmen an. Mit dem Proace entscheiden Sie sich f\u00fcr einen Firmenwagen, der nicht nur jeder Herausforderung gewachsen ist, sondern auch ein zuverl\u00e4ssiger Partner f\u00fcr den Erfolg Ihres Unternehmens ist.<\/p>\n<\/div><\/section><\/div><div class='flex_column av-aldk9-ee694297f5c4032981677a02caab84d6 av_one_third  avia-builder-el-7  el_after_av_one_half  el_before_av_hr  flex_column_div column-top-margin'   ><style type=\"text\/css\" data-created_by=\"avia_inline_auto\" id=\"style-css-av-l1w9kpsf-4ec3fab772ec7a9adaa33cfc64ff0475\">\n.avia-image-container.av-l1w9kpsf-4ec3fab772ec7a9adaa33cfc64ff0475 .av-image-caption-overlay-center{\ncolor:#ffffff;\n}\n<\/style>\n<div  class='avia-image-container av-l1w9kpsf-4ec3fab772ec7a9adaa33cfc64ff0475 av-styling- avia-align-center  avia-builder-el-8  avia-builder-el-no-sibling'  itemprop=\"image\" itemscope=\"itemscope\" itemtype=\"https:\/\/schema.org\/ImageObject\" ><div class=\"avia-image-container-inner\"><div class=\"avia-image-overlay-wrap\"><img decoding=\"async\" class='wp-image-187 avia-img-lazy-loading-not-187 avia_image' src=\"https:\/\/www.vdhurk.nl\/wp-content\/uploads\/2022\/03\/Voorrad.png\" alt='' title='Lagerbestand'  height=\"758\" width=\"1135\"  itemprop=\"thumbnailUrl\" srcset=\"https:\/\/www.vdhurk.nl\/wp-content\/uploads\/2022\/03\/Voorrad.png 1135w, https:\/\/www.vdhurk.nl\/wp-content\/uploads\/2022\/03\/Voorrad-300x200.png 300w, https:\/\/www.vdhurk.nl\/wp-content\/uploads\/2022\/03\/Voorrad-1030x688.png 1030w, https:\/\/www.vdhurk.nl\/wp-content\/uploads\/2022\/03\/Voorrad-768x513.png 768w, https:\/\/www.vdhurk.nl\/wp-content\/uploads\/2022\/03\/Voorrad-18x12.png 18w, https:\/\/www.vdhurk.nl\/wp-content\/uploads\/2022\/03\/Voorrad-705x471.png 705w\" sizes=\"(max-width: 1135px) 100vw, 1135px\" \/><\/div><\/div><\/div><\/div><\/p>\n\n<style type=\"text\/css\" data-created_by=\"avia_inline_auto\" id=\"style-css-av-luqrjpjc-5a23a1fb5f94718ca85316a9df963e2f\">\n#top .hr.hr-invisible.av-luqrjpjc-5a23a1fb5f94718ca85316a9df963e2f{\nheight:50px;\n}\n<\/style>\n<div  class='hr av-luqrjpjc-5a23a1fb5f94718ca85316a9df963e2f hr-invisible  avia-builder-el-9  el_after_av_one_third  el_before_av_textblock'><span class='hr-inner'><span class=\"hr-inner-style\"><\/span><\/span><\/div>\n<section  class='av_textblock_section av-lu8gtjw7-4f3cee9304909518d86d2860d9d582dd'  itemscope=\"itemscope\" itemtype=\"https:\/\/schema.org\/CreativeWork\" ><div class='avia_textblock'  itemprop=\"text\" ><h2>Was zahlen Sie f\u00fcr einen Toyota Proace?<\/h2>\n<p>Die Preise f\u00fcr Toyota Proace Nutzfahrzeuge variieren, da unser Angebot sowohl einfache Toyota Proace Modelle als auch voll ausgestattete Versionen umfasst. Diese Vielfalt an Optionen bedeutet, dass immer ein Fahrzeug verf\u00fcgbar ist, das Ihren spezifischen Bed\u00fcrfnissen und Ihrem Budget entspricht. Was auch immer Sie suchen, bei uns finden Sie immer eine passende L\u00f6sung.<\/p>\n<h2>Einen Toyota Proace kaufen oder leasen?<\/h2>\n<p>Neben der M\u00f6glichkeit, ein Nutzfahrzeug direkt zu kaufen, ist auch das Leasing eines Toyota Proace eine der Optionen. Beim Finanzierungsleasing werden Sie schrittweise zum Eigent\u00fcmer des Nutzfahrzeugs. Sie zahlen einen festen Betrag pro Monat. Am Ende des Leasingvertrags sind Sie der vollst\u00e4ndige Eigent\u00fcmer des Fahrzeugs.<\/p>\n<h2>Finden Sie Ihren perfekten Firmenwagen<\/h2>\n<p>Haben Sie einen gebrauchten oder neuen Toyota Proace gefunden, der genau Ihren Anforderungen entspricht? Oder m\u00f6chten Sie mehr Informationen, um die richtige Wahl zu treffen? Als Toyota Proace H\u00e4ndler helfen wir Ihnen gerne weiter. Werfen Sie einen Blick auf unser <a href=\"https:\/\/www.vdhurk.nl\/de\/nutzfahrzeuge\/\">aktuelles Angebot<\/a> Oder kontaktieren Sie uns.<\/p>\n<\/div><\/section>","protected":false},"excerpt":{"rendered":"","protected":false},"author":3,"featured_media":0,"parent":398333,"menu_order":0,"comment_status":"closed","ping_status":"closed","template":"","meta":{"_acf_changed":false,"_improvement_type_select":"improve_an_existing","_thumb_yes_seoaic":false,"_frame_yes_seoaic":false,"seoaic_generate_description":"","seoaic_improve_instructions_prompt":"","seoaic_rollback_content_improvement":"","seoaic_idea_thumbnail_generator":"","thumbnail_generated":false,"thumbnail_generate_prompt":"","seoaic_article_description":"","footnotes":""},"class_list":["post-422133","page","type-page","status-publish","hentry"],"acf":[],"yoast_head":"<!-- This site is optimized with the Yoast SEO plugin v27.5 - https:\/\/yoast.com\/product\/yoast-seo-wordpress\/ -->\n<title>Op zoek naar een Toyota Proace occasion?<\/title>\n<meta name=\"description\" content=\"Ontdek de Toyota Proace occasion: een veelzijdige, betrouwbare bedrijfswagen die elke klus klaart. Perfect voor jouw onderneming. Bekijk ons aanbod!\" \/>\n<meta name=\"robots\" content=\"index, follow, max-snippet:-1, max-image-preview:large, max-video-preview:-1\" \/>\n<link rel=\"canonical\" href=\"https:\/\/www.vdhurk.nl\/de\/toyota-nutzfahrzeuge\/proace\/\" \/>\n<meta property=\"og:locale\" content=\"de_DE\" \/>\n<meta property=\"og:type\" content=\"article\" \/>\n<meta property=\"og:title\" content=\"Op zoek naar een Toyota Proace occasion?\" \/>\n<meta property=\"og:description\" content=\"Ontdek de Toyota Proace occasion: een veelzijdige, betrouwbare bedrijfswagen die elke klus klaart. Perfect voor jouw onderneming. Bekijk ons aanbod!\" \/>\n<meta property=\"og:url\" content=\"https:\/\/www.vdhurk.nl\/de\/toyota-nutzfahrzeuge\/proace\/\" \/>\n<meta property=\"og:site_name\" content=\"Van den Hurk Bedrijfswagens\" \/>\n<meta name=\"twitter:card\" content=\"summary_large_image\" \/>\n<meta name=\"twitter:label1\" content=\"Gesch\u00e4tzte Lesezeit\" \/>\n\t<meta name=\"twitter:data1\" content=\"4\u00a0Minuten\" \/>\n<script type=\"application\/ld+json\" class=\"yoast-schema-graph\">{\"@context\":\"https:\\\/\\\/schema.org\",\"@graph\":[{\"@type\":\"WebPage\",\"@id\":\"https:\\\/\\\/www.vdhurk.nl\\\/toyota-bedrijfswagens\\\/proace\\\/\",\"url\":\"https:\\\/\\\/www.vdhurk.nl\\\/toyota-bedrijfswagens\\\/proace\\\/\",\"name\":\"Op zoek naar een Toyota Proace occasion?\",\"isPartOf\":{\"@id\":\"https:\\\/\\\/www.vdhurk.nl\\\/#website\"},\"datePublished\":\"2024-12-05T12:37:02+00:00\",\"description\":\"Ontdek de Toyota Proace occasion: een veelzijdige, betrouwbare bedrijfswagen die elke klus klaart. Perfect voor jouw onderneming. Bekijk ons aanbod!\",\"breadcrumb\":{\"@id\":\"https:\\\/\\\/www.vdhurk.nl\\\/toyota-bedrijfswagens\\\/proace\\\/#breadcrumb\"},\"inLanguage\":\"de\",\"potentialAction\":[{\"@type\":\"ReadAction\",\"target\":[\"https:\\\/\\\/www.vdhurk.nl\\\/toyota-bedrijfswagens\\\/proace\\\/\"]}]},{\"@type\":\"BreadcrumbList\",\"@id\":\"https:\\\/\\\/www.vdhurk.nl\\\/toyota-bedrijfswagens\\\/proace\\\/#breadcrumb\",\"itemListElement\":[{\"@type\":\"ListItem\",\"position\":1,\"name\":\"Home\",\"item\":\"https:\\\/\\\/www.vdhurk.nl\\\/home\\\/\"},{\"@type\":\"ListItem\",\"position\":2,\"name\":\"Toyota Bedrijfswagens\",\"item\":\"https:\\\/\\\/www.vdhurk.nl\\\/toyota-bedrijfswagens\\\/\"},{\"@type\":\"ListItem\",\"position\":3,\"name\":\"Toyota Proace\"}]},{\"@type\":\"WebSite\",\"@id\":\"https:\\\/\\\/www.vdhurk.nl\\\/#website\",\"url\":\"https:\\\/\\\/www.vdhurk.nl\\\/\",\"name\":\"Van den Hurk Bedrijfswagens\",\"description\":\"Van den Hurk bedrijfswagens Helmond\",\"potentialAction\":[{\"@type\":\"SearchAction\",\"target\":{\"@type\":\"EntryPoint\",\"urlTemplate\":\"https:\\\/\\\/www.vdhurk.nl\\\/?s={search_term_string}\"},\"query-input\":{\"@type\":\"PropertyValueSpecification\",\"valueRequired\":true,\"valueName\":\"search_term_string\"}}],\"inLanguage\":\"de\"}]}<\/script>\n<!-- \/ Yoast SEO plugin. -->","yoast_head_json":{"title":"Sie suchen einen Toyota Proace Gebrauchtwagen?","description":"Entdecken Sie den Toyota Proace occasion: ein vielseitiges, zuverl\u00e4ssiges Nutzfahrzeug, das jede Aufgabe meistert. Perfekt f\u00fcr Ihr Unternehmen. Sehen Sie sich unser Angebot an!","robots":{"index":"index","follow":"follow","max-snippet":"max-snippet:-1","max-image-preview":"max-image-preview:large","max-video-preview":"max-video-preview:-1"},"canonical":"https:\/\/www.vdhurk.nl\/de\/toyota-nutzfahrzeuge\/proace\/","og_locale":"de_DE","og_type":"article","og_title":"Op zoek naar een Toyota Proace occasion?","og_description":"Ontdek de Toyota Proace occasion: een veelzijdige, betrouwbare bedrijfswagen die elke klus klaart. Perfect voor jouw onderneming. Bekijk ons aanbod!","og_url":"https:\/\/www.vdhurk.nl\/de\/toyota-nutzfahrzeuge\/proace\/","og_site_name":"Van den Hurk Bedrijfswagens","twitter_card":"summary_large_image","twitter_misc":{"Gesch\u00e4tzte Lesezeit":"4\u00a0Minuten"},"schema":{"@context":"https:\/\/schema.org","@graph":[{"@type":"WebPage","@id":"https:\/\/www.vdhurk.nl\/toyota-bedrijfswagens\/proace\/","url":"https:\/\/www.vdhurk.nl\/toyota-bedrijfswagens\/proace\/","name":"Sie suchen einen Toyota Proace Gebrauchtwagen?","isPartOf":{"@id":"https:\/\/www.vdhurk.nl\/#website"},"datePublished":"2024-12-05T12:37:02+00:00","description":"Entdecken Sie den Toyota Proace occasion: ein vielseitiges, zuverl\u00e4ssiges Nutzfahrzeug, das jede Aufgabe meistert. Perfekt f\u00fcr Ihr Unternehmen. Sehen Sie sich unser Angebot an!","breadcrumb":{"@id":"https:\/\/www.vdhurk.nl\/toyota-bedrijfswagens\/proace\/#breadcrumb"},"inLanguage":"de","potentialAction":[{"@type":"ReadAction","target":["https:\/\/www.vdhurk.nl\/toyota-bedrijfswagens\/proace\/"]}]},{"@type":"BreadcrumbList","@id":"https:\/\/www.vdhurk.nl\/toyota-bedrijfswagens\/proace\/#breadcrumb","itemListElement":[{"@type":"ListItem","position":1,"name":"Home","item":"https:\/\/www.vdhurk.nl\/home\/"},{"@type":"ListItem","position":2,"name":"Toyota Bedrijfswagens","item":"https:\/\/www.vdhurk.nl\/toyota-bedrijfswagens\/"},{"@type":"ListItem","position":3,"name":"Toyota Proace"}]},{"@type":"WebSite","@id":"https:\/\/www.vdhurk.nl\/#website","url":"https:\/\/www.vdhurk.nl\/","name":"Van den Hurk Nutzfahrzeuge","description":"Van den Hurk Nutzfahrzeuge Helmond","potentialAction":[{"@type":"SearchAction","target":{"@type":"EntryPoint","urlTemplate":"https:\/\/www.vdhurk.nl\/?s={search_term_string}"},"query-input":{"@type":"PropertyValueSpecification","valueRequired":true,"valueName":"search_term_string"}}],"inLanguage":"de"}]}},"_links":{"self":[{"href":"https:\/\/www.vdhurk.nl\/de\/wp-json\/wp\/v2\/pages\/422133","targetHints":{"allow":["GET"]}}],"collection":[{"href":"https:\/\/www.vdhurk.nl\/de\/wp-json\/wp\/v2\/pages"}],"about":[{"href":"https:\/\/www.vdhurk.nl\/de\/wp-json\/wp\/v2\/types\/page"}],"author":[{"embeddable":true,"href":"https:\/\/www.vdhurk.nl\/de\/wp-json\/wp\/v2\/users\/3"}],"replies":[{"embeddable":true,"href":"https:\/\/www.vdhurk.nl\/de\/wp-json\/wp\/v2\/comments?post=422133"}],"version-history":[{"count":1,"href":"https:\/\/www.vdhurk.nl\/de\/wp-json\/wp\/v2\/pages\/422133\/revisions"}],"predecessor-version":[{"id":422181,"href":"https:\/\/www.vdhurk.nl\/de\/wp-json\/wp\/v2\/pages\/422133\/revisions\/422181"}],"up":[{"embeddable":true,"href":"https:\/\/www.vdhurk.nl\/de\/wp-json\/wp\/v2\/pages\/398333"}],"wp:attachment":[{"href":"https:\/\/www.vdhurk.nl\/de\/wp-json\/wp\/v2\/media?parent=422133"}],"curies":[{"name":"wp","href":"https:\/\/api.w.org\/{rel}","templated":true}]}}