{"id":422104,"date":"2024-12-05T12:27:14","date_gmt":"2024-12-05T11:27:14","guid":{"rendered":"https:\/\/www.vdhurk.nl\/?page_id=422104"},"modified":"2024-12-05T12:27:14","modified_gmt":"2024-12-05T11:27:14","slug":"movano","status":"publish","type":"page","link":"https:\/\/www.vdhurk.nl\/de\/opel-bedrijfswagens\/movano\/","title":{"rendered":"Movano \u00f6ffnen"},"content":{"rendered":"<section  class='av_textblock_section av-lu8gnh7d-4ac895489941e586c1d7c8cb72318135'  itemscope=\"itemscope\" itemtype=\"https:\/\/schema.org\/CreativeWork\" ><div class='avia_textblock'  itemprop=\"text\" ><h1>Werden Sie sich f\u00fcr den Opel Movano entscheiden?<\/h1>\n<p>Sind Sie auf der Suche nach dem idealen Nutzfahrzeug? Dann ist der Opel Movano auf jeden Fall eine \u00dcberlegung wert. Dieses Nutzfahrzeug ist bei Gesch\u00e4ftsleuten sehr beliebt, und das aus gutem Grund. Sie fragen sich, ob der Opel Movano Ihren Anforderungen entspricht? Lesen Sie weiter und entdecken Sie alle seine Vorteile.<\/p>\n<\/div><\/section>\n\n<style type=\"text\/css\" data-created_by=\"avia_inline_auto\" id=\"style-css-av-lujjddpd-afa3d7a9eabd61123e643ed1228e781e\">\n#top .hr.hr-invisible.av-lujjddpd-afa3d7a9eabd61123e643ed1228e781e{\nheight:50px;\n}\n<\/style>\n<div  class='hr av-lujjddpd-afa3d7a9eabd61123e643ed1228e781e hr-invisible  avia-builder-el-1  el_after_av_textblock  el_before_av_codeblock'><span class='hr-inner'><span class=\"hr-inner-style\"><\/span><\/span><\/div>\n\n\n<style type=\"text\/css\" data-created_by=\"avia_inline_auto\" id=\"style-css-av-ah0xd-63338d9dc6b40410e22a712829c369d6\">\n#top .hr.hr-invisible.av-ah0xd-63338d9dc6b40410e22a712829c369d6{\nheight:50px;\n}\n<\/style>\n<div  class='hr av-ah0xd-63338d9dc6b40410e22a712829c369d6 hr-invisible  avia-builder-el-3  el_after_av_codeblock  el_before_av_textblock'><span class='hr-inner'><span class=\"hr-inner-style\"><\/span><\/span><\/div>\n<section  class='av_textblock_section av-lu8gow1e-300853e458ed741bd87d6cb78e55cc7a'  itemscope=\"itemscope\" itemtype=\"https:\/\/schema.org\/CreativeWork\" ><div class='avia_textblock'  itemprop=\"text\" ><h2>Technische Daten des Opel Movano<\/h2>\n<p>Der Opel Movano bietet alles, was Sie von einem Nutzfahrzeug erwarten. Mit seiner beeindruckenden Nutzlast ist er perfekt f\u00fcr den Transport von kleinen und gro\u00dfen Lasten geeignet. Dank der Vielseitigkeit und Zuverl\u00e4ssigkeit dieses Modells k\u00f6nnen Sie sicher sein, dass Sie ein Fahrzeug haben, das jede gesch\u00e4ftliche Herausforderung meistert. Au\u00dferdem ist der Movano in verschiedenen Ausstattungsvarianten erh\u00e4ltlich, so dass Sie immer eine Variante finden, die Ihren speziellen Bed\u00fcrfnissen entspricht. Dar\u00fcber hinaus verf\u00fcgt dieses Modell \u00fcber verschiedene Fahrassistenzsysteme, die daf\u00fcr sorgen, dass Sie immer sicher unterwegs sind. Mit seinem effizienten Design und seinem hohen Fahrkomfort hilft Ihnen der Opel Movano, das Beste aus Ihrem Arbeitstag herauszuholen und Ihr Unternehmen auf die n\u00e4chste Stufe zu heben.<\/p>\n<\/div><\/section>\n<div class='flex_column av-f64w1-da126f42b61613402309283c14245a25 av_one_half  avia-builder-el-5  el_after_av_textblock  el_before_av_one_third  first flex_column_div column-top-margin'   ><section  class='av_textblock_section av-lu8gpqre-73cc2c17e6a6497ba6e1b58af22bd9e8'  itemscope=\"itemscope\" itemtype=\"https:\/\/schema.org\/CreativeWork\" ><div class='avia_textblock'  itemprop=\"text\" ><h2>Verschiedene Versionen<\/h2>\n<p>Mit dem Opel Movano entscheiden Sie sich f\u00fcr ein Nutzfahrzeug, das ganz auf Ihre Bed\u00fcrfnisse zugeschnitten ist. Dieses Modell ist in verschiedenen Ausf\u00fchrungen erh\u00e4ltlich, zum Beispiel als Kastenwagen oder als Doppelkabine. Au\u00dferdem k\u00f6nnen Sie zwischen verschiedenen Dachh\u00f6hen w\u00e4hlen, so dass Sie immer die perfekte Kombination f\u00fcr Ihren Transportbedarf finden werden. Die Nutzlast variiert je nach Ausf\u00fchrung, so dass Sie genau das Modell w\u00e4hlen k\u00f6nnen, das zu den Lasten passt, die Sie transportieren m\u00f6chten. Sie haben noch nicht ganz gefunden, was Sie suchen? Kein Grund zur Sorge. Unser Angebot \u00e4ndert sich st\u00e4ndig, so dass Ihr ideales Nutzfahrzeug ganz pl\u00f6tzlich verf\u00fcgbar sein kann. Behalten Sie uns <a href=\"https:\/\/www.vdhurk.nl\/de\/nutzfahrzeuge\/\">aktuelles Angebot<\/a> im Auge behalten. Suchen Sie ein bestimmtes Modell? Informieren Sie uns \u00fcber unser <a href=\"https:\/\/www.vdhurk.nl\/de\/aktienalarm\/\">Stockalert<\/a>und wir helfen Ihnen, den perfekten Firmenwagen zu finden.<\/p>\n<\/div><\/section><\/div><div class='flex_column av-aldk9-ee694297f5c4032981677a02caab84d6 av_one_third  avia-builder-el-7  el_after_av_one_half  el_before_av_hr  flex_column_div column-top-margin'   ><style type=\"text\/css\" data-created_by=\"avia_inline_auto\" id=\"style-css-av-l1w9kpsf-4ec3fab772ec7a9adaa33cfc64ff0475\">\n.avia-image-container.av-l1w9kpsf-4ec3fab772ec7a9adaa33cfc64ff0475 .av-image-caption-overlay-center{\ncolor:#ffffff;\n}\n<\/style>\n<div  class='avia-image-container av-l1w9kpsf-4ec3fab772ec7a9adaa33cfc64ff0475 av-styling- avia-align-center  avia-builder-el-8  avia-builder-el-no-sibling'  itemprop=\"image\" itemscope=\"itemscope\" itemtype=\"https:\/\/schema.org\/ImageObject\" ><div class=\"avia-image-container-inner\"><div class=\"avia-image-overlay-wrap\"><img decoding=\"async\" class='wp-image-187 avia-img-lazy-loading-not-187 avia_image' src=\"https:\/\/www.vdhurk.nl\/wp-content\/uploads\/2022\/03\/Voorrad.png\" alt='' title='Lagerbestand'  height=\"758\" width=\"1135\"  itemprop=\"thumbnailUrl\" srcset=\"https:\/\/www.vdhurk.nl\/wp-content\/uploads\/2022\/03\/Voorrad.png 1135w, https:\/\/www.vdhurk.nl\/wp-content\/uploads\/2022\/03\/Voorrad-300x200.png 300w, https:\/\/www.vdhurk.nl\/wp-content\/uploads\/2022\/03\/Voorrad-1030x688.png 1030w, https:\/\/www.vdhurk.nl\/wp-content\/uploads\/2022\/03\/Voorrad-768x513.png 768w, https:\/\/www.vdhurk.nl\/wp-content\/uploads\/2022\/03\/Voorrad-18x12.png 18w, https:\/\/www.vdhurk.nl\/wp-content\/uploads\/2022\/03\/Voorrad-705x471.png 705w\" sizes=\"(max-width: 1135px) 100vw, 1135px\" \/><\/div><\/div><\/div><\/div><\/p>\n\n<style type=\"text\/css\" data-created_by=\"avia_inline_auto\" id=\"style-css-av-luqrjpjc-5a23a1fb5f94718ca85316a9df963e2f\">\n#top .hr.hr-invisible.av-luqrjpjc-5a23a1fb5f94718ca85316a9df963e2f{\nheight:50px;\n}\n<\/style>\n<div  class='hr av-luqrjpjc-5a23a1fb5f94718ca85316a9df963e2f hr-invisible  avia-builder-el-9  el_after_av_one_third  el_before_av_textblock'><span class='hr-inner'><span class=\"hr-inner-style\"><\/span><\/span><\/div>\n<section  class='av_textblock_section av-lu8gtjw7-4f3cee9304909518d86d2860d9d582dd'  itemscope=\"itemscope\" itemtype=\"https:\/\/schema.org\/CreativeWork\" ><div class='avia_textblock'  itemprop=\"text\" ><h2>Wie sieht es mit den Preisen aus?<\/h2>\n<p>Wenn Sie einen Firmenwagen kaufen m\u00f6chten, ist der Preis nat\u00fcrlich ein wichtiger Faktor. Bei Van den Hurk finden Sie dieses Modell sowohl als Neuwagen als auch als Gebrauchtwagen f\u00fcr jedes Budget. Der Preis h\u00e4ngt von Faktoren wie dem Modell, dem Baujahr und dem Kilometerstand ab. Egal, ob Sie sich f\u00fcr ein neues Modell oder einen zuverl\u00e4ssigen Gebrauchten entscheiden, Sie k\u00f6nnen sich immer auf ein ausgezeichnetes Preis-Leistungs-Verh\u00e4ltnis verlassen. Ben\u00f6tigen Sie eine genauere Preisangabe? Dann setzen Sie sich mit uns in Verbindung. Wir helfen Ihnen gerne weiter.<\/p>\n<h2>Einen Opel Movano leasen oder kaufen?<\/h2>\n<p>Wussten Sie, dass Sie bei Van den Hurk mehrere Zahlungsm\u00f6glichkeiten haben? Neben dem Direktkauf k\u00f6nnen Sie sich auch entscheiden f\u00fcr <a href=\"https:\/\/www.vdhurk.nl\/de\/finanzierungsleasing\/\">Finanzierungsleasing<\/a>. Bei dieser flexiblen Option zahlen Sie einen festen Betrag pro Monat und werden nach und nach Eigent\u00fcmer des Firmenfahrzeugs. Am Ende des Leasingvertrags geh\u00f6rt das Nutzfahrzeug ganz Ihnen. Ein Finanzierungsleasing ist ideal, wenn Sie Ihr Unternehmen ausbauen wollen, ohne sofort einen hohen Betrag zu investieren. Auf diese Weise behalten Sie finanziellen Spielraum f\u00fcr andere wichtige Ausgaben.<\/p>\n<h2>Finden Sie Ihren idealen Opel Movano<\/h2>\n<p>M\u00f6chten Sie einen Opel Movano kaufen? Oder brauchen Sie nur ein paar Informationen, um zu wissen, dass ein Opel Movano gebraucht oder neu Ihr perfektes Nutzfahrzeug ist? Kein Problem! Wir denken gerne mit Ihnen mit, damit Sie die richtige Wahl treffen. Nehmen Sie Kontakt mit uns auf, um weitere Informationen zu erhalten, oder st\u00f6bern Sie in der Modellpalette, um Opel Movano Modelle zu entdecken.<\/p>\n<\/div><\/section>","protected":false},"excerpt":{"rendered":"","protected":false},"author":3,"featured_media":0,"parent":372050,"menu_order":0,"comment_status":"closed","ping_status":"closed","template":"","meta":{"_acf_changed":false,"_improvement_type_select":"improve_an_existing","_thumb_yes_seoaic":false,"_frame_yes_seoaic":false,"seoaic_generate_description":"","seoaic_improve_instructions_prompt":"","seoaic_rollback_content_improvement":"","seoaic_idea_thumbnail_generator":"","thumbnail_generated":false,"thumbnail_generate_prompt":"","seoaic_article_description":"","footnotes":""},"class_list":["post-422104","page","type-page","status-publish","hentry"],"acf":[],"yoast_head":"<!-- This site is optimized with the Yoast SEO plugin v27.5 - https:\/\/yoast.com\/product\/yoast-seo-wordpress\/ -->\n<title>Opel Movano occasion kopen?<\/title>\n<meta name=\"description\" content=\"Op zoek naar een Opel Movano occasion? Bekijk het aanbod en ontdek de voordelen van deze betrouwbare en veelzijdige bedrijfswagen.\" \/>\n<meta name=\"robots\" content=\"index, follow, max-snippet:-1, max-image-preview:large, max-video-preview:-1\" \/>\n<link rel=\"canonical\" href=\"https:\/\/www.vdhurk.nl\/de\/vauxhall-nutzfahrzeuge\/movano\/\" \/>\n<meta property=\"og:locale\" content=\"de_DE\" \/>\n<meta property=\"og:type\" content=\"article\" \/>\n<meta property=\"og:title\" content=\"Opel Movano occasion kopen?\" \/>\n<meta property=\"og:description\" content=\"Op zoek naar een Opel Movano occasion? Bekijk het aanbod en ontdek de voordelen van deze betrouwbare en veelzijdige bedrijfswagen.\" \/>\n<meta property=\"og:url\" content=\"https:\/\/www.vdhurk.nl\/de\/vauxhall-nutzfahrzeuge\/movano\/\" \/>\n<meta property=\"og:site_name\" content=\"Van den Hurk Bedrijfswagens\" \/>\n<meta name=\"twitter:card\" content=\"summary_large_image\" \/>\n<meta name=\"twitter:label1\" content=\"Gesch\u00e4tzte Lesezeit\" \/>\n\t<meta name=\"twitter:data1\" content=\"5\u00a0Minuten\" \/>\n<script type=\"application\/ld+json\" class=\"yoast-schema-graph\">{\"@context\":\"https:\\\/\\\/schema.org\",\"@graph\":[{\"@type\":\"WebPage\",\"@id\":\"https:\\\/\\\/www.vdhurk.nl\\\/opel-bedrijfswagens\\\/movano\\\/\",\"url\":\"https:\\\/\\\/www.vdhurk.nl\\\/opel-bedrijfswagens\\\/movano\\\/\",\"name\":\"Opel Movano occasion kopen?\",\"isPartOf\":{\"@id\":\"https:\\\/\\\/www.vdhurk.nl\\\/#website\"},\"datePublished\":\"2024-12-05T11:27:14+00:00\",\"description\":\"Op zoek naar een Opel Movano occasion? Bekijk het aanbod en ontdek de voordelen van deze betrouwbare en veelzijdige bedrijfswagen.\",\"breadcrumb\":{\"@id\":\"https:\\\/\\\/www.vdhurk.nl\\\/opel-bedrijfswagens\\\/movano\\\/#breadcrumb\"},\"inLanguage\":\"de\",\"potentialAction\":[{\"@type\":\"ReadAction\",\"target\":[\"https:\\\/\\\/www.vdhurk.nl\\\/opel-bedrijfswagens\\\/movano\\\/\"]}]},{\"@type\":\"BreadcrumbList\",\"@id\":\"https:\\\/\\\/www.vdhurk.nl\\\/opel-bedrijfswagens\\\/movano\\\/#breadcrumb\",\"itemListElement\":[{\"@type\":\"ListItem\",\"position\":1,\"name\":\"Home\",\"item\":\"https:\\\/\\\/www.vdhurk.nl\\\/home\\\/\"},{\"@type\":\"ListItem\",\"position\":2,\"name\":\"Opel Bedrijfswagens\",\"item\":\"https:\\\/\\\/www.vdhurk.nl\\\/opel-bedrijfswagens\\\/\"},{\"@type\":\"ListItem\",\"position\":3,\"name\":\"Open Movano\"}]},{\"@type\":\"WebSite\",\"@id\":\"https:\\\/\\\/www.vdhurk.nl\\\/#website\",\"url\":\"https:\\\/\\\/www.vdhurk.nl\\\/\",\"name\":\"Van den Hurk Bedrijfswagens\",\"description\":\"Van den Hurk bedrijfswagens Helmond\",\"potentialAction\":[{\"@type\":\"SearchAction\",\"target\":{\"@type\":\"EntryPoint\",\"urlTemplate\":\"https:\\\/\\\/www.vdhurk.nl\\\/?s={search_term_string}\"},\"query-input\":{\"@type\":\"PropertyValueSpecification\",\"valueRequired\":true,\"valueName\":\"search_term_string\"}}],\"inLanguage\":\"de\"}]}<\/script>\n<!-- \/ Yoast SEO plugin. -->","yoast_head_json":{"title":"Vauxhall Movano kaufen Gelegenheit?","description":"Suchen Sie nach einem Opel Movano Gelegenheit? Schauen Sie sich das Angebot an und entdecken Sie die Vorteile dieses zuverl\u00e4ssigen und vielseitigen Nutzfahrzeugs.","robots":{"index":"index","follow":"follow","max-snippet":"max-snippet:-1","max-image-preview":"max-image-preview:large","max-video-preview":"max-video-preview:-1"},"canonical":"https:\/\/www.vdhurk.nl\/de\/vauxhall-nutzfahrzeuge\/movano\/","og_locale":"de_DE","og_type":"article","og_title":"Opel Movano occasion kopen?","og_description":"Op zoek naar een Opel Movano occasion? Bekijk het aanbod en ontdek de voordelen van deze betrouwbare en veelzijdige bedrijfswagen.","og_url":"https:\/\/www.vdhurk.nl\/de\/vauxhall-nutzfahrzeuge\/movano\/","og_site_name":"Van den Hurk Bedrijfswagens","twitter_card":"summary_large_image","twitter_misc":{"Gesch\u00e4tzte Lesezeit":"5\u00a0Minuten"},"schema":{"@context":"https:\/\/schema.org","@graph":[{"@type":"WebPage","@id":"https:\/\/www.vdhurk.nl\/opel-bedrijfswagens\/movano\/","url":"https:\/\/www.vdhurk.nl\/opel-bedrijfswagens\/movano\/","name":"Vauxhall Movano kaufen Gelegenheit?","isPartOf":{"@id":"https:\/\/www.vdhurk.nl\/#website"},"datePublished":"2024-12-05T11:27:14+00:00","description":"Suchen Sie nach einem Opel Movano Gelegenheit? Schauen Sie sich das Angebot an und entdecken Sie die Vorteile dieses zuverl\u00e4ssigen und vielseitigen Nutzfahrzeugs.","breadcrumb":{"@id":"https:\/\/www.vdhurk.nl\/opel-bedrijfswagens\/movano\/#breadcrumb"},"inLanguage":"de","potentialAction":[{"@type":"ReadAction","target":["https:\/\/www.vdhurk.nl\/opel-bedrijfswagens\/movano\/"]}]},{"@type":"BreadcrumbList","@id":"https:\/\/www.vdhurk.nl\/opel-bedrijfswagens\/movano\/#breadcrumb","itemListElement":[{"@type":"ListItem","position":1,"name":"Home","item":"https:\/\/www.vdhurk.nl\/home\/"},{"@type":"ListItem","position":2,"name":"Opel Bedrijfswagens","item":"https:\/\/www.vdhurk.nl\/opel-bedrijfswagens\/"},{"@type":"ListItem","position":3,"name":"Open Movano"}]},{"@type":"WebSite","@id":"https:\/\/www.vdhurk.nl\/#website","url":"https:\/\/www.vdhurk.nl\/","name":"Van den Hurk Nutzfahrzeuge","description":"Van den Hurk Nutzfahrzeuge Helmond","potentialAction":[{"@type":"SearchAction","target":{"@type":"EntryPoint","urlTemplate":"https:\/\/www.vdhurk.nl\/?s={search_term_string}"},"query-input":{"@type":"PropertyValueSpecification","valueRequired":true,"valueName":"search_term_string"}}],"inLanguage":"de"}]}},"_links":{"self":[{"href":"https:\/\/www.vdhurk.nl\/de\/wp-json\/wp\/v2\/pages\/422104","targetHints":{"allow":["GET"]}}],"collection":[{"href":"https:\/\/www.vdhurk.nl\/de\/wp-json\/wp\/v2\/pages"}],"about":[{"href":"https:\/\/www.vdhurk.nl\/de\/wp-json\/wp\/v2\/types\/page"}],"author":[{"embeddable":true,"href":"https:\/\/www.vdhurk.nl\/de\/wp-json\/wp\/v2\/users\/3"}],"replies":[{"embeddable":true,"href":"https:\/\/www.vdhurk.nl\/de\/wp-json\/wp\/v2\/comments?post=422104"}],"version-history":[{"count":1,"href":"https:\/\/www.vdhurk.nl\/de\/wp-json\/wp\/v2\/pages\/422104\/revisions"}],"predecessor-version":[{"id":422105,"href":"https:\/\/www.vdhurk.nl\/de\/wp-json\/wp\/v2\/pages\/422104\/revisions\/422105"}],"up":[{"embeddable":true,"href":"https:\/\/www.vdhurk.nl\/de\/wp-json\/wp\/v2\/pages\/372050"}],"wp:attachment":[{"href":"https:\/\/www.vdhurk.nl\/de\/wp-json\/wp\/v2\/media?parent=422104"}],"curies":[{"name":"wp","href":"https:\/\/api.w.org\/{rel}","templated":true}]}}