{"id":422100,"date":"2024-12-05T12:17:00","date_gmt":"2024-12-05T11:17:00","guid":{"rendered":"https:\/\/www.vdhurk.nl\/?page_id=422100"},"modified":"2024-12-05T12:17:00","modified_gmt":"2024-12-05T11:17:00","slug":"vivaro","status":"publish","type":"page","link":"https:\/\/www.vdhurk.nl\/de\/opel-bedrijfswagens\/vivaro\/","title":{"rendered":"Vivaro \u00f6ffnen"},"content":{"rendered":"<section  class='av_textblock_section av-lu8gnh7d-4ac895489941e586c1d7c8cb72318135'  itemscope=\"itemscope\" itemtype=\"https:\/\/schema.org\/CreativeWork\" ><div class='avia_textblock'  itemprop=\"text\" ><h1>Vauxhall Vivaro gelegentlich kaufen?<\/h1>\n<p>Sie brauchen ein zuverl\u00e4ssiges Fahrzeug? Dann ziehen Sie einen Opel Vivaro Gebrauchtwagen in Betracht. Dieses Nutzfahrzeug ist zuverl\u00e4ssig, vielseitig und bei gewerblichen Nutzern sehr beliebt. Dieses Nutzfahrzeug ist die richtige Wahl f\u00fcr alle, die ein effizientes und langlebiges Nutzfahrzeug suchen. Lesen Sie alles \u00fcber dieses beliebte Modell und finden Sie heraus, ob es zu Ihren gesch\u00e4ftlichen Anforderungen passt.<\/p>\n<\/div><\/section>\n\n<style type=\"text\/css\" data-created_by=\"avia_inline_auto\" id=\"style-css-av-lujjddpd-afa3d7a9eabd61123e643ed1228e781e\">\n#top .hr.hr-invisible.av-lujjddpd-afa3d7a9eabd61123e643ed1228e781e{\nheight:50px;\n}\n<\/style>\n<div  class='hr av-lujjddpd-afa3d7a9eabd61123e643ed1228e781e hr-invisible  avia-builder-el-1  el_after_av_textblock  el_before_av_codeblock'><span class='hr-inner'><span class=\"hr-inner-style\"><\/span><\/span><\/div>\n\n\n<style type=\"text\/css\" data-created_by=\"avia_inline_auto\" id=\"style-css-av-ah0xd-63338d9dc6b40410e22a712829c369d6\">\n#top .hr.hr-invisible.av-ah0xd-63338d9dc6b40410e22a712829c369d6{\nheight:50px;\n}\n<\/style>\n<div  class='hr av-ah0xd-63338d9dc6b40410e22a712829c369d6 hr-invisible  avia-builder-el-3  el_after_av_codeblock  el_before_av_textblock'><span class='hr-inner'><span class=\"hr-inner-style\"><\/span><\/span><\/div>\n<section  class='av_textblock_section av-lu8gow1e-300853e458ed741bd87d6cb78e55cc7a'  itemscope=\"itemscope\" itemtype=\"https:\/\/schema.org\/CreativeWork\" ><div class='avia_textblock'  itemprop=\"text\" ><h2>Opel Vivaro aus zweiter Hand: Entdecken Sie die Vorteile dieses Modells<\/h2>\n<p>Wie andere <a href=\"https:\/\/www.vdhurk.nl\/de\/vauxhall-nutzfahrzeuge\/\">Opel-Nutzfahrzeuge<\/a> in mehreren Bereichen aus, was es zu einer beliebten Wahl bei Gesch\u00e4ftskunden macht:<\/p>\n<ul>\n<li><strong>Sicherheitsmerkmale:<\/strong> Bei diesem Modell steht Ihre Sicherheit an erster Stelle. Mit fortschrittlichen Systemen wie dem Spurhalteassistenten, dem Notbremssystem und den Parksensoren ist Ihnen eine sichere Fahrt gewiss.<\/li>\n<li><strong>Ger\u00e4umiger Innenraum<\/strong>Der Innenraum des Vivaro bietet nicht nur Komfort f\u00fcr Sie und Ihre Fahrg\u00e4ste, sondern ist auch sehr praktisch. Dank der cleveren Ablagem\u00f6glichkeiten k\u00f6nnen Sie Werkzeuge oder andere Notwendigkeiten leicht organisieren.<\/li>\n<li><strong>Unterschiedliche Ladel\u00e4ngen:<\/strong> passt sich dieses Modell m\u00fchelos an Ihren Transportbedarf an. W\u00e4hlen Sie aus verschiedenen Ladel\u00e4ngen, geeignet f\u00fcr kleine Pakete bis hin zu gro\u00dfen Ladungen. So haben Sie immer die richtige L\u00f6sung zur Hand.<\/li>\n<li><strong>Effiziente Motorleistung:<\/strong> Mit dem Opel Vivaro entscheiden Sie sich f\u00fcr Effizienz und Nachhaltigkeit. Die verbrauchsarmen Motoren reduzieren den Kraftstoffverbrauch und die Emissionen - positiv f\u00fcr die Umwelt und Ihren Geldbeutel.<\/li>\n<\/ul>\n<p>Kurzum, es gibt viele Vorteile, die f\u00fcr einen Opel Vivaro sprechen.<\/p>\n<\/div><\/section>\n<div class='flex_column av-f64w1-da126f42b61613402309283c14245a25 av_one_half  avia-builder-el-5  el_after_av_textblock  el_before_av_one_third  first flex_column_div column-top-margin'   ><section  class='av_textblock_section av-lu8gpqre-73cc2c17e6a6497ba6e1b58af22bd9e8'  itemscope=\"itemscope\" itemtype=\"https:\/\/schema.org\/CreativeWork\" ><div class='avia_textblock'  itemprop=\"text\" ><h2>Wof\u00fcr ist der Opel Vivaro bekannt?<\/h2>\n<p>Der Opel Vivaro ist ein vielseitiger Mid-Size-Van, der in einer Vielzahl von Versionen erh\u00e4ltlich ist. Ganz gleich, ob Sie gro\u00dfe Transporte durchf\u00fchren oder t\u00e4gliche Gesch\u00e4ftsreisen unternehmen m\u00fcssen, der Vivaro passt sich m\u00fchelos an Ihre Bed\u00fcrfnisse an. Einer seiner gr\u00f6\u00dften Vorteile ist sein benutzerfreundliches Design: Die Heckt\u00fcren lassen sich besonders weit \u00f6ffnen, was das Be- und Entladen erleichtert. Auch der Innenraum ist sehr praktisch gestaltet. Dank seiner robusten Materialien h\u00e4lt der Vivaro einer intensiven Nutzung stand und garantiert Ihnen einen langlebigen und zuverl\u00e4ssigen Partner f\u00fcr Ihre Arbeit.<\/p>\n<\/div><\/section><\/div><div class='flex_column av-aldk9-ee694297f5c4032981677a02caab84d6 av_one_third  avia-builder-el-7  el_after_av_one_half  el_before_av_hr  flex_column_div column-top-margin'   ><style type=\"text\/css\" data-created_by=\"avia_inline_auto\" id=\"style-css-av-l1w9kpsf-4ec3fab772ec7a9adaa33cfc64ff0475\">\n.avia-image-container.av-l1w9kpsf-4ec3fab772ec7a9adaa33cfc64ff0475 .av-image-caption-overlay-center{\ncolor:#ffffff;\n}\n<\/style>\n<div  class='avia-image-container av-l1w9kpsf-4ec3fab772ec7a9adaa33cfc64ff0475 av-styling- avia-align-center  avia-builder-el-8  avia-builder-el-no-sibling'  itemprop=\"image\" itemscope=\"itemscope\" itemtype=\"https:\/\/schema.org\/ImageObject\" ><div class=\"avia-image-container-inner\"><div class=\"avia-image-overlay-wrap\"><img decoding=\"async\" class='wp-image-187 avia-img-lazy-loading-not-187 avia_image' src=\"https:\/\/www.vdhurk.nl\/wp-content\/uploads\/2022\/03\/Voorrad.png\" alt='' title='Lagerbestand'  height=\"758\" width=\"1135\"  itemprop=\"thumbnailUrl\" srcset=\"https:\/\/www.vdhurk.nl\/wp-content\/uploads\/2022\/03\/Voorrad.png 1135w, https:\/\/www.vdhurk.nl\/wp-content\/uploads\/2022\/03\/Voorrad-300x200.png 300w, https:\/\/www.vdhurk.nl\/wp-content\/uploads\/2022\/03\/Voorrad-1030x688.png 1030w, https:\/\/www.vdhurk.nl\/wp-content\/uploads\/2022\/03\/Voorrad-768x513.png 768w, https:\/\/www.vdhurk.nl\/wp-content\/uploads\/2022\/03\/Voorrad-18x12.png 18w, https:\/\/www.vdhurk.nl\/wp-content\/uploads\/2022\/03\/Voorrad-705x471.png 705w\" sizes=\"(max-width: 1135px) 100vw, 1135px\" \/><\/div><\/div><\/div><\/div><\/p>\n\n<style type=\"text\/css\" data-created_by=\"avia_inline_auto\" id=\"style-css-av-luqrjpjc-5a23a1fb5f94718ca85316a9df963e2f\">\n#top .hr.hr-invisible.av-luqrjpjc-5a23a1fb5f94718ca85316a9df963e2f{\nheight:50px;\n}\n<\/style>\n<div  class='hr av-luqrjpjc-5a23a1fb5f94718ca85316a9df963e2f hr-invisible  avia-builder-el-9  el_after_av_one_third  el_before_av_textblock'><span class='hr-inner'><span class=\"hr-inner-style\"><\/span><\/span><\/div>\n<section  class='av_textblock_section av-lu8gtjw7-4f3cee9304909518d86d2860d9d582dd'  itemscope=\"itemscope\" itemtype=\"https:\/\/schema.org\/CreativeWork\" ><div class='avia_textblock'  itemprop=\"text\" ><h2>Was kostet ein Opel Vivaro?<\/h2>\n<p>Der Preis f\u00fcr einen Opel Vivaro h\u00e4ngt davon ab, was Sie suchen. In unserem Angebot finden Sie alles, von einfachen Basisversionen bis hin zu voll ausgestatteten Modellen mit extra Luxus und Funktionalit\u00e4t. Da sich unser Angebot regelm\u00e4\u00dfig \u00e4ndert, ist es schwierig, eine feste Preisangabe zu machen. Ob Sie nun ein gebrauchtes Modell oder einen neuen Vivaro suchen, es gibt immer eine Option, die Ihren Bed\u00fcrfnissen und Ihrem Budget entspricht.<\/p>\n<h2>Opel Vivaro leasen oder kaufen oder leasen<\/h2>\n<p>Wussten Sie, dass Sie bei Van den Hurk nicht nur ein Nutzfahrzeug kaufen, sondern auch leasen k\u00f6nnen? Mit <a href=\"https:\/\/www.vdhurk.nl\/de\/finanzierungsleasing\/\">Finanzierungsleasing<\/a> Sie zahlen einen festen Betrag pro Monat, so dass Sie nicht auf einmal eine gro\u00dfe Summe investieren m\u00fcssen. W\u00e4hrend der Leasingdauer werden Sie schrittweise zum Eigent\u00fcmer des Fahrzeugs. Ist der Leasingvertrag zu Ende? Dann sind Sie der vollst\u00e4ndige Eigent\u00fcmer!<\/p>\n<h2>Finden Sie Ihr perfektes Fahrzeug<\/h2>\n<p>M\u00f6chten Sie einen Opel Vivaro kaufen? Oder haben Sie zus\u00e4tzliche Informationen H\u00e4ndler? Wir erz\u00e4hlen Ihnen gerne mehr \u00fcber die Opel Vivaro Modelle, damit Sie immer die richtige Wahl treffen. <a href=\"https:\/\/www.vdhurk.nl\/de\/kontakt\/\">Kontakt<\/a> f\u00fcr weitere Informationen oder pr\u00fcfen Sie das aktuelle Angebot, um Ihr perfektes Fahrzeug zu finden.<\/p>\n<\/div><\/section>","protected":false},"excerpt":{"rendered":"","protected":false},"author":3,"featured_media":0,"parent":372050,"menu_order":0,"comment_status":"closed","ping_status":"closed","template":"","meta":{"_acf_changed":false,"_improvement_type_select":"improve_an_existing","_thumb_yes_seoaic":false,"_frame_yes_seoaic":false,"seoaic_generate_description":"","seoaic_improve_instructions_prompt":"","seoaic_rollback_content_improvement":"","seoaic_idea_thumbnail_generator":"","thumbnail_generated":false,"thumbnail_generate_prompt":"","seoaic_article_description":"","footnotes":""},"class_list":["post-422100","page","type-page","status-publish","hentry"],"acf":[],"yoast_head":"<!-- This site is optimized with the Yoast SEO plugin v27.3 - https:\/\/yoast.com\/product\/yoast-seo-wordpress\/ -->\n<title>Op zoek naar een Opel Vivaro occasion? Bekijk het aanbod!<\/title>\n<meta name=\"description\" content=\"Zoek je een betrouwbare Opel Vivaro occasion? Ontdek waarom dit model perfect bij jou past en verken de specificaties en voordelen van dit model.\" \/>\n<meta name=\"robots\" content=\"index, follow, max-snippet:-1, max-image-preview:large, max-video-preview:-1\" \/>\n<link rel=\"canonical\" href=\"https:\/\/www.vdhurk.nl\/de\/vauxhall-nutzfahrzeuge\/vivaro\/\" \/>\n<meta property=\"og:locale\" content=\"de_DE\" \/>\n<meta property=\"og:type\" content=\"article\" \/>\n<meta property=\"og:title\" content=\"Op zoek naar een Opel Vivaro occasion? Bekijk het aanbod!\" \/>\n<meta property=\"og:description\" content=\"Zoek je een betrouwbare Opel Vivaro occasion? Ontdek waarom dit model perfect bij jou past en verken de specificaties en voordelen van dit model.\" \/>\n<meta property=\"og:url\" content=\"https:\/\/www.vdhurk.nl\/de\/vauxhall-nutzfahrzeuge\/vivaro\/\" \/>\n<meta property=\"og:site_name\" content=\"Van den Hurk Bedrijfswagens\" \/>\n<meta name=\"twitter:card\" content=\"summary_large_image\" \/>\n<meta name=\"twitter:label1\" content=\"Gesch\u00e4tzte Lesezeit\" \/>\n\t<meta name=\"twitter:data1\" content=\"4\u00a0Minuten\" \/>\n<script type=\"application\/ld+json\" class=\"yoast-schema-graph\">{\"@context\":\"https:\\\/\\\/schema.org\",\"@graph\":[{\"@type\":\"WebPage\",\"@id\":\"https:\\\/\\\/www.vdhurk.nl\\\/opel-bedrijfswagens\\\/vivaro\\\/\",\"url\":\"https:\\\/\\\/www.vdhurk.nl\\\/opel-bedrijfswagens\\\/vivaro\\\/\",\"name\":\"Op zoek naar een Opel Vivaro occasion? Bekijk het aanbod!\",\"isPartOf\":{\"@id\":\"https:\\\/\\\/www.vdhurk.nl\\\/#website\"},\"datePublished\":\"2024-12-05T11:17:00+00:00\",\"description\":\"Zoek je een betrouwbare Opel Vivaro occasion? Ontdek waarom dit model perfect bij jou past en verken de specificaties en voordelen van dit model.\",\"breadcrumb\":{\"@id\":\"https:\\\/\\\/www.vdhurk.nl\\\/opel-bedrijfswagens\\\/vivaro\\\/#breadcrumb\"},\"inLanguage\":\"de\",\"potentialAction\":[{\"@type\":\"ReadAction\",\"target\":[\"https:\\\/\\\/www.vdhurk.nl\\\/opel-bedrijfswagens\\\/vivaro\\\/\"]}]},{\"@type\":\"BreadcrumbList\",\"@id\":\"https:\\\/\\\/www.vdhurk.nl\\\/opel-bedrijfswagens\\\/vivaro\\\/#breadcrumb\",\"itemListElement\":[{\"@type\":\"ListItem\",\"position\":1,\"name\":\"Home\",\"item\":\"https:\\\/\\\/www.vdhurk.nl\\\/home\\\/\"},{\"@type\":\"ListItem\",\"position\":2,\"name\":\"Opel Bedrijfswagens\",\"item\":\"https:\\\/\\\/www.vdhurk.nl\\\/opel-bedrijfswagens\\\/\"},{\"@type\":\"ListItem\",\"position\":3,\"name\":\"Open Vivaro\"}]},{\"@type\":\"WebSite\",\"@id\":\"https:\\\/\\\/www.vdhurk.nl\\\/#website\",\"url\":\"https:\\\/\\\/www.vdhurk.nl\\\/\",\"name\":\"Van den Hurk Bedrijfswagens\",\"description\":\"Van den Hurk bedrijfswagens Helmond\",\"potentialAction\":[{\"@type\":\"SearchAction\",\"target\":{\"@type\":\"EntryPoint\",\"urlTemplate\":\"https:\\\/\\\/www.vdhurk.nl\\\/?s={search_term_string}\"},\"query-input\":{\"@type\":\"PropertyValueSpecification\",\"valueRequired\":true,\"valueName\":\"search_term_string\"}}],\"inLanguage\":\"de\"}]}<\/script>\n<!-- \/ Yoast SEO plugin. -->","yoast_head_json":{"title":"Suchen Sie einen Opel Vivaro Gebrauchtwagen? Sehen Sie sich das Angebot an!","description":"Sie suchen einen zuverl\u00e4ssigen Opel Vivaro Gebrauchtwagen? Finden Sie heraus, warum dieses Modell genau das Richtige f\u00fcr Sie ist, und entdecken Sie seine Spezifikationen und Vorteile.","robots":{"index":"index","follow":"follow","max-snippet":"max-snippet:-1","max-image-preview":"max-image-preview:large","max-video-preview":"max-video-preview:-1"},"canonical":"https:\/\/www.vdhurk.nl\/de\/vauxhall-nutzfahrzeuge\/vivaro\/","og_locale":"de_DE","og_type":"article","og_title":"Op zoek naar een Opel Vivaro occasion? Bekijk het aanbod!","og_description":"Zoek je een betrouwbare Opel Vivaro occasion? Ontdek waarom dit model perfect bij jou past en verken de specificaties en voordelen van dit model.","og_url":"https:\/\/www.vdhurk.nl\/de\/vauxhall-nutzfahrzeuge\/vivaro\/","og_site_name":"Van den Hurk Bedrijfswagens","twitter_card":"summary_large_image","twitter_misc":{"Gesch\u00e4tzte Lesezeit":"4\u00a0Minuten"},"schema":{"@context":"https:\/\/schema.org","@graph":[{"@type":"WebPage","@id":"https:\/\/www.vdhurk.nl\/opel-bedrijfswagens\/vivaro\/","url":"https:\/\/www.vdhurk.nl\/opel-bedrijfswagens\/vivaro\/","name":"Suchen Sie einen Opel Vivaro Gebrauchtwagen? Sehen Sie sich das Angebot an!","isPartOf":{"@id":"https:\/\/www.vdhurk.nl\/#website"},"datePublished":"2024-12-05T11:17:00+00:00","description":"Sie suchen einen zuverl\u00e4ssigen Opel Vivaro Gebrauchtwagen? Finden Sie heraus, warum dieses Modell genau das Richtige f\u00fcr Sie ist, und entdecken Sie seine Spezifikationen und Vorteile.","breadcrumb":{"@id":"https:\/\/www.vdhurk.nl\/opel-bedrijfswagens\/vivaro\/#breadcrumb"},"inLanguage":"de","potentialAction":[{"@type":"ReadAction","target":["https:\/\/www.vdhurk.nl\/opel-bedrijfswagens\/vivaro\/"]}]},{"@type":"BreadcrumbList","@id":"https:\/\/www.vdhurk.nl\/opel-bedrijfswagens\/vivaro\/#breadcrumb","itemListElement":[{"@type":"ListItem","position":1,"name":"Home","item":"https:\/\/www.vdhurk.nl\/home\/"},{"@type":"ListItem","position":2,"name":"Opel Bedrijfswagens","item":"https:\/\/www.vdhurk.nl\/opel-bedrijfswagens\/"},{"@type":"ListItem","position":3,"name":"Open Vivaro"}]},{"@type":"WebSite","@id":"https:\/\/www.vdhurk.nl\/#website","url":"https:\/\/www.vdhurk.nl\/","name":"Van den Hurk Nutzfahrzeuge","description":"Van den Hurk Nutzfahrzeuge Helmond","potentialAction":[{"@type":"SearchAction","target":{"@type":"EntryPoint","urlTemplate":"https:\/\/www.vdhurk.nl\/?s={search_term_string}"},"query-input":{"@type":"PropertyValueSpecification","valueRequired":true,"valueName":"search_term_string"}}],"inLanguage":"de"}]}},"_links":{"self":[{"href":"https:\/\/www.vdhurk.nl\/de\/wp-json\/wp\/v2\/pages\/422100","targetHints":{"allow":["GET"]}}],"collection":[{"href":"https:\/\/www.vdhurk.nl\/de\/wp-json\/wp\/v2\/pages"}],"about":[{"href":"https:\/\/www.vdhurk.nl\/de\/wp-json\/wp\/v2\/types\/page"}],"author":[{"embeddable":true,"href":"https:\/\/www.vdhurk.nl\/de\/wp-json\/wp\/v2\/users\/3"}],"replies":[{"embeddable":true,"href":"https:\/\/www.vdhurk.nl\/de\/wp-json\/wp\/v2\/comments?post=422100"}],"version-history":[{"count":3,"href":"https:\/\/www.vdhurk.nl\/de\/wp-json\/wp\/v2\/pages\/422100\/revisions"}],"predecessor-version":[{"id":422103,"href":"https:\/\/www.vdhurk.nl\/de\/wp-json\/wp\/v2\/pages\/422100\/revisions\/422103"}],"up":[{"embeddable":true,"href":"https:\/\/www.vdhurk.nl\/de\/wp-json\/wp\/v2\/pages\/372050"}],"wp:attachment":[{"href":"https:\/\/www.vdhurk.nl\/de\/wp-json\/wp\/v2\/media?parent=422100"}],"curies":[{"name":"wp","href":"https:\/\/api.w.org\/{rel}","templated":true}]}}