{"id":409581,"date":"2024-10-16T15:51:18","date_gmt":"2024-10-16T13:51:18","guid":{"rendered":"https:\/\/www.vdhurk.nl\/?page_id=409581"},"modified":"2024-10-16T15:51:18","modified_gmt":"2024-10-16T13:51:18","slug":"mercedes-12","status":"publish","type":"page","link":"https:\/\/www.vdhurk.nl\/de\/opel-bedrijfswagens\/combo\/","title":{"rendered":"Opel Kombi"},"content":{"rendered":"<section  class='av_textblock_section av-lu8gnh7d-4ac895489941e586c1d7c8cb72318135'  itemscope=\"itemscope\" itemtype=\"https:\/\/schema.org\/CreativeWork\" ><div class='avia_textblock'  itemprop=\"text\" ><h1>Finden Sie Ihre perfekte Vauxhall Combo Gelegenheit<\/h1>\n<p>Lernen Sie den Opel Combo kennen: das vielseitige Nutzfahrzeug, das von vielen Unternehmen wegen seiner Flexibilit\u00e4t und Zuverl\u00e4ssigkeit gesch\u00e4tzt wird. Der Opel Combo bietet verschiedene Optionen, um Ihre gesch\u00e4ftlichen Anforderungen zu erf\u00fcllen. Erfahren Sie mehr \u00fcber seine Spezifikationen und Versionen und erleben Sie selbst, warum dieses Nutzfahrzeug bei Unternehmen so beliebt ist.<\/p>\n<\/div><\/section>\n\n<style type=\"text\/css\" data-created_by=\"avia_inline_auto\" id=\"style-css-av-lujjddpd-afa3d7a9eabd61123e643ed1228e781e\">\n#top .hr.hr-invisible.av-lujjddpd-afa3d7a9eabd61123e643ed1228e781e{\nheight:50px;\n}\n<\/style>\n<div  class='hr av-lujjddpd-afa3d7a9eabd61123e643ed1228e781e hr-invisible  avia-builder-el-1  el_after_av_textblock  el_before_av_codeblock'><span class='hr-inner'><span class=\"hr-inner-style\"><\/span><\/span><\/div>\n\n\n<style type=\"text\/css\" data-created_by=\"avia_inline_auto\" id=\"style-css-av-ah0xd-63338d9dc6b40410e22a712829c369d6\">\n#top .hr.hr-invisible.av-ah0xd-63338d9dc6b40410e22a712829c369d6{\nheight:50px;\n}\n<\/style>\n<div  class='hr av-ah0xd-63338d9dc6b40410e22a712829c369d6 hr-invisible  avia-builder-el-3  el_after_av_codeblock  el_before_av_textblock'><span class='hr-inner'><span class=\"hr-inner-style\"><\/span><\/span><\/div>\n<section  class='av_textblock_section av-lu8gow1e-300853e458ed741bd87d6cb78e55cc7a'  itemscope=\"itemscope\" itemtype=\"https:\/\/schema.org\/CreativeWork\" ><div class='avia_textblock'  itemprop=\"text\" ><h2>Welche Spezifikationen hat der Opel Combo?<\/h2>\n<p>Der Opel Combo ist die perfekte Mischung aus kompakt und ger\u00e4umig, mit intelligenten, innovativen L\u00f6sungen, die Ihren Arbeitsalltag ein wenig einfacher machen. Dank seines ergonomischen Designs werden Sie sich nicht nur wohlf\u00fchlen, sondern auch effizienter arbeiten k\u00f6nnen. Der Innenraum ist sowohl funktional als auch stilvoll und bietet ausreichend Platz f\u00fcr Passagiere und Ladung. Je nach Ausf\u00fchrung bietet der Opel Combo ein Ladevolumen von bis zu 4,4 m\u00b3 und eine Nutzlast von bis zu 1.000 kg. Sicherheit steht an erster Stelle: Systeme wie der automatische Notbremsassistent und der Spurhalteassistent sorgen daf\u00fcr, dass Sie immer sicher und entspannt unterwegs sind. Kurzum: Der Opel Combo ist ein echter Allrounder, der sich m\u00fchelos an Ihre gesch\u00e4ftlichen Anforderungen anpasst.<\/p>\n<\/div><\/section>\n<div class='flex_column av-f64w1-da126f42b61613402309283c14245a25 av_one_half  avia-builder-el-5  el_after_av_textblock  el_before_av_one_third  first flex_column_div column-top-margin'   ><section  class='av_textblock_section av-lu8gpqre-73cc2c17e6a6497ba6e1b58af22bd9e8'  itemscope=\"itemscope\" itemtype=\"https:\/\/schema.org\/CreativeWork\" ><div class='avia_textblock'  itemprop=\"text\" ><h2>Verschiedene Versionen<\/h2>\n<p>Der Opel Combo ist in verschiedenen Versionen erh\u00e4ltlich, so dass es immer ein Modell gibt, das zu Ihrem Unternehmen passt. Entscheiden Sie sich f\u00fcr eine manuelle Version f\u00fcr maximale Kontrolle oder entscheiden Sie sich f\u00fcr den Komfort einer Automatik, die besonders im hektischen Stadtverkehr n\u00fctzlich ist? Au\u00dferdem haben Sie die Wahl zwischen verschiedenen Modelljahren, Laufleistungen und Motorisierungen, von sparsamen Dieselmotoren bis hin zu leistungsst\u00e4rkeren Varianten, die sich f\u00fcr schwerere Arbeiten eignen. Dar\u00fcber hinaus unterscheiden sich die Versionen in der Tragf\u00e4higkeit, wobei die Modelle bis zu 1.000 kg tragen k\u00f6nnen. So finden Sie immer einen Combo, der genau zu Ihren gesch\u00e4ftlichen Anforderungen passt.<\/p>\n<\/div><\/section><\/div><div class='flex_column av-aldk9-ee694297f5c4032981677a02caab84d6 av_one_third  avia-builder-el-7  el_after_av_one_half  el_before_av_hr  flex_column_div column-top-margin'   ><style type=\"text\/css\" data-created_by=\"avia_inline_auto\" id=\"style-css-av-l1w9kpsf-4ec3fab772ec7a9adaa33cfc64ff0475\">\n.avia-image-container.av-l1w9kpsf-4ec3fab772ec7a9adaa33cfc64ff0475 .av-image-caption-overlay-center{\ncolor:#ffffff;\n}\n<\/style>\n<div  class='avia-image-container av-l1w9kpsf-4ec3fab772ec7a9adaa33cfc64ff0475 av-styling- avia-align-center  avia-builder-el-8  avia-builder-el-no-sibling'  itemprop=\"image\" itemscope=\"itemscope\" itemtype=\"https:\/\/schema.org\/ImageObject\" ><div class=\"avia-image-container-inner\"><div class=\"avia-image-overlay-wrap\"><img decoding=\"async\" class='wp-image-187 avia-img-lazy-loading-not-187 avia_image' src=\"https:\/\/www.vdhurk.nl\/wp-content\/uploads\/2022\/03\/Voorrad.png\" alt='' title='Lagerbestand'  height=\"758\" width=\"1135\"  itemprop=\"thumbnailUrl\" srcset=\"https:\/\/www.vdhurk.nl\/wp-content\/uploads\/2022\/03\/Voorrad.png 1135w, https:\/\/www.vdhurk.nl\/wp-content\/uploads\/2022\/03\/Voorrad-300x200.png 300w, https:\/\/www.vdhurk.nl\/wp-content\/uploads\/2022\/03\/Voorrad-1030x688.png 1030w, https:\/\/www.vdhurk.nl\/wp-content\/uploads\/2022\/03\/Voorrad-768x513.png 768w, https:\/\/www.vdhurk.nl\/wp-content\/uploads\/2022\/03\/Voorrad-18x12.png 18w, https:\/\/www.vdhurk.nl\/wp-content\/uploads\/2022\/03\/Voorrad-705x471.png 705w\" sizes=\"(max-width: 1135px) 100vw, 1135px\" \/><\/div><\/div><\/div><\/div><\/p>\n\n<style type=\"text\/css\" data-created_by=\"avia_inline_auto\" id=\"style-css-av-luqrjpjc-5a23a1fb5f94718ca85316a9df963e2f\">\n#top .hr.hr-invisible.av-luqrjpjc-5a23a1fb5f94718ca85316a9df963e2f{\nheight:50px;\n}\n<\/style>\n<div  class='hr av-luqrjpjc-5a23a1fb5f94718ca85316a9df963e2f hr-invisible  avia-builder-el-9  el_after_av_one_third  el_before_av_textblock'><span class='hr-inner'><span class=\"hr-inner-style\"><\/span><\/span><\/div>\n<section  class='av_textblock_section av-lu8gtjw7-4f3cee9304909518d86d2860d9d582dd'  itemscope=\"itemscope\" itemtype=\"https:\/\/schema.org\/CreativeWork\" ><div class='avia_textblock'  itemprop=\"text\" ><h2>An welche Preise sollten Sie denken?<\/h2>\n<p>Sie wollen einen Opel Combo kaufen? Dann wollen Sie nat\u00fcrlich wissen, was Sie preislich erwarten k\u00f6nnen. Die Kosten h\u00e4ngen von der Version ab, f\u00fcr die Sie sich entscheiden: entscheiden Sie sich f\u00fcr eine Basisvariante oder bevorzugen Sie ein Modell mit allen Extras? Ob neueres Baujahr, geringerer Kilometerstand oder mehr Luxus - wir haben verschiedene Versionen, die zu Ihrem Budget passen. M\u00f6chten Sie eine konkrete Preisangabe f\u00fcr Ihren idealen Firmenwagen? Nehmen Sie Kontakt mit uns auf, wir denken gerne mit Ihnen mit, um das Passende zu finden.<\/p>\n<h2>Haben Sie schon von Finanzierungsleasing geh\u00f6rt?<\/h2>\n<p>Sie k\u00f6nnen Ihren Opel Combo nat\u00fcrlich auch auf einmal bezahlen, aber es gibt noch eine weitere intelligente M\u00f6glichkeit: <a href=\"https:\/\/www.vdhurk.nl\/de\/finanzierungsleasing\/\">Finanzierungsleasing<\/a>. Beim Leasing eines Opel Combo zahlen Sie einen festen Betrag pro Monat. W\u00e4hrend der Laufzeit des Leasingvertrags werden Sie schrittweise zum Eigent\u00fcmer des Autos. Der gro\u00dfe Vorteil? Sie behalten das Betriebskapital f\u00fcr andere wichtige Investitionen in Ihrem Unternehmen und profitieren gleichzeitig von einem zuverl\u00e4ssigen Firmenwagen. M\u00f6chten Sie mehr \u00fcber die M\u00f6glichkeiten erfahren? Wir helfen Ihnen gerne weiter!<\/p>\n<h2>Treffen Sie den Aktienalarm<\/h2>\n<p>Unser Angebot \u00e4ndert sich regelm\u00e4\u00dfig. Ist Ihr perfekter Firmenwagen heute nicht dabei? Keine Sorge, das kann morgen schon anders sein! Sie wollen nichts verpassen und sofort \u00fcber Neuzug\u00e4nge informiert werden? Dann melden Sie sich f\u00fcr unseren <a href=\"https:\/\/www.vdhurk.nl\/de\/aktienalarm\/\">Aktienalarm<\/a>. So erfahren Sie als Erster, wenn ein Opel Combo gebraucht verf\u00fcgbar ist, der genau Ihren Bed\u00fcrfnissen entspricht. Und vergessen Sie nicht, ein Auge auf unsere aktuellen Angebote zu werfen. Wer wei\u00df, vielleicht ist ja schon bald Ihr idealer gebrauchter Opel Combo dabei!<\/p>\n<\/div><\/section>","protected":false},"excerpt":{"rendered":"","protected":false},"author":3,"featured_media":0,"parent":372050,"menu_order":0,"comment_status":"closed","ping_status":"closed","template":"","meta":{"_acf_changed":false,"_improvement_type_select":"improve_an_existing","_thumb_yes_seoaic":false,"_frame_yes_seoaic":false,"seoaic_generate_description":"","seoaic_improve_instructions_prompt":"","seoaic_rollback_content_improvement":"","seoaic_idea_thumbnail_generator":"","thumbnail_generated":false,"thumbnail_generate_prompt":"","seoaic_article_description":"","footnotes":""},"class_list":["post-409581","page","type-page","status-publish","hentry"],"acf":[],"yoast_head":"<!-- This site is optimized with the Yoast SEO plugin v27.5 - https:\/\/yoast.com\/product\/yoast-seo-wordpress\/ -->\n<title>Op zoek naar een Opel Combo occasion? Bekijk ons aanbod!<\/title>\n<meta name=\"description\" content=\"Een Opel Combo occasion kopen? Ontdek de diverse specificaties en uitvoeringen en vind de ideale match voor jouw zakelijke behoeften.\" \/>\n<meta name=\"robots\" content=\"index, follow, max-snippet:-1, max-image-preview:large, max-video-preview:-1\" \/>\n<link rel=\"canonical\" href=\"https:\/\/www.vdhurk.nl\/de\/vauxhall-nutzfahrzeuge\/mercedes-12\/\" \/>\n<meta property=\"og:locale\" content=\"de_DE\" \/>\n<meta property=\"og:type\" content=\"article\" \/>\n<meta property=\"og:title\" content=\"Op zoek naar een Opel Combo occasion? Bekijk ons aanbod!\" \/>\n<meta property=\"og:description\" content=\"Een Opel Combo occasion kopen? Ontdek de diverse specificaties en uitvoeringen en vind de ideale match voor jouw zakelijke behoeften.\" \/>\n<meta property=\"og:url\" content=\"https:\/\/www.vdhurk.nl\/de\/vauxhall-nutzfahrzeuge\/mercedes-12\/\" \/>\n<meta property=\"og:site_name\" content=\"Van den Hurk Bedrijfswagens\" \/>\n<meta name=\"twitter:card\" content=\"summary_large_image\" \/>\n<meta name=\"twitter:label1\" content=\"Gesch\u00e4tzte Lesezeit\" \/>\n\t<meta name=\"twitter:data1\" content=\"5\u00a0Minuten\" \/>\n<script type=\"application\/ld+json\" class=\"yoast-schema-graph\">{\"@context\":\"https:\\\/\\\/schema.org\",\"@graph\":[{\"@type\":\"WebPage\",\"@id\":\"https:\\\/\\\/www.vdhurk.nl\\\/opel-bedrijfswagens\\\/combo\\\/\",\"url\":\"https:\\\/\\\/www.vdhurk.nl\\\/opel-bedrijfswagens\\\/combo\\\/\",\"name\":\"Op zoek naar een Opel Combo occasion? Bekijk ons aanbod!\",\"isPartOf\":{\"@id\":\"https:\\\/\\\/www.vdhurk.nl\\\/#website\"},\"datePublished\":\"2024-10-16T13:51:18+00:00\",\"description\":\"Een Opel Combo occasion kopen? Ontdek de diverse specificaties en uitvoeringen en vind de ideale match voor jouw zakelijke behoeften.\",\"breadcrumb\":{\"@id\":\"https:\\\/\\\/www.vdhurk.nl\\\/opel-bedrijfswagens\\\/combo\\\/#breadcrumb\"},\"inLanguage\":\"de\",\"potentialAction\":[{\"@type\":\"ReadAction\",\"target\":[\"https:\\\/\\\/www.vdhurk.nl\\\/opel-bedrijfswagens\\\/combo\\\/\"]}]},{\"@type\":\"BreadcrumbList\",\"@id\":\"https:\\\/\\\/www.vdhurk.nl\\\/opel-bedrijfswagens\\\/combo\\\/#breadcrumb\",\"itemListElement\":[{\"@type\":\"ListItem\",\"position\":1,\"name\":\"Home\",\"item\":\"https:\\\/\\\/www.vdhurk.nl\\\/home\\\/\"},{\"@type\":\"ListItem\",\"position\":2,\"name\":\"Opel Bedrijfswagens\",\"item\":\"https:\\\/\\\/www.vdhurk.nl\\\/opel-bedrijfswagens\\\/\"},{\"@type\":\"ListItem\",\"position\":3,\"name\":\"Opel Combo\"}]},{\"@type\":\"WebSite\",\"@id\":\"https:\\\/\\\/www.vdhurk.nl\\\/#website\",\"url\":\"https:\\\/\\\/www.vdhurk.nl\\\/\",\"name\":\"Van den Hurk Bedrijfswagens\",\"description\":\"Van den Hurk bedrijfswagens Helmond\",\"potentialAction\":[{\"@type\":\"SearchAction\",\"target\":{\"@type\":\"EntryPoint\",\"urlTemplate\":\"https:\\\/\\\/www.vdhurk.nl\\\/?s={search_term_string}\"},\"query-input\":{\"@type\":\"PropertyValueSpecification\",\"valueRequired\":true,\"valueName\":\"search_term_string\"}}],\"inLanguage\":\"de\"}]}<\/script>\n<!-- \/ Yoast SEO plugin. -->","yoast_head_json":{"title":"Sie suchen einen Opel Combo Gebrauchtwagen? Sehen Sie sich unser Angebot an!","description":"Sie m\u00f6chten einen Opel Combo kaufen? Entdecken Sie die verschiedenen Spezifikationen und Versionen und finden Sie die ideale Erg\u00e4nzung f\u00fcr Ihre gesch\u00e4ftlichen Anforderungen.","robots":{"index":"index","follow":"follow","max-snippet":"max-snippet:-1","max-image-preview":"max-image-preview:large","max-video-preview":"max-video-preview:-1"},"canonical":"https:\/\/www.vdhurk.nl\/de\/vauxhall-nutzfahrzeuge\/mercedes-12\/","og_locale":"de_DE","og_type":"article","og_title":"Op zoek naar een Opel Combo occasion? Bekijk ons aanbod!","og_description":"Een Opel Combo occasion kopen? Ontdek de diverse specificaties en uitvoeringen en vind de ideale match voor jouw zakelijke behoeften.","og_url":"https:\/\/www.vdhurk.nl\/de\/vauxhall-nutzfahrzeuge\/mercedes-12\/","og_site_name":"Van den Hurk Bedrijfswagens","twitter_card":"summary_large_image","twitter_misc":{"Gesch\u00e4tzte Lesezeit":"5\u00a0Minuten"},"schema":{"@context":"https:\/\/schema.org","@graph":[{"@type":"WebPage","@id":"https:\/\/www.vdhurk.nl\/opel-bedrijfswagens\/combo\/","url":"https:\/\/www.vdhurk.nl\/opel-bedrijfswagens\/combo\/","name":"Sie suchen einen Opel Combo Gebrauchtwagen? Sehen Sie sich unser Angebot an!","isPartOf":{"@id":"https:\/\/www.vdhurk.nl\/#website"},"datePublished":"2024-10-16T13:51:18+00:00","description":"Sie m\u00f6chten einen Opel Combo kaufen? Entdecken Sie die verschiedenen Spezifikationen und Versionen und finden Sie die ideale Erg\u00e4nzung f\u00fcr Ihre gesch\u00e4ftlichen Anforderungen.","breadcrumb":{"@id":"https:\/\/www.vdhurk.nl\/opel-bedrijfswagens\/combo\/#breadcrumb"},"inLanguage":"de","potentialAction":[{"@type":"ReadAction","target":["https:\/\/www.vdhurk.nl\/opel-bedrijfswagens\/combo\/"]}]},{"@type":"BreadcrumbList","@id":"https:\/\/www.vdhurk.nl\/opel-bedrijfswagens\/combo\/#breadcrumb","itemListElement":[{"@type":"ListItem","position":1,"name":"Home","item":"https:\/\/www.vdhurk.nl\/home\/"},{"@type":"ListItem","position":2,"name":"Opel Bedrijfswagens","item":"https:\/\/www.vdhurk.nl\/opel-bedrijfswagens\/"},{"@type":"ListItem","position":3,"name":"Opel Combo"}]},{"@type":"WebSite","@id":"https:\/\/www.vdhurk.nl\/#website","url":"https:\/\/www.vdhurk.nl\/","name":"Van den Hurk Nutzfahrzeuge","description":"Van den Hurk Nutzfahrzeuge Helmond","potentialAction":[{"@type":"SearchAction","target":{"@type":"EntryPoint","urlTemplate":"https:\/\/www.vdhurk.nl\/?s={search_term_string}"},"query-input":{"@type":"PropertyValueSpecification","valueRequired":true,"valueName":"search_term_string"}}],"inLanguage":"de"}]}},"_links":{"self":[{"href":"https:\/\/www.vdhurk.nl\/de\/wp-json\/wp\/v2\/pages\/409581","targetHints":{"allow":["GET"]}}],"collection":[{"href":"https:\/\/www.vdhurk.nl\/de\/wp-json\/wp\/v2\/pages"}],"about":[{"href":"https:\/\/www.vdhurk.nl\/de\/wp-json\/wp\/v2\/types\/page"}],"author":[{"embeddable":true,"href":"https:\/\/www.vdhurk.nl\/de\/wp-json\/wp\/v2\/users\/3"}],"replies":[{"embeddable":true,"href":"https:\/\/www.vdhurk.nl\/de\/wp-json\/wp\/v2\/comments?post=409581"}],"version-history":[{"count":1,"href":"https:\/\/www.vdhurk.nl\/de\/wp-json\/wp\/v2\/pages\/409581\/revisions"}],"predecessor-version":[{"id":409582,"href":"https:\/\/www.vdhurk.nl\/de\/wp-json\/wp\/v2\/pages\/409581\/revisions\/409582"}],"up":[{"embeddable":true,"href":"https:\/\/www.vdhurk.nl\/de\/wp-json\/wp\/v2\/pages\/372050"}],"wp:attachment":[{"href":"https:\/\/www.vdhurk.nl\/de\/wp-json\/wp\/v2\/media?parent=409581"}],"curies":[{"name":"wp","href":"https:\/\/api.w.org\/{rel}","templated":true}]}}