{"id":409559,"date":"2024-10-16T15:40:17","date_gmt":"2024-10-16T13:40:17","guid":{"rendered":"https:\/\/www.vdhurk.nl\/?page_id=409559"},"modified":"2024-10-16T15:40:17","modified_gmt":"2024-10-16T13:40:17","slug":"mercedes-10","status":"publish","type":"page","link":"https:\/\/www.vdhurk.nl\/de\/renault-bedrijfswagens\/kangoo\/","title":{"rendered":"Renault Kangoo"},"content":{"rendered":"<section  class='av_textblock_section av-lu8gnh7d-4ac895489941e586c1d7c8cb72318135'  itemscope=\"itemscope\" itemtype=\"https:\/\/schema.org\/CreativeWork\" ><div class='avia_textblock'  itemprop=\"text\" ><h1>Renault Kangoo occasion: Ihr perfektes Nutzfahrzeug<\/h1>\n<p>Sie suchen ein Nutzfahrzeug, das zuverl\u00e4ssig und vielseitig ist? Dann werfen Sie einen Blick auf einen Renault Kangoo Gebrauchtwagen! Dank der vielen Versionen und Ausstattungen, die Sie auf Ihre Bed\u00fcrfnisse zuschneiden k\u00f6nnen, ist er das perfekte Fahrzeug f\u00fcr jedes Unternehmen. Klingt gut? Lesen Sie schnell weiter und finden Sie heraus, ob der Kangoo genau das ist, was Sie brauchen.<\/p>\n<\/div><\/section>\n\n<style type=\"text\/css\" data-created_by=\"avia_inline_auto\" id=\"style-css-av-lujjddpd-afa3d7a9eabd61123e643ed1228e781e\">\n#top .hr.hr-invisible.av-lujjddpd-afa3d7a9eabd61123e643ed1228e781e{\nheight:50px;\n}\n<\/style>\n<div  class='hr av-lujjddpd-afa3d7a9eabd61123e643ed1228e781e hr-invisible  avia-builder-el-1  el_after_av_textblock  el_before_av_codeblock'><span class='hr-inner'><span class=\"hr-inner-style\"><\/span><\/span><\/div>\n\n\n<style type=\"text\/css\" data-created_by=\"avia_inline_auto\" id=\"style-css-av-ah0xd-63338d9dc6b40410e22a712829c369d6\">\n#top .hr.hr-invisible.av-ah0xd-63338d9dc6b40410e22a712829c369d6{\nheight:50px;\n}\n<\/style>\n<div  class='hr av-ah0xd-63338d9dc6b40410e22a712829c369d6 hr-invisible  avia-builder-el-3  el_after_av_codeblock  el_before_av_textblock'><span class='hr-inner'><span class=\"hr-inner-style\"><\/span><\/span><\/div>\n<section  class='av_textblock_section av-lu8gow1e-300853e458ed741bd87d6cb78e55cc7a'  itemscope=\"itemscope\" itemtype=\"https:\/\/schema.org\/CreativeWork\" ><div class='avia_textblock'  itemprop=\"text\" ><h2>Vollst\u00e4ndig ausgestattet<\/h2>\n<p>Die Modelle des Renault Kangoo sind ganz auf Ihre gesch\u00e4ftlichen Bed\u00fcrfnisse abgestimmt. Mit seinem breiten Heck und den raffiniert verbreiterten Radk\u00e4sten nutzen Sie den Laderaum optimal aus, ohne Platz zu verlieren. Ideal f\u00fcr den Transport von gro\u00dfen Lasten! Alles ist so angeordnet, dass Sie immer leicht auf Ihre Sachen zugreifen k\u00f6nnen. Dieses Fahrzeug ist nicht nur ger\u00e4umig, sondern auch vielseitig. Seine kraftstoffsparenden Motoren machen ihn zu einer wirtschaftlichen Wahl f\u00fcr den t\u00e4glichen Gesch\u00e4ftskomfort. Und der Komfort? Auch das ist genau das Richtige. Der Kangoo verf\u00fcgt \u00fcber einen ergonomischen Innenraum, der lange Fahrten sehr viel angenehmer macht. Und das ist noch nicht alles. Mit den praktischen Fahrassistenzsystemen ist jede Fahrt, ob kurz oder lang, einfach und sicher.<\/p>\n<\/div><\/section>\n<div class='flex_column av-f64w1-da126f42b61613402309283c14245a25 av_one_half  avia-builder-el-5  el_after_av_textblock  el_before_av_one_third  first flex_column_div column-top-margin'   ><section  class='av_textblock_section av-lu8gpqre-73cc2c17e6a6497ba6e1b58af22bd9e8'  itemscope=\"itemscope\" itemtype=\"https:\/\/schema.org\/CreativeWork\" ><div class='avia_textblock'  itemprop=\"text\" ><h2>Verschiedene Versionen<\/h2>\n<p>Ziehen Sie einen Renault Kangoo in Betracht? Dann entdecken Sie die verschiedenen Versionen, die perfekt zu Ihrem Unternehmen passen. Je nach Baujahr verf\u00fcgt dieses Nutzfahrzeug \u00fcber eine Reihe praktischer Ausstattungen. Entscheiden Sie sich f\u00fcr ein Schaltgetriebe oder eine Automatik? Ein Kangoo mit Schaltgetriebe bietet oft mehr Fahrspa\u00df und ist etwas kosteng\u00fcnstiger, w\u00e4hrend ein Automatikfahrzeug ideal ist, um ein H\u00f6chstma\u00df an Benutzerfreundlichkeit und Komfort zu erreichen. Sie haben noch nicht gefunden, was Sie suchen? Das ist kein Problem! Unser Angebot wechselt regelm\u00e4\u00dfig, so dass Ihr idealer Renault Kangoo schon morgen dabei sein k\u00f6nnte. Behalten Sie unser Angebot im Auge oder registrieren Sie sich f\u00fcr den <a href=\"https:\/\/www.vdhurk.nl\/de\/aktienalarm\/\">Aktienalarm<\/a> und wir werden Sie auf dem Laufenden halten. Auf diese Weise verpassen Sie nie das perfekte Angebot f\u00fcr Ihr Unternehmen.<\/p>\n<\/div><\/section><\/div><div class='flex_column av-aldk9-ee694297f5c4032981677a02caab84d6 av_one_third  avia-builder-el-7  el_after_av_one_half  el_before_av_hr  flex_column_div column-top-margin'   ><style type=\"text\/css\" data-created_by=\"avia_inline_auto\" id=\"style-css-av-l1w9kpsf-4ec3fab772ec7a9adaa33cfc64ff0475\">\n.avia-image-container.av-l1w9kpsf-4ec3fab772ec7a9adaa33cfc64ff0475 .av-image-caption-overlay-center{\ncolor:#ffffff;\n}\n<\/style>\n<div  class='avia-image-container av-l1w9kpsf-4ec3fab772ec7a9adaa33cfc64ff0475 av-styling- avia-align-center  avia-builder-el-8  avia-builder-el-no-sibling'  itemprop=\"image\" itemscope=\"itemscope\" itemtype=\"https:\/\/schema.org\/ImageObject\" ><div class=\"avia-image-container-inner\"><div class=\"avia-image-overlay-wrap\"><img decoding=\"async\" class='wp-image-187 avia-img-lazy-loading-not-187 avia_image' src=\"https:\/\/www.vdhurk.nl\/wp-content\/uploads\/2022\/03\/Voorrad.png\" alt='' title='Lagerbestand'  height=\"758\" width=\"1135\"  itemprop=\"thumbnailUrl\" srcset=\"https:\/\/www.vdhurk.nl\/wp-content\/uploads\/2022\/03\/Voorrad.png 1135w, https:\/\/www.vdhurk.nl\/wp-content\/uploads\/2022\/03\/Voorrad-300x200.png 300w, https:\/\/www.vdhurk.nl\/wp-content\/uploads\/2022\/03\/Voorrad-1030x688.png 1030w, https:\/\/www.vdhurk.nl\/wp-content\/uploads\/2022\/03\/Voorrad-768x513.png 768w, https:\/\/www.vdhurk.nl\/wp-content\/uploads\/2022\/03\/Voorrad-18x12.png 18w, https:\/\/www.vdhurk.nl\/wp-content\/uploads\/2022\/03\/Voorrad-705x471.png 705w\" sizes=\"(max-width: 1135px) 100vw, 1135px\" \/><\/div><\/div><\/div><\/div><\/p>\n\n<style type=\"text\/css\" data-created_by=\"avia_inline_auto\" id=\"style-css-av-luqrjpjc-5a23a1fb5f94718ca85316a9df963e2f\">\n#top .hr.hr-invisible.av-luqrjpjc-5a23a1fb5f94718ca85316a9df963e2f{\nheight:50px;\n}\n<\/style>\n<div  class='hr av-luqrjpjc-5a23a1fb5f94718ca85316a9df963e2f hr-invisible  avia-builder-el-9  el_after_av_one_third  el_before_av_textblock'><span class='hr-inner'><span class=\"hr-inner-style\"><\/span><\/span><\/div>\n<section  class='av_textblock_section av-lu8gtjw7-4f3cee9304909518d86d2860d9d582dd'  itemscope=\"itemscope\" itemtype=\"https:\/\/schema.org\/CreativeWork\" ><div class='avia_textblock'  itemprop=\"text\" ><h2>An welche Preise sollten Sie denken?<\/h2>\n<p>Die Kosten f\u00fcr einen gebrauchten Renault Kangoo h\u00e4ngen von Faktoren wie Baujahr, Ausstattung und Zusatzoptionen ab. Aber mit unserem wechselnden Angebot finden Sie immer etwas, das zu Ihrem Budget passt. Die Preise f\u00fcr einen gebrauchten Renault Kangoo beginnen bereits bei rund 5.000 \u20ac. Sind Sie neugierig auf einen bestimmten Preis oder haben Sie andere Fragen? Dann z\u00f6gern Sie nicht, uns zu kontaktieren, wir helfen Ihnen gerne weiter!<\/p>\n<h2>Haben Sie schon einmal \u00fcber Finanzierungsleasing nachgedacht?<\/h2>\n<p>Bei Van den Hurk haben Sie mehrere Zahlungsm\u00f6glichkeiten. Sie m\u00f6chten einen Renault Kangoo kaufen und den Betrag in einem Zug bezahlen? Das k\u00f6nnen Sie. Aber wussten Sie, dass Sie auch einen Renault Kangoo leasen k\u00f6nnen? Unter <a href=\"https:\/\/www.vdhurk.nl\/de\/finanzierungsleasing\/\">Finanzierungsleasing<\/a> Sie zahlen einen festen Betrag pro Monat und das Fahrzeug geht nach und nach in Ihr Eigentum \u00fcber. Was passt also am besten zu Ihrem Unternehmen? Ob Sie sich f\u00fcr Kauf oder Leasing entscheiden, wir beraten Sie gerne. Nehmen Sie Kontakt mit uns auf und entdecken Sie die M\u00f6glichkeiten!<\/p>\n<h2>St\u00f6bern Sie im Angebot und finden Sie Ihr perfektes Nutzfahrzeug<\/h2>\n<p>M\u00f6chten Sie einen Renault Kangoo neu oder gebraucht kaufen? Oder ben\u00f6tigen Sie weitere Informationen? Als Renault Kangoo-H\u00e4ndler sind wir hier, um Ihnen zu helfen, die beste Wahl zu treffen. Werfen Sie einen Blick auf unser Angebot oder kontaktieren Sie uns, wir helfen Ihnen gerne!<\/p>\n<\/div><\/section>","protected":false},"excerpt":{"rendered":"","protected":false},"author":3,"featured_media":0,"parent":372057,"menu_order":0,"comment_status":"closed","ping_status":"closed","template":"","meta":{"_acf_changed":false,"_improvement_type_select":"improve_an_existing","_thumb_yes_seoaic":false,"_frame_yes_seoaic":false,"seoaic_generate_description":"","seoaic_improve_instructions_prompt":"","seoaic_rollback_content_improvement":"","seoaic_idea_thumbnail_generator":"","thumbnail_generated":false,"thumbnail_generate_prompt":"","seoaic_article_description":"","footnotes":""},"class_list":["post-409559","page","type-page","status-publish","hentry"],"acf":[],"yoast_head":"<!-- This site is optimized with the Yoast SEO plugin v27.5 - https:\/\/yoast.com\/product\/yoast-seo-wordpress\/ -->\n<title>Renault Kangoo occasion kopen? Bekijk het actuele aanbod.<\/title>\n<meta name=\"description\" content=\"Op zoek naar een Renault Kangoo occasion? Bij Van den Hurk hebben we verschillende uitvoeringen. Bekijk het aanbod en vind jouw perfecte bedrijfswagen,\" \/>\n<meta name=\"robots\" content=\"index, follow, max-snippet:-1, max-image-preview:large, max-video-preview:-1\" \/>\n<link rel=\"canonical\" href=\"https:\/\/www.vdhurk.nl\/de\/renault-nutzfahrzeuge\/mercedes-10\/\" \/>\n<meta property=\"og:locale\" content=\"de_DE\" \/>\n<meta property=\"og:type\" content=\"article\" \/>\n<meta property=\"og:title\" content=\"Renault Kangoo occasion kopen? Bekijk het actuele aanbod.\" \/>\n<meta property=\"og:description\" content=\"Op zoek naar een Renault Kangoo occasion? Bij Van den Hurk hebben we verschillende uitvoeringen. Bekijk het aanbod en vind jouw perfecte bedrijfswagen,\" \/>\n<meta property=\"og:url\" content=\"https:\/\/www.vdhurk.nl\/de\/renault-nutzfahrzeuge\/mercedes-10\/\" \/>\n<meta property=\"og:site_name\" content=\"Van den Hurk Bedrijfswagens\" \/>\n<meta name=\"twitter:card\" content=\"summary_large_image\" \/>\n<meta name=\"twitter:label1\" content=\"Gesch\u00e4tzte Lesezeit\" \/>\n\t<meta name=\"twitter:data1\" content=\"5\u00a0Minuten\" \/>\n<script type=\"application\/ld+json\" class=\"yoast-schema-graph\">{\"@context\":\"https:\\\/\\\/schema.org\",\"@graph\":[{\"@type\":\"WebPage\",\"@id\":\"https:\\\/\\\/www.vdhurk.nl\\\/renault-bedrijfswagens\\\/kangoo\\\/\",\"url\":\"https:\\\/\\\/www.vdhurk.nl\\\/renault-bedrijfswagens\\\/kangoo\\\/\",\"name\":\"Renault Kangoo occasion kopen? Bekijk het actuele aanbod.\",\"isPartOf\":{\"@id\":\"https:\\\/\\\/www.vdhurk.nl\\\/#website\"},\"datePublished\":\"2024-10-16T13:40:17+00:00\",\"description\":\"Op zoek naar een Renault Kangoo occasion? Bij Van den Hurk hebben we verschillende uitvoeringen. Bekijk het aanbod en vind jouw perfecte bedrijfswagen,\",\"breadcrumb\":{\"@id\":\"https:\\\/\\\/www.vdhurk.nl\\\/renault-bedrijfswagens\\\/kangoo\\\/#breadcrumb\"},\"inLanguage\":\"de\",\"potentialAction\":[{\"@type\":\"ReadAction\",\"target\":[\"https:\\\/\\\/www.vdhurk.nl\\\/renault-bedrijfswagens\\\/kangoo\\\/\"]}]},{\"@type\":\"BreadcrumbList\",\"@id\":\"https:\\\/\\\/www.vdhurk.nl\\\/renault-bedrijfswagens\\\/kangoo\\\/#breadcrumb\",\"itemListElement\":[{\"@type\":\"ListItem\",\"position\":1,\"name\":\"Home\",\"item\":\"https:\\\/\\\/www.vdhurk.nl\\\/home\\\/\"},{\"@type\":\"ListItem\",\"position\":2,\"name\":\"Renault Bedrijfswagens\",\"item\":\"https:\\\/\\\/www.vdhurk.nl\\\/renault-bedrijfswagens\\\/\"},{\"@type\":\"ListItem\",\"position\":3,\"name\":\"Renault Kangoo\"}]},{\"@type\":\"WebSite\",\"@id\":\"https:\\\/\\\/www.vdhurk.nl\\\/#website\",\"url\":\"https:\\\/\\\/www.vdhurk.nl\\\/\",\"name\":\"Van den Hurk Bedrijfswagens\",\"description\":\"Van den Hurk bedrijfswagens Helmond\",\"potentialAction\":[{\"@type\":\"SearchAction\",\"target\":{\"@type\":\"EntryPoint\",\"urlTemplate\":\"https:\\\/\\\/www.vdhurk.nl\\\/?s={search_term_string}\"},\"query-input\":{\"@type\":\"PropertyValueSpecification\",\"valueRequired\":true,\"valueName\":\"search_term_string\"}}],\"inLanguage\":\"de\"}]}<\/script>\n<!-- \/ Yoast SEO plugin. -->","yoast_head_json":{"title":"Kaufen Sie einen Renault Kangoo? Schauen Sie sich das aktuelle Angebot an.","description":"Sie suchen einen Renault Kangoo Gebrauchtwagen? Bei Van den Hurk haben wir verschiedene Versionen. Schauen Sie sich das Angebot an und finden Sie Ihr perfektes Nutzfahrzeug,","robots":{"index":"index","follow":"follow","max-snippet":"max-snippet:-1","max-image-preview":"max-image-preview:large","max-video-preview":"max-video-preview:-1"},"canonical":"https:\/\/www.vdhurk.nl\/de\/renault-nutzfahrzeuge\/mercedes-10\/","og_locale":"de_DE","og_type":"article","og_title":"Renault Kangoo occasion kopen? Bekijk het actuele aanbod.","og_description":"Op zoek naar een Renault Kangoo occasion? Bij Van den Hurk hebben we verschillende uitvoeringen. Bekijk het aanbod en vind jouw perfecte bedrijfswagen,","og_url":"https:\/\/www.vdhurk.nl\/de\/renault-nutzfahrzeuge\/mercedes-10\/","og_site_name":"Van den Hurk Bedrijfswagens","twitter_card":"summary_large_image","twitter_misc":{"Gesch\u00e4tzte Lesezeit":"5\u00a0Minuten"},"schema":{"@context":"https:\/\/schema.org","@graph":[{"@type":"WebPage","@id":"https:\/\/www.vdhurk.nl\/renault-bedrijfswagens\/kangoo\/","url":"https:\/\/www.vdhurk.nl\/renault-bedrijfswagens\/kangoo\/","name":"Kaufen Sie einen Renault Kangoo? Schauen Sie sich das aktuelle Angebot an.","isPartOf":{"@id":"https:\/\/www.vdhurk.nl\/#website"},"datePublished":"2024-10-16T13:40:17+00:00","description":"Sie suchen einen Renault Kangoo Gebrauchtwagen? Bei Van den Hurk haben wir verschiedene Versionen. Schauen Sie sich das Angebot an und finden Sie Ihr perfektes Nutzfahrzeug,","breadcrumb":{"@id":"https:\/\/www.vdhurk.nl\/renault-bedrijfswagens\/kangoo\/#breadcrumb"},"inLanguage":"de","potentialAction":[{"@type":"ReadAction","target":["https:\/\/www.vdhurk.nl\/renault-bedrijfswagens\/kangoo\/"]}]},{"@type":"BreadcrumbList","@id":"https:\/\/www.vdhurk.nl\/renault-bedrijfswagens\/kangoo\/#breadcrumb","itemListElement":[{"@type":"ListItem","position":1,"name":"Home","item":"https:\/\/www.vdhurk.nl\/home\/"},{"@type":"ListItem","position":2,"name":"Renault Bedrijfswagens","item":"https:\/\/www.vdhurk.nl\/renault-bedrijfswagens\/"},{"@type":"ListItem","position":3,"name":"Renault Kangoo"}]},{"@type":"WebSite","@id":"https:\/\/www.vdhurk.nl\/#website","url":"https:\/\/www.vdhurk.nl\/","name":"Van den Hurk Nutzfahrzeuge","description":"Van den Hurk Nutzfahrzeuge Helmond","potentialAction":[{"@type":"SearchAction","target":{"@type":"EntryPoint","urlTemplate":"https:\/\/www.vdhurk.nl\/?s={search_term_string}"},"query-input":{"@type":"PropertyValueSpecification","valueRequired":true,"valueName":"search_term_string"}}],"inLanguage":"de"}]}},"_links":{"self":[{"href":"https:\/\/www.vdhurk.nl\/de\/wp-json\/wp\/v2\/pages\/409559","targetHints":{"allow":["GET"]}}],"collection":[{"href":"https:\/\/www.vdhurk.nl\/de\/wp-json\/wp\/v2\/pages"}],"about":[{"href":"https:\/\/www.vdhurk.nl\/de\/wp-json\/wp\/v2\/types\/page"}],"author":[{"embeddable":true,"href":"https:\/\/www.vdhurk.nl\/de\/wp-json\/wp\/v2\/users\/3"}],"replies":[{"embeddable":true,"href":"https:\/\/www.vdhurk.nl\/de\/wp-json\/wp\/v2\/comments?post=409559"}],"version-history":[{"count":1,"href":"https:\/\/www.vdhurk.nl\/de\/wp-json\/wp\/v2\/pages\/409559\/revisions"}],"predecessor-version":[{"id":409560,"href":"https:\/\/www.vdhurk.nl\/de\/wp-json\/wp\/v2\/pages\/409559\/revisions\/409560"}],"up":[{"embeddable":true,"href":"https:\/\/www.vdhurk.nl\/de\/wp-json\/wp\/v2\/pages\/372057"}],"wp:attachment":[{"href":"https:\/\/www.vdhurk.nl\/de\/wp-json\/wp\/v2\/media?parent=409559"}],"curies":[{"name":"wp","href":"https:\/\/api.w.org\/{rel}","templated":true}]}}