{"id":409484,"date":"2024-10-16T15:21:36","date_gmt":"2024-10-16T13:21:36","guid":{"rendered":"https:\/\/www.vdhurk.nl\/?page_id=409484"},"modified":"2024-10-16T15:21:36","modified_gmt":"2024-10-16T13:21:36","slug":"mercedes-7","status":"publish","type":"page","link":"https:\/\/www.vdhurk.nl\/de\/renault-bedrijfswagens\/trafic\/","title":{"rendered":"Renault Trafic"},"content":{"rendered":"<section  class='av_textblock_section av-lu8gnh7d-4ac895489941e586c1d7c8cb72318135'  itemscope=\"itemscope\" itemtype=\"https:\/\/schema.org\/CreativeWork\" ><div class='avia_textblock'  itemprop=\"text\" ><h1>Sie suchen einen Renault Trafic Gebrauchtwagen?<\/h1>\n<p>Als Unternehmen ergreifen Sie Chancen, vor allem, wenn es um Firmenwagen geht. Logisch, denn Sie brauchen einen Firmenwagen, der Sie nicht im Stich l\u00e4sst. Vor allem, wenn Sie ihn t\u00e4glich nutzen, ist Zuverl\u00e4ssigkeit das A und O. Entdecken Sie den Renault Trafic und warum dieses Fahrzeug perfekt f\u00fcr Ihr Unternehmen ist.<\/p>\n<\/div><\/section>\n\n<style type=\"text\/css\" data-created_by=\"avia_inline_auto\" id=\"style-css-av-lujjddpd-afa3d7a9eabd61123e643ed1228e781e\">\n#top .hr.hr-invisible.av-lujjddpd-afa3d7a9eabd61123e643ed1228e781e{\nheight:50px;\n}\n<\/style>\n<div  class='hr av-lujjddpd-afa3d7a9eabd61123e643ed1228e781e hr-invisible  avia-builder-el-1  el_after_av_textblock  el_before_av_codeblock'><span class='hr-inner'><span class=\"hr-inner-style\"><\/span><\/span><\/div>\n\n\n<style type=\"text\/css\" data-created_by=\"avia_inline_auto\" id=\"style-css-av-ah0xd-63338d9dc6b40410e22a712829c369d6\">\n#top .hr.hr-invisible.av-ah0xd-63338d9dc6b40410e22a712829c369d6{\nheight:50px;\n}\n<\/style>\n<div  class='hr av-ah0xd-63338d9dc6b40410e22a712829c369d6 hr-invisible  avia-builder-el-3  el_after_av_codeblock  el_before_av_textblock'><span class='hr-inner'><span class=\"hr-inner-style\"><\/span><\/span><\/div>\n<section  class='av_textblock_section av-lu8gow1e-300853e458ed741bd87d6cb78e55cc7a'  itemscope=\"itemscope\" itemtype=\"https:\/\/schema.org\/CreativeWork\" ><div class='avia_textblock'  itemprop=\"text\" ><h2>Renault Trafic gebraucht: Spezifikationen und Versionen<\/h2>\n<p>Beim Renault Trafic haben Sie die Qual der Wahl zwischen verschiedenen Ausstattungsvarianten und profitieren von einer komfortablen Ausstattung. W\u00e4hlen Sie das Baujahr, das am besten zu Ihren Bed\u00fcrfnissen passt, und entscheiden Sie, ob Sie ein Schalt- oder Automatikgetriebe w\u00fcnschen. Au\u00dferdem k\u00f6nnen Sie zwischen verschiedenen Motorisierungen w\u00e4hlen, so dass Sie immer einen Trafic haben, der perfekt zu Ihren Aktivit\u00e4ten passt. Ganz gleich, ob Sie zus\u00e4tzlichen Laderaum ben\u00f6tigen oder mehr Fahrkomfort w\u00fcnschen, es gibt immer eine Version, die zu Ihrem Unternehmen passt.<\/p>\n<\/div><\/section>\n<div class='flex_column av-f64w1-da126f42b61613402309283c14245a25 av_one_half  avia-builder-el-5  el_after_av_textblock  el_before_av_one_third  first flex_column_div column-top-margin'   ><section  class='av_textblock_section av-lu8gpqre-73cc2c17e6a6497ba6e1b58af22bd9e8'  itemscope=\"itemscope\" itemtype=\"https:\/\/schema.org\/CreativeWork\" ><div class='avia_textblock'  itemprop=\"text\" ><h2>Welche Vorteile bieten die Renault Trafic-Modelle?<\/h2>\n<p>Wie alle anderen <a href=\"https:\/\/www.vdhurk.nl\/de\/renault-nutzfahrzeuge\/\">Nutzfahrzeuge von Renault<\/a> ein zuverl\u00e4ssiges Fahrzeug. Und das ist noch nicht alles. Neben der Zuverl\u00e4ssigkeit profitieren Sie von vielen weiteren Vorteilen. Wir m\u00f6chten die wichtigsten Vorteile f\u00fcr Sie auflisten:<\/p>\n<ul>\n<li><strong>Komfort und Benutzerfreundlichkeit:<\/strong> Dieses Fahrzeug verf\u00fcgt \u00fcber einen intelligent gestalteten Innenraum, der jede Fahrt f\u00fcr Fahrer und Beifahrer zu einem Vergn\u00fcgen macht.<\/li>\n<li><strong>Optimaler Laderaum:<\/strong> Kein Platzmangel. In der Tat bietet der Trafic viel Platz mit verschiedenen Ablagem\u00f6glichkeiten.<\/li>\n<li><strong>Sicherheitsmerkmale:<\/strong> Nat\u00fcrlich steht die Sicherheit an erster Stelle. Daher verf\u00fcgt dieses Modell \u00fcber mehrere neue Fahrassistenzsysteme wie ABS, ESP und Notbremsassistent.<\/li>\n<li><strong>Elegantes und praktisches Design:<\/strong> Dieser Firmenwagen ist sowohl stilvoll als auch funktional. Das schlanke und moderne Design verleiht Ihrem Unternehmen ein professionelles Aussehen, w\u00e4hrend die robuste Konstruktion sicherstellt, dass der Transporter f\u00fcr den t\u00e4glichen Gebrauch geeignet ist.<\/li>\n<\/ul>\n<p>Mit diesen Vorteilen haben Sie die Gewissheit, dass Ihr Firmenwagen nicht nur zuverl\u00e4ssig ist, sondern auch voll und ganz auf Ihre t\u00e4glichen Bed\u00fcrfnisse zugeschnitten ist.<\/p>\n<\/div><\/section><\/div><div class='flex_column av-aldk9-ee694297f5c4032981677a02caab84d6 av_one_third  avia-builder-el-7  el_after_av_one_half  el_before_av_hr  flex_column_div column-top-margin'   ><style type=\"text\/css\" data-created_by=\"avia_inline_auto\" id=\"style-css-av-l1w9kpsf-4ec3fab772ec7a9adaa33cfc64ff0475\">\n.avia-image-container.av-l1w9kpsf-4ec3fab772ec7a9adaa33cfc64ff0475 .av-image-caption-overlay-center{\ncolor:#ffffff;\n}\n<\/style>\n<div  class='avia-image-container av-l1w9kpsf-4ec3fab772ec7a9adaa33cfc64ff0475 av-styling- avia-align-center  avia-builder-el-8  avia-builder-el-no-sibling'  itemprop=\"image\" itemscope=\"itemscope\" itemtype=\"https:\/\/schema.org\/ImageObject\" ><div class=\"avia-image-container-inner\"><div class=\"avia-image-overlay-wrap\"><img decoding=\"async\" class='wp-image-187 avia-img-lazy-loading-not-187 avia_image' src=\"https:\/\/www.vdhurk.nl\/wp-content\/uploads\/2022\/03\/Voorrad.png\" alt='' title='Lagerbestand'  height=\"758\" width=\"1135\"  itemprop=\"thumbnailUrl\" srcset=\"https:\/\/www.vdhurk.nl\/wp-content\/uploads\/2022\/03\/Voorrad.png 1135w, https:\/\/www.vdhurk.nl\/wp-content\/uploads\/2022\/03\/Voorrad-300x200.png 300w, https:\/\/www.vdhurk.nl\/wp-content\/uploads\/2022\/03\/Voorrad-1030x688.png 1030w, https:\/\/www.vdhurk.nl\/wp-content\/uploads\/2022\/03\/Voorrad-768x513.png 768w, https:\/\/www.vdhurk.nl\/wp-content\/uploads\/2022\/03\/Voorrad-18x12.png 18w, https:\/\/www.vdhurk.nl\/wp-content\/uploads\/2022\/03\/Voorrad-705x471.png 705w\" sizes=\"(max-width: 1135px) 100vw, 1135px\" \/><\/div><\/div><\/div><\/div><\/p>\n\n<style type=\"text\/css\" data-created_by=\"avia_inline_auto\" id=\"style-css-av-luqrjpjc-5a23a1fb5f94718ca85316a9df963e2f\">\n#top .hr.hr-invisible.av-luqrjpjc-5a23a1fb5f94718ca85316a9df963e2f{\nheight:50px;\n}\n<\/style>\n<div  class='hr av-luqrjpjc-5a23a1fb5f94718ca85316a9df963e2f hr-invisible  avia-builder-el-9  el_after_av_one_third  el_before_av_textblock'><span class='hr-inner'><span class=\"hr-inner-style\"><\/span><\/span><\/div>\n<section  class='av_textblock_section av-lu8gtjw7-4f3cee9304909518d86d2860d9d582dd'  itemscope=\"itemscope\" itemtype=\"https:\/\/schema.org\/CreativeWork\" ><div class='avia_textblock'  itemprop=\"text\" ><h2>Kauf eines Renault Trafic: Welche Kaufoptionen gibt es?<\/h2>\n<p>Wussten Sie, dass Sie bei Van den Hurk mehrere Zahlungsm\u00f6glichkeiten haben? Sie m\u00f6chten Ihr Nutzfahrzeug in einem Zug bezahlen? Kein Problem! Aber haben Sie auch schon an das Leasing eines Renault Trafic gedacht? Das ist eine ideale Option, wenn Sie nicht gleich eine gro\u00dfe Summe Geld ausgeben m\u00f6chten. Unter <a href=\"https:\/\/www.vdhurk.nl\/de\/finanzierungsleasing\/\">Finanzierungsleasing<\/a> Sie zahlen einen festen Betrag pro Monat, so dass Ihr Budget flexibel bleibt. Der Clou: Am Ende des Leasingvertrags werden Sie Eigent\u00fcmer des Renault Trafic. Sie fahren also sofort Ihren idealen Firmenwagen, ohne eine gro\u00dfe Investition auf einmal zu t\u00e4tigen.<\/p>\n<h2>An welche Preise sollten Sie denken?<\/h2>\n<p>Die Preise f\u00fcr einen Renault Trafic variieren, und das aus gutem Grund. In unserem aktuellen Angebot finden Sie verschiedene Versionen und Modelljahre, was zu einer gro\u00dfen Preisspanne f\u00fchrt. Daher ist es schwierig, eine Standardpreisangabe zu machen. Aber dank unseres wechselnden Angebots gibt es immer einen Firmenwagen, der in Ihr Budget passt. Sind Sie neugierig auf die Preise oder brauchen Sie eine Beratung? Nehmen Sie Kontakt mit uns auf, wir helfen Ihnen gerne weiter.<\/p>\n<h2>Finden Sie Ihren perfekten Firmenwagen<\/h2>\n<p>Haben Sie einen Renault Trafic Gelegenheit oder ein neues Modell gefunden, das genau Ihren Bed\u00fcrfnissen entspricht? Das ist gro\u00dfartig! Sie haben noch nicht gefunden, wonach Sie suchen? Kein Problem! Registrieren Sie sich f\u00fcr unser <a href=\"https:\/\/www.vdhurk.nl\/de\/aktienalarm\/\">Aktienalarm<\/a> und halten Sie sich einfach \u00fcber neue Fahrzeuge auf dem Laufenden. So helfen wir Ihnen gemeinsam, Ihr perfektes Nutzfahrzeug zu finden.<\/p>\n<h2><b>Sehen Sie sich die verschiedenen Optionen an<\/b><\/h2>\n<p>Sind Sie \u00fcberzeugt, einen Citro\u00ebn Jumpy aus zweiter Hand zu kaufen? Oder ben\u00f6tigen Sie zus\u00e4tzliche Informationen? Wir sind bereit, alle Ihre Fragen zu beantworten und Ihnen zu helfen, die richtige Wahl zu treffen. Kontaktieren Sie uns f\u00fcr weitere Informationen oder schauen Sie sich unser aktuelles Angebot an, um Ihr ideales Nutzfahrzeug zu finden. Einen Citro\u00ebn Jumpy zu kaufen war noch nie so einfach.<\/p>\n<\/div><\/section>","protected":false},"excerpt":{"rendered":"","protected":false},"author":3,"featured_media":0,"parent":372057,"menu_order":0,"comment_status":"closed","ping_status":"closed","template":"","meta":{"_acf_changed":false,"_improvement_type_select":"improve_an_existing","_thumb_yes_seoaic":false,"_frame_yes_seoaic":false,"seoaic_generate_description":"","seoaic_improve_instructions_prompt":"","seoaic_rollback_content_improvement":"","seoaic_idea_thumbnail_generator":"","thumbnail_generated":false,"thumbnail_generate_prompt":"","seoaic_article_description":"","footnotes":""},"class_list":["post-409484","page","type-page","status-publish","hentry"],"acf":[],"yoast_head":"<!-- This site is optimized with the Yoast SEO plugin v27.3 - https:\/\/yoast.com\/product\/yoast-seo-wordpress\/ -->\n<title>Vind de Renault Trafic occasion die aan jouw wensen voldoet<\/title>\n<meta name=\"description\" content=\"Ben je op zoek naar een betrouwbare Renault Trafic occasion voor jouw zakelijke behoeften? Bekijk ons aanbod en vind de uitvoering die perfect bij jou past.\" \/>\n<meta name=\"robots\" content=\"index, follow, max-snippet:-1, max-image-preview:large, max-video-preview:-1\" \/>\n<link rel=\"canonical\" href=\"https:\/\/www.vdhurk.nl\/de\/renault-nutzfahrzeuge\/mercedes-7\/\" \/>\n<meta property=\"og:locale\" content=\"de_DE\" \/>\n<meta property=\"og:type\" content=\"article\" \/>\n<meta property=\"og:title\" content=\"Vind de Renault Trafic occasion die aan jouw wensen voldoet\" \/>\n<meta property=\"og:description\" content=\"Ben je op zoek naar een betrouwbare Renault Trafic occasion voor jouw zakelijke behoeften? Bekijk ons aanbod en vind de uitvoering die perfect bij jou past.\" \/>\n<meta property=\"og:url\" content=\"https:\/\/www.vdhurk.nl\/de\/renault-nutzfahrzeuge\/mercedes-7\/\" \/>\n<meta property=\"og:site_name\" content=\"Van den Hurk Bedrijfswagens\" \/>\n<meta name=\"twitter:card\" content=\"summary_large_image\" \/>\n<meta name=\"twitter:label1\" content=\"Gesch\u00e4tzte Lesezeit\" \/>\n\t<meta name=\"twitter:data1\" content=\"5\u00a0Minuten\" \/>\n<script type=\"application\/ld+json\" class=\"yoast-schema-graph\">{\"@context\":\"https:\\\/\\\/schema.org\",\"@graph\":[{\"@type\":\"WebPage\",\"@id\":\"https:\\\/\\\/www.vdhurk.nl\\\/renault-bedrijfswagens\\\/trafic\\\/\",\"url\":\"https:\\\/\\\/www.vdhurk.nl\\\/renault-bedrijfswagens\\\/trafic\\\/\",\"name\":\"Vind de Renault Trafic occasion die aan jouw wensen voldoet\",\"isPartOf\":{\"@id\":\"https:\\\/\\\/www.vdhurk.nl\\\/#website\"},\"datePublished\":\"2024-10-16T13:21:36+00:00\",\"description\":\"Ben je op zoek naar een betrouwbare Renault Trafic occasion voor jouw zakelijke behoeften? Bekijk ons aanbod en vind de uitvoering die perfect bij jou past.\",\"breadcrumb\":{\"@id\":\"https:\\\/\\\/www.vdhurk.nl\\\/renault-bedrijfswagens\\\/trafic\\\/#breadcrumb\"},\"inLanguage\":\"de\",\"potentialAction\":[{\"@type\":\"ReadAction\",\"target\":[\"https:\\\/\\\/www.vdhurk.nl\\\/renault-bedrijfswagens\\\/trafic\\\/\"]}]},{\"@type\":\"BreadcrumbList\",\"@id\":\"https:\\\/\\\/www.vdhurk.nl\\\/renault-bedrijfswagens\\\/trafic\\\/#breadcrumb\",\"itemListElement\":[{\"@type\":\"ListItem\",\"position\":1,\"name\":\"Home\",\"item\":\"https:\\\/\\\/www.vdhurk.nl\\\/home\\\/\"},{\"@type\":\"ListItem\",\"position\":2,\"name\":\"Renault Bedrijfswagens\",\"item\":\"https:\\\/\\\/www.vdhurk.nl\\\/renault-bedrijfswagens\\\/\"},{\"@type\":\"ListItem\",\"position\":3,\"name\":\"Renault Trafic\"}]},{\"@type\":\"WebSite\",\"@id\":\"https:\\\/\\\/www.vdhurk.nl\\\/#website\",\"url\":\"https:\\\/\\\/www.vdhurk.nl\\\/\",\"name\":\"Van den Hurk Bedrijfswagens\",\"description\":\"Van den Hurk bedrijfswagens Helmond\",\"potentialAction\":[{\"@type\":\"SearchAction\",\"target\":{\"@type\":\"EntryPoint\",\"urlTemplate\":\"https:\\\/\\\/www.vdhurk.nl\\\/?s={search_term_string}\"},\"query-input\":{\"@type\":\"PropertyValueSpecification\",\"valueRequired\":true,\"valueName\":\"search_term_string\"}}],\"inLanguage\":\"de\"}]}<\/script>\n<!-- \/ Yoast SEO plugin. -->","yoast_head_json":{"title":"Finden Sie den Renault Trafic Gebrauchtwagen, der Ihren Anforderungen entspricht","description":"Sie sind auf der Suche nach einem zuverl\u00e4ssigen Renault Trafic Gebrauchtwagen f\u00fcr Ihren gesch\u00e4ftlichen Bedarf? Sehen Sie sich unser Angebot an und finden Sie die Version, die perfekt zu Ihnen passt.","robots":{"index":"index","follow":"follow","max-snippet":"max-snippet:-1","max-image-preview":"max-image-preview:large","max-video-preview":"max-video-preview:-1"},"canonical":"https:\/\/www.vdhurk.nl\/de\/renault-nutzfahrzeuge\/mercedes-7\/","og_locale":"de_DE","og_type":"article","og_title":"Vind de Renault Trafic occasion die aan jouw wensen voldoet","og_description":"Ben je op zoek naar een betrouwbare Renault Trafic occasion voor jouw zakelijke behoeften? Bekijk ons aanbod en vind de uitvoering die perfect bij jou past.","og_url":"https:\/\/www.vdhurk.nl\/de\/renault-nutzfahrzeuge\/mercedes-7\/","og_site_name":"Van den Hurk Bedrijfswagens","twitter_card":"summary_large_image","twitter_misc":{"Gesch\u00e4tzte Lesezeit":"5\u00a0Minuten"},"schema":{"@context":"https:\/\/schema.org","@graph":[{"@type":"WebPage","@id":"https:\/\/www.vdhurk.nl\/renault-bedrijfswagens\/trafic\/","url":"https:\/\/www.vdhurk.nl\/renault-bedrijfswagens\/trafic\/","name":"Finden Sie den Renault Trafic Gebrauchtwagen, der Ihren Anforderungen entspricht","isPartOf":{"@id":"https:\/\/www.vdhurk.nl\/#website"},"datePublished":"2024-10-16T13:21:36+00:00","description":"Sie sind auf der Suche nach einem zuverl\u00e4ssigen Renault Trafic Gebrauchtwagen f\u00fcr Ihren gesch\u00e4ftlichen Bedarf? Sehen Sie sich unser Angebot an und finden Sie die Version, die perfekt zu Ihnen passt.","breadcrumb":{"@id":"https:\/\/www.vdhurk.nl\/renault-bedrijfswagens\/trafic\/#breadcrumb"},"inLanguage":"de","potentialAction":[{"@type":"ReadAction","target":["https:\/\/www.vdhurk.nl\/renault-bedrijfswagens\/trafic\/"]}]},{"@type":"BreadcrumbList","@id":"https:\/\/www.vdhurk.nl\/renault-bedrijfswagens\/trafic\/#breadcrumb","itemListElement":[{"@type":"ListItem","position":1,"name":"Home","item":"https:\/\/www.vdhurk.nl\/home\/"},{"@type":"ListItem","position":2,"name":"Renault Bedrijfswagens","item":"https:\/\/www.vdhurk.nl\/renault-bedrijfswagens\/"},{"@type":"ListItem","position":3,"name":"Renault Trafic"}]},{"@type":"WebSite","@id":"https:\/\/www.vdhurk.nl\/#website","url":"https:\/\/www.vdhurk.nl\/","name":"Van den Hurk Nutzfahrzeuge","description":"Van den Hurk Nutzfahrzeuge Helmond","potentialAction":[{"@type":"SearchAction","target":{"@type":"EntryPoint","urlTemplate":"https:\/\/www.vdhurk.nl\/?s={search_term_string}"},"query-input":{"@type":"PropertyValueSpecification","valueRequired":true,"valueName":"search_term_string"}}],"inLanguage":"de"}]}},"_links":{"self":[{"href":"https:\/\/www.vdhurk.nl\/de\/wp-json\/wp\/v2\/pages\/409484","targetHints":{"allow":["GET"]}}],"collection":[{"href":"https:\/\/www.vdhurk.nl\/de\/wp-json\/wp\/v2\/pages"}],"about":[{"href":"https:\/\/www.vdhurk.nl\/de\/wp-json\/wp\/v2\/types\/page"}],"author":[{"embeddable":true,"href":"https:\/\/www.vdhurk.nl\/de\/wp-json\/wp\/v2\/users\/3"}],"replies":[{"embeddable":true,"href":"https:\/\/www.vdhurk.nl\/de\/wp-json\/wp\/v2\/comments?post=409484"}],"version-history":[{"count":2,"href":"https:\/\/www.vdhurk.nl\/de\/wp-json\/wp\/v2\/pages\/409484\/revisions"}],"predecessor-version":[{"id":409558,"href":"https:\/\/www.vdhurk.nl\/de\/wp-json\/wp\/v2\/pages\/409484\/revisions\/409558"}],"up":[{"embeddable":true,"href":"https:\/\/www.vdhurk.nl\/de\/wp-json\/wp\/v2\/pages\/372057"}],"wp:attachment":[{"href":"https:\/\/www.vdhurk.nl\/de\/wp-json\/wp\/v2\/media?parent=409484"}],"curies":[{"name":"wp","href":"https:\/\/api.w.org\/{rel}","templated":true}]}}