{"id":405923,"date":"2024-09-20T11:35:01","date_gmt":"2024-09-20T09:35:01","guid":{"rendered":"https:\/\/www.vdhurk.nl\/?page_id=405923"},"modified":"2024-09-20T11:35:01","modified_gmt":"2024-09-20T09:35:01","slug":"mercedes-11","status":"publish","type":"page","link":"https:\/\/www.vdhurk.nl\/de\/peugeot-bedrijfswagens\/boxer\/","title":{"rendered":"Peugeot Boxer"},"content":{"rendered":"<section  class='av_textblock_section av-lu8gnh7d-4ac895489941e586c1d7c8cb72318135'  itemscope=\"itemscope\" itemtype=\"https:\/\/schema.org\/CreativeWork\" ><div class='avia_textblock'  itemprop=\"text\" ><h1>Einen Peugeot Boxer Gebrauchtwagen kaufen?<\/h1>\n<p>Sie suchen den perfekten Firmenwagen f\u00fcr Ihr Unternehmen? Dann ist der Peugeot Boxer auf jeden Fall eine \u00dcberlegung wert. Dieses Nutzfahrzeug ist aus gutem Grund eine beliebte Wahl bei Gesch\u00e4ftskunden. Erfahren Sie hier alles, was Sie \u00fcber den Peugeot Boxer wissen m\u00f6chten, und entscheiden Sie, ob dieses Nutzfahrzeug Ihren Bed\u00fcrfnissen und W\u00fcnschen entspricht.<\/p>\n<\/div><\/section>\n\n<style type=\"text\/css\" data-created_by=\"avia_inline_auto\" id=\"style-css-av-lujjddpd-afa3d7a9eabd61123e643ed1228e781e\">\n#top .hr.hr-invisible.av-lujjddpd-afa3d7a9eabd61123e643ed1228e781e{\nheight:50px;\n}\n<\/style>\n<div  class='hr av-lujjddpd-afa3d7a9eabd61123e643ed1228e781e hr-invisible  avia-builder-el-1  el_after_av_textblock  el_before_av_codeblock'><span class='hr-inner'><span class=\"hr-inner-style\"><\/span><\/span><\/div>\n\n\n<style type=\"text\/css\" data-created_by=\"avia_inline_auto\" id=\"style-css-av-ah0xd-63338d9dc6b40410e22a712829c369d6\">\n#top .hr.hr-invisible.av-ah0xd-63338d9dc6b40410e22a712829c369d6{\nheight:50px;\n}\n<\/style>\n<div  class='hr av-ah0xd-63338d9dc6b40410e22a712829c369d6 hr-invisible  avia-builder-el-3  el_after_av_codeblock  el_before_av_textblock'><span class='hr-inner'><span class=\"hr-inner-style\"><\/span><\/span><\/div>\n<section  class='av_textblock_section av-lu8gow1e-300853e458ed741bd87d6cb78e55cc7a'  itemscope=\"itemscope\" itemtype=\"https:\/\/schema.org\/CreativeWork\" ><div class='avia_textblock'  itemprop=\"text\" ><h2>Merkmale und technische Daten des Peugeot Boxer<\/h2>\n<p><a href=\"https:\/\/www.vdhurk.nl\/de\/peugeot-nutzfahrzeuge\/\">Peugeot Nutzfahrzeuge<\/a> sind f\u00fcr ihre Vielseitigkeit und Zuverl\u00e4ssigkeit bekannt, und der Boxer ist da keine Ausnahme. Dieser Transporter ist aufgrund seiner Eignung f\u00fcr den Transport besonders bei Gesch\u00e4ftskunden beliebt. Der Boxer bietet einen ger\u00e4umigen Innenraum, der ideal f\u00fcr verschiedene gesch\u00e4ftliche Anwendungen ist. Au\u00dferdem ist dieser Transporter f\u00fcr seine hohe Zuverl\u00e4ssigkeit und Vielseitigkeit bekannt. Eine Reihe von Sicherheitsmerkmalen sorgt daf\u00fcr, dass Sie sicher von A nach B kommen.<\/p>\n<\/div><\/section>\n<div class='flex_column av-f64w1-da126f42b61613402309283c14245a25 av_one_half  avia-builder-el-5  el_after_av_textblock  el_before_av_one_third  first flex_column_div column-top-margin'   ><section  class='av_textblock_section av-lu8gpqre-73cc2c17e6a6497ba6e1b58af22bd9e8'  itemscope=\"itemscope\" itemtype=\"https:\/\/schema.org\/CreativeWork\" ><div class='avia_textblock'  itemprop=\"text\" ><h2>Kauf eines Peugeot Boxer: Welche Vorteile gibt es?<\/h2>\n<p>Ziehen Sie einen Peugeot Boxer in Betracht? Dann profitieren Sie von mehreren Vorteilen. Wir m\u00f6chten sie f\u00fcr Sie auflisten, damit Sie eine fundierte Entscheidung treffen k\u00f6nnen:<\/p>\n<ul>\n<li><strong>Komfort<\/strong>Der Innenraum des Peugeot Boxer ist so konzipiert, dass Sie auch lange Arbeitstage m\u00fchelos hinter dem Steuer verbringen k\u00f6nnen. Dank der ger\u00e4umigen Ablagefl\u00e4chen und der praktischen Ausstattung werden Sie jeden Tag eine angenehme Fahrt erleben.<\/li>\n<li><strong>Vielseitigkeit<\/strong>Peugeot Boxer: Der Peugeot Boxer ist in verschiedenen Versionen erh\u00e4ltlich, so dass Sie immer ein Fahrzeug finden, das perfekt zu Ihren gesch\u00e4ftlichen Anforderungen passt.<\/li>\n<li><strong>Verschiedene Kraftstoffarten<\/strong>Ob Sie Diesel oder Elektroantrieb bevorzugen, der Boxer bietet eine Auswahl an Kraftstoffarten. So k\u00f6nnen Sie ganz einfach den Typ finden, der am besten zu Ihren Fahrgewohnheiten und Ihrer Fahrleistung passt.<\/li>\n<\/ul>\n<p>Dies sind nur einige der vielen Vorteile, die der Peugeot Boxer zu bieten hat.<\/p>\n<\/div><\/section><\/div><div class='flex_column av-aldk9-ee694297f5c4032981677a02caab84d6 av_one_third  avia-builder-el-7  el_after_av_one_half  el_before_av_hr  flex_column_div column-top-margin'   ><style type=\"text\/css\" data-created_by=\"avia_inline_auto\" id=\"style-css-av-l1w9kpsf-4ec3fab772ec7a9adaa33cfc64ff0475\">\n.avia-image-container.av-l1w9kpsf-4ec3fab772ec7a9adaa33cfc64ff0475 .av-image-caption-overlay-center{\ncolor:#ffffff;\n}\n<\/style>\n<div  class='avia-image-container av-l1w9kpsf-4ec3fab772ec7a9adaa33cfc64ff0475 av-styling- avia-align-center  avia-builder-el-8  avia-builder-el-no-sibling'  itemprop=\"image\" itemscope=\"itemscope\" itemtype=\"https:\/\/schema.org\/ImageObject\" ><div class=\"avia-image-container-inner\"><div class=\"avia-image-overlay-wrap\"><img decoding=\"async\" class='wp-image-187 avia-img-lazy-loading-not-187 avia_image' src=\"https:\/\/www.vdhurk.nl\/wp-content\/uploads\/2022\/03\/Voorrad.png\" alt='' title='Lagerbestand'  height=\"758\" width=\"1135\"  itemprop=\"thumbnailUrl\" srcset=\"https:\/\/www.vdhurk.nl\/wp-content\/uploads\/2022\/03\/Voorrad.png 1135w, https:\/\/www.vdhurk.nl\/wp-content\/uploads\/2022\/03\/Voorrad-300x200.png 300w, https:\/\/www.vdhurk.nl\/wp-content\/uploads\/2022\/03\/Voorrad-1030x688.png 1030w, https:\/\/www.vdhurk.nl\/wp-content\/uploads\/2022\/03\/Voorrad-768x513.png 768w, https:\/\/www.vdhurk.nl\/wp-content\/uploads\/2022\/03\/Voorrad-18x12.png 18w, https:\/\/www.vdhurk.nl\/wp-content\/uploads\/2022\/03\/Voorrad-705x471.png 705w\" sizes=\"(max-width: 1135px) 100vw, 1135px\" \/><\/div><\/div><\/div><\/div><\/p>\n\n<style type=\"text\/css\" data-created_by=\"avia_inline_auto\" id=\"style-css-av-luqrjpjc-5a23a1fb5f94718ca85316a9df963e2f\">\n#top .hr.hr-invisible.av-luqrjpjc-5a23a1fb5f94718ca85316a9df963e2f{\nheight:50px;\n}\n<\/style>\n<div  class='hr av-luqrjpjc-5a23a1fb5f94718ca85316a9df963e2f hr-invisible  avia-builder-el-9  el_after_av_one_third  el_before_av_textblock'><span class='hr-inner'><span class=\"hr-inner-style\"><\/span><\/span><\/div>\n<section  class='av_textblock_section av-lu8gtjw7-4f3cee9304909518d86d2860d9d582dd'  itemscope=\"itemscope\" itemtype=\"https:\/\/schema.org\/CreativeWork\" ><div class='avia_textblock'  itemprop=\"text\" ><h2>Verschiedene Versionen<\/h2>\n<p>Der Peugeot Boxer ist in verschiedenen Ausf\u00fchrungen erh\u00e4ltlich. So gibt es zum Beispiel eine offene Variante, die ideal f\u00fcr den Personentransport ist. Eine Version mit geschlossenem R\u00fccken ist perfekt f\u00fcr den sicheren und einfachen Transport von G\u00fctern. M\u00fcssen Sie regelm\u00e4\u00dfig schwere Lasten transportieren? Dann ist eine offene Ladebox sehr gut geeignet. Der Peugeot Boxer hat eine Ladekapazit\u00e4t von bis zu 1600 Kilo. Au\u00dferdem haben Sie die Wahl zwischen verschiedenen Motoren mit einer Leistung von 140 PS bis hin zu 180 PS.<\/p>\n<p>Dank dieser Vielfalt finden Sie immer einen Peugeot Boxer, der Ihren Bed\u00fcrfnissen entspricht. Haben Sie noch nicht gefunden, was Sie suchen? Das ist kein Problem! Unser Angebot \u00e4ndert sich st\u00e4ndig, so dass Ihr ideales Nutzfahrzeug vielleicht schon bald verf\u00fcgbar sein wird. Schauen Sie deshalb immer wieder in unsere <a href=\"https:\/\/www.vdhurk.nl\/de\/nutzfahrzeuge\/\">aktuelles Angebot<\/a> sorgf\u00e4ltig. Suchen Sie ein bestimmtes Modell? Informieren Sie uns \u00fcber unser <a href=\"https:\/\/www.vdhurk.nl\/de\/aktienalarm\/\">Stockalert<\/a>und wir helfen Ihnen, den perfekten Firmenwagen zu finden.<\/p>\n<h2>An welche Preise sollten Sie denken?<\/h2>\n<p>Die Preise f\u00fcr unsere Nutzfahrzeuge sind unterschiedlich, und das aus gutem Grund. In unserem Angebot finden Sie sowohl einfache Peugeot Boxer Modelle als auch voll ausgestattete Peugeot Boxer Fahrzeuge. Da sich unser aktuelles Angebot st\u00e4ndig \u00e4ndert, k\u00f6nnen wir keine genaue Preisangabe machen. Ob Sie nun einen gebrauchten Peugeot Boxer oder ein neues Modell suchen, es ist immer etwas f\u00fcr Ihr Budget dabei.<\/p>\n<h2>Leasing oder Kauf eines Peugeot Boxer: Was ist die beste Option f\u00fcr Sie?<\/h2>\n<p>Bei Van den Hurk k\u00f6nnen Sie ein Nutzfahrzeug nicht nur direkt kaufen, sondern sich auch f\u00fcr ein Finanzierungsleasing entscheiden. Mit <a href=\"https:\/\/www.vdhurk.nl\/de\/finanzierungsleasing\/\">Finanzierungsleasing<\/a> Sie zahlen monatlich f\u00fcr das Fahrzeug, so dass Sie nicht auf einen Schlag einen hohen Betrag investieren m\u00fcssen. W\u00e4hrend der Leasingdauer geht das Fahrzeug schrittweise in Ihr Eigentum \u00fcber. Am Ende des Leasingvertrags sind Sie der vollst\u00e4ndige Eigent\u00fcmer, ohne eine gro\u00dfe Anfangsinvestition t\u00e4tigen zu m\u00fcssen.<\/p>\n<h2><b>Finden Sie Ihren Peugeot Boxer<\/b><\/h2>\n<p>Sind Sie \u00fcberzeugt und bereit, einen Peugeot Boxer zu kaufen? Oder ben\u00f6tigen Sie zus\u00e4tzliche Informationen? Als Peugeot Boxer-H\u00e4ndler sind wir bereit, alle Ihre Fragen zu beantworten und Ihnen zu helfen, die richtige Wahl zu treffen. Kontaktieren Sie uns f\u00fcr weitere Informationen oder schauen Sie sich unser aktuelles Angebot an, um Ihr ideales Nutzfahrzeug zu finden.<\/p>\n<\/div><\/section>","protected":false},"excerpt":{"rendered":"","protected":false},"author":3,"featured_media":0,"parent":370581,"menu_order":0,"comment_status":"closed","ping_status":"closed","template":"","meta":{"_acf_changed":false,"_improvement_type_select":"improve_an_existing","_thumb_yes_seoaic":false,"_frame_yes_seoaic":false,"seoaic_generate_description":"","seoaic_improve_instructions_prompt":"","seoaic_rollback_content_improvement":"","seoaic_idea_thumbnail_generator":"","thumbnail_generated":false,"thumbnail_generate_prompt":"","seoaic_article_description":"","footnotes":""},"class_list":["post-405923","page","type-page","status-publish","hentry"],"acf":[],"yoast_head":"<!-- This site is optimized with the Yoast SEO plugin v27.3 - https:\/\/yoast.com\/product\/yoast-seo-wordpress\/ -->\n<title>Vind jouw Peugeot Boxer occasion | Bekijk de mogelijkheden<\/title>\n<meta name=\"description\" content=\"Overweeg je een Peugeot Boxer occasion aan te schaffen? Bekijk dan ons aanbod en vind de bedrijfswagen die perfect aansluit bij jouw behoeften en gebruik.\" \/>\n<meta name=\"robots\" content=\"index, follow, max-snippet:-1, max-image-preview:large, max-video-preview:-1\" \/>\n<link rel=\"canonical\" href=\"https:\/\/www.vdhurk.nl\/de\/peugeot-nutzfahrzeuge\/mercedes-11\/\" \/>\n<meta property=\"og:locale\" content=\"de_DE\" \/>\n<meta property=\"og:type\" content=\"article\" \/>\n<meta property=\"og:title\" content=\"Vind jouw Peugeot Boxer occasion | Bekijk de mogelijkheden\" \/>\n<meta property=\"og:description\" content=\"Overweeg je een Peugeot Boxer occasion aan te schaffen? Bekijk dan ons aanbod en vind de bedrijfswagen die perfect aansluit bij jouw behoeften en gebruik.\" \/>\n<meta property=\"og:url\" content=\"https:\/\/www.vdhurk.nl\/de\/peugeot-nutzfahrzeuge\/mercedes-11\/\" \/>\n<meta property=\"og:site_name\" content=\"Van den Hurk Bedrijfswagens\" \/>\n<meta name=\"twitter:card\" content=\"summary_large_image\" \/>\n<meta name=\"twitter:label1\" content=\"Gesch\u00e4tzte Lesezeit\" \/>\n\t<meta name=\"twitter:data1\" content=\"5\u00a0Minuten\" \/>\n<script type=\"application\/ld+json\" class=\"yoast-schema-graph\">{\"@context\":\"https:\\\/\\\/schema.org\",\"@graph\":[{\"@type\":\"WebPage\",\"@id\":\"https:\\\/\\\/www.vdhurk.nl\\\/peugeot-bedrijfswagens\\\/boxer\\\/\",\"url\":\"https:\\\/\\\/www.vdhurk.nl\\\/peugeot-bedrijfswagens\\\/boxer\\\/\",\"name\":\"Vind jouw Peugeot Boxer occasion | Bekijk de mogelijkheden\",\"isPartOf\":{\"@id\":\"https:\\\/\\\/www.vdhurk.nl\\\/#website\"},\"datePublished\":\"2024-09-20T09:35:01+00:00\",\"description\":\"Overweeg je een Peugeot Boxer occasion aan te schaffen? Bekijk dan ons aanbod en vind de bedrijfswagen die perfect aansluit bij jouw behoeften en gebruik.\",\"breadcrumb\":{\"@id\":\"https:\\\/\\\/www.vdhurk.nl\\\/peugeot-bedrijfswagens\\\/boxer\\\/#breadcrumb\"},\"inLanguage\":\"de\",\"potentialAction\":[{\"@type\":\"ReadAction\",\"target\":[\"https:\\\/\\\/www.vdhurk.nl\\\/peugeot-bedrijfswagens\\\/boxer\\\/\"]}]},{\"@type\":\"BreadcrumbList\",\"@id\":\"https:\\\/\\\/www.vdhurk.nl\\\/peugeot-bedrijfswagens\\\/boxer\\\/#breadcrumb\",\"itemListElement\":[{\"@type\":\"ListItem\",\"position\":1,\"name\":\"Home\",\"item\":\"https:\\\/\\\/www.vdhurk.nl\\\/home\\\/\"},{\"@type\":\"ListItem\",\"position\":2,\"name\":\"Peugeot Bedrijfswagens\",\"item\":\"https:\\\/\\\/www.vdhurk.nl\\\/peugeot-bedrijfswagens\\\/\"},{\"@type\":\"ListItem\",\"position\":3,\"name\":\"Peugeot Boxer\"}]},{\"@type\":\"WebSite\",\"@id\":\"https:\\\/\\\/www.vdhurk.nl\\\/#website\",\"url\":\"https:\\\/\\\/www.vdhurk.nl\\\/\",\"name\":\"Van den Hurk Bedrijfswagens\",\"description\":\"Van den Hurk bedrijfswagens Helmond\",\"potentialAction\":[{\"@type\":\"SearchAction\",\"target\":{\"@type\":\"EntryPoint\",\"urlTemplate\":\"https:\\\/\\\/www.vdhurk.nl\\\/?s={search_term_string}\"},\"query-input\":{\"@type\":\"PropertyValueSpecification\",\"valueRequired\":true,\"valueName\":\"search_term_string\"}}],\"inLanguage\":\"de\"}]}<\/script>\n<!-- \/ Yoast SEO plugin. -->","yoast_head_json":{"title":"Finden Sie Ihren Peugeot Boxer Gelegenheit | Sehen Sie die Optionen","description":"Sie denken \u00fcber den Kauf eines Peugeot Boxer Gebrauchtwagens nach? Dann werfen Sie einen Blick auf unser Angebot und finden Sie das Nutzfahrzeug, das perfekt zu Ihren Bed\u00fcrfnissen und Ihrem Einsatz passt.","robots":{"index":"index","follow":"follow","max-snippet":"max-snippet:-1","max-image-preview":"max-image-preview:large","max-video-preview":"max-video-preview:-1"},"canonical":"https:\/\/www.vdhurk.nl\/de\/peugeot-nutzfahrzeuge\/mercedes-11\/","og_locale":"de_DE","og_type":"article","og_title":"Vind jouw Peugeot Boxer occasion | Bekijk de mogelijkheden","og_description":"Overweeg je een Peugeot Boxer occasion aan te schaffen? Bekijk dan ons aanbod en vind de bedrijfswagen die perfect aansluit bij jouw behoeften en gebruik.","og_url":"https:\/\/www.vdhurk.nl\/de\/peugeot-nutzfahrzeuge\/mercedes-11\/","og_site_name":"Van den Hurk Bedrijfswagens","twitter_card":"summary_large_image","twitter_misc":{"Gesch\u00e4tzte Lesezeit":"5\u00a0Minuten"},"schema":{"@context":"https:\/\/schema.org","@graph":[{"@type":"WebPage","@id":"https:\/\/www.vdhurk.nl\/peugeot-bedrijfswagens\/boxer\/","url":"https:\/\/www.vdhurk.nl\/peugeot-bedrijfswagens\/boxer\/","name":"Finden Sie Ihren Peugeot Boxer Gelegenheit | Sehen Sie die Optionen","isPartOf":{"@id":"https:\/\/www.vdhurk.nl\/#website"},"datePublished":"2024-09-20T09:35:01+00:00","description":"Sie denken \u00fcber den Kauf eines Peugeot Boxer Gebrauchtwagens nach? Dann werfen Sie einen Blick auf unser Angebot und finden Sie das Nutzfahrzeug, das perfekt zu Ihren Bed\u00fcrfnissen und Ihrem Einsatz passt.","breadcrumb":{"@id":"https:\/\/www.vdhurk.nl\/peugeot-bedrijfswagens\/boxer\/#breadcrumb"},"inLanguage":"de","potentialAction":[{"@type":"ReadAction","target":["https:\/\/www.vdhurk.nl\/peugeot-bedrijfswagens\/boxer\/"]}]},{"@type":"BreadcrumbList","@id":"https:\/\/www.vdhurk.nl\/peugeot-bedrijfswagens\/boxer\/#breadcrumb","itemListElement":[{"@type":"ListItem","position":1,"name":"Home","item":"https:\/\/www.vdhurk.nl\/home\/"},{"@type":"ListItem","position":2,"name":"Peugeot Bedrijfswagens","item":"https:\/\/www.vdhurk.nl\/peugeot-bedrijfswagens\/"},{"@type":"ListItem","position":3,"name":"Peugeot Boxer"}]},{"@type":"WebSite","@id":"https:\/\/www.vdhurk.nl\/#website","url":"https:\/\/www.vdhurk.nl\/","name":"Van den Hurk Nutzfahrzeuge","description":"Van den Hurk Nutzfahrzeuge Helmond","potentialAction":[{"@type":"SearchAction","target":{"@type":"EntryPoint","urlTemplate":"https:\/\/www.vdhurk.nl\/?s={search_term_string}"},"query-input":{"@type":"PropertyValueSpecification","valueRequired":true,"valueName":"search_term_string"}}],"inLanguage":"de"}]}},"_links":{"self":[{"href":"https:\/\/www.vdhurk.nl\/de\/wp-json\/wp\/v2\/pages\/405923","targetHints":{"allow":["GET"]}}],"collection":[{"href":"https:\/\/www.vdhurk.nl\/de\/wp-json\/wp\/v2\/pages"}],"about":[{"href":"https:\/\/www.vdhurk.nl\/de\/wp-json\/wp\/v2\/types\/page"}],"author":[{"embeddable":true,"href":"https:\/\/www.vdhurk.nl\/de\/wp-json\/wp\/v2\/users\/3"}],"replies":[{"embeddable":true,"href":"https:\/\/www.vdhurk.nl\/de\/wp-json\/wp\/v2\/comments?post=405923"}],"version-history":[{"count":1,"href":"https:\/\/www.vdhurk.nl\/de\/wp-json\/wp\/v2\/pages\/405923\/revisions"}],"predecessor-version":[{"id":405924,"href":"https:\/\/www.vdhurk.nl\/de\/wp-json\/wp\/v2\/pages\/405923\/revisions\/405924"}],"up":[{"embeddable":true,"href":"https:\/\/www.vdhurk.nl\/de\/wp-json\/wp\/v2\/pages\/370581"}],"wp:attachment":[{"href":"https:\/\/www.vdhurk.nl\/de\/wp-json\/wp\/v2\/media?parent=405923"}],"curies":[{"name":"wp","href":"https:\/\/api.w.org\/{rel}","templated":true}]}}