{"id":405921,"date":"2024-09-20T11:25:27","date_gmt":"2024-09-20T09:25:27","guid":{"rendered":"https:\/\/www.vdhurk.nl\/?page_id=405921"},"modified":"2024-09-20T11:25:27","modified_gmt":"2024-09-20T09:25:27","slug":"mercedes-19","status":"publish","type":"page","link":"https:\/\/www.vdhurk.nl\/de\/peugeot-bedrijfswagens\/expert\/","title":{"rendered":"Peugeot Experte"},"content":{"rendered":"<section  class='av_textblock_section av-lu8gnh7d-4ac895489941e586c1d7c8cb72318135'  itemscope=\"itemscope\" itemtype=\"https:\/\/schema.org\/CreativeWork\" ><div class='avia_textblock'  itemprop=\"text\" ><h1>Kauf eines Peugeot Expert: Worauf ist zu achten?<\/h1>\n<p>Sie suchen ein Nutzfahrzeug? Dann sollten Sie unbedingt den Peugeot Expert in Betracht ziehen. Dieser praktische und vielseitige Transporter ist in verschiedenen Ausstattungen und Varianten erh\u00e4ltlich, so dass Sie immer ein Modell finden werden, das perfekt zu Ihren gesch\u00e4ftlichen Anforderungen passt. Entdecken Sie die vielen Vorteile des Peugeot Expert und warum dieses Fahrzeug eine gute Wahl f\u00fcr Ihr Unternehmen ist.<\/p>\n<\/div><\/section>\n\n<style type=\"text\/css\" data-created_by=\"avia_inline_auto\" id=\"style-css-av-lujjddpd-afa3d7a9eabd61123e643ed1228e781e\">\n#top .hr.hr-invisible.av-lujjddpd-afa3d7a9eabd61123e643ed1228e781e{\nheight:50px;\n}\n<\/style>\n<div  class='hr av-lujjddpd-afa3d7a9eabd61123e643ed1228e781e hr-invisible  avia-builder-el-1  el_after_av_textblock  el_before_av_codeblock'><span class='hr-inner'><span class=\"hr-inner-style\"><\/span><\/span><\/div>\n\n\n<style type=\"text\/css\" data-created_by=\"avia_inline_auto\" id=\"style-css-av-ah0xd-63338d9dc6b40410e22a712829c369d6\">\n#top .hr.hr-invisible.av-ah0xd-63338d9dc6b40410e22a712829c369d6{\nheight:50px;\n}\n<\/style>\n<div  class='hr av-ah0xd-63338d9dc6b40410e22a712829c369d6 hr-invisible  avia-builder-el-3  el_after_av_codeblock  el_before_av_textblock'><span class='hr-inner'><span class=\"hr-inner-style\"><\/span><\/span><\/div>\n<section  class='av_textblock_section av-lu8gow1e-300853e458ed741bd87d6cb78e55cc7a'  itemscope=\"itemscope\" itemtype=\"https:\/\/schema.org\/CreativeWork\" ><div class='avia_textblock'  itemprop=\"text\" ><h2>Merkmale und Spezifikationen<\/h2>\n<p>Wenn Sie sich f\u00fcr einen Peugeot Expert entscheiden, entscheiden Sie sich f\u00fcr Zuverl\u00e4ssigkeit und Funktionalit\u00e4t. Dieses Modell, wie viele andere von <a href=\"https:\/\/www.vdhurk.nl\/de\/peugeot-nutzfahrzeuge\/\">Peugeot<\/a>... ist innovativ und kompakt. Dieses Nutzfahrzeug wurde entwickelt, um Ihnen die Arbeit zu erleichtern. Der Expert zeichnet sich auch durch seinen leisen Motor aus, der f\u00fcr zus\u00e4tzlichen Fahrkomfort sorgt. Der Peugeot Expert ist in verschiedenen Varianten und mit unterschiedlichen Baujahren erh\u00e4ltlich. Im Jahr 2021 wurde dieses Modell sogar zum \"Nutzfahrzeug des Jahres\" gek\u00fcrt, was seine Qualit\u00e4t und Beliebtheit unterstreicht. Ausgestattet mit leistungsstarken Dieselmotoren und einer gro\u00dfen Nutzlast ist der Expert ideal f\u00fcr schwere Arbeiten. Au\u00dferdem sorgt seine umfassende Sicherheitsausstattung daf\u00fcr, dass Sie immer sicher unterwegs sind.<\/p>\n<\/div><\/section>\n<div class='flex_column av-f64w1-da126f42b61613402309283c14245a25 av_one_half  avia-builder-el-5  el_after_av_textblock  el_before_av_one_third  first flex_column_div column-top-margin'   ><section  class='av_textblock_section av-lu8gpqre-73cc2c17e6a6497ba6e1b58af22bd9e8'  itemscope=\"itemscope\" itemtype=\"https:\/\/schema.org\/CreativeWork\" ><div class='avia_textblock'  itemprop=\"text\" ><h2>Kauf eines Peugeot Expert: Welche Vorteile gibt es?<\/h2>\n<p>Der Peugeot Expert bietet zahlreiche Vorteile, die ihn zu einer vielseitigen und zuverl\u00e4ssigen Wahl machen.<\/p>\n<ul>\n<li><strong>Praktisches und intelligentes Design<\/strong>: Mit seiner gro\u00dfen Ladekapazit\u00e4t transportiert er m\u00fchelos alles, was Sie brauchen, vom Werkzeug bis zu gro\u00dfen Lasten.<\/li>\n<li><strong>Hoher Fahrkomfort<\/strong>Dieses Modell wurde mit Blick auf den Komfort entwickelt, damit Sie lange Fahrten m\u00fchelos bew\u00e4ltigen k\u00f6nnen. Dieses Modell ist perfekt f\u00fcr diejenigen, die viel Zeit auf der Stra\u00dfe verbringen.<\/li>\n<li><strong>Kraftstoffeffizienz<\/strong> :die kraftstoffsparenden Dieselmotoren sorgen f\u00fcr einen geringeren Kraftstoffverbrauch, was besonders dann von Vorteil ist, wenn Ihr Unternehmen h\u00e4ufig lange Strecken zur\u00fccklegt.<\/li>\n<li><strong>Flexibilit\u00e4t<\/strong>Dank seiner kompakten Bauweise und seiner ausgezeichneten Man\u00f6vrierf\u00e4higkeit l\u00e4sst sich der Expert problemlos durch belebte St\u00e4dte man\u00f6vrieren, ist aber auch ideal f\u00fcr l\u00e4ngere Fahrten auf der Autobahn.<\/li>\n<\/ul>\n<p>Dies sind nur einige Beispiele f\u00fcr die Vorteile, die der Peugeot Expert bietet.<\/p>\n<\/div><\/section><\/div><div class='flex_column av-aldk9-ee694297f5c4032981677a02caab84d6 av_one_third  avia-builder-el-7  el_after_av_one_half  el_before_av_hr  flex_column_div column-top-margin'   ><style type=\"text\/css\" data-created_by=\"avia_inline_auto\" id=\"style-css-av-l1w9kpsf-4ec3fab772ec7a9adaa33cfc64ff0475\">\n.avia-image-container.av-l1w9kpsf-4ec3fab772ec7a9adaa33cfc64ff0475 .av-image-caption-overlay-center{\ncolor:#ffffff;\n}\n<\/style>\n<div  class='avia-image-container av-l1w9kpsf-4ec3fab772ec7a9adaa33cfc64ff0475 av-styling- avia-align-center  avia-builder-el-8  avia-builder-el-no-sibling'  itemprop=\"image\" itemscope=\"itemscope\" itemtype=\"https:\/\/schema.org\/ImageObject\" ><div class=\"avia-image-container-inner\"><div class=\"avia-image-overlay-wrap\"><img decoding=\"async\" class='wp-image-187 avia-img-lazy-loading-not-187 avia_image' src=\"https:\/\/www.vdhurk.nl\/wp-content\/uploads\/2022\/03\/Voorrad.png\" alt='' title='Lagerbestand'  height=\"758\" width=\"1135\"  itemprop=\"thumbnailUrl\" srcset=\"https:\/\/www.vdhurk.nl\/wp-content\/uploads\/2022\/03\/Voorrad.png 1135w, https:\/\/www.vdhurk.nl\/wp-content\/uploads\/2022\/03\/Voorrad-300x200.png 300w, https:\/\/www.vdhurk.nl\/wp-content\/uploads\/2022\/03\/Voorrad-1030x688.png 1030w, https:\/\/www.vdhurk.nl\/wp-content\/uploads\/2022\/03\/Voorrad-768x513.png 768w, https:\/\/www.vdhurk.nl\/wp-content\/uploads\/2022\/03\/Voorrad-18x12.png 18w, https:\/\/www.vdhurk.nl\/wp-content\/uploads\/2022\/03\/Voorrad-705x471.png 705w\" sizes=\"(max-width: 1135px) 100vw, 1135px\" \/><\/div><\/div><\/div><\/div><\/p>\n\n<style type=\"text\/css\" data-created_by=\"avia_inline_auto\" id=\"style-css-av-luqrjpjc-5a23a1fb5f94718ca85316a9df963e2f\">\n#top .hr.hr-invisible.av-luqrjpjc-5a23a1fb5f94718ca85316a9df963e2f{\nheight:50px;\n}\n<\/style>\n<div  class='hr av-luqrjpjc-5a23a1fb5f94718ca85316a9df963e2f hr-invisible  avia-builder-el-9  el_after_av_one_third  el_before_av_textblock'><span class='hr-inner'><span class=\"hr-inner-style\"><\/span><\/span><\/div>\n<section  class='av_textblock_section av-lu8gtjw7-4f3cee9304909518d86d2860d9d582dd'  itemscope=\"itemscope\" itemtype=\"https:\/\/schema.org\/CreativeWork\" ><div class='avia_textblock'  itemprop=\"text\" ><h2>An welche Preise sollten Sie denken?<\/h2>\n<p>Der Preis unserer Peugeot Expert Modelle variiert. Das liegt an Ihren Anforderungen und Entscheidungen. Ob Sie sich f\u00fcr eine Basisversion oder ein Modell mit zus\u00e4tzlicher Ausstattung entscheiden, der endg\u00fcltige Preis des Peugeot Expert wird durch Ihre W\u00fcnsche und Bed\u00fcrfnisse bestimmt. Daher k\u00f6nnen wir keine feste Preisangabe machen. Was auch immer Sie bevorzugen, in unserem Angebot werden Sie immer ein Modell finden, das in Ihr Budget passt.<\/p>\n<h2>Leasing oder Kauf eines Peugeot Expert: Was ist die beste Wahl f\u00fcr Sie?<\/h2>\n<p>Bei Van den Hurk haben Sie die Qual der Wahl, wenn es um die Finanzierung Ihres Nutzfahrzeugs geht. Bezahlen Sie das Fahrzeug auf einen Schlag oder entscheiden Sie sich f\u00fcr <a href=\"https:\/\/www.vdhurk.nl\/de\/finanzierungsleasing\/\">Finanzierungsleasing<\/a> und verteilen Sie die Kosten auf monatliche Raten. Auf diese Weise m\u00fcssen Sie nicht gleich eine gro\u00dfe Investition t\u00e4tigen. In beiden F\u00e4llen werden Sie der vollst\u00e4ndige Eigent\u00fcmer des Fahrzeugs. Beim Finanzierungsleasing sind Sie der Eigent\u00fcmer, sobald der Vertrag ausl\u00e4uft, w\u00e4hrend Sie bei der Direktzahlung die Schl\u00fcssel sofort in den H\u00e4nden halten.<\/p>\n<h2>Entdecken Sie die Produktpalette und finden Sie Ihren Peugeot<\/h2>\n<p>Sie m\u00f6chten einen Peugeot Expert aus zweiter Hand kaufen? Oder passt eine neue Variante besser zu Ihren gesch\u00e4ftlichen Zielen? Pr\u00fcfen Sie es <a href=\"https:\/\/www.vdhurk.nl\/de\/nutzfahrzeuge\/\">aktuelles Angebot<\/a> f\u00fcr die M\u00f6glichkeiten. Sie sind noch nicht ganz am Ziel und m\u00f6chten einen Expertenrat? Kein Problem! Unsere Mitarbeiter helfen Ihnen gerne, die beste Wahl zu treffen.<\/p>\n<\/div><\/section>","protected":false},"excerpt":{"rendered":"","protected":false},"author":3,"featured_media":0,"parent":370581,"menu_order":0,"comment_status":"closed","ping_status":"closed","template":"","meta":{"_acf_changed":false,"_improvement_type_select":"improve_an_existing","_thumb_yes_seoaic":false,"_frame_yes_seoaic":false,"seoaic_generate_description":"","seoaic_improve_instructions_prompt":"","seoaic_rollback_content_improvement":"","seoaic_idea_thumbnail_generator":"","thumbnail_generated":false,"thumbnail_generate_prompt":"","seoaic_article_description":"","footnotes":""},"class_list":["post-405921","page","type-page","status-publish","hentry"],"acf":[],"yoast_head":"<!-- This site is optimized with the Yoast SEO plugin v27.5 - https:\/\/yoast.com\/product\/yoast-seo-wordpress\/ -->\n<title>Peugeot Expert occasion kopen? Bekijk ons actuele aanbod!<\/title>\n<meta name=\"description\" content=\"Op zoek naar een Peugeot Expert occasion? Vind de bedrijfswagen die helemaal aansluit bij jouw zakelijke behoeften bij Van den Hurk\" \/>\n<meta name=\"robots\" content=\"index, follow, max-snippet:-1, max-image-preview:large, max-video-preview:-1\" \/>\n<link rel=\"canonical\" href=\"https:\/\/www.vdhurk.nl\/de\/peugeot-nutzfahrzeuge\/mercedes-19\/\" \/>\n<meta property=\"og:locale\" content=\"de_DE\" \/>\n<meta property=\"og:type\" content=\"article\" \/>\n<meta property=\"og:title\" content=\"Peugeot Expert occasion kopen? Bekijk ons actuele aanbod!\" \/>\n<meta property=\"og:description\" content=\"Op zoek naar een Peugeot Expert occasion? Vind de bedrijfswagen die helemaal aansluit bij jouw zakelijke behoeften bij Van den Hurk\" \/>\n<meta property=\"og:url\" content=\"https:\/\/www.vdhurk.nl\/de\/peugeot-nutzfahrzeuge\/mercedes-19\/\" \/>\n<meta property=\"og:site_name\" content=\"Van den Hurk Bedrijfswagens\" \/>\n<meta name=\"twitter:card\" content=\"summary_large_image\" \/>\n<meta name=\"twitter:label1\" content=\"Gesch\u00e4tzte Lesezeit\" \/>\n\t<meta name=\"twitter:data1\" content=\"5\u00a0Minuten\" \/>\n<script type=\"application\/ld+json\" class=\"yoast-schema-graph\">{\"@context\":\"https:\\\/\\\/schema.org\",\"@graph\":[{\"@type\":\"WebPage\",\"@id\":\"https:\\\/\\\/www.vdhurk.nl\\\/peugeot-bedrijfswagens\\\/expert\\\/\",\"url\":\"https:\\\/\\\/www.vdhurk.nl\\\/peugeot-bedrijfswagens\\\/expert\\\/\",\"name\":\"Peugeot Expert occasion kopen? Bekijk ons actuele aanbod!\",\"isPartOf\":{\"@id\":\"https:\\\/\\\/www.vdhurk.nl\\\/#website\"},\"datePublished\":\"2024-09-20T09:25:27+00:00\",\"description\":\"Op zoek naar een Peugeot Expert occasion? Vind de bedrijfswagen die helemaal aansluit bij jouw zakelijke behoeften bij Van den Hurk\",\"breadcrumb\":{\"@id\":\"https:\\\/\\\/www.vdhurk.nl\\\/peugeot-bedrijfswagens\\\/expert\\\/#breadcrumb\"},\"inLanguage\":\"de\",\"potentialAction\":[{\"@type\":\"ReadAction\",\"target\":[\"https:\\\/\\\/www.vdhurk.nl\\\/peugeot-bedrijfswagens\\\/expert\\\/\"]}]},{\"@type\":\"BreadcrumbList\",\"@id\":\"https:\\\/\\\/www.vdhurk.nl\\\/peugeot-bedrijfswagens\\\/expert\\\/#breadcrumb\",\"itemListElement\":[{\"@type\":\"ListItem\",\"position\":1,\"name\":\"Home\",\"item\":\"https:\\\/\\\/www.vdhurk.nl\\\/home\\\/\"},{\"@type\":\"ListItem\",\"position\":2,\"name\":\"Peugeot Bedrijfswagens\",\"item\":\"https:\\\/\\\/www.vdhurk.nl\\\/peugeot-bedrijfswagens\\\/\"},{\"@type\":\"ListItem\",\"position\":3,\"name\":\"Peugeot Expert\"}]},{\"@type\":\"WebSite\",\"@id\":\"https:\\\/\\\/www.vdhurk.nl\\\/#website\",\"url\":\"https:\\\/\\\/www.vdhurk.nl\\\/\",\"name\":\"Van den Hurk Bedrijfswagens\",\"description\":\"Van den Hurk bedrijfswagens Helmond\",\"potentialAction\":[{\"@type\":\"SearchAction\",\"target\":{\"@type\":\"EntryPoint\",\"urlTemplate\":\"https:\\\/\\\/www.vdhurk.nl\\\/?s={search_term_string}\"},\"query-input\":{\"@type\":\"PropertyValueSpecification\",\"valueRequired\":true,\"valueName\":\"search_term_string\"}}],\"inLanguage\":\"de\"}]}<\/script>\n<!-- \/ Yoast SEO plugin. -->","yoast_head_json":{"title":"Kaufen Sie einen Peugeot Expert Gelegenheit? Sehen Sie sich unser aktuelles Angebot an!","description":"Suchen Sie einen Peugeot Expert Gebrauchtwagen? Finden Sie das passende Nutzfahrzeug f\u00fcr Ihr Unternehmen bei Van den Hurk","robots":{"index":"index","follow":"follow","max-snippet":"max-snippet:-1","max-image-preview":"max-image-preview:large","max-video-preview":"max-video-preview:-1"},"canonical":"https:\/\/www.vdhurk.nl\/de\/peugeot-nutzfahrzeuge\/mercedes-19\/","og_locale":"de_DE","og_type":"article","og_title":"Peugeot Expert occasion kopen? Bekijk ons actuele aanbod!","og_description":"Op zoek naar een Peugeot Expert occasion? Vind de bedrijfswagen die helemaal aansluit bij jouw zakelijke behoeften bij Van den Hurk","og_url":"https:\/\/www.vdhurk.nl\/de\/peugeot-nutzfahrzeuge\/mercedes-19\/","og_site_name":"Van den Hurk Bedrijfswagens","twitter_card":"summary_large_image","twitter_misc":{"Gesch\u00e4tzte Lesezeit":"5\u00a0Minuten"},"schema":{"@context":"https:\/\/schema.org","@graph":[{"@type":"WebPage","@id":"https:\/\/www.vdhurk.nl\/peugeot-bedrijfswagens\/expert\/","url":"https:\/\/www.vdhurk.nl\/peugeot-bedrijfswagens\/expert\/","name":"Kaufen Sie einen Peugeot Expert Gelegenheit? Sehen Sie sich unser aktuelles Angebot an!","isPartOf":{"@id":"https:\/\/www.vdhurk.nl\/#website"},"datePublished":"2024-09-20T09:25:27+00:00","description":"Suchen Sie einen Peugeot Expert Gebrauchtwagen? Finden Sie das passende Nutzfahrzeug f\u00fcr Ihr Unternehmen bei Van den Hurk","breadcrumb":{"@id":"https:\/\/www.vdhurk.nl\/peugeot-bedrijfswagens\/expert\/#breadcrumb"},"inLanguage":"de","potentialAction":[{"@type":"ReadAction","target":["https:\/\/www.vdhurk.nl\/peugeot-bedrijfswagens\/expert\/"]}]},{"@type":"BreadcrumbList","@id":"https:\/\/www.vdhurk.nl\/peugeot-bedrijfswagens\/expert\/#breadcrumb","itemListElement":[{"@type":"ListItem","position":1,"name":"Home","item":"https:\/\/www.vdhurk.nl\/home\/"},{"@type":"ListItem","position":2,"name":"Peugeot Bedrijfswagens","item":"https:\/\/www.vdhurk.nl\/peugeot-bedrijfswagens\/"},{"@type":"ListItem","position":3,"name":"Peugeot Expert"}]},{"@type":"WebSite","@id":"https:\/\/www.vdhurk.nl\/#website","url":"https:\/\/www.vdhurk.nl\/","name":"Van den Hurk Nutzfahrzeuge","description":"Van den Hurk Nutzfahrzeuge Helmond","potentialAction":[{"@type":"SearchAction","target":{"@type":"EntryPoint","urlTemplate":"https:\/\/www.vdhurk.nl\/?s={search_term_string}"},"query-input":{"@type":"PropertyValueSpecification","valueRequired":true,"valueName":"search_term_string"}}],"inLanguage":"de"}]}},"_links":{"self":[{"href":"https:\/\/www.vdhurk.nl\/de\/wp-json\/wp\/v2\/pages\/405921","targetHints":{"allow":["GET"]}}],"collection":[{"href":"https:\/\/www.vdhurk.nl\/de\/wp-json\/wp\/v2\/pages"}],"about":[{"href":"https:\/\/www.vdhurk.nl\/de\/wp-json\/wp\/v2\/types\/page"}],"author":[{"embeddable":true,"href":"https:\/\/www.vdhurk.nl\/de\/wp-json\/wp\/v2\/users\/3"}],"replies":[{"embeddable":true,"href":"https:\/\/www.vdhurk.nl\/de\/wp-json\/wp\/v2\/comments?post=405921"}],"version-history":[{"count":1,"href":"https:\/\/www.vdhurk.nl\/de\/wp-json\/wp\/v2\/pages\/405921\/revisions"}],"predecessor-version":[{"id":405922,"href":"https:\/\/www.vdhurk.nl\/de\/wp-json\/wp\/v2\/pages\/405921\/revisions\/405922"}],"up":[{"embeddable":true,"href":"https:\/\/www.vdhurk.nl\/de\/wp-json\/wp\/v2\/pages\/370581"}],"wp:attachment":[{"href":"https:\/\/www.vdhurk.nl\/de\/wp-json\/wp\/v2\/media?parent=405921"}],"curies":[{"name":"wp","href":"https:\/\/api.w.org\/{rel}","templated":true}]}}