{"id":405902,"date":"2024-09-20T10:54:47","date_gmt":"2024-09-20T08:54:47","guid":{"rendered":"https:\/\/www.vdhurk.nl\/?page_id=405902"},"modified":"2024-09-20T10:54:47","modified_gmt":"2024-09-20T08:54:47","slug":"mercedes-18","status":"publish","type":"page","link":"https:\/\/www.vdhurk.nl\/de\/citroen-bedrijfswagens\/jumpy\/","title":{"rendered":"Citro\u00ebn Jumpy"},"content":{"rendered":"<section  class='av_textblock_section av-lu8gnh7d-4ac895489941e586c1d7c8cb72318135'  itemscope=\"itemscope\" itemtype=\"https:\/\/schema.org\/CreativeWork\" ><div class='avia_textblock'  itemprop=\"text\" ><h1>Kaufen Sie einen Citro\u00ebn Jumpy bei Gelegenheit?<\/h1>\n<p>Sind Sie auf der Suche nach einem zuverl\u00e4ssigen Nutzfahrzeug? Dann sollten Sie den Citro\u00ebn Jumpy in Betracht ziehen! Dieser vielseitige Transporter bietet zahlreiche Vorteile, die den Bed\u00fcrfnissen eines jeden Unternehmers gerecht werden. Egal, ob Sie viel Laderaum ben\u00f6tigen oder einfach nur eine effiziente M\u00f6glichkeit suchen, um von A nach B zu kommen, der Jumpy hat eine Version, die Ihren gesch\u00e4ftlichen Anforderungen entspricht. Erkunden Sie die verschiedenen Versionen und finden Sie heraus, ob dieses Nutzfahrzeug die ideale Wahl f\u00fcr Ihr Unternehmen ist!<\/p>\n<\/div><\/section>\n\n<style type=\"text\/css\" data-created_by=\"avia_inline_auto\" id=\"style-css-av-lujjddpd-afa3d7a9eabd61123e643ed1228e781e\">\n#top .hr.hr-invisible.av-lujjddpd-afa3d7a9eabd61123e643ed1228e781e{\nheight:50px;\n}\n<\/style>\n<div  class='hr av-lujjddpd-afa3d7a9eabd61123e643ed1228e781e hr-invisible  avia-builder-el-1  el_after_av_textblock  el_before_av_codeblock'><span class='hr-inner'><span class=\"hr-inner-style\"><\/span><\/span><\/div>\n\n\n<style type=\"text\/css\" data-created_by=\"avia_inline_auto\" id=\"style-css-av-ah0xd-63338d9dc6b40410e22a712829c369d6\">\n#top .hr.hr-invisible.av-ah0xd-63338d9dc6b40410e22a712829c369d6{\nheight:50px;\n}\n<\/style>\n<div  class='hr av-ah0xd-63338d9dc6b40410e22a712829c369d6 hr-invisible  avia-builder-el-3  el_after_av_codeblock  el_before_av_textblock'><span class='hr-inner'><span class=\"hr-inner-style\"><\/span><\/span><\/div>\n<section  class='av_textblock_section av-lu8gow1e-300853e458ed741bd87d6cb78e55cc7a'  itemscope=\"itemscope\" itemtype=\"https:\/\/schema.org\/CreativeWork\" ><div class='avia_textblock'  itemprop=\"text\" ><h2>Wof\u00fcr ist der Citro\u00ebn Jumpy bekannt: Was sind seine Vorteile?<\/h2>\n<p>Die <a href=\"https:\/\/www.vdhurk.nl\/de\/citroen-nutzfahrzeuge\/\">Citro\u00ebn Nutzfahrzeuge<\/a> sind bekannt f\u00fcr ihre Vielseitigkeit und Zuverl\u00e4ssigkeit, und der Jumpy ist ein perfektes Beispiel daf\u00fcr. Mit einem praktischen, modernen Innenraum und intelligenten Ablagem\u00f6glichkeiten bietet dieses Fahrzeug alles, was Sie brauchen. Sein hoher Fahrkomfort macht jede Fahrt zu einem Vergn\u00fcgen, egal ob Sie lange Strecken fahren oder oft ein- und aussteigen. Die Citro\u00ebn Jumpy-Modelle sind au\u00dferdem mit praktischen Fahrassistenzsystemen ausgestattet, die f\u00fcr eine sichere Fahrt sorgen. Ob Sie nun Personen transportieren, Pakete ausliefern oder andere Transporte durchf\u00fchren, mit den verschiedenen Versionen gibt es immer einen Jumpy, der zu Ihrer Arbeit passt. Ideal f\u00fcr Unternehmer, die viel unterwegs sind und einen Firmenwagen suchen, der mit den t\u00e4glichen Anforderungen Schritt h\u00e4lt.<\/p>\n<\/div><\/section>\n<div class='flex_column av-f64w1-da126f42b61613402309283c14245a25 av_one_half  avia-builder-el-5  el_after_av_textblock  el_before_av_one_third  first flex_column_div column-top-margin'   ><section  class='av_textblock_section av-lu8gpqre-73cc2c17e6a6497ba6e1b58af22bd9e8'  itemscope=\"itemscope\" itemtype=\"https:\/\/schema.org\/CreativeWork\" ><div class='avia_textblock'  itemprop=\"text\" ><h2>Verschiedene Versionen<\/h2>\n<p>Den Citro\u00ebn Jumpy gibt es in verschiedenen Ausf\u00fchrungen, so dass Sie immer ein Modell finden, das Ihren Anforderungen entspricht. Egal, ob Sie einen Neubau oder ein Nutzfahrzeug mit wenigen Kilometern suchen, die Auswahl ist gro\u00df. Und was das Getriebe angeht: Es gibt sowohl eine manuelle als auch eine automatische Schaltung. Au\u00dferdem k\u00f6nnen Sie sich f\u00fcr eine Doppelkabine, eine offene Ladefl\u00e4che oder eine Farbe entscheiden, die zu Ihrem Stil passt. Kurzum, mit dem Citro\u00ebn Jumpy haben Sie die Wahl zwischen beiden Varianten.<\/p>\n<\/div><\/section><\/div><div class='flex_column av-aldk9-ee694297f5c4032981677a02caab84d6 av_one_third  avia-builder-el-7  el_after_av_one_half  el_before_av_hr  flex_column_div column-top-margin'   ><style type=\"text\/css\" data-created_by=\"avia_inline_auto\" id=\"style-css-av-l1w9kpsf-4ec3fab772ec7a9adaa33cfc64ff0475\">\n.avia-image-container.av-l1w9kpsf-4ec3fab772ec7a9adaa33cfc64ff0475 .av-image-caption-overlay-center{\ncolor:#ffffff;\n}\n<\/style>\n<div  class='avia-image-container av-l1w9kpsf-4ec3fab772ec7a9adaa33cfc64ff0475 av-styling- avia-align-center  avia-builder-el-8  avia-builder-el-no-sibling'  itemprop=\"image\" itemscope=\"itemscope\" itemtype=\"https:\/\/schema.org\/ImageObject\" ><div class=\"avia-image-container-inner\"><div class=\"avia-image-overlay-wrap\"><img decoding=\"async\" class='wp-image-187 avia-img-lazy-loading-not-187 avia_image' src=\"https:\/\/www.vdhurk.nl\/wp-content\/uploads\/2022\/03\/Voorrad.png\" alt='' title='Lagerbestand'  height=\"758\" width=\"1135\"  itemprop=\"thumbnailUrl\" srcset=\"https:\/\/www.vdhurk.nl\/wp-content\/uploads\/2022\/03\/Voorrad.png 1135w, https:\/\/www.vdhurk.nl\/wp-content\/uploads\/2022\/03\/Voorrad-300x200.png 300w, https:\/\/www.vdhurk.nl\/wp-content\/uploads\/2022\/03\/Voorrad-1030x688.png 1030w, https:\/\/www.vdhurk.nl\/wp-content\/uploads\/2022\/03\/Voorrad-768x513.png 768w, https:\/\/www.vdhurk.nl\/wp-content\/uploads\/2022\/03\/Voorrad-18x12.png 18w, https:\/\/www.vdhurk.nl\/wp-content\/uploads\/2022\/03\/Voorrad-705x471.png 705w\" sizes=\"(max-width: 1135px) 100vw, 1135px\" \/><\/div><\/div><\/div><\/div><\/p>\n\n<style type=\"text\/css\" data-created_by=\"avia_inline_auto\" id=\"style-css-av-luqrjpjc-5a23a1fb5f94718ca85316a9df963e2f\">\n#top .hr.hr-invisible.av-luqrjpjc-5a23a1fb5f94718ca85316a9df963e2f{\nheight:50px;\n}\n<\/style>\n<div  class='hr av-luqrjpjc-5a23a1fb5f94718ca85316a9df963e2f hr-invisible  avia-builder-el-9  el_after_av_one_third  el_before_av_textblock'><span class='hr-inner'><span class=\"hr-inner-style\"><\/span><\/span><\/div>\n<section  class='av_textblock_section av-lu8gtjw7-4f3cee9304909518d86d2860d9d582dd'  itemscope=\"itemscope\" itemtype=\"https:\/\/schema.org\/CreativeWork\" ><div class='avia_textblock'  itemprop=\"text\" ><h2>Ist das Leasing eines Citro\u00ebn Jumpy das Richtige f\u00fcr Sie?<\/h2>\n<p>Wussten Sie, dass Sie bei Van den Hurk mehrere Zahlungsm\u00f6glichkeiten haben? Neben der direkten Zahlung f\u00fcr ein Nutzfahrzeug gibt es auch <a href=\"https:\/\/www.vdhurk.nl\/de\/finanzierungsleasing\/\">Finanzierungsleasing<\/a> Option. Dabei zahlen Sie das Fahrzeug monatlich ab, so dass Sie nicht auf einmal eine gro\u00dfe Investition t\u00e4tigen m\u00fcssen. Das Sch\u00f6ne daran ist, dass Sie w\u00e4hrend der Leasingdauer Schritt f\u00fcr Schritt Eigent\u00fcmer des Fahrzeugs werden. So k\u00f6nnen Sie gleich mit Ihrem neuen Firmenwagen losfahren, ohne alles auf einmal bezahlen zu m\u00fcssen. Bequem, nicht wahr?<\/p>\n<h2>Citro\u00ebn Jumpy Preis: An welche Betr\u00e4ge sollten Sie denken?<\/h2>\n<p>Die Preise f\u00fcr unsere Nutzfahrzeuge variieren, und das ist auch sinnvoll. Denn unser Angebot \u00e4ndert sich st\u00e4ndig, und Sie k\u00f6nnen immer aus verschiedenen Versionen w\u00e4hlen. Dadurch variieren auch die Preise. Eine genaue Preisangabe ist daher schwer zu machen. Aber keine Sorge, es gibt immer einen Firmenwagen, der in Ihr Budget passt, egal, welche Version Sie suchen. Ob Sie also eine einfache Version oder ein Modell mit allen Optionen suchen, es gibt f\u00fcr jedes Budget eine passende L\u00f6sung.<\/p>\n<h2>Haben Sie schon von unserem Aktienalarm geh\u00f6rt?<\/h2>\n<p>Bei Van den Hurk haben wir ein st\u00e4ndig wechselndes Angebot an Nutzfahrzeugen. Ist Ihr Wunschfahrzeug gerade nicht dabei? Kein Problem! Vielleicht wird gerade ein Nutzfahrzeug frei, das genau Ihren Anforderungen entspricht. Sie wollen nichts verpassen? Dann melden Sie sich f\u00fcr unseren Bestandsalarm an. Geben Sie Ihre W\u00fcnsche ein und wir informieren Sie, sobald ein passendes Fahrzeug verf\u00fcgbar ist. Gemeinsam finden wir Ihr perfektes Nutzfahrzeug!<\/p>\n<h2><b>Sehen Sie sich die verschiedenen Optionen an<\/b><\/h2>\n<p>Sind Sie \u00fcberzeugt, einen Citro\u00ebn Jumpy aus zweiter Hand zu kaufen? Oder ben\u00f6tigen Sie zus\u00e4tzliche Informationen? Wir sind bereit, alle Ihre Fragen zu beantworten und Ihnen zu helfen, die richtige Wahl zu treffen. Kontaktieren Sie uns f\u00fcr weitere Informationen oder schauen Sie sich unser aktuelles Angebot an, um Ihr ideales Nutzfahrzeug zu finden. Einen Citro\u00ebn Jumpy zu kaufen war noch nie so einfach.<\/p>\n<\/div><\/section>","protected":false},"excerpt":{"rendered":"","protected":false},"author":3,"featured_media":0,"parent":372085,"menu_order":0,"comment_status":"closed","ping_status":"closed","template":"","meta":{"_acf_changed":false,"_improvement_type_select":"improve_an_existing","_thumb_yes_seoaic":false,"_frame_yes_seoaic":false,"seoaic_generate_description":"","seoaic_improve_instructions_prompt":"","seoaic_rollback_content_improvement":"","seoaic_idea_thumbnail_generator":"","thumbnail_generated":false,"thumbnail_generate_prompt":"","seoaic_article_description":"","footnotes":""},"class_list":["post-405902","page","type-page","status-publish","hentry"],"acf":[],"yoast_head":"<!-- This site is optimized with the Yoast SEO plugin v27.5 - https:\/\/yoast.com\/product\/yoast-seo-wordpress\/ -->\n<title>Bekijk de mogelijkheden en vind jouw Citro\u00ebn Jumpy occasion<\/title>\n<meta name=\"description\" content=\"Op zoek naar Citro\u00ebn Jumpy occasion? Bekijk dan het actuele aanbod van Van den Hurk. Samen vinden we jouw perfecte bedrijfswagen.\" \/>\n<meta name=\"robots\" content=\"index, follow, max-snippet:-1, max-image-preview:large, max-video-preview:-1\" \/>\n<link rel=\"canonical\" href=\"https:\/\/www.vdhurk.nl\/de\/citroen-nutzfahrzeuge\/mercedes-18\/\" \/>\n<meta property=\"og:locale\" content=\"de_DE\" \/>\n<meta property=\"og:type\" content=\"article\" \/>\n<meta property=\"og:title\" content=\"Bekijk de mogelijkheden en vind jouw Citro\u00ebn Jumpy occasion\" \/>\n<meta property=\"og:description\" content=\"Op zoek naar Citro\u00ebn Jumpy occasion? Bekijk dan het actuele aanbod van Van den Hurk. Samen vinden we jouw perfecte bedrijfswagen.\" \/>\n<meta property=\"og:url\" content=\"https:\/\/www.vdhurk.nl\/de\/citroen-nutzfahrzeuge\/mercedes-18\/\" \/>\n<meta property=\"og:site_name\" content=\"Van den Hurk Bedrijfswagens\" \/>\n<meta name=\"twitter:card\" content=\"summary_large_image\" \/>\n<meta name=\"twitter:label1\" content=\"Gesch\u00e4tzte Lesezeit\" \/>\n\t<meta name=\"twitter:data1\" content=\"5\u00a0Minuten\" \/>\n<script type=\"application\/ld+json\" class=\"yoast-schema-graph\">{\"@context\":\"https:\\\/\\\/schema.org\",\"@graph\":[{\"@type\":\"WebPage\",\"@id\":\"https:\\\/\\\/www.vdhurk.nl\\\/citroen-bedrijfswagens\\\/jumpy\\\/\",\"url\":\"https:\\\/\\\/www.vdhurk.nl\\\/citroen-bedrijfswagens\\\/jumpy\\\/\",\"name\":\"Bekijk de mogelijkheden en vind jouw Citro\u00ebn Jumpy occasion\",\"isPartOf\":{\"@id\":\"https:\\\/\\\/www.vdhurk.nl\\\/#website\"},\"datePublished\":\"2024-09-20T08:54:47+00:00\",\"description\":\"Op zoek naar Citro\u00ebn Jumpy occasion? Bekijk dan het actuele aanbod van Van den Hurk. Samen vinden we jouw perfecte bedrijfswagen.\",\"breadcrumb\":{\"@id\":\"https:\\\/\\\/www.vdhurk.nl\\\/citroen-bedrijfswagens\\\/jumpy\\\/#breadcrumb\"},\"inLanguage\":\"de\",\"potentialAction\":[{\"@type\":\"ReadAction\",\"target\":[\"https:\\\/\\\/www.vdhurk.nl\\\/citroen-bedrijfswagens\\\/jumpy\\\/\"]}]},{\"@type\":\"BreadcrumbList\",\"@id\":\"https:\\\/\\\/www.vdhurk.nl\\\/citroen-bedrijfswagens\\\/jumpy\\\/#breadcrumb\",\"itemListElement\":[{\"@type\":\"ListItem\",\"position\":1,\"name\":\"Home\",\"item\":\"https:\\\/\\\/www.vdhurk.nl\\\/home\\\/\"},{\"@type\":\"ListItem\",\"position\":2,\"name\":\"Citro\u00ebn Bedrijfswagens\",\"item\":\"https:\\\/\\\/www.vdhurk.nl\\\/citroen-bedrijfswagens\\\/\"},{\"@type\":\"ListItem\",\"position\":3,\"name\":\"Citro\u00ebn Jumpy\"}]},{\"@type\":\"WebSite\",\"@id\":\"https:\\\/\\\/www.vdhurk.nl\\\/#website\",\"url\":\"https:\\\/\\\/www.vdhurk.nl\\\/\",\"name\":\"Van den Hurk Bedrijfswagens\",\"description\":\"Van den Hurk bedrijfswagens Helmond\",\"potentialAction\":[{\"@type\":\"SearchAction\",\"target\":{\"@type\":\"EntryPoint\",\"urlTemplate\":\"https:\\\/\\\/www.vdhurk.nl\\\/?s={search_term_string}\"},\"query-input\":{\"@type\":\"PropertyValueSpecification\",\"valueRequired\":true,\"valueName\":\"search_term_string\"}}],\"inLanguage\":\"de\"}]}<\/script>\n<!-- \/ Yoast SEO plugin. -->","yoast_head_json":{"title":"Sehen Sie sich die Optionen an und finden Sie Ihren Citro\u00ebn Jumpy Gebrauchtwagen","description":"Suchen Sie nach einem Citro\u00ebn Jumpy Gelegenheit? Dann werfen Sie einen Blick auf das aktuelle Angebot von Van den Hurk. Gemeinsam finden wir Ihren perfekten Firmenwagen.","robots":{"index":"index","follow":"follow","max-snippet":"max-snippet:-1","max-image-preview":"max-image-preview:large","max-video-preview":"max-video-preview:-1"},"canonical":"https:\/\/www.vdhurk.nl\/de\/citroen-nutzfahrzeuge\/mercedes-18\/","og_locale":"de_DE","og_type":"article","og_title":"Bekijk de mogelijkheden en vind jouw Citro\u00ebn Jumpy occasion","og_description":"Op zoek naar Citro\u00ebn Jumpy occasion? Bekijk dan het actuele aanbod van Van den Hurk. Samen vinden we jouw perfecte bedrijfswagen.","og_url":"https:\/\/www.vdhurk.nl\/de\/citroen-nutzfahrzeuge\/mercedes-18\/","og_site_name":"Van den Hurk Bedrijfswagens","twitter_card":"summary_large_image","twitter_misc":{"Gesch\u00e4tzte Lesezeit":"5\u00a0Minuten"},"schema":{"@context":"https:\/\/schema.org","@graph":[{"@type":"WebPage","@id":"https:\/\/www.vdhurk.nl\/citroen-bedrijfswagens\/jumpy\/","url":"https:\/\/www.vdhurk.nl\/citroen-bedrijfswagens\/jumpy\/","name":"Sehen Sie sich die Optionen an und finden Sie Ihren Citro\u00ebn Jumpy Gebrauchtwagen","isPartOf":{"@id":"https:\/\/www.vdhurk.nl\/#website"},"datePublished":"2024-09-20T08:54:47+00:00","description":"Suchen Sie nach einem Citro\u00ebn Jumpy Gelegenheit? Dann werfen Sie einen Blick auf das aktuelle Angebot von Van den Hurk. Gemeinsam finden wir Ihren perfekten Firmenwagen.","breadcrumb":{"@id":"https:\/\/www.vdhurk.nl\/citroen-bedrijfswagens\/jumpy\/#breadcrumb"},"inLanguage":"de","potentialAction":[{"@type":"ReadAction","target":["https:\/\/www.vdhurk.nl\/citroen-bedrijfswagens\/jumpy\/"]}]},{"@type":"BreadcrumbList","@id":"https:\/\/www.vdhurk.nl\/citroen-bedrijfswagens\/jumpy\/#breadcrumb","itemListElement":[{"@type":"ListItem","position":1,"name":"Home","item":"https:\/\/www.vdhurk.nl\/home\/"},{"@type":"ListItem","position":2,"name":"Citro\u00ebn Bedrijfswagens","item":"https:\/\/www.vdhurk.nl\/citroen-bedrijfswagens\/"},{"@type":"ListItem","position":3,"name":"Citro\u00ebn Jumpy"}]},{"@type":"WebSite","@id":"https:\/\/www.vdhurk.nl\/#website","url":"https:\/\/www.vdhurk.nl\/","name":"Van den Hurk Nutzfahrzeuge","description":"Van den Hurk Nutzfahrzeuge Helmond","potentialAction":[{"@type":"SearchAction","target":{"@type":"EntryPoint","urlTemplate":"https:\/\/www.vdhurk.nl\/?s={search_term_string}"},"query-input":{"@type":"PropertyValueSpecification","valueRequired":true,"valueName":"search_term_string"}}],"inLanguage":"de"}]}},"_links":{"self":[{"href":"https:\/\/www.vdhurk.nl\/de\/wp-json\/wp\/v2\/pages\/405902","targetHints":{"allow":["GET"]}}],"collection":[{"href":"https:\/\/www.vdhurk.nl\/de\/wp-json\/wp\/v2\/pages"}],"about":[{"href":"https:\/\/www.vdhurk.nl\/de\/wp-json\/wp\/v2\/types\/page"}],"author":[{"embeddable":true,"href":"https:\/\/www.vdhurk.nl\/de\/wp-json\/wp\/v2\/users\/3"}],"replies":[{"embeddable":true,"href":"https:\/\/www.vdhurk.nl\/de\/wp-json\/wp\/v2\/comments?post=405902"}],"version-history":[{"count":1,"href":"https:\/\/www.vdhurk.nl\/de\/wp-json\/wp\/v2\/pages\/405902\/revisions"}],"predecessor-version":[{"id":405920,"href":"https:\/\/www.vdhurk.nl\/de\/wp-json\/wp\/v2\/pages\/405902\/revisions\/405920"}],"up":[{"embeddable":true,"href":"https:\/\/www.vdhurk.nl\/de\/wp-json\/wp\/v2\/pages\/372085"}],"wp:attachment":[{"href":"https:\/\/www.vdhurk.nl\/de\/wp-json\/wp\/v2\/media?parent=405902"}],"curies":[{"name":"wp","href":"https:\/\/api.w.org\/{rel}","templated":true}]}}