{"id":402273,"date":"2024-09-05T10:59:46","date_gmt":"2024-09-05T08:59:46","guid":{"rendered":"https:\/\/www.vdhurk.nl\/?page_id=402273"},"modified":"2024-09-05T10:59:46","modified_gmt":"2024-09-05T08:59:46","slug":"mercedes-23","status":"publish","type":"page","link":"https:\/\/www.vdhurk.nl\/de\/fiat-bedrijfswagens\/fiorino\/","title":{"rendered":"Fiat Fiorino"},"content":{"rendered":"<section  class='av_textblock_section av-lu8gnh7d-4ac895489941e586c1d7c8cb72318135'  itemscope=\"itemscope\" itemtype=\"https:\/\/schema.org\/CreativeWork\" ><div class='avia_textblock'  itemprop=\"text\" ><h1>Finden Sie Ihren Fiat Fiorino<\/h1>\n<p>Der Fiat Fiorino occasion ist ein erschwingliches und vielseitiges Nutzfahrzeug in seiner Klasse. Dieses Modell kombiniert Funktionalit\u00e4t mit Stil und bietet eine zuverl\u00e4ssige L\u00f6sung f\u00fcr eine Vielzahl von Gesch\u00e4ftsanforderungen. Dank seiner kompakten Gr\u00f6\u00dfe bewegt sich dieses Nutzfahrzeug m\u00fchelos durch den Verkehr und parkt problemlos auf engem Raum. Das macht den Fiat Fiorino bei Unternehmen so beliebt.<\/p>\n<\/div><\/section>\n\n<style type=\"text\/css\" data-created_by=\"avia_inline_auto\" id=\"style-css-av-lujjddpd-afa3d7a9eabd61123e643ed1228e781e\">\n#top .hr.hr-invisible.av-lujjddpd-afa3d7a9eabd61123e643ed1228e781e{\nheight:50px;\n}\n<\/style>\n<div  class='hr av-lujjddpd-afa3d7a9eabd61123e643ed1228e781e hr-invisible  avia-builder-el-1  el_after_av_textblock  el_before_av_codeblock'><span class='hr-inner'><span class=\"hr-inner-style\"><\/span><\/span><\/div>\n\n\n<style type=\"text\/css\" data-created_by=\"avia_inline_auto\" id=\"style-css-av-ah0xd-63338d9dc6b40410e22a712829c369d6\">\n#top .hr.hr-invisible.av-ah0xd-63338d9dc6b40410e22a712829c369d6{\nheight:50px;\n}\n<\/style>\n<div  class='hr av-ah0xd-63338d9dc6b40410e22a712829c369d6 hr-invisible  avia-builder-el-3  el_after_av_codeblock  el_before_av_textblock'><span class='hr-inner'><span class=\"hr-inner-style\"><\/span><\/span><\/div>\n<section  class='av_textblock_section av-lu8gow1e-300853e458ed741bd87d6cb78e55cc7a'  itemscope=\"itemscope\" itemtype=\"https:\/\/schema.org\/CreativeWork\" ><div class='avia_textblock'  itemprop=\"text\" ><h2>Vorteile des Fiat Fiorino<\/h2>\n<p>Zu den vielen Vorteilen dieses Nutzfahrzeugs geh\u00f6rt seine ausgezeichnete Man\u00f6vrierf\u00e4higkeit. Dank seiner kompakten Abmessungen ist dieses Nutzfahrzeug ideal f\u00fcr den Stadtverkehr: Es f\u00e4hrt m\u00fchelos durch enge Stra\u00dfen und verkehrsreiche Situationen. Trotz seiner bescheidenen Gr\u00f6\u00dfe bietet der Fiorino eine beeindruckende Nutzlast, so dass der Transport von Waren kein Problem darstellt. Au\u00dferdem sorgen seine kraftstoffsparenden Motoren f\u00fcr niedrige Betriebskosten, was dieses Modell zu einer kosteng\u00fcnstigen Wahl f\u00fcr Unternehmen macht, die ihre Ausgaben minimieren wollen. Er ist bekannt f\u00fcr seine Zuverl\u00e4ssigkeit, <a href=\"https:\/\/www.vdhurk.nl\/de\/fiat-nutzfahrzeuge\/\">Fiat<\/a> sichergestellt, dass der Fiorino f\u00fcr eine langfristige und intensive Nutzung ausgelegt ist. Dar\u00fcber hinaus ist dieses Fahrzeug in verschiedenen Versionen erh\u00e4ltlich und kann leicht an die spezifischen Anforderungen des Unternehmens angepasst werden.<\/p>\n<\/div><\/section>\n<div class='flex_column av-f64w1-da126f42b61613402309283c14245a25 av_one_half  avia-builder-el-5  el_after_av_textblock  el_before_av_one_third  first flex_column_div column-top-margin'   ><section  class='av_textblock_section av-lu8gpqre-73cc2c17e6a6497ba6e1b58af22bd9e8'  itemscope=\"itemscope\" itemtype=\"https:\/\/schema.org\/CreativeWork\" ><div class='avia_textblock'  itemprop=\"text\" ><h2>Spezifikationen<\/h2>\n<p>Der Fiat Fiorino verf\u00fcgt \u00fcber eine Reihe von Eigenschaften, die ihn zu einem beliebten Fahrzeug f\u00fcr Unternehmen und Organisationen machen. Dieses Modell bietet eine beeindruckende Ladekapazit\u00e4t von bis zu 610 Kilogramm, was ideal f\u00fcr den Transport von Waren ist. Der funktionale Innenraum verbindet Benutzerfreundlichkeit mit intelligenten Ablagem\u00f6glichkeiten. Sicherheit steht immer an erster Stelle, daher verf\u00fcgt der Fiorino \u00fcber eine breite Palette an serienm\u00e4\u00dfigen und optionalen Sicherheitsmerkmalen f\u00fcr optimalen Schutz. Dar\u00fcber hinaus stehen moderne Technologien wie ein Infotainment-System und Konnektivit\u00e4tsoptionen zur Verf\u00fcgung, die das Fahrzeug nicht nur praktisch, sondern auch zukunftssicher machen.<\/p>\n<\/div><\/section><\/div><div class='flex_column av-aldk9-ee694297f5c4032981677a02caab84d6 av_one_third  avia-builder-el-7  el_after_av_one_half  el_before_av_hr  flex_column_div column-top-margin'   ><style type=\"text\/css\" data-created_by=\"avia_inline_auto\" id=\"style-css-av-l1w9kpsf-4ec3fab772ec7a9adaa33cfc64ff0475\">\n.avia-image-container.av-l1w9kpsf-4ec3fab772ec7a9adaa33cfc64ff0475 .av-image-caption-overlay-center{\ncolor:#ffffff;\n}\n<\/style>\n<div  class='avia-image-container av-l1w9kpsf-4ec3fab772ec7a9adaa33cfc64ff0475 av-styling- avia-align-center  avia-builder-el-8  avia-builder-el-no-sibling'  itemprop=\"image\" itemscope=\"itemscope\" itemtype=\"https:\/\/schema.org\/ImageObject\" ><div class=\"avia-image-container-inner\"><div class=\"avia-image-overlay-wrap\"><img decoding=\"async\" class='wp-image-187 avia-img-lazy-loading-not-187 avia_image' src=\"https:\/\/www.vdhurk.nl\/wp-content\/uploads\/2022\/03\/Voorrad.png\" alt='' title='Lagerbestand'  height=\"758\" width=\"1135\"  itemprop=\"thumbnailUrl\" srcset=\"https:\/\/www.vdhurk.nl\/wp-content\/uploads\/2022\/03\/Voorrad.png 1135w, https:\/\/www.vdhurk.nl\/wp-content\/uploads\/2022\/03\/Voorrad-300x200.png 300w, https:\/\/www.vdhurk.nl\/wp-content\/uploads\/2022\/03\/Voorrad-1030x688.png 1030w, https:\/\/www.vdhurk.nl\/wp-content\/uploads\/2022\/03\/Voorrad-768x513.png 768w, https:\/\/www.vdhurk.nl\/wp-content\/uploads\/2022\/03\/Voorrad-18x12.png 18w, https:\/\/www.vdhurk.nl\/wp-content\/uploads\/2022\/03\/Voorrad-705x471.png 705w\" sizes=\"(max-width: 1135px) 100vw, 1135px\" \/><\/div><\/div><\/div><\/div><\/p>\n\n<style type=\"text\/css\" data-created_by=\"avia_inline_auto\" id=\"style-css-av-luqrjpjc-5a23a1fb5f94718ca85316a9df963e2f\">\n#top .hr.hr-invisible.av-luqrjpjc-5a23a1fb5f94718ca85316a9df963e2f{\nheight:50px;\n}\n<\/style>\n<div  class='hr av-luqrjpjc-5a23a1fb5f94718ca85316a9df963e2f hr-invisible  avia-builder-el-9  el_after_av_one_third  el_before_av_textblock'><span class='hr-inner'><span class=\"hr-inner-style\"><\/span><\/span><\/div>\n<section  class='av_textblock_section av-lu8gtjw7-4f3cee9304909518d86d2860d9d582dd'  itemscope=\"itemscope\" itemtype=\"https:\/\/schema.org\/CreativeWork\" ><div class='avia_textblock'  itemprop=\"text\" ><h2>Kauf eines Fiat Fiorino: Wie hoch sind die Preise?<\/h2>\n<p>Die Preise variieren, da wir sowohl neue als auch gebrauchte Fiat Fiorino-Modelle in unserem Angebot haben. Nat\u00fcrlich ist der Preis f\u00fcr ein neues Modell h\u00f6her als f\u00fcr ein gebrauchtes. Dar\u00fcber hinaus spielen auch andere Faktoren eine Rolle f\u00fcr den Preis, wie zum Beispiel die Ausf\u00fchrung und der Zustand des Fahrzeugs. Unser Angebot ist variabel, so dass die Preise von der jeweiligen Verf\u00fcgbarkeit abh\u00e4ngen. Auch wenn es schwierig ist, einen genauen Preis zu nennen, k\u00f6nnen Sie in der Regel mit 10.000 bis 15.000 \u20ac f\u00fcr einen Fiat Fiorino aus zweiter Hand rechnen, w\u00e4hrend ein neues Modell bei etwa 20.000 \u20ac beginnt. Schauen Sie also regelm\u00e4\u00dfig in unser Angebot, um das beste Angebot zu finden!<\/p>\n<h2>Leasing eines Fiat Fiorino<\/h2>\n<p>Neben der M\u00f6glichkeit, ein Nutzfahrzeug direkt zu kaufen, k\u00f6nnen Sie sich auch entscheiden f\u00fcr <a href=\"https:\/\/www.vdhurk.nl\/de\/finanzierungsleasing\/\">Finanzierungsleasing<\/a>. Bei dieser Option m\u00fcssen Sie nicht auf einmal eine gro\u00dfe Summe Geld anzahlen. Stattdessen zahlen Sie das Fahrzeug in monatlichen Raten ab und es geht nach und nach in Ihr Eigentum \u00fcber. Das bedeutet, dass Sie jeden Monat einen festen Betrag zahlen, was Ihre Finanzplanung einfacher und flexibler macht. Am Ende des Leasingzeitraums sind Sie der vollst\u00e4ndige Eigent\u00fcmer des Fahrzeugs, ohne dass Sie im Vorfeld eine gro\u00dfe Investition t\u00e4tigen m\u00fcssen.<\/p>\n<h2>Das Angebot ansehen<\/h2>\n<p>M\u00f6chten Sie einen Fiat Fiorino kaufen? Dann schauen Sie sich das aktuelle Angebot von Van den Hurk an. Ist Ihr perfekter Firmenwagen nicht dabei? Kein Problem! Registrieren Sie sich f\u00fcr unser <a href=\"https:\/\/www.vdhurk.nl\/de\/aktienalarm\/\">Aktienalarm<\/a>. Dar\u00fcber hinaus haben Sie jederzeit die M\u00f6glichkeit, mit uns Kontakt aufzunehmen. Wir informieren Sie gerne, damit Sie eine fundierte Entscheidung treffen k\u00f6nnen.<\/p>\n<\/div><\/section>","protected":false},"excerpt":{"rendered":"","protected":false},"author":3,"featured_media":0,"parent":372075,"menu_order":0,"comment_status":"closed","ping_status":"closed","template":"","meta":{"_acf_changed":false,"_improvement_type_select":"improve_an_existing","_thumb_yes_seoaic":false,"_frame_yes_seoaic":false,"seoaic_generate_description":"","seoaic_improve_instructions_prompt":"","seoaic_rollback_content_improvement":"","seoaic_idea_thumbnail_generator":"","thumbnail_generated":false,"thumbnail_generate_prompt":"","seoaic_article_description":"","footnotes":""},"class_list":["post-402273","page","type-page","status-publish","hentry"],"acf":[],"yoast_head":"<!-- This site is optimized with the Yoast SEO plugin v27.3 - https:\/\/yoast.com\/product\/yoast-seo-wordpress\/ -->\n<title>Koop een Fiat Fiorino occasion tegenover scherpe prijzen<\/title>\n<meta name=\"description\" content=\"Vind jouw Fiat Fiorino occasion binnen ons uitgebreide assortiment. Ontdek de voordelen en specificaties van dit model en kies voor service en kwaliteit.\" \/>\n<meta name=\"robots\" content=\"index, follow, max-snippet:-1, max-image-preview:large, max-video-preview:-1\" \/>\n<link rel=\"canonical\" href=\"https:\/\/www.vdhurk.nl\/de\/fiat-nutzfahrzeuge\/mercedes-23\/\" \/>\n<meta property=\"og:locale\" content=\"de_DE\" \/>\n<meta property=\"og:type\" content=\"article\" \/>\n<meta property=\"og:title\" content=\"Koop een Fiat Fiorino occasion tegenover scherpe prijzen\" \/>\n<meta property=\"og:description\" content=\"Vind jouw Fiat Fiorino occasion binnen ons uitgebreide assortiment. Ontdek de voordelen en specificaties van dit model en kies voor service en kwaliteit.\" \/>\n<meta property=\"og:url\" content=\"https:\/\/www.vdhurk.nl\/de\/fiat-nutzfahrzeuge\/mercedes-23\/\" \/>\n<meta property=\"og:site_name\" content=\"Van den Hurk Bedrijfswagens\" \/>\n<meta name=\"twitter:card\" content=\"summary_large_image\" \/>\n<meta name=\"twitter:label1\" content=\"Gesch\u00e4tzte Lesezeit\" \/>\n\t<meta name=\"twitter:data1\" content=\"5\u00a0Minuten\" \/>\n<script type=\"application\/ld+json\" class=\"yoast-schema-graph\">{\"@context\":\"https:\\\/\\\/schema.org\",\"@graph\":[{\"@type\":\"WebPage\",\"@id\":\"https:\\\/\\\/www.vdhurk.nl\\\/fiat-bedrijfswagens\\\/fiorino\\\/\",\"url\":\"https:\\\/\\\/www.vdhurk.nl\\\/fiat-bedrijfswagens\\\/fiorino\\\/\",\"name\":\"Koop een Fiat Fiorino occasion tegenover scherpe prijzen\",\"isPartOf\":{\"@id\":\"https:\\\/\\\/www.vdhurk.nl\\\/#website\"},\"datePublished\":\"2024-09-05T08:59:46+00:00\",\"description\":\"Vind jouw Fiat Fiorino occasion binnen ons uitgebreide assortiment. Ontdek de voordelen en specificaties van dit model en kies voor service en kwaliteit.\",\"breadcrumb\":{\"@id\":\"https:\\\/\\\/www.vdhurk.nl\\\/fiat-bedrijfswagens\\\/fiorino\\\/#breadcrumb\"},\"inLanguage\":\"de\",\"potentialAction\":[{\"@type\":\"ReadAction\",\"target\":[\"https:\\\/\\\/www.vdhurk.nl\\\/fiat-bedrijfswagens\\\/fiorino\\\/\"]}]},{\"@type\":\"BreadcrumbList\",\"@id\":\"https:\\\/\\\/www.vdhurk.nl\\\/fiat-bedrijfswagens\\\/fiorino\\\/#breadcrumb\",\"itemListElement\":[{\"@type\":\"ListItem\",\"position\":1,\"name\":\"Home\",\"item\":\"https:\\\/\\\/www.vdhurk.nl\\\/home\\\/\"},{\"@type\":\"ListItem\",\"position\":2,\"name\":\"Fiat Bedrijfswagens\",\"item\":\"https:\\\/\\\/www.vdhurk.nl\\\/fiat-bedrijfswagens\\\/\"},{\"@type\":\"ListItem\",\"position\":3,\"name\":\"Fiat Fiorino\"}]},{\"@type\":\"WebSite\",\"@id\":\"https:\\\/\\\/www.vdhurk.nl\\\/#website\",\"url\":\"https:\\\/\\\/www.vdhurk.nl\\\/\",\"name\":\"Van den Hurk Bedrijfswagens\",\"description\":\"Van den Hurk bedrijfswagens Helmond\",\"potentialAction\":[{\"@type\":\"SearchAction\",\"target\":{\"@type\":\"EntryPoint\",\"urlTemplate\":\"https:\\\/\\\/www.vdhurk.nl\\\/?s={search_term_string}\"},\"query-input\":{\"@type\":\"PropertyValueSpecification\",\"valueRequired\":true,\"valueName\":\"search_term_string\"}}],\"inLanguage\":\"de\"}]}<\/script>\n<!-- \/ Yoast SEO plugin. -->","yoast_head_json":{"title":"Kaufen Sie einen Fiat Fiorino Gelegenheit zu wettbewerbsf\u00e4higen Preisen","description":"Finden Sie Ihren Fiat Fiorino Gelegenheit in unserem umfangreichen Angebot. Entdecken Sie die Vorteile und Spezifikationen dieses Modells und w\u00e4hlen Sie Service und Qualit\u00e4t.","robots":{"index":"index","follow":"follow","max-snippet":"max-snippet:-1","max-image-preview":"max-image-preview:large","max-video-preview":"max-video-preview:-1"},"canonical":"https:\/\/www.vdhurk.nl\/de\/fiat-nutzfahrzeuge\/mercedes-23\/","og_locale":"de_DE","og_type":"article","og_title":"Koop een Fiat Fiorino occasion tegenover scherpe prijzen","og_description":"Vind jouw Fiat Fiorino occasion binnen ons uitgebreide assortiment. Ontdek de voordelen en specificaties van dit model en kies voor service en kwaliteit.","og_url":"https:\/\/www.vdhurk.nl\/de\/fiat-nutzfahrzeuge\/mercedes-23\/","og_site_name":"Van den Hurk Bedrijfswagens","twitter_card":"summary_large_image","twitter_misc":{"Gesch\u00e4tzte Lesezeit":"5\u00a0Minuten"},"schema":{"@context":"https:\/\/schema.org","@graph":[{"@type":"WebPage","@id":"https:\/\/www.vdhurk.nl\/fiat-bedrijfswagens\/fiorino\/","url":"https:\/\/www.vdhurk.nl\/fiat-bedrijfswagens\/fiorino\/","name":"Kaufen Sie einen Fiat Fiorino Gelegenheit zu wettbewerbsf\u00e4higen Preisen","isPartOf":{"@id":"https:\/\/www.vdhurk.nl\/#website"},"datePublished":"2024-09-05T08:59:46+00:00","description":"Finden Sie Ihren Fiat Fiorino Gelegenheit in unserem umfangreichen Angebot. Entdecken Sie die Vorteile und Spezifikationen dieses Modells und w\u00e4hlen Sie Service und Qualit\u00e4t.","breadcrumb":{"@id":"https:\/\/www.vdhurk.nl\/fiat-bedrijfswagens\/fiorino\/#breadcrumb"},"inLanguage":"de","potentialAction":[{"@type":"ReadAction","target":["https:\/\/www.vdhurk.nl\/fiat-bedrijfswagens\/fiorino\/"]}]},{"@type":"BreadcrumbList","@id":"https:\/\/www.vdhurk.nl\/fiat-bedrijfswagens\/fiorino\/#breadcrumb","itemListElement":[{"@type":"ListItem","position":1,"name":"Home","item":"https:\/\/www.vdhurk.nl\/home\/"},{"@type":"ListItem","position":2,"name":"Fiat Bedrijfswagens","item":"https:\/\/www.vdhurk.nl\/fiat-bedrijfswagens\/"},{"@type":"ListItem","position":3,"name":"Fiat Fiorino"}]},{"@type":"WebSite","@id":"https:\/\/www.vdhurk.nl\/#website","url":"https:\/\/www.vdhurk.nl\/","name":"Van den Hurk Nutzfahrzeuge","description":"Van den Hurk Nutzfahrzeuge Helmond","potentialAction":[{"@type":"SearchAction","target":{"@type":"EntryPoint","urlTemplate":"https:\/\/www.vdhurk.nl\/?s={search_term_string}"},"query-input":{"@type":"PropertyValueSpecification","valueRequired":true,"valueName":"search_term_string"}}],"inLanguage":"de"}]}},"_links":{"self":[{"href":"https:\/\/www.vdhurk.nl\/de\/wp-json\/wp\/v2\/pages\/402273","targetHints":{"allow":["GET"]}}],"collection":[{"href":"https:\/\/www.vdhurk.nl\/de\/wp-json\/wp\/v2\/pages"}],"about":[{"href":"https:\/\/www.vdhurk.nl\/de\/wp-json\/wp\/v2\/types\/page"}],"author":[{"embeddable":true,"href":"https:\/\/www.vdhurk.nl\/de\/wp-json\/wp\/v2\/users\/3"}],"replies":[{"embeddable":true,"href":"https:\/\/www.vdhurk.nl\/de\/wp-json\/wp\/v2\/comments?post=402273"}],"version-history":[{"count":1,"href":"https:\/\/www.vdhurk.nl\/de\/wp-json\/wp\/v2\/pages\/402273\/revisions"}],"predecessor-version":[{"id":402274,"href":"https:\/\/www.vdhurk.nl\/de\/wp-json\/wp\/v2\/pages\/402273\/revisions\/402274"}],"up":[{"embeddable":true,"href":"https:\/\/www.vdhurk.nl\/de\/wp-json\/wp\/v2\/pages\/372075"}],"wp:attachment":[{"href":"https:\/\/www.vdhurk.nl\/de\/wp-json\/wp\/v2\/media?parent=402273"}],"curies":[{"name":"wp","href":"https:\/\/api.w.org\/{rel}","templated":true}]}}